{"id":504023,"date":"2021-08-20T11:01:07","date_gmt":"2021-08-20T11:01:07","guid":{"rendered":"https:\/\/www.capgemini.com\/?page_id=615207"},"modified":"2026-02-03T10:50:35","modified_gmt":"2026-02-03T10:50:35","slug":"board-committees","status":"publish","type":"page","link":"https:\/\/www.capgemini.com\/ch-en\/about-us\/management-and-governance\/board-of-directors\/board-committees\/","title":{"rendered":"Board committees"},"content":{"rendered":"\n<div class=\"wp-block-cg-blocks-hero-picture-card undefined  heroPictureCard\"><div class=\"heroPictureCardBgs\"><picture><source srcset=\"https:\/\/www.capgemini.com\/wp-content\/uploads\/2021\/10\/Capgemini_Board-Committees-e1633600051606.jpg?w=2880&amp;quality=70 1x, https:\/\/www.capgemini.com\/wp-content\/uploads\/2021\/10\/Capgemini_Board-Committees-e1633600051606.jpg?w=2880&amp;quality=70 2x\" media=\"(min-width: 1500px)\"\/><source srcset=\"https:\/\/www.capgemini.com\/wp-content\/uploads\/2021\/10\/Capgemini_Board-Committees-e1633600051606.jpg?w=1440&amp;quality=70 1x, https:\/\/www.capgemini.com\/wp-content\/uploads\/2021\/10\/Capgemini_Board-Committees-e1633600051606.jpg?w=2880&amp;quality=70 2x\" media=\"(min-width: 992px)\"\/><source srcset=\"https:\/\/www.capgemini.com\/wp-content\/uploads\/2021\/10\/Capgemini_Board-Committees-e1633600051606.jpg?w=1024&amp;quality=70 1x, https:\/\/www.capgemini.com\/wp-content\/uploads\/2021\/10\/Capgemini_Board-Committees-e1633600051606.jpg?w=1024&amp;quality=70 2x\" media=\"(min-width: 768px)\"\/><source srcset=\"https:\/\/www.capgemini.com\/wp-content\/uploads\/2021\/10\/Capgemini_Board-Committees-e1633600051606.jpg?w=768&amp;quality=70 1x, https:\/\/www.capgemini.com\/wp-content\/uploads\/2021\/10\/Capgemini_Board-Committees-e1633600051606.jpg?w=768&amp;quality=70 2x\" media=\"(min-width: 0)\"\/><img decoding=\"async\" src=\"https:\/\/www.capgemini.com\/wp-content\/uploads\/2021\/10\/Capgemini_Board-Committees-e1633600051606.jpg\" class=\"desktopImage\" alt=\"\" style=\"object-fit:cover;object-position:50% 50%\" loading=\"eager\"\/><\/picture><picture><source srcset=\"https:\/\/www.capgemini.com\/wp-content\/uploads\/2021\/10\/Capgemini_Board-Committees-e1633600051606.jpg?w=2880&amp;quality=70 1x, https:\/\/www.capgemini.com\/wp-content\/uploads\/2021\/10\/Capgemini_Board-Committees-e1633600051606.jpg?w=2880&amp;quality=70 2x\" media=\"(min-width: 1500px)\"\/><source srcset=\"https:\/\/www.capgemini.com\/wp-content\/uploads\/2021\/10\/Capgemini_Board-Committees-e1633600051606.jpg?w=1440&amp;quality=70 1x, https:\/\/www.capgemini.com\/wp-content\/uploads\/2021\/10\/Capgemini_Board-Committees-e1633600051606.jpg?w=2880&amp;quality=70 2x\" media=\"(min-width: 992px)\"\/><source srcset=\"https:\/\/www.capgemini.com\/wp-content\/uploads\/2021\/10\/Capgemini_Board-Committees-e1633600051606.jpg?w=1024&amp;quality=70 1x, https:\/\/www.capgemini.com\/wp-content\/uploads\/2021\/10\/Capgemini_Board-Committees-e1633600051606.jpg?w=1024&amp;quality=70 2x\" media=\"(min-width: 768px)\"\/><source srcset=\"https:\/\/www.capgemini.com\/wp-content\/uploads\/2021\/10\/Capgemini_Board-Committees-e1633600051606.jpg?w=768&amp;quality=70 1x, https:\/\/www.capgemini.com\/wp-content\/uploads\/2021\/10\/Capgemini_Board-Committees-e1633600051606.jpg?w=768&amp;quality=70 2x\" media=\"(min-width: 0)\"\/><img decoding=\"async\" src=\"https:\/\/www.capgemini.com\/wp-content\/uploads\/2021\/10\/Capgemini_Board-Committees-e1633600051606.jpg\" class=\"mobileImage\" alt=\"\" style=\"object-fit:cover;object-position:50% 50%\" loading=\"eager\"\/><\/picture><\/div><div class=\"heroPictureCardHeaderShape\"><\/div><div class=\"container\"><div class=\"row\"><div class=\"col-md-8 col-lg-6\"><div class=\"heroPictureCardBox\"><div class=\"heroPictureCardBoxTitle\"><h1 data-maxlength=\"144\">Board committees<\/h1><\/div><\/div><\/div><\/div><\/div><div class=\"small-device\"><div class=\"brandLogoWrapper\"> <\/div><\/div><\/div>\n\n\n\n<section class=\"wp-block-cg-blocks-intro-para undefined section section--intro\"><div class=\"intro-para\"><div class=\"container\"><div class=\"row\"><div class=\"col-12 col-md-1\"><nav class=\"article-social\"><ul class=\"social-nav\"><li class=\"ip-order-fb\"><a href=\"https:\/\/www.facebook.com\/sharer\/sharer.php?u=https:\/\/www.capgemini.com\/ch-en\/about-us\/management-and-governance\/board-of-directors\/board-committees\/\" target=\"_blank\" rel=\"noopener noreferrer\" title=\"opens in a new window\"><i aria-hidden=\"true\" class=\"icon-fb\"><\/i><span class=\"sr-only\">Facebook<\/span><\/a><\/li><li class=\"ip-order-li\"><a href=\"https:\/\/www.linkedin.com\/sharing\/share-offsite\/?url=https:\/\/www.capgemini.com\/ch-en\/about-us\/management-and-governance\/board-of-directors\/board-committees\/\" target=\"_blank\" rel=\"noopener noreferrer\" title=\"opens in a new window\"><i aria-hidden=\"true\" class=\"icon-li\"><\/i><span class=\"sr-only\">Linkedin<\/span><\/a><\/li><\/ul><\/nav><\/div><div class=\"col-12 col-md-11 col-lg-10\"><h2 class=\"intro-para-title\">Four committees support the Board of Directors: The Audit and Risk Committee, the Compensation Committee, the Ethics and Governance Committee, and the Strategy and CSR Committee.<\/h2><\/div><\/div><\/div><\/div><\/section>\n\n\n\n<section class=\"wp-block-cg-blocks-wrapper-card-board-committees boardCommitteesBlock\"><div class=\"container\"><div class=\"boxes\">\n<div class=\"wp-block-cg-blocks-card-text-board-committees box\"><div class=\"box-title\"><h3>Audit and Risk Committee*<\/h3><\/div><div class=\"row row-header\"><div class=\"col-md-4 col-lg-3\"><h4 class=\"box-label a-css\">Chair:<a href=\"#\" class=\"a-css\" target=\"\" rel=\"noopener noreferrer\" title=\"Opens in a new window\"><a href=\"https:\/\/www.capgemini.com\/ch-en\/about-us\/management-and-governance\/board-of-directors\/xavier-musca\/\">Xavier Musca<\/a><\/a><\/h4><div class=\"memberInfoWrapper\"><img decoding=\"async\" src=\"https:\/\/www.capgemini.com\/wp-content\/uploads\/2020\/12\/boardcom-1.png?w=500&amp;quality=70\" srcset=\"https:\/\/www.capgemini.com\/wp-content\/uploads\/2020\/12\/boardcom-1.png?w=500&amp;quality=70 1x, https:\/\/www.capgemini.com\/wp-content\/uploads\/2020\/12\/boardcom-1.png?w=1000&amp;quality=70 2x\" class=\"box-img\" alt=\"\" style=\"object-fit:cover;object-position:50% 50%\" loading=\"lazy\"\/><\/div><\/div><div class=\"col-md-3\"><div class=\"meetingBox\"><h4 class=\"box-label\">Meetings: <span class=\"StrongText\">7 in 2024<\/span><\/h4><\/div><div class=\"attendanceBox\"><h4 class=\"box-label\">Average attendance rate: <span class=\"StrongText\">100%<\/span><\/h4><\/div><\/div><div class=\"col-md-5 col-lg-6 downloadBox\"><div><h4 class=\"box-label\">Download: <span class=\"StrongText\"><strong>Charter of the Audit &amp; Risk Committee<\/strong><\/span><\/h4><\/div><div class=\"downloadbtn\"><a class=\"link-download\" href=\"https:\/\/www.capgemini.com\/wp-content\/uploads\/2024\/09\/Charter-Audit-Risk-Committee_CGSE_2024.07.25.pdf\" type=\"download\" title=\"opens in a new window\"><span> Download Charter <\/span><span>178 KB application\/pdf<\/span><\/a><\/div><\/div><\/div><div class=\"row-links\"><h4 class=\"box-label\">Members: <span class=\"StrongText\"><a href=\"https:\/\/www.capgemini.com\/ch-en\/about-us\/management-and-governance\/board-of-directors\/ulrica-fearn\/\">Ulrica Fearn<\/a>,\u00a0<a href=\"https:\/\/www.capgemini.com\/ch-en\/about-us\/management-and-governance\/board-of-directors\/maria-ferraro\/\">Maria Ferraro<\/a>,\u00a0<a href=\"https:\/\/www.capgemini.com\/ch-en\/about-us\/management-and-governance\/board-of-directors\/sian-herbert-jones\/\">Si\u00e2n Herbert-Jones<\/a><\/span> <\/h4><\/div><\/div>\n\n\n\n<div class=\"wp-block-cg-blocks-card-text-board-committees box\"><div class=\"box-title\"><h3>Compensation Committee*<\/h3><\/div><div class=\"row row-header\"><div class=\"col-md-4 col-lg-3\"><h4 class=\"box-label a-css\">Chair:<a href=\"https:\/\/www.capgemini.com\/ch-en\/about-us\/management-and-governance\/board-of-directors\/patrick-pouyanne\/\">Patrick Pouyann\u00e9<\/a><\/h4><div class=\"memberInfoWrapper\"><img decoding=\"async\" src=\"https:\/\/www.capgemini.com\/wp-content\/uploads\/2021\/03\/patrick.jpg?w=500&amp;quality=70\" srcset=\"https:\/\/www.capgemini.com\/wp-content\/uploads\/2021\/03\/patrick.jpg?w=500&amp;quality=70 1x, https:\/\/www.capgemini.com\/wp-content\/uploads\/2021\/03\/patrick.jpg?w=1000&amp;quality=70 2x\" class=\"box-img\" alt=\"\" style=\"object-fit:cover;object-position:50% 50%\" loading=\"lazy\"\/><\/div><\/div><div class=\"col-md-3\"><div class=\"meetingBox\"><h4 class=\"box-label\">Meetings: <span class=\"StrongText\">3 in 2024<\/span><\/h4><\/div><div class=\"attendanceBox\"><h4 class=\"box-label\">Average attendance rate: <span class=\"StrongText\">87%<\/span><\/h4><\/div><\/div><div class=\"col-md-5 col-lg-6 downloadBox\"><div><h4 class=\"box-label\">Download: <span class=\"StrongText\"><strong>Charter of the Compensation Committee<\/strong><\/span><\/h4><\/div><div class=\"downloadbtn\"><a class=\"link-download\" href=\"https:\/\/www.capgemini.com\/wp-content\/uploads\/2021\/03\/Charter-of-the-Compensation-Committee_CGSE_02.12.2020.pdf\" type=\"download\" title=\"opens in a new window\"><span> Download Charter <\/span><span>140 KB application\/pdf<\/span><\/a><\/div><\/div><\/div><div class=\"row-links\"><h4 class=\"box-label\">Members: <span class=\"StrongText\"><a href=\"https:\/\/www.capgemini.com\/ch-en\/about-us\/management-and-governance\/board-of-directors\/pierre-goulaieff\/\">Pierre Goulaieff<\/a>, Christophe Merveilleux du Vignaux,\u00a0<a href=\"https:\/\/www.capgemini.com\/ch-en\/about-us\/management-and-governance\/board-of-directors\/belen-moscoso-del-prado\/\">Belen Moscoso del Prado<\/a>,\u00a0<a href=\"https:\/\/www.capgemini.com\/ch-en\/about-us\/management-and-governance\/board-of-directors\/kurt-sievers\/\">Kurt Sievers<\/a><\/span> <\/h4><\/div><\/div>\n\n\n\n<div class=\"wp-block-cg-blocks-card-text-board-committees box\"><div class=\"box-title\"><h3>Ethics and Governance Committee*<\/h3><\/div><div class=\"row row-header\"><div class=\"col-md-4 col-lg-3\"><h4 class=\"box-label a-css\">Chair:<a href=\"https:\/\/www.capgemini.com\/ch-en\/about-us\/management-and-governance\/board-of-directors\/frederic-oudea\/\">Fr\u00e9d\u00e9ric Oud\u00e9a<\/a><\/h4><div class=\"memberInfoWrapper\"><img decoding=\"async\" src=\"https:\/\/www.capgemini.com\/wp-content\/uploads\/2021\/03\/frederic.png?w=500&amp;quality=70\" srcset=\"https:\/\/www.capgemini.com\/wp-content\/uploads\/2021\/03\/frederic.png?w=500&amp;quality=70 1x, https:\/\/www.capgemini.com\/wp-content\/uploads\/2021\/03\/frederic.png?w=1000&amp;quality=70 2x\" class=\"box-img\" alt=\"\" style=\"object-fit:cover;object-position:50% 50%\" loading=\"lazy\"\/><\/div><\/div><div class=\"col-md-3\"><div class=\"meetingBox\"><h4 class=\"box-label\">Meetings: <span class=\"StrongText\">5 in 2024<\/span><\/h4><\/div><div class=\"attendanceBox\"><h4 class=\"box-label\">Average attendance rate: <span class=\"StrongText\">100%<\/span><\/h4><\/div><\/div><div class=\"col-md-5 col-lg-6 downloadBox\"><div><h4 class=\"box-label\">Download: <span class=\"StrongText\"><strong>Charter of the Ethics and Governance Committee<\/strong><\/span><\/h4><\/div><div class=\"downloadbtn\"><a class=\"link-download\" href=\"https:\/\/www.capgemini.com\/ch-en\/wp-content\/uploads\/sites\/44\/2024\/11\/Charter-Ethics-and-Governance-Committee.pdf\" type=\"download\" title=\"opens in a new window\"><span> Download Charter <\/span><span>167 KB application\/pdf<\/span><\/a><\/div><\/div><\/div><div class=\"row-links\"><h4 class=\"box-label\">Members: <span class=\"StrongText\"><a href=\"https:\/\/www.capgemini.com\/ch-en\/about-us\/management-and-governance\/board-of-directors\/sian-herbert-jones\/\">Si\u00e2n Herbert-Jones<\/a>,\u00a0<a href=\"https:\/\/www.capgemini.com\/ch-en\/about-us\/management-and-governance\/board-of-directors\/xavier-musca\/\">Xavier Musca<\/a>,\u00a0<a href=\"https:\/\/www.capgemini.com\/ch-en\/about-us\/management-and-governance\/board-of-directors\/patrick-pouyanne\/\">Patrick Pouyann\u00e9<\/a><\/span> <\/h4><\/div><\/div>\n\n\n\n<div class=\"wp-block-cg-blocks-card-text-board-committees box\"><div class=\"box-title\"><h3>Strategy and CSR Committee*<\/h3><\/div><div class=\"row row-header\"><div class=\"col-md-4 col-lg-3\"><h4 class=\"box-label a-css\">Chair:<a href=\"https:\/\/www.capgemini.com\/ch-en\/about-us\/management-and-governance\/board-of-directors\/paul-hermelin\/\">Paul Hermelin<\/a><\/h4><div class=\"memberInfoWrapper\"><img decoding=\"async\" src=\"https:\/\/www.capgemini.com\/wp-content\/uploads\/2020\/12\/boardcom-4.png?w=500&amp;quality=70\" srcset=\"https:\/\/www.capgemini.com\/wp-content\/uploads\/2020\/12\/boardcom-4.png?w=500&amp;quality=70 1x, https:\/\/www.capgemini.com\/wp-content\/uploads\/2020\/12\/boardcom-4.png?w=1000&amp;quality=70 2x\" class=\"box-img\" alt=\"\" style=\"object-fit:cover;object-position:50% 50%\" loading=\"lazy\"\/><\/div><\/div><div class=\"col-md-3\"><div class=\"meetingBox\"><h4 class=\"box-label\">Meetings: <span class=\"StrongText\">6 in 2024<\/span><\/h4><\/div><div class=\"attendanceBox\"><h4 class=\"box-label\">Average attendance rate: <span class=\"StrongText\">83%<\/span><\/h4><\/div><\/div><div class=\"col-md-5 col-lg-6 downloadBox\"><div><h4 class=\"box-label\">Download: <span class=\"StrongText\"><strong>Charter of the Strategy and CSR Committee<\/strong><\/span><\/h4><\/div><div class=\"downloadbtn\"><a class=\"link-download\" href=\"https:\/\/www.capgemini.com\/wp-content\/uploads\/2021\/03\/Charter-Strategy-CSR_CGSE_20.03.2019.pdf\" type=\"download\" title=\"opens in a new window\"><span> Download Charter <\/span><span>68 KB application\/pdf<\/span><\/a><\/div><\/div><\/div><div class=\"row-links\"><h4 class=\"box-label\">Members: <span class=\"StrongText\">Jean-Marc Ch\u00e9ry,\u00a0<a href=\"https:\/\/www.capgemini.com\/ch-en\/about-us\/management-and-governance\/board-of-directors\/aiman-ezzat\/\">Aiman Ezzat<\/a>,\u00a0<a href=\"https:\/\/www.capgemini.com\/ch-en\/about-us\/management-and-governance\/board-of-directors\/herve-jeannin\/\">Herv\u00e9 Jeannin<\/a>,\u00a0<a href=\"https:\/\/www.capgemini.com\/ch-en\/about-us\/management-and-governance\/board-of-directors\/kurt-sievers\/\">Kurt Sievers<\/a><\/span> <\/h4><\/div><\/div>\n<\/div><\/div><\/section>\n\n\n\n<section class=\"wp-block-cg-blocks-intro-para undefined section section--intro\"><div class=\"intro-para\"><div class=\"container\"><div class=\"row\"><div class=\"col-12 col-md-11 col-lg-10\"><p class=\"intro-para-content-withoutTitle\"><em><strong><em><strong><em><strong>* Committees composition as of December 31, 20<\/strong><\/em><strong><em>25<\/em><\/strong><\/strong><\/em><\/strong><\/em><\/p><\/div><\/div><\/div><\/div><\/section>\n\n\n\n<p><\/p>\n","protected":false},"excerpt":{"rendered":"","protected":false},"author":121,"featured_media":526136,"parent":504012,"menu_order":0,"comment_status":"closed","ping_status":"closed","template":"","meta":{"cg_dt_proposed_to":[],"cg_seo_hreflang_relations":"[]","cg_seo_canonical_relation":"","cg_seo_hreflang_x_default_relation":"{\"uuid\":\"8bf08e36-1d14-4c7f-b013-6e4928dae92c\",\"blogId\":\"\",\"domain\":\"\",\"sitePath\":\"\",\"postLink\":\"\",\"postId\":null,\"isSaved\":true,\"isCrossLink\":false,\"hasCrossLink\":false}","cg_dt_approved_content":true,"cg_dt_mandatory_content":false,"cg_dt_notes":"","cg_dg_source_changed":false,"cg_dt_link_disabled":false,"_yoast_wpseo_primary_brand":"","footnotes":"","featured_focal_points":"","partner_card_description":"","gsap_animation":0},"brand":[],"partner_type":[],"service":[],"industry":[],"partners":[],"page-type":[],"content-group":[],"class_list":["post-504023","page","type-page","status-publish","has-post-thumbnail","hentry","ep_custom_result-aiman","ep_custom_result-paul"],"brand_term":[],"parsely":{"version":"1.1.0","canonical_url":"https:\/\/capgemini.com\/ch-en\/about-us\/management-and-governance\/board-of-directors\/board-committees\/","smart_links":{"inbound":0,"outbound":0},"traffic_boost_suggestions_count":0,"meta":{"@context":"https:\/\/schema.org","@type":"WebPage","headline":"Board committees","url":"https:\/\/www.capgemini.com\/ch-en\/about-us\/management-and-governance\/board-of-directors\/board-committees\/","mainEntityOfPage":{"@type":"WebPage","@id":"https:\/\/www.capgemini.com\/ch-en\/about-us\/management-and-governance\/board-of-directors\/board-committees\/"},"thumbnailUrl":"https:\/\/www.capgemini.com\/ch-en\/wp-content\/uploads\/sites\/44\/2023\/08\/Capgemini_Board-Committees.jpg?w=150&h=150&crop=1","image":{"@type":"ImageObject","url":"https:\/\/www.capgemini.com\/ch-en\/wp-content\/uploads\/sites\/44\/2023\/08\/Capgemini_Board-Committees.jpg"},"articleSection":"Uncategorized","author":[],"creator":[],"publisher":{"@type":"Organization","name":"Capgemini Switzerland","logo":""},"keywords":[],"dateCreated":"2021-08-20T11:01:07Z","datePublished":"2021-08-20T11:01:07Z","dateModified":"2026-02-03T10:50:35Z"},"rendered":"<meta name=\"parsely-title\" content=\"Board committees\" \/>\n<meta name=\"parsely-link\" content=\"https:\/\/www.capgemini.com\/ch-en\/about-us\/management-and-governance\/board-of-directors\/board-committees\/\" \/>\n<meta name=\"parsely-type\" content=\"index\" \/>\n<meta name=\"parsely-image-url\" content=\"https:\/\/www.capgemini.com\/ch-en\/wp-content\/uploads\/sites\/44\/2023\/08\/Capgemini_Board-Committees.jpg?w=150&amp;h=150&amp;crop=1\" \/>\n<meta name=\"parsely-pub-date\" content=\"2021-08-20T11:01:07Z\" \/>\n<meta name=\"parsely-section\" content=\"Uncategorized\" \/>","tracker_url":"https:\/\/cdn.parsely.com\/keys\/capgemini.com\/p.js"},"archive_status":false,"featured_image_src":"https:\/\/www.capgemini.com\/ch-en\/wp-content\/uploads\/sites\/44\/2023\/08\/Capgemini_Board-Committees.jpg","featured_image_alt":"Capgemini_Board-Committees","jetpack_sharing_enabled":true,"distributor_meta":false,"distributor_terms":false,"distributor_media":false,"distributor_original_site_name":"Capgemini Switzerland","distributor_original_site_url":"https:\/\/www.capgemini.com\/ch-en","push-errors":false,"_links":{"self":[{"href":"https:\/\/www.capgemini.com\/ch-en\/wp-json\/wp\/v2\/pages\/504023","targetHints":{"allow":["GET"]}}],"collection":[{"href":"https:\/\/www.capgemini.com\/ch-en\/wp-json\/wp\/v2\/pages"}],"about":[{"href":"https:\/\/www.capgemini.com\/ch-en\/wp-json\/wp\/v2\/types\/page"}],"author":[{"embeddable":true,"href":"https:\/\/www.capgemini.com\/ch-en\/wp-json\/wp\/v2\/users\/121"}],"replies":[{"embeddable":true,"href":"https:\/\/www.capgemini.com\/ch-en\/wp-json\/wp\/v2\/comments?post=504023"}],"version-history":[{"count":19,"href":"https:\/\/www.capgemini.com\/ch-en\/wp-json\/wp\/v2\/pages\/504023\/revisions"}],"predecessor-version":[{"id":557064,"href":"https:\/\/www.capgemini.com\/ch-en\/wp-json\/wp\/v2\/pages\/504023\/revisions\/557064"}],"up":[{"embeddable":true,"href":"https:\/\/www.capgemini.com\/ch-en\/wp-json\/wp\/v2\/pages\/504012"}],"wp:featuredmedia":[{"embeddable":true,"href":"https:\/\/www.capgemini.com\/ch-en\/wp-json\/wp\/v2\/media\/526136"}],"wp:attachment":[{"href":"https:\/\/www.capgemini.com\/ch-en\/wp-json\/wp\/v2\/media?parent=504023"}],"wp:term":[{"taxonomy":"brand","embeddable":true,"href":"https:\/\/www.capgemini.com\/ch-en\/wp-json\/wp\/v2\/brand?post=504023"},{"taxonomy":"partner_type","embeddable":true,"href":"https:\/\/www.capgemini.com\/ch-en\/wp-json\/wp\/v2\/partner_type?post=504023"},{"taxonomy":"service","embeddable":true,"href":"https:\/\/www.capgemini.com\/ch-en\/wp-json\/wp\/v2\/service?post=504023"},{"taxonomy":"industry","embeddable":true,"href":"https:\/\/www.capgemini.com\/ch-en\/wp-json\/wp\/v2\/industry?post=504023"},{"taxonomy":"partners","embeddable":true,"href":"https:\/\/www.capgemini.com\/ch-en\/wp-json\/wp\/v2\/partners?post=504023"},{"taxonomy":"page-type","embeddable":true,"href":"https:\/\/www.capgemini.com\/ch-en\/wp-json\/wp\/v2\/page-type?post=504023"},{"taxonomy":"content-group","embeddable":true,"href":"https:\/\/www.capgemini.com\/ch-en\/wp-json\/wp\/v2\/content-group?post=504023"}],"curies":[{"name":"wp","href":"https:\/\/api.w.org\/{rel}","templated":true}]}}