{"id":7642,"date":"2021-03-25T13:05:27","date_gmt":"2021-03-25T13:05:27","guid":{"rendered":"https:\/\/www.capgemini.com\/?page_id=514991"},"modified":"2025-04-01T05:56:57","modified_gmt":"2025-04-01T05:56:57","slug":"notification-incidents-de-securite","status":"publish","type":"page","link":"https:\/\/www.capgemini.com\/ca-fr\/notification-incidents-de-securite\/","title":{"rendered":"Notification des incidents de s\u00e9curit\u00e9"},"content":{"rendered":"\n<div class=\"wp-block-cg-blocks-hero-picture-card undefined  heroPictureCard\"><div class=\"heroPictureCardBgs\"><picture><source srcset=\"https:\/\/www.capgemini.com\/wp-content\/uploads\/2021\/09\/Capgemini_Cybersecurity-Communities.jpg?w=2880&amp;quality=70 1x, https:\/\/www.capgemini.com\/wp-content\/uploads\/2021\/09\/Capgemini_Cybersecurity-Communities.jpg?w=2880&amp;quality=70 2x\" media=\"(min-width: 1500px)\"\/><source srcset=\"https:\/\/www.capgemini.com\/wp-content\/uploads\/2021\/09\/Capgemini_Cybersecurity-Communities.jpg?w=1440&amp;quality=70 1x, https:\/\/www.capgemini.com\/wp-content\/uploads\/2021\/09\/Capgemini_Cybersecurity-Communities.jpg?w=2880&amp;quality=70 2x\" media=\"(min-width: 992px)\"\/><source srcset=\"https:\/\/www.capgemini.com\/wp-content\/uploads\/2021\/09\/Capgemini_Cybersecurity-Communities.jpg?w=1024&amp;quality=70 1x, https:\/\/www.capgemini.com\/wp-content\/uploads\/2021\/09\/Capgemini_Cybersecurity-Communities.jpg?w=1024&amp;quality=70 2x\" media=\"(min-width: 768px)\"\/><source srcset=\"https:\/\/www.capgemini.com\/wp-content\/uploads\/2021\/09\/Capgemini_Cybersecurity-Communities.jpg?w=768&amp;quality=70 1x, https:\/\/www.capgemini.com\/wp-content\/uploads\/2021\/09\/Capgemini_Cybersecurity-Communities.jpg?w=768&amp;quality=70 2x\" media=\"(min-width: 0)\"\/><img decoding=\"async\" src=\"https:\/\/www.capgemini.com\/wp-content\/uploads\/2021\/09\/Capgemini_Cybersecurity-Communities.jpg\" class=\"desktopImage\" alt=\"\" style=\"object-fit:cover;object-position:67% 13%\" loading=\"eager\"\/><\/picture><picture><source srcset=\"https:\/\/www.capgemini.com\/wp-content\/uploads\/2021\/09\/Capgemini_Cybersecurity-Communities.jpg?w=2880&amp;quality=70 1x, https:\/\/www.capgemini.com\/wp-content\/uploads\/2021\/09\/Capgemini_Cybersecurity-Communities.jpg?w=2880&amp;quality=70 2x\" media=\"(min-width: 1500px)\"\/><source srcset=\"https:\/\/www.capgemini.com\/wp-content\/uploads\/2021\/09\/Capgemini_Cybersecurity-Communities.jpg?w=1440&amp;quality=70 1x, https:\/\/www.capgemini.com\/wp-content\/uploads\/2021\/09\/Capgemini_Cybersecurity-Communities.jpg?w=2880&amp;quality=70 2x\" media=\"(min-width: 992px)\"\/><source srcset=\"https:\/\/www.capgemini.com\/wp-content\/uploads\/2021\/09\/Capgemini_Cybersecurity-Communities.jpg?w=1024&amp;quality=70 1x, https:\/\/www.capgemini.com\/wp-content\/uploads\/2021\/09\/Capgemini_Cybersecurity-Communities.jpg?w=1024&amp;quality=70 2x\" media=\"(min-width: 768px)\"\/><source srcset=\"https:\/\/www.capgemini.com\/wp-content\/uploads\/2021\/09\/Capgemini_Cybersecurity-Communities.jpg?w=768&amp;quality=70 1x, https:\/\/www.capgemini.com\/wp-content\/uploads\/2021\/09\/Capgemini_Cybersecurity-Communities.jpg?w=768&amp;quality=70 2x\" media=\"(min-width: 0)\"\/><img decoding=\"async\" src=\"https:\/\/www.capgemini.com\/wp-content\/uploads\/2021\/09\/Capgemini_Cybersecurity-Communities.jpg\" class=\"mobileImage\" alt=\"\" style=\"object-fit:cover;object-position:67% 13%\" loading=\"eager\"\/><\/picture><\/div><div class=\"heroPictureCardHeaderShape\"><\/div><div class=\"container\"><div class=\"row\"><div class=\"col-md-8 col-lg-6\"><div class=\"heroPictureCardBox\"><div class=\"heroPictureCardBoxTitle\"><h1 data-maxlength=\"144\">Notification des incidents de s\u00e9curit\u00e9<\/h1><\/div><\/div><\/div><\/div><\/div><div class=\"small-device\"><div class=\"brandLogoWrapper\"> <\/div><\/div><\/div>\n\n\n\n<section class=\"wp-block-cg-blocks-group undefined section section--article-content\"><div class=\"article-main-content\"><div class=\"container\"><div class=\"row\"><div class=\"col-12 col-md-11 col-lg-10 offset-md-1 offset-lg-1\"><div class=\"article-text article-quote-text\">\n<h2 class=\"wp-block-heading\">D\u00e9claration<\/h2>\n\n\n\n<p>La cybers\u00e9curit\u00e9 est un aspect crucial de Capgemini en tant qu&#8217;organisation. Nous nous engageons \u00e0 prot\u00e9ger tous nos utilisateurs et clients, o\u00f9 qu&#8217;ils soient.<\/p>\n\n\n\n<p>Capgemini soutient une approche transparente de la gestion des vuln\u00e9rabilit\u00e9s en travaillant avec la communaut\u00e9 de la s\u00e9curit\u00e9 au sens large.<\/p>\n\n\n\n<p>Capgemini dispose d&#8217;une \u00e9quipe d\u00e9di\u00e9e qui surveille de pr\u00e8s la cybers\u00e9curit\u00e9 de ses syst\u00e8mes, services et produits. En parall\u00e8le, notre \u00e9quipe cybers\u00e9curit\u00e9 du Groupe g\u00e8re le processus de gestion des vuln\u00e9rabilit\u00e9s externes du Groupe, qui g\u00e8re les activit\u00e9s de r\u00e9ception, d&#8217;\u00e9valuation (enqu\u00eate) et de coordination des r\u00e9ponses.<\/p>\n\n\n\n<h3 class=\"wp-block-heading\" id=\"h-procedure-de-notification-des-vulnerabilites\">Proc\u00e9dure de notification des vuln\u00e9rabilit\u00e9s<\/h3>\n\n\n\n<p><strong>Comment notifier Capgemini d&#8217;un probl\u00e8me de s\u00e9curit\u00e9<\/strong><\/p>\n\n\n\n<p>Si vous d\u00e9couvrez une vuln\u00e9rabilit\u00e9 dans notre syst\u00e8me, nos services ou nos produits, veuillez nous en informer le plus rapidement possible en envoyant un courrier \u00e9lectronique \u00e0 l&#8217;adresse suivante :&nbsp;<a href=\"mailto:vulnerabilitynotification.global@capgemini.com\">vulnerabilitynotification.global@capgemini.com<\/a><\/p>\n\n\n\n<p>Veuillez inclure, au minimum, les informations suivantes :<\/p>\n\n\n\n<ul class=\"wp-block-list\">\n<li>Vos coordonn\u00e9es pr\u00e9f\u00e9r\u00e9es (y compris le num\u00e9ro de t\u00e9l\u00e9phone du contact)<\/li>\n\n\n\n<li>Description d\u00e9taill\u00e9e de la vuln\u00e9rabilit\u00e9<\/li>\n\n\n\n<li>Heure et m\u00e9thode de sa d\u00e9couverte<\/li>\n\n\n\n<li>Sp\u00e9cification du syst\u00e8me, des services ou du produit o\u00f9 la vuln\u00e9rabilit\u00e9 a \u00e9t\u00e9 d\u00e9couverte<\/li>\n\n\n\n<li>Toute autre information connexe (\u00e9chantillons de code, registre, captures d&#8217;\u00e9cran, etc.)<\/li>\n<\/ul>\n\n\n\n<p><strong>Processus de r\u00e9solution<\/strong><\/p>\n\n\n\n<p>Nous enqu\u00eaterons sur tout probl\u00e8me qui nous serait notifi\u00e9 et entreprendrons toutes les actions et mesures n\u00e9cessaires pour l&#8217;att\u00e9nuer et\/ou le r\u00e9soudre.<\/p>\n\n\n\n<h4 class=\"wp-block-heading\" id=\"h-engagements\">Engagements<\/h4>\n\n\n\n<p>En soumettant une notification de vuln\u00e9rabilit\u00e9, vous acceptez&nbsp;:<\/p>\n\n\n\n<ul class=\"wp-block-list\">\n<li>Ne pas divulguer ou publier la vuln\u00e9rabilit\u00e9 \u00e0 des tiers avant qu&#8217;elle ne soit corrig\u00e9e et avant l&#8217;expiration d&#8217;un d\u00e9lai convenu mutuellement ;<\/li>\n\n\n\n<li>Ne pas profiter de la vuln\u00e9rabilit\u00e9, modifier, t\u00e9l\u00e9charger ou supprimer des enregistrements ou des donn\u00e9es ou lancer tout type d&#8217;attaque bas\u00e9e sur la vuln\u00e9rabilit\u00e9 ;<\/li>\n\n\n\n<li>Respecter les lois et r\u00e8glements relatifs \u00e0 votre localisation ;<\/li>\n\n\n\n<li>Respecter les l\u00e9gislations applicables en mati\u00e8re de protection des donn\u00e9es, notamment en ne divulguant pas les donn\u00e9es personnelles d&#8217;un tiers sans motif l\u00e9gal valable ;<\/li>\n\n\n\n<li>Confirmer que les \u00e9l\u00e9ments contenus dans la notification que vous soumettez ne portent pas atteinte aux droits de propri\u00e9t\u00e9 intellectuelle d&#8217;un tiers (c&#8217;est-\u00e0-dire que vous n&#8217;avez pas copi\u00e9 des \u00e9l\u00e9ments disponibles sur Internet par exemple).<\/li>\n<\/ul>\n\n\n\n<p>En soumettant une notification de vuln\u00e9rabilit\u00e9 \u00e0 Capgemini, vous acceptez d&#8217;accorder \u00e0 Capgemini un droit irr\u00e9vocable et mondial de l&#8217;utiliser, \u00e0 titre gratuit et pour une p\u00e9riode de cinquante ans.<\/p>\n\n\n\n<p><strong>Traitement de vos donn\u00e9es personnelles<\/strong><\/p>\n\n\n\n<p>En soumettant votre notification, vous comprenez que Capgemini traitera vos donn\u00e9es personnelles. Ce traitement est effectu\u00e9 conform\u00e9ment aux lois applicables en mati\u00e8re de protection des donn\u00e9es et, en tout \u00e9tat de cause, vos donn\u00e9es personnelles ne seront trait\u00e9es que dans le but de donner suite \u00e0 votre notification. Capgemini s&#8217;engage \u00e0 ne pas traiter vos donn\u00e9es personnelles \u00e0 d&#8217;autres fins.<\/p>\n\n\n\n<p><strong>Avec qui partageons-nous vos donn\u00e9es personnelles ?<\/strong><\/p>\n\n\n\n<p>Vos donn\u00e9es personnelles ne seront partag\u00e9es avec des tiers que dans la mesure o\u00f9 cela est strictement n\u00e9cessaire. Lorsque Capgemini fait appel \u00e0 un tel tiers, soyez assur\u00e9s que nous avons conclu des accords contractuels avec ces tiers pour garantir que vos donn\u00e9es personnelles sont trait\u00e9es en toute s\u00e9curit\u00e9 et strictement selon les instructions de Capgemini.<\/p>\n\n\n\n<p>En outre, les soci\u00e9t\u00e9s affili\u00e9es de Capgemini ou le tiers en cause, peuvent \u00eatre situ\u00e9s en dehors de l&#8217;Espace \u00e9conomique europ\u00e9en (&#8220;EEE&#8221;) impliquant ainsi un transfert de donn\u00e9es de vos donn\u00e9es personnelles.<\/p>\n\n\n\n<p>\u2192 Lorsqu&#8217;un tel transfert a lieu entre des entit\u00e9s de Capgemini, il sera couvert par les r\u00e8gles d&#8217;entreprise contraignantes de Capgemini (&#8220;BCR&#8221;). Pour plus d&#8217;informations sur les BCR de Capgemini, veuillez cliquer sur le lien suivant : https:\/\/www.capgemini.com\/wp-content\/uploads\/2017\/06\/Capgemini-Binding-Corporate-Rules.pdf.<\/p>\n\n\n\n<p>\u2192 Lorsque ce transfert a lieu entre Capgemini et un tiers externe, Capgemini et ledit tiers ont adopt\u00e9 des clauses types de l&#8217;UE approuv\u00e9es par la Commission europ\u00e9enne, afin d&#8217;assurer la s\u00e9curit\u00e9 des donn\u00e9es personnelles.<\/p>\n\n\n\n<p><strong>Combien de temps Capgemini conserve-t-elle vos donn\u00e9es personnelles ?<\/strong><\/p>\n\n\n\n<p>Capgemini conservera vos donn\u00e9es personnelles pour une dur\u00e9e n&#8217;exc\u00e9dant pas celle n\u00e9cessaire \u00e0 la r\u00e9alisation des objectifs pour lesquels elles ont \u00e9t\u00e9 collect\u00e9es.<\/p>\n\n\n\n<p>Capgemini conserve vos donn\u00e9es personnelles pendant trois (3) ans \u00e0 compter de la date de leur collecte.<\/p>\n\n\n\n<p><strong>Quels sont vos droits et comment les exercer ?<\/strong><\/p>\n\n\n\n<p>Vous pouvez demander \u00e0 acc\u00e9der, rectifier ou effacer vos donn\u00e9es personnelles. Vous pouvez \u00e9galement vous opposer au traitement de vos donn\u00e9es personnelles ou demander qu&#8217;il soit limit\u00e9. En outre, vous pouvez demander la communication de vos donn\u00e9es personnelles dans un format structur\u00e9, couramment utilis\u00e9 et lisible par machine.<\/p>\n\n\n\n<p>Si vous souhaitez exercer ces droits, veuillez contacter notre Bureau mondial de la protection des donn\u00e9es en envoyant un courriel \u00e0 l&#8217;adresse suivante : <a href=\"mailto:dpocapgemini.global@capgemini.com\">dpocapgemini.global@capgemini.com<\/a>. Le cas \u00e9ch\u00e9ant, nous communiquerons votre demande et\/ou plainte au responsable local de la protection des donn\u00e9es concern\u00e9.<\/p>\n\n\n\n<p>Veuillez noter que vous avez \u00e9galement le droit de d\u00e9poser une plainte aupr\u00e8s d&#8217;une autorit\u00e9 de protection des donn\u00e9es ou du tribunal comp\u00e9tent.<\/p>\n<\/div><\/div><\/div><\/div><\/div><\/section>\n\n\n\n<p><\/p>\n","protected":false},"excerpt":{"rendered":"<p>La cybers\u00e9curit\u00e9 est un aspect crucial de Capgemini en tant qu&#8217;organisation. Nous nous engageons \u00e0 prot\u00e9ger tous nos utilisateurs et clients, o\u00f9 qu&#8217;ils soient.<\/p>\n","protected":false},"author":310,"featured_media":7643,"parent":0,"menu_order":0,"comment_status":"closed","ping_status":"closed","template":"","meta":{"cg_dt_proposed_to":[21],"cg_seo_hreflang_relations":"[]","cg_seo_canonical_relation":"","cg_seo_hreflang_x_default_relation":"","cg_dt_approved_content":true,"cg_dt_mandatory_content":false,"cg_dt_notes":"","cg_dg_source_changed":true,"cg_dt_link_disabled":true,"_yoast_wpseo_primary_brand":"","footnotes":"","featured_focal_points":"","partner_card_description":"","gsap_animation":0},"brand":[],"partner_type":[],"service":[],"industry":[],"partners":[],"page-type":[],"content-group":[],"class_list":["post-7642","page","type-page","status-publish","has-post-thumbnail","hentry"],"yoast_head":"<!-- This site is optimized with the Yoast SEO Premium plugin v22.8 (Yoast SEO v22.8) - https:\/\/yoast.com\/wordpress\/plugins\/seo\/ -->\n<title>Notification des incidents de s\u00e9curit\u00e9 | Capgemini<\/title>\n<meta name=\"robots\" content=\"index, follow, max-snippet:-1, max-image-preview:large, max-video-preview:-1\" \/>\n<link rel=\"canonical\" href=\"https:\/\/www.capgemini.com\/ca-fr\/notification-incidents-de-securite\/\" \/>\n<meta property=\"og:locale\" content=\"fr_FR\" \/>\n<meta property=\"og:type\" content=\"article\" \/>\n<meta property=\"og:title\" content=\"Notification des incidents de s\u00e9curit\u00e9\" \/>\n<meta property=\"og:description\" content=\"La cybers\u00e9curit\u00e9 est un aspect crucial de Capgemini en tant qu&#039;organisation. Nous nous engageons \u00e0 prot\u00e9ger tous nos utilisateurs et clients, o\u00f9 qu&#039;ils soient.\" \/>\n<meta property=\"og:url\" content=\"https:\/\/www.capgemini.com\/ca-fr\/notification-incidents-de-securite\/\" \/>\n<meta property=\"og:site_name\" content=\"Capgemini Canada French\" \/>\n<meta property=\"article:modified_time\" content=\"2025-04-01T05:56:57+00:00\" \/>\n<meta property=\"og:image\" content=\"https:\/\/www.capgemini.com\/ca-fr\/wp-content\/uploads\/sites\/21\/2021\/03\/2022-FR-WP-Notification-Incidents-Securite.jpg\" \/>\n\t<meta property=\"og:image:width\" content=\"1440\" \/>\n\t<meta property=\"og:image:height\" content=\"900\" \/>\n\t<meta property=\"og:image:type\" content=\"image\/jpeg\" \/>\n<meta name=\"twitter:card\" content=\"summary_large_image\" \/>\n<meta name=\"twitter:label1\" content=\"Est. reading time\" \/>\n\t<meta name=\"twitter:data1\" content=\"5 minutes\" \/>\n<script type=\"application\/ld+json\" class=\"yoast-schema-graph\">{\"@context\":\"https:\/\/schema.org\",\"@graph\":[{\"@type\":\"WebPage\",\"@id\":\"https:\/\/www.capgemini.com\/ca-fr\/notification-incidents-de-securite\/\",\"url\":\"https:\/\/www.capgemini.com\/ca-fr\/notification-incidents-de-securite\/\",\"name\":\"Notification des incidents de s\u00e9curit\u00e9 | Capgemini\",\"isPartOf\":{\"@id\":\"https:\/\/www.capgemini.com\/ca-fr\/#website\"},\"primaryImageOfPage\":{\"@id\":\"https:\/\/www.capgemini.com\/ca-fr\/notification-incidents-de-securite\/#primaryimage\"},\"image\":{\"@id\":\"https:\/\/www.capgemini.com\/ca-fr\/notification-incidents-de-securite\/#primaryimage\"},\"thumbnailUrl\":\"https:\/\/www.capgemini.com\/ca-fr\/wp-content\/uploads\/sites\/21\/2021\/03\/2022-FR-WP-Notification-Incidents-Securite.jpg\",\"datePublished\":\"2021-03-25T13:05:27+00:00\",\"dateModified\":\"2025-04-01T05:56:57+00:00\",\"breadcrumb\":{\"@id\":\"https:\/\/www.capgemini.com\/ca-fr\/notification-incidents-de-securite\/#breadcrumb\"},\"inLanguage\":\"fr-FR\",\"potentialAction\":[{\"@type\":\"ReadAction\",\"target\":[\"https:\/\/www.capgemini.com\/ca-fr\/notification-incidents-de-securite\/\"]}]},{\"@type\":\"ImageObject\",\"inLanguage\":\"fr-FR\",\"@id\":\"https:\/\/www.capgemini.com\/ca-fr\/notification-incidents-de-securite\/#primaryimage\",\"url\":\"https:\/\/www.capgemini.com\/ca-fr\/wp-content\/uploads\/sites\/21\/2021\/03\/2022-FR-WP-Notification-Incidents-Securite.jpg\",\"contentUrl\":\"https:\/\/www.capgemini.com\/ca-fr\/wp-content\/uploads\/sites\/21\/2021\/03\/2022-FR-WP-Notification-Incidents-Securite.jpg\",\"width\":1440,\"height\":900},{\"@type\":\"BreadcrumbList\",\"@id\":\"https:\/\/www.capgemini.com\/ca-fr\/notification-incidents-de-securite\/#breadcrumb\",\"itemListElement\":[{\"@type\":\"ListItem\",\"position\":1,\"name\":\"Home\",\"item\":\"https:\/\/www.capgemini.com\/ca-fr\/\"},{\"@type\":\"ListItem\",\"position\":2,\"name\":\"Notification des incidents de s\u00e9curit\u00e9\"}]},{\"@type\":\"WebSite\",\"@id\":\"https:\/\/www.capgemini.com\/ca-fr\/#website\",\"url\":\"https:\/\/www.capgemini.com\/ca-fr\/\",\"name\":\"Capgemini Canada French\",\"description\":\"Capgemini\",\"potentialAction\":[{\"@type\":\"SearchAction\",\"target\":{\"@type\":\"EntryPoint\",\"urlTemplate\":\"https:\/\/www.capgemini.com\/ca-fr\/?s={search_term_string}\"},\"query-input\":\"required name=search_term_string\"}],\"inLanguage\":\"fr-FR\"}]}<\/script>\n<!-- \/ Yoast SEO Premium plugin. -->","yoast_head_json":{"title":"Notification des incidents de s\u00e9curit\u00e9 | Capgemini","robots":{"index":"index","follow":"follow","max-snippet":"max-snippet:-1","max-image-preview":"max-image-preview:large","max-video-preview":"max-video-preview:-1"},"canonical":"https:\/\/www.capgemini.com\/ca-fr\/notification-incidents-de-securite\/","og_locale":"fr_FR","og_type":"article","og_title":"Notification des incidents de s\u00e9curit\u00e9","og_description":"La cybers\u00e9curit\u00e9 est un aspect crucial de Capgemini en tant qu'organisation. Nous nous engageons \u00e0 prot\u00e9ger tous nos utilisateurs et clients, o\u00f9 qu'ils soient.","og_url":"https:\/\/www.capgemini.com\/ca-fr\/notification-incidents-de-securite\/","og_site_name":"Capgemini Canada French","article_modified_time":"2025-04-01T05:56:57+00:00","og_image":[{"width":1440,"height":900,"url":"https:\/\/www.capgemini.com\/ca-fr\/wp-content\/uploads\/sites\/21\/2021\/03\/2022-FR-WP-Notification-Incidents-Securite.jpg","type":"image\/jpeg"}],"twitter_card":"summary_large_image","twitter_misc":{"Est. reading time":"5 minutes"},"schema":{"@context":"https:\/\/schema.org","@graph":[{"@type":"WebPage","@id":"https:\/\/www.capgemini.com\/ca-fr\/notification-incidents-de-securite\/","url":"https:\/\/www.capgemini.com\/ca-fr\/notification-incidents-de-securite\/","name":"Notification des incidents de s\u00e9curit\u00e9 | Capgemini","isPartOf":{"@id":"https:\/\/www.capgemini.com\/ca-fr\/#website"},"primaryImageOfPage":{"@id":"https:\/\/www.capgemini.com\/ca-fr\/notification-incidents-de-securite\/#primaryimage"},"image":{"@id":"https:\/\/www.capgemini.com\/ca-fr\/notification-incidents-de-securite\/#primaryimage"},"thumbnailUrl":"https:\/\/www.capgemini.com\/ca-fr\/wp-content\/uploads\/sites\/21\/2021\/03\/2022-FR-WP-Notification-Incidents-Securite.jpg","datePublished":"2021-03-25T13:05:27+00:00","dateModified":"2025-04-01T05:56:57+00:00","breadcrumb":{"@id":"https:\/\/www.capgemini.com\/ca-fr\/notification-incidents-de-securite\/#breadcrumb"},"inLanguage":"fr-FR","potentialAction":[{"@type":"ReadAction","target":["https:\/\/www.capgemini.com\/ca-fr\/notification-incidents-de-securite\/"]}]},{"@type":"ImageObject","inLanguage":"fr-FR","@id":"https:\/\/www.capgemini.com\/ca-fr\/notification-incidents-de-securite\/#primaryimage","url":"https:\/\/www.capgemini.com\/ca-fr\/wp-content\/uploads\/sites\/21\/2021\/03\/2022-FR-WP-Notification-Incidents-Securite.jpg","contentUrl":"https:\/\/www.capgemini.com\/ca-fr\/wp-content\/uploads\/sites\/21\/2021\/03\/2022-FR-WP-Notification-Incidents-Securite.jpg","width":1440,"height":900},{"@type":"BreadcrumbList","@id":"https:\/\/www.capgemini.com\/ca-fr\/notification-incidents-de-securite\/#breadcrumb","itemListElement":[{"@type":"ListItem","position":1,"name":"Home","item":"https:\/\/www.capgemini.com\/ca-fr\/"},{"@type":"ListItem","position":2,"name":"Notification des incidents de s\u00e9curit\u00e9"}]},{"@type":"WebSite","@id":"https:\/\/www.capgemini.com\/ca-fr\/#website","url":"https:\/\/www.capgemini.com\/ca-fr\/","name":"Capgemini Canada French","description":"Capgemini","potentialAction":[{"@type":"SearchAction","target":{"@type":"EntryPoint","urlTemplate":"https:\/\/www.capgemini.com\/ca-fr\/?s={search_term_string}"},"query-input":"required name=search_term_string"}],"inLanguage":"fr-FR"}]}},"brand_term":[],"parsely":{"version":"1.1.0","canonical_url":"https:\/\/capgemini.com\/ca-fr\/notification-incidents-de-securite\/","smart_links":{"inbound":0,"outbound":0},"traffic_boost_suggestions_count":0,"meta":{"@context":"https:\/\/schema.org","@type":"WebPage","headline":"Notification des incidents de s\u00e9curit\u00e9","url":"https:\/\/www.capgemini.com\/ca-fr\/notification-incidents-de-securite\/","mainEntityOfPage":{"@type":"WebPage","@id":"https:\/\/www.capgemini.com\/ca-fr\/notification-incidents-de-securite\/"},"thumbnailUrl":"https:\/\/www.capgemini.com\/ca-fr\/wp-content\/uploads\/sites\/21\/2021\/03\/2022-FR-WP-Notification-Incidents-Securite.jpg?w=150&h=150&crop=1","image":{"@type":"ImageObject","url":"https:\/\/www.capgemini.com\/ca-fr\/wp-content\/uploads\/sites\/21\/2021\/03\/2022-FR-WP-Notification-Incidents-Securite.jpg"},"articleSection":"Uncategorized","author":[],"creator":[],"publisher":{"@type":"Organization","name":"Capgemini Canada French","logo":""},"keywords":[],"dateCreated":"2021-03-25T13:05:27Z","datePublished":"2021-03-25T13:05:27Z","dateModified":"2025-04-01T05:56:57Z"},"rendered":"<meta name=\"parsely-title\" content=\"Notification des incidents de s\u00e9curit\u00e9\" \/>\n<meta name=\"parsely-link\" content=\"https:\/\/www.capgemini.com\/ca-fr\/notification-incidents-de-securite\/\" \/>\n<meta name=\"parsely-type\" content=\"index\" \/>\n<meta name=\"parsely-image-url\" content=\"https:\/\/www.capgemini.com\/ca-fr\/wp-content\/uploads\/sites\/21\/2021\/03\/2022-FR-WP-Notification-Incidents-Securite.jpg?w=150&amp;h=150&amp;crop=1\" \/>\n<meta name=\"parsely-pub-date\" content=\"2021-03-25T13:05:27Z\" \/>\n<meta name=\"parsely-section\" content=\"Uncategorized\" \/>","tracker_url":"https:\/\/cdn.parsely.com\/keys\/capgemini.com\/p.js"},"archive_status":false,"featured_image_src":"https:\/\/www.capgemini.com\/ca-fr\/wp-content\/uploads\/sites\/21\/2021\/03\/2022-FR-WP-Notification-Incidents-Securite.jpg","featured_image_alt":"","jetpack_sharing_enabled":true,"distributor_meta":false,"distributor_terms":false,"distributor_media":false,"distributor_original_site_name":"Capgemini Canada French","distributor_original_site_url":"https:\/\/www.capgemini.com\/ca-fr","push-errors":false,"_links":{"self":[{"href":"https:\/\/www.capgemini.com\/ca-fr\/wp-json\/wp\/v2\/pages\/7642","targetHints":{"allow":["GET"]}}],"collection":[{"href":"https:\/\/www.capgemini.com\/ca-fr\/wp-json\/wp\/v2\/pages"}],"about":[{"href":"https:\/\/www.capgemini.com\/ca-fr\/wp-json\/wp\/v2\/types\/page"}],"author":[{"embeddable":true,"href":"https:\/\/www.capgemini.com\/ca-fr\/wp-json\/wp\/v2\/users\/310"}],"replies":[{"embeddable":true,"href":"https:\/\/www.capgemini.com\/ca-fr\/wp-json\/wp\/v2\/comments?post=7642"}],"version-history":[{"count":1,"href":"https:\/\/www.capgemini.com\/ca-fr\/wp-json\/wp\/v2\/pages\/7642\/revisions"}],"predecessor-version":[{"id":7987,"href":"https:\/\/www.capgemini.com\/ca-fr\/wp-json\/wp\/v2\/pages\/7642\/revisions\/7987"}],"wp:featuredmedia":[{"embeddable":true,"href":"https:\/\/www.capgemini.com\/ca-fr\/wp-json\/wp\/v2\/media\/7643"}],"wp:attachment":[{"href":"https:\/\/www.capgemini.com\/ca-fr\/wp-json\/wp\/v2\/media?parent=7642"}],"wp:term":[{"taxonomy":"brand","embeddable":true,"href":"https:\/\/www.capgemini.com\/ca-fr\/wp-json\/wp\/v2\/brand?post=7642"},{"taxonomy":"partner_type","embeddable":true,"href":"https:\/\/www.capgemini.com\/ca-fr\/wp-json\/wp\/v2\/partner_type?post=7642"},{"taxonomy":"service","embeddable":true,"href":"https:\/\/www.capgemini.com\/ca-fr\/wp-json\/wp\/v2\/service?post=7642"},{"taxonomy":"industry","embeddable":true,"href":"https:\/\/www.capgemini.com\/ca-fr\/wp-json\/wp\/v2\/industry?post=7642"},{"taxonomy":"partners","embeddable":true,"href":"https:\/\/www.capgemini.com\/ca-fr\/wp-json\/wp\/v2\/partners?post=7642"},{"taxonomy":"page-type","embeddable":true,"href":"https:\/\/www.capgemini.com\/ca-fr\/wp-json\/wp\/v2\/page-type?post=7642"},{"taxonomy":"content-group","embeddable":true,"href":"https:\/\/www.capgemini.com\/ca-fr\/wp-json\/wp\/v2\/content-group?post=7642"}],"curies":[{"name":"wp","href":"https:\/\/api.w.org\/{rel}","templated":true}]}}