{"id":7615,"date":"2021-04-08T07:44:51","date_gmt":"2021-04-08T07:44:51","guid":{"rendered":"https:\/\/www.capgemini.com\/?page_id=517491"},"modified":"2025-10-28T12:59:46","modified_gmt":"2025-10-28T12:59:46","slug":"services","status":"publish","type":"page","link":"https:\/\/www.capgemini.com\/ca-fr\/services\/","title":{"rendered":"Services"},"content":{"rendered":"\n<div class=\"wp-block-cg-blocks-hero-picture-card undefined  heroPictureCard\"><div class=\"heroPictureCardBgs\"><picture><source srcset=\"https:\/\/www.capgemini.com\/wp-content\/uploads\/2021\/09\/Capgemini_Services.jpg?w=2880&amp;quality=70 1x, https:\/\/www.capgemini.com\/wp-content\/uploads\/2021\/09\/Capgemini_Services.jpg?w=2880&amp;quality=70 2x\" media=\"(min-width: 1500px)\"\/><source srcset=\"https:\/\/www.capgemini.com\/wp-content\/uploads\/2021\/09\/Capgemini_Services.jpg?w=1440&amp;quality=70 1x, https:\/\/www.capgemini.com\/wp-content\/uploads\/2021\/09\/Capgemini_Services.jpg?w=2880&amp;quality=70 2x\" media=\"(min-width: 992px)\"\/><source srcset=\"https:\/\/www.capgemini.com\/wp-content\/uploads\/2021\/09\/Capgemini_Services.jpg?w=1024&amp;quality=70 1x, https:\/\/www.capgemini.com\/wp-content\/uploads\/2021\/09\/Capgemini_Services.jpg?w=1024&amp;quality=70 2x\" media=\"(min-width: 768px)\"\/><source srcset=\"https:\/\/www.capgemini.com\/wp-content\/uploads\/2021\/09\/Capgemini_Services.jpg?w=768&amp;quality=70 1x, https:\/\/www.capgemini.com\/wp-content\/uploads\/2021\/09\/Capgemini_Services.jpg?w=768&amp;quality=70 2x\" media=\"(min-width: 0)\"\/><img decoding=\"async\" src=\"https:\/\/www.capgemini.com\/wp-content\/uploads\/2021\/09\/Capgemini_Services.jpg\" class=\"desktopImage\" alt=\"\" style=\"object-fit:cover;object-position:48% 51%\" loading=\"eager\"\/><\/picture><picture><source srcset=\"https:\/\/www.capgemini.com\/wp-content\/uploads\/2021\/09\/Capgemini_Services.jpg?w=2880&amp;quality=70 1x, https:\/\/www.capgemini.com\/wp-content\/uploads\/2021\/09\/Capgemini_Services.jpg?w=2880&amp;quality=70 2x\" media=\"(min-width: 1500px)\"\/><source srcset=\"https:\/\/www.capgemini.com\/wp-content\/uploads\/2021\/09\/Capgemini_Services.jpg?w=1440&amp;quality=70 1x, https:\/\/www.capgemini.com\/wp-content\/uploads\/2021\/09\/Capgemini_Services.jpg?w=2880&amp;quality=70 2x\" media=\"(min-width: 992px)\"\/><source srcset=\"https:\/\/www.capgemini.com\/wp-content\/uploads\/2021\/09\/Capgemini_Services.jpg?w=1024&amp;quality=70 1x, https:\/\/www.capgemini.com\/wp-content\/uploads\/2021\/09\/Capgemini_Services.jpg?w=1024&amp;quality=70 2x\" media=\"(min-width: 768px)\"\/><source srcset=\"https:\/\/www.capgemini.com\/wp-content\/uploads\/2021\/09\/Capgemini_Services.jpg?w=768&amp;quality=70 1x, https:\/\/www.capgemini.com\/wp-content\/uploads\/2021\/09\/Capgemini_Services.jpg?w=768&amp;quality=70 2x\" media=\"(min-width: 0)\"\/><img decoding=\"async\" src=\"https:\/\/www.capgemini.com\/wp-content\/uploads\/2021\/09\/Capgemini_Services.jpg\" class=\"mobileImage\" alt=\"\" style=\"object-fit:cover;object-position:48% 51%\" loading=\"eager\"\/><\/picture><\/div><div class=\"heroPictureCardHeaderShape\"><\/div><div class=\"container\"><div class=\"row\"><div class=\"col-md-8 col-lg-6\"><div class=\"heroPictureCardBox\"><div class=\"heroPictureCardBoxTitle\"><h1 data-maxlength=\"144\">Services<\/h1><\/div><\/div><\/div><\/div><\/div><div class=\"small-device\"><div class=\"brandLogoWrapper\"> <\/div><\/div><\/div>\n\n\n\n<section class=\"wp-block-cg-blocks-intro-para undefined section section--intro\"><div class=\"intro-para\"><div class=\"container\"><div class=\"row\"><div class=\"col-12 col-md-1\"><nav class=\"article-social\"><ul class=\"social-nav\"><li class=\"ip-order-fb\"><a href=\"https:\/\/www.facebook.com\/sharer\/sharer.php?u=https:\/\/www.capgemini.com\/fr-fr\/services\/\" target=\"_blank\" rel=\"noopener noreferrer\" title=\"Ouvrir dans une nouvelle fen\u00eatre\"><i aria-hidden=\"true\" class=\"icon-fb\"><\/i><span class=\"sr-only\">Facebook<\/span><\/a><\/li><li class=\"ip-order-li\"><a href=\"https:\/\/www.linkedin.com\/sharing\/share-offsite\/?url=https:\/\/www.capgemini.com\/fr-fr\/services\/\" target=\"_blank\" rel=\"noopener noreferrer\" title=\"Ouvrir dans une nouvelle fen\u00eatre\"><i aria-hidden=\"true\" class=\"icon-li\"><\/i><span class=\"sr-only\">Linkedin<\/span><\/a><\/li><\/ul><\/nav><\/div><div class=\"col-12 col-md-11 col-lg-10\"><h2 class=\"intro-para-title\">Un portefeuille qui s\u2019adapte aux besoins en constante \u00e9volution de nos clients.<\/h2><p class=\"intro-para-content\">Nous misons sur trois domaines d\u2019action cl\u00e9s, de la num\u00e9risation appliqu\u00e9e \u00e0 la gestion des principales activit\u00e9s des entreprises : Customer First, l\u2019industrie intelligente (Intelligent Industry) et la gestion d\u2019entreprise (Enterprise Management). Nous nous appuyons pour cela sur deux piliers technologiques essentiels \u00e0 toute forme de transformation num\u00e9rique, \u00e0 savoir les donn\u00e9es et le cloud, sans perdre de vue les principes fondamentaux de la cybers\u00e9curit\u00e9 et du d\u00e9veloppement durable. <\/p><\/div><\/div><\/div><\/div><\/section>\n\n\n\n<section class=\"wp-block-cg-blocks-wrapper-card-related-capabilities undefined card-related-capability\"><div class=\"cardelatedBgShape\"><\/div><div class=\"container\"><div class=\"row\"><div class=\"contentTitle col-12 col-md-8\"><h2 data-maxlength=\"34\" class=\"capabilities-heading\">D\u00e9couvrez nos services <\/h2><\/div><\/div><div class=\"row\">\n<div class=\"wp-block-cg-blocks-card-related-capabilities col-md-4 gridbox card-block\"><div class=\"box box--1 capblock\"><div class=\"box-img-wrapper\"><div class=\"img-ratio\"><img decoding=\"async\" src=\"https:\/\/www.capgemini.com\/wp-content\/uploads\/2023\/01\/Capgemini_Mountain_landscape.jpg?w=500&amp;quality=70\" srcset=\"https:\/\/www.capgemini.com\/wp-content\/uploads\/2023\/01\/Capgemini_Mountain_landscape.jpg?w=500&amp;quality=70 1x, https:\/\/www.capgemini.com\/wp-content\/uploads\/2023\/01\/Capgemini_Mountain_landscape.jpg?w=1000&amp;quality=70 2x\" class=\"box-img\" alt=\"\" style=\"object-fit:cover;object-position:50% 50%\" loading=\"lazy\"\/><\/div><\/div><div class=\"box-inner\"><a class=\"box-title\" aria-label=\"Cloud\" href=\"https:\/\/www.capgemini.com\/fr-fr\/services\/cloud\/\" target=\"\" rel=\"noopener noreferrer\" title=\"opens in a new window\"><h3 class=\"card-subtitle\">Cloud<\/h3><\/a><\/div><\/div><\/div>\n\n\n\n<div class=\"wp-block-cg-blocks-card-related-capabilities col-md-4 gridbox card-block\"><div class=\"box box--1 capblock\"><div class=\"box-img-wrapper\"><div class=\"img-ratio\"><img decoding=\"async\" src=\"https:\/\/www.capgemini.com\/wp-content\/uploads\/2022\/05\/Capgemini_Services_Customer-First.jpg?w=500&amp;quality=70\" srcset=\"https:\/\/www.capgemini.com\/wp-content\/uploads\/2022\/05\/Capgemini_Services_Customer-First.jpg?w=500&amp;quality=70 1x, https:\/\/www.capgemini.com\/wp-content\/uploads\/2022\/05\/Capgemini_Services_Customer-First.jpg?w=1000&amp;quality=70 2x\" class=\"box-img\" alt=\"\" style=\"object-fit:cover;object-position:50% 50%\" loading=\"lazy\"\/><\/div><\/div><div class=\"box-inner\"><a class=\"box-title\" aria-label=\"Customer first\" href=\"https:\/\/www.capgemini.com\/fr-fr\/services\/customer-first\/\" target=\"\" rel=\"noopener noreferrer\"><h4>Customer first<\/h4><\/a><\/div><\/div><\/div>\n\n\n\n<div class=\"wp-block-cg-blocks-card-related-capabilities col-md-4 gridbox card-block\"><div class=\"box box--1 capblock\"><div class=\"box-img-wrapper\"><div class=\"img-ratio\"><img decoding=\"async\" src=\"https:\/\/www.capgemini.com\/wp-content\/uploads\/2025\/12\/Cyber-resilience-web-banner.jpg?w=500&amp;quality=70\" srcset=\"https:\/\/www.capgemini.com\/wp-content\/uploads\/2025\/12\/Cyber-resilience-web-banner.jpg?w=500&amp;quality=70 1x, https:\/\/www.capgemini.com\/wp-content\/uploads\/2025\/12\/Cyber-resilience-web-banner.jpg?w=1000&amp;quality=70 2x\" class=\"box-img\" alt=\"\" style=\"object-fit:cover;object-position:50% 50%\" loading=\"lazy\"\/><\/div><\/div><div class=\"box-inner\"><a class=\"box-title\" aria-label=\"Cybersecurit\u00e9\" href=\"https:\/\/www.capgemini.com\/fr-fr\/services\/cybersecurite\/\" target=\"\" rel=\"noopener noreferrer\" title=\"opens in a new window\"><h3 class=\"card-subtitle\">Cybersecurit\u00e9<\/h3><\/a><\/div><\/div><\/div>\n\n\n\n<div class=\"wp-block-cg-blocks-card-related-capabilities col-md-4 gridbox card-block\"><div class=\"box box--1 capblock\"><div class=\"box-img-wrapper\"><div class=\"img-ratio\"><img decoding=\"async\" src=\"https:\/\/www.capgemini.com\/fr-fr\/wp-content\/uploads\/sites\/6\/2026\/01\/banniere.webp?w=500&amp;quality=70\" srcset=\"https:\/\/www.capgemini.com\/fr-fr\/wp-content\/uploads\/sites\/6\/2026\/01\/banniere.webp?w=500&amp;quality=70 1x, https:\/\/www.capgemini.com\/fr-fr\/wp-content\/uploads\/sites\/6\/2026\/01\/banniere.webp?w=1000&amp;quality=70 2x\" class=\"box-img\" alt=\"\" style=\"object-fit:cover;object-position:50% 50%\" loading=\"lazy\"\/><\/div><\/div><div class=\"box-inner\"><a class=\"box-title\" aria-label=\"Data et intelligence artificielle\" href=\"https:\/\/www.capgemini.com\/fr-fr\/services\/data-intelligence-artificielle\/\" target=\"\" rel=\"noopener noreferrer\" title=\"opens in a new window\"><h3 class=\"card-subtitle\">Data et intelligence artificielle<\/h3><\/a><\/div><\/div><\/div>\n\n\n\n<div class=\"wp-block-cg-blocks-card-related-capabilities col-md-4 gridbox card-block\"><div class=\"box box--1 capblock\"><div class=\"box-img-wrapper\"><div class=\"img-ratio\"><img decoding=\"async\" src=\"https:\/\/www.capgemini.com\/wp-content\/uploads\/2021\/09\/Capgemini_Services_Enterprise-management.jpg?w=500&amp;quality=70\" srcset=\"https:\/\/www.capgemini.com\/wp-content\/uploads\/2021\/09\/Capgemini_Services_Enterprise-management.jpg?w=500&amp;quality=70 1x, https:\/\/www.capgemini.com\/wp-content\/uploads\/2021\/09\/Capgemini_Services_Enterprise-management.jpg?w=1000&amp;quality=70 2x\" class=\"box-img\" alt=\"\" style=\"object-fit:cover;object-position:50% 50%\" loading=\"lazy\"\/><\/div><\/div><div class=\"box-inner\"><a class=\"box-title\" aria-label=\"Gestion d'entreprise\" href=\"https:\/\/www.capgemini.com\/fr-fr\/services\/gestion-entreprise\/\" target=\"\" rel=\"noopener noreferrer\"><h4>Gestion d&#8217;entreprise<\/h4><\/a><\/div><\/div><\/div>\n\n\n\n<div class=\"wp-block-cg-blocks-card-related-capabilities col-md-4 gridbox card-block\"><div class=\"box box--1 capblock\"><div class=\"box-img-wrapper\"><div class=\"img-ratio\"><img decoding=\"async\" src=\"https:\/\/www.capgemini.com\/fr-fr\/wp-content\/uploads\/sites\/6\/2025\/11\/Intelligent-industry-hero-banner-2880x1800-1.webp?w=500&amp;quality=70\" srcset=\"https:\/\/www.capgemini.com\/fr-fr\/wp-content\/uploads\/sites\/6\/2025\/11\/Intelligent-industry-hero-banner-2880x1800-1.webp?w=500&amp;quality=70 1x, https:\/\/www.capgemini.com\/fr-fr\/wp-content\/uploads\/sites\/6\/2025\/11\/Intelligent-industry-hero-banner-2880x1800-1.webp?w=1000&amp;quality=70 2x\" class=\"box-img\" alt=\"\" style=\"object-fit:cover;object-position:50% 50%\" loading=\"lazy\"\/><\/div><\/div><div class=\"box-inner\"><a class=\"box-title\" aria-label=\"Intelligent industry\" href=\"https:\/\/www.capgemini.com\/fr-fr\/services\/intelligent-industry\/\" target=\"\" rel=\"noopener noreferrer\" title=\"opens in a new window\"><h3 class=\"card-subtitle\">Intelligent industry<\/h3><\/a><\/div><\/div><\/div>\n\n\n\n<div class=\"wp-block-cg-blocks-card-related-capabilities col-md-4 gridbox card-block\"><div class=\"box box--1 capblock\"><div class=\"box-img-wrapper\"><div class=\"img-ratio\"><img decoding=\"async\" src=\"https:\/\/www.capgemini.com\/wp-content\/uploads\/2025\/11\/Sustainable-business-web-banner.webp?w=500&amp;quality=70\" srcset=\"https:\/\/www.capgemini.com\/wp-content\/uploads\/2025\/11\/Sustainable-business-web-banner.webp?w=500&amp;quality=70 1x, https:\/\/www.capgemini.com\/wp-content\/uploads\/2025\/11\/Sustainable-business-web-banner.webp?w=1000&amp;quality=70 2x\" class=\"box-img\" alt=\"\" style=\"object-fit:cover;object-position:50% 50%\" loading=\"lazy\"\/><\/div><\/div><div class=\"box-inner\"><a class=\"box-title\" aria-label=\"D\u00e9veloppement durable\" href=\"https:\/\/www.capgemini.com\/fr-fr\/services\/developpement-durable\/\" target=\"\" rel=\"noopener noreferrer\" title=\"opens in a new window\"><h3 class=\"card-subtitle\">D\u00e9veloppement durable<\/h3><\/a><\/div><\/div><\/div>\n<\/div><\/div><\/section>\n","protected":false},"excerpt":{"rendered":"<p>Nous nous appuyons pour cela sur deux piliers technologiques essentiels \u00e0 toute forme de transformation num\u00e9rique, \u00e0 savoir les donn\u00e9es et le cloud, sans perdre de vue les principes fondamentaux de la cybers\u00e9curit\u00e9 et du d\u00e9veloppement durable.<\/p>\n","protected":false},"author":76,"featured_media":699711,"parent":0,"menu_order":0,"comment_status":"closed","ping_status":"closed","template":"","meta":{"cg_dt_proposed_to":[21],"cg_seo_hreflang_relations":"[]","cg_seo_canonical_relation":"","cg_seo_hreflang_x_default_relation":"{\"uuid\":\"f6d007a4-bf16-4a7c-ad87-6d3b7c65aff5\",\"blogId\":\"1\",\"domain\":\"www.capgemini.com\",\"sitePath\":\"\/\",\"postLink\":\"https:\/\/www.capgemini.com\/insights\/research-library\/ai-led-generative-business-services-the-future-of-global-business-services-gbs\/\",\"postId\":1053976,\"isSaved\":false,\"isCrossLink\":false,\"hasCrossLink\":false,\"isEnabled\":true}","cg_dt_approved_content":true,"cg_dt_mandatory_content":false,"cg_dt_notes":"","cg_dg_source_changed":false,"cg_dt_link_disabled":true,"_yoast_wpseo_primary_brand":"","footnotes":"","featured_focal_points":"","partner_card_description":"","gsap_animation":0},"brand":[],"partner_type":[],"service":[],"industry":[],"partners":[],"page-type":[],"content-group":[],"class_list":["post-7615","page","type-page","status-publish","has-post-thumbnail","hentry"],"yoast_head":"<!-- This site is optimized with the Yoast SEO Premium plugin v22.8 (Yoast SEO v22.8) - https:\/\/yoast.com\/wordpress\/plugins\/seo\/ -->\n<title>Enterprise Management, Business Transformation And Consulting Services | Capgemini<\/title>\n<meta name=\"description\" content=\"Un portefeuille qui sait s\u2019adapter aux besoins en constante \u00e9volution de nos clients.\" \/>\n<meta name=\"robots\" content=\"index, follow, max-snippet:-1, max-image-preview:large, max-video-preview:-1\" \/>\n<link rel=\"canonical\" href=\"https:\/\/www.capgemini.com\/fr-fr\/services\/\" \/>\n<meta property=\"og:locale\" content=\"fr_FR\" \/>\n<meta property=\"og:type\" content=\"article\" \/>\n<meta property=\"og:title\" content=\"Services\" \/>\n<meta property=\"og:description\" content=\"Un portefeuille qui sait s\u2019adapter aux besoins en constante \u00e9volution de nos clients.\" \/>\n<meta property=\"og:url\" content=\"https:\/\/www.capgemini.com\/ca-fr\/services\/\" \/>\n<meta property=\"og:site_name\" content=\"Capgemini Canada French\" \/>\n<meta property=\"article:modified_time\" content=\"2025-10-28T12:59:46+00:00\" \/>\n<meta property=\"og:image\" content=\"https:\/\/www.capgemini.com\/ca-fr\/wp-content\/uploads\/sites\/21\/2025\/10\/New-Web-preview-global.jpg\" \/>\n\t<meta property=\"og:image:width\" content=\"1200\" \/>\n\t<meta property=\"og:image:height\" content=\"627\" \/>\n\t<meta property=\"og:image:type\" content=\"image\/jpeg\" \/>\n<meta name=\"twitter:card\" content=\"summary_large_image\" \/>\n<meta name=\"twitter:label1\" content=\"Est. reading time\" \/>\n\t<meta name=\"twitter:data1\" content=\"3 minutes\" \/>\n<script type=\"application\/ld+json\" class=\"yoast-schema-graph\">{\"@context\":\"https:\/\/schema.org\",\"@graph\":[{\"@type\":\"WebPage\",\"@id\":\"https:\/\/www.capgemini.com\/ca-fr\/services\/\",\"url\":\"https:\/\/www.capgemini.com\/ca-fr\/services\/\",\"name\":\"Enterprise Management, Business Transformation And Consulting Services | Capgemini\",\"isPartOf\":{\"@id\":\"https:\/\/www.capgemini.com\/ca-fr\/#website\"},\"primaryImageOfPage\":{\"@id\":\"https:\/\/www.capgemini.com\/ca-fr\/services\/#primaryimage\"},\"image\":{\"@id\":\"https:\/\/www.capgemini.com\/ca-fr\/services\/#primaryimage\"},\"thumbnailUrl\":\"https:\/\/www.capgemini.com\/ca-fr\/wp-content\/uploads\/sites\/21\/2021\/04\/2022-FR-Featured-Image-Nos-Services-1.jpg\",\"datePublished\":\"2021-04-08T07:44:51+00:00\",\"dateModified\":\"2025-10-28T12:59:46+00:00\",\"description\":\"Un portefeuille qui sait s\u2019adapter aux besoins en constante \u00e9volution de nos clients.\",\"breadcrumb\":{\"@id\":\"https:\/\/www.capgemini.com\/ca-fr\/services\/#breadcrumb\"},\"inLanguage\":\"fr-FR\",\"potentialAction\":[{\"@type\":\"ReadAction\",\"target\":[\"https:\/\/www.capgemini.com\/ca-fr\/services\/\"]}]},{\"@type\":\"ImageObject\",\"inLanguage\":\"fr-FR\",\"@id\":\"https:\/\/www.capgemini.com\/ca-fr\/services\/#primaryimage\",\"url\":\"https:\/\/www.capgemini.com\/ca-fr\/wp-content\/uploads\/sites\/21\/2021\/04\/2022-FR-Featured-Image-Nos-Services-1.jpg\",\"contentUrl\":\"https:\/\/www.capgemini.com\/ca-fr\/wp-content\/uploads\/sites\/21\/2021\/04\/2022-FR-Featured-Image-Nos-Services-1.jpg\",\"width\":630,\"height\":630},{\"@type\":\"BreadcrumbList\",\"@id\":\"https:\/\/www.capgemini.com\/ca-fr\/services\/#breadcrumb\",\"itemListElement\":[{\"@type\":\"ListItem\",\"position\":1,\"name\":\"Home\",\"item\":\"https:\/\/www.capgemini.com\/ca-fr\/\"},{\"@type\":\"ListItem\",\"position\":2,\"name\":\"Services\"}]},{\"@type\":\"WebSite\",\"@id\":\"https:\/\/www.capgemini.com\/ca-fr\/#website\",\"url\":\"https:\/\/www.capgemini.com\/ca-fr\/\",\"name\":\"Capgemini Canada French\",\"description\":\"Capgemini\",\"potentialAction\":[{\"@type\":\"SearchAction\",\"target\":{\"@type\":\"EntryPoint\",\"urlTemplate\":\"https:\/\/www.capgemini.com\/ca-fr\/?s={search_term_string}\"},\"query-input\":\"required name=search_term_string\"}],\"inLanguage\":\"fr-FR\"}]}<\/script>\n<!-- \/ Yoast SEO Premium plugin. -->","yoast_head_json":{"title":"Enterprise Management, Business Transformation And Consulting Services | Capgemini","description":"Un portefeuille qui sait s\u2019adapter aux besoins en constante \u00e9volution de nos clients.","robots":{"index":"index","follow":"follow","max-snippet":"max-snippet:-1","max-image-preview":"max-image-preview:large","max-video-preview":"max-video-preview:-1"},"canonical":"https:\/\/www.capgemini.com\/fr-fr\/services\/","og_locale":"fr_FR","og_type":"article","og_title":"Services","og_description":"Un portefeuille qui sait s\u2019adapter aux besoins en constante \u00e9volution de nos clients.","og_url":"https:\/\/www.capgemini.com\/ca-fr\/services\/","og_site_name":"Capgemini Canada French","article_modified_time":"2025-10-28T12:59:46+00:00","og_image":[{"width":1200,"height":627,"url":"https:\/\/www.capgemini.com\/ca-fr\/wp-content\/uploads\/sites\/21\/2025\/10\/New-Web-preview-global.jpg","type":"image\/jpeg"}],"twitter_card":"summary_large_image","twitter_misc":{"Est. reading time":"3 minutes"},"schema":{"@context":"https:\/\/schema.org","@graph":[{"@type":"WebPage","@id":"https:\/\/www.capgemini.com\/ca-fr\/services\/","url":"https:\/\/www.capgemini.com\/ca-fr\/services\/","name":"Enterprise Management, Business Transformation And Consulting Services | Capgemini","isPartOf":{"@id":"https:\/\/www.capgemini.com\/ca-fr\/#website"},"primaryImageOfPage":{"@id":"https:\/\/www.capgemini.com\/ca-fr\/services\/#primaryimage"},"image":{"@id":"https:\/\/www.capgemini.com\/ca-fr\/services\/#primaryimage"},"thumbnailUrl":"https:\/\/www.capgemini.com\/ca-fr\/wp-content\/uploads\/sites\/21\/2021\/04\/2022-FR-Featured-Image-Nos-Services-1.jpg","datePublished":"2021-04-08T07:44:51+00:00","dateModified":"2025-10-28T12:59:46+00:00","description":"Un portefeuille qui sait s\u2019adapter aux besoins en constante \u00e9volution de nos clients.","breadcrumb":{"@id":"https:\/\/www.capgemini.com\/ca-fr\/services\/#breadcrumb"},"inLanguage":"fr-FR","potentialAction":[{"@type":"ReadAction","target":["https:\/\/www.capgemini.com\/ca-fr\/services\/"]}]},{"@type":"ImageObject","inLanguage":"fr-FR","@id":"https:\/\/www.capgemini.com\/ca-fr\/services\/#primaryimage","url":"https:\/\/www.capgemini.com\/ca-fr\/wp-content\/uploads\/sites\/21\/2021\/04\/2022-FR-Featured-Image-Nos-Services-1.jpg","contentUrl":"https:\/\/www.capgemini.com\/ca-fr\/wp-content\/uploads\/sites\/21\/2021\/04\/2022-FR-Featured-Image-Nos-Services-1.jpg","width":630,"height":630},{"@type":"BreadcrumbList","@id":"https:\/\/www.capgemini.com\/ca-fr\/services\/#breadcrumb","itemListElement":[{"@type":"ListItem","position":1,"name":"Home","item":"https:\/\/www.capgemini.com\/ca-fr\/"},{"@type":"ListItem","position":2,"name":"Services"}]},{"@type":"WebSite","@id":"https:\/\/www.capgemini.com\/ca-fr\/#website","url":"https:\/\/www.capgemini.com\/ca-fr\/","name":"Capgemini Canada French","description":"Capgemini","potentialAction":[{"@type":"SearchAction","target":{"@type":"EntryPoint","urlTemplate":"https:\/\/www.capgemini.com\/ca-fr\/?s={search_term_string}"},"query-input":"required name=search_term_string"}],"inLanguage":"fr-FR"}]}},"brand_term":[],"parsely":{"version":"1.1.0","canonical_url":"https:\/\/capgemini.com\/ca-fr\/services\/","smart_links":{"inbound":0,"outbound":0},"traffic_boost_suggestions_count":0,"meta":{"@context":"https:\/\/schema.org","@type":"WebPage","headline":"Services","url":"https:\/\/www.capgemini.com\/ca-fr\/services\/","mainEntityOfPage":{"@type":"WebPage","@id":"https:\/\/www.capgemini.com\/ca-fr\/services\/"},"thumbnailUrl":"https:\/\/www.capgemini.com\/ca-fr\/wp-content\/uploads\/sites\/21\/2021\/04\/2022-FR-Featured-Image-Nos-Services-1.jpg?w=150&h=150&crop=1","image":{"@type":"ImageObject","url":"https:\/\/www.capgemini.com\/ca-fr\/wp-content\/uploads\/sites\/21\/2021\/04\/2022-FR-Featured-Image-Nos-Services-1.jpg"},"articleSection":"Uncategorized","author":[],"creator":[],"publisher":{"@type":"Organization","name":"Capgemini Canada French","logo":""},"keywords":[],"dateCreated":"2021-04-08T07:44:51Z","datePublished":"2021-04-08T07:44:51Z","dateModified":"2025-10-28T12:59:46Z"},"rendered":"<meta name=\"parsely-title\" content=\"Services\" \/>\n<meta name=\"parsely-link\" content=\"https:\/\/www.capgemini.com\/ca-fr\/services\/\" \/>\n<meta name=\"parsely-type\" content=\"index\" \/>\n<meta name=\"parsely-image-url\" content=\"https:\/\/www.capgemini.com\/ca-fr\/wp-content\/uploads\/sites\/21\/2021\/04\/2022-FR-Featured-Image-Nos-Services-1.jpg?w=150&amp;h=150&amp;crop=1\" \/>\n<meta name=\"parsely-pub-date\" content=\"2021-04-08T07:44:51Z\" \/>\n<meta name=\"parsely-section\" content=\"Uncategorized\" \/>","tracker_url":"https:\/\/cdn.parsely.com\/keys\/capgemini.com\/p.js"},"archive_status":false,"featured_image_src":"https:\/\/www.capgemini.com\/ca-fr\/wp-content\/uploads\/sites\/21\/2021\/04\/2022-FR-Featured-Image-Nos-Services-1.jpg","featured_image_alt":"","jetpack_sharing_enabled":true,"distributor_meta":false,"distributor_terms":false,"distributor_media":false,"distributor_original_site_name":"Capgemini Canada French","distributor_original_site_url":"https:\/\/www.capgemini.com\/ca-fr","push-errors":false,"_links":{"self":[{"href":"https:\/\/www.capgemini.com\/ca-fr\/wp-json\/wp\/v2\/pages\/7615","targetHints":{"allow":["GET"]}}],"collection":[{"href":"https:\/\/www.capgemini.com\/ca-fr\/wp-json\/wp\/v2\/pages"}],"about":[{"href":"https:\/\/www.capgemini.com\/ca-fr\/wp-json\/wp\/v2\/types\/page"}],"author":[{"embeddable":true,"href":"https:\/\/www.capgemini.com\/ca-fr\/wp-json\/wp\/v2\/users\/76"}],"replies":[{"embeddable":true,"href":"https:\/\/www.capgemini.com\/ca-fr\/wp-json\/wp\/v2\/comments?post=7615"}],"version-history":[{"count":16,"href":"https:\/\/www.capgemini.com\/ca-fr\/wp-json\/wp\/v2\/pages\/7615\/revisions"}],"predecessor-version":[{"id":710769,"href":"https:\/\/www.capgemini.com\/ca-fr\/wp-json\/wp\/v2\/pages\/7615\/revisions\/710769"}],"wp:featuredmedia":[{"embeddable":true,"href":"https:\/\/www.capgemini.com\/ca-fr\/wp-json\/wp\/v2\/media\/699711"}],"wp:attachment":[{"href":"https:\/\/www.capgemini.com\/ca-fr\/wp-json\/wp\/v2\/media?parent=7615"}],"wp:term":[{"taxonomy":"brand","embeddable":true,"href":"https:\/\/www.capgemini.com\/ca-fr\/wp-json\/wp\/v2\/brand?post=7615"},{"taxonomy":"partner_type","embeddable":true,"href":"https:\/\/www.capgemini.com\/ca-fr\/wp-json\/wp\/v2\/partner_type?post=7615"},{"taxonomy":"service","embeddable":true,"href":"https:\/\/www.capgemini.com\/ca-fr\/wp-json\/wp\/v2\/service?post=7615"},{"taxonomy":"industry","embeddable":true,"href":"https:\/\/www.capgemini.com\/ca-fr\/wp-json\/wp\/v2\/industry?post=7615"},{"taxonomy":"partners","embeddable":true,"href":"https:\/\/www.capgemini.com\/ca-fr\/wp-json\/wp\/v2\/partners?post=7615"},{"taxonomy":"page-type","embeddable":true,"href":"https:\/\/www.capgemini.com\/ca-fr\/wp-json\/wp\/v2\/page-type?post=7615"},{"taxonomy":"content-group","embeddable":true,"href":"https:\/\/www.capgemini.com\/ca-fr\/wp-json\/wp\/v2\/content-group?post=7615"}],"curies":[{"name":"wp","href":"https:\/\/api.w.org\/{rel}","templated":true}]}}