{"id":7543,"date":"2021-08-04T07:11:34","date_gmt":"2021-08-04T07:11:34","guid":{"rendered":"https:\/\/www.capgemini.com\/?page_id=611744"},"modified":"2025-04-01T06:58:30","modified_gmt":"2025-04-01T06:58:30","slug":"politique-dutilisation-des-medias-sociaux","status":"publish","type":"page","link":"https:\/\/www.capgemini.com\/ca-fr\/actualites\/reseaux-sociaux\/politique-dutilisation-des-medias-sociaux\/","title":{"rendered":"Politique d\u2019utilisation des m\u00e9dias sociaux"},"content":{"rendered":"\n<div class=\"wp-block-cg-blocks-hero-picture-card undefined  heroPictureCard heroPictureCardLogTitle header header--sub header--news card-outside\"><div class=\"heroPictureCardBgs\"><picture><source srcset=\"https:\/\/www.capgemini.com\/wp-content\/uploads\/2021\/12\/Capgemini_Social-media_house-rules_crop.jpg?w=2880&amp;quality=70 1x, https:\/\/www.capgemini.com\/wp-content\/uploads\/2021\/12\/Capgemini_Social-media_house-rules_crop.jpg?w=2880&amp;quality=70 2x\" media=\"(min-width: 1500px)\"\/><source srcset=\"https:\/\/www.capgemini.com\/wp-content\/uploads\/2021\/12\/Capgemini_Social-media_house-rules_crop.jpg?w=1440&amp;quality=70 1x, https:\/\/www.capgemini.com\/wp-content\/uploads\/2021\/12\/Capgemini_Social-media_house-rules_crop.jpg?w=2880&amp;quality=70 2x\" media=\"(min-width: 992px)\"\/><source srcset=\"https:\/\/www.capgemini.com\/wp-content\/uploads\/2021\/12\/Capgemini_Social-media_house-rules_crop.jpg?w=1024&amp;quality=70 1x, https:\/\/www.capgemini.com\/wp-content\/uploads\/2021\/12\/Capgemini_Social-media_house-rules_crop.jpg?w=1024&amp;quality=70 2x\" media=\"(min-width: 768px)\"\/><source srcset=\"https:\/\/www.capgemini.com\/wp-content\/uploads\/2021\/12\/Capgemini_Social-media_house-rules_crop.jpg?w=768&amp;quality=70 1x, https:\/\/www.capgemini.com\/wp-content\/uploads\/2021\/12\/Capgemini_Social-media_house-rules_crop.jpg?w=768&amp;quality=70 2x\" media=\"(min-width: 0)\"\/><img decoding=\"async\" src=\"https:\/\/www.capgemini.com\/wp-content\/uploads\/2021\/12\/Capgemini_Social-media_house-rules_crop.jpg\" class=\"desktopImage\" alt=\"\" style=\"object-fit:cover;object-position:50% 50%\" loading=\"eager\"\/><\/picture><picture><source srcset=\"https:\/\/www.capgemini.com\/wp-content\/uploads\/2021\/12\/Capgemini_Social-media_house-rules_crop.jpg?w=2880&amp;quality=70 1x, https:\/\/www.capgemini.com\/wp-content\/uploads\/2021\/12\/Capgemini_Social-media_house-rules_crop.jpg?w=2880&amp;quality=70 2x\" media=\"(min-width: 1500px)\"\/><source srcset=\"https:\/\/www.capgemini.com\/wp-content\/uploads\/2021\/12\/Capgemini_Social-media_house-rules_crop.jpg?w=1440&amp;quality=70 1x, https:\/\/www.capgemini.com\/wp-content\/uploads\/2021\/12\/Capgemini_Social-media_house-rules_crop.jpg?w=2880&amp;quality=70 2x\" media=\"(min-width: 992px)\"\/><source srcset=\"https:\/\/www.capgemini.com\/wp-content\/uploads\/2021\/12\/Capgemini_Social-media_house-rules_crop.jpg?w=1024&amp;quality=70 1x, https:\/\/www.capgemini.com\/wp-content\/uploads\/2021\/12\/Capgemini_Social-media_house-rules_crop.jpg?w=1024&amp;quality=70 2x\" media=\"(min-width: 768px)\"\/><source srcset=\"https:\/\/www.capgemini.com\/wp-content\/uploads\/2021\/12\/Capgemini_Social-media_house-rules_crop.jpg?w=768&amp;quality=70 1x, https:\/\/www.capgemini.com\/wp-content\/uploads\/2021\/12\/Capgemini_Social-media_house-rules_crop.jpg?w=768&amp;quality=70 2x\" media=\"(min-width: 0)\"\/><img decoding=\"async\" src=\"https:\/\/www.capgemini.com\/wp-content\/uploads\/2021\/12\/Capgemini_Social-media_house-rules_crop.jpg\" class=\"mobileImage\" alt=\"\" style=\"object-fit:cover;object-position:50% 50%\" loading=\"eager\"\/><\/picture><\/div><div class=\"heroPictureCardHeaderShape\"><\/div><div class=\"container\"><div class=\"row\"><div class=\"col-md-10 col-lg-10 LongTitle\"><div class=\"heroPictureCardBox\"><div class=\"heroPictureCardBoxTitle\"><h1 data-maxlength=\"144\">Politique d&#8217;utilisation des m\u00e9dias sociaux<\/h1><\/div><\/div><\/div><\/div><\/div><div class=\"small-device\"><div class=\"logoWrapperLongTitle\"> <\/div><\/div><\/div>\n\n\n\n<section class=\"wp-block-cg-blocks-intro-para undefined section section--intro pt48\"><div class=\"intro-para\"><div class=\"container\"><div class=\"row\"><div class=\"col-12 col-md-1\"><nav class=\"article-social\"><ul class=\"social-nav\"><li class=\"ip-order-fb\"><a href=\"https:\/\/www.facebook.com\/sharer\/sharer.php?u=https:\/\/www.capgemini.com\/ca-fr\/actualites\/reseaux-sociaux\/politique-dutilisation-des-medias-sociaux\/\" target=\"_blank\" rel=\"noopener noreferrer\" title=\"Ouvrir dans une nouvelle fen\u00eatre\"><i aria-hidden=\"true\" class=\"icon-fb\"><\/i><span class=\"sr-only\">Facebook<\/span><\/a><\/li><li class=\"ip-order-li\"><a href=\"https:\/\/www.linkedin.com\/sharing\/share-offsite\/?url=https:\/\/www.capgemini.com\/ca-fr\/actualites\/reseaux-sociaux\/politique-dutilisation-des-medias-sociaux\/\" target=\"_blank\" rel=\"noopener noreferrer\" title=\"Ouvrir dans une nouvelle fen\u00eatre\"><i aria-hidden=\"true\" class=\"icon-li\"><\/i><span class=\"sr-only\">Linkedin<\/span><\/a><\/li><\/ul><\/nav><\/div><div class=\"col-12 col-md-11 col-lg-10\"><h2 class=\"intro-para-title\">Alors que notre\u00a0<a href=\"https:\/\/www.capgemini.com\/fr-fr\/actualites\/reseaux-sociaux\/code-de-conduite-reseaux-sociaux\/\">charte relative \u00e0 l\u2019utilisation des m\u00e9dias sociaux<\/a>\u00a0d\u00e9finit la mani\u00e8re dont nous attendons des employ\u00e9s de Capgemini qu\u2019ils se conduisent en ligne, ces r\u00e8gles expliquent le type de comportement que nous attendons de toute personne interagissant avec nous sur les m\u00e9dias sociaux.<\/h2><p class=\"intro-para-content\"><br>Nous visons \u00e0 faire de nos m\u00e9dias sociaux une exp\u00e9rience agr\u00e9able \u00e0 travers des communaut\u00e9s positives, constructives et solidaires. Dans ce but, nous nous r\u00e9servons le droit de supprimer tout message en violation de nos r\u00e8gles internes et de bloquer toute personne qui les violerait \u00e0 plusieurs reprises.<\/p><\/div><\/div><\/div><\/div><\/section>\n\n\n\n<section class=\"wp-block-cg-blocks-group undefined section section--article-content\"><div class=\"article-main-content\"><div class=\"container\"><div class=\"row\"><div class=\"col-12 col-md-11 col-lg-10 offset-md-1 offset-lg-1\"><div class=\"article-text article-quote-text\">\n<h3 class=\"wp-block-heading\" id=\"h-seront-supprimes-les-commentaires\">Seront supprim\u00e9s les commentaires :<\/h3>\n\n\n\n<ul class=\"wp-block-list\">\n<li>Abusifs, harcelant, traquant, mena\u00e7ant ou violant les droits l\u00e9gaux d\u2019autrui.<\/li>\n\n\n\n<li>Racistes, sexistes, homophobes, sexuellement explicites, abusifs ou autrement r\u00e9pr\u00e9hensibles.<\/li>\n\n\n\n<li>Contenant des gros mots ou un autre langage susceptible d\u2019offenser.<\/li>\n\n\n\n<li>O\u00f9 nous savons ou soup\u00e7onnons qu\u2019ils peuvent enfreindre la loi, tol\u00e9rer ou encourager des activit\u00e9s ill\u00e9gales. Cela inclut la publication, le post, la diffusion ou la propagation de tout mat\u00e9riel ou information diffamatoire, contrefait, obsc\u00e8ne, ind\u00e9cent, trompeur ou ill\u00e9gal.<\/li>\n\n\n\n<li>Annon\u00e7ant des produits ou des services dans un but lucratif.<\/li>\n\n\n\n<li>Faits pour appara\u00eetre comme si elles avaient \u00e9t\u00e9 post\u00e9es par quelqu\u2019un d\u2019autre.<\/li>\n\n\n\n<li>Post\u00e9s r\u00e9guli\u00e8rement le m\u00eame message qui n\u2019a aucun lien avec Capgemini et ses marques \u2013 \u00abspam\u00bb.<\/li>\n<\/ul>\n\n\n\n<p><span style=\"font-size: 1rem; letter-spacing: 0.4px;\">Nous nous r\u00e9servons le droit d\u2019adapter ces r\u00e8gles si n\u00e9cessaire et de supprimer du contenu pour des raisons non mentionn\u00e9es dans cette liste.<\/span><\/p>\n<\/div><\/div><\/div><\/div><\/div><\/section>\n\n\n\n<section class=\"wp-block-cg-blocks-wrapper-card-text-pic wrapperCardTextPic hero-bg-shape undefined section section--insights section--brands-subbrands\"><div class=\"container\"><div class=\"content-title\"><h3>Respecter ces r\u00e8gles internes<\/h3><\/div><div class=\"row\"><div class=\"col-md-12\">\n\n<div class=\"wp-block-cg-blocks-card-text-pic-left row card-text-pic leftCard\"><div class=\"row card-text-pic leftCard\"><div class=\"col-md-12\"><div class=\"box--section\"><div class=\"box row-nobleed\"><div class=\"col-lg-5 col-md-12 box-img-wrapper \"><picture><source srcset=\"https:\/\/www.capgemini.com\/wp-content\/uploads\/2021\/09\/Capgemini_Office-loby.jpg?w=1000&amp;quality=70 1x, https:\/\/www.capgemini.com\/wp-content\/uploads\/2021\/09\/Capgemini_Office-loby.jpg?w=1000&amp;quality=70 2x\" media=\"(min-width: 1500px)\"\/><source srcset=\"https:\/\/www.capgemini.com\/wp-content\/uploads\/2021\/09\/Capgemini_Office-loby.jpg?w=500&amp;quality=70 1x, https:\/\/www.capgemini.com\/wp-content\/uploads\/2021\/09\/Capgemini_Office-loby.jpg?w=1000&amp;quality=70 2x\" media=\"(min-width: 992px)\"\/><source srcset=\"https:\/\/www.capgemini.com\/wp-content\/uploads\/2021\/09\/Capgemini_Office-loby.jpg?w=768&amp;quality=70 1x, https:\/\/www.capgemini.com\/wp-content\/uploads\/2021\/09\/Capgemini_Office-loby.jpg?w=768&amp;quality=70 2x\" media=\"(min-width: 768px)\"\/><source srcset=\"https:\/\/www.capgemini.com\/wp-content\/uploads\/2021\/09\/Capgemini_Office-loby.jpg?w=556&amp;quality=70 1x, https:\/\/www.capgemini.com\/wp-content\/uploads\/2021\/09\/Capgemini_Office-loby.jpg?w=556&amp;quality=70 2x\" media=\"(min-width: 0)\"\/><img decoding=\"async\" src=\"https:\/\/www.capgemini.com\/wp-content\/uploads\/2021\/09\/Capgemini_Office-loby.jpg\" class=\"box-img-without-hover\" alt=\"\" style=\"object-fit:cover;object-position:50% 50%\" loading=\"lazy\"\/><\/picture><\/div><div class=\"col-lg-8 col-md-12 box-inner \"><h4 class=\"titlewithoutLink\" data-maxlength=\"144\"><\/h4><p class=\"box-text\" data-maxlength=\"600\">Les commentaires et autres documents publi\u00e9s par les utilisateurs de nos m\u00e9dias\u00a0sociaux ne refl\u00e8tent pas les opinions de Capgemini, et Capgemini ne confirme pas leur exactitude.<br><br>Si vous souhaitez nous signaler toute utilisation inappropri\u00e9e de ce site, veuillez contacter : <a href=\"mailto:socialmedia.fr@capgemini.com\">socialmedia.fr@capgemini.com<\/a><\/p><\/div><\/div><\/div><\/div><\/div><\/div>\n\n<\/div><\/div><\/div><\/section>\n\n\n\n<section class=\"wp-block-cg-blocks-learn-more learnMoreBlock updated-new-sample-amal section section--stories section--paths-opportunities\"><div class=\"container\"><div class=\"content-title\"><h2 class=\"learnmore-heading\">En savoir plus<\/h2><\/div><div class=\"row\"><div class=\"col-md-4\"><div class=\"box\"><div class=\"box-wrapper\"><a class=\"box-title\" href=\"https:\/\/www.capgemini.com\/fr-fr\/actualites\/reseaux-sociaux\/\" target=\"\" aria-label=\"Nos r\u00e9seaux sociaux\" rel=\"noopener noreferrer\"><div class=\"box-img-wrapper\"><img decoding=\"async\" src=\"https:\/\/www.capgemini.com\/wp-content\/uploads\/2021\/08\/Capgemini_Social-media-1.jpg?w=500&amp;quality=70\" srcset=\"https:\/\/www.capgemini.com\/wp-content\/uploads\/2021\/08\/Capgemini_Social-media-1.jpg?w=500&amp;quality=70 1x, https:\/\/www.capgemini.com\/wp-content\/uploads\/2021\/08\/Capgemini_Social-media-1.jpg?w=1000&amp;quality=70 2x\" class=\"box-img\" alt=\"\" style=\"object-fit:cover;object-position:50% 50%\" loading=\"lazy\"\/><\/div><h3 class=\"titleWithoutLink_learnMore\">Nos r\u00e9seaux sociaux<\/h3><\/a><\/div><\/div><div class=\"box-inner\"><\/div><\/div><div class=\"col-md-4\"><div class=\"box\"><div class=\"box-wrapper\"><a class=\"box-title\" href=\"https:\/\/www.capgemini.com\/fr-fr\/actualites\/reseaux-sociaux\/code-de-conduite-reseaux-sociaux\/\" target=\"\" aria-label=\"Notre code de conduite sur les r\u00e9seaux sociaux\" rel=\"noopener noreferrer\"><div class=\"box-img-wrapper\"><img decoding=\"async\" src=\"https:\/\/www.capgemini.com\/wp-content\/uploads\/2021\/12\/Capgemini_Social-media_code-of-conduct.jpg?w=500&amp;quality=70\" srcset=\"https:\/\/www.capgemini.com\/wp-content\/uploads\/2021\/12\/Capgemini_Social-media_code-of-conduct.jpg?w=500&amp;quality=70 1x, https:\/\/www.capgemini.com\/wp-content\/uploads\/2021\/12\/Capgemini_Social-media_code-of-conduct.jpg?w=1000&amp;quality=70 2x\" class=\"box-img\" alt=\"\" style=\"object-fit:cover;object-position:50% 50%\" loading=\"lazy\"\/><\/div><h3 class=\"titleWithoutLink_learnMore\">Notre code de conduite sur les r\u00e9seaux sociaux<\/h3><\/a><\/div><\/div><div class=\"box-inner\"><\/div><\/div><div class=\"col-md-4\"><div class=\"box\"><div class=\"box-wrapper\"><a class=\"box-title\" href=\"https:\/\/www.capgemini.com\/fr-fr\/notre-groupe\/gestion-gouvernance\/entreprise-responsable\/cybersecurite-protection-donnees\/\" target=\"\" aria-label=\"Cybers\u00e9curit\u00e9 et protection des donn\u00e9es\" rel=\"noopener noreferrer\"><div class=\"box-img-wrapper\"><img decoding=\"async\" src=\"https:\/\/www.capgemini.com\/wp-content\/uploads\/2021\/09\/Capgemini_About-US_DataProtection.jpg?w=500&amp;quality=70\" srcset=\"https:\/\/www.capgemini.com\/wp-content\/uploads\/2021\/09\/Capgemini_About-US_DataProtection.jpg?w=500&amp;quality=70 1x, https:\/\/www.capgemini.com\/wp-content\/uploads\/2021\/09\/Capgemini_About-US_DataProtection.jpg?w=1000&amp;quality=70 2x\" class=\"box-img\" alt=\"\" style=\"object-fit:cover;object-position:50% 50%\" loading=\"lazy\"\/><\/div><h3 class=\"titleWithoutLink_learnMore\">Cybers\u00e9curit\u00e9 et protection des donn\u00e9es<\/h3><\/a><\/div><\/div><div class=\"box-inner\"><\/div><\/div><\/div><\/div><\/section>\n","protected":false},"excerpt":{"rendered":"","protected":false},"author":33,"featured_media":0,"parent":0,"menu_order":0,"comment_status":"closed","ping_status":"closed","template":"","meta":{"cg_dt_proposed_to":[],"cg_seo_hreflang_relations":"[]","cg_seo_canonical_relation":"","cg_seo_hreflang_x_default_relation":"{\"uuid\":\"e605cdde-f25d-49af-ac7f-e0b07cc4c062\",\"blogId\":\"\",\"domain\":\"\",\"sitePath\":\"\",\"postLink\":\"\",\"postId\":null,\"isSaved\":true,\"isCrossLink\":false,\"hasCrossLink\":false}","cg_dt_approved_content":true,"cg_dt_mandatory_content":false,"cg_dt_notes":"","cg_dg_source_changed":false,"cg_dt_link_disabled":false,"_yoast_wpseo_primary_brand":"","footnotes":"","featured_focal_points":"","partner_card_description":"","gsap_animation":0},"brand":[],"partner_type":[],"service":[],"industry":[],"partners":[],"page-type":[],"content-group":[],"class_list":["post-7543","page","type-page","status-publish","hentry"],"yoast_head":"<!-- This site is optimized with the Yoast SEO Premium plugin v22.8 (Yoast SEO v22.8) - https:\/\/yoast.com\/wordpress\/plugins\/seo\/ -->\n<title>Social Media House Rules | Capgemini<\/title>\n<meta name=\"robots\" content=\"index, follow, max-snippet:-1, max-image-preview:large, max-video-preview:-1\" \/>\n<link rel=\"canonical\" href=\"https:\/\/www.capgemini.com\/fr-fr\/actualites\/reseaux-sociaux\/politique-dutilisation-des-medias-sociaux\/\" \/>\n<meta property=\"og:locale\" content=\"fr_FR\" \/>\n<meta property=\"og:type\" content=\"article\" \/>\n<meta property=\"og:title\" content=\"Politique d\u2019utilisation des m\u00e9dias sociaux\" \/>\n<meta property=\"og:url\" content=\"https:\/\/www.capgemini.com\/ca-fr\/actualites\/reseaux-sociaux\/politique-dutilisation-des-medias-sociaux\/\" \/>\n<meta property=\"og:site_name\" content=\"Capgemini Canada French\" \/>\n<meta property=\"article:modified_time\" content=\"2025-04-01T06:58:30+00:00\" \/>\n<meta property=\"og:image\" content=\"https:\/\/www.capgemini.com\/wp-content\/uploads\/2021\/12\/Capgemini_Social-media_house-rules_crop.jpg\" \/>\n<meta name=\"twitter:card\" content=\"summary_large_image\" \/>\n<meta name=\"twitter:label1\" content=\"Est. reading time\" \/>\n\t<meta name=\"twitter:data1\" content=\"3 minutes\" \/>\n<script type=\"application\/ld+json\" class=\"yoast-schema-graph\">{\"@context\":\"https:\/\/schema.org\",\"@graph\":[{\"@type\":\"WebPage\",\"@id\":\"https:\/\/www.capgemini.com\/ca-fr\/actualites\/reseaux-sociaux\/politique-dutilisation-des-medias-sociaux\/\",\"url\":\"https:\/\/www.capgemini.com\/ca-fr\/actualites\/reseaux-sociaux\/politique-dutilisation-des-medias-sociaux\/\",\"name\":\"Social Media House Rules | Capgemini\",\"isPartOf\":{\"@id\":\"https:\/\/www.capgemini.com\/ca-fr\/#website\"},\"primaryImageOfPage\":{\"@id\":\"https:\/\/www.capgemini.com\/ca-fr\/actualites\/reseaux-sociaux\/politique-dutilisation-des-medias-sociaux\/#primaryimage\"},\"image\":{\"@id\":\"https:\/\/www.capgemini.com\/ca-fr\/actualites\/reseaux-sociaux\/politique-dutilisation-des-medias-sociaux\/#primaryimage\"},\"thumbnailUrl\":\"https:\/\/www.capgemini.com\/wp-content\/uploads\/2021\/12\/Capgemini_Social-media_house-rules_crop.jpg\",\"datePublished\":\"2021-08-04T07:11:34+00:00\",\"dateModified\":\"2025-04-01T06:58:30+00:00\",\"breadcrumb\":{\"@id\":\"https:\/\/www.capgemini.com\/ca-fr\/actualites\/reseaux-sociaux\/politique-dutilisation-des-medias-sociaux\/#breadcrumb\"},\"inLanguage\":\"fr-FR\",\"potentialAction\":[{\"@type\":\"ReadAction\",\"target\":[\"https:\/\/www.capgemini.com\/ca-fr\/actualites\/reseaux-sociaux\/politique-dutilisation-des-medias-sociaux\/\"]}]},{\"@type\":\"ImageObject\",\"inLanguage\":\"fr-FR\",\"@id\":\"https:\/\/www.capgemini.com\/ca-fr\/actualites\/reseaux-sociaux\/politique-dutilisation-des-medias-sociaux\/#primaryimage\",\"url\":\"https:\/\/www.capgemini.com\/wp-content\/uploads\/2021\/12\/Capgemini_Social-media_house-rules_crop.jpg\",\"contentUrl\":\"https:\/\/www.capgemini.com\/wp-content\/uploads\/2021\/12\/Capgemini_Social-media_house-rules_crop.jpg\"},{\"@type\":\"BreadcrumbList\",\"@id\":\"https:\/\/www.capgemini.com\/ca-fr\/actualites\/reseaux-sociaux\/politique-dutilisation-des-medias-sociaux\/#breadcrumb\",\"itemListElement\":[{\"@type\":\"ListItem\",\"position\":1,\"name\":\"Home\",\"item\":\"https:\/\/www.capgemini.com\/ca-fr\/\"},{\"@type\":\"ListItem\",\"position\":2,\"name\":\"Politique d\u2019utilisation des m\u00e9dias sociaux\"}]},{\"@type\":\"WebSite\",\"@id\":\"https:\/\/www.capgemini.com\/ca-fr\/#website\",\"url\":\"https:\/\/www.capgemini.com\/ca-fr\/\",\"name\":\"Capgemini Canada French\",\"description\":\"Capgemini\",\"potentialAction\":[{\"@type\":\"SearchAction\",\"target\":{\"@type\":\"EntryPoint\",\"urlTemplate\":\"https:\/\/www.capgemini.com\/ca-fr\/?s={search_term_string}\"},\"query-input\":\"required name=search_term_string\"}],\"inLanguage\":\"fr-FR\"}]}<\/script>\n<!-- \/ Yoast SEO Premium plugin. -->","yoast_head_json":{"title":"Social Media House Rules | Capgemini","robots":{"index":"index","follow":"follow","max-snippet":"max-snippet:-1","max-image-preview":"max-image-preview:large","max-video-preview":"max-video-preview:-1"},"canonical":"https:\/\/www.capgemini.com\/fr-fr\/actualites\/reseaux-sociaux\/politique-dutilisation-des-medias-sociaux\/","og_locale":"fr_FR","og_type":"article","og_title":"Politique d\u2019utilisation des m\u00e9dias sociaux","og_url":"https:\/\/www.capgemini.com\/ca-fr\/actualites\/reseaux-sociaux\/politique-dutilisation-des-medias-sociaux\/","og_site_name":"Capgemini Canada French","article_modified_time":"2025-04-01T06:58:30+00:00","og_image":[{"url":"https:\/\/www.capgemini.com\/wp-content\/uploads\/2021\/12\/Capgemini_Social-media_house-rules_crop.jpg"}],"twitter_card":"summary_large_image","twitter_misc":{"Est. reading time":"3 minutes"},"schema":{"@context":"https:\/\/schema.org","@graph":[{"@type":"WebPage","@id":"https:\/\/www.capgemini.com\/ca-fr\/actualites\/reseaux-sociaux\/politique-dutilisation-des-medias-sociaux\/","url":"https:\/\/www.capgemini.com\/ca-fr\/actualites\/reseaux-sociaux\/politique-dutilisation-des-medias-sociaux\/","name":"Social Media House Rules | Capgemini","isPartOf":{"@id":"https:\/\/www.capgemini.com\/ca-fr\/#website"},"primaryImageOfPage":{"@id":"https:\/\/www.capgemini.com\/ca-fr\/actualites\/reseaux-sociaux\/politique-dutilisation-des-medias-sociaux\/#primaryimage"},"image":{"@id":"https:\/\/www.capgemini.com\/ca-fr\/actualites\/reseaux-sociaux\/politique-dutilisation-des-medias-sociaux\/#primaryimage"},"thumbnailUrl":"https:\/\/www.capgemini.com\/wp-content\/uploads\/2021\/12\/Capgemini_Social-media_house-rules_crop.jpg","datePublished":"2021-08-04T07:11:34+00:00","dateModified":"2025-04-01T06:58:30+00:00","breadcrumb":{"@id":"https:\/\/www.capgemini.com\/ca-fr\/actualites\/reseaux-sociaux\/politique-dutilisation-des-medias-sociaux\/#breadcrumb"},"inLanguage":"fr-FR","potentialAction":[{"@type":"ReadAction","target":["https:\/\/www.capgemini.com\/ca-fr\/actualites\/reseaux-sociaux\/politique-dutilisation-des-medias-sociaux\/"]}]},{"@type":"ImageObject","inLanguage":"fr-FR","@id":"https:\/\/www.capgemini.com\/ca-fr\/actualites\/reseaux-sociaux\/politique-dutilisation-des-medias-sociaux\/#primaryimage","url":"https:\/\/www.capgemini.com\/wp-content\/uploads\/2021\/12\/Capgemini_Social-media_house-rules_crop.jpg","contentUrl":"https:\/\/www.capgemini.com\/wp-content\/uploads\/2021\/12\/Capgemini_Social-media_house-rules_crop.jpg"},{"@type":"BreadcrumbList","@id":"https:\/\/www.capgemini.com\/ca-fr\/actualites\/reseaux-sociaux\/politique-dutilisation-des-medias-sociaux\/#breadcrumb","itemListElement":[{"@type":"ListItem","position":1,"name":"Home","item":"https:\/\/www.capgemini.com\/ca-fr\/"},{"@type":"ListItem","position":2,"name":"Politique d\u2019utilisation des m\u00e9dias sociaux"}]},{"@type":"WebSite","@id":"https:\/\/www.capgemini.com\/ca-fr\/#website","url":"https:\/\/www.capgemini.com\/ca-fr\/","name":"Capgemini Canada French","description":"Capgemini","potentialAction":[{"@type":"SearchAction","target":{"@type":"EntryPoint","urlTemplate":"https:\/\/www.capgemini.com\/ca-fr\/?s={search_term_string}"},"query-input":"required name=search_term_string"}],"inLanguage":"fr-FR"}]}},"brand_term":[],"parsely":{"version":"1.1.0","canonical_url":"https:\/\/capgemini.com\/ca-fr\/actualites\/reseaux-sociaux\/politique-dutilisation-des-medias-sociaux\/","smart_links":{"inbound":0,"outbound":0},"traffic_boost_suggestions_count":0,"meta":{"@context":"https:\/\/schema.org","@type":"WebPage","headline":"Politique d\u2019utilisation des m\u00e9dias sociaux","url":"https:\/\/www.capgemini.com\/ca-fr\/actualites\/reseaux-sociaux\/politique-dutilisation-des-medias-sociaux\/","mainEntityOfPage":{"@type":"WebPage","@id":"https:\/\/www.capgemini.com\/ca-fr\/actualites\/reseaux-sociaux\/politique-dutilisation-des-medias-sociaux\/"},"thumbnailUrl":"","image":{"@type":"ImageObject","url":""},"articleSection":"Uncategorized","author":[],"creator":[],"publisher":{"@type":"Organization","name":"Capgemini Canada French","logo":""},"keywords":[],"dateCreated":"2021-08-04T07:11:34Z","datePublished":"2021-08-04T07:11:34Z","dateModified":"2025-04-01T06:58:30Z"},"rendered":"<meta name=\"parsely-title\" content=\"Politique d\u2019utilisation des m\u00e9dias sociaux\" \/>\n<meta name=\"parsely-link\" content=\"https:\/\/www.capgemini.com\/ca-fr\/actualites\/reseaux-sociaux\/politique-dutilisation-des-medias-sociaux\/\" \/>\n<meta name=\"parsely-type\" content=\"index\" \/>\n<meta name=\"parsely-pub-date\" content=\"2021-08-04T07:11:34Z\" \/>\n<meta name=\"parsely-section\" content=\"Uncategorized\" \/>","tracker_url":"https:\/\/cdn.parsely.com\/keys\/capgemini.com\/p.js"},"archive_status":false,"featured_image_src":"https:\/\/www.capgemini.com\/ca-fr\/wp-content\/themes\/capgemini2025\/assets\/images\/mockup.png","featured_image_alt":false,"jetpack_sharing_enabled":true,"distributor_meta":false,"distributor_terms":false,"distributor_media":false,"distributor_original_site_name":"Capgemini Canada French","distributor_original_site_url":"https:\/\/www.capgemini.com\/ca-fr","push-errors":false,"_links":{"self":[{"href":"https:\/\/www.capgemini.com\/ca-fr\/wp-json\/wp\/v2\/pages\/7543","targetHints":{"allow":["GET"]}}],"collection":[{"href":"https:\/\/www.capgemini.com\/ca-fr\/wp-json\/wp\/v2\/pages"}],"about":[{"href":"https:\/\/www.capgemini.com\/ca-fr\/wp-json\/wp\/v2\/types\/page"}],"author":[{"embeddable":true,"href":"https:\/\/www.capgemini.com\/ca-fr\/wp-json\/wp\/v2\/users\/33"}],"replies":[{"embeddable":true,"href":"https:\/\/www.capgemini.com\/ca-fr\/wp-json\/wp\/v2\/comments?post=7543"}],"version-history":[{"count":9,"href":"https:\/\/www.capgemini.com\/ca-fr\/wp-json\/wp\/v2\/pages\/7543\/revisions"}],"predecessor-version":[{"id":708515,"href":"https:\/\/www.capgemini.com\/ca-fr\/wp-json\/wp\/v2\/pages\/7543\/revisions\/708515"}],"wp:attachment":[{"href":"https:\/\/www.capgemini.com\/ca-fr\/wp-json\/wp\/v2\/media?parent=7543"}],"wp:term":[{"taxonomy":"brand","embeddable":true,"href":"https:\/\/www.capgemini.com\/ca-fr\/wp-json\/wp\/v2\/brand?post=7543"},{"taxonomy":"partner_type","embeddable":true,"href":"https:\/\/www.capgemini.com\/ca-fr\/wp-json\/wp\/v2\/partner_type?post=7543"},{"taxonomy":"service","embeddable":true,"href":"https:\/\/www.capgemini.com\/ca-fr\/wp-json\/wp\/v2\/service?post=7543"},{"taxonomy":"industry","embeddable":true,"href":"https:\/\/www.capgemini.com\/ca-fr\/wp-json\/wp\/v2\/industry?post=7543"},{"taxonomy":"partners","embeddable":true,"href":"https:\/\/www.capgemini.com\/ca-fr\/wp-json\/wp\/v2\/partners?post=7543"},{"taxonomy":"page-type","embeddable":true,"href":"https:\/\/www.capgemini.com\/ca-fr\/wp-json\/wp\/v2\/page-type?post=7543"},{"taxonomy":"content-group","embeddable":true,"href":"https:\/\/www.capgemini.com\/ca-fr\/wp-json\/wp\/v2\/content-group?post=7543"}],"curies":[{"name":"wp","href":"https:\/\/api.w.org\/{rel}","templated":true}]}}