{"id":7518,"date":"2021-09-21T13:18:52","date_gmt":"2021-09-21T13:18:52","guid":{"rendered":"https:\/\/www.capgemini.com\/?page_id=626734"},"modified":"2025-04-01T06:53:49","modified_gmt":"2025-04-01T06:53:49","slug":"business-command-center","status":"publish","type":"page","link":"https:\/\/www.capgemini.com\/ca-fr\/solutions\/business-command-center\/","title":{"rendered":"Business command center"},"content":{"rendered":"\n<header class=\"wp-block-cg-blocks-hero-reusable header heroReusable  \"><div class=\"header-bgs\"><picture><source srcset=\"https:\/\/www.capgemini.com\/wp-content\/uploads\/2021\/10\/Capgemini_Business-Command-Centre.jpg?w=2880&amp;quality=70 1x, https:\/\/www.capgemini.com\/wp-content\/uploads\/2021\/10\/Capgemini_Business-Command-Centre.jpg?w=2880&amp;quality=70 2x\" media=\"(min-width: 1500px)\"\/><source srcset=\"https:\/\/www.capgemini.com\/wp-content\/uploads\/2021\/10\/Capgemini_Business-Command-Centre.jpg?w=1440&amp;quality=70 1x, https:\/\/www.capgemini.com\/wp-content\/uploads\/2021\/10\/Capgemini_Business-Command-Centre.jpg?w=2880&amp;quality=70 2x\" media=\"(min-width: 992px)\"\/><source srcset=\"https:\/\/www.capgemini.com\/wp-content\/uploads\/2021\/10\/Capgemini_Business-Command-Centre.jpg?w=1024&amp;quality=70 1x, https:\/\/www.capgemini.com\/wp-content\/uploads\/2021\/10\/Capgemini_Business-Command-Centre.jpg?w=1024&amp;quality=70 2x\" media=\"(min-width: 768px)\"\/><source srcset=\"https:\/\/www.capgemini.com\/wp-content\/uploads\/2021\/10\/Capgemini_Business-Command-Centre.jpg?w=768&amp;quality=70 1x, https:\/\/www.capgemini.com\/wp-content\/uploads\/2021\/10\/Capgemini_Business-Command-Centre.jpg?w=768&amp;quality=70 2x\" media=\"(min-width: 0)\"\/><img decoding=\"async\" src=\"https:\/\/www.capgemini.com\/wp-content\/uploads\/2021\/10\/Capgemini_Business-Command-Centre.jpg\" class=\"header-img header-img-d\" alt=\"\" style=\"object-fit:cover;object-position:50% 50%\" loading=\"eager\"\/><\/picture><\/div><div class=\"heroPictureCardHeaderShape\"><\/div><div class=\"container\"><div class=\"row\"><div class=\"col-md-12\"><div class=\"box\"><div class=\"boxTagWrapper\"><div class=\"tagInfo\"><div><span class=\"box-tag\">Solution<\/span><\/div><\/div><\/div><div class=\"box-title\"><h1 data-maxlength=\"34\">Business command center<\/h1><\/div><h2 class=\"reasearchInsightTitle\">Approche de la transformation num\u00e9rique ax\u00e9e sur les connaissances et orient\u00e9e m\u00e9tier.<\/h2><div class=\"inner-row-insight download-btn\"><\/div><\/div><\/div><\/div><\/div><\/header>\n\n\n\n<section class=\"wp-block-cg-blocks-intro-para undefined section section--intro\"><div class=\"intro-para\"><div class=\"container\"><div class=\"row\"><div class=\"col-12 col-md-1\"><nav class=\"article-social\"><ul class=\"social-nav\"><li class=\"ip-order-fb\"><a href=\"https:\/\/www.facebook.com\/sharer\/sharer.php?u=https:\/\/www.capgemini.com\/ca-fr\/solutions\/business-command-center\/\" target=\"_blank\" rel=\"noopener noreferrer\" title=\"Ouvrir dans une nouvelle fen\u00eatre\"><i aria-hidden=\"true\" class=\"icon-fb\"><\/i><span class=\"sr-only\">Facebook<\/span><\/a><\/li><li class=\"ip-order-li\"><a href=\"https:\/\/www.linkedin.com\/sharing\/share-offsite\/?url=https:\/\/www.capgemini.com\/ca-fr\/solutions\/business-command-center\/\" target=\"_blank\" rel=\"noopener noreferrer\" title=\"Ouvrir dans une nouvelle fen\u00eatre\"><i aria-hidden=\"true\" class=\"icon-li\"><\/i><span class=\"sr-only\">Linkedin<\/span><\/a><\/li><\/ul><\/nav><\/div><div class=\"col-12 col-md-11 col-lg-10\"><h2 class=\"intro-para-title\">La transformation num\u00e9rique a chang\u00e9 notre fa\u00e7on de faire des affaires et d\u2019interagir avec nos clients.<\/h2><p class=\"intro-para-content\">La transformation num\u00e9rique entra\u00eene souvent une complexit\u00e9 accrue o\u00f9 les processus techniques qui animent une organisation deviennent invisibles, ce qui amm\u00e8ne des inefficacit\u00e9s et des performances sous-optimales. C\u2019est pourquoi nous avons d\u00e9velopp\u00e9 le Business Command Center, une approche globale ax\u00e9e sur les connaissances et sur l\u2019entreprise, destin\u00e9e \u00e0 \u00e9tablir une parfaite synergie entre vos processus, vos applications et votre informatique.<\/p><\/div><\/div><\/div><\/div><\/section>\n\n\n\n<section class=\"wp-block-cg-blocks-group undefined section section--article-content\"><div class=\"article-main-content\"><div class=\"container\"><div class=\"row\"><div class=\"col-12 col-md-11 col-lg-10 offset-md-1 offset-lg-1\"><div class=\"article-text article-quote-text\">\n<p>Avec Business Command Center, tout ce que vous faites est&nbsp;:<\/p>\n\n\n\n<ul class=\"wp-block-list\">\n<li>Mesur\u00e9 par rapport \u00e0 un ensemble d\u2019objectifs m\u00e9tier<\/li>\n\n\n\n<li>R\u00e9gul\u00e9 \u00e0 partir d\u2019une fen\u00eatre unique ax\u00e9e sur votre entreprise<\/li>\n\n\n\n<li>Mis en \u0153uvre de mani\u00e8re agile et incr\u00e9mentielle pour garantir un risque minimal et un maximum d\u2019avantages<\/li>\n<\/ul>\n\n\n\n<p>Business Command Center va au-del\u00e0 de la surveillance informatique et vous offre une visibilit\u00e9 sur tous les aspects de votre entreprise, des processus complexes aux applications bas\u00e9es sur le cloud. Vous pouvez ainsi&nbsp;:<\/p>\n\n\n\n<ul class=\"wp-block-list\">\n<li><strong>Agir sur la richesse des informations dont vous disposez pour cr\u00e9er de la valeur commerciale<\/strong><\/li>\n\n\n\n<li><strong>G\u00e9rer en continu vos risques et am\u00e9liorer votre r\u00e9putation<\/strong><\/li>\n\n\n\n<li><strong>Visualiser tout en ligne en acc\u00e8s direct, partout et \u00e0 tout moment<\/strong><\/li>\n<\/ul>\n\n\n\n<p>Cette approche globale orient\u00e9e m\u00e9tier de la gestion des applications agit comme un flux constant pour la transformation et vous apporte les performances, l\u2019efficacit\u00e9, l\u2019innovation et les avantages commerciaux dont vous avez besoin pour garder une longueur d\u2019avance.<\/p>\n\n\n\n<p><strong>Voici comment Business Command Center peut vous aider&nbsp;:<\/strong><\/p>\n<\/div><\/div><\/div><\/div><\/div><\/section>\n\n\n\n<section class=\"wp-block-cg-blocks-intro-para-video section section--info-2cols section--insights section-video\"><div class=\"bg-color video-align-right\"><div class=\"container\"><div class=\"row video-align-left\"><div class=\"col-md-12\"><div class=\"video-align-left row box box--4 box--mini\"><div class=\"col-md-3\"><h3 class=\"Video-title\" data-maxlength=\"34\">Le centre Business Command Center<\/h3><div class=\"video-info\"><p data-maxlength=\"68\">D\u00e9couvrez la solution.<\/p><\/div><\/div><div class=\"col-md-8 box-img-wrapper\"><div class=\"video-box\"><div class=\"video-wrapper\"><iframe title=\"video-section\" src=\"https:\/\/www.youtube.com\/embed\/qLJd7TG8dGo\" frameborder=\"0\" rel=\"0\" allow=\"accelerometer; autoplay; encrypted-media; gyroscope; picture-in-picture\" allowfullscreen><\/iframe><\/div><\/div><\/div><div class=\"col-md-1\"><\/div><\/div><\/div><\/div><\/div><\/div><\/section>\n","protected":false},"excerpt":{"rendered":"<p>une approche ax\u00e9e sur les connaissances et sur l\u2019entreprise destin\u00e9e \u00e0 \u00e9tablir une  synergie entre vos processus et votre informatique<\/p>\n","protected":false},"author":151,"featured_media":704380,"parent":0,"menu_order":0,"comment_status":"closed","ping_status":"closed","template":"","meta":{"cg_dt_proposed_to":[],"cg_seo_hreflang_relations":"[]","cg_seo_canonical_relation":"","cg_seo_hreflang_x_default_relation":"{\"uuid\":\"cff016da-8b9e-4d76-b0ef-8b4a6ad73c96\",\"blogId\":\"\",\"domain\":\"\",\"sitePath\":\"\",\"postLink\":\"\",\"postId\":null,\"isSaved\":true,\"isCrossLink\":false,\"hasCrossLink\":false}","cg_dt_approved_content":true,"cg_dt_mandatory_content":false,"cg_dt_notes":"","cg_dg_source_changed":true,"cg_dt_link_disabled":false,"_yoast_wpseo_primary_brand":"","footnotes":"","featured_focal_points":"","partner_card_description":"","gsap_animation":0},"brand":[],"partner_type":[],"service":[],"industry":[],"partners":[],"page-type":[266],"content-group":[],"class_list":["post-7518","page","type-page","status-publish","has-post-thumbnail","hentry","page-type-solutions"],"yoast_head":"<!-- This site is optimized with the Yoast SEO Premium plugin v22.8 (Yoast SEO v22.8) - https:\/\/yoast.com\/wordpress\/plugins\/seo\/ -->\n<title>Business command center - Capgemini Canada French<\/title>\n<meta name=\"description\" content=\"une approche ax\u00e9e sur les connaissances et sur l\u2019entreprise destin\u00e9e \u00e0 \u00e9tablir une synergie entre vos processus et votre informatique\" \/>\n<meta name=\"robots\" content=\"index, follow, max-snippet:-1, max-image-preview:large, max-video-preview:-1\" \/>\n<link rel=\"canonical\" href=\"https:\/\/www.capgemini.com\/ca-fr\/solutions\/business-command-center\/\" \/>\n<meta property=\"og:locale\" content=\"fr_FR\" \/>\n<meta property=\"og:type\" content=\"article\" \/>\n<meta property=\"og:title\" content=\"Business command center\" \/>\n<meta property=\"og:description\" content=\"une approche ax\u00e9e sur les connaissances et sur l\u2019entreprise destin\u00e9e \u00e0 \u00e9tablir une synergie entre vos processus et votre informatique\" \/>\n<meta property=\"og:url\" content=\"https:\/\/www.capgemini.com\/ca-fr\/solutions\/business-command-center\/\" \/>\n<meta property=\"og:site_name\" content=\"Capgemini Canada French\" \/>\n<meta property=\"article:modified_time\" content=\"2025-04-01T06:53:49+00:00\" \/>\n<meta property=\"og:image\" content=\"https:\/\/www.capgemini.com\/ca-fr\/wp-content\/uploads\/sites\/21\/2025\/10\/New-Web-preview-global.jpg\" \/>\n\t<meta property=\"og:image:width\" content=\"1200\" \/>\n\t<meta property=\"og:image:height\" content=\"627\" \/>\n\t<meta property=\"og:image:type\" content=\"image\/jpeg\" \/>\n<meta name=\"twitter:card\" content=\"summary_large_image\" \/>\n<meta name=\"twitter:label1\" content=\"Est. reading time\" \/>\n\t<meta name=\"twitter:data1\" content=\"2 minutes\" \/>\n<script type=\"application\/ld+json\" class=\"yoast-schema-graph\">{\"@context\":\"https:\/\/schema.org\",\"@graph\":[{\"@type\":\"WebPage\",\"@id\":\"https:\/\/www.capgemini.com\/ca-fr\/solutions\/business-command-center\/\",\"url\":\"https:\/\/www.capgemini.com\/ca-fr\/solutions\/business-command-center\/\",\"name\":\"Business command center - Capgemini Canada French\",\"isPartOf\":{\"@id\":\"https:\/\/www.capgemini.com\/ca-fr\/#website\"},\"primaryImageOfPage\":{\"@id\":\"https:\/\/www.capgemini.com\/ca-fr\/solutions\/business-command-center\/#primaryimage\"},\"image\":{\"@id\":\"https:\/\/www.capgemini.com\/ca-fr\/solutions\/business-command-center\/#primaryimage\"},\"thumbnailUrl\":\"https:\/\/www.capgemini.com\/ca-fr\/wp-content\/uploads\/sites\/21\/2021\/09\/Capgemini_Business-Command-Centre-6.jpg\",\"datePublished\":\"2021-09-21T13:18:52+00:00\",\"dateModified\":\"2025-04-01T06:53:49+00:00\",\"description\":\"une approche ax\u00e9e sur les connaissances et sur l\u2019entreprise destin\u00e9e \u00e0 \u00e9tablir une synergie entre vos processus et votre informatique\",\"breadcrumb\":{\"@id\":\"https:\/\/www.capgemini.com\/ca-fr\/solutions\/business-command-center\/#breadcrumb\"},\"inLanguage\":\"fr-FR\",\"potentialAction\":[{\"@type\":\"ReadAction\",\"target\":[\"https:\/\/www.capgemini.com\/ca-fr\/solutions\/business-command-center\/\"]}]},{\"@type\":\"ImageObject\",\"inLanguage\":\"fr-FR\",\"@id\":\"https:\/\/www.capgemini.com\/ca-fr\/solutions\/business-command-center\/#primaryimage\",\"url\":\"https:\/\/www.capgemini.com\/ca-fr\/wp-content\/uploads\/sites\/21\/2021\/09\/Capgemini_Business-Command-Centre-6.jpg\",\"contentUrl\":\"https:\/\/www.capgemini.com\/ca-fr\/wp-content\/uploads\/sites\/21\/2021\/09\/Capgemini_Business-Command-Centre-6.jpg\",\"width\":2880,\"height\":1800},{\"@type\":\"BreadcrumbList\",\"@id\":\"https:\/\/www.capgemini.com\/ca-fr\/solutions\/business-command-center\/#breadcrumb\",\"itemListElement\":[{\"@type\":\"ListItem\",\"position\":1,\"name\":\"Home\",\"item\":\"https:\/\/www.capgemini.com\/ca-fr\/\"},{\"@type\":\"ListItem\",\"position\":2,\"name\":\"Business command center\"}]},{\"@type\":\"WebSite\",\"@id\":\"https:\/\/www.capgemini.com\/ca-fr\/#website\",\"url\":\"https:\/\/www.capgemini.com\/ca-fr\/\",\"name\":\"Capgemini Canada French\",\"description\":\"Capgemini\",\"potentialAction\":[{\"@type\":\"SearchAction\",\"target\":{\"@type\":\"EntryPoint\",\"urlTemplate\":\"https:\/\/www.capgemini.com\/ca-fr\/?s={search_term_string}\"},\"query-input\":\"required name=search_term_string\"}],\"inLanguage\":\"fr-FR\"}]}<\/script>\n<!-- \/ Yoast SEO Premium plugin. -->","yoast_head_json":{"title":"Business command center - Capgemini Canada French","description":"une approche ax\u00e9e sur les connaissances et sur l\u2019entreprise destin\u00e9e \u00e0 \u00e9tablir une synergie entre vos processus et votre informatique","robots":{"index":"index","follow":"follow","max-snippet":"max-snippet:-1","max-image-preview":"max-image-preview:large","max-video-preview":"max-video-preview:-1"},"canonical":"https:\/\/www.capgemini.com\/ca-fr\/solutions\/business-command-center\/","og_locale":"fr_FR","og_type":"article","og_title":"Business command center","og_description":"une approche ax\u00e9e sur les connaissances et sur l\u2019entreprise destin\u00e9e \u00e0 \u00e9tablir une synergie entre vos processus et votre informatique","og_url":"https:\/\/www.capgemini.com\/ca-fr\/solutions\/business-command-center\/","og_site_name":"Capgemini Canada French","article_modified_time":"2025-04-01T06:53:49+00:00","og_image":[{"width":1200,"height":627,"url":"https:\/\/www.capgemini.com\/ca-fr\/wp-content\/uploads\/sites\/21\/2025\/10\/New-Web-preview-global.jpg","type":"image\/jpeg"}],"twitter_card":"summary_large_image","twitter_misc":{"Est. reading time":"2 minutes"},"schema":{"@context":"https:\/\/schema.org","@graph":[{"@type":"WebPage","@id":"https:\/\/www.capgemini.com\/ca-fr\/solutions\/business-command-center\/","url":"https:\/\/www.capgemini.com\/ca-fr\/solutions\/business-command-center\/","name":"Business command center - Capgemini Canada French","isPartOf":{"@id":"https:\/\/www.capgemini.com\/ca-fr\/#website"},"primaryImageOfPage":{"@id":"https:\/\/www.capgemini.com\/ca-fr\/solutions\/business-command-center\/#primaryimage"},"image":{"@id":"https:\/\/www.capgemini.com\/ca-fr\/solutions\/business-command-center\/#primaryimage"},"thumbnailUrl":"https:\/\/www.capgemini.com\/ca-fr\/wp-content\/uploads\/sites\/21\/2021\/09\/Capgemini_Business-Command-Centre-6.jpg","datePublished":"2021-09-21T13:18:52+00:00","dateModified":"2025-04-01T06:53:49+00:00","description":"une approche ax\u00e9e sur les connaissances et sur l\u2019entreprise destin\u00e9e \u00e0 \u00e9tablir une synergie entre vos processus et votre informatique","breadcrumb":{"@id":"https:\/\/www.capgemini.com\/ca-fr\/solutions\/business-command-center\/#breadcrumb"},"inLanguage":"fr-FR","potentialAction":[{"@type":"ReadAction","target":["https:\/\/www.capgemini.com\/ca-fr\/solutions\/business-command-center\/"]}]},{"@type":"ImageObject","inLanguage":"fr-FR","@id":"https:\/\/www.capgemini.com\/ca-fr\/solutions\/business-command-center\/#primaryimage","url":"https:\/\/www.capgemini.com\/ca-fr\/wp-content\/uploads\/sites\/21\/2021\/09\/Capgemini_Business-Command-Centre-6.jpg","contentUrl":"https:\/\/www.capgemini.com\/ca-fr\/wp-content\/uploads\/sites\/21\/2021\/09\/Capgemini_Business-Command-Centre-6.jpg","width":2880,"height":1800},{"@type":"BreadcrumbList","@id":"https:\/\/www.capgemini.com\/ca-fr\/solutions\/business-command-center\/#breadcrumb","itemListElement":[{"@type":"ListItem","position":1,"name":"Home","item":"https:\/\/www.capgemini.com\/ca-fr\/"},{"@type":"ListItem","position":2,"name":"Business command center"}]},{"@type":"WebSite","@id":"https:\/\/www.capgemini.com\/ca-fr\/#website","url":"https:\/\/www.capgemini.com\/ca-fr\/","name":"Capgemini Canada French","description":"Capgemini","potentialAction":[{"@type":"SearchAction","target":{"@type":"EntryPoint","urlTemplate":"https:\/\/www.capgemini.com\/ca-fr\/?s={search_term_string}"},"query-input":"required name=search_term_string"}],"inLanguage":"fr-FR"}]}},"brand_term":[],"parsely":{"version":"1.1.0","canonical_url":"https:\/\/capgemini.com\/ca-fr\/solutions\/business-command-center\/","smart_links":{"inbound":0,"outbound":0},"traffic_boost_suggestions_count":0,"meta":{"@context":"https:\/\/schema.org","@type":"WebPage","headline":"Business command center","url":"https:\/\/www.capgemini.com\/ca-fr\/solutions\/business-command-center\/","mainEntityOfPage":{"@type":"WebPage","@id":"https:\/\/www.capgemini.com\/ca-fr\/solutions\/business-command-center\/"},"thumbnailUrl":"https:\/\/www.capgemini.com\/ca-fr\/wp-content\/uploads\/sites\/21\/2021\/09\/Capgemini_Business-Command-Centre-6.jpg?w=150&h=150&crop=1","image":{"@type":"ImageObject","url":"https:\/\/www.capgemini.com\/ca-fr\/wp-content\/uploads\/sites\/21\/2021\/09\/Capgemini_Business-Command-Centre-6.jpg"},"articleSection":"Uncategorized","author":[],"creator":[],"publisher":{"@type":"Organization","name":"Capgemini Canada French","logo":""},"keywords":[],"dateCreated":"2021-09-21T13:18:52Z","datePublished":"2021-09-21T13:18:52Z","dateModified":"2025-04-01T06:53:49Z"},"rendered":"<meta name=\"parsely-title\" content=\"Business command center\" \/>\n<meta name=\"parsely-link\" content=\"https:\/\/www.capgemini.com\/ca-fr\/solutions\/business-command-center\/\" \/>\n<meta name=\"parsely-type\" content=\"index\" \/>\n<meta name=\"parsely-image-url\" content=\"https:\/\/www.capgemini.com\/ca-fr\/wp-content\/uploads\/sites\/21\/2021\/09\/Capgemini_Business-Command-Centre-6.jpg?w=150&amp;h=150&amp;crop=1\" \/>\n<meta name=\"parsely-pub-date\" content=\"2021-09-21T13:18:52Z\" \/>\n<meta name=\"parsely-section\" content=\"Uncategorized\" \/>","tracker_url":"https:\/\/cdn.parsely.com\/keys\/capgemini.com\/p.js"},"archive_status":false,"featured_image_src":"https:\/\/www.capgemini.com\/ca-fr\/wp-content\/uploads\/sites\/21\/2021\/09\/Capgemini_Business-Command-Centre-6.jpg","featured_image_alt":"","jetpack_sharing_enabled":true,"distributor_meta":false,"distributor_terms":false,"distributor_media":false,"distributor_original_site_name":"Capgemini Canada French","distributor_original_site_url":"https:\/\/www.capgemini.com\/ca-fr","push-errors":false,"_links":{"self":[{"href":"https:\/\/www.capgemini.com\/ca-fr\/wp-json\/wp\/v2\/pages\/7518","targetHints":{"allow":["GET"]}}],"collection":[{"href":"https:\/\/www.capgemini.com\/ca-fr\/wp-json\/wp\/v2\/pages"}],"about":[{"href":"https:\/\/www.capgemini.com\/ca-fr\/wp-json\/wp\/v2\/types\/page"}],"author":[{"embeddable":true,"href":"https:\/\/www.capgemini.com\/ca-fr\/wp-json\/wp\/v2\/users\/151"}],"replies":[{"embeddable":true,"href":"https:\/\/www.capgemini.com\/ca-fr\/wp-json\/wp\/v2\/comments?post=7518"}],"version-history":[{"count":10,"href":"https:\/\/www.capgemini.com\/ca-fr\/wp-json\/wp\/v2\/pages\/7518\/revisions"}],"predecessor-version":[{"id":708623,"href":"https:\/\/www.capgemini.com\/ca-fr\/wp-json\/wp\/v2\/pages\/7518\/revisions\/708623"}],"wp:featuredmedia":[{"embeddable":true,"href":"https:\/\/www.capgemini.com\/ca-fr\/wp-json\/wp\/v2\/media\/704380"}],"wp:attachment":[{"href":"https:\/\/www.capgemini.com\/ca-fr\/wp-json\/wp\/v2\/media?parent=7518"}],"wp:term":[{"taxonomy":"brand","embeddable":true,"href":"https:\/\/www.capgemini.com\/ca-fr\/wp-json\/wp\/v2\/brand?post=7518"},{"taxonomy":"partner_type","embeddable":true,"href":"https:\/\/www.capgemini.com\/ca-fr\/wp-json\/wp\/v2\/partner_type?post=7518"},{"taxonomy":"service","embeddable":true,"href":"https:\/\/www.capgemini.com\/ca-fr\/wp-json\/wp\/v2\/service?post=7518"},{"taxonomy":"industry","embeddable":true,"href":"https:\/\/www.capgemini.com\/ca-fr\/wp-json\/wp\/v2\/industry?post=7518"},{"taxonomy":"partners","embeddable":true,"href":"https:\/\/www.capgemini.com\/ca-fr\/wp-json\/wp\/v2\/partners?post=7518"},{"taxonomy":"page-type","embeddable":true,"href":"https:\/\/www.capgemini.com\/ca-fr\/wp-json\/wp\/v2\/page-type?post=7518"},{"taxonomy":"content-group","embeddable":true,"href":"https:\/\/www.capgemini.com\/ca-fr\/wp-json\/wp\/v2\/content-group?post=7518"}],"curies":[{"name":"wp","href":"https:\/\/api.w.org\/{rel}","templated":true}]}}