{"id":7514,"date":"2021-09-21T14:47:02","date_gmt":"2021-09-21T14:47:02","guid":{"rendered":"https:\/\/www.capgemini.com\/?page_id=626859"},"modified":"2023-07-15T06:25:44","modified_gmt":"2023-07-15T06:25:44","slug":"agile-et-devops-admnext","status":"publish","type":"page","link":"https:\/\/www.capgemini.com\/ca-fr\/solutions\/agile-et-devops-admnext\/","title":{"rendered":"Agile et DevOps d\u2019ADMnext"},"content":{"rendered":"\n<header class=\"wp-block-cg-blocks-hero-reusable header heroReusable  \"><div class=\"header-bgs\"><picture><source srcset=\"https:\/\/www.capgemini.com\/wp-content\/uploads\/2021\/11\/Capgemini_AN-INNOVATIVE-BUSINESS-FOCUSED-AGILE-DEVOPS-MODEL-FROM-ADMNEXT.jpg?w=2880&amp;quality=70 1x, https:\/\/www.capgemini.com\/wp-content\/uploads\/2021\/11\/Capgemini_AN-INNOVATIVE-BUSINESS-FOCUSED-AGILE-DEVOPS-MODEL-FROM-ADMNEXT.jpg?w=2880&amp;quality=70 2x\" media=\"(min-width: 1500px)\"\/><source srcset=\"https:\/\/www.capgemini.com\/wp-content\/uploads\/2021\/11\/Capgemini_AN-INNOVATIVE-BUSINESS-FOCUSED-AGILE-DEVOPS-MODEL-FROM-ADMNEXT.jpg?w=1440&amp;quality=70 1x, https:\/\/www.capgemini.com\/wp-content\/uploads\/2021\/11\/Capgemini_AN-INNOVATIVE-BUSINESS-FOCUSED-AGILE-DEVOPS-MODEL-FROM-ADMNEXT.jpg?w=2880&amp;quality=70 2x\" media=\"(min-width: 992px)\"\/><source srcset=\"https:\/\/www.capgemini.com\/wp-content\/uploads\/2021\/11\/Capgemini_AN-INNOVATIVE-BUSINESS-FOCUSED-AGILE-DEVOPS-MODEL-FROM-ADMNEXT.jpg?w=1024&amp;quality=70 1x, https:\/\/www.capgemini.com\/wp-content\/uploads\/2021\/11\/Capgemini_AN-INNOVATIVE-BUSINESS-FOCUSED-AGILE-DEVOPS-MODEL-FROM-ADMNEXT.jpg?w=1024&amp;quality=70 2x\" media=\"(min-width: 768px)\"\/><source srcset=\"https:\/\/www.capgemini.com\/wp-content\/uploads\/2021\/11\/Capgemini_AN-INNOVATIVE-BUSINESS-FOCUSED-AGILE-DEVOPS-MODEL-FROM-ADMNEXT.jpg?w=768&amp;quality=70 1x, https:\/\/www.capgemini.com\/wp-content\/uploads\/2021\/11\/Capgemini_AN-INNOVATIVE-BUSINESS-FOCUSED-AGILE-DEVOPS-MODEL-FROM-ADMNEXT.jpg?w=768&amp;quality=70 2x\" media=\"(min-width: 0)\"\/><img decoding=\"async\" src=\"https:\/\/www.capgemini.com\/wp-content\/uploads\/2021\/11\/Capgemini_AN-INNOVATIVE-BUSINESS-FOCUSED-AGILE-DEVOPS-MODEL-FROM-ADMNEXT.jpg\" class=\"header-img header-img-d\" alt=\"\" style=\"object-fit:cover;object-position:52% 36%\" loading=\"eager\"\/><\/picture><\/div><div class=\"heroPictureCardHeaderShape\"><\/div><div class=\"container\"><div class=\"row\"><div class=\"col-md-12\"><div class=\"box\"><div class=\"boxTagWrapper\"><div class=\"tagInfo\"><div><span class=\"box-tag\">Solution<\/span><\/div><\/div><\/div><div class=\"box-title\"><h1 data-maxlength=\"34\">Mod\u00e8le DevOps agile innovant et ax\u00e9 sur l\u2019entreprise d\u2019ADMnext<\/h1><\/div><div class=\"inner-row-insight download-btn\"><div class=\"col-md-4 downloadFiles addPadding\"><a class=\"button-download--small\" type=\"download\" href=\"https:\/\/www.capgemini.com\/wp-content\/uploads\/2021\/09\/ADMnext-AgileDevOps-1.pdf\" target=\"_blank\" rel=\"noopener noreferrer\" title=\"Ouvrir dans une nouvelle fen\u00eatre\"><span>Brochure<\/span><span class=\"type\">2 MB  pdf<\/span><\/a><\/div><\/div><\/div><\/div><\/div><\/div><\/header>\n\n\n\n<section class=\"wp-block-cg-blocks-intro-para undefined section section--intro\"><div class=\"intro-para\"><div class=\"container\"><div class=\"row\"><div class=\"col-12 col-md-1\"><nav class=\"article-social\"><ul class=\"social-nav\"><li class=\"ip-order-fb\"><a href=\"https:\/\/www.facebook.com\/sharer\/sharer.php?u=https:\/\/www.capgemini.com\/fr-fr\/solutions\/agile-et-devops-admnext\/\" target=\"_blank\" rel=\"noopener noreferrer\" title=\"Ouvrir dans une nouvelle fen\u00eatre\"><i aria-hidden=\"true\" class=\"icon-fb\"><\/i><span class=\"sr-only\">Facebook<\/span><\/a><\/li><li class=\"ip-order-li\"><a href=\"https:\/\/www.linkedin.com\/sharing\/share-offsite\/?url=https:\/\/www.capgemini.com\/fr-fr\/solutions\/agile-et-devops-admnext\/\" target=\"_blank\" rel=\"noopener noreferrer\" title=\"Ouvrir dans une nouvelle fen\u00eatre\"><i aria-hidden=\"true\" class=\"icon-li\"><\/i><span class=\"sr-only\">Linkedin<\/span><\/a><\/li><\/ul><\/nav><\/div><div class=\"col-12 col-md-11 col-lg-10\"><h2 class=\"intro-para-title\">Votre plan pour d\u00e9velopper des offres transformatrices et centr\u00e9es sur les clients.<\/h2><p class=\"intro-para-content\">Avec la pand\u00e9mie de COVID, de nombreuses entreprises ont d\u00fb changer rapidement (et continuent de changer) la fa\u00e7on dont elles proposent leurs offres aux clients..<br><br>La cl\u00e9 de ce changement r\u00e9side dans des efforts de transformation num\u00e9rique innovants d\u00e9ploy\u00e9s \u00e0 grande vitesse, tr\u00e8s flexibles et vous permettent de corriger rapidement le tir sur des march\u00e9s en constante \u00e9volution. Et c\u2019est Agile qui constitue la base culturelle et technique de votre capacit\u00e9 \u00e0 y parvenir.<\/p><\/div><\/div><\/div><\/div><\/section>\n\n\n\n<section class=\"wp-block-cg-blocks-group undefined section section--article-content\"><div class=\"article-main-content\"><div class=\"container\"><div class=\"row\"><div class=\"col-12 col-md-11 col-lg-10 offset-md-1 offset-lg-1\"><div class=\"article-text article-quote-text\">\n<h3 class=\"wp-block-heading\" id=\"h-developper-plus-rapidement-de-nouvelles-offres-et-de-nouveaux-produits\">D\u00e9velopper plus rapidement de nouvelles offres et de nouveaux produits<\/h3>\n\n\n\n<p>Dans ADMnext, Capgemini a toujours utilis\u00e9 une approche Agile DevOps enti\u00e8rement ax\u00e9e sur les activit\u00e9s de nos clients et les clients qu\u2019ils servent. On obtient ainsi un produit DevOps &amp; Agile ax\u00e9 sur le retour sur investissement et des structures centr\u00e9es sur le client, bas\u00e9es sur les produits en parfaite ad\u00e9quation avec vos objectifs commerciaux.<\/p>\n\n\n\n<p>Aujourd\u2019hui, alors que nous traversons cette p\u00e9riode d\u2019incertitude et faisons face \u00e0 des changements rapides et continus sur les march\u00e9s, nous avons affin\u00e9 cette approche pour vous aider \u00e0 mieux innover avec un mod\u00e8le Agile &amp; DevOps qui vous permet de d\u00e9velopper de nouvelles offres et de nouveaux produits plus rapidement.<\/p>\n\n\n\n<h3 class=\"wp-block-heading\" id=\"h-agile-amp-devops-d-admnext-offres-innovantes-et-axees-sur-l-entreprise-hierarchisation-des-fonctionnalites-des-priorites-et-une-evolution-des-produits-centrees-sur-le-client\">Agile &amp; DevOps d&#8217;ADMnext : offres innovantes et ax\u00e9es sur l\u2019entreprise, hi\u00e9rarchisation des fonctionnalit\u00e9s, des priorit\u00e9s et une \u00e9volution des produits centr\u00e9es sur le client<\/h3>\n\n\n\n<p>Agile &amp; DevOps n\u2019est pas un \u00e9tat final, mais un parcours qui comporte des jalons sp\u00e9cifiques sur le chemin de la pleine maturit\u00e9. Le mod\u00e8le de transformation Agile&amp;  DevOps de Capgemini vous guide tout au long de ce parcours, \u00e0 travers le d\u00e9veloppement d\u2019offres ax\u00e9es sur l\u2019entreprise, la hi\u00e9rarchisation des fonctionnalit\u00e9s centr\u00e9es sur le client et l\u2019\u00e9volution des produits. Ce mod\u00e8le englobe cinq aspects de changement cl\u00e9s et vous offre les possibilit\u00e9s suivantes&nbsp;:<\/p>\n\n\n\n<ul class=\"wp-block-list\">\n<li><strong>Vous pouvez vous concentrer sur votre strat\u00e9gie informatique tout en r\u00e9agissant mieux \u00e0 la crise du COVID, en s\u00e9curisant les engagements des dirigeants, en obtenant des gains rapides et des am\u00e9liorations progressives, en d\u00e9terminant une feuille de route pour les changements dans les m\u00e9thodes de travail et en planifiant le parcours vers une maturit\u00e9 Agile &amp; DevOps accrue en articulant les diff\u00e9rentes \u00e9tapes et en v\u00e9rifiant votre retour sur investissement.<\/strong><\/li>\n\n\n\n<li><strong>Passez d\u2019un projet \u00e0 l\u2019autre de mani\u00e8re transparente gr\u00e2ce \u00e0 la configuration de l\u2019entreprise, \u00e0 la zone de processus, au canal client ou aux moteurs de service m\u00e9tier<\/strong>.<\/li>\n\n\n\n<li><strong>Red\u00e9finissez votre mod\u00e8le d\u2019exploitation en d\u00e9terminant vos objectifs technologiques et de produits<\/strong>.<\/li>\n\n\n\n<li><strong>Mettez en place une m\u00e9thode de livraison, une architecture et une structure d\u2019outils solides pour raccourcir les temps de d\u00e9veloppement et automatiser les activit\u00e9s de d\u00e9veloppement r\u00e9p\u00e9t\u00e9es<\/strong>.<\/li>\n\n\n\n<li><strong>Mesurez de mani\u00e8re proactive les performances \u00e0 l\u2019aide de mesures dynamiques qui \u00e9valuent les performances de l\u2019\u00e9quipe, la qualit\u00e9 de la solution, la valeur commerciale fournie, la s\u00e9curit\u00e9, la fiabilit\u00e9 op\u00e9rationnelle, la motivation et la confiance de l\u2019\u00e9quipe, ainsi que la capacit\u00e9 d\u2019innover.<\/strong><\/li>\n<\/ul>\n\n\n\n<h2 class=\"wp-block-heading\" id=\"h-en-savoir-plus\">En savoir plus <\/h2>\n\n\n\n<p>Pour savoir comment mieux innover et d\u00e9velopper de nouvelles offres et de nouveaux produits plus rapidement avec Agile &amp; DevOps d\u2019ADMnext, <a href=\"https:\/\/www.capgemini.com\/wp-content\/uploads\/2021\/09\/ADMnext-AgileDevOps-1.pdf\">t\u00e9l\u00e9chargez notre brochure<\/a>.<\/p>\n<\/div><\/div><\/div><\/div><\/div><\/section>\n","protected":false},"excerpt":{"rendered":"<p>Obtenir un produit DevOps &#038; Agile ax\u00e9 sur le retour sur investissement et des structures centr\u00e9es sur le client et bas\u00e9es sur les produits<\/p>\n","protected":false},"author":151,"featured_media":707261,"parent":0,"menu_order":0,"comment_status":"closed","ping_status":"closed","template":"","meta":{"cg_dt_proposed_to":[],"cg_seo_hreflang_relations":"[]","cg_seo_canonical_relation":"{\"uuid\":\"22ac0723-9488-42bb-be77-147b0eb3a63b\",\"blogId\":\"\",\"domain\":\"\",\"sitePath\":\"\",\"postLink\":\"\",\"postId\":null,\"isSaved\":true,\"isCrossLink\":false,\"hasCrossLink\":false}","cg_seo_hreflang_x_default_relation":"{\"uuid\":\"a6568122-2f37-4ce9-b569-63000006ed47\",\"blogId\":\"\",\"domain\":\"\",\"sitePath\":\"\",\"postLink\":\"\",\"postId\":null,\"isSaved\":true,\"isCrossLink\":false,\"hasCrossLink\":false}","cg_dt_approved_content":true,"cg_dt_mandatory_content":false,"cg_dt_notes":"","cg_dg_source_changed":false,"cg_dt_link_disabled":false,"_yoast_wpseo_primary_brand":"","footnotes":"","featured_focal_points":"","partner_card_description":"","gsap_animation":0},"brand":[],"partner_type":[],"service":[],"industry":[],"partners":[],"page-type":[266],"content-group":[],"class_list":["post-7514","page","type-page","status-publish","has-post-thumbnail","hentry","page-type-solutions"],"yoast_head":"<!-- This site is optimized with the Yoast SEO Premium plugin v22.8 (Yoast SEO v22.8) - https:\/\/yoast.com\/wordpress\/plugins\/seo\/ -->\n<title>Agile et DevOps d\u2019ADMnext - Capgemini Canada French<\/title>\n<meta name=\"description\" content=\"Dans ADMnext, Capgemini utilise une approche Agile DevOps enti\u00e8rement ax\u00e9e sur les activit\u00e9s de nos clients et les clients qu\u2019ils servent.\" \/>\n<meta name=\"robots\" content=\"index, follow, max-snippet:-1, max-image-preview:large, max-video-preview:-1\" \/>\n<link rel=\"canonical\" href=\"https:\/\/www.capgemini.com\/fr-fr\/solutions\/agile-et-devops-admnext\/\" \/>\n<meta property=\"og:locale\" content=\"fr_FR\" \/>\n<meta property=\"og:type\" content=\"article\" \/>\n<meta property=\"og:title\" content=\"Agile et DevOps d\u2019ADMnext\" \/>\n<meta property=\"og:description\" content=\"Dans ADMnext, Capgemini utilise une approche Agile DevOps enti\u00e8rement ax\u00e9e sur les activit\u00e9s de nos clients et les clients qu\u2019ils servent.\" \/>\n<meta property=\"og:url\" content=\"https:\/\/www.capgemini.com\/ca-fr\/solutions\/agile-et-devops-admnext\/\" \/>\n<meta property=\"og:site_name\" content=\"Capgemini Canada French\" \/>\n<meta property=\"article:modified_time\" content=\"2023-07-15T06:25:44+00:00\" \/>\n<meta property=\"og:image\" content=\"https:\/\/www.capgemini.com\/ca-fr\/wp-content\/uploads\/sites\/21\/2025\/10\/New-Web-preview-global.jpg\" \/>\n\t<meta property=\"og:image:width\" content=\"1200\" \/>\n\t<meta property=\"og:image:height\" content=\"627\" \/>\n\t<meta property=\"og:image:type\" content=\"image\/jpeg\" \/>\n<meta name=\"twitter:card\" content=\"summary_large_image\" \/>\n<meta name=\"twitter:label1\" content=\"Est. reading time\" \/>\n\t<meta name=\"twitter:data1\" content=\"3 minutes\" \/>\n<script type=\"application\/ld+json\" class=\"yoast-schema-graph\">{\"@context\":\"https:\/\/schema.org\",\"@graph\":[{\"@type\":\"WebPage\",\"@id\":\"https:\/\/www.capgemini.com\/ca-fr\/solutions\/agile-et-devops-admnext\/\",\"url\":\"https:\/\/www.capgemini.com\/ca-fr\/solutions\/agile-et-devops-admnext\/\",\"name\":\"Agile et DevOps d\u2019ADMnext - Capgemini Canada French\",\"isPartOf\":{\"@id\":\"https:\/\/www.capgemini.com\/ca-fr\/#website\"},\"primaryImageOfPage\":{\"@id\":\"https:\/\/www.capgemini.com\/ca-fr\/solutions\/agile-et-devops-admnext\/#primaryimage\"},\"image\":{\"@id\":\"https:\/\/www.capgemini.com\/ca-fr\/solutions\/agile-et-devops-admnext\/#primaryimage\"},\"thumbnailUrl\":\"https:\/\/www.capgemini.com\/ca-fr\/wp-content\/uploads\/sites\/21\/2021\/09\/Capgemini_AN-INNOVATIVE-BUSINESS-FOCUSED-AGILE-DEVOPS-MODEL-FROM-ADMNEXT-8.jpg\",\"datePublished\":\"2021-09-21T14:47:02+00:00\",\"dateModified\":\"2023-07-15T06:25:44+00:00\",\"description\":\"Dans ADMnext, Capgemini utilise une approche Agile DevOps enti\u00e8rement ax\u00e9e sur les activit\u00e9s de nos clients et les clients qu\u2019ils servent.\",\"breadcrumb\":{\"@id\":\"https:\/\/www.capgemini.com\/ca-fr\/solutions\/agile-et-devops-admnext\/#breadcrumb\"},\"inLanguage\":\"fr-FR\",\"potentialAction\":[{\"@type\":\"ReadAction\",\"target\":[\"https:\/\/www.capgemini.com\/ca-fr\/solutions\/agile-et-devops-admnext\/\"]}]},{\"@type\":\"ImageObject\",\"inLanguage\":\"fr-FR\",\"@id\":\"https:\/\/www.capgemini.com\/ca-fr\/solutions\/agile-et-devops-admnext\/#primaryimage\",\"url\":\"https:\/\/www.capgemini.com\/ca-fr\/wp-content\/uploads\/sites\/21\/2021\/09\/Capgemini_AN-INNOVATIVE-BUSINESS-FOCUSED-AGILE-DEVOPS-MODEL-FROM-ADMNEXT-8.jpg\",\"contentUrl\":\"https:\/\/www.capgemini.com\/ca-fr\/wp-content\/uploads\/sites\/21\/2021\/09\/Capgemini_AN-INNOVATIVE-BUSINESS-FOCUSED-AGILE-DEVOPS-MODEL-FROM-ADMNEXT-8.jpg\",\"width\":2880,\"height\":1800},{\"@type\":\"BreadcrumbList\",\"@id\":\"https:\/\/www.capgemini.com\/ca-fr\/solutions\/agile-et-devops-admnext\/#breadcrumb\",\"itemListElement\":[{\"@type\":\"ListItem\",\"position\":1,\"name\":\"Home\",\"item\":\"https:\/\/www.capgemini.com\/ca-fr\/\"},{\"@type\":\"ListItem\",\"position\":2,\"name\":\"Solutions\",\"item\":\"https:\/\/www.capgemini.com\/ca-fr\/solutions\/\"},{\"@type\":\"ListItem\",\"position\":3,\"name\":\"Agile et DevOps d\u2019ADMnext\"}]},{\"@type\":\"WebSite\",\"@id\":\"https:\/\/www.capgemini.com\/ca-fr\/#website\",\"url\":\"https:\/\/www.capgemini.com\/ca-fr\/\",\"name\":\"Capgemini Canada French\",\"description\":\"Capgemini\",\"potentialAction\":[{\"@type\":\"SearchAction\",\"target\":{\"@type\":\"EntryPoint\",\"urlTemplate\":\"https:\/\/www.capgemini.com\/ca-fr\/?s={search_term_string}\"},\"query-input\":\"required name=search_term_string\"}],\"inLanguage\":\"fr-FR\"}]}<\/script>\n<!-- \/ Yoast SEO Premium plugin. -->","yoast_head_json":{"title":"Agile et DevOps d\u2019ADMnext - Capgemini Canada French","description":"Dans ADMnext, Capgemini utilise une approche Agile DevOps enti\u00e8rement ax\u00e9e sur les activit\u00e9s de nos clients et les clients qu\u2019ils servent.","robots":{"index":"index","follow":"follow","max-snippet":"max-snippet:-1","max-image-preview":"max-image-preview:large","max-video-preview":"max-video-preview:-1"},"canonical":"https:\/\/www.capgemini.com\/fr-fr\/solutions\/agile-et-devops-admnext\/","og_locale":"fr_FR","og_type":"article","og_title":"Agile et DevOps d\u2019ADMnext","og_description":"Dans ADMnext, Capgemini utilise une approche Agile DevOps enti\u00e8rement ax\u00e9e sur les activit\u00e9s de nos clients et les clients qu\u2019ils servent.","og_url":"https:\/\/www.capgemini.com\/ca-fr\/solutions\/agile-et-devops-admnext\/","og_site_name":"Capgemini Canada French","article_modified_time":"2023-07-15T06:25:44+00:00","og_image":[{"width":1200,"height":627,"url":"https:\/\/www.capgemini.com\/ca-fr\/wp-content\/uploads\/sites\/21\/2025\/10\/New-Web-preview-global.jpg","type":"image\/jpeg"}],"twitter_card":"summary_large_image","twitter_misc":{"Est. reading time":"3 minutes"},"schema":{"@context":"https:\/\/schema.org","@graph":[{"@type":"WebPage","@id":"https:\/\/www.capgemini.com\/ca-fr\/solutions\/agile-et-devops-admnext\/","url":"https:\/\/www.capgemini.com\/ca-fr\/solutions\/agile-et-devops-admnext\/","name":"Agile et DevOps d\u2019ADMnext - Capgemini Canada French","isPartOf":{"@id":"https:\/\/www.capgemini.com\/ca-fr\/#website"},"primaryImageOfPage":{"@id":"https:\/\/www.capgemini.com\/ca-fr\/solutions\/agile-et-devops-admnext\/#primaryimage"},"image":{"@id":"https:\/\/www.capgemini.com\/ca-fr\/solutions\/agile-et-devops-admnext\/#primaryimage"},"thumbnailUrl":"https:\/\/www.capgemini.com\/ca-fr\/wp-content\/uploads\/sites\/21\/2021\/09\/Capgemini_AN-INNOVATIVE-BUSINESS-FOCUSED-AGILE-DEVOPS-MODEL-FROM-ADMNEXT-8.jpg","datePublished":"2021-09-21T14:47:02+00:00","dateModified":"2023-07-15T06:25:44+00:00","description":"Dans ADMnext, Capgemini utilise une approche Agile DevOps enti\u00e8rement ax\u00e9e sur les activit\u00e9s de nos clients et les clients qu\u2019ils servent.","breadcrumb":{"@id":"https:\/\/www.capgemini.com\/ca-fr\/solutions\/agile-et-devops-admnext\/#breadcrumb"},"inLanguage":"fr-FR","potentialAction":[{"@type":"ReadAction","target":["https:\/\/www.capgemini.com\/ca-fr\/solutions\/agile-et-devops-admnext\/"]}]},{"@type":"ImageObject","inLanguage":"fr-FR","@id":"https:\/\/www.capgemini.com\/ca-fr\/solutions\/agile-et-devops-admnext\/#primaryimage","url":"https:\/\/www.capgemini.com\/ca-fr\/wp-content\/uploads\/sites\/21\/2021\/09\/Capgemini_AN-INNOVATIVE-BUSINESS-FOCUSED-AGILE-DEVOPS-MODEL-FROM-ADMNEXT-8.jpg","contentUrl":"https:\/\/www.capgemini.com\/ca-fr\/wp-content\/uploads\/sites\/21\/2021\/09\/Capgemini_AN-INNOVATIVE-BUSINESS-FOCUSED-AGILE-DEVOPS-MODEL-FROM-ADMNEXT-8.jpg","width":2880,"height":1800},{"@type":"BreadcrumbList","@id":"https:\/\/www.capgemini.com\/ca-fr\/solutions\/agile-et-devops-admnext\/#breadcrumb","itemListElement":[{"@type":"ListItem","position":1,"name":"Home","item":"https:\/\/www.capgemini.com\/ca-fr\/"},{"@type":"ListItem","position":2,"name":"Solutions","item":"https:\/\/www.capgemini.com\/ca-fr\/solutions\/"},{"@type":"ListItem","position":3,"name":"Agile et DevOps d\u2019ADMnext"}]},{"@type":"WebSite","@id":"https:\/\/www.capgemini.com\/ca-fr\/#website","url":"https:\/\/www.capgemini.com\/ca-fr\/","name":"Capgemini Canada French","description":"Capgemini","potentialAction":[{"@type":"SearchAction","target":{"@type":"EntryPoint","urlTemplate":"https:\/\/www.capgemini.com\/ca-fr\/?s={search_term_string}"},"query-input":"required name=search_term_string"}],"inLanguage":"fr-FR"}]}},"brand_term":[],"parsely":{"version":"1.1.0","canonical_url":"https:\/\/capgemini.com\/ca-fr\/solutions\/agile-et-devops-admnext\/","smart_links":{"inbound":0,"outbound":0},"traffic_boost_suggestions_count":0,"meta":{"@context":"https:\/\/schema.org","@type":"WebPage","headline":"Agile et DevOps d\u2019ADMnext","url":"https:\/\/www.capgemini.com\/ca-fr\/solutions\/agile-et-devops-admnext\/","mainEntityOfPage":{"@type":"WebPage","@id":"https:\/\/www.capgemini.com\/ca-fr\/solutions\/agile-et-devops-admnext\/"},"thumbnailUrl":"https:\/\/www.capgemini.com\/ca-fr\/wp-content\/uploads\/sites\/21\/2021\/09\/Capgemini_AN-INNOVATIVE-BUSINESS-FOCUSED-AGILE-DEVOPS-MODEL-FROM-ADMNEXT-8.jpg?w=150&h=150&crop=1","image":{"@type":"ImageObject","url":"https:\/\/www.capgemini.com\/ca-fr\/wp-content\/uploads\/sites\/21\/2021\/09\/Capgemini_AN-INNOVATIVE-BUSINESS-FOCUSED-AGILE-DEVOPS-MODEL-FROM-ADMNEXT-8.jpg"},"articleSection":"Uncategorized","author":[],"creator":[],"publisher":{"@type":"Organization","name":"Capgemini Canada French","logo":""},"keywords":[],"dateCreated":"2021-09-21T14:47:02Z","datePublished":"2021-09-21T14:47:02Z","dateModified":"2023-07-15T06:25:44Z"},"rendered":"<meta name=\"parsely-title\" content=\"Agile et DevOps d\u2019ADMnext\" \/>\n<meta name=\"parsely-link\" content=\"https:\/\/www.capgemini.com\/ca-fr\/solutions\/agile-et-devops-admnext\/\" \/>\n<meta name=\"parsely-type\" content=\"index\" \/>\n<meta name=\"parsely-image-url\" content=\"https:\/\/www.capgemini.com\/ca-fr\/wp-content\/uploads\/sites\/21\/2021\/09\/Capgemini_AN-INNOVATIVE-BUSINESS-FOCUSED-AGILE-DEVOPS-MODEL-FROM-ADMNEXT-8.jpg?w=150&amp;h=150&amp;crop=1\" \/>\n<meta name=\"parsely-pub-date\" content=\"2021-09-21T14:47:02Z\" \/>\n<meta name=\"parsely-section\" content=\"Uncategorized\" \/>","tracker_url":"https:\/\/cdn.parsely.com\/keys\/capgemini.com\/p.js"},"archive_status":false,"featured_image_src":"https:\/\/www.capgemini.com\/ca-fr\/wp-content\/uploads\/sites\/21\/2021\/09\/Capgemini_AN-INNOVATIVE-BUSINESS-FOCUSED-AGILE-DEVOPS-MODEL-FROM-ADMNEXT-8.jpg","featured_image_alt":"","jetpack_sharing_enabled":true,"distributor_meta":false,"distributor_terms":false,"distributor_media":false,"distributor_original_site_name":"Capgemini Canada French","distributor_original_site_url":"https:\/\/www.capgemini.com\/ca-fr","push-errors":false,"_links":{"self":[{"href":"https:\/\/www.capgemini.com\/ca-fr\/wp-json\/wp\/v2\/pages\/7514","targetHints":{"allow":["GET"]}}],"collection":[{"href":"https:\/\/www.capgemini.com\/ca-fr\/wp-json\/wp\/v2\/pages"}],"about":[{"href":"https:\/\/www.capgemini.com\/ca-fr\/wp-json\/wp\/v2\/types\/page"}],"author":[{"embeddable":true,"href":"https:\/\/www.capgemini.com\/ca-fr\/wp-json\/wp\/v2\/users\/151"}],"replies":[{"embeddable":true,"href":"https:\/\/www.capgemini.com\/ca-fr\/wp-json\/wp\/v2\/comments?post=7514"}],"version-history":[{"count":9,"href":"https:\/\/www.capgemini.com\/ca-fr\/wp-json\/wp\/v2\/pages\/7514\/revisions"}],"predecessor-version":[{"id":704791,"href":"https:\/\/www.capgemini.com\/ca-fr\/wp-json\/wp\/v2\/pages\/7514\/revisions\/704791"}],"wp:featuredmedia":[{"embeddable":true,"href":"https:\/\/www.capgemini.com\/ca-fr\/wp-json\/wp\/v2\/media\/707261"}],"wp:attachment":[{"href":"https:\/\/www.capgemini.com\/ca-fr\/wp-json\/wp\/v2\/media?parent=7514"}],"wp:term":[{"taxonomy":"brand","embeddable":true,"href":"https:\/\/www.capgemini.com\/ca-fr\/wp-json\/wp\/v2\/brand?post=7514"},{"taxonomy":"partner_type","embeddable":true,"href":"https:\/\/www.capgemini.com\/ca-fr\/wp-json\/wp\/v2\/partner_type?post=7514"},{"taxonomy":"service","embeddable":true,"href":"https:\/\/www.capgemini.com\/ca-fr\/wp-json\/wp\/v2\/service?post=7514"},{"taxonomy":"industry","embeddable":true,"href":"https:\/\/www.capgemini.com\/ca-fr\/wp-json\/wp\/v2\/industry?post=7514"},{"taxonomy":"partners","embeddable":true,"href":"https:\/\/www.capgemini.com\/ca-fr\/wp-json\/wp\/v2\/partners?post=7514"},{"taxonomy":"page-type","embeddable":true,"href":"https:\/\/www.capgemini.com\/ca-fr\/wp-json\/wp\/v2\/page-type?post=7514"},{"taxonomy":"content-group","embeddable":true,"href":"https:\/\/www.capgemini.com\/ca-fr\/wp-json\/wp\/v2\/content-group?post=7514"}],"curies":[{"name":"wp","href":"https:\/\/api.w.org\/{rel}","templated":true}]}}