{"id":7500,"date":"2021-09-29T08:01:17","date_gmt":"2021-09-29T08:01:17","guid":{"rendered":"https:\/\/www.capgemini.com\/?page_id=628950"},"modified":"2023-11-09T06:34:41","modified_gmt":"2023-11-09T06:34:41","slug":"engagement-connecte","status":"publish","type":"page","link":"https:\/\/www.capgemini.com\/ca-fr\/secteurs\/retail\/engagement-connecte\/","title":{"rendered":"Engagement connect\u00e9"},"content":{"rendered":"\n<div class=\"wp-block-cg-blocks-hero-picture-card undefined  heroPictureCard\"><div class=\"heroPictureCardBgs\"><picture><source srcset=\"https:\/\/www.capgemini.com\/wp-content\/uploads\/2021\/10\/Capgemini_Industries_Retail.jpg?w=2880&amp;quality=70 1x, https:\/\/www.capgemini.com\/wp-content\/uploads\/2021\/10\/Capgemini_Industries_Retail.jpg?w=2880&amp;quality=70 2x\" media=\"(min-width: 1500px)\"\/><source srcset=\"https:\/\/www.capgemini.com\/wp-content\/uploads\/2021\/10\/Capgemini_Industries_Retail.jpg?w=1440&amp;quality=70 1x, https:\/\/www.capgemini.com\/wp-content\/uploads\/2021\/10\/Capgemini_Industries_Retail.jpg?w=2880&amp;quality=70 2x\" media=\"(min-width: 992px)\"\/><source srcset=\"https:\/\/www.capgemini.com\/wp-content\/uploads\/2021\/10\/Capgemini_Industries_Retail.jpg?w=1024&amp;quality=70 1x, https:\/\/www.capgemini.com\/wp-content\/uploads\/2021\/10\/Capgemini_Industries_Retail.jpg?w=1024&amp;quality=70 2x\" media=\"(min-width: 768px)\"\/><source srcset=\"https:\/\/www.capgemini.com\/wp-content\/uploads\/2021\/10\/Capgemini_Industries_Retail.jpg?w=768&amp;quality=70 1x, https:\/\/www.capgemini.com\/wp-content\/uploads\/2021\/10\/Capgemini_Industries_Retail.jpg?w=768&amp;quality=70 2x\" media=\"(min-width: 0)\"\/><img decoding=\"async\" src=\"https:\/\/www.capgemini.com\/wp-content\/uploads\/2021\/10\/Capgemini_Industries_Retail.jpg\" class=\"desktopImage\" alt=\"\" style=\"object-fit:cover;object-position:50% 50%\" loading=\"eager\"\/><\/picture><picture><source srcset=\"https:\/\/www.capgemini.com\/wp-content\/uploads\/2021\/10\/Capgemini_Industries_Retail.jpg?w=2880&amp;quality=70 1x, https:\/\/www.capgemini.com\/wp-content\/uploads\/2021\/10\/Capgemini_Industries_Retail.jpg?w=2880&amp;quality=70 2x\" media=\"(min-width: 1500px)\"\/><source srcset=\"https:\/\/www.capgemini.com\/wp-content\/uploads\/2021\/10\/Capgemini_Industries_Retail.jpg?w=1440&amp;quality=70 1x, https:\/\/www.capgemini.com\/wp-content\/uploads\/2021\/10\/Capgemini_Industries_Retail.jpg?w=2880&amp;quality=70 2x\" media=\"(min-width: 992px)\"\/><source srcset=\"https:\/\/www.capgemini.com\/wp-content\/uploads\/2021\/10\/Capgemini_Industries_Retail.jpg?w=1024&amp;quality=70 1x, https:\/\/www.capgemini.com\/wp-content\/uploads\/2021\/10\/Capgemini_Industries_Retail.jpg?w=1024&amp;quality=70 2x\" media=\"(min-width: 768px)\"\/><source srcset=\"https:\/\/www.capgemini.com\/wp-content\/uploads\/2021\/10\/Capgemini_Industries_Retail.jpg?w=768&amp;quality=70 1x, https:\/\/www.capgemini.com\/wp-content\/uploads\/2021\/10\/Capgemini_Industries_Retail.jpg?w=768&amp;quality=70 2x\" media=\"(min-width: 0)\"\/><img decoding=\"async\" src=\"https:\/\/www.capgemini.com\/wp-content\/uploads\/2021\/10\/Capgemini_Industries_Retail.jpg\" class=\"mobileImage\" alt=\"\" style=\"object-fit:cover;object-position:50% 50%\" loading=\"eager\"\/><\/picture><\/div><div class=\"heroPictureCardHeaderShape\"><\/div><div class=\"container\"><div class=\"row\"><div class=\"col-md-8 col-lg-6\"><div class=\"heroPictureCardBox\"><div class=\"heroPictureCardBoxTitle\"><h1 data-maxlength=\"144\">Engagement connect\u00e9<\/h1><\/div><\/div><\/div><\/div><\/div><div class=\"small-device\"><div class=\"brandLogoWrapper\"> <\/div><\/div><\/div>\n\n\n\n<section class=\"wp-block-cg-blocks-intro-para undefined section section--intro\"><div class=\"intro-para\"><div class=\"container\"><div class=\"row\"><div class=\"col-12 col-md-1\"><nav class=\"article-social\"><ul class=\"social-nav\"><li class=\"ip-order-fb\"><a href=\"https:\/\/www.facebook.com\/sharer\/sharer.php?u=https:\/\/www.capgemini.com\/fr-fr\/secteurs\/retail\/engagement-connecte\/\" target=\"_blank\" rel=\"noopener noreferrer\" title=\"Ouvrir dans une nouvelle fen\u00eatre\"><i aria-hidden=\"true\" class=\"icon-fb\"><\/i><span class=\"sr-only\">Facebook<\/span><\/a><\/li><li class=\"ip-order-li\"><a href=\"https:\/\/www.linkedin.com\/sharing\/share-offsite\/?url=https:\/\/www.capgemini.com\/fr-fr\/secteurs\/retail\/engagement-connecte\/\" target=\"_blank\" rel=\"noopener noreferrer\" title=\"Ouvrir dans une nouvelle fen\u00eatre\"><i aria-hidden=\"true\" class=\"icon-li\"><\/i><span class=\"sr-only\">Linkedin<\/span><\/a><\/li><\/ul><\/nav><\/div><div class=\"col-12 col-md-11 col-lg-10\"><h2 class=\"intro-para-title\">R\u00e9pondre aux attentes des consommateurs dans un monde omnicanal.<\/h2><p class=\"intro-para-content\">Les attentes croissantes des clients en mati\u00e8re de services associ\u00e9s et de rapidit\u00e9, quel que soit le canal impliquent que les retailers se tournent vers une strat\u00e9gie omnicanale permettant \u00e0 n\u2019importe quel client d\u2019acheter n\u2019importe quel produit, n\u2019importe o\u00f9, n\u2019importe quand, et ce, de mani\u00e8re s\u00e9curis\u00e9e et avec un impact environnemental limit\u00e9.<br><br>En tant que partenaire de transformation num\u00e9rique de bout en bout, nous aidons les retailers \u00e0 adapter leur strat\u00e9gie de vente, leurs canaux de distribution, leurs capacit\u00e9s commerciales et leurs r\u00e9seaux de distribution pour r\u00e9pondre aux nouvelles opportunit\u00e9s du paysage \u00ab phygital \u00bb.<\/p><\/div><\/div><\/div><\/div><\/section>\n\n\n\n<section class=\"wp-block-cg-blocks-group undefined section section--article-content\"><div class=\"article-main-content\"><div class=\"container\"><div class=\"row\"><div class=\"col-12 col-md-11 col-lg-10 offset-md-1 offset-lg-1\"><div class=\"article-text article-quote-text\">\n<h2 class=\"wp-block-heading\" id=\"h-engagement-connecte-physique-numerique-et-plus-encore\">Engagement connect\u00e9 : Physique, num\u00e9rique, et plus encore.<\/h2>\n\n\n\n<p>Nos capacit\u00e9s d\u2019analyse des donn\u00e9es et nos solutions sectorielles accompagnent les retailers \u00e0 repenser les points de vente, et l\u2019exp\u00e9rience client sur l\u2019ensemble des canaux.<\/p>\n\n\n\n<p>Notre expertise en mati\u00e8re de strat\u00e9gie, d\u2019exp\u00e9rience client, de commerce, de donn\u00e9es et de supply chain, associ\u00e9e \u00e0 notre exp\u00e9rience sectorielle, nous permettent d\u2019agir comme un v\u00e9ritable partenaire de transformation de bout en bout pour nos clients.<\/p>\n\n\n\n<p>Notre \u00e9quipe d\u2019experts du secteur aide les retailers \u00e0 d\u00e9velopper de nouveaux business models et de nouveaux canaux qui leur permettront d\u2019atteindre plus facilement et plus naturellement leurs clients, quel que soit l\u2019endroit&nbsp;o\u00f9 ces derniers choisissent d\u2019effectuer leurs achats, au moment qui leur convient.<\/p>\n<\/div><\/div><\/div><\/div><\/div><\/section>\n\n\n","protected":false},"excerpt":{"rendered":"<p>En tant que partenaire de transformation num\u00e9rique de bout en bout, Capgemini aide les retailers \u00e0 adapter leur strat\u00e9gie de vente, leurs canaux de distribution, leurs capacit\u00e9s commerciales et leurs r\u00e9seaux de distribution pour r\u00e9pondre aux nouvelles opportunit\u00e9s du paysage \u00ab phygital \u00bb.<\/p>\n","protected":false},"author":76,"featured_media":707257,"parent":0,"menu_order":0,"comment_status":"closed","ping_status":"closed","template":"","meta":{"cg_dt_proposed_to":[],"cg_seo_hreflang_relations":"[]","cg_seo_canonical_relation":"{\"uuid\":\"4f23ce1d-3d4d-4bd0-a8c8-33ffd317ac7e\",\"blogId\":\"\",\"domain\":\"\",\"sitePath\":\"\",\"postLink\":\"\",\"postId\":null,\"isSaved\":true,\"isCrossLink\":false,\"hasCrossLink\":false}","cg_seo_hreflang_x_default_relation":"{\"uuid\":\"88b0e08c-291b-49bd-b6a6-58330cdf181f\",\"blogId\":\"\",\"domain\":\"\",\"sitePath\":\"\",\"postLink\":\"\",\"postId\":null,\"isSaved\":true,\"isCrossLink\":false,\"hasCrossLink\":false}","cg_dt_approved_content":true,"cg_dt_mandatory_content":false,"cg_dt_notes":"","cg_dg_source_changed":false,"cg_dt_link_disabled":false,"_yoast_wpseo_primary_brand":"","footnotes":"","featured_focal_points":"","partner_card_description":"","gsap_animation":0},"brand":[],"partner_type":[],"service":[],"industry":[122],"partners":[],"page-type":[278],"content-group":[],"class_list":["post-7500","page","type-page","status-publish","has-post-thumbnail","hentry","industry-retail","page-type-secteurs"],"yoast_head":"<!-- This site is optimized with the Yoast SEO Premium plugin v22.8 (Yoast SEO v22.8) - https:\/\/yoast.com\/wordpress\/plugins\/seo\/ -->\n<title>Engagement connect\u00e9 | Capgemini<\/title>\n<meta name=\"description\" content=\"En tant que partenaire de transformation num\u00e9rique de bout en bout, Capgemini aide les retailers \u00e0 adapter leur strat\u00e9gie de vente, leurs canaux de distribution, leurs capacit\u00e9s commerciales et leurs r\u00e9seaux de distribution pour r\u00e9pondre aux nouvelles opportunit\u00e9s du paysage \u00ab phygital \u00bb.\" \/>\n<meta name=\"robots\" content=\"index, follow, max-snippet:-1, max-image-preview:large, max-video-preview:-1\" \/>\n<link rel=\"canonical\" href=\"https:\/\/www.capgemini.com\/fr-fr\/secteurs\/retail\/engagement-connecte\/\" \/>\n<meta property=\"og:locale\" content=\"fr_FR\" \/>\n<meta property=\"og:type\" content=\"article\" \/>\n<meta property=\"og:title\" content=\"Engagement connect\u00e9\" \/>\n<meta property=\"og:description\" content=\"En tant que partenaire de transformation num\u00e9rique de bout en bout, Capgemini aide les retailers \u00e0 adapter leur strat\u00e9gie de vente, leurs canaux de distribution, leurs capacit\u00e9s commerciales et leurs r\u00e9seaux de distribution pour r\u00e9pondre aux nouvelles opportunit\u00e9s du paysage \u00ab phygital \u00bb.\" \/>\n<meta property=\"og:url\" content=\"https:\/\/www.capgemini.com\/ca-fr\/secteurs\/retail\/engagement-connecte\/\" \/>\n<meta property=\"og:site_name\" content=\"Capgemini Canada French\" \/>\n<meta property=\"article:modified_time\" content=\"2023-11-09T06:34:41+00:00\" \/>\n<meta property=\"og:image\" content=\"https:\/\/www.capgemini.com\/ca-fr\/wp-content\/uploads\/sites\/21\/2025\/10\/New-Web-preview-global.jpg\" \/>\n\t<meta property=\"og:image:width\" content=\"1200\" \/>\n\t<meta property=\"og:image:height\" content=\"627\" \/>\n\t<meta property=\"og:image:type\" content=\"image\/jpeg\" \/>\n<meta name=\"twitter:card\" content=\"summary_large_image\" \/>\n<script type=\"application\/ld+json\" class=\"yoast-schema-graph\">{\"@context\":\"https:\/\/schema.org\",\"@graph\":[{\"@type\":\"WebPage\",\"@id\":\"https:\/\/www.capgemini.com\/ca-fr\/secteurs\/retail\/engagement-connecte\/\",\"url\":\"https:\/\/www.capgemini.com\/ca-fr\/secteurs\/retail\/engagement-connecte\/\",\"name\":\"Engagement connect\u00e9 | Capgemini\",\"isPartOf\":{\"@id\":\"https:\/\/www.capgemini.com\/ca-fr\/#website\"},\"primaryImageOfPage\":{\"@id\":\"https:\/\/www.capgemini.com\/ca-fr\/secteurs\/retail\/engagement-connecte\/#primaryimage\"},\"image\":{\"@id\":\"https:\/\/www.capgemini.com\/ca-fr\/secteurs\/retail\/engagement-connecte\/#primaryimage\"},\"thumbnailUrl\":\"https:\/\/www.capgemini.com\/ca-fr\/wp-content\/uploads\/sites\/21\/2021\/09\/Capgemini_Industries_Retail-1-17.jpg\",\"datePublished\":\"2021-09-29T08:01:17+00:00\",\"dateModified\":\"2023-11-09T06:34:41+00:00\",\"description\":\"En tant que partenaire de transformation num\u00e9rique de bout en bout, Capgemini aide les retailers \u00e0 adapter leur strat\u00e9gie de vente, leurs canaux de distribution, leurs capacit\u00e9s commerciales et leurs r\u00e9seaux de distribution pour r\u00e9pondre aux nouvelles opportunit\u00e9s du paysage \u00ab phygital \u00bb.\",\"breadcrumb\":{\"@id\":\"https:\/\/www.capgemini.com\/ca-fr\/secteurs\/retail\/engagement-connecte\/#breadcrumb\"},\"inLanguage\":\"fr-FR\",\"potentialAction\":[{\"@type\":\"ReadAction\",\"target\":[\"https:\/\/www.capgemini.com\/ca-fr\/secteurs\/retail\/engagement-connecte\/\"]}]},{\"@type\":\"ImageObject\",\"inLanguage\":\"fr-FR\",\"@id\":\"https:\/\/www.capgemini.com\/ca-fr\/secteurs\/retail\/engagement-connecte\/#primaryimage\",\"url\":\"https:\/\/www.capgemini.com\/ca-fr\/wp-content\/uploads\/sites\/21\/2021\/09\/Capgemini_Industries_Retail-1-17.jpg\",\"contentUrl\":\"https:\/\/www.capgemini.com\/ca-fr\/wp-content\/uploads\/sites\/21\/2021\/09\/Capgemini_Industries_Retail-1-17.jpg\",\"width\":2880,\"height\":1800},{\"@type\":\"BreadcrumbList\",\"@id\":\"https:\/\/www.capgemini.com\/ca-fr\/secteurs\/retail\/engagement-connecte\/#breadcrumb\",\"itemListElement\":[{\"@type\":\"ListItem\",\"position\":1,\"name\":\"Home\",\"item\":\"https:\/\/www.capgemini.com\/ca-fr\/\"},{\"@type\":\"ListItem\",\"position\":2,\"name\":\"Engagement connect\u00e9\"}]},{\"@type\":\"WebSite\",\"@id\":\"https:\/\/www.capgemini.com\/ca-fr\/#website\",\"url\":\"https:\/\/www.capgemini.com\/ca-fr\/\",\"name\":\"Capgemini Canada French\",\"description\":\"Capgemini\",\"potentialAction\":[{\"@type\":\"SearchAction\",\"target\":{\"@type\":\"EntryPoint\",\"urlTemplate\":\"https:\/\/www.capgemini.com\/ca-fr\/?s={search_term_string}\"},\"query-input\":\"required name=search_term_string\"}],\"inLanguage\":\"fr-FR\"}]}<\/script>\n<!-- \/ Yoast SEO Premium plugin. -->","yoast_head_json":{"title":"Engagement connect\u00e9 | Capgemini","description":"En tant que partenaire de transformation num\u00e9rique de bout en bout, Capgemini aide les retailers \u00e0 adapter leur strat\u00e9gie de vente, leurs canaux de distribution, leurs capacit\u00e9s commerciales et leurs r\u00e9seaux de distribution pour r\u00e9pondre aux nouvelles opportunit\u00e9s du paysage \u00ab phygital \u00bb.","robots":{"index":"index","follow":"follow","max-snippet":"max-snippet:-1","max-image-preview":"max-image-preview:large","max-video-preview":"max-video-preview:-1"},"canonical":"https:\/\/www.capgemini.com\/fr-fr\/secteurs\/retail\/engagement-connecte\/","og_locale":"fr_FR","og_type":"article","og_title":"Engagement connect\u00e9","og_description":"En tant que partenaire de transformation num\u00e9rique de bout en bout, Capgemini aide les retailers \u00e0 adapter leur strat\u00e9gie de vente, leurs canaux de distribution, leurs capacit\u00e9s commerciales et leurs r\u00e9seaux de distribution pour r\u00e9pondre aux nouvelles opportunit\u00e9s du paysage \u00ab phygital \u00bb.","og_url":"https:\/\/www.capgemini.com\/ca-fr\/secteurs\/retail\/engagement-connecte\/","og_site_name":"Capgemini Canada French","article_modified_time":"2023-11-09T06:34:41+00:00","og_image":[{"width":1200,"height":627,"url":"https:\/\/www.capgemini.com\/ca-fr\/wp-content\/uploads\/sites\/21\/2025\/10\/New-Web-preview-global.jpg","type":"image\/jpeg"}],"twitter_card":"summary_large_image","schema":{"@context":"https:\/\/schema.org","@graph":[{"@type":"WebPage","@id":"https:\/\/www.capgemini.com\/ca-fr\/secteurs\/retail\/engagement-connecte\/","url":"https:\/\/www.capgemini.com\/ca-fr\/secteurs\/retail\/engagement-connecte\/","name":"Engagement connect\u00e9 | Capgemini","isPartOf":{"@id":"https:\/\/www.capgemini.com\/ca-fr\/#website"},"primaryImageOfPage":{"@id":"https:\/\/www.capgemini.com\/ca-fr\/secteurs\/retail\/engagement-connecte\/#primaryimage"},"image":{"@id":"https:\/\/www.capgemini.com\/ca-fr\/secteurs\/retail\/engagement-connecte\/#primaryimage"},"thumbnailUrl":"https:\/\/www.capgemini.com\/ca-fr\/wp-content\/uploads\/sites\/21\/2021\/09\/Capgemini_Industries_Retail-1-17.jpg","datePublished":"2021-09-29T08:01:17+00:00","dateModified":"2023-11-09T06:34:41+00:00","description":"En tant que partenaire de transformation num\u00e9rique de bout en bout, Capgemini aide les retailers \u00e0 adapter leur strat\u00e9gie de vente, leurs canaux de distribution, leurs capacit\u00e9s commerciales et leurs r\u00e9seaux de distribution pour r\u00e9pondre aux nouvelles opportunit\u00e9s du paysage \u00ab phygital \u00bb.","breadcrumb":{"@id":"https:\/\/www.capgemini.com\/ca-fr\/secteurs\/retail\/engagement-connecte\/#breadcrumb"},"inLanguage":"fr-FR","potentialAction":[{"@type":"ReadAction","target":["https:\/\/www.capgemini.com\/ca-fr\/secteurs\/retail\/engagement-connecte\/"]}]},{"@type":"ImageObject","inLanguage":"fr-FR","@id":"https:\/\/www.capgemini.com\/ca-fr\/secteurs\/retail\/engagement-connecte\/#primaryimage","url":"https:\/\/www.capgemini.com\/ca-fr\/wp-content\/uploads\/sites\/21\/2021\/09\/Capgemini_Industries_Retail-1-17.jpg","contentUrl":"https:\/\/www.capgemini.com\/ca-fr\/wp-content\/uploads\/sites\/21\/2021\/09\/Capgemini_Industries_Retail-1-17.jpg","width":2880,"height":1800},{"@type":"BreadcrumbList","@id":"https:\/\/www.capgemini.com\/ca-fr\/secteurs\/retail\/engagement-connecte\/#breadcrumb","itemListElement":[{"@type":"ListItem","position":1,"name":"Home","item":"https:\/\/www.capgemini.com\/ca-fr\/"},{"@type":"ListItem","position":2,"name":"Engagement connect\u00e9"}]},{"@type":"WebSite","@id":"https:\/\/www.capgemini.com\/ca-fr\/#website","url":"https:\/\/www.capgemini.com\/ca-fr\/","name":"Capgemini Canada French","description":"Capgemini","potentialAction":[{"@type":"SearchAction","target":{"@type":"EntryPoint","urlTemplate":"https:\/\/www.capgemini.com\/ca-fr\/?s={search_term_string}"},"query-input":"required name=search_term_string"}],"inLanguage":"fr-FR"}]}},"brand_term":[],"parsely":{"version":"1.1.0","canonical_url":"https:\/\/capgemini.com\/ca-fr\/secteurs\/retail\/engagement-connecte\/","smart_links":{"inbound":0,"outbound":0},"traffic_boost_suggestions_count":0,"meta":{"@context":"https:\/\/schema.org","@type":"WebPage","headline":"Engagement connect\u00e9","url":"https:\/\/www.capgemini.com\/ca-fr\/secteurs\/retail\/engagement-connecte\/","mainEntityOfPage":{"@type":"WebPage","@id":"https:\/\/www.capgemini.com\/ca-fr\/secteurs\/retail\/engagement-connecte\/"},"thumbnailUrl":"https:\/\/www.capgemini.com\/ca-fr\/wp-content\/uploads\/sites\/21\/2021\/09\/Capgemini_Industries_Retail-1-17.jpg?w=150&h=150&crop=1","image":{"@type":"ImageObject","url":"https:\/\/www.capgemini.com\/ca-fr\/wp-content\/uploads\/sites\/21\/2021\/09\/Capgemini_Industries_Retail-1-17.jpg"},"articleSection":"Uncategorized","author":[],"creator":[],"publisher":{"@type":"Organization","name":"Capgemini Canada French","logo":""},"keywords":[],"dateCreated":"2021-09-29T08:01:17Z","datePublished":"2021-09-29T08:01:17Z","dateModified":"2023-11-09T06:34:41Z"},"rendered":"<meta name=\"parsely-title\" content=\"Engagement connect\u00e9\" \/>\n<meta name=\"parsely-link\" content=\"https:\/\/www.capgemini.com\/ca-fr\/secteurs\/retail\/engagement-connecte\/\" \/>\n<meta name=\"parsely-type\" content=\"index\" \/>\n<meta name=\"parsely-image-url\" content=\"https:\/\/www.capgemini.com\/ca-fr\/wp-content\/uploads\/sites\/21\/2021\/09\/Capgemini_Industries_Retail-1-17.jpg?w=150&amp;h=150&amp;crop=1\" \/>\n<meta name=\"parsely-pub-date\" content=\"2021-09-29T08:01:17Z\" \/>\n<meta name=\"parsely-section\" content=\"Uncategorized\" \/>","tracker_url":"https:\/\/cdn.parsely.com\/keys\/capgemini.com\/p.js"},"archive_status":false,"featured_image_src":"https:\/\/www.capgemini.com\/ca-fr\/wp-content\/uploads\/sites\/21\/2021\/09\/Capgemini_Industries_Retail-1-17.jpg","featured_image_alt":"","jetpack_sharing_enabled":true,"distributor_meta":false,"distributor_terms":false,"distributor_media":false,"distributor_original_site_name":"Capgemini Canada French","distributor_original_site_url":"https:\/\/www.capgemini.com\/ca-fr","push-errors":false,"_links":{"self":[{"href":"https:\/\/www.capgemini.com\/ca-fr\/wp-json\/wp\/v2\/pages\/7500","targetHints":{"allow":["GET"]}}],"collection":[{"href":"https:\/\/www.capgemini.com\/ca-fr\/wp-json\/wp\/v2\/pages"}],"about":[{"href":"https:\/\/www.capgemini.com\/ca-fr\/wp-json\/wp\/v2\/types\/page"}],"author":[{"embeddable":true,"href":"https:\/\/www.capgemini.com\/ca-fr\/wp-json\/wp\/v2\/users\/76"}],"replies":[{"embeddable":true,"href":"https:\/\/www.capgemini.com\/ca-fr\/wp-json\/wp\/v2\/comments?post=7500"}],"version-history":[{"count":11,"href":"https:\/\/www.capgemini.com\/ca-fr\/wp-json\/wp\/v2\/pages\/7500\/revisions"}],"predecessor-version":[{"id":704789,"href":"https:\/\/www.capgemini.com\/ca-fr\/wp-json\/wp\/v2\/pages\/7500\/revisions\/704789"}],"wp:featuredmedia":[{"embeddable":true,"href":"https:\/\/www.capgemini.com\/ca-fr\/wp-json\/wp\/v2\/media\/707257"}],"wp:attachment":[{"href":"https:\/\/www.capgemini.com\/ca-fr\/wp-json\/wp\/v2\/media?parent=7500"}],"wp:term":[{"taxonomy":"brand","embeddable":true,"href":"https:\/\/www.capgemini.com\/ca-fr\/wp-json\/wp\/v2\/brand?post=7500"},{"taxonomy":"partner_type","embeddable":true,"href":"https:\/\/www.capgemini.com\/ca-fr\/wp-json\/wp\/v2\/partner_type?post=7500"},{"taxonomy":"service","embeddable":true,"href":"https:\/\/www.capgemini.com\/ca-fr\/wp-json\/wp\/v2\/service?post=7500"},{"taxonomy":"industry","embeddable":true,"href":"https:\/\/www.capgemini.com\/ca-fr\/wp-json\/wp\/v2\/industry?post=7500"},{"taxonomy":"partners","embeddable":true,"href":"https:\/\/www.capgemini.com\/ca-fr\/wp-json\/wp\/v2\/partners?post=7500"},{"taxonomy":"page-type","embeddable":true,"href":"https:\/\/www.capgemini.com\/ca-fr\/wp-json\/wp\/v2\/page-type?post=7500"},{"taxonomy":"content-group","embeddable":true,"href":"https:\/\/www.capgemini.com\/ca-fr\/wp-json\/wp\/v2\/content-group?post=7500"}],"curies":[{"name":"wp","href":"https:\/\/api.w.org\/{rel}","templated":true}]}}