{"id":7452,"date":"2022-01-10T06:44:28","date_gmt":"2022-01-10T06:44:28","guid":{"rendered":"https:\/\/www.capgemini.com\/?page_id=642108"},"modified":"2025-04-01T06:44:15","modified_gmt":"2025-04-01T06:44:15","slug":"normes-conduite-fournisseurs","status":"publish","type":"page","link":"https:\/\/www.capgemini.com\/ca-fr\/notre-groupe\/gestion-gouvernance\/politiques\/normes-conduite-fournisseurs\/","title":{"rendered":"Normes de conduite des fournisseurs"},"content":{"rendered":"\n<header class=\"wp-block-cg-blocks-hero-reusable is-style-blue-line header heroReusable  \"><div class=\"header-bgs\"><\/div><div class=\"heroPictureCardHeaderShape\"><\/div><div class=\"container\"><div class=\"row\"><div class=\"col-md-12\"><div class=\"box\"><div class=\"boxTagWrapper\"><div class=\"tagInfo\"><div><span class=\"box-tag\">Politiques<\/span><\/div><\/div><\/div><div class=\"box-title\"><h1 data-maxlength=\"34\">Normes de conduite des fournisseurs<\/h1><\/div><div class=\"inner-row-insight download-btn\"><div class=\"col-md-4 downloadFiles addPadding\"><a class=\"button-download--small\" type=\"download\" href=\"https:\/\/www.capgemini.com\/fr-fr\/wp-content\/uploads\/sites\/6\/2024\/03\/Capgemini_Code-de-conduite-Fournisseurs_FR_08032024.pdf\" target=\"_blank\" rel=\"noopener noreferrer\" title=\"opens in a new window\"><span>T\u00e9l\u00e9chargement de notre Code de Conduite<br>des Fournisseurs<\/span><span class=\"type\">539 KB  pdf<\/span><\/a><\/div><\/div><\/div><\/div><\/div><\/div><\/header>\n\n\n\n<section class=\"wp-block-cg-blocks-group undefined section section--article-content\"><div class=\"article-main-content\"><div class=\"container\"><div class=\"row\"><div class=\"col-12 col-md-11 col-lg-10 offset-md-1 offset-lg-1\"><div class=\"article-text article-quote-text\">\n<h4 class=\"wp-block-heading\" id=\"h-nos-normes-de-conduite-des-fournisseurs-fixent-l-engagement-minimum-que-capgemini-attend-de-ses-fournisseurs-en-ce-qui-concerne-la-responsabilite-sociale-d-entreprise-l-ethique-et-la-lutte-anti-corruption-la-conformite-reglementaire-et-les-normes-relatives-aux-relations-d-affaires\">Nos normes de conduite des fournisseurs fixent l\u2019engagement minimum que Capgemini attend de ses fournisseurs en ce qui concerne la responsabilit\u00e9 sociale d&#8217;entreprise, l\u2019\u00e9thique et la lutte anti-corruption, la conformit\u00e9 r\u00e9glementaire et les normes relatives aux relations d\u2019affaires.\u00a0<\/h4>\n\n\n\n<p>Tous les fournisseurs de Capgemini sont tenus de respecter nos Normes de conduite des fournisseurs sans exception, et quels que soient le type et la valeur de l\u2019activit\u00e9 que nous r\u00e9alisons ensemble.&nbsp;<\/p>\n\n\n\n<p>Les normes de conduite contiennent nos principes concernant le respect du droit international, national et local, des droits humains, des droits du travail et de l\u2019esclavage moderne. Elles d\u00e9crivent \u00e9galement l\u2019obligation de nos fournisseurs de mener leurs activit\u00e9s en respectant les normes d\u2019int\u00e9grit\u00e9 les plus \u00e9lev\u00e9es, en \u00e9vitant toute forme de corruption, de pots-de-vin, d\u2019extorsion ou de d\u00e9tournement de fonds, mais aussi de pratiques commerciales d\u00e9loyales.&nbsp;<\/p>\n<\/div><\/div><\/div><\/div><\/div><\/section>\n","protected":false},"excerpt":{"rendered":"<p>Nos fournisseurs sont tenus de respecter nos Normes de conduite des fournisseurs sans exception, et quels que soient le type et la valeur de l\u2019activit\u00e9 que nous r\u00e9alisons ensemble.\u00a0<\/p>\n","protected":false},"author":121,"featured_media":0,"parent":0,"menu_order":0,"comment_status":"closed","ping_status":"closed","template":"","meta":{"cg_dt_proposed_to":[],"cg_seo_hreflang_relations":"[]","cg_seo_canonical_relation":"","cg_seo_hreflang_x_default_relation":"{\"uuid\":\"d6663451-c7a8-4f6a-90eb-97e6cb3071cc\",\"blogId\":\"\",\"domain\":\"\",\"sitePath\":\"\",\"postLink\":\"\",\"postId\":null,\"isSaved\":true,\"isCrossLink\":false,\"hasCrossLink\":false}","cg_dt_approved_content":true,"cg_dt_mandatory_content":false,"cg_dt_notes":"","cg_dg_source_changed":false,"cg_dt_link_disabled":false,"_yoast_wpseo_primary_brand":"","footnotes":"","featured_focal_points":"","partner_card_description":"","gsap_animation":0},"brand":[],"partner_type":[],"service":[],"industry":[],"partners":[],"page-type":[264],"content-group":[],"class_list":["post-7452","page","type-page","status-publish","hentry","page-type-notre-groupe"],"yoast_head":"<!-- This site is optimized with the Yoast SEO Premium plugin v22.8 (Yoast SEO v22.8) - https:\/\/yoast.com\/wordpress\/plugins\/seo\/ -->\n<title>Normes de conduite des fournisseurs | Capgemini<\/title>\n<meta name=\"description\" content=\"Nos fournisseurs sont tenus de respecter nos Normes de conduite des fournisseurs sans exception en conformit\u00e9 avec les r\u00e8glements\" \/>\n<meta name=\"robots\" content=\"index, follow, max-snippet:-1, max-image-preview:large, max-video-preview:-1\" \/>\n<link rel=\"canonical\" href=\"https:\/\/www.capgemini.com\/fr-fr\/notre-groupe\/gestion-gouvernance\/politiques\/normes-conduite-fournisseurs\/\" \/>\n<meta property=\"og:locale\" content=\"fr_FR\" \/>\n<meta property=\"og:type\" content=\"article\" \/>\n<meta property=\"og:title\" content=\"Normes de conduite des fournisseurs\" \/>\n<meta property=\"og:description\" content=\"Nos fournisseurs sont tenus de respecter nos Normes de conduite des fournisseurs sans exception en conformit\u00e9 avec les r\u00e8glements\" \/>\n<meta property=\"og:url\" content=\"https:\/\/www.capgemini.com\/ca-fr\/notre-groupe\/gestion-gouvernance\/politiques\/normes-conduite-fournisseurs\/\" \/>\n<meta property=\"og:site_name\" content=\"Capgemini Canada French\" \/>\n<meta property=\"article:modified_time\" content=\"2025-04-01T06:44:15+00:00\" \/>\n<meta property=\"og:image\" content=\"https:\/\/www.capgemini.com\/ca-fr\/wp-content\/uploads\/sites\/21\/2025\/10\/New-Web-preview-global.jpg\" \/>\n\t<meta property=\"og:image:width\" content=\"1200\" \/>\n\t<meta property=\"og:image:height\" content=\"627\" \/>\n\t<meta property=\"og:image:type\" content=\"image\/jpeg\" \/>\n<meta name=\"twitter:card\" content=\"summary_large_image\" \/>\n<meta name=\"twitter:label1\" content=\"Est. reading time\" \/>\n\t<meta name=\"twitter:data1\" content=\"1 minute\" \/>\n<script type=\"application\/ld+json\" class=\"yoast-schema-graph\">{\"@context\":\"https:\/\/schema.org\",\"@graph\":[{\"@type\":\"WebPage\",\"@id\":\"https:\/\/www.capgemini.com\/ca-fr\/notre-groupe\/gestion-gouvernance\/politiques\/normes-conduite-fournisseurs\/\",\"url\":\"https:\/\/www.capgemini.com\/ca-fr\/notre-groupe\/gestion-gouvernance\/politiques\/normes-conduite-fournisseurs\/\",\"name\":\"Normes de conduite des fournisseurs | Capgemini\",\"isPartOf\":{\"@id\":\"https:\/\/www.capgemini.com\/ca-fr\/#website\"},\"datePublished\":\"2022-01-10T06:44:28+00:00\",\"dateModified\":\"2025-04-01T06:44:15+00:00\",\"description\":\"Nos fournisseurs sont tenus de respecter nos Normes de conduite des fournisseurs sans exception en conformit\u00e9 avec les r\u00e8glements\",\"breadcrumb\":{\"@id\":\"https:\/\/www.capgemini.com\/ca-fr\/notre-groupe\/gestion-gouvernance\/politiques\/normes-conduite-fournisseurs\/#breadcrumb\"},\"inLanguage\":\"fr-FR\",\"potentialAction\":[{\"@type\":\"ReadAction\",\"target\":[\"https:\/\/www.capgemini.com\/ca-fr\/notre-groupe\/gestion-gouvernance\/politiques\/normes-conduite-fournisseurs\/\"]}]},{\"@type\":\"BreadcrumbList\",\"@id\":\"https:\/\/www.capgemini.com\/ca-fr\/notre-groupe\/gestion-gouvernance\/politiques\/normes-conduite-fournisseurs\/#breadcrumb\",\"itemListElement\":[{\"@type\":\"ListItem\",\"position\":1,\"name\":\"Home\",\"item\":\"https:\/\/www.capgemini.com\/ca-fr\/\"},{\"@type\":\"ListItem\",\"position\":2,\"name\":\"Normes de conduite des fournisseurs\"}]},{\"@type\":\"WebSite\",\"@id\":\"https:\/\/www.capgemini.com\/ca-fr\/#website\",\"url\":\"https:\/\/www.capgemini.com\/ca-fr\/\",\"name\":\"Capgemini Canada French\",\"description\":\"Capgemini\",\"potentialAction\":[{\"@type\":\"SearchAction\",\"target\":{\"@type\":\"EntryPoint\",\"urlTemplate\":\"https:\/\/www.capgemini.com\/ca-fr\/?s={search_term_string}\"},\"query-input\":\"required name=search_term_string\"}],\"inLanguage\":\"fr-FR\"}]}<\/script>\n<!-- \/ Yoast SEO Premium plugin. -->","yoast_head_json":{"title":"Normes de conduite des fournisseurs | Capgemini","description":"Nos fournisseurs sont tenus de respecter nos Normes de conduite des fournisseurs sans exception en conformit\u00e9 avec les r\u00e8glements","robots":{"index":"index","follow":"follow","max-snippet":"max-snippet:-1","max-image-preview":"max-image-preview:large","max-video-preview":"max-video-preview:-1"},"canonical":"https:\/\/www.capgemini.com\/fr-fr\/notre-groupe\/gestion-gouvernance\/politiques\/normes-conduite-fournisseurs\/","og_locale":"fr_FR","og_type":"article","og_title":"Normes de conduite des fournisseurs","og_description":"Nos fournisseurs sont tenus de respecter nos Normes de conduite des fournisseurs sans exception en conformit\u00e9 avec les r\u00e8glements","og_url":"https:\/\/www.capgemini.com\/ca-fr\/notre-groupe\/gestion-gouvernance\/politiques\/normes-conduite-fournisseurs\/","og_site_name":"Capgemini Canada French","article_modified_time":"2025-04-01T06:44:15+00:00","og_image":[{"width":1200,"height":627,"url":"https:\/\/www.capgemini.com\/ca-fr\/wp-content\/uploads\/sites\/21\/2025\/10\/New-Web-preview-global.jpg","type":"image\/jpeg"}],"twitter_card":"summary_large_image","twitter_misc":{"Est. reading time":"1 minute"},"schema":{"@context":"https:\/\/schema.org","@graph":[{"@type":"WebPage","@id":"https:\/\/www.capgemini.com\/ca-fr\/notre-groupe\/gestion-gouvernance\/politiques\/normes-conduite-fournisseurs\/","url":"https:\/\/www.capgemini.com\/ca-fr\/notre-groupe\/gestion-gouvernance\/politiques\/normes-conduite-fournisseurs\/","name":"Normes de conduite des fournisseurs | Capgemini","isPartOf":{"@id":"https:\/\/www.capgemini.com\/ca-fr\/#website"},"datePublished":"2022-01-10T06:44:28+00:00","dateModified":"2025-04-01T06:44:15+00:00","description":"Nos fournisseurs sont tenus de respecter nos Normes de conduite des fournisseurs sans exception en conformit\u00e9 avec les r\u00e8glements","breadcrumb":{"@id":"https:\/\/www.capgemini.com\/ca-fr\/notre-groupe\/gestion-gouvernance\/politiques\/normes-conduite-fournisseurs\/#breadcrumb"},"inLanguage":"fr-FR","potentialAction":[{"@type":"ReadAction","target":["https:\/\/www.capgemini.com\/ca-fr\/notre-groupe\/gestion-gouvernance\/politiques\/normes-conduite-fournisseurs\/"]}]},{"@type":"BreadcrumbList","@id":"https:\/\/www.capgemini.com\/ca-fr\/notre-groupe\/gestion-gouvernance\/politiques\/normes-conduite-fournisseurs\/#breadcrumb","itemListElement":[{"@type":"ListItem","position":1,"name":"Home","item":"https:\/\/www.capgemini.com\/ca-fr\/"},{"@type":"ListItem","position":2,"name":"Normes de conduite des fournisseurs"}]},{"@type":"WebSite","@id":"https:\/\/www.capgemini.com\/ca-fr\/#website","url":"https:\/\/www.capgemini.com\/ca-fr\/","name":"Capgemini Canada French","description":"Capgemini","potentialAction":[{"@type":"SearchAction","target":{"@type":"EntryPoint","urlTemplate":"https:\/\/www.capgemini.com\/ca-fr\/?s={search_term_string}"},"query-input":"required name=search_term_string"}],"inLanguage":"fr-FR"}]}},"brand_term":[],"parsely":{"version":"1.1.0","canonical_url":"https:\/\/capgemini.com\/ca-fr\/notre-groupe\/gestion-gouvernance\/politiques\/normes-conduite-fournisseurs\/","smart_links":{"inbound":0,"outbound":0},"traffic_boost_suggestions_count":0,"meta":{"@context":"https:\/\/schema.org","@type":"WebPage","headline":"Normes de conduite des fournisseurs","url":"https:\/\/www.capgemini.com\/ca-fr\/notre-groupe\/gestion-gouvernance\/politiques\/normes-conduite-fournisseurs\/","mainEntityOfPage":{"@type":"WebPage","@id":"https:\/\/www.capgemini.com\/ca-fr\/notre-groupe\/gestion-gouvernance\/politiques\/normes-conduite-fournisseurs\/"},"thumbnailUrl":"","image":{"@type":"ImageObject","url":""},"articleSection":"Uncategorized","author":[],"creator":[],"publisher":{"@type":"Organization","name":"Capgemini Canada French","logo":""},"keywords":[],"dateCreated":"2022-01-10T06:44:28Z","datePublished":"2022-01-10T06:44:28Z","dateModified":"2025-04-01T06:44:15Z"},"rendered":"<meta name=\"parsely-title\" content=\"Normes de conduite des fournisseurs\" \/>\n<meta name=\"parsely-link\" content=\"https:\/\/www.capgemini.com\/ca-fr\/notre-groupe\/gestion-gouvernance\/politiques\/normes-conduite-fournisseurs\/\" \/>\n<meta name=\"parsely-type\" content=\"index\" \/>\n<meta name=\"parsely-pub-date\" content=\"2022-01-10T06:44:28Z\" \/>\n<meta name=\"parsely-section\" content=\"Uncategorized\" \/>","tracker_url":"https:\/\/cdn.parsely.com\/keys\/capgemini.com\/p.js"},"archive_status":false,"featured_image_src":"https:\/\/www.capgemini.com\/ca-fr\/wp-content\/themes\/capgemini2025\/assets\/images\/mockup.png","featured_image_alt":false,"jetpack_sharing_enabled":true,"distributor_meta":false,"distributor_terms":false,"distributor_media":false,"distributor_original_site_name":"Capgemini Canada French","distributor_original_site_url":"https:\/\/www.capgemini.com\/ca-fr","push-errors":false,"_links":{"self":[{"href":"https:\/\/www.capgemini.com\/ca-fr\/wp-json\/wp\/v2\/pages\/7452","targetHints":{"allow":["GET"]}}],"collection":[{"href":"https:\/\/www.capgemini.com\/ca-fr\/wp-json\/wp\/v2\/pages"}],"about":[{"href":"https:\/\/www.capgemini.com\/ca-fr\/wp-json\/wp\/v2\/types\/page"}],"author":[{"embeddable":true,"href":"https:\/\/www.capgemini.com\/ca-fr\/wp-json\/wp\/v2\/users\/121"}],"replies":[{"embeddable":true,"href":"https:\/\/www.capgemini.com\/ca-fr\/wp-json\/wp\/v2\/comments?post=7452"}],"version-history":[{"count":8,"href":"https:\/\/www.capgemini.com\/ca-fr\/wp-json\/wp\/v2\/pages\/7452\/revisions"}],"predecessor-version":[{"id":708889,"href":"https:\/\/www.capgemini.com\/ca-fr\/wp-json\/wp\/v2\/pages\/7452\/revisions\/708889"}],"wp:attachment":[{"href":"https:\/\/www.capgemini.com\/ca-fr\/wp-json\/wp\/v2\/media?parent=7452"}],"wp:term":[{"taxonomy":"brand","embeddable":true,"href":"https:\/\/www.capgemini.com\/ca-fr\/wp-json\/wp\/v2\/brand?post=7452"},{"taxonomy":"partner_type","embeddable":true,"href":"https:\/\/www.capgemini.com\/ca-fr\/wp-json\/wp\/v2\/partner_type?post=7452"},{"taxonomy":"service","embeddable":true,"href":"https:\/\/www.capgemini.com\/ca-fr\/wp-json\/wp\/v2\/service?post=7452"},{"taxonomy":"industry","embeddable":true,"href":"https:\/\/www.capgemini.com\/ca-fr\/wp-json\/wp\/v2\/industry?post=7452"},{"taxonomy":"partners","embeddable":true,"href":"https:\/\/www.capgemini.com\/ca-fr\/wp-json\/wp\/v2\/partners?post=7452"},{"taxonomy":"page-type","embeddable":true,"href":"https:\/\/www.capgemini.com\/ca-fr\/wp-json\/wp\/v2\/page-type?post=7452"},{"taxonomy":"content-group","embeddable":true,"href":"https:\/\/www.capgemini.com\/ca-fr\/wp-json\/wp\/v2\/content-group?post=7452"}],"curies":[{"name":"wp","href":"https:\/\/api.w.org\/{rel}","templated":true}]}}