{"id":7394,"date":"2025-04-28T08:36:00","date_gmt":"2022-03-28T08:36:13","guid":{"rendered":"https:\/\/www.capgemini.com\/?page_id=665430"},"modified":"2023-11-09T05:57:44","modified_gmt":"2023-11-09T05:57:44","slug":"politique-protection-donnees","status":"publish","type":"page","link":"https:\/\/www.capgemini.com\/ca-fr\/notre-groupe\/gestion-gouvernance\/politiques\/politique-protection-donnees\/","title":{"rendered":"Politique sur la protection des donn\u00e9es"},"content":{"rendered":"\n<header class=\"wp-block-cg-blocks-hero-reusable is-style-blue-line header heroReusable  \"><div class=\"header-bgs\"><picture><source srcset=\"https:\/\/www.capgemini.com\/wp-content\/uploads\/2023\/05\/Capgemini_About-Us_our-policies.jpg?w=2880&amp;quality=70 1x, https:\/\/www.capgemini.com\/wp-content\/uploads\/2023\/05\/Capgemini_About-Us_our-policies.jpg?w=2880&amp;quality=70 2x\" media=\"(min-width: 1500px)\"\/><source srcset=\"https:\/\/www.capgemini.com\/wp-content\/uploads\/2023\/05\/Capgemini_About-Us_our-policies.jpg?w=1440&amp;quality=70 1x, https:\/\/www.capgemini.com\/wp-content\/uploads\/2023\/05\/Capgemini_About-Us_our-policies.jpg?w=2880&amp;quality=70 2x\" media=\"(min-width: 992px)\"\/><source srcset=\"https:\/\/www.capgemini.com\/wp-content\/uploads\/2023\/05\/Capgemini_About-Us_our-policies.jpg?w=1024&amp;quality=70 1x, https:\/\/www.capgemini.com\/wp-content\/uploads\/2023\/05\/Capgemini_About-Us_our-policies.jpg?w=1024&amp;quality=70 2x\" media=\"(min-width: 768px)\"\/><source srcset=\"https:\/\/www.capgemini.com\/wp-content\/uploads\/2023\/05\/Capgemini_About-Us_our-policies.jpg?w=768&amp;quality=70 1x, https:\/\/www.capgemini.com\/wp-content\/uploads\/2023\/05\/Capgemini_About-Us_our-policies.jpg?w=768&amp;quality=70 2x\" media=\"(min-width: 0)\"\/><img decoding=\"async\" src=\"https:\/\/www.capgemini.com\/wp-content\/uploads\/2023\/05\/Capgemini_About-Us_our-policies.jpg\" class=\"header-img header-img-d\" alt=\"\" style=\"object-fit:cover;object-position:50% 50%\" loading=\"eager\"\/><\/picture><\/div><div class=\"heroPictureCardHeaderShape\"><\/div><div class=\"container\"><div class=\"row\"><div class=\"col-md-12\"><div class=\"box\"><div class=\"boxTagWrapper\"><div class=\"tagInfo\"><div><span class=\"box-tag\">Politiques<\/span><\/div><\/div><\/div><div class=\"box-title\"><h1 data-maxlength=\"34\">Politique sur la protection des donn\u00e9es<\/h1><\/div><div class=\"inner-row-insight download-btn\"><\/div><\/div><\/div><\/div><\/div><\/header>\n\n\n\n<section class=\"wp-block-cg-blocks-intro-para undefined section section--intro\"><div class=\"intro-para\"><div class=\"container\"><div class=\"row\"><div class=\"col-12 col-md-1\"><nav class=\"article-social\"><ul class=\"social-nav\"><li class=\"ip-order-fb\"><a href=\"https:\/\/www.facebook.com\/sharer\/sharer.php?u=https:\/\/www.capgemini.com\/fr-fr\/notre-groupe\/gestion-gouvernance\/politiques\/politique-protection-donnees\/\" target=\"_blank\" rel=\"noopener noreferrer\" title=\"Ouvrir dans une nouvelle fen\u00eatre\"><i aria-hidden=\"true\" class=\"icon-fb\"><\/i><span class=\"sr-only\">Facebook<\/span><\/a><\/li><li class=\"ip-order-li\"><a href=\"https:\/\/www.linkedin.com\/sharing\/share-offsite\/?url=https:\/\/www.capgemini.com\/fr-fr\/notre-groupe\/gestion-gouvernance\/politiques\/politique-protection-donnees\/\" target=\"_blank\" rel=\"noopener noreferrer\" title=\"Ouvrir dans une nouvelle fen\u00eatre\"><i aria-hidden=\"true\" class=\"icon-li\"><\/i><span class=\"sr-only\">Linkedin<\/span><\/a><\/li><\/ul><\/nav><\/div><div class=\"col-12 col-md-11 col-lg-10\"><h2 class=\"intro-para-title\">R\u00e8gles d\u2019entreprise contraignantes<\/h2><p class=\"intro-para-content\">Comptant parmi les principaux fournisseurs mondiaux de services de conseil, de technologie et d\u2019externalisation desservant un large \u00e9ventail de clients \u00e0 travers le monde, Capgemini s\u2019engage \u00e0 prot\u00e9ger la confidentialit\u00e9 et les donn\u00e9es personnelles qui lui sont confi\u00e9es. En tant que groupe international comptant des soci\u00e9t\u00e9s dans plus de 40 pays, Capgemini doit s\u2019assurer que les donn\u00e9es personnelles circulent librement et en toute s\u00e9curit\u00e9 entre les soci\u00e9t\u00e9s Capgemini, avec un niveau de protection appropri\u00e9 et uniforme.<br><br>Capgemini s\u2019engage \u00e0 prot\u00e9ger toutes les donn\u00e9es personnelles qui lui sont confi\u00e9es dans le cadre de ses activit\u00e9s, en tant que responsable du traitement et sous-traitant. En tant que groupe international, il est important pour Capgemini que les informations circulent librement et en toute s\u00e9curit\u00e9. Assurer un niveau de protection appropri\u00e9 pour les donn\u00e9es personnelles transf\u00e9r\u00e9es au sein du groupe est l\u2019une des raisons pour lesquelles Capgemini a choisi de mettre en \u0153uvre ces R\u00e8gles d\u2019entreprise contraignantes (BCR), qui ont \u00e9t\u00e9 approuv\u00e9es au pr\u00e9alable par la CNIL, autorit\u00e9 fran\u00e7aise de protection des donn\u00e9es, en mars 2016. Ce point est d\u2019autant plus important que la protection et la s\u00e9curit\u00e9 juridiques des donn\u00e9es sont cruciales pour chaque filiale de Capgemini. Tout incident li\u00e9 aux donn\u00e9es peut nuire gravement \u00e0 la r\u00e9putation du Groupe et entra\u00eener des risques financiers \u00e9lev\u00e9s.<br><\/p><\/div><\/div><\/div><\/div><\/section>\n\n\n\n<section class=\"wp-block-cg-blocks-group undefined section section--article-content\"><div class=\"article-main-content\"><div class=\"container\"><div class=\"row\"><div class=\"col-12 col-md-11 col-lg-10 offset-md-1 offset-lg-1\"><div class=\"article-text article-quote-text\">\n<div class=\"wp-block-buttons is-layout-flex wp-block-buttons-is-layout-flex\">\n<div class=\"wp-block-button\"><a class=\"wp-block-button__link wp-element-button\" href=\"https:\/\/www.capgemini.com\/fr-fr\/wp-content\/uploads\/sites\/6\/2025\/01\/CG-BCR-C-Public-version.pdf\" target=\"_blank\" rel=\"noreferrer noopener\">R\u00e8gles d&#8217;entreprise contraignantes pour nos activit\u00e9s de responsable de traitement<\/a><\/div>\n\n\n\n<div class=\"wp-block-button\"><a class=\"wp-block-button__link wp-element-button\" href=\"https:\/\/www.capgemini.com\/wp-content\/uploads\/2023\/05\/EU-BCR-P-Public-version-updated-March-2023.pdf\" target=\"_blank\" rel=\"noreferrer noopener\">R\u00e8gles d&#8217;entreprise contraignantes pour nos activit\u00e9s de sous-traitant<\/a><\/div>\n<\/div>\n<\/div><\/div><\/div><\/div><\/div><\/section>\n\n\n\n<section class=\"wp-block-cg-blocks-wrapper-card-text-pic wrapperCardTextPic hero-bg-shape\"><div class=\"container\"><div class=\"content-title\"><h2 class=\"card-text-pic-heading\">Notre objectif<\/h2><\/div><div class=\"row\"><div class=\"col-md-12\">\n<div class=\"wp-block-cg-blocks-card-text-pic-right\"><div class=\"row card-text-pic rightCard\"><div class=\"col-md-12\"><div class=\"box--section\"><div class=\"box  row-nobleed\"><div class=\"col-lg-8 col-md-12 box-inner\"><a href=\"https:\/\/investors.capgemini.com\/fr\/esg-gouvernance\/\" aria-label=\"Engag\u00e9 pour la protection des donn\u00e9es\" target=\"_blank\" rel=\"noopener noreferrer\" title=\"opens in a new window\"><h3 class=\"titlewithLink\" data-maxlength=\"144\"><a href=\"https:\/\/investors.capgemini.com\/en\/esg-governance\/\" target=\"_blank\" rel=\"noreferrer noopener\">Engag\u00e9 pour la protection des donn\u00e9es<\/a><\/h3><\/a><p class=\"box-text\" data-maxlength=\"\">Dans le cadre de notre politique ESG, nous nous sommes fix\u00e9s comme objectif de :<br><br><strong>Int\u00e9grer la protection des donn\u00e9es au sein de notre culture, de nos activit\u00e9s et de nos projets clients<\/strong>.<br><\/p><div class=\"box-bottom\"><a aria-label=\"Lire la suite Engag\u00e9 pour la protection des donn\u00e9es\" class=\"more2\" data-maxlength=\"24\" href=\"https:\/\/investors.capgemini.com\/fr\/esg-gouvernance\/\" target=\"_blank\" rel=\"noopener noreferrer\" title=\"opens in a new window\">Plus d&#8217;informations<\/a><\/div><\/div><div class=\"col-lg-5 col-md-12 box-img-wrapper\"><a href=\"https:\/\/investors.capgemini.com\/fr\/esg-gouvernance\/\" aria-label=\"Plus d'informations A propos Engag\u00e9 pour la protection des donn\u00e9es\" tabindex=\"-1\" target=\"_blank\" rel=\"noopener noreferrer\" title=\"opens in a new window\"><picture><source srcset=\"https:\/\/www.capgemini.com\/wp-content\/uploads\/2022\/01\/priority-8-.jpeg?w=1000&amp;quality=70 1x, https:\/\/www.capgemini.com\/wp-content\/uploads\/2022\/01\/priority-8-.jpeg?w=1000&amp;quality=70 2x\" media=\"(min-width: 1500px)\"\/><source srcset=\"https:\/\/www.capgemini.com\/wp-content\/uploads\/2022\/01\/priority-8-.jpeg?w=500&amp;quality=70 1x, https:\/\/www.capgemini.com\/wp-content\/uploads\/2022\/01\/priority-8-.jpeg?w=1000&amp;quality=70 2x\" media=\"(min-width: 992px)\"\/><source srcset=\"https:\/\/www.capgemini.com\/wp-content\/uploads\/2022\/01\/priority-8-.jpeg?w=768&amp;quality=70 1x, https:\/\/www.capgemini.com\/wp-content\/uploads\/2022\/01\/priority-8-.jpeg?w=768&amp;quality=70 2x\" media=\"(min-width: 768px)\"\/><source srcset=\"https:\/\/www.capgemini.com\/wp-content\/uploads\/2022\/01\/priority-8-.jpeg?w=556&amp;quality=70 1x, https:\/\/www.capgemini.com\/wp-content\/uploads\/2022\/01\/priority-8-.jpeg?w=556&amp;quality=70 2x\" media=\"(min-width: 0)\"\/><img decoding=\"async\" src=\"https:\/\/www.capgemini.com\/wp-content\/uploads\/2022\/01\/priority-8-.jpeg\" class=\"box-img\" alt=\"\" style=\"object-fit:cover;object-position:50% 50%\" loading=\"lazy\"\/><\/picture><\/a><\/div><\/div><\/div><\/div><\/div><\/div>\n<\/div><\/div><\/div><\/section>\n","protected":false},"excerpt":{"rendered":"<p>Comptant parmi les principaux fournisseurs mondiaux de services de conseil, de technologie et d\u2019externalisation desservant un large \u00e9ventail de clients \u00e0 travers le monde, Capgemini s\u2019engage \u00e0 prot\u00e9ger la confidentialit\u00e9 et les donn\u00e9es personnelles qui lui sont confi\u00e9es. En tant que groupe international comptant des soci\u00e9t\u00e9s dans plus de 40 pays, Capgemini doit s\u2019assurer que les donn\u00e9es personnelles circulent librement et en toute s\u00e9curit\u00e9 entre les soci\u00e9t\u00e9s Capgemini, avec un niveau de protection appropri\u00e9 et uniforme.<\/p>\n","protected":false},"author":121,"featured_media":0,"parent":0,"menu_order":0,"comment_status":"closed","ping_status":"closed","template":"","meta":{"cg_dt_proposed_to":[],"cg_seo_hreflang_relations":"[]","cg_seo_canonical_relation":"","cg_seo_hreflang_x_default_relation":"{\"uuid\":\"816e07c4-f687-4d51-b991-b1b59eda1e31\",\"blogId\":\"\",\"domain\":\"\",\"sitePath\":\"\",\"postLink\":\"\",\"postId\":null,\"isSaved\":true,\"isCrossLink\":false,\"hasCrossLink\":false}","cg_dt_approved_content":true,"cg_dt_mandatory_content":false,"cg_dt_notes":"","cg_dg_source_changed":false,"cg_dt_link_disabled":false,"_yoast_wpseo_primary_brand":"","footnotes":"","featured_focal_points":"","partner_card_description":"","gsap_animation":0},"brand":[],"partner_type":[],"service":[],"industry":[],"partners":[],"page-type":[264],"content-group":[],"class_list":["post-7394","page","type-page","status-publish","hentry","page-type-notre-groupe"],"yoast_head":"<!-- This site is optimized with the Yoast SEO Premium plugin v22.8 (Yoast SEO v22.8) - https:\/\/yoast.com\/wordpress\/plugins\/seo\/ -->\n<title>Politique sur la protection des donn\u00e9es | Capgemini<\/title>\n<meta name=\"description\" content=\"Comptant parmi les principaux fournisseurs mondiaux de services de conseil, de technologie et d\u2019externalisation desservant un large \u00e9ventail de clients \u00e0 travers le monde, Capgemini s\u2019engage \u00e0 prot\u00e9ger la confidentialit\u00e9 et les donn\u00e9es personnelles qui lui sont confi\u00e9es. En tant que groupe international comptant des soci\u00e9t\u00e9s dans plus de 40 pays, Capgemini doit s\u2019assurer que les donn\u00e9es personnelles circulent librement et en toute s\u00e9curit\u00e9 entre les soci\u00e9t\u00e9s Capgemini, avec un niveau de protection appropri\u00e9 et uniforme.\" \/>\n<meta name=\"robots\" content=\"index, follow, max-snippet:-1, max-image-preview:large, max-video-preview:-1\" \/>\n<link rel=\"canonical\" href=\"https:\/\/www.capgemini.com\/fr-fr\/notre-groupe\/gestion-gouvernance\/politiques\/politique-protection-donnees\/\" \/>\n<meta property=\"og:locale\" content=\"fr_FR\" \/>\n<meta property=\"og:type\" content=\"article\" \/>\n<meta property=\"og:title\" content=\"Politique sur la protection des donn\u00e9es\" \/>\n<meta property=\"og:description\" content=\"Comptant parmi les principaux fournisseurs mondiaux de services de conseil, de technologie et d\u2019externalisation desservant un large \u00e9ventail de clients \u00e0 travers le monde, Capgemini s\u2019engage \u00e0 prot\u00e9ger la confidentialit\u00e9 et les donn\u00e9es personnelles qui lui sont confi\u00e9es. En tant que groupe international comptant des soci\u00e9t\u00e9s dans plus de 40 pays, Capgemini doit s\u2019assurer que les donn\u00e9es personnelles circulent librement et en toute s\u00e9curit\u00e9 entre les soci\u00e9t\u00e9s Capgemini, avec un niveau de protection appropri\u00e9 et uniforme.\" \/>\n<meta property=\"og:url\" content=\"https:\/\/www.capgemini.com\/ca-fr\/notre-groupe\/gestion-gouvernance\/politiques\/politique-protection-donnees\/\" \/>\n<meta property=\"og:site_name\" content=\"Capgemini Canada French\" \/>\n<meta property=\"article:modified_time\" content=\"2023-11-09T05:57:44+00:00\" \/>\n<meta property=\"og:image\" content=\"https:\/\/www.capgemini.com\/ca-fr\/wp-content\/uploads\/sites\/21\/2025\/10\/New-Web-preview-global.jpg\" \/>\n\t<meta property=\"og:image:width\" content=\"1200\" \/>\n\t<meta property=\"og:image:height\" content=\"627\" \/>\n\t<meta property=\"og:image:type\" content=\"image\/jpeg\" \/>\n<meta name=\"twitter:card\" content=\"summary_large_image\" \/>\n<script type=\"application\/ld+json\" class=\"yoast-schema-graph\">{\"@context\":\"https:\/\/schema.org\",\"@graph\":[{\"@type\":\"WebPage\",\"@id\":\"https:\/\/www.capgemini.com\/ca-fr\/notre-groupe\/gestion-gouvernance\/politiques\/politique-protection-donnees\/\",\"url\":\"https:\/\/www.capgemini.com\/ca-fr\/notre-groupe\/gestion-gouvernance\/politiques\/politique-protection-donnees\/\",\"name\":\"Politique sur la protection des donn\u00e9es | Capgemini\",\"isPartOf\":{\"@id\":\"https:\/\/www.capgemini.com\/ca-fr\/#website\"},\"primaryImageOfPage\":{\"@id\":\"https:\/\/www.capgemini.com\/ca-fr\/notre-groupe\/gestion-gouvernance\/politiques\/politique-protection-donnees\/#primaryimage\"},\"image\":{\"@id\":\"https:\/\/www.capgemini.com\/ca-fr\/notre-groupe\/gestion-gouvernance\/politiques\/politique-protection-donnees\/#primaryimage\"},\"thumbnailUrl\":\"https:\/\/www.capgemini.com\/wp-content\/uploads\/2023\/05\/Capgemini_About-Us_our-policies.jpg\",\"datePublished\":\"2022-03-28T08:36:13+00:00\",\"dateModified\":\"2023-11-09T05:57:44+00:00\",\"description\":\"Comptant parmi les principaux fournisseurs mondiaux de services de conseil, de technologie et d\u2019externalisation desservant un large \u00e9ventail de clients \u00e0 travers le monde, Capgemini s\u2019engage \u00e0 prot\u00e9ger la confidentialit\u00e9 et les donn\u00e9es personnelles qui lui sont confi\u00e9es. En tant que groupe international comptant des soci\u00e9t\u00e9s dans plus de 40 pays, Capgemini doit s\u2019assurer que les donn\u00e9es personnelles circulent librement et en toute s\u00e9curit\u00e9 entre les soci\u00e9t\u00e9s Capgemini, avec un niveau de protection appropri\u00e9 et uniforme.\",\"breadcrumb\":{\"@id\":\"https:\/\/www.capgemini.com\/ca-fr\/notre-groupe\/gestion-gouvernance\/politiques\/politique-protection-donnees\/#breadcrumb\"},\"inLanguage\":\"fr-FR\",\"potentialAction\":[{\"@type\":\"ReadAction\",\"target\":[\"https:\/\/www.capgemini.com\/ca-fr\/notre-groupe\/gestion-gouvernance\/politiques\/politique-protection-donnees\/\"]}]},{\"@type\":\"ImageObject\",\"inLanguage\":\"fr-FR\",\"@id\":\"https:\/\/www.capgemini.com\/ca-fr\/notre-groupe\/gestion-gouvernance\/politiques\/politique-protection-donnees\/#primaryimage\",\"url\":\"https:\/\/www.capgemini.com\/wp-content\/uploads\/2023\/05\/Capgemini_About-Us_our-policies.jpg\",\"contentUrl\":\"https:\/\/www.capgemini.com\/wp-content\/uploads\/2023\/05\/Capgemini_About-Us_our-policies.jpg\"},{\"@type\":\"BreadcrumbList\",\"@id\":\"https:\/\/www.capgemini.com\/ca-fr\/notre-groupe\/gestion-gouvernance\/politiques\/politique-protection-donnees\/#breadcrumb\",\"itemListElement\":[{\"@type\":\"ListItem\",\"position\":1,\"name\":\"Home\",\"item\":\"https:\/\/www.capgemini.com\/ca-fr\/\"},{\"@type\":\"ListItem\",\"position\":2,\"name\":\"Politique sur la protection des donn\u00e9es\"}]},{\"@type\":\"WebSite\",\"@id\":\"https:\/\/www.capgemini.com\/ca-fr\/#website\",\"url\":\"https:\/\/www.capgemini.com\/ca-fr\/\",\"name\":\"Capgemini Canada French\",\"description\":\"Capgemini\",\"potentialAction\":[{\"@type\":\"SearchAction\",\"target\":{\"@type\":\"EntryPoint\",\"urlTemplate\":\"https:\/\/www.capgemini.com\/ca-fr\/?s={search_term_string}\"},\"query-input\":\"required name=search_term_string\"}],\"inLanguage\":\"fr-FR\"}]}<\/script>\n<!-- \/ Yoast SEO Premium plugin. -->","yoast_head_json":{"title":"Politique sur la protection des donn\u00e9es | Capgemini","description":"Comptant parmi les principaux fournisseurs mondiaux de services de conseil, de technologie et d\u2019externalisation desservant un large \u00e9ventail de clients \u00e0 travers le monde, Capgemini s\u2019engage \u00e0 prot\u00e9ger la confidentialit\u00e9 et les donn\u00e9es personnelles qui lui sont confi\u00e9es. En tant que groupe international comptant des soci\u00e9t\u00e9s dans plus de 40 pays, Capgemini doit s\u2019assurer que les donn\u00e9es personnelles circulent librement et en toute s\u00e9curit\u00e9 entre les soci\u00e9t\u00e9s Capgemini, avec un niveau de protection appropri\u00e9 et uniforme.","robots":{"index":"index","follow":"follow","max-snippet":"max-snippet:-1","max-image-preview":"max-image-preview:large","max-video-preview":"max-video-preview:-1"},"canonical":"https:\/\/www.capgemini.com\/fr-fr\/notre-groupe\/gestion-gouvernance\/politiques\/politique-protection-donnees\/","og_locale":"fr_FR","og_type":"article","og_title":"Politique sur la protection des donn\u00e9es","og_description":"Comptant parmi les principaux fournisseurs mondiaux de services de conseil, de technologie et d\u2019externalisation desservant un large \u00e9ventail de clients \u00e0 travers le monde, Capgemini s\u2019engage \u00e0 prot\u00e9ger la confidentialit\u00e9 et les donn\u00e9es personnelles qui lui sont confi\u00e9es. En tant que groupe international comptant des soci\u00e9t\u00e9s dans plus de 40 pays, Capgemini doit s\u2019assurer que les donn\u00e9es personnelles circulent librement et en toute s\u00e9curit\u00e9 entre les soci\u00e9t\u00e9s Capgemini, avec un niveau de protection appropri\u00e9 et uniforme.","og_url":"https:\/\/www.capgemini.com\/ca-fr\/notre-groupe\/gestion-gouvernance\/politiques\/politique-protection-donnees\/","og_site_name":"Capgemini Canada French","article_modified_time":"2023-11-09T05:57:44+00:00","og_image":[{"width":1200,"height":627,"url":"https:\/\/www.capgemini.com\/ca-fr\/wp-content\/uploads\/sites\/21\/2025\/10\/New-Web-preview-global.jpg","type":"image\/jpeg"}],"twitter_card":"summary_large_image","schema":{"@context":"https:\/\/schema.org","@graph":[{"@type":"WebPage","@id":"https:\/\/www.capgemini.com\/ca-fr\/notre-groupe\/gestion-gouvernance\/politiques\/politique-protection-donnees\/","url":"https:\/\/www.capgemini.com\/ca-fr\/notre-groupe\/gestion-gouvernance\/politiques\/politique-protection-donnees\/","name":"Politique sur la protection des donn\u00e9es | Capgemini","isPartOf":{"@id":"https:\/\/www.capgemini.com\/ca-fr\/#website"},"primaryImageOfPage":{"@id":"https:\/\/www.capgemini.com\/ca-fr\/notre-groupe\/gestion-gouvernance\/politiques\/politique-protection-donnees\/#primaryimage"},"image":{"@id":"https:\/\/www.capgemini.com\/ca-fr\/notre-groupe\/gestion-gouvernance\/politiques\/politique-protection-donnees\/#primaryimage"},"thumbnailUrl":"https:\/\/www.capgemini.com\/wp-content\/uploads\/2023\/05\/Capgemini_About-Us_our-policies.jpg","datePublished":"2022-03-28T08:36:13+00:00","dateModified":"2023-11-09T05:57:44+00:00","description":"Comptant parmi les principaux fournisseurs mondiaux de services de conseil, de technologie et d\u2019externalisation desservant un large \u00e9ventail de clients \u00e0 travers le monde, Capgemini s\u2019engage \u00e0 prot\u00e9ger la confidentialit\u00e9 et les donn\u00e9es personnelles qui lui sont confi\u00e9es. En tant que groupe international comptant des soci\u00e9t\u00e9s dans plus de 40 pays, Capgemini doit s\u2019assurer que les donn\u00e9es personnelles circulent librement et en toute s\u00e9curit\u00e9 entre les soci\u00e9t\u00e9s Capgemini, avec un niveau de protection appropri\u00e9 et uniforme.","breadcrumb":{"@id":"https:\/\/www.capgemini.com\/ca-fr\/notre-groupe\/gestion-gouvernance\/politiques\/politique-protection-donnees\/#breadcrumb"},"inLanguage":"fr-FR","potentialAction":[{"@type":"ReadAction","target":["https:\/\/www.capgemini.com\/ca-fr\/notre-groupe\/gestion-gouvernance\/politiques\/politique-protection-donnees\/"]}]},{"@type":"ImageObject","inLanguage":"fr-FR","@id":"https:\/\/www.capgemini.com\/ca-fr\/notre-groupe\/gestion-gouvernance\/politiques\/politique-protection-donnees\/#primaryimage","url":"https:\/\/www.capgemini.com\/wp-content\/uploads\/2023\/05\/Capgemini_About-Us_our-policies.jpg","contentUrl":"https:\/\/www.capgemini.com\/wp-content\/uploads\/2023\/05\/Capgemini_About-Us_our-policies.jpg"},{"@type":"BreadcrumbList","@id":"https:\/\/www.capgemini.com\/ca-fr\/notre-groupe\/gestion-gouvernance\/politiques\/politique-protection-donnees\/#breadcrumb","itemListElement":[{"@type":"ListItem","position":1,"name":"Home","item":"https:\/\/www.capgemini.com\/ca-fr\/"},{"@type":"ListItem","position":2,"name":"Politique sur la protection des donn\u00e9es"}]},{"@type":"WebSite","@id":"https:\/\/www.capgemini.com\/ca-fr\/#website","url":"https:\/\/www.capgemini.com\/ca-fr\/","name":"Capgemini Canada French","description":"Capgemini","potentialAction":[{"@type":"SearchAction","target":{"@type":"EntryPoint","urlTemplate":"https:\/\/www.capgemini.com\/ca-fr\/?s={search_term_string}"},"query-input":"required name=search_term_string"}],"inLanguage":"fr-FR"}]}},"brand_term":[],"parsely":{"version":"1.1.0","canonical_url":"https:\/\/capgemini.com\/ca-fr\/notre-groupe\/gestion-gouvernance\/politiques\/politique-protection-donnees\/","smart_links":{"inbound":0,"outbound":0},"traffic_boost_suggestions_count":0,"meta":{"@context":"https:\/\/schema.org","@type":"WebPage","headline":"Politique sur la protection des donn\u00e9es","url":"https:\/\/www.capgemini.com\/ca-fr\/notre-groupe\/gestion-gouvernance\/politiques\/politique-protection-donnees\/","mainEntityOfPage":{"@type":"WebPage","@id":"https:\/\/www.capgemini.com\/ca-fr\/notre-groupe\/gestion-gouvernance\/politiques\/politique-protection-donnees\/"},"thumbnailUrl":"","image":{"@type":"ImageObject","url":""},"articleSection":"Uncategorized","author":[],"creator":[],"publisher":{"@type":"Organization","name":"Capgemini Canada French","logo":""},"keywords":[],"dateCreated":"2022-03-28T08:36:13Z","datePublished":"2022-03-28T08:36:13Z","dateModified":"2023-11-09T05:57:44Z"},"rendered":"<meta name=\"parsely-title\" content=\"Politique sur la protection des donn\u00e9es\" \/>\n<meta name=\"parsely-link\" content=\"https:\/\/www.capgemini.com\/ca-fr\/notre-groupe\/gestion-gouvernance\/politiques\/politique-protection-donnees\/\" \/>\n<meta name=\"parsely-type\" content=\"index\" \/>\n<meta name=\"parsely-pub-date\" content=\"2022-03-28T08:36:13Z\" \/>\n<meta name=\"parsely-section\" content=\"Uncategorized\" \/>","tracker_url":"https:\/\/cdn.parsely.com\/keys\/capgemini.com\/p.js"},"archive_status":false,"featured_image_src":"https:\/\/www.capgemini.com\/ca-fr\/wp-content\/themes\/capgemini2025\/assets\/images\/mockup.png","featured_image_alt":false,"jetpack_sharing_enabled":true,"distributor_meta":false,"distributor_terms":false,"distributor_media":false,"distributor_original_site_name":"Capgemini Canada French","distributor_original_site_url":"https:\/\/www.capgemini.com\/ca-fr","push-errors":false,"_links":{"self":[{"href":"https:\/\/www.capgemini.com\/ca-fr\/wp-json\/wp\/v2\/pages\/7394","targetHints":{"allow":["GET"]}}],"collection":[{"href":"https:\/\/www.capgemini.com\/ca-fr\/wp-json\/wp\/v2\/pages"}],"about":[{"href":"https:\/\/www.capgemini.com\/ca-fr\/wp-json\/wp\/v2\/types\/page"}],"author":[{"embeddable":true,"href":"https:\/\/www.capgemini.com\/ca-fr\/wp-json\/wp\/v2\/users\/121"}],"replies":[{"embeddable":true,"href":"https:\/\/www.capgemini.com\/ca-fr\/wp-json\/wp\/v2\/comments?post=7394"}],"version-history":[{"count":15,"href":"https:\/\/www.capgemini.com\/ca-fr\/wp-json\/wp\/v2\/pages\/7394\/revisions"}],"predecessor-version":[{"id":704506,"href":"https:\/\/www.capgemini.com\/ca-fr\/wp-json\/wp\/v2\/pages\/7394\/revisions\/704506"}],"wp:attachment":[{"href":"https:\/\/www.capgemini.com\/ca-fr\/wp-json\/wp\/v2\/media?parent=7394"}],"wp:term":[{"taxonomy":"brand","embeddable":true,"href":"https:\/\/www.capgemini.com\/ca-fr\/wp-json\/wp\/v2\/brand?post=7394"},{"taxonomy":"partner_type","embeddable":true,"href":"https:\/\/www.capgemini.com\/ca-fr\/wp-json\/wp\/v2\/partner_type?post=7394"},{"taxonomy":"service","embeddable":true,"href":"https:\/\/www.capgemini.com\/ca-fr\/wp-json\/wp\/v2\/service?post=7394"},{"taxonomy":"industry","embeddable":true,"href":"https:\/\/www.capgemini.com\/ca-fr\/wp-json\/wp\/v2\/industry?post=7394"},{"taxonomy":"partners","embeddable":true,"href":"https:\/\/www.capgemini.com\/ca-fr\/wp-json\/wp\/v2\/partners?post=7394"},{"taxonomy":"page-type","embeddable":true,"href":"https:\/\/www.capgemini.com\/ca-fr\/wp-json\/wp\/v2\/page-type?post=7394"},{"taxonomy":"content-group","embeddable":true,"href":"https:\/\/www.capgemini.com\/ca-fr\/wp-json\/wp\/v2\/content-group?post=7394"}],"curies":[{"name":"wp","href":"https:\/\/api.w.org\/{rel}","templated":true}]}}