{"id":7380,"date":"2022-04-14T12:09:10","date_gmt":"2022-04-14T12:09:10","guid":{"rendered":"https:\/\/www.capgemini.com\/?page_id=678974"},"modified":"2023-11-09T05:52:59","modified_gmt":"2023-11-09T05:52:59","slug":"speakup","status":"publish","type":"page","link":"https:\/\/www.capgemini.com\/ca-fr\/notre-groupe\/nous-connaitre\/valeurs-ethique\/notre-culture-ethique\/speakup\/","title":{"rendered":"SpeakUp \u2013 Notre ligne d\u2019assistance \u00e9thique"},"content":{"rendered":"\n<div class=\"wp-block-cg-blocks-hero-picture-card undefined is-style-blue-theme-2  heroPictureCard\"><div class=\"heroPictureCardBgs\"><picture><source srcset=\"https:\/\/www.capgemini.com\/wp-content\/uploads\/2021\/09\/Capgemini_Ethics_SpeakUP.jpg?w=2880&amp;quality=70 1x, https:\/\/www.capgemini.com\/wp-content\/uploads\/2021\/09\/Capgemini_Ethics_SpeakUP.jpg?w=2880&amp;quality=70 2x\" media=\"(min-width: 1500px)\"\/><source srcset=\"https:\/\/www.capgemini.com\/wp-content\/uploads\/2021\/09\/Capgemini_Ethics_SpeakUP.jpg?w=1440&amp;quality=70 1x, https:\/\/www.capgemini.com\/wp-content\/uploads\/2021\/09\/Capgemini_Ethics_SpeakUP.jpg?w=2880&amp;quality=70 2x\" media=\"(min-width: 992px)\"\/><source srcset=\"https:\/\/www.capgemini.com\/wp-content\/uploads\/2021\/09\/Capgemini_Ethics_SpeakUP.jpg?w=1024&amp;quality=70 1x, https:\/\/www.capgemini.com\/wp-content\/uploads\/2021\/09\/Capgemini_Ethics_SpeakUP.jpg?w=1024&amp;quality=70 2x\" media=\"(min-width: 768px)\"\/><source srcset=\"https:\/\/www.capgemini.com\/wp-content\/uploads\/2021\/09\/Capgemini_Ethics_SpeakUP.jpg?w=768&amp;quality=70 1x, https:\/\/www.capgemini.com\/wp-content\/uploads\/2021\/09\/Capgemini_Ethics_SpeakUP.jpg?w=768&amp;quality=70 2x\" media=\"(min-width: 0)\"\/><img decoding=\"async\" src=\"https:\/\/www.capgemini.com\/wp-content\/uploads\/2021\/09\/Capgemini_Ethics_SpeakUP.jpg\" class=\"desktopImage\" alt=\"\" style=\"object-fit:cover;object-position:0% 43%\" loading=\"eager\"\/><\/picture><picture><source srcset=\"https:\/\/www.capgemini.com\/wp-content\/uploads\/2021\/09\/Capgemini_Ethics_SpeakUP.jpg?w=2880&amp;quality=70 1x, https:\/\/www.capgemini.com\/wp-content\/uploads\/2021\/09\/Capgemini_Ethics_SpeakUP.jpg?w=2880&amp;quality=70 2x\" media=\"(min-width: 1500px)\"\/><source srcset=\"https:\/\/www.capgemini.com\/wp-content\/uploads\/2021\/09\/Capgemini_Ethics_SpeakUP.jpg?w=1440&amp;quality=70 1x, https:\/\/www.capgemini.com\/wp-content\/uploads\/2021\/09\/Capgemini_Ethics_SpeakUP.jpg?w=2880&amp;quality=70 2x\" media=\"(min-width: 992px)\"\/><source srcset=\"https:\/\/www.capgemini.com\/wp-content\/uploads\/2021\/09\/Capgemini_Ethics_SpeakUP.jpg?w=1024&amp;quality=70 1x, https:\/\/www.capgemini.com\/wp-content\/uploads\/2021\/09\/Capgemini_Ethics_SpeakUP.jpg?w=1024&amp;quality=70 2x\" media=\"(min-width: 768px)\"\/><source srcset=\"https:\/\/www.capgemini.com\/wp-content\/uploads\/2021\/09\/Capgemini_Ethics_SpeakUP.jpg?w=768&amp;quality=70 1x, https:\/\/www.capgemini.com\/wp-content\/uploads\/2021\/09\/Capgemini_Ethics_SpeakUP.jpg?w=768&amp;quality=70 2x\" media=\"(min-width: 0)\"\/><img decoding=\"async\" src=\"https:\/\/www.capgemini.com\/wp-content\/uploads\/2021\/09\/Capgemini_Ethics_SpeakUP.jpg\" class=\"mobileImage\" alt=\"\" style=\"object-fit:cover;object-position:0% 43%\" loading=\"eager\"\/><\/picture><\/div><div class=\"heroPictureCardHeaderShape\"><\/div><div class=\"container\"><div class=\"row\"><div class=\"col-md-8 col-lg-6\"><div class=\"heroPictureCardBox\"><div class=\"heroPictureCardBoxTitle\"><h1 data-maxlength=\"144\">SpeakUp &#8211; Notre ligne d&#8217;assistance \u00e9thique<\/h1><\/div><\/div><\/div><\/div><\/div><div class=\"small-device\"><div class=\"brandLogoWrapper\"> <\/div><\/div><\/div>\n\n\n\n<section class=\"wp-block-cg-blocks-intro-para undefined section section--intro\"><div class=\"intro-para\"><div class=\"container\"><div class=\"row\"><div class=\"col-12 col-md-1\"><nav class=\"article-social\"><ul class=\"social-nav\"><li class=\"ip-order-fb\"><a href=\"https:\/\/www.facebook.com\/sharer\/sharer.php?u=https:\/\/www.capgemini.com\/fr-fr\/notre-groupe\/nous-connaitre\/valeurs-ethique\/speakup\/\" target=\"_blank\" rel=\"noopener noreferrer\" title=\"Ouvrir dans une nouvelle fen\u00eatre\"><i aria-hidden=\"true\" class=\"icon-fb\"><\/i><span class=\"sr-only\">Facebook<\/span><\/a><\/li><li class=\"ip-order-li\"><a href=\"https:\/\/www.linkedin.com\/sharing\/share-offsite\/?url=https:\/\/www.capgemini.com\/fr-fr\/notre-groupe\/nous-connaitre\/valeurs-ethique\/speakup\/\" target=\"_blank\" rel=\"noopener noreferrer\" title=\"Ouvrir dans une nouvelle fen\u00eatre\"><i aria-hidden=\"true\" class=\"icon-li\"><\/i><span class=\"sr-only\">Linkedin<\/span><\/a><\/li><\/ul><\/nav><\/div><div class=\"col-12 col-md-11 col-lg-10\"><h2 class=\"intro-para-title\">SpeakUp est un outil Web et t\u00e9l\u00e9phonique de signalement \u00e9thique, de gestion des incidents et de conseil, h\u00e9berg\u00e9 par un fournisseur de services ind\u00e9pendant. <\/h2><p class=\"intro-para-content\">Il est g\u00e9r\u00e9 par notre fonction Group Ethics et soutenu par notre r\u00e9seau mondial d\u2019avocats g\u00e9n\u00e9raux, de responsables de la conformit\u00e9 et de l&#8217;\u00e9thique, et d\u2019enqu\u00eateurs RH.   <br><br>Il est volontaire, confidentiel et permet de conserver l&#8217;anonymat, sauf dans les pays o\u00f9 l\u2019anonymat ne serait pas conforme aux lois locales. Capgemini le met \u00e0 la disposition des membres de notre \u00e9quipe, de nos clients, de nos fournisseurs et de nos partenaires commerciaux.<\/p><\/div><\/div><\/div><\/div><\/section>\n\n\n\n<section class=\"wp-block-cg-blocks-group undefined section section--article-content\"><div class=\"article-main-content\"><div class=\"container\"><div class=\"row\"><div class=\"col-12 col-md-11 col-lg-10 offset-md-1 offset-lg-1\"><div class=\"article-text article-quote-text\">\n<div class=\"wp-block-buttons is-layout-flex wp-block-buttons-is-layout-flex\">\n<div class=\"wp-block-button is-style-outline is-style-outline--1\"><a class=\"wp-block-button__link wp-element-button\" href=\"https:\/\/capgemini.integrityline.com\/?lang=fr\" target=\"_blank\" rel=\"noreferrer noopener\">Contactez la ligne d\u2019assistance SpeakUp<\/a><\/div>\n<\/div>\n<\/div><\/div><\/div><\/div><\/div><\/section>\n\n\n\n<section class=\"wp-block-cg-blocks-intro-para-video is-style-cg-sapphire3 section section--info-2cols section--insights section-video \"><div class=\"bg-color video-align-left\"><div class=\"container\"><div class=\"row video-align-right\"><div class=\"col-md-12\"><div class=\"video-align-right row box box--4 box--mini\"><div class=\"col-md-1\"><\/div><div class=\"col-md-8 box-img-wrapper\"><div class=\"video-box\"><div class=\"video-wrapper\"><iframe title=\"video-section\" src=\"https:\/\/www.youtube.com\/embed\/B86vB6qSXi0?rel=0&amp;modestbranding=1&amp;playsinline=1&amp;enablejsapi=1\" frameborder=\"0\" allow=\"accelerometer; autoplay; clipboard-write; encrypted-media; gyroscope; picture-in-picture\" allowfullscreen loading=\"lazy\" referrerpolicy=\"strict-origin-when-cross-origin\"><\/iframe><\/div><\/div><\/div><div class=\"col-md-3\"><h3 class=\"Video-title\" data-maxlength=\"34\">Pr\u00e9sentation de SpeakUp<\/h3><div class=\"video-info\"><p data-maxlength=\"68\">Un moyen pour les employ\u00e9s de faire part de leurs soucis au travai<\/p><\/div><\/div><div class=\"col-md-1\"><\/div><\/div><\/div><\/div><\/div><\/div><\/section>\n\n\n\n<section class=\"wp-block-cg-blocks-group undefined section section--article-content\"><div class=\"article-main-content\"><div class=\"container\"><div class=\"row\"><div class=\"col-12 col-md-11 col-lg-10 offset-md-1 offset-lg-1\"><div class=\"article-text article-quote-text\">\n<p>SpeakUp, notre ligne d\u2019assistance en mati\u00e8re d\u2019\u00e9thique sur le Web et par t\u00e9l\u00e9phone 24 h\/24, 7 j\/7, peut \u00eatre utilis\u00e9e pour signaler des pr\u00e9occupations et demander des conseils ou des directives sur des actions ou comportements qui :<\/p>\n\n\n\n<ul class=\"wp-block-list\">\n<li>enfreignent nos&nbsp;<a href=\"https:\/\/www.capgemini.com\/fr-fr\/notre-groupe\/nous-connaitre\/valeurs-ethique\/\">Valeurs&nbsp;<\/a>et nos aspirations \u00e9thiques, telles qu\u2019\u00e9nonc\u00e9es dans <a href=\"https:\/\/www.capgemini.com\/fr-fr\/notre-groupe\/nous-connaitre\/notre-culture-ethique\/charte-ethique\">notre Charte \u00c9thique<\/a><a href=\"\/about-us\/who-we-are\/our-values\/our-ethical-culture\/code-of-business-ethics\/\"> <\/a>et les directives associ\u00e9es ;<\/li>\n\n\n\n<li>ne sont pas conformes aux lois, r\u00e8glements et exigences de conformit\u00e9 internes applicables ;<\/li>\n\n\n\n<li>sont susceptibles d&#8217;affecter de mani\u00e8re significative les int\u00e9r\u00eats vitaux de Capgemini et de ses soci\u00e9t\u00e9s affili\u00e9es.<\/li>\n<\/ul>\n\n\n\n<p><\/p>\n\n\n\n<h5 class=\"wp-block-heading\" id=\"h-la-politique-speakup-est-disponible-dans-les-langues-suivantes\">La politique SpeakUp est disponible dans les langues suivantes :<\/h5>\n\n\n\n<p><a href=\"https:\/\/www.capgemini.com\/wp-content\/uploads\/2022\/01\/Capgemini_SpeakUpPolicy_English.pdf\" target=\"_blank\" rel=\"noreferrer noopener\">EN<\/a>&nbsp;| <a href=\"https:\/\/www.capgemini.com\/wp-content\/uploads\/2022\/01\/Capgemini_SpeakUpPolicy_Arabic.pdf\" target=\"_blank\" rel=\"noreferrer noopener\">AR<\/a>&nbsp;|&nbsp;<a href=\"https:\/\/www.capgemini.com\/wp-content\/uploads\/2022\/01\/Capgemini_SpeakUpPolicy_Czech.pdf\" target=\"_blank\" rel=\"noreferrer noopener\">CZ<\/a>&nbsp;|&nbsp;<a href=\"https:\/\/www.capgemini.com\/wp-content\/uploads\/2022\/01\/Capgemini_SpeakUpPolicy_Dutch.pdf\" target=\"_blank\" rel=\"noreferrer noopener\">NL<\/a>&nbsp;|&nbsp;<a href=\"https:\/\/www.capgemini.com\/wp-content\/uploads\/2022\/01\/Capgemini_SpeakUpPolicy_Danish.pdf\" target=\"_blank\" rel=\"noreferrer noopener\">DA<\/a>&nbsp;|&nbsp;<a href=\"https:\/\/www.capgemini.com\/wp-content\/uploads\/2022\/01\/Capgemini_SpeakUpPolicy_EuropeanSpanish.pdf\" target=\"_blank\" rel=\"noreferrer noopener\">EU-ES<\/a>&nbsp;|&nbsp;<a href=\"https:\/\/www.capgemini.com\/wp-content\/uploads\/2022\/01\/Capgemini_SpeakUpPolicy_Finnish.pdf\" target=\"_blank\" rel=\"noreferrer noopener\">FI<\/a>&nbsp;|&nbsp;<a href=\"https:\/\/www.capgemini.com\/wp-content\/uploads\/2022\/01\/Capgemini_SpeakUpPolicy__French-1.pdf\" target=\"_blank\" rel=\"noreferrer noopener\">FR<\/a>&nbsp;|&nbsp;<a href=\"https:\/\/www.capgemini.com\/wp-content\/uploads\/2022\/01\/SpeakUp_Policy_FR-Maroc-v1.4-ABE_11102021.pdf\" target=\"_blank\" rel=\"noreferrer noopener\">FR-MA<\/a>&nbsp;|&nbsp;<a href=\"https:\/\/www.capgemini.com\/wp-content\/uploads\/2022\/01\/Capgemini_SpeakUpPolicy_German-1.pdf\" target=\"_blank\" rel=\"noreferrer noopener\">DE<\/a> |&nbsp;<a href=\"https:\/\/www.capgemini.com\/wp-content\/uploads\/2022\/01\/SpeakUp_Policy_English-for-Hungary-v1_20201103.pdf\" target=\"_blank\" rel=\"noreferrer noopener\">EN-HU<\/a>&nbsp;|&nbsp;<a href=\"https:\/\/www.capgemini.com\/wp-content\/uploads\/2022\/01\/SpeakUp_Policy_Hungarian-v1_20201103.pdf\" target=\"_blank\" rel=\"noreferrer noopener\">HU<\/a>&nbsp;|&nbsp;<a href=\"https:\/\/www.capgemini.com\/wp-content\/uploads\/2022\/01\/Capgemini_SpeakUpPolicy_Italian.pdf\" target=\"_blank\" rel=\"noreferrer noopener\">IT<\/a>&nbsp;|&nbsp;<a href=\"https:\/\/www.capgemini.com\/wp-content\/uploads\/2022\/01\/Capgemini_SpeakUpPolicy_Japanese.pdf\" target=\"_blank\" rel=\"noreferrer noopener\">JP<\/a>&nbsp;|&nbsp;<a href=\"https:\/\/www.capgemini.com\/wp-content\/uploads\/2022\/01\/Capgemini_SpeakUpPolicy_Norwegian.pdf\" target=\"_blank\" rel=\"noreferrer noopener\">NO<\/a>&nbsp;|&nbsp;<a href=\"https:\/\/www.capgemini.com\/wp-content\/uploads\/2022\/01\/Capgemini_SpeakUpPolicy_Polish.pdf\" target=\"_blank\" rel=\"noreferrer noopener\">PL<\/a>&nbsp;|&nbsp;<a href=\"https:\/\/www.capgemini.com\/wp-content\/uploads\/2022\/01\/Capgemini_SpeakUpPolicy_Portugese.pdf\" target=\"_blank\" rel=\"noreferrer noopener\">PO<\/a>&nbsp;|&nbsp;<a href=\"https:\/\/www.capgemini.com\/wp-content\/uploads\/2022\/01\/Capgemini_SpeakUpPolicy_Romanian.pdf\" target=\"_blank\" rel=\"noreferrer noopener\">RO<\/a> |&nbsp;<a href=\"https:\/\/www.capgemini.com\/wp-content\/uploads\/2022\/01\/Capgemini_SpeakUpPolicy_SimplifiedChinese.pdf\" target=\"_blank\" rel=\"noreferrer noopener\">ZH<\/a>&nbsp;|&nbsp;<a href=\"https:\/\/www.capgemini.com\/wp-content\/uploads\/2022\/01\/Capgemini_SpeakUpPolicy_Slovak.pdf\" target=\"_blank\" rel=\"noreferrer noopener\">SL<\/a>&nbsp;|&nbsp;<a href=\"https:\/\/www.capgemini.com\/wp-content\/uploads\/2022\/01\/Capgemini_SpeakUpPolicy_Spanish.pdf\" target=\"_blank\" rel=\"noreferrer noopener\">ES<\/a>&nbsp;|&nbsp;<a href=\"https:\/\/www.capgemini.com\/wp-content\/uploads\/2022\/01\/Capgemini_SpeakUpPolicy_Swedish.pdf\" target=\"_blank\" rel=\"noreferrer noopener\">SE<\/a>&nbsp;| <a href=\"https:\/\/www.capgemini.com\/wp-content\/uploads\/2022\/01\/Capgemini_SpeakUpPolicy_Vietnamese.pdf\" target=\"_blank\" rel=\"noreferrer noopener\">VN<\/a> &nbsp;<\/p>\n<\/div><\/div><\/div><\/div><\/div><\/section>\n","protected":false},"excerpt":{"rendered":"<p>SpeakUp est un outil Web et t\u00e9l\u00e9phonique de signalement \u00e9thique, de gestion des incidents et de conseil, h\u00e9berg\u00e9 par un fournisseur de services ind\u00e9pendant. <\/p>\n","protected":false},"author":121,"featured_media":0,"parent":0,"menu_order":0,"comment_status":"closed","ping_status":"closed","template":"","meta":{"cg_dt_proposed_to":[],"cg_seo_hreflang_relations":"[]","cg_seo_canonical_relation":"","cg_seo_hreflang_x_default_relation":"{\"uuid\":\"0ed82db2-3160-48fb-870f-e2d9dbb58706\",\"blogId\":\"\",\"domain\":\"\",\"sitePath\":\"\",\"postLink\":\"\",\"postId\":null,\"isSaved\":true,\"isCrossLink\":false,\"hasCrossLink\":false}","cg_dt_approved_content":true,"cg_dt_mandatory_content":false,"cg_dt_notes":"","cg_dg_source_changed":false,"cg_dt_link_disabled":false,"_yoast_wpseo_primary_brand":"","footnotes":"","featured_focal_points":"","partner_card_description":"","gsap_animation":0},"brand":[],"partner_type":[],"service":[],"industry":[],"partners":[],"page-type":[264],"content-group":[],"class_list":["post-7380","page","type-page","status-publish","hentry","page-type-notre-groupe"],"yoast_head":"<!-- This site is optimized with the Yoast SEO Premium plugin v22.8 (Yoast SEO v22.8) - https:\/\/yoast.com\/wordpress\/plugins\/seo\/ -->\n<title>SpeakUp -Notre ligne d&#039;assistance \u00e9thique 24h\/24 et 7j\/7 | Capgemini<\/title>\n<meta name=\"description\" content=\"SpeakUp est un outil Web et t\u00e9l\u00e9phonique de signalement \u00e9thique, de gestion des incidents et de conseil, h\u00e9berg\u00e9 par un fournisseur de services ind\u00e9pendant.\" \/>\n<meta name=\"robots\" content=\"index, follow, max-snippet:-1, max-image-preview:large, max-video-preview:-1\" \/>\n<link rel=\"canonical\" href=\"https:\/\/www.capgemini.com\/fr-fr\/notre-groupe\/nous-connaitre\/valeurs-ethique\/speakup\/\" \/>\n<meta property=\"og:locale\" content=\"fr_FR\" \/>\n<meta property=\"og:type\" content=\"article\" \/>\n<meta property=\"og:title\" content=\"SpeakUp \u2013 Notre ligne d\u2019assistance \u00e9thique\" \/>\n<meta property=\"og:description\" content=\"SpeakUp est un outil Web et t\u00e9l\u00e9phonique de signalement \u00e9thique, de gestion des incidents et de conseil, h\u00e9berg\u00e9 par un fournisseur de services ind\u00e9pendant.\" \/>\n<meta property=\"og:url\" content=\"https:\/\/www.capgemini.com\/ca-fr\/notre-groupe\/nous-connaitre\/valeurs-ethique\/notre-culture-ethique\/speakup\/\" \/>\n<meta property=\"og:site_name\" content=\"Capgemini Canada French\" \/>\n<meta property=\"article:modified_time\" content=\"2023-11-09T05:52:59+00:00\" \/>\n<meta property=\"og:image\" content=\"https:\/\/www.capgemini.com\/ca-fr\/wp-content\/uploads\/sites\/21\/2025\/10\/New-Web-preview-global.jpg\" \/>\n\t<meta property=\"og:image:width\" content=\"1200\" \/>\n\t<meta property=\"og:image:height\" content=\"627\" \/>\n\t<meta property=\"og:image:type\" content=\"image\/jpeg\" \/>\n<meta name=\"twitter:card\" content=\"summary_large_image\" \/>\n<meta name=\"twitter:label1\" content=\"Est. reading time\" \/>\n\t<meta name=\"twitter:data1\" content=\"2 minutes\" \/>\n<script type=\"application\/ld+json\" class=\"yoast-schema-graph\">{\"@context\":\"https:\/\/schema.org\",\"@graph\":[{\"@type\":\"WebPage\",\"@id\":\"https:\/\/www.capgemini.com\/ca-fr\/notre-groupe\/nous-connaitre\/valeurs-ethique\/notre-culture-ethique\/speakup\/\",\"url\":\"https:\/\/www.capgemini.com\/ca-fr\/notre-groupe\/nous-connaitre\/valeurs-ethique\/notre-culture-ethique\/speakup\/\",\"name\":\"SpeakUp -Notre ligne d'assistance \u00e9thique 24h\/24 et 7j\/7 | Capgemini\",\"isPartOf\":{\"@id\":\"https:\/\/www.capgemini.com\/ca-fr\/#website\"},\"primaryImageOfPage\":{\"@id\":\"https:\/\/www.capgemini.com\/ca-fr\/notre-groupe\/nous-connaitre\/valeurs-ethique\/notre-culture-ethique\/speakup\/#primaryimage\"},\"image\":{\"@id\":\"https:\/\/www.capgemini.com\/ca-fr\/notre-groupe\/nous-connaitre\/valeurs-ethique\/notre-culture-ethique\/speakup\/#primaryimage\"},\"thumbnailUrl\":\"https:\/\/www.capgemini.com\/wp-content\/uploads\/2021\/09\/Capgemini_Ethics_SpeakUP.jpg\",\"datePublished\":\"2022-04-14T12:09:10+00:00\",\"dateModified\":\"2023-11-09T05:52:59+00:00\",\"description\":\"SpeakUp est un outil Web et t\u00e9l\u00e9phonique de signalement \u00e9thique, de gestion des incidents et de conseil, h\u00e9berg\u00e9 par un fournisseur de services ind\u00e9pendant.\",\"breadcrumb\":{\"@id\":\"https:\/\/www.capgemini.com\/ca-fr\/notre-groupe\/nous-connaitre\/valeurs-ethique\/notre-culture-ethique\/speakup\/#breadcrumb\"},\"inLanguage\":\"fr-FR\",\"potentialAction\":[{\"@type\":\"ReadAction\",\"target\":[\"https:\/\/www.capgemini.com\/ca-fr\/notre-groupe\/nous-connaitre\/valeurs-ethique\/notre-culture-ethique\/speakup\/\"]}]},{\"@type\":\"ImageObject\",\"inLanguage\":\"fr-FR\",\"@id\":\"https:\/\/www.capgemini.com\/ca-fr\/notre-groupe\/nous-connaitre\/valeurs-ethique\/notre-culture-ethique\/speakup\/#primaryimage\",\"url\":\"https:\/\/www.capgemini.com\/wp-content\/uploads\/2021\/09\/Capgemini_Ethics_SpeakUP.jpg\",\"contentUrl\":\"https:\/\/www.capgemini.com\/wp-content\/uploads\/2021\/09\/Capgemini_Ethics_SpeakUP.jpg\"},{\"@type\":\"BreadcrumbList\",\"@id\":\"https:\/\/www.capgemini.com\/ca-fr\/notre-groupe\/nous-connaitre\/valeurs-ethique\/notre-culture-ethique\/speakup\/#breadcrumb\",\"itemListElement\":[{\"@type\":\"ListItem\",\"position\":1,\"name\":\"Home\",\"item\":\"https:\/\/www.capgemini.com\/ca-fr\/\"},{\"@type\":\"ListItem\",\"position\":2,\"name\":\"SpeakUp \u2013 Notre ligne d\u2019assistance \u00e9thique\"}]},{\"@type\":\"WebSite\",\"@id\":\"https:\/\/www.capgemini.com\/ca-fr\/#website\",\"url\":\"https:\/\/www.capgemini.com\/ca-fr\/\",\"name\":\"Capgemini Canada French\",\"description\":\"Capgemini\",\"potentialAction\":[{\"@type\":\"SearchAction\",\"target\":{\"@type\":\"EntryPoint\",\"urlTemplate\":\"https:\/\/www.capgemini.com\/ca-fr\/?s={search_term_string}\"},\"query-input\":\"required name=search_term_string\"}],\"inLanguage\":\"fr-FR\"}]}<\/script>\n<!-- \/ Yoast SEO Premium plugin. -->","yoast_head_json":{"title":"SpeakUp -Notre ligne d'assistance \u00e9thique 24h\/24 et 7j\/7 | Capgemini","description":"SpeakUp est un outil Web et t\u00e9l\u00e9phonique de signalement \u00e9thique, de gestion des incidents et de conseil, h\u00e9berg\u00e9 par un fournisseur de services ind\u00e9pendant.","robots":{"index":"index","follow":"follow","max-snippet":"max-snippet:-1","max-image-preview":"max-image-preview:large","max-video-preview":"max-video-preview:-1"},"canonical":"https:\/\/www.capgemini.com\/fr-fr\/notre-groupe\/nous-connaitre\/valeurs-ethique\/speakup\/","og_locale":"fr_FR","og_type":"article","og_title":"SpeakUp \u2013 Notre ligne d\u2019assistance \u00e9thique","og_description":"SpeakUp est un outil Web et t\u00e9l\u00e9phonique de signalement \u00e9thique, de gestion des incidents et de conseil, h\u00e9berg\u00e9 par un fournisseur de services ind\u00e9pendant.","og_url":"https:\/\/www.capgemini.com\/ca-fr\/notre-groupe\/nous-connaitre\/valeurs-ethique\/notre-culture-ethique\/speakup\/","og_site_name":"Capgemini Canada French","article_modified_time":"2023-11-09T05:52:59+00:00","og_image":[{"width":1200,"height":627,"url":"https:\/\/www.capgemini.com\/ca-fr\/wp-content\/uploads\/sites\/21\/2025\/10\/New-Web-preview-global.jpg","type":"image\/jpeg"}],"twitter_card":"summary_large_image","twitter_misc":{"Est. reading time":"2 minutes"},"schema":{"@context":"https:\/\/schema.org","@graph":[{"@type":"WebPage","@id":"https:\/\/www.capgemini.com\/ca-fr\/notre-groupe\/nous-connaitre\/valeurs-ethique\/notre-culture-ethique\/speakup\/","url":"https:\/\/www.capgemini.com\/ca-fr\/notre-groupe\/nous-connaitre\/valeurs-ethique\/notre-culture-ethique\/speakup\/","name":"SpeakUp -Notre ligne d'assistance \u00e9thique 24h\/24 et 7j\/7 | Capgemini","isPartOf":{"@id":"https:\/\/www.capgemini.com\/ca-fr\/#website"},"primaryImageOfPage":{"@id":"https:\/\/www.capgemini.com\/ca-fr\/notre-groupe\/nous-connaitre\/valeurs-ethique\/notre-culture-ethique\/speakup\/#primaryimage"},"image":{"@id":"https:\/\/www.capgemini.com\/ca-fr\/notre-groupe\/nous-connaitre\/valeurs-ethique\/notre-culture-ethique\/speakup\/#primaryimage"},"thumbnailUrl":"https:\/\/www.capgemini.com\/wp-content\/uploads\/2021\/09\/Capgemini_Ethics_SpeakUP.jpg","datePublished":"2022-04-14T12:09:10+00:00","dateModified":"2023-11-09T05:52:59+00:00","description":"SpeakUp est un outil Web et t\u00e9l\u00e9phonique de signalement \u00e9thique, de gestion des incidents et de conseil, h\u00e9berg\u00e9 par un fournisseur de services ind\u00e9pendant.","breadcrumb":{"@id":"https:\/\/www.capgemini.com\/ca-fr\/notre-groupe\/nous-connaitre\/valeurs-ethique\/notre-culture-ethique\/speakup\/#breadcrumb"},"inLanguage":"fr-FR","potentialAction":[{"@type":"ReadAction","target":["https:\/\/www.capgemini.com\/ca-fr\/notre-groupe\/nous-connaitre\/valeurs-ethique\/notre-culture-ethique\/speakup\/"]}]},{"@type":"ImageObject","inLanguage":"fr-FR","@id":"https:\/\/www.capgemini.com\/ca-fr\/notre-groupe\/nous-connaitre\/valeurs-ethique\/notre-culture-ethique\/speakup\/#primaryimage","url":"https:\/\/www.capgemini.com\/wp-content\/uploads\/2021\/09\/Capgemini_Ethics_SpeakUP.jpg","contentUrl":"https:\/\/www.capgemini.com\/wp-content\/uploads\/2021\/09\/Capgemini_Ethics_SpeakUP.jpg"},{"@type":"BreadcrumbList","@id":"https:\/\/www.capgemini.com\/ca-fr\/notre-groupe\/nous-connaitre\/valeurs-ethique\/notre-culture-ethique\/speakup\/#breadcrumb","itemListElement":[{"@type":"ListItem","position":1,"name":"Home","item":"https:\/\/www.capgemini.com\/ca-fr\/"},{"@type":"ListItem","position":2,"name":"SpeakUp \u2013 Notre ligne d\u2019assistance \u00e9thique"}]},{"@type":"WebSite","@id":"https:\/\/www.capgemini.com\/ca-fr\/#website","url":"https:\/\/www.capgemini.com\/ca-fr\/","name":"Capgemini Canada French","description":"Capgemini","potentialAction":[{"@type":"SearchAction","target":{"@type":"EntryPoint","urlTemplate":"https:\/\/www.capgemini.com\/ca-fr\/?s={search_term_string}"},"query-input":"required name=search_term_string"}],"inLanguage":"fr-FR"}]}},"brand_term":[],"parsely":{"version":"1.1.0","canonical_url":"https:\/\/capgemini.com\/ca-fr\/notre-groupe\/nous-connaitre\/valeurs-ethique\/notre-culture-ethique\/speakup\/","smart_links":{"inbound":0,"outbound":0},"traffic_boost_suggestions_count":0,"meta":{"@context":"https:\/\/schema.org","@type":"WebPage","headline":"SpeakUp \u2013 Notre ligne d\u2019assistance \u00e9thique","url":"https:\/\/www.capgemini.com\/ca-fr\/notre-groupe\/nous-connaitre\/valeurs-ethique\/notre-culture-ethique\/speakup\/","mainEntityOfPage":{"@type":"WebPage","@id":"https:\/\/www.capgemini.com\/ca-fr\/notre-groupe\/nous-connaitre\/valeurs-ethique\/notre-culture-ethique\/speakup\/"},"thumbnailUrl":"","image":{"@type":"ImageObject","url":""},"articleSection":"Uncategorized","author":[],"creator":[],"publisher":{"@type":"Organization","name":"Capgemini Canada French","logo":""},"keywords":[],"dateCreated":"2022-04-14T12:09:10Z","datePublished":"2022-04-14T12:09:10Z","dateModified":"2023-11-09T05:52:59Z"},"rendered":"<meta name=\"parsely-title\" content=\"SpeakUp \u2013 Notre ligne d\u2019assistance \u00e9thique\" \/>\n<meta name=\"parsely-link\" content=\"https:\/\/www.capgemini.com\/ca-fr\/notre-groupe\/nous-connaitre\/valeurs-ethique\/notre-culture-ethique\/speakup\/\" \/>\n<meta name=\"parsely-type\" content=\"index\" \/>\n<meta name=\"parsely-pub-date\" content=\"2022-04-14T12:09:10Z\" \/>\n<meta name=\"parsely-section\" content=\"Uncategorized\" \/>","tracker_url":"https:\/\/cdn.parsely.com\/keys\/capgemini.com\/p.js"},"archive_status":false,"featured_image_src":"https:\/\/www.capgemini.com\/ca-fr\/wp-content\/themes\/capgemini2025\/assets\/images\/mockup.png","featured_image_alt":false,"jetpack_sharing_enabled":true,"distributor_meta":false,"distributor_terms":false,"distributor_media":false,"distributor_original_site_name":"Capgemini Canada French","distributor_original_site_url":"https:\/\/www.capgemini.com\/ca-fr","push-errors":false,"_links":{"self":[{"href":"https:\/\/www.capgemini.com\/ca-fr\/wp-json\/wp\/v2\/pages\/7380","targetHints":{"allow":["GET"]}}],"collection":[{"href":"https:\/\/www.capgemini.com\/ca-fr\/wp-json\/wp\/v2\/pages"}],"about":[{"href":"https:\/\/www.capgemini.com\/ca-fr\/wp-json\/wp\/v2\/types\/page"}],"author":[{"embeddable":true,"href":"https:\/\/www.capgemini.com\/ca-fr\/wp-json\/wp\/v2\/users\/121"}],"replies":[{"embeddable":true,"href":"https:\/\/www.capgemini.com\/ca-fr\/wp-json\/wp\/v2\/comments?post=7380"}],"version-history":[{"count":12,"href":"https:\/\/www.capgemini.com\/ca-fr\/wp-json\/wp\/v2\/pages\/7380\/revisions"}],"predecessor-version":[{"id":704810,"href":"https:\/\/www.capgemini.com\/ca-fr\/wp-json\/wp\/v2\/pages\/7380\/revisions\/704810"}],"wp:attachment":[{"href":"https:\/\/www.capgemini.com\/ca-fr\/wp-json\/wp\/v2\/media?parent=7380"}],"wp:term":[{"taxonomy":"brand","embeddable":true,"href":"https:\/\/www.capgemini.com\/ca-fr\/wp-json\/wp\/v2\/brand?post=7380"},{"taxonomy":"partner_type","embeddable":true,"href":"https:\/\/www.capgemini.com\/ca-fr\/wp-json\/wp\/v2\/partner_type?post=7380"},{"taxonomy":"service","embeddable":true,"href":"https:\/\/www.capgemini.com\/ca-fr\/wp-json\/wp\/v2\/service?post=7380"},{"taxonomy":"industry","embeddable":true,"href":"https:\/\/www.capgemini.com\/ca-fr\/wp-json\/wp\/v2\/industry?post=7380"},{"taxonomy":"partners","embeddable":true,"href":"https:\/\/www.capgemini.com\/ca-fr\/wp-json\/wp\/v2\/partners?post=7380"},{"taxonomy":"page-type","embeddable":true,"href":"https:\/\/www.capgemini.com\/ca-fr\/wp-json\/wp\/v2\/page-type?post=7380"},{"taxonomy":"content-group","embeddable":true,"href":"https:\/\/www.capgemini.com\/ca-fr\/wp-json\/wp\/v2\/content-group?post=7380"}],"curies":[{"name":"wp","href":"https:\/\/api.w.org\/{rel}","templated":true}]}}