{"id":7374,"date":"2022-04-22T14:53:38","date_gmt":"2022-04-22T14:53:38","guid":{"rendered":"https:\/\/www.capgemini.com\/?page_id=685822"},"modified":"2025-04-01T06:32:01","modified_gmt":"2025-04-01T06:32:01","slug":"ingenierie-de-qualite-admnext","status":"publish","type":"page","link":"https:\/\/www.capgemini.com\/ca-fr\/solutions\/ingenierie-de-qualite-admnext\/","title":{"rendered":"Ing\u00e9nierie de qualit\u00e9 dans ADMnext"},"content":{"rendered":"\n<header class=\"wp-block-cg-blocks-hero-reusable header heroReusable  \"><div class=\"header-bgs\"><picture><source srcset=\"https:\/\/www.capgemini.com\/wp-content\/uploads\/2022\/01\/Capgemini_Quality-engineering-in-ADMnext.jpg?w=2880&amp;quality=70 1x, https:\/\/www.capgemini.com\/wp-content\/uploads\/2022\/01\/Capgemini_Quality-engineering-in-ADMnext.jpg?w=2880&amp;quality=70 2x\" media=\"(min-width: 1500px)\"\/><source srcset=\"https:\/\/www.capgemini.com\/wp-content\/uploads\/2022\/01\/Capgemini_Quality-engineering-in-ADMnext.jpg?w=1440&amp;quality=70 1x, https:\/\/www.capgemini.com\/wp-content\/uploads\/2022\/01\/Capgemini_Quality-engineering-in-ADMnext.jpg?w=2880&amp;quality=70 2x\" media=\"(min-width: 992px)\"\/><source srcset=\"https:\/\/www.capgemini.com\/wp-content\/uploads\/2022\/01\/Capgemini_Quality-engineering-in-ADMnext.jpg?w=1024&amp;quality=70 1x, https:\/\/www.capgemini.com\/wp-content\/uploads\/2022\/01\/Capgemini_Quality-engineering-in-ADMnext.jpg?w=1024&amp;quality=70 2x\" media=\"(min-width: 768px)\"\/><source srcset=\"https:\/\/www.capgemini.com\/wp-content\/uploads\/2022\/01\/Capgemini_Quality-engineering-in-ADMnext.jpg?w=768&amp;quality=70 1x, https:\/\/www.capgemini.com\/wp-content\/uploads\/2022\/01\/Capgemini_Quality-engineering-in-ADMnext.jpg?w=768&amp;quality=70 2x\" media=\"(min-width: 0)\"\/><img decoding=\"async\" src=\"https:\/\/www.capgemini.com\/wp-content\/uploads\/2022\/01\/Capgemini_Quality-engineering-in-ADMnext.jpg\" class=\"header-img header-img-d\" alt=\"\" style=\"object-fit:cover;object-position:51% 38%\" loading=\"eager\"\/><\/picture><\/div><div class=\"heroPictureCardHeaderShape\"><\/div><div class=\"container\"><div class=\"row\"><div class=\"col-md-12\"><div class=\"box\"><div class=\"boxTagWrapper\"><div class=\"tagInfo\"><div><span class=\"box-tag\">Solution<\/span><\/div><\/div><\/div><div class=\"box-title\"><h1 data-maxlength=\"34\">Ing\u00e9nierie de qualit\u00e9 dans ADMnext<\/h1><\/div><div class=\"inner-row-insight download-btn\"><div class=\"col-md-4 downloadFiles addPadding\"><a class=\"button-download--small\" type=\"download\" href=\"https:\/\/www.capgemini.com\/wp-content\/uploads\/2022\/01\/ADMnext_Quality_Engineering_Factsheet.pdf\" target=\"_blank\" rel=\"noopener noreferrer\" title=\"Ouvrir dans une nouvelle fen\u00eatre\"><span>Brochure<\/span><span class=\"type\">356 KB  pdf<\/span><\/a><\/div><\/div><\/div><\/div><\/div><\/div><\/header>\n\n\n\n<section class=\"wp-block-cg-blocks-intro-para undefined section section--intro\"><div class=\"intro-para\"><div class=\"container\"><div class=\"row\"><div class=\"col-12 col-md-1\"><nav class=\"article-social\"><ul class=\"social-nav\"><li class=\"ip-order-fb\"><a href=\"https:\/\/www.facebook.com\/sharer\/sharer.php?u=https:\/\/www.capgemini.com\/ca-fr\/solutions\/ingenierie-de-qualite-admnext\/\" target=\"_blank\" rel=\"noopener noreferrer\" title=\"Ouvrir dans une nouvelle fen\u00eatre\"><i aria-hidden=\"true\" class=\"icon-fb\"><\/i><span class=\"sr-only\">Facebook<\/span><\/a><\/li><li class=\"ip-order-li\"><a href=\"https:\/\/www.linkedin.com\/sharing\/share-offsite\/?url=https:\/\/www.capgemini.com\/ca-fr\/solutions\/ingenierie-de-qualite-admnext\/\" target=\"_blank\" rel=\"noopener noreferrer\" title=\"Ouvrir dans une nouvelle fen\u00eatre\"><i aria-hidden=\"true\" class=\"icon-li\"><\/i><span class=\"sr-only\">Linkedin<\/span><\/a><\/li><\/ul><\/nav><\/div><div class=\"col-12 col-md-11 col-lg-10\"><h2 class=\"intro-para-title\">Assurance m\u00e9tier de bout en bout avec l&#8217;ing\u00e9nierie de qualit\u00e9 int\u00e9gr\u00e9e dans ADMnext.<\/h2><p class=\"intro-para-content\"><strong>Pr\u00e9parez l&#8217;avenir devos clients, plus rapidement que jamais<\/strong><br><br>Vos applications d&#8217;entreprise jouent un r\u00f4le essentiel dans votre capacit\u00e9 \u00e0 g\u00e9n\u00e9rer un avantage concurrentiel et \u00e0 prendre des parts de march\u00e9. Lorsqu&#8217;il s&#8217;agit de votre succ\u00e8s, la qualit\u00e9 qui prime avant tout, elle vous permettra de relever des d\u00e9fis cl\u00e9 tels que\u00a0:<\/p><\/div><\/div><\/div><\/div><\/section>\n\n\n\n<section class=\"wp-block-cg-blocks-group undefined section section--article-content\"><div class=\"article-main-content\"><div class=\"container\"><div class=\"row\"><div class=\"col-12 col-md-11 col-lg-10 offset-md-1 offset-lg-1\"><div class=\"article-text article-quote-text\">\n<ul class=\"wp-block-list\">\n<li>L&#8217;am\u00e9lioration de la satisfaction clients, la perception de la marque et la confiance qu&#8217;elle inspire, ainsi que les performances globales d&#8217;entreprise.<\/li>\n\n\n\n<li>L&#8217;accroissement de la r\u00e9silience, l&#8217;\u00e9volutivit\u00e9 et la s\u00e9curit\u00e9 des applications.<\/li>\n\n\n\n<li>L&#8217;am\u00e9lioration de l&#8217;efficacit\u00e9 op\u00e9rationnelle et la r\u00e9duction consid\u00e9rable des efforts de support des applications.<\/li>\n<\/ul>\n\n\n\n<p>Mais comment garantir que vous rel\u00e8verez tous ces d\u00e9fis et d\u00e9velopperez efficacement vos applications d&#8217;entreprise pour favoriser la croissance de votre entreprise&nbsp;? Pour les futurs leaders dans ce domaine, la cl\u00e9 du succ\u00e8s r\u00e9side dans la s\u00e9lection du partenaire d&#8217;applications ad\u00e9quat.<\/p>\n\n\n\n<p>Une ing\u00e9nierie de qualit\u00e9 qui vous apporte toute l&#8217;assurance, l&#8217;efficacit\u00e9, la productivit\u00e9 et la r\u00e9duction des co\u00fbts que vous recherchez.<\/p>\n\n\n\n<p>L&#8217;ing\u00e9nierie de qualit\u00e9 int\u00e9gr\u00e9e dans ADMnext vous aide \u00e0 relever les d\u00e9fis ci-dessus en&nbsp;:<\/p>\n\n\n\n<ul class=\"wp-block-list\">\n<li>Apportant l&#8217;assurance de bout en bout gr\u00e2ce \u00e0 une strat\u00e9gie de test ax\u00e9e sur les r\u00e9sultats<\/li>\n\n\n\n<li>Augmentant l&#8217;efficacit\u00e9 et la productivit\u00e9 avec une couverture de l&#8217;automatisation de plus de 75%<\/li>\n\n\n\n<li>R\u00e9duisant substantiellement les co\u00fbts gr\u00e2ce \u00e0 l&#8217;IA, l&#8217;automatisation et au testing continu.<\/li>\n<\/ul>\n\n\n\n<p>Soutenus par <a href=\"https:\/\/www.fr.sogeti.com\/\">Sogeti<\/a>, nous int\u00e9grons l&#8217;ing\u00e9nierie de qualit\u00e9 dans toutes les couches de l&#8217;ensemble ADMnext, des services con\u00e7us pour acc\u00e9l\u00e9rer la r\u00e9alisation de vos imp\u00e9ratifs m\u00e9tiers. Gr\u00e2ce \u00e0 cela, nos clients sont g\u00e9n\u00e9ralement en mesure d&#8217;obtenir les avantages suivants&nbsp;:<\/p>\n\n\n\n<ul class=\"wp-block-list\">\n<li>67% d&#8217;efforts en moins sur les tests de r\u00e9gression<\/li>\n\n\n\n<li>Tests de r\u00e9gression continue 100% automatis\u00e9s<\/li>\n\n\n\n<li>90% d&#8217;automatisation des tests au cours du d\u00e9veloppement dans les environnements cloud<\/li>\n\n\n\n<li>90% de testing automatis\u00e9 dans les environnements SAP<\/li>\n\n\n\n<li>Plus de 98% d&#8217;efficacit\u00e9 d&#8217;\u00e9limination des d\u00e9fauts<\/li>\n\n\n\n<li>Donn\u00e9es de test synth\u00e9tiques bas\u00e9es sur l&#8217;IA 100% conformes au RGPD.<\/li>\n<\/ul>\n\n\n\n<p>Pour en savoir plus sur la fa\u00e7on dont vous pouvez obtenir tous ces avantages pour votre entreprise, t\u00e9l\u00e9chargez <a href=\"https:\/\/www.capgemini.com\/wp-content\/uploads\/2022\/01\/ADMnext_Quality_Engineering_Factsheet.pdf\">notre brochure<\/a> et <a href=\"mailto:admnextmarketing.global@capgemini.com\">contactez-nous<\/a> pour comprendre comment l&#8217;ing\u00e9nierie qualit\u00e9 de Capgemini int\u00e9gr\u00e9e dans ADMnext peut vous aider.<\/p>\n<\/div><\/div><\/div><\/div><\/div><\/section>\n\n\n<section class=\"wp-block-cg-blocks-wrapper-client-stories section-client-stories\"><div class=\"container\"><div class=\"row\"><div class=\"content-title col-12 col-md-8\"><h2 class=\"clientblock-title\">Cas clients<\/h2><\/div><\/div><\/div><div class=\"slider slider-boxed\"><div class=\"slider-nav-wrapper smallDevice\"><div class=\"slider-nav\"><button class=\"slider-prev  inactive\" aria-label=\"Slider previous\" tabindex=\"-1\"><\/button><button class=\"slider-next \" aria-label=\"Slider next\"><\/button><\/div><\/div><div class=\"slider-list\"><div class=\"slide active\">\n\t\t\t<div class=\"slide-bg-wrapper\">\n\t\t\t\t<picture><source srcset=\"https:\/\/www.capgemini.com\/ca-fr\/wp-content\/themes\/capgemini2025\/assets\/images\/mockup.png?w=2880&amp;quality=70 1x, https:\/\/www.capgemini.com\/ca-fr\/wp-content\/themes\/capgemini2025\/assets\/images\/mockup.png?w=2880&amp;quality=70 2x\"\n\t\t\t\tmedia=\"(min-width: 1500px)\"\/><source srcset=\"https:\/\/www.capgemini.com\/ca-fr\/wp-content\/themes\/capgemini2025\/assets\/images\/mockup.png?w=1440&amp;quality=70 1x, https:\/\/www.capgemini.com\/ca-fr\/wp-content\/themes\/capgemini2025\/assets\/images\/mockup.png?w=2880&amp;quality=70 2x\"\n\t\t\tmedia=\"(min-width: 992px)\"\/><source srcset=\"https:\/\/www.capgemini.com\/ca-fr\/wp-content\/themes\/capgemini2025\/assets\/images\/mockup.png?w=1024&amp;quality=70 1x, https:\/\/www.capgemini.com\/ca-fr\/wp-content\/themes\/capgemini2025\/assets\/images\/mockup.png?w=2048&amp;quality=70 2x\"\n\t\t\tmedia=\"(min-width: 768px)\"\/><source srcset=\"https:\/\/www.capgemini.com\/ca-fr\/wp-content\/themes\/capgemini2025\/assets\/images\/mockup.png?w=480&amp;quality=70 1x, https:\/\/www.capgemini.com\/ca-fr\/wp-content\/themes\/capgemini2025\/assets\/images\/mockup.png?w=960&amp;quality=70 2x\"\n\t\t\tmedia=\"(min-width: 0)\"\/><img decoding=\"async\" loading=\"lazy\" class=\"slide-bg\" src=\"https:\/\/www.capgemini.com\/ca-fr\/wp-content\/themes\/capgemini2025\/assets\/images\/mockup.png\" alt=\"\"\n\t\t\tstyle=\"object-position: 50% 50%; object-fit: cover;\"\n\t\t\/><\/picture><div class=\"slide-reveal\"><\/div>\n\t\t\t<\/div>\n\t\t\t<div class=\"container\">\n\t\t\t\t<div class=\"slide-info-wrapper\">\n\t\t\t\t\t<div class=\"row\">\n\t\t\t\t\t\t<div class=\"col-12 col-lg-6\">\n\t\t\t\t\t\t\t<div class=\"slide-info\">\n\t\t\t\t\t\t\t\t<a aria-label=\"\"\n\t\t\t\t\t\t\t\t   href=\"\">\n\t\t\t\t\t\t\t\t\t<div class=\"box\">\n\t\t\t\t\t\t\t\t\t\t<h3 class=\"client-subtitle\"><\/h3>\n\t\t\t\t\t\t\t\t\t\t<p><\/p>\n\t\t\t\t\t\t\t\t\t<\/div><!-- End of box-->\n\t\t\t\t\t\t\t\t<\/a><div class=\"slide-info-footer\">\n                                <div class=\"brand-logo-wrapper\"><\/div>\n\t\t\t<div class=\"content-more\">\n\t\t\t\t<a class=\"cta-button\" href=\"\" aria-label=\"Read more about \"><span>Plus d&#039;informations<\/span><\/a>\n\t\t\t<\/div>\n\t\t<\/div>\n\t<\/div><!-- End of slide info-->\n<\/div>\n<\/div>\n<\/div>\n<\/div><!-- End of container-->\n\n<\/div><!-- End of slide active -->\n<\/div><div class=\"slider-nav-wrapper largeDevice\"><div class=\"slider-nav\"><button class=\"slider-prev  inactive\" aria-label=\"Slider previous\" tabindex=\"-1\"><\/button><button class=\"slider-next\" aria-label=\"Slider next\"><\/button><\/div><\/div><\/div><\/section>","protected":false},"excerpt":{"rendered":"<p>Une ing\u00e9nierie qualit\u00e9 qui vous apporte toute l&#8217;assurance m\u00e9tier, l&#8217;efficacit\u00e9, la productivit\u00e9 et la r\u00e9duction des co\u00fbts que vous recherchez<\/p>\n","protected":false},"author":151,"featured_media":7375,"parent":0,"menu_order":0,"comment_status":"closed","ping_status":"closed","template":"","meta":{"cg_dt_proposed_to":[],"cg_seo_hreflang_relations":"[]","cg_seo_canonical_relation":"","cg_seo_hreflang_x_default_relation":"{\"uuid\":\"f3cb8a78-5d4a-4fc2-b550-3effa0e9f682\",\"blogId\":\"\",\"domain\":\"\",\"sitePath\":\"\",\"postLink\":\"\",\"postId\":null,\"isSaved\":true,\"isCrossLink\":false,\"hasCrossLink\":false}","cg_dt_approved_content":true,"cg_dt_mandatory_content":false,"cg_dt_notes":"","cg_dg_source_changed":false,"cg_dt_link_disabled":false,"_yoast_wpseo_primary_brand":"","footnotes":"","featured_focal_points":"","partner_card_description":"","gsap_animation":0},"brand":[],"partner_type":[],"service":[],"industry":[],"partners":[],"page-type":[266],"content-group":[],"class_list":["post-7374","page","type-page","status-publish","has-post-thumbnail","hentry","page-type-solutions"],"yoast_head":"<!-- This site is optimized with the Yoast SEO Premium plugin v22.8 (Yoast SEO v22.8) - https:\/\/yoast.com\/wordpress\/plugins\/seo\/ -->\n<title>Ing\u00e9nierie de qualit\u00e9 dans ADMnext - Capgemini Canada French<\/title>\n<meta name=\"description\" content=\"Une ing\u00e9nierie qualit\u00e9 qui vous apporte toute l&#039;assurance m\u00e9tier, l&#039;efficacit\u00e9, la productivit\u00e9 et la r\u00e9duction des co\u00fbts que vous recherchez\" \/>\n<meta name=\"robots\" content=\"index, follow, max-snippet:-1, max-image-preview:large, max-video-preview:-1\" \/>\n<link rel=\"canonical\" href=\"https:\/\/www.capgemini.com\/fr-fr\/solutions\/ingenierie-de-qualite-admnext\/\" \/>\n<meta property=\"og:locale\" content=\"fr_FR\" \/>\n<meta property=\"og:type\" content=\"article\" \/>\n<meta property=\"og:title\" content=\"Ing\u00e9nierie de qualit\u00e9 dans ADMnext\" \/>\n<meta property=\"og:description\" content=\"Une ing\u00e9nierie qualit\u00e9 qui vous apporte toute l&#039;assurance m\u00e9tier, l&#039;efficacit\u00e9, la productivit\u00e9 et la r\u00e9duction des co\u00fbts que vous recherchez\" \/>\n<meta property=\"og:url\" content=\"https:\/\/www.capgemini.com\/ca-fr\/solutions\/ingenierie-de-qualite-admnext\/\" \/>\n<meta property=\"og:site_name\" content=\"Capgemini Canada French\" \/>\n<meta property=\"article:modified_time\" content=\"2025-04-01T06:32:01+00:00\" \/>\n<meta property=\"og:image\" content=\"https:\/\/www.capgemini.com\/ca-fr\/wp-content\/uploads\/sites\/21\/2025\/10\/New-Web-preview-global.jpg\" \/>\n\t<meta property=\"og:image:width\" content=\"1200\" \/>\n\t<meta property=\"og:image:height\" content=\"627\" \/>\n\t<meta property=\"og:image:type\" content=\"image\/jpeg\" \/>\n<meta name=\"twitter:card\" content=\"summary_large_image\" \/>\n<meta name=\"twitter:label1\" content=\"Est. reading time\" \/>\n\t<meta name=\"twitter:data1\" content=\"1 minute\" \/>\n<script type=\"application\/ld+json\" class=\"yoast-schema-graph\">{\"@context\":\"https:\/\/schema.org\",\"@graph\":[{\"@type\":\"WebPage\",\"@id\":\"https:\/\/www.capgemini.com\/ca-fr\/solutions\/ingenierie-de-qualite-admnext\/\",\"url\":\"https:\/\/www.capgemini.com\/ca-fr\/solutions\/ingenierie-de-qualite-admnext\/\",\"name\":\"Ing\u00e9nierie de qualit\u00e9 dans ADMnext - Capgemini Canada French\",\"isPartOf\":{\"@id\":\"https:\/\/www.capgemini.com\/ca-fr\/#website\"},\"primaryImageOfPage\":{\"@id\":\"https:\/\/www.capgemini.com\/ca-fr\/solutions\/ingenierie-de-qualite-admnext\/#primaryimage\"},\"image\":{\"@id\":\"https:\/\/www.capgemini.com\/ca-fr\/solutions\/ingenierie-de-qualite-admnext\/#primaryimage\"},\"thumbnailUrl\":\"https:\/\/www.capgemini.com\/ca-fr\/wp-content\/uploads\/sites\/21\/2022\/04\/2022-FR-Hero-Banner-Qualite-ingenierie-ADM-Next.jpg\",\"datePublished\":\"2022-04-22T14:53:38+00:00\",\"dateModified\":\"2025-04-01T06:32:01+00:00\",\"description\":\"Une ing\u00e9nierie qualit\u00e9 qui vous apporte toute l'assurance m\u00e9tier, l'efficacit\u00e9, la productivit\u00e9 et la r\u00e9duction des co\u00fbts que vous recherchez\",\"breadcrumb\":{\"@id\":\"https:\/\/www.capgemini.com\/ca-fr\/solutions\/ingenierie-de-qualite-admnext\/#breadcrumb\"},\"inLanguage\":\"fr-FR\",\"potentialAction\":[{\"@type\":\"ReadAction\",\"target\":[\"https:\/\/www.capgemini.com\/ca-fr\/solutions\/ingenierie-de-qualite-admnext\/\"]}]},{\"@type\":\"ImageObject\",\"inLanguage\":\"fr-FR\",\"@id\":\"https:\/\/www.capgemini.com\/ca-fr\/solutions\/ingenierie-de-qualite-admnext\/#primaryimage\",\"url\":\"https:\/\/www.capgemini.com\/ca-fr\/wp-content\/uploads\/sites\/21\/2022\/04\/2022-FR-Hero-Banner-Qualite-ingenierie-ADM-Next.jpg\",\"contentUrl\":\"https:\/\/www.capgemini.com\/ca-fr\/wp-content\/uploads\/sites\/21\/2022\/04\/2022-FR-Hero-Banner-Qualite-ingenierie-ADM-Next.jpg\",\"width\":1008,\"height\":630},{\"@type\":\"BreadcrumbList\",\"@id\":\"https:\/\/www.capgemini.com\/ca-fr\/solutions\/ingenierie-de-qualite-admnext\/#breadcrumb\",\"itemListElement\":[{\"@type\":\"ListItem\",\"position\":1,\"name\":\"Home\",\"item\":\"https:\/\/www.capgemini.com\/ca-fr\/\"},{\"@type\":\"ListItem\",\"position\":2,\"name\":\"Ing\u00e9nierie de qualit\u00e9 dans ADMnext\"}]},{\"@type\":\"WebSite\",\"@id\":\"https:\/\/www.capgemini.com\/ca-fr\/#website\",\"url\":\"https:\/\/www.capgemini.com\/ca-fr\/\",\"name\":\"Capgemini Canada French\",\"description\":\"Capgemini\",\"potentialAction\":[{\"@type\":\"SearchAction\",\"target\":{\"@type\":\"EntryPoint\",\"urlTemplate\":\"https:\/\/www.capgemini.com\/ca-fr\/?s={search_term_string}\"},\"query-input\":\"required name=search_term_string\"}],\"inLanguage\":\"fr-FR\"}]}<\/script>\n<!-- \/ Yoast SEO Premium plugin. -->","yoast_head_json":{"title":"Ing\u00e9nierie de qualit\u00e9 dans ADMnext - Capgemini Canada French","description":"Une ing\u00e9nierie qualit\u00e9 qui vous apporte toute l'assurance m\u00e9tier, l'efficacit\u00e9, la productivit\u00e9 et la r\u00e9duction des co\u00fbts que vous recherchez","robots":{"index":"index","follow":"follow","max-snippet":"max-snippet:-1","max-image-preview":"max-image-preview:large","max-video-preview":"max-video-preview:-1"},"canonical":"https:\/\/www.capgemini.com\/fr-fr\/solutions\/ingenierie-de-qualite-admnext\/","og_locale":"fr_FR","og_type":"article","og_title":"Ing\u00e9nierie de qualit\u00e9 dans ADMnext","og_description":"Une ing\u00e9nierie qualit\u00e9 qui vous apporte toute l'assurance m\u00e9tier, l'efficacit\u00e9, la productivit\u00e9 et la r\u00e9duction des co\u00fbts que vous recherchez","og_url":"https:\/\/www.capgemini.com\/ca-fr\/solutions\/ingenierie-de-qualite-admnext\/","og_site_name":"Capgemini Canada French","article_modified_time":"2025-04-01T06:32:01+00:00","og_image":[{"width":1200,"height":627,"url":"https:\/\/www.capgemini.com\/ca-fr\/wp-content\/uploads\/sites\/21\/2025\/10\/New-Web-preview-global.jpg","type":"image\/jpeg"}],"twitter_card":"summary_large_image","twitter_misc":{"Est. reading time":"1 minute"},"schema":{"@context":"https:\/\/schema.org","@graph":[{"@type":"WebPage","@id":"https:\/\/www.capgemini.com\/ca-fr\/solutions\/ingenierie-de-qualite-admnext\/","url":"https:\/\/www.capgemini.com\/ca-fr\/solutions\/ingenierie-de-qualite-admnext\/","name":"Ing\u00e9nierie de qualit\u00e9 dans ADMnext - Capgemini Canada French","isPartOf":{"@id":"https:\/\/www.capgemini.com\/ca-fr\/#website"},"primaryImageOfPage":{"@id":"https:\/\/www.capgemini.com\/ca-fr\/solutions\/ingenierie-de-qualite-admnext\/#primaryimage"},"image":{"@id":"https:\/\/www.capgemini.com\/ca-fr\/solutions\/ingenierie-de-qualite-admnext\/#primaryimage"},"thumbnailUrl":"https:\/\/www.capgemini.com\/ca-fr\/wp-content\/uploads\/sites\/21\/2022\/04\/2022-FR-Hero-Banner-Qualite-ingenierie-ADM-Next.jpg","datePublished":"2022-04-22T14:53:38+00:00","dateModified":"2025-04-01T06:32:01+00:00","description":"Une ing\u00e9nierie qualit\u00e9 qui vous apporte toute l'assurance m\u00e9tier, l'efficacit\u00e9, la productivit\u00e9 et la r\u00e9duction des co\u00fbts que vous recherchez","breadcrumb":{"@id":"https:\/\/www.capgemini.com\/ca-fr\/solutions\/ingenierie-de-qualite-admnext\/#breadcrumb"},"inLanguage":"fr-FR","potentialAction":[{"@type":"ReadAction","target":["https:\/\/www.capgemini.com\/ca-fr\/solutions\/ingenierie-de-qualite-admnext\/"]}]},{"@type":"ImageObject","inLanguage":"fr-FR","@id":"https:\/\/www.capgemini.com\/ca-fr\/solutions\/ingenierie-de-qualite-admnext\/#primaryimage","url":"https:\/\/www.capgemini.com\/ca-fr\/wp-content\/uploads\/sites\/21\/2022\/04\/2022-FR-Hero-Banner-Qualite-ingenierie-ADM-Next.jpg","contentUrl":"https:\/\/www.capgemini.com\/ca-fr\/wp-content\/uploads\/sites\/21\/2022\/04\/2022-FR-Hero-Banner-Qualite-ingenierie-ADM-Next.jpg","width":1008,"height":630},{"@type":"BreadcrumbList","@id":"https:\/\/www.capgemini.com\/ca-fr\/solutions\/ingenierie-de-qualite-admnext\/#breadcrumb","itemListElement":[{"@type":"ListItem","position":1,"name":"Home","item":"https:\/\/www.capgemini.com\/ca-fr\/"},{"@type":"ListItem","position":2,"name":"Ing\u00e9nierie de qualit\u00e9 dans ADMnext"}]},{"@type":"WebSite","@id":"https:\/\/www.capgemini.com\/ca-fr\/#website","url":"https:\/\/www.capgemini.com\/ca-fr\/","name":"Capgemini Canada French","description":"Capgemini","potentialAction":[{"@type":"SearchAction","target":{"@type":"EntryPoint","urlTemplate":"https:\/\/www.capgemini.com\/ca-fr\/?s={search_term_string}"},"query-input":"required name=search_term_string"}],"inLanguage":"fr-FR"}]}},"brand_term":[],"parsely":{"version":"1.1.0","canonical_url":"https:\/\/capgemini.com\/ca-fr\/solutions\/ingenierie-de-qualite-admnext\/","smart_links":{"inbound":0,"outbound":0},"traffic_boost_suggestions_count":0,"meta":{"@context":"https:\/\/schema.org","@type":"WebPage","headline":"Ing\u00e9nierie de qualit\u00e9 dans ADMnext","url":"https:\/\/www.capgemini.com\/ca-fr\/solutions\/ingenierie-de-qualite-admnext\/","mainEntityOfPage":{"@type":"WebPage","@id":"https:\/\/www.capgemini.com\/ca-fr\/solutions\/ingenierie-de-qualite-admnext\/"},"thumbnailUrl":"https:\/\/www.capgemini.com\/ca-fr\/wp-content\/uploads\/sites\/21\/2022\/04\/2022-FR-Hero-Banner-Qualite-ingenierie-ADM-Next.jpg?w=150&h=150&crop=1","image":{"@type":"ImageObject","url":"https:\/\/www.capgemini.com\/ca-fr\/wp-content\/uploads\/sites\/21\/2022\/04\/2022-FR-Hero-Banner-Qualite-ingenierie-ADM-Next.jpg"},"articleSection":"Uncategorized","author":[],"creator":[],"publisher":{"@type":"Organization","name":"Capgemini Canada French","logo":""},"keywords":[],"dateCreated":"2022-04-22T14:53:38Z","datePublished":"2022-04-22T14:53:38Z","dateModified":"2025-04-01T06:32:01Z"},"rendered":"<meta name=\"parsely-title\" content=\"Ing\u00e9nierie de qualit\u00e9 dans ADMnext\" \/>\n<meta name=\"parsely-link\" content=\"https:\/\/www.capgemini.com\/ca-fr\/solutions\/ingenierie-de-qualite-admnext\/\" \/>\n<meta name=\"parsely-type\" content=\"index\" \/>\n<meta name=\"parsely-image-url\" content=\"https:\/\/www.capgemini.com\/ca-fr\/wp-content\/uploads\/sites\/21\/2022\/04\/2022-FR-Hero-Banner-Qualite-ingenierie-ADM-Next.jpg?w=150&amp;h=150&amp;crop=1\" \/>\n<meta name=\"parsely-pub-date\" content=\"2022-04-22T14:53:38Z\" \/>\n<meta name=\"parsely-section\" content=\"Uncategorized\" \/>","tracker_url":"https:\/\/cdn.parsely.com\/keys\/capgemini.com\/p.js"},"archive_status":false,"featured_image_src":"https:\/\/www.capgemini.com\/ca-fr\/wp-content\/uploads\/sites\/21\/2022\/04\/2022-FR-Hero-Banner-Qualite-ingenierie-ADM-Next.jpg","featured_image_alt":"","jetpack_sharing_enabled":true,"distributor_meta":false,"distributor_terms":false,"distributor_media":false,"distributor_original_site_name":"Capgemini Canada French","distributor_original_site_url":"https:\/\/www.capgemini.com\/ca-fr","push-errors":false,"_links":{"self":[{"href":"https:\/\/www.capgemini.com\/ca-fr\/wp-json\/wp\/v2\/pages\/7374","targetHints":{"allow":["GET"]}}],"collection":[{"href":"https:\/\/www.capgemini.com\/ca-fr\/wp-json\/wp\/v2\/pages"}],"about":[{"href":"https:\/\/www.capgemini.com\/ca-fr\/wp-json\/wp\/v2\/types\/page"}],"author":[{"embeddable":true,"href":"https:\/\/www.capgemini.com\/ca-fr\/wp-json\/wp\/v2\/users\/151"}],"replies":[{"embeddable":true,"href":"https:\/\/www.capgemini.com\/ca-fr\/wp-json\/wp\/v2\/comments?post=7374"}],"version-history":[{"count":9,"href":"https:\/\/www.capgemini.com\/ca-fr\/wp-json\/wp\/v2\/pages\/7374\/revisions"}],"predecessor-version":[{"id":708458,"href":"https:\/\/www.capgemini.com\/ca-fr\/wp-json\/wp\/v2\/pages\/7374\/revisions\/708458"}],"wp:featuredmedia":[{"embeddable":true,"href":"https:\/\/www.capgemini.com\/ca-fr\/wp-json\/wp\/v2\/media\/7375"}],"wp:attachment":[{"href":"https:\/\/www.capgemini.com\/ca-fr\/wp-json\/wp\/v2\/media?parent=7374"}],"wp:term":[{"taxonomy":"brand","embeddable":true,"href":"https:\/\/www.capgemini.com\/ca-fr\/wp-json\/wp\/v2\/brand?post=7374"},{"taxonomy":"partner_type","embeddable":true,"href":"https:\/\/www.capgemini.com\/ca-fr\/wp-json\/wp\/v2\/partner_type?post=7374"},{"taxonomy":"service","embeddable":true,"href":"https:\/\/www.capgemini.com\/ca-fr\/wp-json\/wp\/v2\/service?post=7374"},{"taxonomy":"industry","embeddable":true,"href":"https:\/\/www.capgemini.com\/ca-fr\/wp-json\/wp\/v2\/industry?post=7374"},{"taxonomy":"partners","embeddable":true,"href":"https:\/\/www.capgemini.com\/ca-fr\/wp-json\/wp\/v2\/partners?post=7374"},{"taxonomy":"page-type","embeddable":true,"href":"https:\/\/www.capgemini.com\/ca-fr\/wp-json\/wp\/v2\/page-type?post=7374"},{"taxonomy":"content-group","embeddable":true,"href":"https:\/\/www.capgemini.com\/ca-fr\/wp-json\/wp\/v2\/content-group?post=7374"}],"curies":[{"name":"wp","href":"https:\/\/api.w.org\/{rel}","templated":true}]}}