{"id":7366,"date":"2022-07-07T16:30:29","date_gmt":"2022-07-07T16:30:29","guid":{"rendered":"https:\/\/www.capgemini.com\/ca-fr\/?page_id=677546"},"modified":"2023-08-09T12:11:29","modified_gmt":"2023-08-09T12:11:29","slug":"blog","status":"publish","type":"page","link":"https:\/\/www.capgemini.com\/ca-fr\/perspectives\/blog\/","title":{"rendered":"Nos articles de blog"},"content":{"rendered":"\n<div class=\"wp-block-cg-blocks-hero-picture-card undefined  heroPictureCard is-style-default\"><div class=\"heroPictureCardBgs\"><picture><source srcset=\"https:\/\/www.capgemini.com\/wp-content\/uploads\/2021\/08\/Capgemini_Expert-perspectives_Blogs-e1628236749950.jpg?w=2880&amp;quality=70 1x, https:\/\/www.capgemini.com\/wp-content\/uploads\/2021\/08\/Capgemini_Expert-perspectives_Blogs-e1628236749950.jpg?w=2880&amp;quality=70 2x\" media=\"(min-width: 1500px)\"\/><source srcset=\"https:\/\/www.capgemini.com\/wp-content\/uploads\/2021\/08\/Capgemini_Expert-perspectives_Blogs-e1628236749950.jpg?w=1440&amp;quality=70 1x, https:\/\/www.capgemini.com\/wp-content\/uploads\/2021\/08\/Capgemini_Expert-perspectives_Blogs-e1628236749950.jpg?w=2880&amp;quality=70 2x\" media=\"(min-width: 992px)\"\/><source srcset=\"https:\/\/www.capgemini.com\/wp-content\/uploads\/2021\/08\/Capgemini_Expert-perspectives_Blogs-e1628236749950.jpg?w=1024&amp;quality=70 1x, https:\/\/www.capgemini.com\/wp-content\/uploads\/2021\/08\/Capgemini_Expert-perspectives_Blogs-e1628236749950.jpg?w=1024&amp;quality=70 2x\" media=\"(min-width: 768px)\"\/><source srcset=\"https:\/\/www.capgemini.com\/wp-content\/uploads\/2021\/08\/Capgemini_Expert-perspectives_Blogs-e1628236749950.jpg?w=768&amp;quality=70 1x, https:\/\/www.capgemini.com\/wp-content\/uploads\/2021\/08\/Capgemini_Expert-perspectives_Blogs-e1628236749950.jpg?w=768&amp;quality=70 2x\" media=\"(min-width: 0)\"\/><img decoding=\"async\" src=\"https:\/\/www.capgemini.com\/wp-content\/uploads\/2021\/08\/Capgemini_Expert-perspectives_Blogs-e1628236749950.jpg\" class=\"desktopImage\" alt=\"\" style=\"object-fit:cover;object-position:67% 26%\" loading=\"eager\"\/><\/picture><picture><source srcset=\"https:\/\/www.capgemini.com\/wp-content\/uploads\/2021\/08\/Capgemini_Expert-perspectives_Blogs-e1628236749950.jpg?w=2880&amp;quality=70 1x, https:\/\/www.capgemini.com\/wp-content\/uploads\/2021\/08\/Capgemini_Expert-perspectives_Blogs-e1628236749950.jpg?w=2880&amp;quality=70 2x\" media=\"(min-width: 1500px)\"\/><source srcset=\"https:\/\/www.capgemini.com\/wp-content\/uploads\/2021\/08\/Capgemini_Expert-perspectives_Blogs-e1628236749950.jpg?w=1440&amp;quality=70 1x, https:\/\/www.capgemini.com\/wp-content\/uploads\/2021\/08\/Capgemini_Expert-perspectives_Blogs-e1628236749950.jpg?w=2880&amp;quality=70 2x\" media=\"(min-width: 992px)\"\/><source srcset=\"https:\/\/www.capgemini.com\/wp-content\/uploads\/2021\/08\/Capgemini_Expert-perspectives_Blogs-e1628236749950.jpg?w=1024&amp;quality=70 1x, https:\/\/www.capgemini.com\/wp-content\/uploads\/2021\/08\/Capgemini_Expert-perspectives_Blogs-e1628236749950.jpg?w=1024&amp;quality=70 2x\" media=\"(min-width: 768px)\"\/><source srcset=\"https:\/\/www.capgemini.com\/wp-content\/uploads\/2021\/08\/Capgemini_Expert-perspectives_Blogs-e1628236749950.jpg?w=768&amp;quality=70 1x, https:\/\/www.capgemini.com\/wp-content\/uploads\/2021\/08\/Capgemini_Expert-perspectives_Blogs-e1628236749950.jpg?w=768&amp;quality=70 2x\" media=\"(min-width: 0)\"\/><img decoding=\"async\" src=\"https:\/\/www.capgemini.com\/wp-content\/uploads\/2021\/08\/Capgemini_Expert-perspectives_Blogs-e1628236749950.jpg\" class=\"mobileImage\" alt=\"\" style=\"object-fit:cover;object-position:67% 26%\" loading=\"eager\"\/><\/picture><\/div><div class=\"heroPictureCardHeaderShape\"><\/div><div class=\"container\"><div class=\"row\"><div class=\"col-md-8 col-lg-6\"><div class=\"heroPictureCardBox\"><div class=\"heroPictureCardBoxTitle\"><h1 data-maxlength=\"144\">Blogs<\/h1><\/div><\/div><\/div><\/div><\/div><div class=\"small-device\"><div class=\"brandLogoWrapper\"> <\/div><\/div><\/div>\n\n\n\n<section class=\"wp-block-cg-blocks-intro-para undefined section section--intro\"><div class=\"intro-para\"><div class=\"container\"><div class=\"row\"><div class=\"col-12 col-md-11 col-lg-10\"><h2 class=\"intro-para-title\">D\u00e9couvrez la vision de nos experts sur les nouvelles technologies, la soci\u00e9t\u00e9 et les tendances \u00e9mergentes.<\/h2><\/div><\/div><\/div><\/div><\/section>\n\n\n<section class=\"section--publications section--insights-content archive-pages archive-ExpertPerspective-Page\">\n  <div class=\"container\">\n    <div class=\"content-title\">\n      <h2 class=\"archive-heading\"><\/h2>\n    <\/div>\n\n    <div class=\"filters filters--vertical\" data-max=\"10\">\n      <div class=\"archive-search\">\n      <form class=\"form--oneliner js-search-form search search-icon\" action=\"\" method=\"get\"  >\n        <div class=\"form-block\">\n          <input type=\"text\" aria-label=\"Enter search text\"  type=\"submit\" name=\"search\" id=\"pr_form_subbmit\" alt=\"Rechercher\"\n            class=\"archive_phrase_search noeffect-input archive-search-input\" placeholder=\"Entrez votre recherche\">\n          <div class=\"search-icon\"> <\/div>\n          <button class=\"search-button archive-search-button\">Rechercher<\/button>\n        <\/div>\n\n      <\/form>\n    <\/div>\n  <!-- filterStart -->\n  <div class=\"filter-container\">\n      <div class=\"filters-selects-label\" tabindex=\"0\" role=\"button\" aria-pressed=\"false\" aria-expanded=\"false\">\n        <span class=\"d-none d-md-inline\">Filtres<\/span>\n        <span class=\"d-inline d-md-none\">Filtrer les r\u00e9sultats<\/span>\n      <\/div>\n      <div class=\"filters-selects-list\">\n        <!-- filterDropdownIndustryStart -->\n        <div class=\"filters-selects-box\">\n          <label for=\"select_pr_industries\">\n            <select placeholder=\"Secteur d&#039;activit\u00e9\" class=\"js-filter js-with-select2\" name=\"industry\" id=\"select_pr_industries\" multiple data-filter-select=\"0\">\n              <option value=\"aerospatiale-and-defense\">A\u00e9rospatiale et d\u00e9fense<\/option><option value=\"assurance\">Assurance<\/option><option value=\"automobile\">Automobile<\/option><option value=\"banking\">Banking<\/option><option value=\"banques\">Banques<\/option><option value=\"biens-et-services-de-consommation\">Biens et services de consommation<\/option><option value=\"distribution-logistiques\">Distribution et logistiques<\/option><option value=\"energie-et-utilities\">Energie et utilities<\/option><option value=\"ferroviaire-infrastructure-et-transport\">Ferroviaire, infrastructure et transport<\/option><option value=\"financial-services\">Financial services<\/option><option value=\"high-tech\">High tech<\/option><option value=\"hotellerie-et-voyage\">H\u00f4tellerie et voyage<\/option><option value=\"industries\">Industries<\/option><option value=\"life-sciences\">Life sciences<\/option><option value=\"manufacturing\">Manufacturing<\/option><option value=\"media-divertissement\">M\u00e9dia et divertissement<\/option><option value=\"retail\">Retail<\/option><option value=\"sante\">Sant\u00e9<\/option><option value=\"secteur-public\">Secteur Public<\/option><option value=\"telecoms\">Telecoms<\/option><option value=\"transports-et-services-aux-entreprises\">Transports et services aux entreprises<\/option>\n            <\/select>\n          <\/label>\n        <\/div>\n        <!-- filterDropdownIndustryEnd -->\n        <!-- filterDropdownBlogTopicStart -->\n        <div class=\"filters-selects-box\">\n          <label for=\"select_pr_terms\">\n            <select placeholder=\"Cat\u00e9gorie\" class=\"js-filter js-with-select2\" name=\"theme\" id=\"select_pr_terms\" multiple data-filter-select=\"1\">\n              <option value=\"cybersecurite\">Cybers\u00e9curit\u00e9<\/option><option value=\"data-and-ai\">Data and AI<\/option><option value=\"education\">Education<\/option><option value=\"engineering\">Engineering<\/option><option value=\"ia-data\">IA &amp; Data<\/option><option value=\"innovation\">Innovation<\/option><option value=\"intelligent-industry\">Intelligent industry<\/option><option value=\"transformation\">Transformation<\/option>\n            <\/select>\n          <\/label>\n        <\/div>\n        <!-- filterDropdownBlogTopicEnd -->\n        <!-- filterDropdownPartnerStart -->\n        <div class=\"filters-selects-box\">\n          <label for=\"select_pr_partners\">\n            <select placeholder=\"Partenaire\" class=\"js-filter js-with-select2\" name=\"partner\" id=\"select_pr_partners\" multiple data-filter-select=\"2\">\n              <option value=\"aws\">AWS<\/option><option value=\"mulesoft\">MuleSoft<\/option><option value=\"sap\">SAP<\/option>\n            <\/select>\n          <\/label>\n        <\/div>\n        <!-- filterDropdownPartnerEnd -->\n        <!-- filterDropdownServiceStart -->\n        <div class=\"filters-selects-box\">\n          <label for=\"select_pr_services\">\n            <select placeholder=\"Service\" class=\"js-filter js-with-select2\" name=\"service\" id=\"select_pr_services\" multiple data-filter-select=\"3\">\n              <option value=\"cloud\">Cloud<\/option><option value=\"customer-experience-customer-first\">Customer experience - Customer first<\/option><option value=\"cybersecurite\">Cybersecurit\u00e9<\/option><option value=\"data-ai\">Data &amp; AI<\/option><option value=\"data-ai-analytics\">Data AI &amp; analytics<\/option><option value=\"developpement-durable\">D\u00e9veloppement Durable<\/option><option value=\"engineering\">Engineering<\/option><option value=\"enterprise-management\">Enterprise management<\/option><option value=\"ia-data\">IA &amp; Data<\/option><option value=\"intelligent-business-operations\">Intelligent business operations<\/option><option value=\"intelligent-industry\">Intelligent Industry<\/option><option value=\"sustainability\">Sustainability<\/option><option value=\"transformation-innovation\">Transformation &amp; Innovation<\/option><option value=\"business-innovation-transformation\">Transformation &amp; Innovation<\/option>\n            <\/select>\n          <\/label>\n        <\/div>\n        <!-- filterDropdownServiceEnd -->\n        <!-- filterDropdownYearStart -->\n        <div class=\"filters-selects-box\">\n          <label for=\"select_pr_years\">\n            <select placeholder=\"Ann\u00e9e\" class=\"js-filter js-with-select2 year-filter\" name=\"filteryear\" id=\"select_pr_years\" multiple data-filter-select=\"4\">\n              <option value=\"2026\">2026<\/option>\n            <\/select>\n          <\/label>\n        <\/div>\n        <!-- filterDropdownYearEnd -->\n         <!-- filterDropdownContentGroupStart --><!-- filterDropdownContentGroupEnd -->\n      <\/div>\n\n      <div class=\"filters-tags-wrapper\">\n        <div class=\"filters-tags-list\"><\/div>\n        <button class=\"filters-clear\">Effacer tout<\/button>\n      <\/div>\n    <\/div>\n    <!-- filterEnd -->\n    <!-- Single Research & Insight Template -->\n      <script id=\"search_result_item_template\" type=\"text\/template\">\n        <div class=\"box box--event filter-box\">\n          \t{{ featuredimagewithanchor }}\n          <div class=\"box-inner\">\n            <span class=\"box-tag\">{{ type }}<\/span>\n            <a class=\"box-title\" href=\"{{ url }}\"><h3 class=\"archive-blogs-subtitle\">{{ title }}<\/h3><\/a>\n            <a class=\"box-author link-author\" href=\"{{ authorurl }}\">\n              <div class=\"box-author-img\">\n                <img decoding=\"async\" src=\"{{ personimage }}\" alt=\"{{ personimagealt }}\"  class=\"light\" loading=\"lazy\">\n                <img decoding=\"async\" src=\"{{ personimagewhite }}\" alt=\"{{ personimagealt }}\" class=\"dark\" loading=\"lazy\">                \n              <\/div>\n              <div class=\"box-author-inner\">\n                <span class=\"box-author-name\">  {{ personname }}<\/span>\n                <span class=\"box-date\"><span>{{ date }}<\/span><\/span>\n              <\/div>\n            <\/a>\n          <\/div>\n          <div class=\"box-right archive-blog-expert\">\n            <a href=\"{{ url }}\" class=\"cta-link\" aria-label=\"Read more about {{ title }}\">En savoir plus<\/a>\n            <a href=\"{{ fileurl }}\" class=\"link-download\">\n              <span>File size: {{ filesize }}<\/span>\n              <span>File type: {{ filetype }}<\/span>\n            <\/a>\n            {{ brandimg }}\n             {{ brandimgwhite }}\n          <\/div>\n        <\/div>\n      <\/script>\n\n      <div class=\"filters-content filters-content-archive\" data-type=\"blog\">\n      <\/div>\n\n      <h3 class=\"js-no-results\">Aucun r\u00e9sultat ne correspond \u00e0 votre recherche<\/h3>\n\n      <div class=\"filters-bottom\">\n        <a class=\"filters-more\" href=\"#\" id=\"pr_filters_more\" aria-label=\"Show more\" >Afficher les 10 articles blog suivants<\/a>\n      <\/div>\n\n    <\/div>\n  <\/div>\n<\/section>\n\n","protected":false},"excerpt":{"rendered":"<p>D\u00e9couvrez les articles de blogs des experts Capgemini sur des sujets cl\u00e9s pour les entreprises, la technologie et la soci\u00e9t\u00e9.<\/p>\n","protected":false},"author":58,"featured_media":0,"parent":0,"menu_order":0,"comment_status":"closed","ping_status":"closed","template":"","meta":{"cg_dt_proposed_to":[21],"cg_seo_hreflang_relations":"","cg_seo_canonical_relation":"{\"uuid\":\"7b39a3b7-17a8-4843-ae48-623636885902\",\"blogId\":\"\",\"domain\":\"\",\"sitePath\":\"\",\"postLink\":\"\",\"postId\":null,\"isSaved\":true,\"isCrossLink\":false,\"hasCrossLink\":false}","cg_seo_hreflang_x_default_relation":"{\"uuid\":\"2a01088b-bdd0-45d1-9589-5e0ba96a7060\",\"blogId\":\"\",\"domain\":\"\",\"sitePath\":\"\",\"postLink\":\"\",\"postId\":null,\"isSaved\":true,\"isCrossLink\":false,\"hasCrossLink\":false}","cg_dt_approved_content":true,"cg_dt_mandatory_content":false,"cg_dt_notes":"","cg_dg_source_changed":false,"cg_dt_link_disabled":true,"_yoast_wpseo_primary_brand":"","footnotes":"","featured_focal_points":"","partner_card_description":"","gsap_animation":0},"brand":[],"partner_type":[],"service":[],"industry":[],"partners":[],"page-type":[273],"content-group":[],"class_list":["post-7366","page","type-page","status-publish","hentry","page-type-perspectives"],"yoast_head":"<!-- This site is optimized with the Yoast SEO Premium plugin v22.8 (Yoast SEO v22.8) - https:\/\/yoast.com\/wordpress\/plugins\/seo\/ -->\n<title>Nos articles de blog - Capgemini Canada French<\/title>\n<meta name=\"description\" content=\"D\u00e9couvrez les articles de blogs des experts Capgemini sur des sujets cl\u00e9s pour les entreprises, la technologie et la soci\u00e9t\u00e9.\" \/>\n<meta name=\"robots\" content=\"index, follow, max-snippet:-1, max-image-preview:large, max-video-preview:-1\" \/>\n<link rel=\"canonical\" href=\"https:\/\/www.capgemini.com\/ca-fr\/perspectives\/blog\/\" \/>\n<meta property=\"og:locale\" content=\"fr_FR\" \/>\n<meta property=\"og:type\" content=\"article\" \/>\n<meta property=\"og:title\" content=\"Nos articles de blog\" \/>\n<meta property=\"og:description\" content=\"D\u00e9couvrez les articles de blogs des experts Capgemini sur des sujets cl\u00e9s pour les entreprises, la technologie et la soci\u00e9t\u00e9.\" \/>\n<meta property=\"og:url\" content=\"https:\/\/www.capgemini.com\/ca-fr\/perspectives\/blog\/\" \/>\n<meta property=\"og:site_name\" content=\"Capgemini Canada French\" \/>\n<meta property=\"article:modified_time\" content=\"2023-08-09T12:11:29+00:00\" \/>\n<meta property=\"og:image\" content=\"https:\/\/www.capgemini.com\/ca-fr\/wp-content\/uploads\/sites\/21\/2025\/10\/New-Web-preview-global.jpg\" \/>\n\t<meta property=\"og:image:width\" content=\"1200\" \/>\n\t<meta property=\"og:image:height\" content=\"627\" \/>\n\t<meta property=\"og:image:type\" content=\"image\/jpeg\" \/>\n<meta name=\"twitter:card\" content=\"summary_large_image\" \/>\n<meta name=\"twitter:label1\" content=\"Est. reading time\" \/>\n\t<meta name=\"twitter:data1\" content=\"1 minute\" \/>\n<script type=\"application\/ld+json\" class=\"yoast-schema-graph\">{\"@context\":\"https:\/\/schema.org\",\"@graph\":[{\"@type\":\"WebPage\",\"@id\":\"https:\/\/www.capgemini.com\/ca-fr\/perspectives\/blog\/\",\"url\":\"https:\/\/www.capgemini.com\/ca-fr\/perspectives\/blog\/\",\"name\":\"Nos articles de blog - Capgemini Canada French\",\"isPartOf\":{\"@id\":\"https:\/\/www.capgemini.com\/ca-fr\/#website\"},\"primaryImageOfPage\":{\"@id\":\"https:\/\/www.capgemini.com\/ca-fr\/perspectives\/blog\/#primaryimage\"},\"image\":{\"@id\":\"https:\/\/www.capgemini.com\/ca-fr\/perspectives\/blog\/#primaryimage\"},\"thumbnailUrl\":\"https:\/\/www.capgemini.com\/wp-content\/uploads\/2021\/08\/Capgemini_Expert-perspectives_Blogs-e1628236749950.jpg\",\"datePublished\":\"2022-07-07T16:30:29+00:00\",\"dateModified\":\"2023-08-09T12:11:29+00:00\",\"description\":\"D\u00e9couvrez les articles de blogs des experts Capgemini sur des sujets cl\u00e9s pour les entreprises, la technologie et la soci\u00e9t\u00e9.\",\"breadcrumb\":{\"@id\":\"https:\/\/www.capgemini.com\/ca-fr\/perspectives\/blog\/#breadcrumb\"},\"inLanguage\":\"fr-FR\",\"potentialAction\":[{\"@type\":\"ReadAction\",\"target\":[\"https:\/\/www.capgemini.com\/ca-fr\/perspectives\/blog\/\"]}]},{\"@type\":\"ImageObject\",\"inLanguage\":\"fr-FR\",\"@id\":\"https:\/\/www.capgemini.com\/ca-fr\/perspectives\/blog\/#primaryimage\",\"url\":\"https:\/\/www.capgemini.com\/wp-content\/uploads\/2021\/08\/Capgemini_Expert-perspectives_Blogs-e1628236749950.jpg\",\"contentUrl\":\"https:\/\/www.capgemini.com\/wp-content\/uploads\/2021\/08\/Capgemini_Expert-perspectives_Blogs-e1628236749950.jpg\"},{\"@type\":\"BreadcrumbList\",\"@id\":\"https:\/\/www.capgemini.com\/ca-fr\/perspectives\/blog\/#breadcrumb\",\"itemListElement\":[{\"@type\":\"ListItem\",\"position\":1,\"name\":\"Home\",\"item\":\"https:\/\/www.capgemini.com\/ca-fr\/\"},{\"@type\":\"ListItem\",\"position\":2,\"name\":\"Perspectives\",\"item\":\"https:\/\/www.capgemini.com\/ca-fr\/perspectives\/\"},{\"@type\":\"ListItem\",\"position\":3,\"name\":\"Nos articles de blog\"}]},{\"@type\":\"WebSite\",\"@id\":\"https:\/\/www.capgemini.com\/ca-fr\/#website\",\"url\":\"https:\/\/www.capgemini.com\/ca-fr\/\",\"name\":\"Capgemini Canada French\",\"description\":\"Capgemini\",\"potentialAction\":[{\"@type\":\"SearchAction\",\"target\":{\"@type\":\"EntryPoint\",\"urlTemplate\":\"https:\/\/www.capgemini.com\/ca-fr\/?s={search_term_string}\"},\"query-input\":\"required name=search_term_string\"}],\"inLanguage\":\"fr-FR\"}]}<\/script>\n<!-- \/ Yoast SEO Premium plugin. -->","yoast_head_json":{"title":"Nos articles de blog - Capgemini Canada French","description":"D\u00e9couvrez les articles de blogs des experts Capgemini sur des sujets cl\u00e9s pour les entreprises, la technologie et la soci\u00e9t\u00e9.","robots":{"index":"index","follow":"follow","max-snippet":"max-snippet:-1","max-image-preview":"max-image-preview:large","max-video-preview":"max-video-preview:-1"},"canonical":"https:\/\/www.capgemini.com\/ca-fr\/perspectives\/blog\/","og_locale":"fr_FR","og_type":"article","og_title":"Nos articles de blog","og_description":"D\u00e9couvrez les articles de blogs des experts Capgemini sur des sujets cl\u00e9s pour les entreprises, la technologie et la soci\u00e9t\u00e9.","og_url":"https:\/\/www.capgemini.com\/ca-fr\/perspectives\/blog\/","og_site_name":"Capgemini Canada French","article_modified_time":"2023-08-09T12:11:29+00:00","og_image":[{"width":1200,"height":627,"url":"https:\/\/www.capgemini.com\/ca-fr\/wp-content\/uploads\/sites\/21\/2025\/10\/New-Web-preview-global.jpg","type":"image\/jpeg"}],"twitter_card":"summary_large_image","twitter_misc":{"Est. reading time":"1 minute"},"schema":{"@context":"https:\/\/schema.org","@graph":[{"@type":"WebPage","@id":"https:\/\/www.capgemini.com\/ca-fr\/perspectives\/blog\/","url":"https:\/\/www.capgemini.com\/ca-fr\/perspectives\/blog\/","name":"Nos articles de blog - Capgemini Canada French","isPartOf":{"@id":"https:\/\/www.capgemini.com\/ca-fr\/#website"},"primaryImageOfPage":{"@id":"https:\/\/www.capgemini.com\/ca-fr\/perspectives\/blog\/#primaryimage"},"image":{"@id":"https:\/\/www.capgemini.com\/ca-fr\/perspectives\/blog\/#primaryimage"},"thumbnailUrl":"https:\/\/www.capgemini.com\/wp-content\/uploads\/2021\/08\/Capgemini_Expert-perspectives_Blogs-e1628236749950.jpg","datePublished":"2022-07-07T16:30:29+00:00","dateModified":"2023-08-09T12:11:29+00:00","description":"D\u00e9couvrez les articles de blogs des experts Capgemini sur des sujets cl\u00e9s pour les entreprises, la technologie et la soci\u00e9t\u00e9.","breadcrumb":{"@id":"https:\/\/www.capgemini.com\/ca-fr\/perspectives\/blog\/#breadcrumb"},"inLanguage":"fr-FR","potentialAction":[{"@type":"ReadAction","target":["https:\/\/www.capgemini.com\/ca-fr\/perspectives\/blog\/"]}]},{"@type":"ImageObject","inLanguage":"fr-FR","@id":"https:\/\/www.capgemini.com\/ca-fr\/perspectives\/blog\/#primaryimage","url":"https:\/\/www.capgemini.com\/wp-content\/uploads\/2021\/08\/Capgemini_Expert-perspectives_Blogs-e1628236749950.jpg","contentUrl":"https:\/\/www.capgemini.com\/wp-content\/uploads\/2021\/08\/Capgemini_Expert-perspectives_Blogs-e1628236749950.jpg"},{"@type":"BreadcrumbList","@id":"https:\/\/www.capgemini.com\/ca-fr\/perspectives\/blog\/#breadcrumb","itemListElement":[{"@type":"ListItem","position":1,"name":"Home","item":"https:\/\/www.capgemini.com\/ca-fr\/"},{"@type":"ListItem","position":2,"name":"Perspectives","item":"https:\/\/www.capgemini.com\/ca-fr\/perspectives\/"},{"@type":"ListItem","position":3,"name":"Nos articles de blog"}]},{"@type":"WebSite","@id":"https:\/\/www.capgemini.com\/ca-fr\/#website","url":"https:\/\/www.capgemini.com\/ca-fr\/","name":"Capgemini Canada French","description":"Capgemini","potentialAction":[{"@type":"SearchAction","target":{"@type":"EntryPoint","urlTemplate":"https:\/\/www.capgemini.com\/ca-fr\/?s={search_term_string}"},"query-input":"required name=search_term_string"}],"inLanguage":"fr-FR"}]}},"brand_term":[],"parsely":{"version":"1.1.0","canonical_url":"https:\/\/capgemini.com\/ca-fr\/perspectives\/blog\/","smart_links":{"inbound":0,"outbound":0},"traffic_boost_suggestions_count":0,"meta":{"@context":"https:\/\/schema.org","@type":"WebPage","headline":"Nos articles de blog","url":"https:\/\/www.capgemini.com\/ca-fr\/perspectives\/blog\/","mainEntityOfPage":{"@type":"WebPage","@id":"https:\/\/www.capgemini.com\/ca-fr\/perspectives\/blog\/"},"thumbnailUrl":"","image":{"@type":"ImageObject","url":""},"articleSection":"Uncategorized","author":[],"creator":[],"publisher":{"@type":"Organization","name":"Capgemini Canada French","logo":""},"keywords":[],"dateCreated":"2022-07-07T16:30:29Z","datePublished":"2022-07-07T16:30:29Z","dateModified":"2023-08-09T12:11:29Z"},"rendered":"<meta name=\"parsely-title\" content=\"Nos articles de blog\" \/>\n<meta name=\"parsely-link\" content=\"https:\/\/www.capgemini.com\/ca-fr\/perspectives\/blog\/\" \/>\n<meta name=\"parsely-type\" content=\"index\" \/>\n<meta name=\"parsely-pub-date\" content=\"2022-07-07T16:30:29Z\" \/>\n<meta name=\"parsely-section\" content=\"Uncategorized\" \/>","tracker_url":"https:\/\/cdn.parsely.com\/keys\/capgemini.com\/p.js"},"archive_status":false,"featured_image_src":"https:\/\/www.capgemini.com\/ca-fr\/wp-content\/themes\/capgemini2025\/assets\/images\/mockup.png","featured_image_alt":false,"jetpack_sharing_enabled":true,"distributor_meta":false,"distributor_terms":false,"distributor_media":false,"distributor_original_site_name":"Capgemini Canada French","distributor_original_site_url":"https:\/\/www.capgemini.com\/ca-fr","push-errors":false,"_links":{"self":[{"href":"https:\/\/www.capgemini.com\/ca-fr\/wp-json\/wp\/v2\/pages\/7366","targetHints":{"allow":["GET"]}}],"collection":[{"href":"https:\/\/www.capgemini.com\/ca-fr\/wp-json\/wp\/v2\/pages"}],"about":[{"href":"https:\/\/www.capgemini.com\/ca-fr\/wp-json\/wp\/v2\/types\/page"}],"author":[{"embeddable":true,"href":"https:\/\/www.capgemini.com\/ca-fr\/wp-json\/wp\/v2\/users\/58"}],"replies":[{"embeddable":true,"href":"https:\/\/www.capgemini.com\/ca-fr\/wp-json\/wp\/v2\/comments?post=7366"}],"version-history":[{"count":5,"href":"https:\/\/www.capgemini.com\/ca-fr\/wp-json\/wp\/v2\/pages\/7366\/revisions"}],"predecessor-version":[{"id":705346,"href":"https:\/\/www.capgemini.com\/ca-fr\/wp-json\/wp\/v2\/pages\/7366\/revisions\/705346"}],"wp:attachment":[{"href":"https:\/\/www.capgemini.com\/ca-fr\/wp-json\/wp\/v2\/media?parent=7366"}],"wp:term":[{"taxonomy":"brand","embeddable":true,"href":"https:\/\/www.capgemini.com\/ca-fr\/wp-json\/wp\/v2\/brand?post=7366"},{"taxonomy":"partner_type","embeddable":true,"href":"https:\/\/www.capgemini.com\/ca-fr\/wp-json\/wp\/v2\/partner_type?post=7366"},{"taxonomy":"service","embeddable":true,"href":"https:\/\/www.capgemini.com\/ca-fr\/wp-json\/wp\/v2\/service?post=7366"},{"taxonomy":"industry","embeddable":true,"href":"https:\/\/www.capgemini.com\/ca-fr\/wp-json\/wp\/v2\/industry?post=7366"},{"taxonomy":"partners","embeddable":true,"href":"https:\/\/www.capgemini.com\/ca-fr\/wp-json\/wp\/v2\/partners?post=7366"},{"taxonomy":"page-type","embeddable":true,"href":"https:\/\/www.capgemini.com\/ca-fr\/wp-json\/wp\/v2\/page-type?post=7366"},{"taxonomy":"content-group","embeddable":true,"href":"https:\/\/www.capgemini.com\/ca-fr\/wp-json\/wp\/v2\/content-group?post=7366"}],"curies":[{"name":"wp","href":"https:\/\/api.w.org\/{rel}","templated":true}]}}