{"id":7360,"date":"2022-08-11T20:46:10","date_gmt":"2022-08-11T20:46:10","guid":{"rendered":"https:\/\/www.capgemini.com\/ca-fr\/?page_id=687849"},"modified":"2023-07-15T05:33:35","modified_gmt":"2023-07-15T05:33:35","slug":"cas-clients","status":"publish","type":"page","link":"https:\/\/www.capgemini.com\/ca-fr\/actualites\/cas-clients\/","title":{"rendered":"Cas clients"},"content":{"rendered":"\n<div class=\"wp-block-cg-blocks-hero-picture-card undefined  heroPictureCard\"><div class=\"heroPictureCardBgs\"><picture><source srcset=\"https:\/\/www.capgemini.com\/wp-content\/uploads\/2022\/02\/Capgemini_client-stories.jpg?w=2880&amp;quality=70 1x, https:\/\/www.capgemini.com\/wp-content\/uploads\/2022\/02\/Capgemini_client-stories.jpg?w=2880&amp;quality=70 2x\" media=\"(min-width: 1500px)\"\/><source srcset=\"https:\/\/www.capgemini.com\/wp-content\/uploads\/2022\/02\/Capgemini_client-stories.jpg?w=1440&amp;quality=70 1x, https:\/\/www.capgemini.com\/wp-content\/uploads\/2022\/02\/Capgemini_client-stories.jpg?w=2880&amp;quality=70 2x\" media=\"(min-width: 992px)\"\/><source srcset=\"https:\/\/www.capgemini.com\/wp-content\/uploads\/2022\/02\/Capgemini_client-stories.jpg?w=1024&amp;quality=70 1x, https:\/\/www.capgemini.com\/wp-content\/uploads\/2022\/02\/Capgemini_client-stories.jpg?w=1024&amp;quality=70 2x\" media=\"(min-width: 768px)\"\/><source srcset=\"https:\/\/www.capgemini.com\/wp-content\/uploads\/2022\/02\/Capgemini_client-stories.jpg?w=768&amp;quality=70 1x, https:\/\/www.capgemini.com\/wp-content\/uploads\/2022\/02\/Capgemini_client-stories.jpg?w=768&amp;quality=70 2x\" media=\"(min-width: 0)\"\/><img decoding=\"async\" src=\"https:\/\/www.capgemini.com\/wp-content\/uploads\/2022\/02\/Capgemini_client-stories.jpg\" class=\"desktopImage\" alt=\"\" style=\"object-fit:cover;object-position:49% 42%\" loading=\"eager\"\/><\/picture><picture><source srcset=\"https:\/\/www.capgemini.com\/wp-content\/uploads\/2022\/02\/Capgemini_client-stories.jpg?w=2880&amp;quality=70 1x, https:\/\/www.capgemini.com\/wp-content\/uploads\/2022\/02\/Capgemini_client-stories.jpg?w=2880&amp;quality=70 2x\" media=\"(min-width: 1500px)\"\/><source srcset=\"https:\/\/www.capgemini.com\/wp-content\/uploads\/2022\/02\/Capgemini_client-stories.jpg?w=1440&amp;quality=70 1x, https:\/\/www.capgemini.com\/wp-content\/uploads\/2022\/02\/Capgemini_client-stories.jpg?w=2880&amp;quality=70 2x\" media=\"(min-width: 992px)\"\/><source srcset=\"https:\/\/www.capgemini.com\/wp-content\/uploads\/2022\/02\/Capgemini_client-stories.jpg?w=1024&amp;quality=70 1x, https:\/\/www.capgemini.com\/wp-content\/uploads\/2022\/02\/Capgemini_client-stories.jpg?w=1024&amp;quality=70 2x\" media=\"(min-width: 768px)\"\/><source srcset=\"https:\/\/www.capgemini.com\/wp-content\/uploads\/2022\/02\/Capgemini_client-stories.jpg?w=768&amp;quality=70 1x, https:\/\/www.capgemini.com\/wp-content\/uploads\/2022\/02\/Capgemini_client-stories.jpg?w=768&amp;quality=70 2x\" media=\"(min-width: 0)\"\/><img decoding=\"async\" src=\"https:\/\/www.capgemini.com\/wp-content\/uploads\/2022\/02\/Capgemini_client-stories.jpg\" class=\"mobileImage\" alt=\"\" style=\"object-fit:cover;object-position:49% 42%\" loading=\"eager\"\/><\/picture><\/div><div class=\"heroPictureCardHeaderShape\"><\/div><div class=\"container\"><div class=\"row\"><div class=\"col-md-8 col-lg-6\"><div class=\"heroPictureCardBox\"><div class=\"heroPictureCardBoxTitle\"><h1 data-maxlength=\"144\">Cas clients <\/h1><\/div><\/div><\/div><\/div><\/div><div class=\"small-device\"><div class=\"brandLogoWrapper\"> <\/div><\/div><\/div>\n\n\n\n<section class=\"wp-block-cg-blocks-intro-para undefined section section--intro\"><div class=\"intro-para\"><div class=\"container\"><div class=\"row\"><div class=\"col-12 col-md-2\"><nav class=\"article-social\"><ul class=\"social-nav\"><li class=\"ip-order-fb\"><a href=\"https:\/\/www.facebook.com\/sharer\/sharer.php?u=https:\/\/www.capgemini.com\/fr-fr\/actualites\/cas-clients\/\" target=\"_blank\" rel=\"noopener noreferrer\" title=\"Ouvrir dans une nouvelle fen\u00eatre\"><i aria-hidden=\"true\" class=\"icon-fb\"><\/i><span class=\"sr-only\">Facebook<\/span><\/a><\/li><li class=\"ip-order-li\"><a href=\"https:\/\/www.linkedin.com\/sharing\/share-offsite\/?url=https:\/\/www.capgemini.com\/fr-fr\/actualites\/cas-clients\/\" target=\"_blank\" rel=\"noopener noreferrer\" title=\"Ouvrir dans une nouvelle fen\u00eatre\"><i aria-hidden=\"true\" class=\"icon-li\"><\/i><span class=\"sr-only\">Linkedin<\/span><\/a><\/li><\/ul><\/nav><\/div><div class=\"col-12 col-md-8\"><h2 class=\"intro-para-title\">D\u00e9couvrez comment nous aidons nos clients \u00e0 imaginer leur futur, et le rendons possible, de l\u2019id\u00e9e \u00e0 la r\u00e9alisation.<\/h2><\/div><\/div><\/div><\/div><\/section>\n\n\n<section class=\"section--publications section--press-news archive-pages\">\n  <div class=\"container\">\n    <div class=\"content-title\">\n      <h2 class=\"archive-heading\">Biblioth\u00e8que des cas clients<\/h2>\n    <\/div>\n\n        <div class=\"filters filters--vertical\" data-max=\"10\">\n            <div class=\"archive-search\">\n            <form class=\"form--oneliner js-search-form search search-icon\" action=\"\" method=\"get\" >\n              <div class=\"form-block\">\n                <input type=\"text\" aria-label=\"Enter search text\"  type=\"submit\" name=\"search\" id=\"pr_form_subbmit\" alt=\"Rechercher\"\n                  class=\"archive_phrase_search noeffect-input archive-search-input\" placeholder=\"Entrez votre recherche\">\n                <div class=\"search-icon\"> <\/div>\n                <button class=\"search-button archive-search-button\">Rechercher<\/button>\n              <\/div>\n            <\/form>\n          <\/div>\n          <!-- filterStart -->\n          <div class=\"filter-container\">\n          <div class=\"filters-selects-label\" tabindex=\"0\" role=\"button\" aria-pressed=\"false\" aria-expanded=\"false\">\n            <span class=\"d-none d-md-inline\">Filtres<\/span>\n            <span class=\"d-inline d-md-none\">Filtrer les r\u00e9sultats<\/span>\n          <\/div>\n          <div class=\"filters-selects-list\">\n            <!-- filterDropdownIndustryStart -->\n            <div class=\"filters-selects-box\">\n              <label for=\"select_cs_sectors\">\n                <select placeholder=\"Secteur d&#039;activit\u00e9\" class=\"js-filter js-with-select2\" name=\"sector\" id=\"select_cs_sectors\" multiple data-filter-select=\"0\">\n                  <option value=\"aerospatiale-and-defense\">A\u00e9rospatiale et d\u00e9fense<\/option><option value=\"assurance\">Assurance<\/option><option value=\"automobile\">Automobile<\/option><option value=\"banking\">Banking<\/option><option value=\"banques\">Banques<\/option><option value=\"biens-et-services-de-consommation\">Biens et services de consommation<\/option><option value=\"distribution-logistiques\">Distribution et logistiques<\/option><option value=\"energie-et-utilities\">Energie et utilities<\/option><option value=\"ferroviaire-infrastructure-et-transport\">Ferroviaire, infrastructure et transport<\/option><option value=\"financial-services\">Financial services<\/option><option value=\"high-tech\">High tech<\/option><option value=\"hotellerie-et-voyage\">H\u00f4tellerie et voyage<\/option><option value=\"industries\">Industries<\/option><option value=\"life-sciences\">Life sciences<\/option><option value=\"manufacturing\">Manufacturing<\/option><option value=\"media-divertissement\">M\u00e9dia et divertissement<\/option><option value=\"retail\">Retail<\/option><option value=\"sante\">Sant\u00e9<\/option><option value=\"secteur-public\">Secteur Public<\/option><option value=\"telecoms\">Telecoms<\/option><option value=\"transports-et-services-aux-entreprises\">Transports et services aux entreprises<\/option>\n                <\/select>\n              <\/label>\n            <\/div>\n            <!-- filterDropdownIndustryEnd -->\n            <!-- filterDropdownServiceStart -->\n            <div class=\"filters-selects-box\">\n              <label for=\"select_cs_services\">\n                <select placeholder=\"Service\" class=\"js-filter js-with-select2\" name=\"service\" id=\"select_cs_services\" multiple data-filter-select=\"1\">\n                  <option value=\"cloud\">Cloud<\/option><option value=\"customer-experience-customer-first\">Customer experience - Customer first<\/option><option value=\"cybersecurite\">Cybersecurit\u00e9<\/option><option value=\"data-ai\">Data &amp; AI<\/option><option value=\"data-ai-analytics\">Data AI &amp; analytics<\/option><option value=\"developpement-durable\">D\u00e9veloppement Durable<\/option><option value=\"engineering\">Engineering<\/option><option value=\"enterprise-management\">Enterprise management<\/option><option value=\"ia-data\">IA &amp; Data<\/option><option value=\"intelligent-business-operations\">Intelligent business operations<\/option><option value=\"intelligent-industry\">Intelligent Industry<\/option><option value=\"sustainability\">Sustainability<\/option><option value=\"transformation-innovation\">Transformation &amp; Innovation<\/option><option value=\"business-innovation-transformation\">Transformation &amp; Innovation<\/option>\n                <\/select>\n              <\/label>\n            <\/div>\n            <!-- filterDropdownServiceEnd -->\n            <!-- filterDropdownPartnerStart -->\n            <div class=\"filters-selects-box\">\n              <label for=\"select_cs_partners\">\n                <select placeholder=\"Partenaire\" class=\"js-filter js-with-select2\" name=\"partner\" id=\"select_cs_partners\" multiple data-filter-select=\"2\">\n                  <option value=\"aws\">AWS<\/option><option value=\"mulesoft\">MuleSoft<\/option><option value=\"sap\">SAP<\/option>\n                <\/select>\n              <\/label>\n            <\/div>\n            <!-- filterDropdownPartnerEnd -->\n            <!-- filterDropdownYearStart -->\n            <div class=\"filters-selects-box\">\n              <label for=\"select_cs_years\">\n                <select placeholder=\"Ann\u00e9e\" class=\"js-filter js-with-select2 year-filter\" name=\"filteryear\" id=\"select_cs_years\" multiple data-filter-select=\"3\">\n                  <option value=\"2026\">2026<\/option><option value=\"2025\">2025<\/option><option value=\"2024\">2024<\/option><option value=\"2023\">2023<\/option><option value=\"2022\">2022<\/option><option value=\"2021\">2021<\/option><option value=\"2020\">2020<\/option><option value=\"2019\">2019<\/option>\n                <\/select>\n              <\/label>\n            <\/div>\n            <!-- filterDropdownYearEnd -->\n          <\/div>\n\n          <div class=\"filters-tags-wrapper\">\n            <div class=\"filters-tags-list\"><\/div>\n            <button class=\"filters-clear\">Effacer tout<\/button>\n          <\/div>\n        <\/div>\n<!-- filterEnd -->\n          <!-- Single Client Story REST Template -->\n          <script id=\"search_result_item_template\" type=\"text\/template\">\n          \t<div class=\"box filter-box\">\n\n\t            {{ featuredimagewithanchor }}\n\n          \t\t<div class=\"box-inner\">\n          \t\t\t<span class=\"box-tag\">{{ type }}<\/span>\n          \t\t\t<a class=\"box-title\" href=\"{{ url }}\"><h3 class=\"archive-blogs-subtitle\">{{ title }}<\/h3><\/a>\n                <div class=\"box-author-inner\">\n\n                  <span class=\"box-date\"><span>{{ date }}<\/span><\/span>\n                <\/div>\n          \t\t<\/div>\n              <div class=\"box-right\">\n                <a href=\"{{ url }}\" class=\"cta-link\"  aria-label=\"Read more about {{ title }}\">En savoir plus<\/a>\n                {{ brandimg }}\n                {{ brandimgwhite }}\n              <\/div>\n          \t<\/div>\n\n          <\/script>\n          <div class=\"filters-content filters-content-archive\" data-type=\"client-story\">\n          <\/div>\n\n          <h3 class=\"js-no-results\">Aucun r\u00e9sultat ne correspond \u00e0 votre recherche<\/h3>\n\n          <div class=\"filters-bottom\">\n            <a class=\"filters-more\" href=\"#\" id=\"cs_filters_more\" aria-label=\"Show more\">Afficher les 10 cas clients suivants<\/a>\n          <\/div>\n\n        <\/div>\n      <\/div>\n    <\/div>\n  <\/div>\n<\/section>\n\n","protected":false},"excerpt":{"rendered":"<p>D\u00e9couvrez nos cas clients pour comprendre comment nous travaillons avec nos clients de diff\u00e9rents secteurs et industries.<\/p>\n","protected":false},"author":58,"featured_media":699469,"parent":0,"menu_order":0,"comment_status":"closed","ping_status":"closed","template":"","meta":{"cg_dt_proposed_to":[21],"cg_seo_hreflang_relations":"[]","cg_seo_canonical_relation":"","cg_seo_hreflang_x_default_relation":"{\"uuid\":\"7d14a3e1-0e5c-4cdf-8cf8-9461812a5e33\",\"blogId\":\"\",\"domain\":\"\",\"sitePath\":\"\",\"postLink\":\"\",\"postId\":null,\"isSaved\":true,\"isCrossLink\":false,\"hasCrossLink\":false}","cg_dt_approved_content":true,"cg_dt_mandatory_content":false,"cg_dt_notes":"","cg_dg_source_changed":false,"cg_dt_link_disabled":true,"_yoast_wpseo_primary_brand":"","footnotes":"","featured_focal_points":"","partner_card_description":"","gsap_animation":0},"brand":[],"partner_type":[],"service":[],"industry":[],"partners":[],"page-type":[],"content-group":[],"class_list":["post-7360","page","type-page","status-publish","has-post-thumbnail","hentry"],"yoast_head":"<!-- This site is optimized with the Yoast SEO Premium plugin v22.8 (Yoast SEO v22.8) - https:\/\/yoast.com\/wordpress\/plugins\/seo\/ -->\n<title>Cas clients - Capgemini Canada French<\/title>\n<meta name=\"description\" content=\"D\u00e9couvrez nos cas clients pour comprendre comment nous travaillons avec nos clients de diff\u00e9rents secteurs et industries.\" \/>\n<meta name=\"robots\" content=\"index, follow, max-snippet:-1, max-image-preview:large, max-video-preview:-1\" \/>\n<link rel=\"canonical\" href=\"https:\/\/www.capgemini.com\/fr-fr\/actualites\/cas-clients\/\" \/>\n<meta property=\"og:locale\" content=\"fr_FR\" \/>\n<meta property=\"og:type\" content=\"article\" \/>\n<meta property=\"og:title\" content=\"Cas clients\" \/>\n<meta property=\"og:description\" content=\"D\u00e9couvrez nos cas clients pour comprendre comment nous travaillons avec nos clients de diff\u00e9rents secteurs et industries.\" \/>\n<meta property=\"og:url\" content=\"https:\/\/www.capgemini.com\/ca-fr\/actualites\/cas-clients\/\" \/>\n<meta property=\"og:site_name\" content=\"Capgemini Canada French\" \/>\n<meta property=\"article:modified_time\" content=\"2023-07-15T05:33:35+00:00\" \/>\n<meta property=\"og:image\" content=\"https:\/\/www.capgemini.com\/ca-fr\/wp-content\/uploads\/sites\/21\/2025\/10\/New-Web-preview-global.jpg\" \/>\n\t<meta property=\"og:image:width\" content=\"1200\" \/>\n\t<meta property=\"og:image:height\" content=\"627\" \/>\n\t<meta property=\"og:image:type\" content=\"image\/jpeg\" \/>\n<meta name=\"twitter:card\" content=\"summary_large_image\" \/>\n<meta name=\"twitter:label1\" content=\"Est. reading time\" \/>\n\t<meta name=\"twitter:data1\" content=\"1 minute\" \/>\n<script type=\"application\/ld+json\" class=\"yoast-schema-graph\">{\"@context\":\"https:\/\/schema.org\",\"@graph\":[{\"@type\":\"WebPage\",\"@id\":\"https:\/\/www.capgemini.com\/ca-fr\/actualites\/cas-clients\/\",\"url\":\"https:\/\/www.capgemini.com\/ca-fr\/actualites\/cas-clients\/\",\"name\":\"Cas clients - Capgemini Canada French\",\"isPartOf\":{\"@id\":\"https:\/\/www.capgemini.com\/ca-fr\/#website\"},\"primaryImageOfPage\":{\"@id\":\"https:\/\/www.capgemini.com\/ca-fr\/actualites\/cas-clients\/#primaryimage\"},\"image\":{\"@id\":\"https:\/\/www.capgemini.com\/ca-fr\/actualites\/cas-clients\/#primaryimage\"},\"thumbnailUrl\":\"https:\/\/www.capgemini.com\/ca-fr\/wp-content\/uploads\/sites\/21\/2022\/08\/2022-FR-Featured-Image-Cas-Clients-1.jpg\",\"datePublished\":\"2022-08-11T20:46:10+00:00\",\"dateModified\":\"2023-07-15T05:33:35+00:00\",\"description\":\"D\u00e9couvrez nos cas clients pour comprendre comment nous travaillons avec nos clients de diff\u00e9rents secteurs et industries.\",\"breadcrumb\":{\"@id\":\"https:\/\/www.capgemini.com\/ca-fr\/actualites\/cas-clients\/#breadcrumb\"},\"inLanguage\":\"fr-FR\",\"potentialAction\":[{\"@type\":\"ReadAction\",\"target\":[\"https:\/\/www.capgemini.com\/ca-fr\/actualites\/cas-clients\/\"]}]},{\"@type\":\"ImageObject\",\"inLanguage\":\"fr-FR\",\"@id\":\"https:\/\/www.capgemini.com\/ca-fr\/actualites\/cas-clients\/#primaryimage\",\"url\":\"https:\/\/www.capgemini.com\/ca-fr\/wp-content\/uploads\/sites\/21\/2022\/08\/2022-FR-Featured-Image-Cas-Clients-1.jpg\",\"contentUrl\":\"https:\/\/www.capgemini.com\/ca-fr\/wp-content\/uploads\/sites\/21\/2022\/08\/2022-FR-Featured-Image-Cas-Clients-1.jpg\",\"width\":672,\"height\":672},{\"@type\":\"BreadcrumbList\",\"@id\":\"https:\/\/www.capgemini.com\/ca-fr\/actualites\/cas-clients\/#breadcrumb\",\"itemListElement\":[{\"@type\":\"ListItem\",\"position\":1,\"name\":\"Home\",\"item\":\"https:\/\/www.capgemini.com\/ca-fr\/\"},{\"@type\":\"ListItem\",\"position\":2,\"name\":\"Actualit\u00e9s\",\"item\":\"https:\/\/www.capgemini.com\/ca-fr\/actualites\/\"},{\"@type\":\"ListItem\",\"position\":3,\"name\":\"Cas clients\"}]},{\"@type\":\"WebSite\",\"@id\":\"https:\/\/www.capgemini.com\/ca-fr\/#website\",\"url\":\"https:\/\/www.capgemini.com\/ca-fr\/\",\"name\":\"Capgemini Canada French\",\"description\":\"Capgemini\",\"potentialAction\":[{\"@type\":\"SearchAction\",\"target\":{\"@type\":\"EntryPoint\",\"urlTemplate\":\"https:\/\/www.capgemini.com\/ca-fr\/?s={search_term_string}\"},\"query-input\":\"required name=search_term_string\"}],\"inLanguage\":\"fr-FR\"}]}<\/script>\n<!-- \/ Yoast SEO Premium plugin. -->","yoast_head_json":{"title":"Cas clients - Capgemini Canada French","description":"D\u00e9couvrez nos cas clients pour comprendre comment nous travaillons avec nos clients de diff\u00e9rents secteurs et industries.","robots":{"index":"index","follow":"follow","max-snippet":"max-snippet:-1","max-image-preview":"max-image-preview:large","max-video-preview":"max-video-preview:-1"},"canonical":"https:\/\/www.capgemini.com\/fr-fr\/actualites\/cas-clients\/","og_locale":"fr_FR","og_type":"article","og_title":"Cas clients","og_description":"D\u00e9couvrez nos cas clients pour comprendre comment nous travaillons avec nos clients de diff\u00e9rents secteurs et industries.","og_url":"https:\/\/www.capgemini.com\/ca-fr\/actualites\/cas-clients\/","og_site_name":"Capgemini Canada French","article_modified_time":"2023-07-15T05:33:35+00:00","og_image":[{"width":1200,"height":627,"url":"https:\/\/www.capgemini.com\/ca-fr\/wp-content\/uploads\/sites\/21\/2025\/10\/New-Web-preview-global.jpg","type":"image\/jpeg"}],"twitter_card":"summary_large_image","twitter_misc":{"Est. reading time":"1 minute"},"schema":{"@context":"https:\/\/schema.org","@graph":[{"@type":"WebPage","@id":"https:\/\/www.capgemini.com\/ca-fr\/actualites\/cas-clients\/","url":"https:\/\/www.capgemini.com\/ca-fr\/actualites\/cas-clients\/","name":"Cas clients - Capgemini Canada French","isPartOf":{"@id":"https:\/\/www.capgemini.com\/ca-fr\/#website"},"primaryImageOfPage":{"@id":"https:\/\/www.capgemini.com\/ca-fr\/actualites\/cas-clients\/#primaryimage"},"image":{"@id":"https:\/\/www.capgemini.com\/ca-fr\/actualites\/cas-clients\/#primaryimage"},"thumbnailUrl":"https:\/\/www.capgemini.com\/ca-fr\/wp-content\/uploads\/sites\/21\/2022\/08\/2022-FR-Featured-Image-Cas-Clients-1.jpg","datePublished":"2022-08-11T20:46:10+00:00","dateModified":"2023-07-15T05:33:35+00:00","description":"D\u00e9couvrez nos cas clients pour comprendre comment nous travaillons avec nos clients de diff\u00e9rents secteurs et industries.","breadcrumb":{"@id":"https:\/\/www.capgemini.com\/ca-fr\/actualites\/cas-clients\/#breadcrumb"},"inLanguage":"fr-FR","potentialAction":[{"@type":"ReadAction","target":["https:\/\/www.capgemini.com\/ca-fr\/actualites\/cas-clients\/"]}]},{"@type":"ImageObject","inLanguage":"fr-FR","@id":"https:\/\/www.capgemini.com\/ca-fr\/actualites\/cas-clients\/#primaryimage","url":"https:\/\/www.capgemini.com\/ca-fr\/wp-content\/uploads\/sites\/21\/2022\/08\/2022-FR-Featured-Image-Cas-Clients-1.jpg","contentUrl":"https:\/\/www.capgemini.com\/ca-fr\/wp-content\/uploads\/sites\/21\/2022\/08\/2022-FR-Featured-Image-Cas-Clients-1.jpg","width":672,"height":672},{"@type":"BreadcrumbList","@id":"https:\/\/www.capgemini.com\/ca-fr\/actualites\/cas-clients\/#breadcrumb","itemListElement":[{"@type":"ListItem","position":1,"name":"Home","item":"https:\/\/www.capgemini.com\/ca-fr\/"},{"@type":"ListItem","position":2,"name":"Actualit\u00e9s","item":"https:\/\/www.capgemini.com\/ca-fr\/actualites\/"},{"@type":"ListItem","position":3,"name":"Cas clients"}]},{"@type":"WebSite","@id":"https:\/\/www.capgemini.com\/ca-fr\/#website","url":"https:\/\/www.capgemini.com\/ca-fr\/","name":"Capgemini Canada French","description":"Capgemini","potentialAction":[{"@type":"SearchAction","target":{"@type":"EntryPoint","urlTemplate":"https:\/\/www.capgemini.com\/ca-fr\/?s={search_term_string}"},"query-input":"required name=search_term_string"}],"inLanguage":"fr-FR"}]}},"brand_term":[],"parsely":{"version":"1.1.0","canonical_url":"https:\/\/capgemini.com\/ca-fr\/actualites\/cas-clients\/","smart_links":{"inbound":0,"outbound":0},"traffic_boost_suggestions_count":0,"meta":{"@context":"https:\/\/schema.org","@type":"WebPage","headline":"Cas clients","url":"https:\/\/www.capgemini.com\/ca-fr\/actualites\/cas-clients\/","mainEntityOfPage":{"@type":"WebPage","@id":"https:\/\/www.capgemini.com\/ca-fr\/actualites\/cas-clients\/"},"thumbnailUrl":"https:\/\/www.capgemini.com\/ca-fr\/wp-content\/uploads\/sites\/21\/2022\/08\/2022-FR-Featured-Image-Cas-Clients-1.jpg?w=150&h=150&crop=1","image":{"@type":"ImageObject","url":"https:\/\/www.capgemini.com\/ca-fr\/wp-content\/uploads\/sites\/21\/2022\/08\/2022-FR-Featured-Image-Cas-Clients-1.jpg"},"articleSection":"Uncategorized","author":[],"creator":[],"publisher":{"@type":"Organization","name":"Capgemini Canada French","logo":""},"keywords":[],"dateCreated":"2022-08-11T20:46:10Z","datePublished":"2022-08-11T20:46:10Z","dateModified":"2023-07-15T05:33:35Z"},"rendered":"<meta name=\"parsely-title\" content=\"Cas clients\" \/>\n<meta name=\"parsely-link\" content=\"https:\/\/www.capgemini.com\/ca-fr\/actualites\/cas-clients\/\" \/>\n<meta name=\"parsely-type\" content=\"index\" \/>\n<meta name=\"parsely-image-url\" content=\"https:\/\/www.capgemini.com\/ca-fr\/wp-content\/uploads\/sites\/21\/2022\/08\/2022-FR-Featured-Image-Cas-Clients-1.jpg?w=150&amp;h=150&amp;crop=1\" \/>\n<meta name=\"parsely-pub-date\" content=\"2022-08-11T20:46:10Z\" \/>\n<meta name=\"parsely-section\" content=\"Uncategorized\" \/>","tracker_url":"https:\/\/cdn.parsely.com\/keys\/capgemini.com\/p.js"},"archive_status":false,"featured_image_src":"https:\/\/www.capgemini.com\/ca-fr\/wp-content\/uploads\/sites\/21\/2022\/08\/2022-FR-Featured-Image-Cas-Clients-1.jpg","featured_image_alt":"","jetpack_sharing_enabled":true,"distributor_meta":false,"distributor_terms":false,"distributor_media":false,"distributor_original_site_name":"Capgemini Canada French","distributor_original_site_url":"https:\/\/www.capgemini.com\/ca-fr","push-errors":false,"_links":{"self":[{"href":"https:\/\/www.capgemini.com\/ca-fr\/wp-json\/wp\/v2\/pages\/7360","targetHints":{"allow":["GET"]}}],"collection":[{"href":"https:\/\/www.capgemini.com\/ca-fr\/wp-json\/wp\/v2\/pages"}],"about":[{"href":"https:\/\/www.capgemini.com\/ca-fr\/wp-json\/wp\/v2\/types\/page"}],"author":[{"embeddable":true,"href":"https:\/\/www.capgemini.com\/ca-fr\/wp-json\/wp\/v2\/users\/58"}],"replies":[{"embeddable":true,"href":"https:\/\/www.capgemini.com\/ca-fr\/wp-json\/wp\/v2\/comments?post=7360"}],"version-history":[{"count":9,"href":"https:\/\/www.capgemini.com\/ca-fr\/wp-json\/wp\/v2\/pages\/7360\/revisions"}],"predecessor-version":[{"id":705327,"href":"https:\/\/www.capgemini.com\/ca-fr\/wp-json\/wp\/v2\/pages\/7360\/revisions\/705327"}],"wp:featuredmedia":[{"embeddable":true,"href":"https:\/\/www.capgemini.com\/ca-fr\/wp-json\/wp\/v2\/media\/699469"}],"wp:attachment":[{"href":"https:\/\/www.capgemini.com\/ca-fr\/wp-json\/wp\/v2\/media?parent=7360"}],"wp:term":[{"taxonomy":"brand","embeddable":true,"href":"https:\/\/www.capgemini.com\/ca-fr\/wp-json\/wp\/v2\/brand?post=7360"},{"taxonomy":"partner_type","embeddable":true,"href":"https:\/\/www.capgemini.com\/ca-fr\/wp-json\/wp\/v2\/partner_type?post=7360"},{"taxonomy":"service","embeddable":true,"href":"https:\/\/www.capgemini.com\/ca-fr\/wp-json\/wp\/v2\/service?post=7360"},{"taxonomy":"industry","embeddable":true,"href":"https:\/\/www.capgemini.com\/ca-fr\/wp-json\/wp\/v2\/industry?post=7360"},{"taxonomy":"partners","embeddable":true,"href":"https:\/\/www.capgemini.com\/ca-fr\/wp-json\/wp\/v2\/partners?post=7360"},{"taxonomy":"page-type","embeddable":true,"href":"https:\/\/www.capgemini.com\/ca-fr\/wp-json\/wp\/v2\/page-type?post=7360"},{"taxonomy":"content-group","embeddable":true,"href":"https:\/\/www.capgemini.com\/ca-fr\/wp-json\/wp\/v2\/content-group?post=7360"}],"curies":[{"name":"wp","href":"https:\/\/api.w.org\/{rel}","templated":true}]}}