{"id":7340,"date":"2023-01-25T08:45:05","date_gmt":"2023-01-25T08:45:05","guid":{"rendered":"https:\/\/www.capgemini.com\/ca-fr\/?page_id=693691"},"modified":"2025-04-01T04:39:56","modified_gmt":"2025-04-01T04:39:56","slug":"ovhcloud","status":"publish","type":"page","link":"https:\/\/www.capgemini.com\/ca-fr\/notre-groupe\/partenaires-technologiques\/ovhcloud\/","title":{"rendered":"OVHcloud"},"content":{"rendered":"\n<div class=\"wp-block-cg-blocks-hero-picture-card undefined  heroPictureCard\"><div class=\"heroPictureCardBgs\"><picture><source srcset=\"https:\/\/www.capgemini.com\/ca-fr\/wp-content\/uploads\/sites\/6\/2022\/09\/GettyImages-1163884774.jpg?w=2880&amp;quality=70 1x, https:\/\/www.capgemini.com\/ca-fr\/wp-content\/uploads\/sites\/6\/2022\/09\/GettyImages-1163884774.jpg?w=2880&amp;quality=70 2x\" media=\"(min-width: 1500px)\"\/><source srcset=\"https:\/\/www.capgemini.com\/ca-fr\/wp-content\/uploads\/sites\/6\/2022\/09\/GettyImages-1163884774.jpg?w=1440&amp;quality=70 1x, https:\/\/www.capgemini.com\/ca-fr\/wp-content\/uploads\/sites\/6\/2022\/09\/GettyImages-1163884774.jpg?w=2880&amp;quality=70 2x\" media=\"(min-width: 992px)\"\/><source srcset=\"https:\/\/www.capgemini.com\/ca-fr\/wp-content\/uploads\/sites\/6\/2022\/09\/GettyImages-1163884774.jpg?w=1024&amp;quality=70 1x, https:\/\/www.capgemini.com\/ca-fr\/wp-content\/uploads\/sites\/6\/2022\/09\/GettyImages-1163884774.jpg?w=1024&amp;quality=70 2x\" media=\"(min-width: 768px)\"\/><source srcset=\"https:\/\/www.capgemini.com\/ca-fr\/wp-content\/uploads\/sites\/6\/2022\/09\/GettyImages-1163884774.jpg?w=768&amp;quality=70 1x, https:\/\/www.capgemini.com\/ca-fr\/wp-content\/uploads\/sites\/6\/2022\/09\/GettyImages-1163884774.jpg?w=768&amp;quality=70 2x\" media=\"(min-width: 0)\"\/><img decoding=\"async\" src=\"https:\/\/www.capgemini.com\/ca-fr\/wp-content\/uploads\/sites\/6\/2022\/09\/GettyImages-1163884774.jpg\" class=\"desktopImage\" alt=\"\" style=\"object-fit:cover;object-position:53% 28.999999999999996%\" loading=\"eager\"\/><\/picture><picture><source srcset=\"https:\/\/www.capgemini.com\/ca-fr\/wp-content\/uploads\/sites\/6\/2022\/09\/GettyImages-1163884774.jpg?w=2880&amp;quality=70 1x, https:\/\/www.capgemini.com\/ca-fr\/wp-content\/uploads\/sites\/6\/2022\/09\/GettyImages-1163884774.jpg?w=2880&amp;quality=70 2x\" media=\"(min-width: 1500px)\"\/><source srcset=\"https:\/\/www.capgemini.com\/ca-fr\/wp-content\/uploads\/sites\/6\/2022\/09\/GettyImages-1163884774.jpg?w=1440&amp;quality=70 1x, https:\/\/www.capgemini.com\/ca-fr\/wp-content\/uploads\/sites\/6\/2022\/09\/GettyImages-1163884774.jpg?w=2880&amp;quality=70 2x\" media=\"(min-width: 992px)\"\/><source srcset=\"https:\/\/www.capgemini.com\/ca-fr\/wp-content\/uploads\/sites\/6\/2022\/09\/GettyImages-1163884774.jpg?w=1024&amp;quality=70 1x, https:\/\/www.capgemini.com\/ca-fr\/wp-content\/uploads\/sites\/6\/2022\/09\/GettyImages-1163884774.jpg?w=1024&amp;quality=70 2x\" media=\"(min-width: 768px)\"\/><source srcset=\"https:\/\/www.capgemini.com\/ca-fr\/wp-content\/uploads\/sites\/6\/2022\/09\/GettyImages-1163884774.jpg?w=768&amp;quality=70 1x, https:\/\/www.capgemini.com\/ca-fr\/wp-content\/uploads\/sites\/6\/2022\/09\/GettyImages-1163884774.jpg?w=768&amp;quality=70 2x\" media=\"(min-width: 0)\"\/><img decoding=\"async\" src=\"https:\/\/www.capgemini.com\/ca-fr\/wp-content\/uploads\/sites\/6\/2022\/09\/GettyImages-1163884774.jpg\" class=\"mobileImage\" alt=\"\" style=\"object-fit:cover;object-position:53% 28.999999999999996%\" loading=\"eager\"\/><\/picture><\/div><div class=\"heroPictureCardHeaderShape\"><\/div><div class=\"container\"><div class=\"row\"><div class=\"col-md-8 col-lg-6\"><div class=\"heroPictureCardBox\"><div class=\"heroPictureCardBoxTitle\"><h1 data-maxlength=\"144\">OVHcloud<\/h1><\/div><\/div><\/div><\/div><\/div><div class=\"small-device\"><div class=\"brandLogoWrapper\"> <\/div><\/div><\/div>\n\n\n\n<section class=\"wp-block-cg-blocks-intro-para undefined section section--intro\"><div class=\"intro-para\"><div class=\"container\"><div class=\"row\"><div class=\"col-12 col-md-1\"><nav class=\"article-social\"><ul class=\"social-nav\"><li class=\"ip-order-fb\"><a href=\"https:\/\/www.facebook.com\/sharer\/sharer.php?u=https:\/\/www.capgemini.com\/ca-fr\/notre-groupe\/partenaires-technologiques\/ovhcloud\/\" target=\"_blank\" rel=\"noopener noreferrer\" title=\"Ouvrir dans une nouvelle fen\u00eatre\"><i aria-hidden=\"true\" class=\"icon-fb\"><\/i><span class=\"sr-only\">Facebook<\/span><\/a><\/li><li class=\"ip-order-li\"><a href=\"https:\/\/www.linkedin.com\/sharing\/share-offsite\/?url=https:\/\/www.capgemini.com\/ca-fr\/notre-groupe\/partenaires-technologiques\/ovhcloud\/\" target=\"_blank\" rel=\"noopener noreferrer\" title=\"Ouvrir dans une nouvelle fen\u00eatre\"><i aria-hidden=\"true\" class=\"icon-li\"><\/i><span class=\"sr-only\">Linkedin<\/span><\/a><\/li><\/ul><\/nav><\/div><div class=\"col-12 col-md-11 col-lg-10\"><h2 class=\"intro-para-title\">Un partenariat global r\u00e9pondant aux besoins de transformation vers le cloud des entreprises publiques et priv\u00e9es<\/h2><p class=\"intro-para-content\">Ce partenariat de confiance allie les capacit\u00e9s de service et d\u2019infrastructures d\u2019OVHcloud et le savoir-faire de Capgemini pour accompagner les clients de bout en bout\u00a0; du conseil en passant par l\u2019architecture et la mise en \u0153uvre de solutions applicatives et de services manag\u00e9s.<\/p><\/div><\/div><\/div><\/div><\/section>\n\n\n\n<section class=\"wp-block-cg-blocks-intro-para-video section section--info-2cols section--insights section-video\"><div class=\"bg-color video-align-left\"><div class=\"container\"><div class=\"row video-align-right\"><div class=\"col-md-12\"><div class=\"video-align-right row box box--4 box--mini\"><div class=\"col-md-1\"><\/div><div class=\"col-md-8 box-img-wrapper\"><div class=\"video-box\"><div class=\"video-wrapper\"><iframe title=\"video-section\" src=\"https:\/\/www.youtube.com\/embed\/RBdIU3tkWxQ\" frameborder=\"0\" rel=\"0\" allow=\"accelerometer; autoplay; encrypted-media; gyroscope; picture-in-picture\" allowfullscreen><\/iframe><\/div><\/div><\/div><div class=\"col-md-3\"><h3 class=\"Video-title\" data-maxlength=\"34\">Capgemini x OVHcloud<\/h3><div class=\"video-info\"><p data-maxlength=\"68\">La transformation cloud au c\u0153ur du partenariat<\/p><\/div><\/div><div class=\"col-md-1\"><\/div><\/div><\/div><\/div><\/div><\/div><\/section>\n\n\n\n<section class=\"wp-block-cg-blocks-group undefined section section--article-content\"><div class=\"article-main-content\"><div class=\"container\"><div class=\"row\"><div class=\"col-12 col-md-11 col-lg-10 offset-md-1 offset-lg-1\"><div class=\"article-text article-quote-text\">\n<h2 class=\"wp-block-heading\" id=\"h-la-transformation-cloud-au-coeur-du-partenariat\"><strong>La transformation cloud au c\u0153ur du partenariat<\/strong><\/h2>\n\n\n\n<p>Capgemini a \u00e9t\u00e9 nomm\u00e9 \u00ab&nbsp;<strong><em>Standout Partner of the Year 2021<\/em><\/strong>&nbsp;\u00bb en reconnaissance de nos 4 ann\u00e9es de partenariat et d\u2019engagement.  <\/p>\n\n\n\n<figure class=\"wp-block-image alignleft size-full is-resized\"><img decoding=\"async\" src=\"https:\/\/www.capgemini.com\/ca-fr\/wp-content\/uploads\/sites\/6\/2022\/09\/Ovhcloud.jpg\" alt=\"\" class=\"wp-image-694753\" style=\"width:200px;height:45px\"\/><\/figure>\n\n\n\n<p>Capgemini est \u00e9galement labellis\u00e9 <em>\u00ab&nbsp;<strong>Strategic Partner<\/strong>&nbsp;\u00bb<\/em>, le plus haut niveau de partenariat au sein de l\u2019\u00e9cosyst\u00e8me partenaire OVHcloud.<\/p>\n\n\n\n<p>Capgemini et OVHcloud offrent des solutions communes de transformation cloud pour r\u00e9pondre aux exigences de souverainet\u00e9, de frugalit\u00e9 \u00e9nerg\u00e9tique et de qualit\u00e9 de service au meilleur co\u00fbt.<\/p>\n\n\n\n<p>Le savoir-faire de Capgemini en mati\u00e8re de cybers\u00e9curit\u00e9 vient compl\u00e9ter cette approche, en permettant aux organisations priv\u00e9es et publiques de prot\u00e9ger leurs donn\u00e9es de tout type de menaces, et ainsi garantir l\u2019int\u00e9grit\u00e9 et la performance de leurs environnements cloud.<\/p>\n\n\n\n<p>Nos consultants et architectes sont<strong> <\/strong>certifi\u00e9s et ma\u00eetrisent l\u2019ensemble des solutions d\u2019OVHcloud. Ils accompagnent ainsi de mani\u00e8re efficace les projets de modernisation des architectures sur les plateformes et les services d\u2019OVHcloud<strong>,<\/strong> pour d\u00e9finir les solutions d\u2019infrastructure hautement disponibles et s\u00e9curis\u00e9es dans le respect des budgets.<\/p>\n\n\n\n<figure class=\"wp-block-image alignleft size-full is-resized\"><img decoding=\"async\" src=\"https:\/\/www.capgemini.com\/ca-fr\/wp-content\/uploads\/sites\/6\/2023\/01\/50-certifications.png\" alt=\"\" class=\"wp-image-708429\" style=\"width:130px;height:191px\"\/><\/figure>\n\n\n\n<p><\/p>\n\n\n\n<p><br>OVHcloud a lanc\u00e9 son nouveau programme de certification partenaire en 2022 : avec plus de 70 certifications obtenues en moins de 2 mois, Capgemini est le premier partenaire int\u00e9grateur d\u2019OVHcloud a avoir obtenu le badge officiel \u201c50 certifications\u201d dans les domaines d\u2019expertise suivants : <br><\/p>\n\n\n\n<figure class=\"wp-block-image size-full is-resized\"><img decoding=\"async\" src=\"https:\/\/www.capgemini.com\/ca-fr\/wp-content\/uploads\/sites\/6\/2023\/01\/OVH.png\" alt=\"\" class=\"wp-image-708427\" style=\"width:642px;height:163px\"\/><\/figure>\n\n\n\n<p>Avec l\u2019ambition de d\u00e9passer les 100 certifications \u00e0 horizon Q2 2023, le Groupe Capgemini confirme sa volont\u00e9 d\u2019\u00eatre un partenaire global et strat\u00e9gique d\u2019OVHcloud.<\/p>\n\n\n\n<h2 class=\"wp-block-heading\" id=\"h-des-solutions-a-valeur-ajoutee-adaptees-aux-besoins-de-chaque-secteur-d-activite\"><strong>Des solutions \u00e0 valeur ajout\u00e9e adapt\u00e9es aux besoins de chaque secteur d\u2019activit\u00e9<\/strong><\/h2>\n\n\n\n<p>A titre d\u2019exemple, Capgemini et OVHcloud&nbsp;:<\/p>\n\n\n\n<ul class=\"wp-block-list\">\n<li>ont mis en \u0153uvre avec succ\u00e8s, pour le Minist\u00e8re des Arm\u00e9es, une infrastructure certifi\u00e9e SecNumCloud, r\u00e9pondant ainsi aux exigences de souverainet\u00e9 et de s\u00e9curit\u00e9 des Organismes Publics et Op\u00e9rateurs d\u2019Importance Vitale (OIV)<\/li>\n<\/ul>\n\n\n\n<ul class=\"wp-block-list\">\n<li>proposent aux professionnels de la sant\u00e9 une r\u00e9ponse s\u00e9curis\u00e9e et adapt\u00e9e avec une offre doublement certifi\u00e9e HDS (h\u00e9bergement OVHcloud et exploitation\/infog\u00e9rance industrielle Capgemini).<\/li>\n<\/ul>\n\n\n\n<ul class=\"wp-block-list\">\n<li>collaborent avec plusieurs acteurs du domaine bancaire et financier autour de solutions de Cloud Priv\u00e9 (Hosted Private Cloud) pour leurs applications m\u00e9tiers et client.<\/li>\n<\/ul>\n<\/div><\/div><\/div><\/div><\/div><\/section>\n","protected":false},"excerpt":{"rendered":"<p>Ce partenariat de confiance allie les capacit\u00e9s de service et d\u2019infrastructures d\u2019OVHcloud et le savoir-faire de Capgemini pour accompagner les clients de bout en bout\u00a0; du conseil en passant par l\u2019architecture et la mise en \u0153uvre de solutions applicatives et de services manag\u00e9s<\/p>\n","protected":false},"author":166,"featured_media":696878,"parent":7889,"menu_order":0,"comment_status":"closed","ping_status":"closed","template":"","meta":{"cg_dt_proposed_to":[],"cg_seo_hreflang_relations":"[]","cg_seo_canonical_relation":"","cg_seo_hreflang_x_default_relation":"{\"uuid\":\"0645a63b-feb7-4527-b87a-2230e274983c\",\"blogId\":\"\",\"domain\":\"\",\"sitePath\":\"\",\"postLink\":\"\",\"postId\":null,\"isSaved\":false,\"isCrossLink\":false,\"hasCrossLink\":false}","cg_dt_approved_content":true,"cg_dt_mandatory_content":false,"cg_dt_notes":"","cg_dg_source_changed":true,"cg_dt_link_disabled":false,"_yoast_wpseo_primary_brand":"","footnotes":"","featured_focal_points":"{\"x\":\"0.48\",\"y\":\"0.40\"}","partner_card_description":"","gsap_animation":0},"brand":[],"partner_type":[267],"service":[],"industry":[],"partners":[],"page-type":[264],"content-group":[],"class_list":["post-7340","page","type-page","status-publish","has-post-thumbnail","hentry","partner_type-global-partners","page-type-notre-groupe"],"yoast_head":"<!-- This site is optimized with the Yoast SEO Premium plugin v22.8 (Yoast SEO v22.8) - https:\/\/yoast.com\/wordpress\/plugins\/seo\/ -->\n<title>OVHcloud - Capgemini Canada French<\/title>\n<meta name=\"description\" content=\"Ce partenariat de confiance allie les capacit\u00e9s de service et d\u2019infrastructures d\u2019OVHcloud et le savoir-faire de Capgemini pour accompagner les clients de bout en bout\u00a0; du conseil en passant par l\u2019architecture et la mise en \u0153uvre de solutions applicatives et de services manag\u00e9s.\" \/>\n<meta name=\"robots\" content=\"index, follow, max-snippet:-1, max-image-preview:large, max-video-preview:-1\" \/>\n<link rel=\"canonical\" href=\"https:\/\/www.capgemini.com\/ca-fr\/notre-groupe\/partenaires-technologiques\/ovhcloud\/\" \/>\n<meta property=\"og:locale\" content=\"fr_FR\" \/>\n<meta property=\"og:type\" content=\"article\" \/>\n<meta property=\"og:title\" content=\"OVHcloud\" \/>\n<meta property=\"og:description\" content=\"Ce partenariat de confiance allie les capacit\u00e9s de service et d\u2019infrastructures d\u2019OVHcloud et le savoir-faire de Capgemini pour accompagner les clients de bout en bout\u00a0; du conseil en passant par l\u2019architecture et la mise en \u0153uvre de solutions applicatives et de services manag\u00e9s.\" \/>\n<meta property=\"og:url\" content=\"https:\/\/www.capgemini.com\/ca-fr\/notre-groupe\/partenaires-technologiques\/ovhcloud\/\" \/>\n<meta property=\"og:site_name\" content=\"Capgemini Canada French\" \/>\n<meta property=\"article:modified_time\" content=\"2025-04-01T04:39:56+00:00\" \/>\n<meta property=\"og:image\" content=\"https:\/\/www.capgemini.com\/ca-fr\/wp-content\/uploads\/sites\/21\/2025\/10\/New-Web-preview-global.jpg\" \/>\n\t<meta property=\"og:image:width\" content=\"1200\" \/>\n\t<meta property=\"og:image:height\" content=\"627\" \/>\n\t<meta property=\"og:image:type\" content=\"image\/jpeg\" \/>\n<meta name=\"twitter:card\" content=\"summary_large_image\" \/>\n<meta name=\"twitter:label1\" content=\"Est. reading time\" \/>\n\t<meta name=\"twitter:data1\" content=\"4 minutes\" \/>\n<script type=\"application\/ld+json\" class=\"yoast-schema-graph\">{\"@context\":\"https:\/\/schema.org\",\"@graph\":[{\"@type\":\"WebPage\",\"@id\":\"https:\/\/www.capgemini.com\/ca-fr\/notre-groupe\/partenaires-technologiques\/ovhcloud\/\",\"url\":\"https:\/\/www.capgemini.com\/ca-fr\/notre-groupe\/partenaires-technologiques\/ovhcloud\/\",\"name\":\"OVHcloud - Capgemini Canada French\",\"isPartOf\":{\"@id\":\"https:\/\/www.capgemini.com\/ca-fr\/#website\"},\"primaryImageOfPage\":{\"@id\":\"https:\/\/www.capgemini.com\/ca-fr\/notre-groupe\/partenaires-technologiques\/ovhcloud\/#primaryimage\"},\"image\":{\"@id\":\"https:\/\/www.capgemini.com\/ca-fr\/notre-groupe\/partenaires-technologiques\/ovhcloud\/#primaryimage\"},\"thumbnailUrl\":\"https:\/\/www.capgemini.com\/ca-fr\/wp-content\/uploads\/sites\/21\/2022\/09\/2022-FR-OvhCloud-Logo.png\",\"datePublished\":\"2023-01-25T08:45:05+00:00\",\"dateModified\":\"2025-04-01T04:39:56+00:00\",\"description\":\"Ce partenariat de confiance allie les capacit\u00e9s de service et d\u2019infrastructures d\u2019OVHcloud et le savoir-faire de Capgemini pour accompagner les clients de bout en bout\u00a0; du conseil en passant par l\u2019architecture et la mise en \u0153uvre de solutions applicatives et de services manag\u00e9s.\",\"breadcrumb\":{\"@id\":\"https:\/\/www.capgemini.com\/ca-fr\/notre-groupe\/partenaires-technologiques\/ovhcloud\/#breadcrumb\"},\"inLanguage\":\"fr-FR\",\"potentialAction\":[{\"@type\":\"ReadAction\",\"target\":[\"https:\/\/www.capgemini.com\/ca-fr\/notre-groupe\/partenaires-technologiques\/ovhcloud\/\"]}]},{\"@type\":\"ImageObject\",\"inLanguage\":\"fr-FR\",\"@id\":\"https:\/\/www.capgemini.com\/ca-fr\/notre-groupe\/partenaires-technologiques\/ovhcloud\/#primaryimage\",\"url\":\"https:\/\/www.capgemini.com\/ca-fr\/wp-content\/uploads\/sites\/21\/2022\/09\/2022-FR-OvhCloud-Logo.png\",\"contentUrl\":\"https:\/\/www.capgemini.com\/ca-fr\/wp-content\/uploads\/sites\/21\/2022\/09\/2022-FR-OvhCloud-Logo.png\",\"width\":326,\"height\":155},{\"@type\":\"BreadcrumbList\",\"@id\":\"https:\/\/www.capgemini.com\/ca-fr\/notre-groupe\/partenaires-technologiques\/ovhcloud\/#breadcrumb\",\"itemListElement\":[{\"@type\":\"ListItem\",\"position\":1,\"name\":\"Home\",\"item\":\"https:\/\/www.capgemini.com\/ca-fr\/\"},{\"@type\":\"ListItem\",\"position\":2,\"name\":\"Notre Groupe\",\"item\":\"https:\/\/www.capgemini.com\/ca-fr\/notre-groupe\/\"},{\"@type\":\"ListItem\",\"position\":3,\"name\":\"Partenaires technologiques\",\"item\":\"https:\/\/www.capgemini.com\/ca-fr\/notre-groupe\/partenaires-technologiques\/\"},{\"@type\":\"ListItem\",\"position\":4,\"name\":\"OVHcloud\"}]},{\"@type\":\"WebSite\",\"@id\":\"https:\/\/www.capgemini.com\/ca-fr\/#website\",\"url\":\"https:\/\/www.capgemini.com\/ca-fr\/\",\"name\":\"Capgemini Canada French\",\"description\":\"Capgemini\",\"potentialAction\":[{\"@type\":\"SearchAction\",\"target\":{\"@type\":\"EntryPoint\",\"urlTemplate\":\"https:\/\/www.capgemini.com\/ca-fr\/?s={search_term_string}\"},\"query-input\":\"required name=search_term_string\"}],\"inLanguage\":\"fr-FR\"}]}<\/script>\n<!-- \/ Yoast SEO Premium plugin. -->","yoast_head_json":{"title":"OVHcloud - Capgemini Canada French","description":"Ce partenariat de confiance allie les capacit\u00e9s de service et d\u2019infrastructures d\u2019OVHcloud et le savoir-faire de Capgemini pour accompagner les clients de bout en bout\u00a0; du conseil en passant par l\u2019architecture et la mise en \u0153uvre de solutions applicatives et de services manag\u00e9s.","robots":{"index":"index","follow":"follow","max-snippet":"max-snippet:-1","max-image-preview":"max-image-preview:large","max-video-preview":"max-video-preview:-1"},"canonical":"https:\/\/www.capgemini.com\/ca-fr\/notre-groupe\/partenaires-technologiques\/ovhcloud\/","og_locale":"fr_FR","og_type":"article","og_title":"OVHcloud","og_description":"Ce partenariat de confiance allie les capacit\u00e9s de service et d\u2019infrastructures d\u2019OVHcloud et le savoir-faire de Capgemini pour accompagner les clients de bout en bout\u00a0; du conseil en passant par l\u2019architecture et la mise en \u0153uvre de solutions applicatives et de services manag\u00e9s.","og_url":"https:\/\/www.capgemini.com\/ca-fr\/notre-groupe\/partenaires-technologiques\/ovhcloud\/","og_site_name":"Capgemini Canada French","article_modified_time":"2025-04-01T04:39:56+00:00","og_image":[{"width":1200,"height":627,"url":"https:\/\/www.capgemini.com\/ca-fr\/wp-content\/uploads\/sites\/21\/2025\/10\/New-Web-preview-global.jpg","type":"image\/jpeg"}],"twitter_card":"summary_large_image","twitter_misc":{"Est. reading time":"4 minutes"},"schema":{"@context":"https:\/\/schema.org","@graph":[{"@type":"WebPage","@id":"https:\/\/www.capgemini.com\/ca-fr\/notre-groupe\/partenaires-technologiques\/ovhcloud\/","url":"https:\/\/www.capgemini.com\/ca-fr\/notre-groupe\/partenaires-technologiques\/ovhcloud\/","name":"OVHcloud - Capgemini Canada French","isPartOf":{"@id":"https:\/\/www.capgemini.com\/ca-fr\/#website"},"primaryImageOfPage":{"@id":"https:\/\/www.capgemini.com\/ca-fr\/notre-groupe\/partenaires-technologiques\/ovhcloud\/#primaryimage"},"image":{"@id":"https:\/\/www.capgemini.com\/ca-fr\/notre-groupe\/partenaires-technologiques\/ovhcloud\/#primaryimage"},"thumbnailUrl":"https:\/\/www.capgemini.com\/ca-fr\/wp-content\/uploads\/sites\/21\/2022\/09\/2022-FR-OvhCloud-Logo.png","datePublished":"2023-01-25T08:45:05+00:00","dateModified":"2025-04-01T04:39:56+00:00","description":"Ce partenariat de confiance allie les capacit\u00e9s de service et d\u2019infrastructures d\u2019OVHcloud et le savoir-faire de Capgemini pour accompagner les clients de bout en bout\u00a0; du conseil en passant par l\u2019architecture et la mise en \u0153uvre de solutions applicatives et de services manag\u00e9s.","breadcrumb":{"@id":"https:\/\/www.capgemini.com\/ca-fr\/notre-groupe\/partenaires-technologiques\/ovhcloud\/#breadcrumb"},"inLanguage":"fr-FR","potentialAction":[{"@type":"ReadAction","target":["https:\/\/www.capgemini.com\/ca-fr\/notre-groupe\/partenaires-technologiques\/ovhcloud\/"]}]},{"@type":"ImageObject","inLanguage":"fr-FR","@id":"https:\/\/www.capgemini.com\/ca-fr\/notre-groupe\/partenaires-technologiques\/ovhcloud\/#primaryimage","url":"https:\/\/www.capgemini.com\/ca-fr\/wp-content\/uploads\/sites\/21\/2022\/09\/2022-FR-OvhCloud-Logo.png","contentUrl":"https:\/\/www.capgemini.com\/ca-fr\/wp-content\/uploads\/sites\/21\/2022\/09\/2022-FR-OvhCloud-Logo.png","width":326,"height":155},{"@type":"BreadcrumbList","@id":"https:\/\/www.capgemini.com\/ca-fr\/notre-groupe\/partenaires-technologiques\/ovhcloud\/#breadcrumb","itemListElement":[{"@type":"ListItem","position":1,"name":"Home","item":"https:\/\/www.capgemini.com\/ca-fr\/"},{"@type":"ListItem","position":2,"name":"Notre Groupe","item":"https:\/\/www.capgemini.com\/ca-fr\/notre-groupe\/"},{"@type":"ListItem","position":3,"name":"Partenaires technologiques","item":"https:\/\/www.capgemini.com\/ca-fr\/notre-groupe\/partenaires-technologiques\/"},{"@type":"ListItem","position":4,"name":"OVHcloud"}]},{"@type":"WebSite","@id":"https:\/\/www.capgemini.com\/ca-fr\/#website","url":"https:\/\/www.capgemini.com\/ca-fr\/","name":"Capgemini Canada French","description":"Capgemini","potentialAction":[{"@type":"SearchAction","target":{"@type":"EntryPoint","urlTemplate":"https:\/\/www.capgemini.com\/ca-fr\/?s={search_term_string}"},"query-input":"required name=search_term_string"}],"inLanguage":"fr-FR"}]}},"brand_term":[],"parsely":{"version":"1.1.0","canonical_url":"https:\/\/capgemini.com\/ca-fr\/notre-groupe\/partenaires-technologiques\/ovhcloud\/","smart_links":{"inbound":0,"outbound":0},"traffic_boost_suggestions_count":0,"meta":{"@context":"https:\/\/schema.org","@type":"WebPage","headline":"OVHcloud","url":"https:\/\/www.capgemini.com\/ca-fr\/notre-groupe\/partenaires-technologiques\/ovhcloud\/","mainEntityOfPage":{"@type":"WebPage","@id":"https:\/\/www.capgemini.com\/ca-fr\/notre-groupe\/partenaires-technologiques\/ovhcloud\/"},"thumbnailUrl":"https:\/\/www.capgemini.com\/ca-fr\/wp-content\/uploads\/sites\/21\/2022\/09\/2022-FR-OvhCloud-Logo.png?w=150&h=150&crop=1","image":{"@type":"ImageObject","url":"https:\/\/www.capgemini.com\/ca-fr\/wp-content\/uploads\/sites\/21\/2022\/09\/2022-FR-OvhCloud-Logo.png"},"articleSection":"Uncategorized","author":[],"creator":[],"publisher":{"@type":"Organization","name":"Capgemini Canada French","logo":""},"keywords":[],"dateCreated":"2023-01-25T08:45:05Z","datePublished":"2023-01-25T08:45:05Z","dateModified":"2025-04-01T04:39:56Z"},"rendered":"<meta name=\"parsely-title\" content=\"OVHcloud\" \/>\n<meta name=\"parsely-link\" content=\"https:\/\/www.capgemini.com\/ca-fr\/notre-groupe\/partenaires-technologiques\/ovhcloud\/\" \/>\n<meta name=\"parsely-type\" content=\"index\" \/>\n<meta name=\"parsely-image-url\" content=\"https:\/\/www.capgemini.com\/ca-fr\/wp-content\/uploads\/sites\/21\/2022\/09\/2022-FR-OvhCloud-Logo.png?w=150&amp;h=150&amp;crop=1\" \/>\n<meta name=\"parsely-pub-date\" content=\"2023-01-25T08:45:05Z\" \/>\n<meta name=\"parsely-section\" content=\"Uncategorized\" \/>","tracker_url":"https:\/\/cdn.parsely.com\/keys\/capgemini.com\/p.js"},"archive_status":false,"featured_image_src":"https:\/\/www.capgemini.com\/ca-fr\/wp-content\/uploads\/sites\/21\/2022\/09\/2022-FR-OvhCloud-Logo.png","featured_image_alt":"","jetpack_sharing_enabled":true,"distributor_meta":false,"distributor_terms":false,"distributor_media":false,"distributor_original_site_name":"Capgemini Canada French","distributor_original_site_url":"https:\/\/www.capgemini.com\/ca-fr","push-errors":false,"_links":{"self":[{"href":"https:\/\/www.capgemini.com\/ca-fr\/wp-json\/wp\/v2\/pages\/7340","targetHints":{"allow":["GET"]}}],"collection":[{"href":"https:\/\/www.capgemini.com\/ca-fr\/wp-json\/wp\/v2\/pages"}],"about":[{"href":"https:\/\/www.capgemini.com\/ca-fr\/wp-json\/wp\/v2\/types\/page"}],"author":[{"embeddable":true,"href":"https:\/\/www.capgemini.com\/ca-fr\/wp-json\/wp\/v2\/users\/166"}],"replies":[{"embeddable":true,"href":"https:\/\/www.capgemini.com\/ca-fr\/wp-json\/wp\/v2\/comments?post=7340"}],"version-history":[{"count":7,"href":"https:\/\/www.capgemini.com\/ca-fr\/wp-json\/wp\/v2\/pages\/7340\/revisions"}],"predecessor-version":[{"id":708449,"href":"https:\/\/www.capgemini.com\/ca-fr\/wp-json\/wp\/v2\/pages\/7340\/revisions\/708449"}],"up":[{"embeddable":true,"href":"https:\/\/www.capgemini.com\/ca-fr\/wp-json\/wp\/v2\/pages\/7889"}],"wp:featuredmedia":[{"embeddable":true,"href":"https:\/\/www.capgemini.com\/ca-fr\/wp-json\/wp\/v2\/media\/696878"}],"wp:attachment":[{"href":"https:\/\/www.capgemini.com\/ca-fr\/wp-json\/wp\/v2\/media?parent=7340"}],"wp:term":[{"taxonomy":"brand","embeddable":true,"href":"https:\/\/www.capgemini.com\/ca-fr\/wp-json\/wp\/v2\/brand?post=7340"},{"taxonomy":"partner_type","embeddable":true,"href":"https:\/\/www.capgemini.com\/ca-fr\/wp-json\/wp\/v2\/partner_type?post=7340"},{"taxonomy":"service","embeddable":true,"href":"https:\/\/www.capgemini.com\/ca-fr\/wp-json\/wp\/v2\/service?post=7340"},{"taxonomy":"industry","embeddable":true,"href":"https:\/\/www.capgemini.com\/ca-fr\/wp-json\/wp\/v2\/industry?post=7340"},{"taxonomy":"partners","embeddable":true,"href":"https:\/\/www.capgemini.com\/ca-fr\/wp-json\/wp\/v2\/partners?post=7340"},{"taxonomy":"page-type","embeddable":true,"href":"https:\/\/www.capgemini.com\/ca-fr\/wp-json\/wp\/v2\/page-type?post=7340"},{"taxonomy":"content-group","embeddable":true,"href":"https:\/\/www.capgemini.com\/ca-fr\/wp-json\/wp\/v2\/content-group?post=7340"}],"curies":[{"name":"wp","href":"https:\/\/api.w.org\/{rel}","templated":true}]}}