{"id":7336,"date":"2022-10-20T15:59:32","date_gmt":"2022-10-20T15:59:32","guid":{"rendered":"https:\/\/www.capgemini.com\/ca-fr\/?page_id=700665"},"modified":"2025-04-01T06:26:34","modified_gmt":"2025-04-01T06:26:34","slug":"reflect-iod","status":"publish","type":"page","link":"https:\/\/www.capgemini.com\/ca-fr\/solutions\/reflect-iod\/","title":{"rendered":"Reflect IoD"},"content":{"rendered":"\n<header class=\"wp-block-cg-blocks-hero-reusable is-style-default header heroReusable  \"><div class=\"header-bgs\"><picture><source srcset=\"https:\/\/www.capgemini.com\/fr-fr\/wp-content\/uploads\/sites\/6\/2022\/10\/Reflect-IoD-Building.jpg?w=2880&amp;quality=70 1x, https:\/\/www.capgemini.com\/fr-fr\/wp-content\/uploads\/sites\/6\/2022\/10\/Reflect-IoD-Building.jpg?w=2880&amp;quality=70 2x\" media=\"(min-width: 1500px)\"\/><source srcset=\"https:\/\/www.capgemini.com\/fr-fr\/wp-content\/uploads\/sites\/6\/2022\/10\/Reflect-IoD-Building.jpg?w=1440&amp;quality=70 1x, https:\/\/www.capgemini.com\/fr-fr\/wp-content\/uploads\/sites\/6\/2022\/10\/Reflect-IoD-Building.jpg?w=2880&amp;quality=70 2x\" media=\"(min-width: 992px)\"\/><source srcset=\"https:\/\/www.capgemini.com\/fr-fr\/wp-content\/uploads\/sites\/6\/2022\/10\/Reflect-IoD-Building.jpg?w=1024&amp;quality=70 1x, https:\/\/www.capgemini.com\/fr-fr\/wp-content\/uploads\/sites\/6\/2022\/10\/Reflect-IoD-Building.jpg?w=1024&amp;quality=70 2x\" media=\"(min-width: 768px)\"\/><source srcset=\"https:\/\/www.capgemini.com\/fr-fr\/wp-content\/uploads\/sites\/6\/2022\/10\/Reflect-IoD-Building.jpg?w=768&amp;quality=70 1x, https:\/\/www.capgemini.com\/fr-fr\/wp-content\/uploads\/sites\/6\/2022\/10\/Reflect-IoD-Building.jpg?w=768&amp;quality=70 2x\" media=\"(min-width: 0)\"\/><img decoding=\"async\" src=\"https:\/\/www.capgemini.com\/fr-fr\/wp-content\/uploads\/sites\/6\/2022\/10\/Reflect-IoD-Building.jpg\" class=\"header-img header-img-d\" alt=\"\" style=\"object-fit:cover;object-position:43% 41%\" loading=\"eager\"\/><\/picture><\/div><div class=\"heroPictureCardHeaderShape\"><\/div><div class=\"container\"><div class=\"row\"><div class=\"col-md-12\"><div class=\"box\"><div class=\"boxTagWrapper\"><div class=\"tagInfo\"><\/div><\/div><div class=\"box-title\"><h1 data-maxlength=\"34\">Reflect IoD<\/h1><\/div><h2 class=\"reasearchInsightTitle\">Plateforme de Jumeau Num\u00e9rique pour une exploitation optimis\u00e9e des actifs<\/h2><div class=\"inner-row-insight download-btn\"><div class=\"col-md-4 downloadFiles addPadding\"><a class=\"button-download--small\" type=\"download\" href=\"https:\/\/www.capgemini.com\/fr-fr\/wp-content\/uploads\/sites\/6\/2022\/10\/ReflectIoD-Presentation-2022.pdf\" target=\"_blank\" rel=\"noopener noreferrer\" title=\"Ouvrir dans une nouvelle fen\u00eatre\"><span>Brochure de pr\u00e9sentation<\/span><span class=\"type\">3 MB pdf<\/span><\/a><\/div><\/div><\/div><\/div><\/div><\/div><\/header>\n\n\n\n<section class=\"wp-block-cg-blocks-intro-para undefined section section--intro\"><div class=\"intro-para\"><div class=\"container\"><div class=\"row\"><div class=\"col-12 col-md-1\"><nav class=\"article-social\"><ul class=\"social-nav\"><li class=\"ip-order-fb\"><a href=\"https:\/\/www.facebook.com\/sharer\/sharer.php?u=https:\/\/www.capgemini.com\/fr-fr\/solutions\/reflect-iod\/\" target=\"_blank\" rel=\"noopener noreferrer\" title=\"Ouvrir dans une nouvelle fen\u00eatre\"><i aria-hidden=\"true\" class=\"icon-fb\"><\/i><span class=\"sr-only\">Facebook<\/span><\/a><\/li><li class=\"ip-order-li\"><a href=\"https:\/\/www.linkedin.com\/sharing\/share-offsite\/?url=https:\/\/www.capgemini.com\/fr-fr\/solutions\/reflect-iod\/\" target=\"_blank\" rel=\"noopener noreferrer\" title=\"Ouvrir dans une nouvelle fen\u00eatre\"><i aria-hidden=\"true\" class=\"icon-li\"><\/i><span class=\"sr-only\">Linkedin<\/span><\/a><\/li><\/ul><\/nav><\/div><div class=\"col-12 col-md-11 col-lg-10\"><h2 class=\"intro-para-title\">Reflect-IoD est une plateforme de Jumeau Num\u00e9rique (ou Plateforme Digital Twin) cloud et s\u00e9curis\u00e9e, qui permet une collaboration centr\u00e9e sur la donn\u00e9e issue de multiples syst\u00e8mes et formats dont les donn\u00e9es 1D, 2D, et mod\u00e8les 3D, les nuages de points (scan laser), l\u2019information g\u00e9ographique, les valeurs des capteurs IoT, les syst\u00e8mes transactionnels (ERP, PLM, EAM).<\/h2><\/div><\/div><\/div><\/div><\/section>\n\n\n\n<section class=\"wp-block-cg-blocks-group undefined section section--article-content\"><div class=\"article-main-content\"><div class=\"container\"><div class=\"row\"><div class=\"col-12 col-md-11 col-lg-10 offset-md-1 offset-lg-1\"><div class=\"article-text article-quote-text\">\n<h2 class=\"wp-block-heading\" id=\"h-optimisez-la-performance-de-vos-actifs\">Optimisez la performance de vos actifs<\/h2>\n\n\n\n<p>Les actifs produisent de nombreuses donn\u00e9es, \u00e0 diff\u00e9rents moments, dans diff\u00e9rents formats, par diff\u00e9rents acteurs, souvent h\u00e9berg\u00e9es dans des silos informatiques. Cela emp\u00eache les acteurs industriels d&#8217;acc\u00e9der rapidement aux bonnes donn\u00e9es, d&#8217;avoir une vue \u00e0 360\u00b0 des informations sur les actifs pour optimiser les op\u00e9rations et la maintenance, et de cr\u00e9er de nouveaux services \u00e0 valeur ajout\u00e9e.<\/p>\n\n\n\n<p>ReflectIoD agr\u00e8ge, dans un r\u00e9f\u00e9rentiel unique : le Digital Twin, les donn\u00e9es produites \u00e0 diff\u00e9rents moments du cycle de vie des actifs (ing\u00e9nierie, construction, exploitation), qui sont actuellement cloisonn\u00e9es et sous diff\u00e9rents formats. Ce qui permet une vue \u00e0 360\u00b0 des installations, et permet aux op\u00e9rateurs et aux services de maintenance d&#8217;avoir acc\u00e8s aux bonnes donn\u00e9es pour prendre des d\u00e9cisions plus rapidement, travailler par anticipation (maintenance pr\u00e9dictive), et d\u00e9velopper de nouveaux services.<\/p>\n\n\n\n<p>ReflectIoD est une plateforme cloud native disponible sur Azure, hautement disponible et \u00e9volutive par conception. Elle est bas\u00e9e sur des composants open-source, avec des API document\u00e9es. Elle poss\u00e8de une interface utilisateur intuitive, \u00e0 la pointe de la technologie et personnalisable, tout en \u00e9tant conforme aux normes IFC et ISO 55000<\/p>\n\n\n\n<h2 class=\"wp-block-heading\">Un acc\u00e8s simplifi\u00e9 aux donn\u00e9es agr\u00e9g\u00e9es<\/h2>\n\n\n\n<p>ReflectIoD permet 3 cas d&#8217;utilisation :<\/p>\n\n\n\n<ul class=\"wp-block-list\">\n<li><strong>Gestion intelligente des donn\u00e9es<\/strong> (Smart data management), de l&#8217;int\u00e9gration qualifi\u00e9e jusqu&#8217;\u00e0 la mod\u00e9lisation et la visualisation intelligentes  des donn\u00e9es :\n<ul class=\"wp-block-list\">\n<li>La collecte de donn\u00e9es multi format (plus de 60), ainsi que l&#8217;int\u00e9gration native de donn\u00e9es d&#8217;information g\u00e9ographique (ESRI, OpenStreetMap ,\u2026) et de documents, est aliment\u00e9e par des processus de contr\u00f4le et de validation de la qualit\u00e9 des donn\u00e9es.<\/li>\n\n\n\n<li>Des mod\u00e8les de donn\u00e9es flexibles et \u00e9volutifs par secteur et par entreprise.<\/li>\n\n\n\n<li>Vue \u00e0 360\u00b0, y compris des maquettes hybrides combinant 3D et nuage de points, et API Rest pour acc\u00e9der \u00e0 la base de donn\u00e9es f\u00e9d\u00e9r\u00e9e.<\/li>\n<\/ul>\n<\/li>\n\n\n\n<li><strong>Surveillance intelligente<\/strong> (Intelligent monitoring), de l&#8217;acc\u00e8s intelligent aux donn\u00e9es au suivi des performances :\n<ul class=\"wp-block-list\">\n<li>Supervision et suivi des actifs gr\u00e2ce aux capacit\u00e9s de recherche cognitive et au fen\u00eatrage multiple.<\/li>\n\n\n\n<li>Gestion des alertes, des incidents et de l&#8217;efficacit\u00e9 globale des \u00e9quipements, gr\u00e2ce notamment \u00e0 l&#8217;int\u00e9gration native de l&#8217;IoT.<\/li>\n\n\n\n<li>Int\u00e9gration et navigation intuitive entre la 3D et la business intelligence\/le reporting.<\/li>\n<\/ul>\n<\/li>\n<\/ul>\n\n\n\n<ul class=\"wp-block-list\">\n<li><strong>Maintenance augment\u00e9e<\/strong> (Augmented maintenance), de la pr\u00e9paration virtuelle \u00e0 la t\u00e9l\u00e9assistance immersive en passant par la g\u00e9n\u00e9ration assist\u00e9e de bons de travail :\n<ul class=\"wp-block-list\">\n<li>Pr\u00e9paration virtuelle des interventions aliment\u00e9e par un acc\u00e8s facile \u00e0 des op\u00e9rations similaires et \u00e0 l&#8217;analyse de maquettes hybrides.<\/li>\n\n\n\n<li>Int\u00e9gration native avec les syst\u00e8mes EAM standards : SAP, Maximo, Infor.<\/li>\n\n\n\n<li>Int\u00e9gration native avec Andy 3D, notre plateforme d&#8217;assistance immersive \u00e0 distance.<\/li>\n<\/ul>\n<\/li>\n<\/ul>\n\n\n\n<section class=\"wp-block-cg-blocks-intro-para-video is-style-cg-sapphire2 section section--info-2cols section--insights section-video \"><div class=\"bg-color video-align-right\"><div class=\"container\"><div class=\"row video-align-left\"><div class=\"col-md-12\"><div class=\"video-align-left row box box--4 box--mini\"><div class=\"col-md-3\"><h3 class=\"Video-title\" data-maxlength=\"34\"><\/h3><div class=\"video-info\"><p data-maxlength=\"68\"><\/p><\/div><\/div><div class=\"col-md-8 box-img-wrapper\"><div class=\"video-box\"><div class=\"video-wrapper\"><iframe title=\"video-section\" src=\"https:\/\/www.youtube.com\/embed\/WNUI7w7_kdU?rel=0&amp;modestbranding=1&amp;playsinline=1&amp;enablejsapi=1\" frameborder=\"0\" allow=\"accelerometer; autoplay; clipboard-write; encrypted-media; gyroscope; picture-in-picture\" allowfullscreen loading=\"lazy\" referrerpolicy=\"strict-origin-when-cross-origin\"><\/iframe><\/div><\/div><\/div><div class=\"col-md-1\"><\/div><\/div><\/div><\/div><\/div><\/div><\/section>\n\n\n\n<h2 class=\"wp-block-heading\">Acc\u00e9l\u00e9rez la performance et la rentabilit\u00e9 de vos actifs<\/h2>\n\n\n\n<h3 class=\"wp-block-heading\" id=\"h-reflect-iod-augmente\">Reflect IoD augmente :<\/h3>\n\n\n\n<ul class=\"wp-block-list\">\n<li>L&#8217;efficacit\u00e9 de la main d&#8217;\u0153uvre (de 10 \u00e0 30%)<\/li>\n\n\n\n<li>La fiabilit\u00e9 des actifs (de 10 \u00e0 20%)<\/li>\n\n\n\n<li>La conformit\u00e9 aux normes<\/li>\n<\/ul>\n\n\n\n<h3 class=\"wp-block-heading\">Reflect IoD r\u00e9duit :<\/h3>\n\n\n\n<ul class=\"wp-block-list\">\n<li>Le temps pour trouver les bonnes donn\u00e9es (35%)<\/li>\n\n\n\n<li>Le temps de transfert des donn\u00e9es (de 10% \u00e0 30%)<\/li>\n\n\n\n<li>Les co\u00fbts de maintenance (5% \u00e0 20).<\/li>\n<\/ul>\n\n\n\n<div class=\"wp-block-buttons is-layout-flex wp-block-buttons-is-layout-flex\">\n<div class=\"wp-block-button\"><a class=\"wp-block-button__link wp-element-button\" href=\"\" target=\"_blank\" rel=\"noreferrer noopener\">T\u00e9l\u00e9charger la brochure de pr\u00e9sentation<\/a><\/div>\n<\/div>\n<\/div><\/div><\/div><\/div><\/div><\/section>\n\n\n\n<section class=\"section section--expert-slider wrapper-people-slider wp-block-cg-blocks-wrapper-people-slider undefined\"><div class=\"container\"><div class=\"content-title\"><h2 data-maxlength=\"34\" class=\"people-heading-title\">Nos experts<\/h2><\/div><\/div><div class=\"slider slider-boxed\"><div class=\"container\"><div class=\"slider-window\"><div class=\"slider-list\"><\/div><\/div><\/div><div class=\"slider-nav\"><button class=\"slider-prev inactive\" aria-label=\"Curseur pr\u00e9c\u00e9dent\" tabindex=\"-1\"><\/button><ul class=\"slider-paginator\"><\/ul><button class=\"slider-next\" aria-label=\"Curseur suivant\"><\/button><\/div><\/div><\/section>\n","protected":false},"excerpt":{"rendered":"<p>La plateforme de Jumeau Num\u00e9rique BIM pour les exploitants.<\/p>\n","protected":false},"author":166,"featured_media":7337,"parent":0,"menu_order":0,"comment_status":"closed","ping_status":"closed","template":"","meta":{"cg_dt_proposed_to":[],"cg_seo_hreflang_relations":"[]","cg_seo_canonical_relation":"","cg_seo_hreflang_x_default_relation":"{\"uuid\":\"7544703c-1416-441c-b22a-b04da2bd2af8\",\"blogId\":\"\",\"domain\":\"\",\"sitePath\":\"\",\"postLink\":\"\",\"postId\":null,\"isSaved\":true,\"isCrossLink\":false,\"hasCrossLink\":false}","cg_dt_approved_content":true,"cg_dt_mandatory_content":false,"cg_dt_notes":"","cg_dg_source_changed":false,"cg_dt_link_disabled":false,"_yoast_wpseo_primary_brand":"30","footnotes":"","featured_focal_points":"","partner_card_description":"","gsap_animation":0},"brand":[58],"partner_type":[],"service":[183,105,161],"industry":[175,195,196,192],"partners":[],"page-type":[266],"content-group":[],"class_list":["post-7336","page","type-page","status-publish","has-post-thumbnail","hentry","brand-capgemini","service-ia-data","service-intelligent-industry","service-business-innovation-transformation","industry-energie-et-utilities","industry-industries","industry-manufacturing","industry-transports-et-services-aux-entreprises","page-type-solutions"],"yoast_head":"<!-- This site is optimized with the Yoast SEO Premium plugin v22.8 (Yoast SEO v22.8) - https:\/\/yoast.com\/wordpress\/plugins\/seo\/ -->\n<title>Reflect IoD - Capgemini Canada French<\/title>\n<meta name=\"description\" content=\"Reflect IoD est une plate-forme destin\u00e9e aux gestionnaires de patrimoines, maitres d\u2019ouvrages et op\u00e9rateurs BIM, qui permet de manager l\u2019ensemble des \u00e9quipements d\u2019un ouvrage ou d\u2019une infrastructure par le biais de son jumeau num\u00e9rique.\" \/>\n<meta name=\"robots\" content=\"index, follow, max-snippet:-1, max-image-preview:large, max-video-preview:-1\" \/>\n<link rel=\"canonical\" href=\"https:\/\/www.capgemini.com\/fr-fr\/solutions\/reflect-iod\/\" \/>\n<meta property=\"og:locale\" content=\"fr_FR\" \/>\n<meta property=\"og:type\" content=\"article\" \/>\n<meta property=\"og:title\" content=\"Reflect IoD\" \/>\n<meta property=\"og:description\" content=\"Reflect IoD est une plate-forme destin\u00e9e aux gestionnaires de patrimoines, maitres d\u2019ouvrages et op\u00e9rateurs BIM, qui permet de manager l\u2019ensemble des \u00e9quipements d\u2019un ouvrage ou d\u2019une infrastructure par le biais de son jumeau num\u00e9rique.\" \/>\n<meta property=\"og:url\" content=\"https:\/\/www.capgemini.com\/ca-fr\/solutions\/reflect-iod\/\" \/>\n<meta property=\"og:site_name\" content=\"Capgemini Canada French\" \/>\n<meta property=\"article:modified_time\" content=\"2025-04-01T06:26:34+00:00\" \/>\n<meta property=\"og:image\" content=\"https:\/\/www.capgemini.com\/ca-fr\/wp-content\/uploads\/sites\/21\/2021\/03\/JEROEN-VERSTEEG-1.jpg\" \/>\n\t<meta property=\"og:image:width\" content=\"800\" \/>\n\t<meta property=\"og:image:height\" content=\"1067\" \/>\n\t<meta property=\"og:image:type\" content=\"image\/jpeg\" \/>\n<meta name=\"twitter:card\" content=\"summary_large_image\" \/>\n<meta name=\"twitter:label1\" content=\"Est. reading time\" \/>\n\t<meta name=\"twitter:data1\" content=\"4 minutes\" \/>\n<script type=\"application\/ld+json\" class=\"yoast-schema-graph\">{\"@context\":\"https:\/\/schema.org\",\"@graph\":[{\"@type\":\"WebPage\",\"@id\":\"https:\/\/www.capgemini.com\/ca-fr\/solutions\/reflect-iod\/\",\"url\":\"https:\/\/www.capgemini.com\/ca-fr\/solutions\/reflect-iod\/\",\"name\":\"Reflect IoD - Capgemini Canada French\",\"isPartOf\":{\"@id\":\"https:\/\/www.capgemini.com\/ca-fr\/#website\"},\"primaryImageOfPage\":{\"@id\":\"https:\/\/www.capgemini.com\/ca-fr\/solutions\/reflect-iod\/#primaryimage\"},\"image\":{\"@id\":\"https:\/\/www.capgemini.com\/ca-fr\/solutions\/reflect-iod\/#primaryimage\"},\"thumbnailUrl\":\"https:\/\/www.capgemini.com\/ca-fr\/wp-content\/uploads\/sites\/21\/2022\/10\/Reflect-IoD-Building.jpg\",\"datePublished\":\"2022-10-20T15:59:32+00:00\",\"dateModified\":\"2025-04-01T06:26:34+00:00\",\"description\":\"Reflect IoD est une plate-forme destin\u00e9e aux gestionnaires de patrimoines, maitres d\u2019ouvrages et op\u00e9rateurs BIM, qui permet de manager l\u2019ensemble des \u00e9quipements d\u2019un ouvrage ou d\u2019une infrastructure par le biais de son jumeau num\u00e9rique.\",\"breadcrumb\":{\"@id\":\"https:\/\/www.capgemini.com\/ca-fr\/solutions\/reflect-iod\/#breadcrumb\"},\"inLanguage\":\"fr-FR\",\"potentialAction\":[{\"@type\":\"ReadAction\",\"target\":[\"https:\/\/www.capgemini.com\/ca-fr\/solutions\/reflect-iod\/\"]}]},{\"@type\":\"ImageObject\",\"inLanguage\":\"fr-FR\",\"@id\":\"https:\/\/www.capgemini.com\/ca-fr\/solutions\/reflect-iod\/#primaryimage\",\"url\":\"https:\/\/www.capgemini.com\/ca-fr\/wp-content\/uploads\/sites\/21\/2022\/10\/Reflect-IoD-Building.jpg\",\"contentUrl\":\"https:\/\/www.capgemini.com\/ca-fr\/wp-content\/uploads\/sites\/21\/2022\/10\/Reflect-IoD-Building.jpg\",\"width\":7952,\"height\":5304,\"caption\":\"Trees reflected on building\"},{\"@type\":\"BreadcrumbList\",\"@id\":\"https:\/\/www.capgemini.com\/ca-fr\/solutions\/reflect-iod\/#breadcrumb\",\"itemListElement\":[{\"@type\":\"ListItem\",\"position\":1,\"name\":\"Home\",\"item\":\"https:\/\/www.capgemini.com\/ca-fr\/\"},{\"@type\":\"ListItem\",\"position\":2,\"name\":\"Reflect IoD\"}]},{\"@type\":\"WebSite\",\"@id\":\"https:\/\/www.capgemini.com\/ca-fr\/#website\",\"url\":\"https:\/\/www.capgemini.com\/ca-fr\/\",\"name\":\"Capgemini Canada French\",\"description\":\"Capgemini\",\"potentialAction\":[{\"@type\":\"SearchAction\",\"target\":{\"@type\":\"EntryPoint\",\"urlTemplate\":\"https:\/\/www.capgemini.com\/ca-fr\/?s={search_term_string}\"},\"query-input\":\"required name=search_term_string\"}],\"inLanguage\":\"fr-FR\"}]}<\/script>\n<!-- \/ Yoast SEO Premium plugin. -->","yoast_head_json":{"title":"Reflect IoD - Capgemini Canada French","description":"Reflect IoD est une plate-forme destin\u00e9e aux gestionnaires de patrimoines, maitres d\u2019ouvrages et op\u00e9rateurs BIM, qui permet de manager l\u2019ensemble des \u00e9quipements d\u2019un ouvrage ou d\u2019une infrastructure par le biais de son jumeau num\u00e9rique.","robots":{"index":"index","follow":"follow","max-snippet":"max-snippet:-1","max-image-preview":"max-image-preview:large","max-video-preview":"max-video-preview:-1"},"canonical":"https:\/\/www.capgemini.com\/fr-fr\/solutions\/reflect-iod\/","og_locale":"fr_FR","og_type":"article","og_title":"Reflect IoD","og_description":"Reflect IoD est une plate-forme destin\u00e9e aux gestionnaires de patrimoines, maitres d\u2019ouvrages et op\u00e9rateurs BIM, qui permet de manager l\u2019ensemble des \u00e9quipements d\u2019un ouvrage ou d\u2019une infrastructure par le biais de son jumeau num\u00e9rique.","og_url":"https:\/\/www.capgemini.com\/ca-fr\/solutions\/reflect-iod\/","og_site_name":"Capgemini Canada French","article_modified_time":"2025-04-01T06:26:34+00:00","og_image":[{"width":800,"height":1067,"url":"https:\/\/www.capgemini.com\/ca-fr\/wp-content\/uploads\/sites\/21\/2021\/03\/JEROEN-VERSTEEG-1.jpg","type":"image\/jpeg"}],"twitter_card":"summary_large_image","twitter_misc":{"Est. reading time":"4 minutes"},"schema":{"@context":"https:\/\/schema.org","@graph":[{"@type":"WebPage","@id":"https:\/\/www.capgemini.com\/ca-fr\/solutions\/reflect-iod\/","url":"https:\/\/www.capgemini.com\/ca-fr\/solutions\/reflect-iod\/","name":"Reflect IoD - Capgemini Canada French","isPartOf":{"@id":"https:\/\/www.capgemini.com\/ca-fr\/#website"},"primaryImageOfPage":{"@id":"https:\/\/www.capgemini.com\/ca-fr\/solutions\/reflect-iod\/#primaryimage"},"image":{"@id":"https:\/\/www.capgemini.com\/ca-fr\/solutions\/reflect-iod\/#primaryimage"},"thumbnailUrl":"https:\/\/www.capgemini.com\/ca-fr\/wp-content\/uploads\/sites\/21\/2022\/10\/Reflect-IoD-Building.jpg","datePublished":"2022-10-20T15:59:32+00:00","dateModified":"2025-04-01T06:26:34+00:00","description":"Reflect IoD est une plate-forme destin\u00e9e aux gestionnaires de patrimoines, maitres d\u2019ouvrages et op\u00e9rateurs BIM, qui permet de manager l\u2019ensemble des \u00e9quipements d\u2019un ouvrage ou d\u2019une infrastructure par le biais de son jumeau num\u00e9rique.","breadcrumb":{"@id":"https:\/\/www.capgemini.com\/ca-fr\/solutions\/reflect-iod\/#breadcrumb"},"inLanguage":"fr-FR","potentialAction":[{"@type":"ReadAction","target":["https:\/\/www.capgemini.com\/ca-fr\/solutions\/reflect-iod\/"]}]},{"@type":"ImageObject","inLanguage":"fr-FR","@id":"https:\/\/www.capgemini.com\/ca-fr\/solutions\/reflect-iod\/#primaryimage","url":"https:\/\/www.capgemini.com\/ca-fr\/wp-content\/uploads\/sites\/21\/2022\/10\/Reflect-IoD-Building.jpg","contentUrl":"https:\/\/www.capgemini.com\/ca-fr\/wp-content\/uploads\/sites\/21\/2022\/10\/Reflect-IoD-Building.jpg","width":7952,"height":5304,"caption":"Trees reflected on building"},{"@type":"BreadcrumbList","@id":"https:\/\/www.capgemini.com\/ca-fr\/solutions\/reflect-iod\/#breadcrumb","itemListElement":[{"@type":"ListItem","position":1,"name":"Home","item":"https:\/\/www.capgemini.com\/ca-fr\/"},{"@type":"ListItem","position":2,"name":"Reflect IoD"}]},{"@type":"WebSite","@id":"https:\/\/www.capgemini.com\/ca-fr\/#website","url":"https:\/\/www.capgemini.com\/ca-fr\/","name":"Capgemini Canada French","description":"Capgemini","potentialAction":[{"@type":"SearchAction","target":{"@type":"EntryPoint","urlTemplate":"https:\/\/www.capgemini.com\/ca-fr\/?s={search_term_string}"},"query-input":"required name=search_term_string"}],"inLanguage":"fr-FR"}]}},"brand_term":[{"id":58,"slug":"capgemini"}],"parsely":{"version":"1.1.0","canonical_url":"https:\/\/capgemini.com\/ca-fr\/solutions\/reflect-iod\/","smart_links":{"inbound":0,"outbound":0},"traffic_boost_suggestions_count":0,"meta":{"@context":"https:\/\/schema.org","@type":"WebPage","headline":"Reflect IoD","url":"https:\/\/www.capgemini.com\/ca-fr\/solutions\/reflect-iod\/","mainEntityOfPage":{"@type":"WebPage","@id":"https:\/\/www.capgemini.com\/ca-fr\/solutions\/reflect-iod\/"},"thumbnailUrl":"https:\/\/www.capgemini.com\/ca-fr\/wp-content\/uploads\/sites\/21\/2022\/10\/Reflect-IoD-Building.jpg?w=150&h=150&crop=1","image":{"@type":"ImageObject","url":"https:\/\/www.capgemini.com\/ca-fr\/wp-content\/uploads\/sites\/21\/2022\/10\/Reflect-IoD-Building.jpg"},"articleSection":"Uncategorized","author":[],"creator":[],"publisher":{"@type":"Organization","name":"Capgemini Canada French","logo":""},"keywords":[],"dateCreated":"2022-10-20T15:59:32Z","datePublished":"2022-10-20T15:59:32Z","dateModified":"2025-04-01T06:26:34Z"},"rendered":"<meta name=\"parsely-title\" content=\"Reflect IoD\" \/>\n<meta name=\"parsely-link\" content=\"https:\/\/www.capgemini.com\/ca-fr\/solutions\/reflect-iod\/\" \/>\n<meta name=\"parsely-type\" content=\"index\" \/>\n<meta name=\"parsely-image-url\" content=\"https:\/\/www.capgemini.com\/ca-fr\/wp-content\/uploads\/sites\/21\/2022\/10\/Reflect-IoD-Building.jpg?w=150&amp;h=150&amp;crop=1\" \/>\n<meta name=\"parsely-pub-date\" content=\"2022-10-20T15:59:32Z\" \/>\n<meta name=\"parsely-section\" content=\"Uncategorized\" \/>","tracker_url":"https:\/\/cdn.parsely.com\/keys\/capgemini.com\/p.js"},"archive_status":false,"featured_image_src":"https:\/\/www.capgemini.com\/ca-fr\/wp-content\/uploads\/sites\/21\/2022\/10\/Reflect-IoD-Building.jpg","featured_image_alt":"","jetpack_sharing_enabled":true,"distributor_meta":false,"distributor_terms":false,"distributor_media":false,"distributor_original_site_name":"Capgemini Canada French","distributor_original_site_url":"https:\/\/www.capgemini.com\/ca-fr","push-errors":false,"_links":{"self":[{"href":"https:\/\/www.capgemini.com\/ca-fr\/wp-json\/wp\/v2\/pages\/7336","targetHints":{"allow":["GET"]}}],"collection":[{"href":"https:\/\/www.capgemini.com\/ca-fr\/wp-json\/wp\/v2\/pages"}],"about":[{"href":"https:\/\/www.capgemini.com\/ca-fr\/wp-json\/wp\/v2\/types\/page"}],"author":[{"embeddable":true,"href":"https:\/\/www.capgemini.com\/ca-fr\/wp-json\/wp\/v2\/users\/166"}],"replies":[{"embeddable":true,"href":"https:\/\/www.capgemini.com\/ca-fr\/wp-json\/wp\/v2\/comments?post=7336"}],"version-history":[{"count":8,"href":"https:\/\/www.capgemini.com\/ca-fr\/wp-json\/wp\/v2\/pages\/7336\/revisions"}],"predecessor-version":[{"id":710215,"href":"https:\/\/www.capgemini.com\/ca-fr\/wp-json\/wp\/v2\/pages\/7336\/revisions\/710215"}],"wp:featuredmedia":[{"embeddable":true,"href":"https:\/\/www.capgemini.com\/ca-fr\/wp-json\/wp\/v2\/media\/7337"}],"wp:attachment":[{"href":"https:\/\/www.capgemini.com\/ca-fr\/wp-json\/wp\/v2\/media?parent=7336"}],"wp:term":[{"taxonomy":"brand","embeddable":true,"href":"https:\/\/www.capgemini.com\/ca-fr\/wp-json\/wp\/v2\/brand?post=7336"},{"taxonomy":"partner_type","embeddable":true,"href":"https:\/\/www.capgemini.com\/ca-fr\/wp-json\/wp\/v2\/partner_type?post=7336"},{"taxonomy":"service","embeddable":true,"href":"https:\/\/www.capgemini.com\/ca-fr\/wp-json\/wp\/v2\/service?post=7336"},{"taxonomy":"industry","embeddable":true,"href":"https:\/\/www.capgemini.com\/ca-fr\/wp-json\/wp\/v2\/industry?post=7336"},{"taxonomy":"partners","embeddable":true,"href":"https:\/\/www.capgemini.com\/ca-fr\/wp-json\/wp\/v2\/partners?post=7336"},{"taxonomy":"page-type","embeddable":true,"href":"https:\/\/www.capgemini.com\/ca-fr\/wp-json\/wp\/v2\/page-type?post=7336"},{"taxonomy":"content-group","embeddable":true,"href":"https:\/\/www.capgemini.com\/ca-fr\/wp-json\/wp\/v2\/content-group?post=7336"}],"curies":[{"name":"wp","href":"https:\/\/api.w.org\/{rel}","templated":true}]}}