{"id":706763,"date":"2025-02-14T09:49:49","date_gmt":"2025-02-14T09:49:49","guid":{"rendered":"https:\/\/www.capgemini.com\/ca-fr\/?page_id=706763&#038;preview_id=706763"},"modified":"2025-02-14T09:49:51","modified_gmt":"2025-02-14T09:49:51","slug":"alerte-fraude","status":"publish","type":"page","link":"https:\/\/www.capgemini.com\/ca-fr\/alerte-fraude\/","title":{"rendered":"Alerte \u00e0 la fraude"},"content":{"rendered":"\n<header class=\"wp-block-cg-blocks-hero-reusable is-style-default header heroReusable  \"><div class=\"header-bgs\"><\/div><div class=\"heroPictureCardHeaderShape\"><\/div><div class=\"container\"><div class=\"row\"><div class=\"col-md-12\"><div class=\"box\"><div class=\"boxTagWrapper\"><div class=\"tagInfo\"><div><span class=\"box-tag\">Alerte \u00e0 la fraude<\/span><\/div><\/div><\/div><div class=\"box-title\"><h1 data-maxlength=\"34\">Attention aux tentatives d&#8217;hame\u00e7onnage et d&#8217;escroqueries<\/h1><\/div><div class=\"inner-row-insight download-btn\"><\/div><\/div><\/div><\/div><\/div><\/header>\n\n\n\n<section class=\"wp-block-cg-blocks-group undefined section section--article-content\"><div class=\"article-main-content\"><div class=\"container\"><div class=\"row\"><div class=\"col-12 col-md-11 col-lg-10 offset-md-1 offset-lg-1\"><div class=\"article-text article-quote-text\">\n<p>Actuellement, un certain nombre de grandes marques sont usurp\u00e9es par des fraudeurs. Nous avons \u00e9t\u00e9 inform\u00e9s de l&#8217;existence de tentatives d&#8217;escroqueries qui promettent des revenus faciles en \u00e9change de t\u00e2ches simples telles que suivre des profils et des pages sur les r\u00e9seaux sociaux, poster des commentaires et des &#8220;j&#8217;aime&#8221; sur des photos et vid\u00e9os sp\u00e9cifiques, ou publier des avis sur divers services en ligne. Par la suite, il est demand\u00e9 de partager des informations financi\u00e8res personnelles et d&#8217;effectuer des petits versements pour d\u00e9bloquer le paiement du travail effectu\u00e9.<\/p>\n\n\n\n<p>En tant que leader mondial responsable, <strong>Capgemini ne vous enverra jamais de message de fa\u00e7on non sollicit\u00e9e via vos r\u00e9seaux sociaux, sans contact au pr\u00e9alable et avec une question ouverte telle que &#8220;Bonjour, puis-je vous parler un moment ?&#8221; suivie de demandes de paiements pour d\u00e9bloquer des r\u00e9compenses mon\u00e9taires.<\/strong><\/p>\n\n\n\n<p>Ne r\u00e9pondez pas \u00e0 de tels messages envoy\u00e9s par des utilisateurs inconnus, ne cliquez pas sur des liens suspects qui pourraient compromettre vos appareils, ne partagez pas vos mots de passe pour acc\u00e9der \u00e0 vos comptes bancaires et courriels et, surtout, prot\u00e9gez vos donn\u00e9es personnelles.<\/p>\n\n\n\n<p>&nbsp;Il est recommand\u00e9 de bloquer ces num\u00e9ros frauduleux et de signaler ces messages par les voies officielles. En France, vous pouvez le faire en utilisant <a href=\"https:\/\/www.signal-spam.fr\/\">Signal Spam<\/a>.<\/p>\n<\/div><\/div><\/div><\/div><\/div><\/section>\n","protected":false},"excerpt":{"rendered":"","protected":false},"author":58,"featured_media":0,"parent":0,"menu_order":0,"comment_status":"closed","ping_status":"closed","template":"","meta":{"cg_dt_proposed_to":[],"cg_seo_hreflang_relations":"[{\"uuid\":\"2b9a9921-b22d-4780-97f1-c3d1feedd70f\",\"blogId\":\"6\",\"domain\":\"www.capgemini.com\",\"sitePath\":\"\/fr-fr\/\",\"postLink\":\"https:\/\/www.capgemini.com\/fr-fr\/alerte-fraude\/\",\"postId\":774436,\"isSaved\":true,\"isCrossLink\":false,\"hasCrossLink\":false}]","cg_seo_canonical_relation":"{\"uuid\":\"65555d5c-769f-4fde-ad57-6f9295f5ae1b\",\"blogId\":\"\",\"domain\":\"\",\"sitePath\":\"\",\"postLink\":\"\",\"postId\":null,\"isSaved\":true,\"isCrossLink\":false,\"hasCrossLink\":false}","cg_seo_hreflang_x_default_relation":"{\"uuid\":\"6bc6fa60-54e9-4e7e-9e4f-3d54f39e29ef\",\"blogId\":\"\",\"domain\":\"\",\"sitePath\":\"\",\"postLink\":\"\",\"postId\":null,\"isSaved\":true,\"isCrossLink\":false,\"hasCrossLink\":false}","cg_dt_approved_content":true,"cg_dt_mandatory_content":false,"cg_dt_notes":"","cg_dg_source_changed":true,"cg_dt_link_disabled":false,"_yoast_wpseo_primary_brand":"","footnotes":"","featured_focal_points":"","partner_card_description":"","gsap_animation":0},"brand":[],"partner_type":[],"service":[],"industry":[],"partners":[],"page-type":[],"content-group":[],"class_list":["post-706763","page","type-page","status-publish","hentry"],"yoast_head":"<!-- This site is optimized with the Yoast SEO Premium plugin v22.8 (Yoast SEO v22.8) - https:\/\/yoast.com\/wordpress\/plugins\/seo\/ -->\n<title>Alerte \u00e0 la fraude - Capgemini Canada French<\/title>\n<meta name=\"description\" content=\"M\u00e9fiez-vous des e-mails de phishing et des escroqueries frauduleuses. Soyez vigilent et prot\u00e9gez vos donn\u00e9es personnelles\" \/>\n<meta name=\"robots\" content=\"index, follow, max-snippet:-1, max-image-preview:large, max-video-preview:-1\" \/>\n<link rel=\"canonical\" href=\"https:\/\/www.capgemini.com\/ca-fr\/alerte-fraude\/\" \/>\n<meta property=\"og:locale\" content=\"fr_FR\" \/>\n<meta property=\"og:type\" content=\"article\" \/>\n<meta property=\"og:title\" content=\"Alerte \u00e0 la fraude\" \/>\n<meta property=\"og:description\" content=\"M\u00e9fiez-vous des e-mails de phishing et des escroqueries frauduleuses. Soyez vigilent et prot\u00e9gez vos donn\u00e9es personnelles\" \/>\n<meta property=\"og:url\" content=\"https:\/\/www.capgemini.com\/ca-fr\/alerte-fraude\/\" \/>\n<meta property=\"og:site_name\" content=\"Capgemini Canada French\" \/>\n<meta property=\"article:modified_time\" content=\"2025-02-14T09:49:51+00:00\" \/>\n<meta property=\"og:image\" content=\"https:\/\/www.capgemini.com\/ca-fr\/wp-content\/uploads\/sites\/21\/2025\/10\/New-Web-preview-global.jpg\" \/>\n\t<meta property=\"og:image:width\" content=\"1200\" \/>\n\t<meta property=\"og:image:height\" content=\"627\" \/>\n\t<meta property=\"og:image:type\" content=\"image\/jpeg\" \/>\n<meta name=\"twitter:card\" content=\"summary_large_image\" \/>\n<meta name=\"twitter:label1\" content=\"Est. reading time\" \/>\n\t<meta name=\"twitter:data1\" content=\"2 minutes\" \/>\n<script type=\"application\/ld+json\" class=\"yoast-schema-graph\">{\"@context\":\"https:\/\/schema.org\",\"@graph\":[{\"@type\":\"WebPage\",\"@id\":\"https:\/\/www.capgemini.com\/ca-fr\/alerte-fraude\/\",\"url\":\"https:\/\/www.capgemini.com\/ca-fr\/alerte-fraude\/\",\"name\":\"Alerte \u00e0 la fraude - Capgemini Canada French\",\"isPartOf\":{\"@id\":\"https:\/\/www.capgemini.com\/ca-fr\/#website\"},\"datePublished\":\"2025-02-14T09:49:49+00:00\",\"dateModified\":\"2025-02-14T09:49:51+00:00\",\"description\":\"M\u00e9fiez-vous des e-mails de phishing et des escroqueries frauduleuses. Soyez vigilent et prot\u00e9gez vos donn\u00e9es personnelles\",\"breadcrumb\":{\"@id\":\"https:\/\/www.capgemini.com\/ca-fr\/alerte-fraude\/#breadcrumb\"},\"inLanguage\":\"fr-FR\",\"potentialAction\":[{\"@type\":\"ReadAction\",\"target\":[\"https:\/\/www.capgemini.com\/ca-fr\/alerte-fraude\/\"]}]},{\"@type\":\"BreadcrumbList\",\"@id\":\"https:\/\/www.capgemini.com\/ca-fr\/alerte-fraude\/#breadcrumb\",\"itemListElement\":[{\"@type\":\"ListItem\",\"position\":1,\"name\":\"Home\",\"item\":\"https:\/\/www.capgemini.com\/ca-fr\/\"},{\"@type\":\"ListItem\",\"position\":2,\"name\":\"Alerte \u00e0 la fraude\"}]},{\"@type\":\"WebSite\",\"@id\":\"https:\/\/www.capgemini.com\/ca-fr\/#website\",\"url\":\"https:\/\/www.capgemini.com\/ca-fr\/\",\"name\":\"Capgemini Canada French\",\"description\":\"Capgemini\",\"potentialAction\":[{\"@type\":\"SearchAction\",\"target\":{\"@type\":\"EntryPoint\",\"urlTemplate\":\"https:\/\/www.capgemini.com\/ca-fr\/?s={search_term_string}\"},\"query-input\":\"required name=search_term_string\"}],\"inLanguage\":\"fr-FR\"}]}<\/script>\n<!-- \/ Yoast SEO Premium plugin. -->","yoast_head_json":{"title":"Alerte \u00e0 la fraude - Capgemini Canada French","description":"M\u00e9fiez-vous des e-mails de phishing et des escroqueries frauduleuses. Soyez vigilent et prot\u00e9gez vos donn\u00e9es personnelles","robots":{"index":"index","follow":"follow","max-snippet":"max-snippet:-1","max-image-preview":"max-image-preview:large","max-video-preview":"max-video-preview:-1"},"canonical":"https:\/\/www.capgemini.com\/ca-fr\/alerte-fraude\/","og_locale":"fr_FR","og_type":"article","og_title":"Alerte \u00e0 la fraude","og_description":"M\u00e9fiez-vous des e-mails de phishing et des escroqueries frauduleuses. Soyez vigilent et prot\u00e9gez vos donn\u00e9es personnelles","og_url":"https:\/\/www.capgemini.com\/ca-fr\/alerte-fraude\/","og_site_name":"Capgemini Canada French","article_modified_time":"2025-02-14T09:49:51+00:00","og_image":[{"width":1200,"height":627,"url":"https:\/\/www.capgemini.com\/ca-fr\/wp-content\/uploads\/sites\/21\/2025\/10\/New-Web-preview-global.jpg","type":"image\/jpeg"}],"twitter_card":"summary_large_image","twitter_misc":{"Est. reading time":"2 minutes"},"schema":{"@context":"https:\/\/schema.org","@graph":[{"@type":"WebPage","@id":"https:\/\/www.capgemini.com\/ca-fr\/alerte-fraude\/","url":"https:\/\/www.capgemini.com\/ca-fr\/alerte-fraude\/","name":"Alerte \u00e0 la fraude - Capgemini Canada French","isPartOf":{"@id":"https:\/\/www.capgemini.com\/ca-fr\/#website"},"datePublished":"2025-02-14T09:49:49+00:00","dateModified":"2025-02-14T09:49:51+00:00","description":"M\u00e9fiez-vous des e-mails de phishing et des escroqueries frauduleuses. Soyez vigilent et prot\u00e9gez vos donn\u00e9es personnelles","breadcrumb":{"@id":"https:\/\/www.capgemini.com\/ca-fr\/alerte-fraude\/#breadcrumb"},"inLanguage":"fr-FR","potentialAction":[{"@type":"ReadAction","target":["https:\/\/www.capgemini.com\/ca-fr\/alerte-fraude\/"]}]},{"@type":"BreadcrumbList","@id":"https:\/\/www.capgemini.com\/ca-fr\/alerte-fraude\/#breadcrumb","itemListElement":[{"@type":"ListItem","position":1,"name":"Home","item":"https:\/\/www.capgemini.com\/ca-fr\/"},{"@type":"ListItem","position":2,"name":"Alerte \u00e0 la fraude"}]},{"@type":"WebSite","@id":"https:\/\/www.capgemini.com\/ca-fr\/#website","url":"https:\/\/www.capgemini.com\/ca-fr\/","name":"Capgemini Canada French","description":"Capgemini","potentialAction":[{"@type":"SearchAction","target":{"@type":"EntryPoint","urlTemplate":"https:\/\/www.capgemini.com\/ca-fr\/?s={search_term_string}"},"query-input":"required name=search_term_string"}],"inLanguage":"fr-FR"}]}},"brand_term":[],"parsely":{"version":"1.1.0","canonical_url":"https:\/\/capgemini.com\/ca-fr\/alerte-fraude\/","smart_links":{"inbound":0,"outbound":0},"traffic_boost_suggestions_count":0,"meta":{"@context":"https:\/\/schema.org","@type":"WebPage","headline":"Alerte \u00e0 la fraude","url":"https:\/\/www.capgemini.com\/ca-fr\/alerte-fraude\/","mainEntityOfPage":{"@type":"WebPage","@id":"https:\/\/www.capgemini.com\/ca-fr\/alerte-fraude\/"},"thumbnailUrl":"","image":{"@type":"ImageObject","url":""},"articleSection":"Uncategorized","author":[],"creator":[],"publisher":{"@type":"Organization","name":"Capgemini Canada French","logo":""},"keywords":[],"dateCreated":"2025-02-14T09:49:49Z","datePublished":"2025-02-14T09:49:49Z","dateModified":"2025-02-14T09:49:51Z"},"rendered":"<meta name=\"parsely-title\" content=\"Alerte \u00e0 la fraude\" \/>\n<meta name=\"parsely-link\" content=\"https:\/\/www.capgemini.com\/ca-fr\/alerte-fraude\/\" \/>\n<meta name=\"parsely-type\" content=\"index\" \/>\n<meta name=\"parsely-pub-date\" content=\"2025-02-14T09:49:49Z\" \/>\n<meta name=\"parsely-section\" content=\"Uncategorized\" \/>","tracker_url":"https:\/\/cdn.parsely.com\/keys\/capgemini.com\/p.js"},"archive_status":false,"featured_image_src":"https:\/\/www.capgemini.com\/ca-fr\/wp-content\/themes\/capgemini2025\/assets\/images\/mockup.png","featured_image_alt":false,"jetpack_sharing_enabled":true,"distributor_meta":false,"distributor_terms":false,"distributor_media":false,"distributor_original_site_name":"Capgemini Canada French","distributor_original_site_url":"https:\/\/www.capgemini.com\/ca-fr","push-errors":false,"_links":{"self":[{"href":"https:\/\/www.capgemini.com\/ca-fr\/wp-json\/wp\/v2\/pages\/706763","targetHints":{"allow":["GET"]}}],"collection":[{"href":"https:\/\/www.capgemini.com\/ca-fr\/wp-json\/wp\/v2\/pages"}],"about":[{"href":"https:\/\/www.capgemini.com\/ca-fr\/wp-json\/wp\/v2\/types\/page"}],"author":[{"embeddable":true,"href":"https:\/\/www.capgemini.com\/ca-fr\/wp-json\/wp\/v2\/users\/58"}],"replies":[{"embeddable":true,"href":"https:\/\/www.capgemini.com\/ca-fr\/wp-json\/wp\/v2\/comments?post=706763"}],"version-history":[{"count":1,"href":"https:\/\/www.capgemini.com\/ca-fr\/wp-json\/wp\/v2\/pages\/706763\/revisions"}],"predecessor-version":[{"id":706764,"href":"https:\/\/www.capgemini.com\/ca-fr\/wp-json\/wp\/v2\/pages\/706763\/revisions\/706764"}],"wp:attachment":[{"href":"https:\/\/www.capgemini.com\/ca-fr\/wp-json\/wp\/v2\/media?parent=706763"}],"wp:term":[{"taxonomy":"brand","embeddable":true,"href":"https:\/\/www.capgemini.com\/ca-fr\/wp-json\/wp\/v2\/brand?post=706763"},{"taxonomy":"partner_type","embeddable":true,"href":"https:\/\/www.capgemini.com\/ca-fr\/wp-json\/wp\/v2\/partner_type?post=706763"},{"taxonomy":"service","embeddable":true,"href":"https:\/\/www.capgemini.com\/ca-fr\/wp-json\/wp\/v2\/service?post=706763"},{"taxonomy":"industry","embeddable":true,"href":"https:\/\/www.capgemini.com\/ca-fr\/wp-json\/wp\/v2\/industry?post=706763"},{"taxonomy":"partners","embeddable":true,"href":"https:\/\/www.capgemini.com\/ca-fr\/wp-json\/wp\/v2\/partners?post=706763"},{"taxonomy":"page-type","embeddable":true,"href":"https:\/\/www.capgemini.com\/ca-fr\/wp-json\/wp\/v2\/page-type?post=706763"},{"taxonomy":"content-group","embeddable":true,"href":"https:\/\/www.capgemini.com\/ca-fr\/wp-json\/wp\/v2\/content-group?post=706763"}],"curies":[{"name":"wp","href":"https:\/\/api.w.org\/{rel}","templated":true}]}}