{"id":702001,"date":"2026-05-07T06:12:12","date_gmt":"2026-05-07T06:12:12","guid":{"rendered":"https:\/\/www.capgemini.com\/ca-fr\/?page_id=702001&#038;preview_id=702001"},"modified":"2026-05-07T06:12:25","modified_gmt":"2026-05-07T06:12:25","slug":"hr-data-analytics","status":"publish","type":"page","link":"https:\/\/www.capgemini.com\/ca-fr\/solutions\/hr-data-analytics\/","title":{"rendered":"HR data analytics"},"content":{"rendered":"\n<header class=\"wp-block-cg-blocks-hero-reusable header heroReusable  \"><div class=\"header-bgs\"><picture><source srcset=\"https:\/\/www.capgemini.com\/wp-content\/uploads\/2022\/12\/HR-Analytics-Hero-Image.jpg?w=2880&amp;quality=70 1x, https:\/\/www.capgemini.com\/wp-content\/uploads\/2022\/12\/HR-Analytics-Hero-Image.jpg?w=2880&amp;quality=70 2x\" media=\"(min-width: 1500px)\"\/><source srcset=\"https:\/\/www.capgemini.com\/wp-content\/uploads\/2022\/12\/HR-Analytics-Hero-Image.jpg?w=1440&amp;quality=70 1x, https:\/\/www.capgemini.com\/wp-content\/uploads\/2022\/12\/HR-Analytics-Hero-Image.jpg?w=2880&amp;quality=70 2x\" media=\"(min-width: 992px)\"\/><source srcset=\"https:\/\/www.capgemini.com\/wp-content\/uploads\/2022\/12\/HR-Analytics-Hero-Image.jpg?w=1024&amp;quality=70 1x, https:\/\/www.capgemini.com\/wp-content\/uploads\/2022\/12\/HR-Analytics-Hero-Image.jpg?w=1024&amp;quality=70 2x\" media=\"(min-width: 768px)\"\/><source srcset=\"https:\/\/www.capgemini.com\/wp-content\/uploads\/2022\/12\/HR-Analytics-Hero-Image.jpg?w=768&amp;quality=70 1x, https:\/\/www.capgemini.com\/wp-content\/uploads\/2022\/12\/HR-Analytics-Hero-Image.jpg?w=768&amp;quality=70 2x\" media=\"(min-width: 0)\"\/><img decoding=\"async\" src=\"https:\/\/www.capgemini.com\/wp-content\/uploads\/2022\/12\/HR-Analytics-Hero-Image.jpg\" class=\"header-img header-img-d\" alt=\"\" style=\"object-fit:cover;object-position:50% 50%\" loading=\"eager\"\/><\/picture><\/div><div class=\"heroPictureCardHeaderShape\"><\/div><div class=\"container\"><div class=\"row\"><div class=\"col-md-12\"><div class=\"box\"><div class=\"boxTagWrapper\"><div class=\"tagInfo\"><div><span class=\"box-tag\">Solution<\/span><\/div><\/div><\/div><div class=\"box-title\"><h1 data-maxlength=\"34\">R\u00e9inventez l\u2019acquisition de talents et l\u2019exp\u00e9rience employ\u00e9 gr\u00e2ce \u00e0 l\u2019analyse des donn\u00e9es RH<\/h1><\/div><div class=\"inner-row-insight download-btn\"><\/div><\/div><\/div><\/div><\/div><\/header>\n\n\n\n<section class=\"wp-block-cg-blocks-group undefined section section--article-content\"><div class=\"article-main-content\"><div class=\"container\"><div class=\"grid-container\"><div class=\"col-12 col-md-2\"><nav class=\"article-social\"><ul class=\"social-nav\"><li class=\"ip-order-fb\"><a href=\"https:\/\/www.facebook.com\/sharer\/sharer.php?u=https:\/\/www.capgemini.com\/solutions\/hr-data-analytics\/\" target=\"_blank\" rel=\"noopener noreferrer\" title=\"Ouvrir dans une nouvelle fen\u00eatre\"><i aria-hidden=\"true\" class=\"icon-fb\"><\/i><span class=\"sr-only\">Facebook<\/span><\/a><\/li><li class=\"ip-order-tw\"><a href=\"https:\/\/twitter.com\/intent\/tweet?url=https:\/\/www.capgemini.com\/solutions\/hr-data-analytics\/&amp;text=HR%20data%20analytics\" target=\"_blank\" rel=\"noopener noreferrer\" title=\"Ouvrir dans une nouvelle fen\u00eatre\"><i aria-hidden=\"true\" class=\"icon-tw\"><\/i><span class=\"sr-only\">Twitter<\/span><\/a><\/li><li class=\"ip-order-li\"><a href=\"https:\/\/www.linkedin.com\/shareArticle?url=https:\/\/www.capgemini.com\/solutions\/hr-data-analytics\/&amp;text=HR%20data%20analytics\" target=\"_blank\" rel=\"noopener noreferrer\" title=\"Ouvrir dans une nouvelle fen\u00eatre\"><i aria-hidden=\"true\" class=\"icon-li\"><\/i><span class=\"sr-only\">Linkedin<\/span><\/a><\/li><\/ul><\/nav><\/div><div><div class=\"article-text article-quote-text\">\n<h3 class=\"wp-block-heading\" id=\"h-identifiez-les-tendances-cles-obtenez-des-informations-et-transformez-les-capacites-d-analyse-rh-de-votre-organisation\">Identifiez les tendances cl\u00e9s, obtenez des informations et transformez les capacit\u00e9s d\u2019analyse RH de votre organisation<\/h3>\n\n\n\n<figure class=\"wp-block-image alignright size-full is-resized\"><img decoding=\"async\" src=\"https:\/\/www.capgemini.com\/wp-content\/uploads\/2022\/12\/HR-Analytics-Brochure-Thumbnail_v2.jpg\" alt=\"\" class=\"wp-image-838352\" style=\"width:200px;height:636px\"\/><\/figure>\n\n\n\n<p>La pand\u00e9mie mondiale nous a appris que notre temps est pr\u00e9cieux. Les employ\u00e9s qui consid\u00e9raient leur travail comme mal r\u00e9mun\u00e9r\u00e9, sans issue ou m\u00eame toxique en ont profit\u00e9 pour trouver un nouveau cheminement de carri\u00e8re. En fait, plus d\u2019employ\u00e9s ont chang\u00e9 de carri\u00e8re pendant la pand\u00e9mie qu\u2019\u00e0 tout autre moment jamais enregistr\u00e9. Ce remaniement est rest\u00e9 fort, avec peu de signes de ralentissement. Les organisations qui souhaitent cr\u00e9er une exp\u00e9rience employ\u00e9 de premier ordre doivent identifier et traiter rapidement les tendances en mati\u00e8re de comportement, de valeurs et de pr\u00e9f\u00e9rences des employ\u00e9s.<\/p>\n\n\n\n<p>Capgemini a d\u00e9velopp\u00e9 une puissante solution d&#8217;analyse de donn\u00e9es RH qui permet aux organisations de recruter, int\u00e9grer et fid\u00e9liser efficacement les meilleurs talents tout en \u00e9tablissant un lieu de travail diversifi\u00e9, inclusif et \u00e9quitable qui favorise un sentiment d&#8217;appartenance. Ceci est accompli en regroupant les donn\u00e9es internes et externes, en visualisant les tendances cl\u00e9s dans plusieurs fonctions commerciales et en fournissant des informations et des recommandations utilisant l&#8217;intelligence artificielle et l&#8217;apprentissage automatique.<\/p>\n\n\n\n<p>T\u00e9l\u00e9chargez notre document pour voir comment nous pouvons permettre \u00e0 votre organisation de cr\u00e9er une exp\u00e9rience employ\u00e9 de premier ordre en utilisant la puissance de l&#8217;analyse des donn\u00e9es RH.<\/p>\n\n\n\n<div class=\"wp-block-buttons is-layout-flex wp-block-buttons-is-layout-flex\">\n<div class=\"wp-block-button is-style-outline is-style-outline--1\"><a class=\"wp-block-button__link wp-element-button\" href=\"https:\/\/go.capgeminigroup.com\/Capgemini-reinvent-talent-acquisition-and-employee-experience-with-HR-data-analytics\" target=\"_blank\" rel=\"noreferrer noopener\"><strong>T\u00e9l\u00e9chargez<\/strong><\/a><\/div>\n<\/div>\n<\/div><\/div><\/div><\/div><\/div><\/section>\n","protected":false},"excerpt":{"rendered":"<p>Identifiez les tendances cl\u00e9s, obtenez des informations et transformez les capacit\u00e9s d\u2019analyse RH de votre organisation.<\/p>\n","protected":false},"author":151,"featured_media":706977,"parent":696490,"menu_order":0,"comment_status":"closed","ping_status":"closed","template":"","meta":{"cg_dt_proposed_to":[],"cg_seo_hreflang_relations":"[]","cg_seo_canonical_relation":"","cg_seo_hreflang_x_default_relation":"{\"uuid\":\"7aaaf826-dd9b-46d1-9481-aa9f3c1b9977\",\"blogId\":\"\",\"domain\":\"\",\"sitePath\":\"\",\"postLink\":\"\",\"postId\":null,\"isSaved\":true,\"isCrossLink\":false,\"hasCrossLink\":false}","cg_dt_approved_content":true,"cg_dt_mandatory_content":false,"cg_dt_notes":"","cg_dg_source_changed":false,"cg_dt_link_disabled":false,"_yoast_wpseo_primary_brand":"","footnotes":"","featured_focal_points":"","partner_card_description":"","gsap_animation":0},"brand":[],"partner_type":[],"service":[183],"industry":[214,204],"partners":[],"page-type":[266],"content-group":[],"class_list":["post-702001","page","type-page","status-publish","has-post-thumbnail","hentry","service-ia-data","industry-assurance","industry-banques","page-type-solutions"],"yoast_head":"<!-- This site is optimized with the Yoast SEO Premium plugin v22.8 (Yoast SEO v22.8) - https:\/\/yoast.com\/wordpress\/plugins\/seo\/ -->\n<title>HR data analytics - Capgemini Canada French<\/title>\n<meta name=\"description\" content=\"Identifiez les tendances cl\u00e9s, obtenez des informations et transformez les capacit\u00e9s d\u2019analyse RH de votre organisation.\" \/>\n<meta name=\"robots\" content=\"index, follow, max-snippet:-1, max-image-preview:large, max-video-preview:-1\" \/>\n<link rel=\"canonical\" href=\"https:\/\/www.capgemini.com\/ca-fr\/solutions\/hr-data-analytics\/\" \/>\n<meta property=\"og:locale\" content=\"fr_FR\" \/>\n<meta property=\"og:type\" content=\"article\" \/>\n<meta property=\"og:title\" content=\"HR data analytics\" \/>\n<meta property=\"og:description\" content=\"Identifiez les tendances cl\u00e9s, obtenez des informations et transformez les capacit\u00e9s d\u2019analyse RH de votre organisation.\" \/>\n<meta property=\"og:url\" content=\"https:\/\/www.capgemini.com\/ca-fr\/solutions\/hr-data-analytics\/\" \/>\n<meta property=\"og:site_name\" content=\"Capgemini Canada French\" \/>\n<meta property=\"article:modified_time\" content=\"2026-05-07T06:12:25+00:00\" \/>\n<meta property=\"og:image\" content=\"https:\/\/www.capgemini.com\/ca-fr\/wp-content\/uploads\/sites\/21\/2025\/10\/New-Web-preview-global.jpg\" \/>\n\t<meta property=\"og:image:width\" content=\"1200\" \/>\n\t<meta property=\"og:image:height\" content=\"627\" \/>\n\t<meta property=\"og:image:type\" content=\"image\/jpeg\" \/>\n<meta name=\"twitter:card\" content=\"summary_large_image\" \/>\n<meta name=\"twitter:label1\" content=\"Est. reading time\" \/>\n\t<meta name=\"twitter:data1\" content=\"2 minutes\" \/>\n<script type=\"application\/ld+json\" class=\"yoast-schema-graph\">{\"@context\":\"https:\/\/schema.org\",\"@graph\":[{\"@type\":\"WebPage\",\"@id\":\"https:\/\/www.capgemini.com\/ca-fr\/solutions\/hr-data-analytics\/\",\"url\":\"https:\/\/www.capgemini.com\/ca-fr\/solutions\/hr-data-analytics\/\",\"name\":\"HR data analytics - Capgemini Canada French\",\"isPartOf\":{\"@id\":\"https:\/\/www.capgemini.com\/ca-fr\/#website\"},\"primaryImageOfPage\":{\"@id\":\"https:\/\/www.capgemini.com\/ca-fr\/solutions\/hr-data-analytics\/#primaryimage\"},\"image\":{\"@id\":\"https:\/\/www.capgemini.com\/ca-fr\/solutions\/hr-data-analytics\/#primaryimage\"},\"thumbnailUrl\":\"https:\/\/www.capgemini.com\/ca-fr\/wp-content\/uploads\/sites\/21\/2023\/11\/HR-Analytics-Hero-Image-4.jpg\",\"datePublished\":\"2026-05-07T06:12:12+00:00\",\"dateModified\":\"2026-05-07T06:12:25+00:00\",\"description\":\"Identifiez les tendances cl\u00e9s, obtenez des informations et transformez les capacit\u00e9s d\u2019analyse RH de votre organisation.\",\"breadcrumb\":{\"@id\":\"https:\/\/www.capgemini.com\/ca-fr\/solutions\/hr-data-analytics\/#breadcrumb\"},\"inLanguage\":\"fr-FR\",\"potentialAction\":[{\"@type\":\"ReadAction\",\"target\":[\"https:\/\/www.capgemini.com\/ca-fr\/solutions\/hr-data-analytics\/\"]}]},{\"@type\":\"ImageObject\",\"inLanguage\":\"fr-FR\",\"@id\":\"https:\/\/www.capgemini.com\/ca-fr\/solutions\/hr-data-analytics\/#primaryimage\",\"url\":\"https:\/\/www.capgemini.com\/ca-fr\/wp-content\/uploads\/sites\/21\/2023\/11\/HR-Analytics-Hero-Image-4.jpg\",\"contentUrl\":\"https:\/\/www.capgemini.com\/ca-fr\/wp-content\/uploads\/sites\/21\/2023\/11\/HR-Analytics-Hero-Image-4.jpg\",\"width\":2880,\"height\":1800},{\"@type\":\"BreadcrumbList\",\"@id\":\"https:\/\/www.capgemini.com\/ca-fr\/solutions\/hr-data-analytics\/#breadcrumb\",\"itemListElement\":[{\"@type\":\"ListItem\",\"position\":1,\"name\":\"Home\",\"item\":\"https:\/\/www.capgemini.com\/ca-fr\/\"},{\"@type\":\"ListItem\",\"position\":2,\"name\":\"Solutions\",\"item\":\"https:\/\/www.capgemini.com\/ca-fr\/solutions\/\"},{\"@type\":\"ListItem\",\"position\":3,\"name\":\"HR data analytics\"}]},{\"@type\":\"WebSite\",\"@id\":\"https:\/\/www.capgemini.com\/ca-fr\/#website\",\"url\":\"https:\/\/www.capgemini.com\/ca-fr\/\",\"name\":\"Capgemini Canada French\",\"description\":\"Capgemini\",\"potentialAction\":[{\"@type\":\"SearchAction\",\"target\":{\"@type\":\"EntryPoint\",\"urlTemplate\":\"https:\/\/www.capgemini.com\/ca-fr\/?s={search_term_string}\"},\"query-input\":\"required name=search_term_string\"}],\"inLanguage\":\"fr-FR\"}]}<\/script>\n<!-- \/ Yoast SEO Premium plugin. -->","yoast_head_json":{"title":"HR data analytics - Capgemini Canada French","description":"Identifiez les tendances cl\u00e9s, obtenez des informations et transformez les capacit\u00e9s d\u2019analyse RH de votre organisation.","robots":{"index":"index","follow":"follow","max-snippet":"max-snippet:-1","max-image-preview":"max-image-preview:large","max-video-preview":"max-video-preview:-1"},"canonical":"https:\/\/www.capgemini.com\/ca-fr\/solutions\/hr-data-analytics\/","og_locale":"fr_FR","og_type":"article","og_title":"HR data analytics","og_description":"Identifiez les tendances cl\u00e9s, obtenez des informations et transformez les capacit\u00e9s d\u2019analyse RH de votre organisation.","og_url":"https:\/\/www.capgemini.com\/ca-fr\/solutions\/hr-data-analytics\/","og_site_name":"Capgemini Canada French","article_modified_time":"2026-05-07T06:12:25+00:00","og_image":[{"width":1200,"height":627,"url":"https:\/\/www.capgemini.com\/ca-fr\/wp-content\/uploads\/sites\/21\/2025\/10\/New-Web-preview-global.jpg","type":"image\/jpeg"}],"twitter_card":"summary_large_image","twitter_misc":{"Est. reading time":"2 minutes"},"schema":{"@context":"https:\/\/schema.org","@graph":[{"@type":"WebPage","@id":"https:\/\/www.capgemini.com\/ca-fr\/solutions\/hr-data-analytics\/","url":"https:\/\/www.capgemini.com\/ca-fr\/solutions\/hr-data-analytics\/","name":"HR data analytics - Capgemini Canada French","isPartOf":{"@id":"https:\/\/www.capgemini.com\/ca-fr\/#website"},"primaryImageOfPage":{"@id":"https:\/\/www.capgemini.com\/ca-fr\/solutions\/hr-data-analytics\/#primaryimage"},"image":{"@id":"https:\/\/www.capgemini.com\/ca-fr\/solutions\/hr-data-analytics\/#primaryimage"},"thumbnailUrl":"https:\/\/www.capgemini.com\/ca-fr\/wp-content\/uploads\/sites\/21\/2023\/11\/HR-Analytics-Hero-Image-4.jpg","datePublished":"2026-05-07T06:12:12+00:00","dateModified":"2026-05-07T06:12:25+00:00","description":"Identifiez les tendances cl\u00e9s, obtenez des informations et transformez les capacit\u00e9s d\u2019analyse RH de votre organisation.","breadcrumb":{"@id":"https:\/\/www.capgemini.com\/ca-fr\/solutions\/hr-data-analytics\/#breadcrumb"},"inLanguage":"fr-FR","potentialAction":[{"@type":"ReadAction","target":["https:\/\/www.capgemini.com\/ca-fr\/solutions\/hr-data-analytics\/"]}]},{"@type":"ImageObject","inLanguage":"fr-FR","@id":"https:\/\/www.capgemini.com\/ca-fr\/solutions\/hr-data-analytics\/#primaryimage","url":"https:\/\/www.capgemini.com\/ca-fr\/wp-content\/uploads\/sites\/21\/2023\/11\/HR-Analytics-Hero-Image-4.jpg","contentUrl":"https:\/\/www.capgemini.com\/ca-fr\/wp-content\/uploads\/sites\/21\/2023\/11\/HR-Analytics-Hero-Image-4.jpg","width":2880,"height":1800},{"@type":"BreadcrumbList","@id":"https:\/\/www.capgemini.com\/ca-fr\/solutions\/hr-data-analytics\/#breadcrumb","itemListElement":[{"@type":"ListItem","position":1,"name":"Home","item":"https:\/\/www.capgemini.com\/ca-fr\/"},{"@type":"ListItem","position":2,"name":"Solutions","item":"https:\/\/www.capgemini.com\/ca-fr\/solutions\/"},{"@type":"ListItem","position":3,"name":"HR data analytics"}]},{"@type":"WebSite","@id":"https:\/\/www.capgemini.com\/ca-fr\/#website","url":"https:\/\/www.capgemini.com\/ca-fr\/","name":"Capgemini Canada French","description":"Capgemini","potentialAction":[{"@type":"SearchAction","target":{"@type":"EntryPoint","urlTemplate":"https:\/\/www.capgemini.com\/ca-fr\/?s={search_term_string}"},"query-input":"required name=search_term_string"}],"inLanguage":"fr-FR"}]}},"brand_term":[],"parsely":{"version":"1.1.0","canonical_url":"https:\/\/capgemini.com\/ca-fr\/solutions\/hr-data-analytics\/","smart_links":{"inbound":0,"outbound":0},"traffic_boost_suggestions_count":0,"meta":{"@context":"https:\/\/schema.org","@type":"WebPage","headline":"HR data analytics","url":"https:\/\/www.capgemini.com\/ca-fr\/solutions\/hr-data-analytics\/","mainEntityOfPage":{"@type":"WebPage","@id":"https:\/\/www.capgemini.com\/ca-fr\/solutions\/hr-data-analytics\/"},"thumbnailUrl":"https:\/\/www.capgemini.com\/ca-fr\/wp-content\/uploads\/sites\/21\/2023\/11\/HR-Analytics-Hero-Image-4.jpg?w=150&h=150&crop=1","image":{"@type":"ImageObject","url":"https:\/\/www.capgemini.com\/ca-fr\/wp-content\/uploads\/sites\/21\/2023\/11\/HR-Analytics-Hero-Image-4.jpg"},"articleSection":"Uncategorized","author":[],"creator":[],"publisher":{"@type":"Organization","name":"Capgemini Canada French","logo":""},"keywords":[],"dateCreated":"2026-05-07T06:12:12Z","datePublished":"2026-05-07T06:12:12Z","dateModified":"2026-05-07T06:12:25Z"},"rendered":"<meta name=\"parsely-title\" content=\"HR data analytics\" \/>\n<meta name=\"parsely-link\" content=\"https:\/\/www.capgemini.com\/ca-fr\/solutions\/hr-data-analytics\/\" \/>\n<meta name=\"parsely-type\" content=\"index\" \/>\n<meta name=\"parsely-image-url\" content=\"https:\/\/www.capgemini.com\/ca-fr\/wp-content\/uploads\/sites\/21\/2023\/11\/HR-Analytics-Hero-Image-4.jpg?w=150&amp;h=150&amp;crop=1\" \/>\n<meta name=\"parsely-pub-date\" content=\"2026-05-07T06:12:12Z\" \/>\n<meta name=\"parsely-section\" content=\"Uncategorized\" \/>","tracker_url":"https:\/\/cdn.parsely.com\/keys\/capgemini.com\/p.js"},"archive_status":false,"featured_image_src":"https:\/\/www.capgemini.com\/ca-fr\/wp-content\/uploads\/sites\/21\/2023\/11\/HR-Analytics-Hero-Image-4.jpg","featured_image_alt":"","jetpack_sharing_enabled":true,"distributor_meta":false,"distributor_terms":false,"distributor_media":false,"distributor_original_site_name":"Capgemini Canada French","distributor_original_site_url":"https:\/\/www.capgemini.com\/ca-fr","push-errors":false,"_links":{"self":[{"href":"https:\/\/www.capgemini.com\/ca-fr\/wp-json\/wp\/v2\/pages\/702001","targetHints":{"allow":["GET"]}}],"collection":[{"href":"https:\/\/www.capgemini.com\/ca-fr\/wp-json\/wp\/v2\/pages"}],"about":[{"href":"https:\/\/www.capgemini.com\/ca-fr\/wp-json\/wp\/v2\/types\/page"}],"author":[{"embeddable":true,"href":"https:\/\/www.capgemini.com\/ca-fr\/wp-json\/wp\/v2\/users\/151"}],"replies":[{"embeddable":true,"href":"https:\/\/www.capgemini.com\/ca-fr\/wp-json\/wp\/v2\/comments?post=702001"}],"version-history":[{"count":4,"href":"https:\/\/www.capgemini.com\/ca-fr\/wp-json\/wp\/v2\/pages\/702001\/revisions"}],"predecessor-version":[{"id":711613,"href":"https:\/\/www.capgemini.com\/ca-fr\/wp-json\/wp\/v2\/pages\/702001\/revisions\/711613"}],"up":[{"embeddable":true,"href":"https:\/\/www.capgemini.com\/ca-fr\/wp-json\/wp\/v2\/pages\/696490"}],"wp:featuredmedia":[{"embeddable":true,"href":"https:\/\/www.capgemini.com\/ca-fr\/wp-json\/wp\/v2\/media\/706977"}],"wp:attachment":[{"href":"https:\/\/www.capgemini.com\/ca-fr\/wp-json\/wp\/v2\/media?parent=702001"}],"wp:term":[{"taxonomy":"brand","embeddable":true,"href":"https:\/\/www.capgemini.com\/ca-fr\/wp-json\/wp\/v2\/brand?post=702001"},{"taxonomy":"partner_type","embeddable":true,"href":"https:\/\/www.capgemini.com\/ca-fr\/wp-json\/wp\/v2\/partner_type?post=702001"},{"taxonomy":"service","embeddable":true,"href":"https:\/\/www.capgemini.com\/ca-fr\/wp-json\/wp\/v2\/service?post=702001"},{"taxonomy":"industry","embeddable":true,"href":"https:\/\/www.capgemini.com\/ca-fr\/wp-json\/wp\/v2\/industry?post=702001"},{"taxonomy":"partners","embeddable":true,"href":"https:\/\/www.capgemini.com\/ca-fr\/wp-json\/wp\/v2\/partners?post=702001"},{"taxonomy":"page-type","embeddable":true,"href":"https:\/\/www.capgemini.com\/ca-fr\/wp-json\/wp\/v2\/page-type?post=702001"},{"taxonomy":"content-group","embeddable":true,"href":"https:\/\/www.capgemini.com\/ca-fr\/wp-json\/wp\/v2\/content-group?post=702001"}],"curies":[{"name":"wp","href":"https:\/\/api.w.org\/{rel}","templated":true}]}}