{"id":701992,"date":"2023-11-10T10:07:15","date_gmt":"2023-11-10T10:07:15","guid":{"rendered":"https:\/\/www.capgemini.com\/ca-fr\/?page_id=701992&#038;preview_id=701992"},"modified":"2025-04-01T06:22:07","modified_gmt":"2025-04-01T06:22:07","slug":"fraud-detection-powered-by-hyperautomation","status":"publish","type":"page","link":"https:\/\/www.capgemini.com\/ca-fr\/solutions\/fraud-detection-powered-by-hyperautomation\/","title":{"rendered":"D\u00e9tection des fraudes gr\u00e2ce \u00e0 l\u2019hyperautomatisation"},"content":{"rendered":"\n<header class=\"wp-block-cg-blocks-hero-reusable header heroReusable  \"><div class=\"header-bgs\"><picture><source srcset=\"https:\/\/www.capgemini.com\/wp-content\/uploads\/2023\/07\/Fraud_Monitoring-Web_Background.jpg?w=2880&amp;quality=70 1x, https:\/\/www.capgemini.com\/wp-content\/uploads\/2023\/07\/Fraud_Monitoring-Web_Background.jpg?w=2880&amp;quality=70 2x\" media=\"(min-width: 1500px)\"\/><source srcset=\"https:\/\/www.capgemini.com\/wp-content\/uploads\/2023\/07\/Fraud_Monitoring-Web_Background.jpg?w=1440&amp;quality=70 1x, https:\/\/www.capgemini.com\/wp-content\/uploads\/2023\/07\/Fraud_Monitoring-Web_Background.jpg?w=2880&amp;quality=70 2x\" media=\"(min-width: 992px)\"\/><source srcset=\"https:\/\/www.capgemini.com\/wp-content\/uploads\/2023\/07\/Fraud_Monitoring-Web_Background.jpg?w=1024&amp;quality=70 1x, https:\/\/www.capgemini.com\/wp-content\/uploads\/2023\/07\/Fraud_Monitoring-Web_Background.jpg?w=1024&amp;quality=70 2x\" media=\"(min-width: 768px)\"\/><source srcset=\"https:\/\/www.capgemini.com\/wp-content\/uploads\/2023\/07\/Fraud_Monitoring-Web_Background.jpg?w=768&amp;quality=70 1x, https:\/\/www.capgemini.com\/wp-content\/uploads\/2023\/07\/Fraud_Monitoring-Web_Background.jpg?w=768&amp;quality=70 2x\" media=\"(min-width: 0)\"\/><img decoding=\"async\" src=\"https:\/\/www.capgemini.com\/wp-content\/uploads\/2023\/07\/Fraud_Monitoring-Web_Background.jpg\" class=\"header-img header-img-d\" alt=\"\" style=\"object-fit:cover;object-position:49% 35%\" loading=\"eager\"\/><\/picture><\/div><div class=\"heroPictureCardHeaderShape\"><\/div><div class=\"container\"><div class=\"row\"><div class=\"col-md-12\"><div class=\"box\"><div class=\"boxTagWrapper\"><div class=\"tagInfo\"><div><span class=\"box-tag\">Solution<\/span><\/div><\/div><\/div><div class=\"box-title\"><h1 data-maxlength=\"34\">D\u00e9tection des fraudes gr\u00e2ce \u00e0 l&#8217;hyperautomatisation<\/h1><\/div><div class=\"inner-row-insight download-btn\"><\/div><\/div><\/div><\/div><\/div><\/header>\n\n\n\n<section class=\"wp-block-cg-blocks-group undefined section section--article-content\"><div class=\"article-main-content\"><div class=\"container\"><div class=\"row\"><div class=\"col-12 col-md-1\"><nav class=\"article-social\"><ul class=\"social-nav\"><li class=\"ip-order-fb\"><a href=\"https:\/\/www.facebook.com\/sharer\/sharer.php?u=https:\/\/www.capgemini.com\/solutions\/fraud-detection-powered-by-hyperautomation\/\" target=\"_blank\" rel=\"noopener noreferrer\" title=\"Ouvrir dans une nouvelle fen\u00eatre\"><i aria-hidden=\"true\" class=\"icon-fb\"><\/i><span class=\"sr-only\">Facebook<\/span><\/a><\/li><li class=\"ip-order-tw\"><a href=\"https:\/\/twitter.com\/intent\/tweet?url=https:\/\/www.capgemini.com\/solutions\/fraud-detection-powered-by-hyperautomation\/&amp;text=Fraud%20detection%20powered%20by%20hyperautomation\" target=\"_blank\" rel=\"noopener noreferrer\" title=\"Ouvrir dans une nouvelle fen\u00eatre\"><i aria-hidden=\"true\" class=\"icon-tw\"><\/i><span class=\"sr-only\">Twitter<\/span><\/a><\/li><li class=\"ip-order-li\"><a href=\"https:\/\/www.linkedin.com\/shareArticle?url=https:\/\/www.capgemini.com\/solutions\/fraud-detection-powered-by-hyperautomation\/&amp;text=Fraud%20detection%20powered%20by%20hyperautomation\" target=\"_blank\" rel=\"noopener noreferrer\" title=\"Ouvrir dans une nouvelle fen\u00eatre\"><i aria-hidden=\"true\" class=\"icon-li\"><\/i><span class=\"sr-only\">Linkedin<\/span><\/a><\/li><\/ul><\/nav><\/div><div class=\"col-12 col-md-11 col-lg-10\"><div class=\"article-text article-quote-text\">\n<h3 class=\"wp-block-heading\" id=\"h-anticiper-les-menaces-invisibles-au-sein-des-services-financiers\">Anticiper les menaces invisibles au sein des services financiers.<\/h3>\n\n\n\n<figure class=\"wp-block-image alignright size-medium is-resized\"><img decoding=\"async\" src=\"https:\/\/www.capgemini.com\/wp-content\/uploads\/2023\/07\/Fraud_Monitoring-Document_Thumbnail.jpg?w=212\" alt=\"\" class=\"wp-image-922692\"\/><\/figure>\n\n\n\n<p>D&#8217;ici 2030, les pertes li\u00e9es aux cartes de cr\u00e9dit devraient atteindre 49 milliards de dollars par an. Les responsables des risques doivent trouver de meilleures solutions pour minimiser les pertes dues \u00e0 la fraude. Au-del\u00e0 de l&#8217;impact financier, les professionnels rencontrent encore des difficult\u00e9s \u00e0 se conformer aux r\u00e9glementations en mati\u00e8re de politique de fraude, dont la mise \u00e0 jour peut prendre de trois \u00e0 six mois, entra\u00eenant un service client d\u00e9grad\u00e9 et un risque d&#8217;amendes r\u00e9glementaires qui peuvent nuir \u00e0 la r\u00e9putation de l&#8217;entreprise.<\/p>\n\n\n\n<p>Capgemini et Waylay se sont associ\u00e9s pour d\u00e9velopper une puissante solution de surveillance des fraudes  gr\u00e2ce au cloud qui combine l&#8217;apprentissage automatique pour minimiser les pertes li\u00e9es \u00e0 la fraude et r\u00e9duire les faux positifs. Elle a la capacit\u00e9 de traiter jusqu&#8217;\u00e0 20 millions de transactions par jour en lots ou en temps r\u00e9el avec un temps de r\u00e9ponse inf\u00e9rieur \u00e0 1ms par transaction.<\/p>\n\n\n\n<p>T\u00e9l\u00e9chargez notre Point de Vue pour passer \u00e0 l&#8217;\u00e9tape suivante dans la d\u00e9tection, la pr\u00e9vention et le suivi proactif de la fraude.<\/p>\n\n\n\n<div class=\"wp-block-buttons is-layout-flex wp-block-buttons-is-layout-flex\">\n<div class=\"wp-block-button is-style-outline is-style-outline--1\"><a class=\"wp-block-button__link wp-element-button\" href=\"https:\/\/go.capgeminigroup.com\/Capgemini-fraud-detection-powered-by-hyperautomation\" target=\"_blank\" rel=\"noreferrer noopener\">T\u00e9l\u00e9chargez<\/a><\/div>\n<\/div>\n\n\n\n<section class=\"wp-block-cg-blocks-intro-para-video section section--info-2cols section--insights section-video\"><div class=\"bg-color video-align-right\"><div class=\"container\"><div class=\"row video-align-left\"><div class=\"col-md-12\"><div class=\"video-align-left row box box--4 box--mini\"><div class=\"col-md-3\"><h3 class=\"Video-title\" data-maxlength=\"34\">Table ronde : risques de fraude<\/h3><div class=\"video-info\"><p data-maxlength=\"68\"><\/p><\/div><\/div><div class=\"col-md-8 box-img-wrapper\"><div class=\"video-box\"><div class=\"video-wrapper\"><iframe title=\"video-section\" src=\"https:\/\/www.youtube.com\/embed\/urESCAwCLWs\" frameborder=\"0\" rel=\"0\" allow=\"accelerometer; autoplay; encrypted-media; gyroscope; picture-in-picture\" allowfullscreen><\/iframe><\/div><\/div><\/div><div class=\"col-md-1\"><\/div><\/div><\/div><\/div><\/div><\/div><\/section>\n<\/div><\/div><\/div><\/div><\/div><\/section>\n","protected":false},"excerpt":{"rendered":"<p>D&#8217;ici 2030, les pertes li\u00e9es aux cartes de cr\u00e9dit devraient atteindre 49 milliards de dollars par an. Les responsables des risques doivent trouver de meilleures solutions pour minimiser les pertes dues \u00e0 la fraude.<\/p>\n","protected":false},"author":33,"featured_media":701993,"parent":696490,"menu_order":0,"comment_status":"closed","ping_status":"closed","template":"","meta":{"cg_dt_proposed_to":[],"cg_seo_hreflang_relations":"[]","cg_seo_canonical_relation":"","cg_seo_hreflang_x_default_relation":"{\"uuid\":\"839bdedc-5575-4e00-9455-f9363ac66d31\",\"blogId\":\"\",\"domain\":\"\",\"sitePath\":\"\",\"postLink\":\"\",\"postId\":null,\"isSaved\":true,\"isCrossLink\":false,\"hasCrossLink\":false}","cg_dt_approved_content":true,"cg_dt_mandatory_content":false,"cg_dt_notes":"","cg_dg_source_changed":true,"cg_dt_link_disabled":false,"_yoast_wpseo_primary_brand":"","footnotes":"","featured_focal_points":"","partner_card_description":"","gsap_animation":0},"brand":[],"partner_type":[],"service":[],"industry":[214,204],"partners":[],"page-type":[266],"content-group":[],"class_list":["post-701992","page","type-page","status-publish","has-post-thumbnail","hentry","industry-assurance","industry-banques","page-type-solutions"],"yoast_head":"<!-- This site is optimized with the Yoast SEO Premium plugin v22.8 (Yoast SEO v22.8) - https:\/\/yoast.com\/wordpress\/plugins\/seo\/ -->\n<title>D\u00e9tection des fraudes gr\u00e2ce \u00e0 l\u2019hyperautomatisation - Capgemini Canada French<\/title>\n<meta name=\"description\" content=\"D&#039;ici 2030, les pertes li\u00e9es aux cartes de cr\u00e9dit devraient atteindre 49 milliards de dollars par an. Les responsables des risques doivent trouver de meilleures solutions pour minimiser les pertes dues \u00e0 la fraude.\" \/>\n<meta name=\"robots\" content=\"index, follow, max-snippet:-1, max-image-preview:large, max-video-preview:-1\" \/>\n<link rel=\"canonical\" href=\"https:\/\/www.capgemini.com\/ca-fr\/solutions\/fraud-detection-powered-by-hyperautomation\/\" \/>\n<meta property=\"og:locale\" content=\"fr_FR\" \/>\n<meta property=\"og:type\" content=\"article\" \/>\n<meta property=\"og:title\" content=\"D\u00e9tection des fraudes gr\u00e2ce \u00e0 l\u2019hyperautomatisation\" \/>\n<meta property=\"og:description\" content=\"D&#039;ici 2030, les pertes li\u00e9es aux cartes de cr\u00e9dit devraient atteindre 49 milliards de dollars par an. Les responsables des risques doivent trouver de meilleures solutions pour minimiser les pertes dues \u00e0 la fraude.\" \/>\n<meta property=\"og:url\" content=\"https:\/\/www.capgemini.com\/ca-fr\/solutions\/fraud-detection-powered-by-hyperautomation\/\" \/>\n<meta property=\"og:site_name\" content=\"Capgemini Canada French\" \/>\n<meta property=\"article:modified_time\" content=\"2025-04-01T06:22:07+00:00\" \/>\n<meta property=\"og:image\" content=\"https:\/\/www.capgemini.com\/ca-fr\/wp-content\/uploads\/sites\/21\/2025\/10\/New-Web-preview-global.jpg\" \/>\n\t<meta property=\"og:image:width\" content=\"1200\" \/>\n\t<meta property=\"og:image:height\" content=\"627\" \/>\n\t<meta property=\"og:image:type\" content=\"image\/jpeg\" \/>\n<meta name=\"twitter:card\" content=\"summary_large_image\" \/>\n<meta name=\"twitter:label1\" content=\"Est. reading time\" \/>\n\t<meta name=\"twitter:data1\" content=\"2 minutes\" \/>\n<script type=\"application\/ld+json\" class=\"yoast-schema-graph\">{\"@context\":\"https:\/\/schema.org\",\"@graph\":[{\"@type\":\"WebPage\",\"@id\":\"https:\/\/www.capgemini.com\/ca-fr\/solutions\/fraud-detection-powered-by-hyperautomation\/\",\"url\":\"https:\/\/www.capgemini.com\/ca-fr\/solutions\/fraud-detection-powered-by-hyperautomation\/\",\"name\":\"D\u00e9tection des fraudes gr\u00e2ce \u00e0 l\u2019hyperautomatisation - Capgemini Canada French\",\"isPartOf\":{\"@id\":\"https:\/\/www.capgemini.com\/ca-fr\/#website\"},\"primaryImageOfPage\":{\"@id\":\"https:\/\/www.capgemini.com\/ca-fr\/solutions\/fraud-detection-powered-by-hyperautomation\/#primaryimage\"},\"image\":{\"@id\":\"https:\/\/www.capgemini.com\/ca-fr\/solutions\/fraud-detection-powered-by-hyperautomation\/#primaryimage\"},\"thumbnailUrl\":\"https:\/\/www.capgemini.com\/ca-fr\/wp-content\/uploads\/sites\/21\/2023\/11\/Fraud_Monitoring-Web_Background.jpg\",\"datePublished\":\"2023-11-10T10:07:15+00:00\",\"dateModified\":\"2025-04-01T06:22:07+00:00\",\"description\":\"D'ici 2030, les pertes li\u00e9es aux cartes de cr\u00e9dit devraient atteindre 49 milliards de dollars par an. Les responsables des risques doivent trouver de meilleures solutions pour minimiser les pertes dues \u00e0 la fraude.\",\"breadcrumb\":{\"@id\":\"https:\/\/www.capgemini.com\/ca-fr\/solutions\/fraud-detection-powered-by-hyperautomation\/#breadcrumb\"},\"inLanguage\":\"fr-FR\",\"potentialAction\":[{\"@type\":\"ReadAction\",\"target\":[\"https:\/\/www.capgemini.com\/ca-fr\/solutions\/fraud-detection-powered-by-hyperautomation\/\"]}]},{\"@type\":\"ImageObject\",\"inLanguage\":\"fr-FR\",\"@id\":\"https:\/\/www.capgemini.com\/ca-fr\/solutions\/fraud-detection-powered-by-hyperautomation\/#primaryimage\",\"url\":\"https:\/\/www.capgemini.com\/ca-fr\/wp-content\/uploads\/sites\/21\/2023\/11\/Fraud_Monitoring-Web_Background.jpg\",\"contentUrl\":\"https:\/\/www.capgemini.com\/ca-fr\/wp-content\/uploads\/sites\/21\/2023\/11\/Fraud_Monitoring-Web_Background.jpg\",\"width\":2880,\"height\":1800},{\"@type\":\"BreadcrumbList\",\"@id\":\"https:\/\/www.capgemini.com\/ca-fr\/solutions\/fraud-detection-powered-by-hyperautomation\/#breadcrumb\",\"itemListElement\":[{\"@type\":\"ListItem\",\"position\":1,\"name\":\"Home\",\"item\":\"https:\/\/www.capgemini.com\/ca-fr\/\"},{\"@type\":\"ListItem\",\"position\":2,\"name\":\"Solutions\",\"item\":\"https:\/\/www.capgemini.com\/ca-fr\/solutions\/\"},{\"@type\":\"ListItem\",\"position\":3,\"name\":\"D\u00e9tection des fraudes gr\u00e2ce \u00e0 l\u2019hyperautomatisation\"}]},{\"@type\":\"WebSite\",\"@id\":\"https:\/\/www.capgemini.com\/ca-fr\/#website\",\"url\":\"https:\/\/www.capgemini.com\/ca-fr\/\",\"name\":\"Capgemini Canada French\",\"description\":\"Capgemini\",\"potentialAction\":[{\"@type\":\"SearchAction\",\"target\":{\"@type\":\"EntryPoint\",\"urlTemplate\":\"https:\/\/www.capgemini.com\/ca-fr\/?s={search_term_string}\"},\"query-input\":\"required name=search_term_string\"}],\"inLanguage\":\"fr-FR\"}]}<\/script>\n<!-- \/ Yoast SEO Premium plugin. -->","yoast_head_json":{"title":"D\u00e9tection des fraudes gr\u00e2ce \u00e0 l\u2019hyperautomatisation - Capgemini Canada French","description":"D'ici 2030, les pertes li\u00e9es aux cartes de cr\u00e9dit devraient atteindre 49 milliards de dollars par an. Les responsables des risques doivent trouver de meilleures solutions pour minimiser les pertes dues \u00e0 la fraude.","robots":{"index":"index","follow":"follow","max-snippet":"max-snippet:-1","max-image-preview":"max-image-preview:large","max-video-preview":"max-video-preview:-1"},"canonical":"https:\/\/www.capgemini.com\/ca-fr\/solutions\/fraud-detection-powered-by-hyperautomation\/","og_locale":"fr_FR","og_type":"article","og_title":"D\u00e9tection des fraudes gr\u00e2ce \u00e0 l\u2019hyperautomatisation","og_description":"D'ici 2030, les pertes li\u00e9es aux cartes de cr\u00e9dit devraient atteindre 49 milliards de dollars par an. Les responsables des risques doivent trouver de meilleures solutions pour minimiser les pertes dues \u00e0 la fraude.","og_url":"https:\/\/www.capgemini.com\/ca-fr\/solutions\/fraud-detection-powered-by-hyperautomation\/","og_site_name":"Capgemini Canada French","article_modified_time":"2025-04-01T06:22:07+00:00","og_image":[{"width":1200,"height":627,"url":"https:\/\/www.capgemini.com\/ca-fr\/wp-content\/uploads\/sites\/21\/2025\/10\/New-Web-preview-global.jpg","type":"image\/jpeg"}],"twitter_card":"summary_large_image","twitter_misc":{"Est. reading time":"2 minutes"},"schema":{"@context":"https:\/\/schema.org","@graph":[{"@type":"WebPage","@id":"https:\/\/www.capgemini.com\/ca-fr\/solutions\/fraud-detection-powered-by-hyperautomation\/","url":"https:\/\/www.capgemini.com\/ca-fr\/solutions\/fraud-detection-powered-by-hyperautomation\/","name":"D\u00e9tection des fraudes gr\u00e2ce \u00e0 l\u2019hyperautomatisation - Capgemini Canada French","isPartOf":{"@id":"https:\/\/www.capgemini.com\/ca-fr\/#website"},"primaryImageOfPage":{"@id":"https:\/\/www.capgemini.com\/ca-fr\/solutions\/fraud-detection-powered-by-hyperautomation\/#primaryimage"},"image":{"@id":"https:\/\/www.capgemini.com\/ca-fr\/solutions\/fraud-detection-powered-by-hyperautomation\/#primaryimage"},"thumbnailUrl":"https:\/\/www.capgemini.com\/ca-fr\/wp-content\/uploads\/sites\/21\/2023\/11\/Fraud_Monitoring-Web_Background.jpg","datePublished":"2023-11-10T10:07:15+00:00","dateModified":"2025-04-01T06:22:07+00:00","description":"D'ici 2030, les pertes li\u00e9es aux cartes de cr\u00e9dit devraient atteindre 49 milliards de dollars par an. Les responsables des risques doivent trouver de meilleures solutions pour minimiser les pertes dues \u00e0 la fraude.","breadcrumb":{"@id":"https:\/\/www.capgemini.com\/ca-fr\/solutions\/fraud-detection-powered-by-hyperautomation\/#breadcrumb"},"inLanguage":"fr-FR","potentialAction":[{"@type":"ReadAction","target":["https:\/\/www.capgemini.com\/ca-fr\/solutions\/fraud-detection-powered-by-hyperautomation\/"]}]},{"@type":"ImageObject","inLanguage":"fr-FR","@id":"https:\/\/www.capgemini.com\/ca-fr\/solutions\/fraud-detection-powered-by-hyperautomation\/#primaryimage","url":"https:\/\/www.capgemini.com\/ca-fr\/wp-content\/uploads\/sites\/21\/2023\/11\/Fraud_Monitoring-Web_Background.jpg","contentUrl":"https:\/\/www.capgemini.com\/ca-fr\/wp-content\/uploads\/sites\/21\/2023\/11\/Fraud_Monitoring-Web_Background.jpg","width":2880,"height":1800},{"@type":"BreadcrumbList","@id":"https:\/\/www.capgemini.com\/ca-fr\/solutions\/fraud-detection-powered-by-hyperautomation\/#breadcrumb","itemListElement":[{"@type":"ListItem","position":1,"name":"Home","item":"https:\/\/www.capgemini.com\/ca-fr\/"},{"@type":"ListItem","position":2,"name":"Solutions","item":"https:\/\/www.capgemini.com\/ca-fr\/solutions\/"},{"@type":"ListItem","position":3,"name":"D\u00e9tection des fraudes gr\u00e2ce \u00e0 l\u2019hyperautomatisation"}]},{"@type":"WebSite","@id":"https:\/\/www.capgemini.com\/ca-fr\/#website","url":"https:\/\/www.capgemini.com\/ca-fr\/","name":"Capgemini Canada French","description":"Capgemini","potentialAction":[{"@type":"SearchAction","target":{"@type":"EntryPoint","urlTemplate":"https:\/\/www.capgemini.com\/ca-fr\/?s={search_term_string}"},"query-input":"required name=search_term_string"}],"inLanguage":"fr-FR"}]}},"brand_term":[],"parsely":{"version":"1.1.0","canonical_url":"https:\/\/capgemini.com\/ca-fr\/solutions\/fraud-detection-powered-by-hyperautomation\/","smart_links":{"inbound":0,"outbound":0},"traffic_boost_suggestions_count":0,"meta":{"@context":"https:\/\/schema.org","@type":"WebPage","headline":"D\u00e9tection des fraudes gr\u00e2ce \u00e0 l\u2019hyperautomatisation","url":"https:\/\/www.capgemini.com\/ca-fr\/solutions\/fraud-detection-powered-by-hyperautomation\/","mainEntityOfPage":{"@type":"WebPage","@id":"https:\/\/www.capgemini.com\/ca-fr\/solutions\/fraud-detection-powered-by-hyperautomation\/"},"thumbnailUrl":"https:\/\/www.capgemini.com\/ca-fr\/wp-content\/uploads\/sites\/21\/2023\/11\/Fraud_Monitoring-Web_Background.jpg?w=150&h=150&crop=1","image":{"@type":"ImageObject","url":"https:\/\/www.capgemini.com\/ca-fr\/wp-content\/uploads\/sites\/21\/2023\/11\/Fraud_Monitoring-Web_Background.jpg"},"articleSection":"Uncategorized","author":[],"creator":[],"publisher":{"@type":"Organization","name":"Capgemini Canada French","logo":""},"keywords":[],"dateCreated":"2023-11-10T10:07:15Z","datePublished":"2023-11-10T10:07:15Z","dateModified":"2025-04-01T06:22:07Z"},"rendered":"<meta name=\"parsely-title\" content=\"D\u00e9tection des fraudes gr\u00e2ce \u00e0 l\u2019hyperautomatisation\" \/>\n<meta name=\"parsely-link\" content=\"https:\/\/www.capgemini.com\/ca-fr\/solutions\/fraud-detection-powered-by-hyperautomation\/\" \/>\n<meta name=\"parsely-type\" content=\"index\" \/>\n<meta name=\"parsely-image-url\" content=\"https:\/\/www.capgemini.com\/ca-fr\/wp-content\/uploads\/sites\/21\/2023\/11\/Fraud_Monitoring-Web_Background.jpg?w=150&amp;h=150&amp;crop=1\" \/>\n<meta name=\"parsely-pub-date\" content=\"2023-11-10T10:07:15Z\" \/>\n<meta name=\"parsely-section\" content=\"Uncategorized\" \/>","tracker_url":"https:\/\/cdn.parsely.com\/keys\/capgemini.com\/p.js"},"archive_status":false,"featured_image_src":"https:\/\/www.capgemini.com\/ca-fr\/wp-content\/uploads\/sites\/21\/2023\/11\/Fraud_Monitoring-Web_Background.jpg","featured_image_alt":"","jetpack_sharing_enabled":true,"distributor_meta":false,"distributor_terms":false,"distributor_media":false,"distributor_original_site_name":"Capgemini Canada French","distributor_original_site_url":"https:\/\/www.capgemini.com\/ca-fr","push-errors":false,"_links":{"self":[{"href":"https:\/\/www.capgemini.com\/ca-fr\/wp-json\/wp\/v2\/pages\/701992","targetHints":{"allow":["GET"]}}],"collection":[{"href":"https:\/\/www.capgemini.com\/ca-fr\/wp-json\/wp\/v2\/pages"}],"about":[{"href":"https:\/\/www.capgemini.com\/ca-fr\/wp-json\/wp\/v2\/types\/page"}],"author":[{"embeddable":true,"href":"https:\/\/www.capgemini.com\/ca-fr\/wp-json\/wp\/v2\/users\/33"}],"replies":[{"embeddable":true,"href":"https:\/\/www.capgemini.com\/ca-fr\/wp-json\/wp\/v2\/comments?post=701992"}],"version-history":[{"count":3,"href":"https:\/\/www.capgemini.com\/ca-fr\/wp-json\/wp\/v2\/pages\/701992\/revisions"}],"predecessor-version":[{"id":708569,"href":"https:\/\/www.capgemini.com\/ca-fr\/wp-json\/wp\/v2\/pages\/701992\/revisions\/708569"}],"up":[{"embeddable":true,"href":"https:\/\/www.capgemini.com\/ca-fr\/wp-json\/wp\/v2\/pages\/696490"}],"wp:featuredmedia":[{"embeddable":true,"href":"https:\/\/www.capgemini.com\/ca-fr\/wp-json\/wp\/v2\/media\/701993"}],"wp:attachment":[{"href":"https:\/\/www.capgemini.com\/ca-fr\/wp-json\/wp\/v2\/media?parent=701992"}],"wp:term":[{"taxonomy":"brand","embeddable":true,"href":"https:\/\/www.capgemini.com\/ca-fr\/wp-json\/wp\/v2\/brand?post=701992"},{"taxonomy":"partner_type","embeddable":true,"href":"https:\/\/www.capgemini.com\/ca-fr\/wp-json\/wp\/v2\/partner_type?post=701992"},{"taxonomy":"service","embeddable":true,"href":"https:\/\/www.capgemini.com\/ca-fr\/wp-json\/wp\/v2\/service?post=701992"},{"taxonomy":"industry","embeddable":true,"href":"https:\/\/www.capgemini.com\/ca-fr\/wp-json\/wp\/v2\/industry?post=701992"},{"taxonomy":"partners","embeddable":true,"href":"https:\/\/www.capgemini.com\/ca-fr\/wp-json\/wp\/v2\/partners?post=701992"},{"taxonomy":"page-type","embeddable":true,"href":"https:\/\/www.capgemini.com\/ca-fr\/wp-json\/wp\/v2\/page-type?post=701992"},{"taxonomy":"content-group","embeddable":true,"href":"https:\/\/www.capgemini.com\/ca-fr\/wp-json\/wp\/v2\/content-group?post=701992"}],"curies":[{"name":"wp","href":"https:\/\/api.w.org\/{rel}","templated":true}]}}