{"id":700822,"date":"2023-10-31T14:13:53","date_gmt":"2023-10-31T14:13:53","guid":{"rendered":"https:\/\/www.capgemini.com\/ca-fr\/?page_id=700822&#038;preview_id=700822"},"modified":"2025-04-01T04:36:00","modified_gmt":"2025-04-01T04:36:00","slug":"industry-net-zero-accelerator","status":"publish","type":"page","link":"https:\/\/www.capgemini.com\/ca-fr\/solutions\/industry-net-zero-accelerator\/","title":{"rendered":"Industry net zero accelerator"},"content":{"rendered":"\n<div class=\"wp-block-cg-blocks-hero-picture-card undefined  heroPictureCard\"><div class=\"heroPictureCardBgs\"><picture><source srcset=\"https:\/\/www.capgemini.com\/wp-content\/uploads\/2023\/01\/pexels-fox-212324.jpg?w=2880&amp;quality=70 1x, https:\/\/www.capgemini.com\/wp-content\/uploads\/2023\/01\/pexels-fox-212324.jpg?w=2880&amp;quality=70 2x\" media=\"(min-width: 1500px)\"\/><source srcset=\"https:\/\/www.capgemini.com\/wp-content\/uploads\/2023\/01\/pexels-fox-212324.jpg?w=1440&amp;quality=70 1x, https:\/\/www.capgemini.com\/wp-content\/uploads\/2023\/01\/pexels-fox-212324.jpg?w=2880&amp;quality=70 2x\" media=\"(min-width: 992px)\"\/><source srcset=\"https:\/\/www.capgemini.com\/wp-content\/uploads\/2023\/01\/pexels-fox-212324.jpg?w=1024&amp;quality=70 1x, https:\/\/www.capgemini.com\/wp-content\/uploads\/2023\/01\/pexels-fox-212324.jpg?w=1024&amp;quality=70 2x\" media=\"(min-width: 768px)\"\/><source srcset=\"https:\/\/www.capgemini.com\/wp-content\/uploads\/2023\/01\/pexels-fox-212324.jpg?w=768&amp;quality=70 1x, https:\/\/www.capgemini.com\/wp-content\/uploads\/2023\/01\/pexels-fox-212324.jpg?w=768&amp;quality=70 2x\" media=\"(min-width: 0)\"\/><img decoding=\"async\" src=\"https:\/\/www.capgemini.com\/wp-content\/uploads\/2023\/01\/pexels-fox-212324.jpg\" class=\"desktopImage\" alt=\"\" style=\"object-fit:cover;object-position:50% 50%\" loading=\"eager\"\/><\/picture><picture><source srcset=\"https:\/\/www.capgemini.com\/wp-content\/uploads\/2023\/01\/pexels-fox-212324.jpg?w=2880&amp;quality=70 1x, https:\/\/www.capgemini.com\/wp-content\/uploads\/2023\/01\/pexels-fox-212324.jpg?w=2880&amp;quality=70 2x\" media=\"(min-width: 1500px)\"\/><source srcset=\"https:\/\/www.capgemini.com\/wp-content\/uploads\/2023\/01\/pexels-fox-212324.jpg?w=1440&amp;quality=70 1x, https:\/\/www.capgemini.com\/wp-content\/uploads\/2023\/01\/pexels-fox-212324.jpg?w=2880&amp;quality=70 2x\" media=\"(min-width: 992px)\"\/><source srcset=\"https:\/\/www.capgemini.com\/wp-content\/uploads\/2023\/01\/pexels-fox-212324.jpg?w=1024&amp;quality=70 1x, https:\/\/www.capgemini.com\/wp-content\/uploads\/2023\/01\/pexels-fox-212324.jpg?w=1024&amp;quality=70 2x\" media=\"(min-width: 768px)\"\/><source srcset=\"https:\/\/www.capgemini.com\/wp-content\/uploads\/2023\/01\/pexels-fox-212324.jpg?w=768&amp;quality=70 1x, https:\/\/www.capgemini.com\/wp-content\/uploads\/2023\/01\/pexels-fox-212324.jpg?w=768&amp;quality=70 2x\" media=\"(min-width: 0)\"\/><img decoding=\"async\" src=\"https:\/\/www.capgemini.com\/wp-content\/uploads\/2023\/01\/pexels-fox-212324.jpg\" class=\"mobileImage\" alt=\"\" style=\"object-fit:cover;object-position:50% 50%\" loading=\"eager\"\/><\/picture><\/div><div class=\"heroPictureCardHeaderShape\"><\/div><div class=\"container\"><div class=\"row\"><div class=\"col-md-8 col-lg-6\"><div class=\"heroPictureCardBox\"><div class=\"heroPictureCardBoxTitle\"><h1 data-maxlength=\"144\">Industry net zero accelerator<\/h1><\/div><\/div><\/div><\/div><\/div><div class=\"small-device\"><div class=\"brandLogoWrapper\"> <\/div><\/div><\/div>\n\n\n\n<section class=\"wp-block-cg-blocks-group undefined section section--article-content\"><div class=\"article-main-content\"><div class=\"container\"><div class=\"row\"><div class=\"col-12 col-md-1\"><nav class=\"article-social\"><ul class=\"social-nav\"><li class=\"ip-order-fb\"><a href=\"https:\/\/www.facebook.com\/sharer\/sharer.php?u=https:\/\/www.capgemini.com\/?page_id=845770&amp;preview_id=845770\" target=\"_blank\" rel=\"noopener noreferrer\" title=\"Ouvrir dans une nouvelle fen\u00eatre\"><i aria-hidden=\"true\" class=\"icon-fb\"><\/i><span class=\"sr-only\">Facebook<\/span><\/a><\/li><li class=\"ip-order-tw\"><a href=\"https:\/\/twitter.com\/intent\/tweet?url=https:\/\/www.capgemini.com\/?page_id=845770&amp;preview_id=845770&amp;text=Industry%20Net%20Zero%20Accelerator\" target=\"_blank\" rel=\"noopener noreferrer\" title=\"Ouvrir dans une nouvelle fen\u00eatre\"><i aria-hidden=\"true\" class=\"icon-tw\"><\/i><span class=\"sr-only\">Twitter<\/span><\/a><\/li><li class=\"ip-order-li\"><a href=\"https:\/\/www.linkedin.com\/shareArticle?url=https:\/\/www.capgemini.com\/?page_id=845770&amp;preview_id=845770&amp;text=Industry%20Net%20Zero%20Accelerator\" target=\"_blank\" rel=\"noopener noreferrer\" title=\"Ouvrir dans une nouvelle fen\u00eatre\"><i aria-hidden=\"true\" class=\"icon-li\"><\/i><span class=\"sr-only\">Linkedin<\/span><\/a><\/li><\/ul><\/nav><\/div><div class=\"col-12 col-md-11 col-lg-10\"><div class=\"article-text article-quote-text\">\n<p>Repr\u00e9sentant pr\u00e8s de 30% des \u00e9missions mondiales des gaz \u00e0 effet de serre (GES), atteindre le net z\u00e9ro dans l\u2019industrie manufacturi\u00e8re, et sur toute sa chaine de valeur, sera l\u2019un des d\u00e9fis les plus importants et les plus difficiles \u00e0 relever de notre \u00e9poque.<\/p>\n\n\n\n<p>Capgemini a co-dirig\u00e9 le lancement de l&#8217;initiative de l\u2019Industry Net Zero Accelerator initiative en collaboration avec le Forum \u00e9conomique mondial, Siemens, Rockwell Automation et Cambridge Industrial Innovation Policy (Institute for Manufacturing, University of Cambridge) &#8211; une collaboration exceptionnelle avec une communaut\u00e9 croissante de plus de 20 leaders industriels, des sp\u00e9cialistes de la technologie et des experts universitaires, afin de mettre en place des solutions concr\u00e8tes pour la d\u00e9carbonisation du secteur.<\/p>\n\n\n\n<p>Cette initiative vise \u00e0 cr\u00e9er un espace interprofessionnel afin de guider l&#8217;action strat\u00e9gique des leaders de l&#8217;industrie et de soutenir les collaborations syst\u00e9miques pour r\u00e9soudre les d\u00e9fis concrets sur la voie du net z\u00e9ro.<\/p>\n\n\n\n<div style=\"height:40px\" aria-hidden=\"true\" class=\"wp-block-spacer\"><\/div>\n\n\n\n<div class=\"wp-block-media-text alignwide has-media-on-the-right is-stacked-on-mobile\" style=\"grid-template-columns:auto 25%\"><div class=\"wp-block-media-text__content\">\n<h3 class=\"wp-block-heading\" id=\"h-industry-net-zero-accelerator-initiative-livre-blanc\">Industry Net Zero Accelerator Initiative &#8211; Livre Blanc<\/h3>\n\n\n\n<p>Le cadre d\u2019action \u00ab sans excuse \u00bb pour acc\u00e9l\u00e9rer la transition vers une industrie manufacturi\u00e8re et des chaines de valeur nette z\u00e9ro.<\/p>\n\n\n\n<div class=\"wp-block-buttons is-layout-flex wp-block-buttons-is-layout-flex\">\n<div class=\"wp-block-button\"><a class=\"wp-block-button__link wp-element-button\" href=\"https:\/\/www.weforum.org\/whitepapers\/the-no-excuse-framework-to-accelerate-the-path-to-net-zero-manufacturing-and-value-chains\" target=\"_blank\" rel=\"noreferrer noopener\">T\u00e9l\u00e9chargez le livre blanc<\/a><\/div>\n<\/div>\n<\/div><figure class=\"wp-block-media-text__media\"><a href=\"https:\/\/www.weforum.org\/whitepapers\/the-no-excuse-framework-to-accelerate-the-path-to-net-zero-manufacturing-and-value-chains\"><img decoding=\"async\" src=\"https:\/\/www.capgemini.com\/wp-content\/uploads\/2023\/01\/227421_Industry_Net_Zero_Accelerator_white_paper_Jan_2023_CONFIDENTIAL1024_1.jpg?w=212\" alt=\"\" class=\"wp-image-845778 size-medium\"\/><\/a><\/figure><\/div>\n<\/div><\/div><\/div><\/div><\/div><\/section>\n","protected":false},"excerpt":{"rendered":"<p>Capgemini a co-dirig\u00e9 le lancement de l\u2019Industry Net Zero Accelerator initiative en collaboration avec le Forum \u00e9conomique mondial, Siemens, Rockwell Automation et Cambridge Industrial Innovation Policy (Institute for Manufacturing, University of Cambridge).<\/p>\n","protected":false},"author":151,"featured_media":700823,"parent":696490,"menu_order":0,"comment_status":"closed","ping_status":"closed","template":"","meta":{"cg_dt_proposed_to":[],"cg_seo_hreflang_relations":"[]","cg_seo_canonical_relation":"","cg_seo_hreflang_x_default_relation":"{\"uuid\":\"5c5c35c7-42e6-48fc-97d3-4434ff8481f9\",\"blogId\":\"\",\"domain\":\"\",\"sitePath\":\"\",\"postLink\":\"\",\"postId\":null,\"isSaved\":true,\"isCrossLink\":false,\"hasCrossLink\":false}","cg_dt_approved_content":true,"cg_dt_mandatory_content":false,"cg_dt_notes":"","cg_dg_source_changed":true,"cg_dt_link_disabled":false,"_yoast_wpseo_primary_brand":"58","footnotes":"","featured_focal_points":"","partner_card_description":"","gsap_animation":0},"brand":[58],"partner_type":[],"service":[189,105],"industry":[195],"partners":[],"page-type":[266],"content-group":[],"class_list":["post-700822","page","type-page","status-publish","has-post-thumbnail","hentry","brand-capgemini","service-developpement-durable","service-intelligent-industry","industry-industries","page-type-solutions"],"yoast_head":"<!-- This site is optimized with the Yoast SEO Premium plugin v22.8 (Yoast SEO v22.8) - https:\/\/yoast.com\/wordpress\/plugins\/seo\/ -->\n<title>Industry net zero accelerator - Capgemini Canada French<\/title>\n<meta name=\"description\" content=\"Capgemini a co-dirig\u00e9 le lancement de l\u2019Industry Net Zero Accelerator initiative en collaboration avec le Forum \u00e9conomique mondial.\" \/>\n<meta name=\"robots\" content=\"index, follow, max-snippet:-1, max-image-preview:large, max-video-preview:-1\" \/>\n<link rel=\"canonical\" href=\"https:\/\/www.capgemini.com\/ca-fr\/solutions\/industry-net-zero-accelerator\/\" \/>\n<meta property=\"og:locale\" content=\"fr_FR\" \/>\n<meta property=\"og:type\" content=\"article\" \/>\n<meta property=\"og:title\" content=\"Industry net zero accelerator\" \/>\n<meta property=\"og:description\" content=\"Capgemini a co-dirig\u00e9 le lancement de l\u2019Industry Net Zero Accelerator initiative en collaboration avec le Forum \u00e9conomique mondial.\" \/>\n<meta property=\"og:url\" content=\"https:\/\/www.capgemini.com\/ca-fr\/solutions\/industry-net-zero-accelerator\/\" \/>\n<meta property=\"og:site_name\" content=\"Capgemini Canada French\" \/>\n<meta property=\"article:modified_time\" content=\"2025-04-01T04:36:00+00:00\" \/>\n<meta property=\"og:image\" content=\"https:\/\/www.capgemini.com\/ca-fr\/wp-content\/uploads\/sites\/21\/2025\/10\/New-Web-preview-global.jpg\" \/>\n\t<meta property=\"og:image:width\" content=\"1200\" \/>\n\t<meta property=\"og:image:height\" content=\"627\" \/>\n\t<meta property=\"og:image:type\" content=\"image\/jpeg\" \/>\n<meta name=\"twitter:card\" content=\"summary_large_image\" \/>\n<meta name=\"twitter:label1\" content=\"Est. reading time\" \/>\n\t<meta name=\"twitter:data1\" content=\"2 minutes\" \/>\n<script type=\"application\/ld+json\" class=\"yoast-schema-graph\">{\"@context\":\"https:\/\/schema.org\",\"@graph\":[{\"@type\":\"WebPage\",\"@id\":\"https:\/\/www.capgemini.com\/ca-fr\/solutions\/industry-net-zero-accelerator\/\",\"url\":\"https:\/\/www.capgemini.com\/ca-fr\/solutions\/industry-net-zero-accelerator\/\",\"name\":\"Industry net zero accelerator - Capgemini Canada French\",\"isPartOf\":{\"@id\":\"https:\/\/www.capgemini.com\/ca-fr\/#website\"},\"primaryImageOfPage\":{\"@id\":\"https:\/\/www.capgemini.com\/ca-fr\/solutions\/industry-net-zero-accelerator\/#primaryimage\"},\"image\":{\"@id\":\"https:\/\/www.capgemini.com\/ca-fr\/solutions\/industry-net-zero-accelerator\/#primaryimage\"},\"thumbnailUrl\":\"https:\/\/www.capgemini.com\/ca-fr\/wp-content\/uploads\/sites\/21\/2023\/10\/pexels-fox-212324.jpg\",\"datePublished\":\"2023-10-31T14:13:53+00:00\",\"dateModified\":\"2025-04-01T04:36:00+00:00\",\"description\":\"Capgemini a co-dirig\u00e9 le lancement de l\u2019Industry Net Zero Accelerator initiative en collaboration avec le Forum \u00e9conomique mondial.\",\"breadcrumb\":{\"@id\":\"https:\/\/www.capgemini.com\/ca-fr\/solutions\/industry-net-zero-accelerator\/#breadcrumb\"},\"inLanguage\":\"fr-FR\",\"potentialAction\":[{\"@type\":\"ReadAction\",\"target\":[\"https:\/\/www.capgemini.com\/ca-fr\/solutions\/industry-net-zero-accelerator\/\"]}]},{\"@type\":\"ImageObject\",\"inLanguage\":\"fr-FR\",\"@id\":\"https:\/\/www.capgemini.com\/ca-fr\/solutions\/industry-net-zero-accelerator\/#primaryimage\",\"url\":\"https:\/\/www.capgemini.com\/ca-fr\/wp-content\/uploads\/sites\/21\/2023\/10\/pexels-fox-212324.jpg\",\"contentUrl\":\"https:\/\/www.capgemini.com\/ca-fr\/wp-content\/uploads\/sites\/21\/2023\/10\/pexels-fox-212324.jpg\",\"width\":3600,\"height\":2400},{\"@type\":\"BreadcrumbList\",\"@id\":\"https:\/\/www.capgemini.com\/ca-fr\/solutions\/industry-net-zero-accelerator\/#breadcrumb\",\"itemListElement\":[{\"@type\":\"ListItem\",\"position\":1,\"name\":\"Home\",\"item\":\"https:\/\/www.capgemini.com\/ca-fr\/\"},{\"@type\":\"ListItem\",\"position\":2,\"name\":\"Solutions\",\"item\":\"https:\/\/www.capgemini.com\/ca-fr\/solutions\/\"},{\"@type\":\"ListItem\",\"position\":3,\"name\":\"Industry net zero accelerator\"}]},{\"@type\":\"WebSite\",\"@id\":\"https:\/\/www.capgemini.com\/ca-fr\/#website\",\"url\":\"https:\/\/www.capgemini.com\/ca-fr\/\",\"name\":\"Capgemini Canada French\",\"description\":\"Capgemini\",\"potentialAction\":[{\"@type\":\"SearchAction\",\"target\":{\"@type\":\"EntryPoint\",\"urlTemplate\":\"https:\/\/www.capgemini.com\/ca-fr\/?s={search_term_string}\"},\"query-input\":\"required name=search_term_string\"}],\"inLanguage\":\"fr-FR\"}]}<\/script>\n<!-- \/ Yoast SEO Premium plugin. -->","yoast_head_json":{"title":"Industry net zero accelerator - Capgemini Canada French","description":"Capgemini a co-dirig\u00e9 le lancement de l\u2019Industry Net Zero Accelerator initiative en collaboration avec le Forum \u00e9conomique mondial.","robots":{"index":"index","follow":"follow","max-snippet":"max-snippet:-1","max-image-preview":"max-image-preview:large","max-video-preview":"max-video-preview:-1"},"canonical":"https:\/\/www.capgemini.com\/ca-fr\/solutions\/industry-net-zero-accelerator\/","og_locale":"fr_FR","og_type":"article","og_title":"Industry net zero accelerator","og_description":"Capgemini a co-dirig\u00e9 le lancement de l\u2019Industry Net Zero Accelerator initiative en collaboration avec le Forum \u00e9conomique mondial.","og_url":"https:\/\/www.capgemini.com\/ca-fr\/solutions\/industry-net-zero-accelerator\/","og_site_name":"Capgemini Canada French","article_modified_time":"2025-04-01T04:36:00+00:00","og_image":[{"width":1200,"height":627,"url":"https:\/\/www.capgemini.com\/ca-fr\/wp-content\/uploads\/sites\/21\/2025\/10\/New-Web-preview-global.jpg","type":"image\/jpeg"}],"twitter_card":"summary_large_image","twitter_misc":{"Est. reading time":"2 minutes"},"schema":{"@context":"https:\/\/schema.org","@graph":[{"@type":"WebPage","@id":"https:\/\/www.capgemini.com\/ca-fr\/solutions\/industry-net-zero-accelerator\/","url":"https:\/\/www.capgemini.com\/ca-fr\/solutions\/industry-net-zero-accelerator\/","name":"Industry net zero accelerator - Capgemini Canada French","isPartOf":{"@id":"https:\/\/www.capgemini.com\/ca-fr\/#website"},"primaryImageOfPage":{"@id":"https:\/\/www.capgemini.com\/ca-fr\/solutions\/industry-net-zero-accelerator\/#primaryimage"},"image":{"@id":"https:\/\/www.capgemini.com\/ca-fr\/solutions\/industry-net-zero-accelerator\/#primaryimage"},"thumbnailUrl":"https:\/\/www.capgemini.com\/ca-fr\/wp-content\/uploads\/sites\/21\/2023\/10\/pexels-fox-212324.jpg","datePublished":"2023-10-31T14:13:53+00:00","dateModified":"2025-04-01T04:36:00+00:00","description":"Capgemini a co-dirig\u00e9 le lancement de l\u2019Industry Net Zero Accelerator initiative en collaboration avec le Forum \u00e9conomique mondial.","breadcrumb":{"@id":"https:\/\/www.capgemini.com\/ca-fr\/solutions\/industry-net-zero-accelerator\/#breadcrumb"},"inLanguage":"fr-FR","potentialAction":[{"@type":"ReadAction","target":["https:\/\/www.capgemini.com\/ca-fr\/solutions\/industry-net-zero-accelerator\/"]}]},{"@type":"ImageObject","inLanguage":"fr-FR","@id":"https:\/\/www.capgemini.com\/ca-fr\/solutions\/industry-net-zero-accelerator\/#primaryimage","url":"https:\/\/www.capgemini.com\/ca-fr\/wp-content\/uploads\/sites\/21\/2023\/10\/pexels-fox-212324.jpg","contentUrl":"https:\/\/www.capgemini.com\/ca-fr\/wp-content\/uploads\/sites\/21\/2023\/10\/pexels-fox-212324.jpg","width":3600,"height":2400},{"@type":"BreadcrumbList","@id":"https:\/\/www.capgemini.com\/ca-fr\/solutions\/industry-net-zero-accelerator\/#breadcrumb","itemListElement":[{"@type":"ListItem","position":1,"name":"Home","item":"https:\/\/www.capgemini.com\/ca-fr\/"},{"@type":"ListItem","position":2,"name":"Solutions","item":"https:\/\/www.capgemini.com\/ca-fr\/solutions\/"},{"@type":"ListItem","position":3,"name":"Industry net zero accelerator"}]},{"@type":"WebSite","@id":"https:\/\/www.capgemini.com\/ca-fr\/#website","url":"https:\/\/www.capgemini.com\/ca-fr\/","name":"Capgemini Canada French","description":"Capgemini","potentialAction":[{"@type":"SearchAction","target":{"@type":"EntryPoint","urlTemplate":"https:\/\/www.capgemini.com\/ca-fr\/?s={search_term_string}"},"query-input":"required name=search_term_string"}],"inLanguage":"fr-FR"}]}},"brand_term":[{"id":58,"slug":"capgemini"}],"parsely":{"version":"1.1.0","canonical_url":"https:\/\/capgemini.com\/ca-fr\/solutions\/industry-net-zero-accelerator\/","smart_links":{"inbound":0,"outbound":0},"traffic_boost_suggestions_count":0,"meta":{"@context":"https:\/\/schema.org","@type":"WebPage","headline":"Industry net zero accelerator","url":"https:\/\/www.capgemini.com\/ca-fr\/solutions\/industry-net-zero-accelerator\/","mainEntityOfPage":{"@type":"WebPage","@id":"https:\/\/www.capgemini.com\/ca-fr\/solutions\/industry-net-zero-accelerator\/"},"thumbnailUrl":"https:\/\/www.capgemini.com\/ca-fr\/wp-content\/uploads\/sites\/21\/2023\/10\/pexels-fox-212324.jpg?w=150&h=150&crop=1","image":{"@type":"ImageObject","url":"https:\/\/www.capgemini.com\/ca-fr\/wp-content\/uploads\/sites\/21\/2023\/10\/pexels-fox-212324.jpg"},"articleSection":"Uncategorized","author":[],"creator":[],"publisher":{"@type":"Organization","name":"Capgemini Canada French","logo":""},"keywords":[],"dateCreated":"2023-10-31T14:13:53Z","datePublished":"2023-10-31T14:13:53Z","dateModified":"2025-04-01T04:36:00Z"},"rendered":"<meta name=\"parsely-title\" content=\"Industry net zero accelerator\" \/>\n<meta name=\"parsely-link\" content=\"https:\/\/www.capgemini.com\/ca-fr\/solutions\/industry-net-zero-accelerator\/\" \/>\n<meta name=\"parsely-type\" content=\"index\" \/>\n<meta name=\"parsely-image-url\" content=\"https:\/\/www.capgemini.com\/ca-fr\/wp-content\/uploads\/sites\/21\/2023\/10\/pexels-fox-212324.jpg?w=150&amp;h=150&amp;crop=1\" \/>\n<meta name=\"parsely-pub-date\" content=\"2023-10-31T14:13:53Z\" \/>\n<meta name=\"parsely-section\" content=\"Uncategorized\" \/>","tracker_url":"https:\/\/cdn.parsely.com\/keys\/capgemini.com\/p.js"},"archive_status":false,"featured_image_src":"https:\/\/www.capgemini.com\/ca-fr\/wp-content\/uploads\/sites\/21\/2023\/10\/pexels-fox-212324.jpg","featured_image_alt":"","jetpack_sharing_enabled":true,"distributor_meta":false,"distributor_terms":false,"distributor_media":false,"distributor_original_site_name":"Capgemini Canada French","distributor_original_site_url":"https:\/\/www.capgemini.com\/ca-fr","push-errors":false,"_links":{"self":[{"href":"https:\/\/www.capgemini.com\/ca-fr\/wp-json\/wp\/v2\/pages\/700822","targetHints":{"allow":["GET"]}}],"collection":[{"href":"https:\/\/www.capgemini.com\/ca-fr\/wp-json\/wp\/v2\/pages"}],"about":[{"href":"https:\/\/www.capgemini.com\/ca-fr\/wp-json\/wp\/v2\/types\/page"}],"author":[{"embeddable":true,"href":"https:\/\/www.capgemini.com\/ca-fr\/wp-json\/wp\/v2\/users\/151"}],"replies":[{"embeddable":true,"href":"https:\/\/www.capgemini.com\/ca-fr\/wp-json\/wp\/v2\/comments?post=700822"}],"version-history":[{"count":3,"href":"https:\/\/www.capgemini.com\/ca-fr\/wp-json\/wp\/v2\/pages\/700822\/revisions"}],"predecessor-version":[{"id":708435,"href":"https:\/\/www.capgemini.com\/ca-fr\/wp-json\/wp\/v2\/pages\/700822\/revisions\/708435"}],"up":[{"embeddable":true,"href":"https:\/\/www.capgemini.com\/ca-fr\/wp-json\/wp\/v2\/pages\/696490"}],"wp:featuredmedia":[{"embeddable":true,"href":"https:\/\/www.capgemini.com\/ca-fr\/wp-json\/wp\/v2\/media\/700823"}],"wp:attachment":[{"href":"https:\/\/www.capgemini.com\/ca-fr\/wp-json\/wp\/v2\/media?parent=700822"}],"wp:term":[{"taxonomy":"brand","embeddable":true,"href":"https:\/\/www.capgemini.com\/ca-fr\/wp-json\/wp\/v2\/brand?post=700822"},{"taxonomy":"partner_type","embeddable":true,"href":"https:\/\/www.capgemini.com\/ca-fr\/wp-json\/wp\/v2\/partner_type?post=700822"},{"taxonomy":"service","embeddable":true,"href":"https:\/\/www.capgemini.com\/ca-fr\/wp-json\/wp\/v2\/service?post=700822"},{"taxonomy":"industry","embeddable":true,"href":"https:\/\/www.capgemini.com\/ca-fr\/wp-json\/wp\/v2\/industry?post=700822"},{"taxonomy":"partners","embeddable":true,"href":"https:\/\/www.capgemini.com\/ca-fr\/wp-json\/wp\/v2\/partners?post=700822"},{"taxonomy":"page-type","embeddable":true,"href":"https:\/\/www.capgemini.com\/ca-fr\/wp-json\/wp\/v2\/page-type?post=700822"},{"taxonomy":"content-group","embeddable":true,"href":"https:\/\/www.capgemini.com\/ca-fr\/wp-json\/wp\/v2\/content-group?post=700822"}],"curies":[{"name":"wp","href":"https:\/\/api.w.org\/{rel}","templated":true}]}}