{"id":700244,"date":"2023-07-03T09:24:01","date_gmt":"2023-07-03T07:24:01","guid":{"rendered":"https:\/\/www.capgemini.com\/fr-fr\/?page_id=723380"},"modified":"2025-04-01T04:37:40","modified_gmt":"2025-04-01T04:37:40","slug":"custom-generative-ai-for-enterprise","status":"publish","type":"page","link":"https:\/\/www.capgemini.com\/ca-fr\/solutions\/custom-generative-ai-for-enterprise\/","title":{"rendered":"Custom generative AI for enterprise"},"content":{"rendered":"\n<header class=\"wp-block-cg-blocks-hero-reusable header heroReusable  \"><div class=\"header-bgs\"><picture><source srcset=\"https:\/\/www.capgemini.com\/wp-content\/uploads\/2023\/07\/Web-banner-2880X1800_option-26.jpg?w=2880&amp;quality=70 1x, https:\/\/www.capgemini.com\/wp-content\/uploads\/2023\/07\/Web-banner-2880X1800_option-26.jpg?w=2880&amp;quality=70 2x\" media=\"(min-width: 1500px)\"\/><source srcset=\"https:\/\/www.capgemini.com\/wp-content\/uploads\/2023\/07\/Web-banner-2880X1800_option-26.jpg?w=1440&amp;quality=70 1x, https:\/\/www.capgemini.com\/wp-content\/uploads\/2023\/07\/Web-banner-2880X1800_option-26.jpg?w=2880&amp;quality=70 2x\" media=\"(min-width: 992px)\"\/><source srcset=\"https:\/\/www.capgemini.com\/wp-content\/uploads\/2023\/07\/Web-banner-2880X1800_option-26.jpg?w=1024&amp;quality=70 1x, https:\/\/www.capgemini.com\/wp-content\/uploads\/2023\/07\/Web-banner-2880X1800_option-26.jpg?w=1024&amp;quality=70 2x\" media=\"(min-width: 768px)\"\/><source srcset=\"https:\/\/www.capgemini.com\/wp-content\/uploads\/2023\/07\/Web-banner-2880X1800_option-26.jpg?w=768&amp;quality=70 1x, https:\/\/www.capgemini.com\/wp-content\/uploads\/2023\/07\/Web-banner-2880X1800_option-26.jpg?w=768&amp;quality=70 2x\" media=\"(min-width: 0)\"\/><img decoding=\"async\" src=\"https:\/\/www.capgemini.com\/wp-content\/uploads\/2023\/07\/Web-banner-2880X1800_option-26.jpg\" class=\"header-img header-img-d\" alt=\"\" style=\"object-fit:cover;object-position:50% 50%\" loading=\"eager\"\/><\/picture><\/div><div class=\"heroPictureCardHeaderShape\"><\/div><div class=\"container\"><div class=\"row\"><div class=\"col-md-12\"><div class=\"box\"><div class=\"boxTagWrapper\"><div class=\"tagInfo\"><div><span class=\"box-tag\">Solution<\/span><\/div><\/div><\/div><div class=\"box-title\"><h1 data-maxlength=\"34\">Custom generative AI for enterprise<\/h1><\/div><div class=\"inner-row-insight download-btn\"><\/div><\/div><\/div><\/div><\/div><\/header>\n\n\n\n<section class=\"wp-block-cg-blocks-intro-para undefined section section--intro\"><div class=\"intro-para\"><div class=\"container\"><div class=\"row\"><div class=\"col-12 col-md-1\"><nav class=\"article-social\"><ul class=\"social-nav\"><li class=\"ip-order-fb\"><a href=\"https:\/\/www.facebook.com\/sharer\/sharer.php?u=https:\/\/www.capgemini.com\/ca-fr\/solutions\/custom-generative-ai-for-enterprise\/\" target=\"_blank\" rel=\"noopener noreferrer\" title=\"Ouvrir dans une nouvelle fen\u00eatre\"><i aria-hidden=\"true\" class=\"icon-fb\"><\/i><span class=\"sr-only\">Facebook<\/span><\/a><\/li><li class=\"ip-order-li\"><a href=\"https:\/\/www.linkedin.com\/sharing\/share-offsite\/?url=https:\/\/www.capgemini.com\/ca-fr\/solutions\/custom-generative-ai-for-enterprise\/\" target=\"_blank\" rel=\"noopener noreferrer\" title=\"Ouvrir dans une nouvelle fen\u00eatre\"><i aria-hidden=\"true\" class=\"icon-li\"><\/i><span class=\"sr-only\">Linkedin<\/span><\/a><\/li><\/ul><\/nav><\/div><div class=\"col-12 col-md-11 col-lg-10\"><h2 class=\"intro-para-title\">Pr\u00e9parez-vous \u00e0 \u00eatre surpris par la puissance collective de l&#8217;intelligence humaine et de l&#8217;IA g\u00e9n\u00e9rative personnalis\u00e9e.<\/h2><p class=\"intro-para-content\">Il est difficile d&#8217;\u00eatre cr\u00e9atif dans un environnement incertain, tout en ignorant les comp\u00e9tences uniques qui font de vous ce que vous \u00eates. C&#8217;est une r\u00e9alit\u00e9 \u00e0 laquelle sont confront\u00e9es la plupart des entreprises qui essaient pour la premi\u00e8re fois l&#8217;IA g\u00e9n\u00e9rative.<br><br>Custom Generative for Enterprise de Capgemini est diff\u00e9rent. Il s&#8217;agit d&#8217;un environnement s\u00e9curis\u00e9 et balis\u00e9, qui met l&#8217;accent sur votre excellence pour lib\u00e9rer votre cr\u00e9ativit\u00e9 gr\u00e2ce \u00e0 la puissance de la technologie.\u00a0<br><br><strong>C\u2019est un endroit o\u00f9 l\u2019on cr\u00e9\u00e9 l\u2019impossible.<\/strong><\/p><\/div><\/div><\/div><\/div><\/section>\n\n\n\n<section class=\"wp-block-cg-blocks-group undefined section section--article-content\"><div class=\"article-main-content\"><div class=\"container\"><div class=\"row\"><div class=\"col-12 col-md-11 col-lg-10 offset-md-1 offset-lg-1\"><div class=\"article-text article-quote-text\">\n<h4 class=\"wp-block-heading\" id=\"h-changez-l-adn-de-votre-entreprise-nbsp\">Changez l\u2019ADN de votre entreprise&nbsp;!<\/h4>\n\n\n\n<p>Selon Gartner, la pleine maturit\u00e9 de l&#8217;IA g\u00e9n\u00e9rative est attendue dans une p\u00e9riode entre 2 \u00e0 5 ans, mais le march\u00e9 \u00e9volue d\u00e9j\u00e0 avec des cas d\u2019usage dans le domaine professionnel, puisque 70 % des organisations mondiales explorent actuellement l&#8217;IA g\u00e9n\u00e9rative.<\/p>\n\n\n\n<p>MAIS&#8230; pour les entreprises, les grands mod\u00e8les d&#8217;IA g\u00e9n\u00e9rative accessibles au public posent de nombreux probl\u00e8mes. Ceux-ci sont trop d\u00e9connect\u00e9s de la r\u00e9alit\u00e9 business, trop incontr\u00f4lables, trop risqu\u00e9s pour les donn\u00e9es et la vie priv\u00e9e, et trop difficiles \u00e0 adopter et \u00e0 mettre \u00e0 l&#8217;\u00e9chelle.<\/p>\n\n\n\n<p>Par cons\u00e9quent, les leaders d&#8217;entreprise doivent comprendre comment tirer parti de l&#8217;IA g\u00e9n\u00e9rative dans l&#8217;ensemble de leur organisation, d&#8217;une mani\u00e8re s\u00e9curis\u00e9e et contr\u00f4l\u00e9e, afin de l&#8217;adapter \u00e0 leur r\u00e9alit\u00e9 professionnelle.<\/p>\n\n\n\n<p>Avec&nbsp;<strong>Custom Generative AI for Enterprise<\/strong>, nous aidons les organisations \u00e0 passer d&#8217;une utilisation standard et risqu\u00e9e de grands mod\u00e8les publics g\u00e9n\u00e9riques \u00e0 une <strong>solution personnalis\u00e9e et fiable, bas\u00e9e sur l&#8217;utilisation de leurs donn\u00e9es et de leur connaissances internes<\/strong>, avec des r\u00e9sultats fiables et tangibles.<\/p>\n<\/div><\/div><\/div><\/div><\/div><\/section>\n\n\n<section class=\"latest-insights layout-even layout-even-all-purple-cards \"><div class=\"container\"><div class=\"insight-title\"><h2 class=\"latest-insight-title\">Plus sur l&#039;IA g\u00e9n\u00e9rative<\/h2><\/div><div class=\"layout-two-card cards-normal\">\n                                <div class=\"row align-items-center\"><div class=\"card-image-wrapper\">\n                                <div class=\"card-image\" data-image-url=\"https:\/\/www.capgemini.com\/ca-fr\/perspectives\/publications\/maitriser-ia-generative\/\">\n\t\t\t\t\t\t\t\t\t\t\t\t\t\t\t\t\t<picture>\n\t\t\t\t\t\t\t\t\t\t\t\t\t\t\t\t\t\t\t<source srcset=\"https:\/\/www.capgemini.com\/ca-fr\/wp-content\/uploads\/sites\/21\/2023\/07\/Generative-AI.jpg?w=800&#038;quality=70 1x, https:\/\/www.capgemini.com\/ca-fr\/wp-content\/uploads\/sites\/21\/2023\/07\/Generative-AI.jpg?w=800&#038;quality=70 2x\"\n\t\t\t\t\t\t\t\t\t\t\t\t\t\t\t\t\t\t\t\t\tmedia=\"(min-width: 1500px)\"\/>\n\t\t\t\t\t\t\t\t\t\t\t\t\t\t\t\t\t\t\t\t\t<source srcset=\"https:\/\/www.capgemini.com\/ca-fr\/wp-content\/uploads\/sites\/21\/2023\/07\/Generative-AI.jpg?w=800&#038;quality=70 1x, https:\/\/www.capgemini.com\/ca-fr\/wp-content\/uploads\/sites\/21\/2023\/07\/Generative-AI.jpg?w=800&#038;quality=70 2x\"\n\t\t\t\t\t\t\t\t\t\t\t\t\t\t\t\t\t\t\t\t\t\t\t\t\tmedia=\"(min-width: 992px)\"\/>\n\t\t\t\t\t\t\t\t\t\t\t\t\t\t\t\t\t\t\t\t\t<source srcset=\"https:\/\/www.capgemini.com\/ca-fr\/wp-content\/uploads\/sites\/21\/2023\/07\/Generative-AI.jpg?w=800&#038;quality=70 1x, https:\/\/www.capgemini.com\/ca-fr\/wp-content\/uploads\/sites\/21\/2023\/07\/Generative-AI.jpg?w=800&#038;quality=70 2x\"\n\t\t\t\t\t\t\t\t\t\t\t\t\t\t\t\t\t\t\t\t\t\t\t\t\tmedia=\"(min-width: 768px)\"\/>\n\t\t\t\t\t\t\t\t\t\t\t\t\t\t\t\t\t\t\t\t\t<source srcset=\"https:\/\/www.capgemini.com\/ca-fr\/wp-content\/uploads\/sites\/21\/2023\/07\/Generative-AI.jpg?w=350&#038;quality=70 1x, https:\/\/www.capgemini.com\/ca-fr\/wp-content\/uploads\/sites\/21\/2023\/07\/Generative-AI.jpg?w=700&#038;quality=70 2x\"\n\t\t\t\t\t\t\t\t\t\t\t\t\t\t\t\t\t\t\t\t\t\t\t\t\tmedia=\"(min-width: 0)\"\/>\n\t\t\t\t\t\t\t\t\t\t\t\t\t\t\t\t\t\t\t\t\t<img decoding=\"async\" loading=\"lazy\" src=\"https:\/\/www.capgemini.com\/ca-fr\/wp-content\/uploads\/sites\/21\/2023\/07\/Generative-AI.jpg\" alt=\"Generative AI\" style=\"object-position: 50% 50%; object-fit: cover;\">\n\t\t\t\t\t\t\t\t\t\t\t\t\t\t\t\t\t\t<\/picture>\n                                <\/div>\n                            <\/div><div class=\"col-12 col-lg-4 d-md-none d-lg-block\"><\/div><div class=\"col-12 col-md-6 col-lg-4\">\n                           <a href=\"https:\/\/www.capgemini.com\/ca-fr\/perspectives\/publications\/maitriser-ia-generative\/\" aria-label=\"Ma\u00eetriser l&#039;IA g\u00e9n\u00e9rative\" class=\"card-link-holder\">\n                            <div class=\"insight-card insight-card-center\">\n                                <div class=\"card-tag\">Point de vue<\/div>\n                                <h3 class=\"card-title\">Ma\u00eetriser l&#039;IA g\u00e9n\u00e9rative<\/h3>\n                                <div class=\"insight-card-footer\">\n                                    <img decoding=\"async\" loading=\"lazy\" src=\"\" alt=\"\" class=\"light\">\n\t\t\t\t\t\t\t\t\t<img decoding=\"async\" loading=\"lazy\" src=\"\" alt=\"\" class=\"dark\">\n                                <\/div>\n                            <\/div>\n                            <\/a>\n                        <\/div>\n                    <div class=\"col-12 col-md-6 col-lg-4\">\n                            <a href=\"https:\/\/www.capgemini.com\/ca-fr\/perspectives\/publications\/ia-creative-et-generative\/\" aria-label=\"IA cr\u00e9ative et g\u00e9n\u00e9rative\" class=\"card-link-holder\">\n                            <div class=\"insight-card insight-card-start\">\n                                <div class=\"card-tag\">CRI Report<\/div>\n                                <h3 class=\"card-title\">IA cr\u00e9ative et g\u00e9n\u00e9rative<\/h3>\n                                <div class=\"insight-card-footer\">\n                                    <img decoding=\"async\" loading=\"lazy\" src=\"https:\/\/www.capgemini.com\/ca-fr\/wp-content\/themes\/capgemini2025\/assets\/images\/capgemini-research-institute-white.svg\" alt=\"capgemini-research-institute\" class=\"light\">\n                                    <img decoding=\"async\" loading=\"lazy\" src=\"https:\/\/www.capgemini.com\/ca-fr\/wp-content\/themes\/capgemini2025\/assets\/images\/capgemini-research-institute-white.svg\" alt=\"capgemini-research-institute\" class=\"dark\">\n                                <\/div>\n                            <\/div>\n                            <\/a>\n                        <\/div>\n                    <\/div>\n                    <\/div><\/div><\/section>","protected":false},"excerpt":{"rendered":"<p>Pr\u00e9parez-vous \u00e0 \u00eatre surpris par la puissance collective de l&#8217;intelligence humaine et de l&#8217;IA g\u00e9n\u00e9rative personnalis\u00e9e.<\/p>\n","protected":false},"author":157,"featured_media":0,"parent":696490,"menu_order":0,"comment_status":"closed","ping_status":"closed","template":"","meta":{"cg_dt_proposed_to":[],"cg_seo_hreflang_relations":"[]","cg_seo_canonical_relation":"","cg_seo_hreflang_x_default_relation":"{\"uuid\":\"b671b955-f6ca-4952-aeca-fc2e4d593d11\",\"blogId\":\"\",\"domain\":\"\",\"sitePath\":\"\",\"postLink\":\"\",\"postId\":null,\"isSaved\":true,\"isCrossLink\":false,\"hasCrossLink\":false}","cg_dt_approved_content":true,"cg_dt_mandatory_content":false,"cg_dt_notes":"","cg_dg_source_changed":true,"cg_dt_link_disabled":false,"_yoast_wpseo_primary_brand":"","footnotes":"","featured_focal_points":"","partner_card_description":"","gsap_animation":0},"brand":[],"partner_type":[],"service":[183],"industry":[],"partners":[],"page-type":[266],"content-group":[],"class_list":["post-700244","page","type-page","status-publish","hentry","service-ia-data","page-type-solutions"],"yoast_head":"<!-- This site is optimized with the Yoast SEO Premium plugin v22.8 (Yoast SEO v22.8) - https:\/\/yoast.com\/wordpress\/plugins\/seo\/ -->\n<title>Custom generative AI for enterprise - Capgemini Canada French<\/title>\n<meta name=\"description\" content=\"Pr\u00e9parez-vous \u00e0 \u00eatre surpris par la puissance collective de l&#039;intelligence humaine et de l&#039;IA g\u00e9n\u00e9rative personnalis\u00e9e.\" \/>\n<meta name=\"robots\" content=\"index, follow, max-snippet:-1, max-image-preview:large, max-video-preview:-1\" \/>\n<link rel=\"canonical\" href=\"https:\/\/www.capgemini.com\/ca-fr\/solutions\/custom-generative-ai-for-enterprise\/\" \/>\n<meta property=\"og:locale\" content=\"fr_FR\" \/>\n<meta property=\"og:type\" content=\"article\" \/>\n<meta property=\"og:title\" content=\"Custom generative AI for enterprise\" \/>\n<meta property=\"og:description\" content=\"Pr\u00e9parez-vous \u00e0 \u00eatre surpris par la puissance collective de l&#039;intelligence humaine et de l&#039;IA g\u00e9n\u00e9rative personnalis\u00e9e.\" \/>\n<meta property=\"og:url\" content=\"https:\/\/www.capgemini.com\/ca-fr\/solutions\/custom-generative-ai-for-enterprise\/\" \/>\n<meta property=\"og:site_name\" content=\"Capgemini Canada French\" \/>\n<meta property=\"article:modified_time\" content=\"2025-04-01T04:37:40+00:00\" \/>\n<meta property=\"og:image\" content=\"https:\/\/www.capgemini.com\/ca-fr\/wp-content\/uploads\/sites\/21\/2025\/10\/New-Web-preview-global.jpg\" \/>\n\t<meta property=\"og:image:width\" content=\"1200\" \/>\n\t<meta property=\"og:image:height\" content=\"627\" \/>\n\t<meta property=\"og:image:type\" content=\"image\/jpeg\" \/>\n<meta name=\"twitter:card\" content=\"summary_large_image\" \/>\n<script type=\"application\/ld+json\" class=\"yoast-schema-graph\">{\"@context\":\"https:\/\/schema.org\",\"@graph\":[{\"@type\":\"WebPage\",\"@id\":\"https:\/\/www.capgemini.com\/ca-fr\/solutions\/custom-generative-ai-for-enterprise\/\",\"url\":\"https:\/\/www.capgemini.com\/ca-fr\/solutions\/custom-generative-ai-for-enterprise\/\",\"name\":\"Custom generative AI for enterprise - Capgemini Canada French\",\"isPartOf\":{\"@id\":\"https:\/\/www.capgemini.com\/ca-fr\/#website\"},\"primaryImageOfPage\":{\"@id\":\"https:\/\/www.capgemini.com\/ca-fr\/solutions\/custom-generative-ai-for-enterprise\/#primaryimage\"},\"image\":{\"@id\":\"https:\/\/www.capgemini.com\/ca-fr\/solutions\/custom-generative-ai-for-enterprise\/#primaryimage\"},\"thumbnailUrl\":\"https:\/\/www.capgemini.com\/wp-content\/uploads\/2023\/07\/Web-banner-2880X1800_option-26.jpg\",\"datePublished\":\"2023-07-03T07:24:01+00:00\",\"dateModified\":\"2025-04-01T04:37:40+00:00\",\"description\":\"Pr\u00e9parez-vous \u00e0 \u00eatre surpris par la puissance collective de l'intelligence humaine et de l'IA g\u00e9n\u00e9rative personnalis\u00e9e.\",\"breadcrumb\":{\"@id\":\"https:\/\/www.capgemini.com\/ca-fr\/solutions\/custom-generative-ai-for-enterprise\/#breadcrumb\"},\"inLanguage\":\"fr-FR\",\"potentialAction\":[{\"@type\":\"ReadAction\",\"target\":[\"https:\/\/www.capgemini.com\/ca-fr\/solutions\/custom-generative-ai-for-enterprise\/\"]}]},{\"@type\":\"ImageObject\",\"inLanguage\":\"fr-FR\",\"@id\":\"https:\/\/www.capgemini.com\/ca-fr\/solutions\/custom-generative-ai-for-enterprise\/#primaryimage\",\"url\":\"https:\/\/www.capgemini.com\/wp-content\/uploads\/2023\/07\/Web-banner-2880X1800_option-26.jpg\",\"contentUrl\":\"https:\/\/www.capgemini.com\/wp-content\/uploads\/2023\/07\/Web-banner-2880X1800_option-26.jpg\"},{\"@type\":\"BreadcrumbList\",\"@id\":\"https:\/\/www.capgemini.com\/ca-fr\/solutions\/custom-generative-ai-for-enterprise\/#breadcrumb\",\"itemListElement\":[{\"@type\":\"ListItem\",\"position\":1,\"name\":\"Home\",\"item\":\"https:\/\/www.capgemini.com\/ca-fr\/\"},{\"@type\":\"ListItem\",\"position\":2,\"name\":\"Solutions\",\"item\":\"https:\/\/www.capgemini.com\/ca-fr\/solutions\/\"},{\"@type\":\"ListItem\",\"position\":3,\"name\":\"Custom generative AI for enterprise\"}]},{\"@type\":\"WebSite\",\"@id\":\"https:\/\/www.capgemini.com\/ca-fr\/#website\",\"url\":\"https:\/\/www.capgemini.com\/ca-fr\/\",\"name\":\"Capgemini Canada French\",\"description\":\"Capgemini\",\"potentialAction\":[{\"@type\":\"SearchAction\",\"target\":{\"@type\":\"EntryPoint\",\"urlTemplate\":\"https:\/\/www.capgemini.com\/ca-fr\/?s={search_term_string}\"},\"query-input\":\"required name=search_term_string\"}],\"inLanguage\":\"fr-FR\"}]}<\/script>\n<!-- \/ Yoast SEO Premium plugin. -->","yoast_head_json":{"title":"Custom generative AI for enterprise - Capgemini Canada French","description":"Pr\u00e9parez-vous \u00e0 \u00eatre surpris par la puissance collective de l'intelligence humaine et de l'IA g\u00e9n\u00e9rative personnalis\u00e9e.","robots":{"index":"index","follow":"follow","max-snippet":"max-snippet:-1","max-image-preview":"max-image-preview:large","max-video-preview":"max-video-preview:-1"},"canonical":"https:\/\/www.capgemini.com\/ca-fr\/solutions\/custom-generative-ai-for-enterprise\/","og_locale":"fr_FR","og_type":"article","og_title":"Custom generative AI for enterprise","og_description":"Pr\u00e9parez-vous \u00e0 \u00eatre surpris par la puissance collective de l'intelligence humaine et de l'IA g\u00e9n\u00e9rative personnalis\u00e9e.","og_url":"https:\/\/www.capgemini.com\/ca-fr\/solutions\/custom-generative-ai-for-enterprise\/","og_site_name":"Capgemini Canada French","article_modified_time":"2025-04-01T04:37:40+00:00","og_image":[{"width":1200,"height":627,"url":"https:\/\/www.capgemini.com\/ca-fr\/wp-content\/uploads\/sites\/21\/2025\/10\/New-Web-preview-global.jpg","type":"image\/jpeg"}],"twitter_card":"summary_large_image","schema":{"@context":"https:\/\/schema.org","@graph":[{"@type":"WebPage","@id":"https:\/\/www.capgemini.com\/ca-fr\/solutions\/custom-generative-ai-for-enterprise\/","url":"https:\/\/www.capgemini.com\/ca-fr\/solutions\/custom-generative-ai-for-enterprise\/","name":"Custom generative AI for enterprise - Capgemini Canada French","isPartOf":{"@id":"https:\/\/www.capgemini.com\/ca-fr\/#website"},"primaryImageOfPage":{"@id":"https:\/\/www.capgemini.com\/ca-fr\/solutions\/custom-generative-ai-for-enterprise\/#primaryimage"},"image":{"@id":"https:\/\/www.capgemini.com\/ca-fr\/solutions\/custom-generative-ai-for-enterprise\/#primaryimage"},"thumbnailUrl":"https:\/\/www.capgemini.com\/wp-content\/uploads\/2023\/07\/Web-banner-2880X1800_option-26.jpg","datePublished":"2023-07-03T07:24:01+00:00","dateModified":"2025-04-01T04:37:40+00:00","description":"Pr\u00e9parez-vous \u00e0 \u00eatre surpris par la puissance collective de l'intelligence humaine et de l'IA g\u00e9n\u00e9rative personnalis\u00e9e.","breadcrumb":{"@id":"https:\/\/www.capgemini.com\/ca-fr\/solutions\/custom-generative-ai-for-enterprise\/#breadcrumb"},"inLanguage":"fr-FR","potentialAction":[{"@type":"ReadAction","target":["https:\/\/www.capgemini.com\/ca-fr\/solutions\/custom-generative-ai-for-enterprise\/"]}]},{"@type":"ImageObject","inLanguage":"fr-FR","@id":"https:\/\/www.capgemini.com\/ca-fr\/solutions\/custom-generative-ai-for-enterprise\/#primaryimage","url":"https:\/\/www.capgemini.com\/wp-content\/uploads\/2023\/07\/Web-banner-2880X1800_option-26.jpg","contentUrl":"https:\/\/www.capgemini.com\/wp-content\/uploads\/2023\/07\/Web-banner-2880X1800_option-26.jpg"},{"@type":"BreadcrumbList","@id":"https:\/\/www.capgemini.com\/ca-fr\/solutions\/custom-generative-ai-for-enterprise\/#breadcrumb","itemListElement":[{"@type":"ListItem","position":1,"name":"Home","item":"https:\/\/www.capgemini.com\/ca-fr\/"},{"@type":"ListItem","position":2,"name":"Solutions","item":"https:\/\/www.capgemini.com\/ca-fr\/solutions\/"},{"@type":"ListItem","position":3,"name":"Custom generative AI for enterprise"}]},{"@type":"WebSite","@id":"https:\/\/www.capgemini.com\/ca-fr\/#website","url":"https:\/\/www.capgemini.com\/ca-fr\/","name":"Capgemini Canada French","description":"Capgemini","potentialAction":[{"@type":"SearchAction","target":{"@type":"EntryPoint","urlTemplate":"https:\/\/www.capgemini.com\/ca-fr\/?s={search_term_string}"},"query-input":"required name=search_term_string"}],"inLanguage":"fr-FR"}]}},"brand_term":[],"parsely":{"version":"1.1.0","canonical_url":"https:\/\/capgemini.com\/ca-fr\/solutions\/custom-generative-ai-for-enterprise\/","smart_links":{"inbound":0,"outbound":0},"traffic_boost_suggestions_count":0,"meta":{"@context":"https:\/\/schema.org","@type":"WebPage","headline":"Custom generative AI for enterprise","url":"https:\/\/www.capgemini.com\/ca-fr\/solutions\/custom-generative-ai-for-enterprise\/","mainEntityOfPage":{"@type":"WebPage","@id":"https:\/\/www.capgemini.com\/ca-fr\/solutions\/custom-generative-ai-for-enterprise\/"},"thumbnailUrl":"","image":{"@type":"ImageObject","url":""},"articleSection":"Uncategorized","author":[],"creator":[],"publisher":{"@type":"Organization","name":"Capgemini Canada French","logo":""},"keywords":[],"dateCreated":"2023-07-03T07:24:01Z","datePublished":"2023-07-03T07:24:01Z","dateModified":"2025-04-01T04:37:40Z"},"rendered":"<meta name=\"parsely-title\" content=\"Custom generative AI for enterprise\" \/>\n<meta name=\"parsely-link\" content=\"https:\/\/www.capgemini.com\/ca-fr\/solutions\/custom-generative-ai-for-enterprise\/\" \/>\n<meta name=\"parsely-type\" content=\"index\" \/>\n<meta name=\"parsely-pub-date\" content=\"2023-07-03T07:24:01Z\" \/>\n<meta name=\"parsely-section\" content=\"Uncategorized\" \/>","tracker_url":"https:\/\/cdn.parsely.com\/keys\/capgemini.com\/p.js"},"archive_status":false,"featured_image_src":"https:\/\/www.capgemini.com\/ca-fr\/wp-content\/themes\/capgemini2025\/assets\/images\/mockup.png","featured_image_alt":false,"jetpack_sharing_enabled":true,"distributor_meta":false,"distributor_terms":false,"distributor_media":false,"distributor_original_site_name":"Capgemini Canada French","distributor_original_site_url":"https:\/\/www.capgemini.com\/ca-fr","push-errors":false,"_links":{"self":[{"href":"https:\/\/www.capgemini.com\/ca-fr\/wp-json\/wp\/v2\/pages\/700244","targetHints":{"allow":["GET"]}}],"collection":[{"href":"https:\/\/www.capgemini.com\/ca-fr\/wp-json\/wp\/v2\/pages"}],"about":[{"href":"https:\/\/www.capgemini.com\/ca-fr\/wp-json\/wp\/v2\/types\/page"}],"author":[{"embeddable":true,"href":"https:\/\/www.capgemini.com\/ca-fr\/wp-json\/wp\/v2\/users\/157"}],"replies":[{"embeddable":true,"href":"https:\/\/www.capgemini.com\/ca-fr\/wp-json\/wp\/v2\/comments?post=700244"}],"version-history":[{"count":5,"href":"https:\/\/www.capgemini.com\/ca-fr\/wp-json\/wp\/v2\/pages\/700244\/revisions"}],"predecessor-version":[{"id":708441,"href":"https:\/\/www.capgemini.com\/ca-fr\/wp-json\/wp\/v2\/pages\/700244\/revisions\/708441"}],"up":[{"embeddable":true,"href":"https:\/\/www.capgemini.com\/ca-fr\/wp-json\/wp\/v2\/pages\/696490"}],"wp:attachment":[{"href":"https:\/\/www.capgemini.com\/ca-fr\/wp-json\/wp\/v2\/media?parent=700244"}],"wp:term":[{"taxonomy":"brand","embeddable":true,"href":"https:\/\/www.capgemini.com\/ca-fr\/wp-json\/wp\/v2\/brand?post=700244"},{"taxonomy":"partner_type","embeddable":true,"href":"https:\/\/www.capgemini.com\/ca-fr\/wp-json\/wp\/v2\/partner_type?post=700244"},{"taxonomy":"service","embeddable":true,"href":"https:\/\/www.capgemini.com\/ca-fr\/wp-json\/wp\/v2\/service?post=700244"},{"taxonomy":"industry","embeddable":true,"href":"https:\/\/www.capgemini.com\/ca-fr\/wp-json\/wp\/v2\/industry?post=700244"},{"taxonomy":"partners","embeddable":true,"href":"https:\/\/www.capgemini.com\/ca-fr\/wp-json\/wp\/v2\/partners?post=700244"},{"taxonomy":"page-type","embeddable":true,"href":"https:\/\/www.capgemini.com\/ca-fr\/wp-json\/wp\/v2\/page-type?post=700244"},{"taxonomy":"content-group","embeddable":true,"href":"https:\/\/www.capgemini.com\/ca-fr\/wp-json\/wp\/v2\/content-group?post=700244"}],"curies":[{"name":"wp","href":"https:\/\/api.w.org\/{rel}","templated":true}]}}