{"id":646964,"date":"2026-04-02T18:40:32","date_gmt":"2026-04-02T18:40:32","guid":{"rendered":"https:\/\/www.capgemini.com\/br-pt\/?page_id=646964&#038;preview_id=646964"},"modified":"2026-04-02T18:48:32","modified_gmt":"2026-04-02T18:48:32","slug":"suporte-administrativo","status":"publish","type":"page","link":"https:\/\/www.capgemini.com\/br-pt\/carreira\/caminhos-para-carreira\/profissoes\/suporte-administrativo\/","title":{"rendered":"Suporte administrativo"},"content":{"rendered":"\n<div class=\"wp-block-cg-blocks-hero-picture-card undefined  heroPictureCard\"><div class=\"heroPictureCardBgs\"><picture><source srcset=\"https:\/\/www.capgemini.com\/wp-content\/uploads\/2023\/05\/2a-1.jpg?w=2880&amp;quality=70 1x, https:\/\/www.capgemini.com\/wp-content\/uploads\/2023\/05\/2a-1.jpg?w=2880&amp;quality=70 2x\" media=\"(min-width: 1500px)\"\/><source srcset=\"https:\/\/www.capgemini.com\/wp-content\/uploads\/2023\/05\/2a-1.jpg?w=1440&amp;quality=70 1x, https:\/\/www.capgemini.com\/wp-content\/uploads\/2023\/05\/2a-1.jpg?w=2880&amp;quality=70 2x\" media=\"(min-width: 992px)\"\/><source srcset=\"https:\/\/www.capgemini.com\/wp-content\/uploads\/2023\/05\/2a-1.jpg?w=1024&amp;quality=70 1x, https:\/\/www.capgemini.com\/wp-content\/uploads\/2023\/05\/2a-1.jpg?w=1024&amp;quality=70 2x\" media=\"(min-width: 768px)\"\/><source srcset=\"https:\/\/www.capgemini.com\/wp-content\/uploads\/2023\/05\/2a-1.jpg?w=768&amp;quality=70 1x, https:\/\/www.capgemini.com\/wp-content\/uploads\/2023\/05\/2a-1.jpg?w=768&amp;quality=70 2x\" media=\"(min-width: 0)\"\/><img decoding=\"async\" src=\"https:\/\/www.capgemini.com\/wp-content\/uploads\/2023\/05\/2a-1.jpg\" class=\"desktopImage\" alt=\"\" style=\"object-fit:cover;object-position:38% 20%\" loading=\"eager\"\/><\/picture><picture><source srcset=\"https:\/\/www.capgemini.com\/wp-content\/uploads\/2023\/05\/2a-1.jpg?w=2880&amp;quality=70 1x, https:\/\/www.capgemini.com\/wp-content\/uploads\/2023\/05\/2a-1.jpg?w=2880&amp;quality=70 2x\" media=\"(min-width: 1500px)\"\/><source srcset=\"https:\/\/www.capgemini.com\/wp-content\/uploads\/2023\/05\/2a-1.jpg?w=1440&amp;quality=70 1x, https:\/\/www.capgemini.com\/wp-content\/uploads\/2023\/05\/2a-1.jpg?w=2880&amp;quality=70 2x\" media=\"(min-width: 992px)\"\/><source srcset=\"https:\/\/www.capgemini.com\/wp-content\/uploads\/2023\/05\/2a-1.jpg?w=1024&amp;quality=70 1x, https:\/\/www.capgemini.com\/wp-content\/uploads\/2023\/05\/2a-1.jpg?w=1024&amp;quality=70 2x\" media=\"(min-width: 768px)\"\/><source srcset=\"https:\/\/www.capgemini.com\/wp-content\/uploads\/2023\/05\/2a-1.jpg?w=768&amp;quality=70 1x, https:\/\/www.capgemini.com\/wp-content\/uploads\/2023\/05\/2a-1.jpg?w=768&amp;quality=70 2x\" media=\"(min-width: 0)\"\/><img decoding=\"async\" src=\"https:\/\/www.capgemini.com\/wp-content\/uploads\/2023\/05\/2a-1.jpg\" class=\"mobileImage\" alt=\"\" style=\"object-fit:cover;object-position:38% 20%\" loading=\"eager\"\/><\/picture><\/div><div class=\"heroPictureCardHeaderShape\"><\/div><div class=\"container\"><div class=\"row\"><div class=\"col-md-8 col-lg-6\"><div class=\"heroPictureCardBox\"><div class=\"heroPictureCardBoxTitle\"><h1 data-maxlength=\"144\">Suporte administrativo<\/h1><\/div><\/div><\/div><\/div><\/div><div class=\"small-device\"><div class=\"brandLogoWrapper\"> <\/div><\/div><\/div>\n\n\n\n<section class=\"wp-block-cg-blocks-intro-para undefined section section--intro\"><div class=\"intro-para\"><div class=\"container\"><div class=\"row\"><div class=\"col-12 col-md-2\"><nav class=\"article-social\"><ul class=\"social-nav\"><li class=\"ip-order-fb\"><a href=\"https:\/\/www.facebook.com\/sharer\/sharer.php?u=https:\/\/www.capgemini.com\/br-pt\/?page_id=646964\" target=\"_blank\" rel=\"noopener noreferrer\" title=\"abre em uma nova janela\"><i aria-hidden=\"true\" class=\"icon-fb\"><\/i><span class=\"sr-only\">Facebook<\/span><\/a><\/li><li class=\"ip-order-li\"><a href=\"https:\/\/www.linkedin.com\/sharing\/share-offsite\/?url=https:\/\/www.capgemini.com\/br-pt\/?page_id=646964\" target=\"_blank\" rel=\"noopener noreferrer\" title=\"abre em uma nova janela\"><i aria-hidden=\"true\" class=\"icon-li\"><\/i><span class=\"sr-only\">Linkedin<\/span><\/a><\/li><\/ul><\/nav><\/div><div class=\"col-12 col-md-8\"><h2 class=\"intro-para-title\">Explore nossas oportunidades de suporte administrativo.<\/h2><p class=\"intro-para-content\">Como suporte administrativo, voc\u00ea desempenhar\u00e1 um papel vital no apoio \u00e0s nossas opera\u00e7\u00f5es comerciais, garantindo o bom funcionamento das tarefas administrativas.<br><br>Com suas excelentes habilidades organizacionais e de comunica\u00e7\u00e3o, voc\u00ea manter\u00e1 nossas equipes funcionando de maneira eficiente e eficaz. Sua aten\u00e7\u00e3o aos detalhes e capacidade de multitarefa ser\u00e3o cruciais para gerenciar prioridades concorrentes e garantir que nossos neg\u00f3cios funcionem sem problemas. Com sua abordagem proativa, voc\u00ea antecipar\u00e1 as necessidades da organiza\u00e7\u00e3o e ser\u00e1 uma parte integral do sucesso do Grupo e da sua equipe.<br><br><strong>Dentro dessa profiss\u00e3o, voc\u00ea poderia assumir fun\u00e7\u00f5es como:<\/strong><\/p><ul class=\"box-list\"><li>Assistente administrativo<\/li><li>Assistente executivo<\/li><li>Coordenador administrativo.<\/li><\/ul><\/div><\/div><\/div><\/div><\/section>\n\n\n\n<section class=\"wp-block-cg-blocks-call-to-action undefined is-style-cg-purple call-to-action-block\"><div class=\"container\"><div class=\"call-to-action-block-content-wrapper has-description\"><div class=\"text-wrapper has-description\"> <p class=\"description\" data-maxlength=\"210\">Voc\u00ea est\u00e1 pronto para enfrentar o desafio? Encontre a oportunidade que combina com voc\u00ea.<\/p><\/div><div class=\"button-wrapper has-description\"><a class=\"cta-btn action-valid\" href=\"https:\/\/www.capgemini.com\/br-pt\/carreira\/\" target=\"\" rel=\"noopener noreferrer\" aria-label=\"Buscar empregos sobre \" title=\"Opens in a new window\" data-maxlength=\"24\" tabindex=\"0\"> Buscar empregos <\/a><\/div><\/div><\/div><\/section>\n\n\n\n<section class=\"wp-block-cg-blocks-learn-more updated-new-sample-amal learnMoreBlock\"><div class=\"container\"><div class=\"row\"><div class=\"content-title col-12 col-md-8\"><h2 class=\"learnmore-heading\">As pessoas tamb\u00e9m viram<\/h2><\/div><\/div><div class=\"row\"><div class=\"col-md-4\"><div class=\"box\"><div class=\"box-wrapper\"><a class=\"box-title\" href=\"https:\/\/www.capgemini.com\/br-pt\/carreira\/caminhos-para-carreira\/profissoes\/legal\/\" target=\"\" aria-label=\"Legal\" rel=\"noopener noreferrer\"><div class=\"box-img-wrapper\"><img decoding=\"async\" src=\"https:\/\/www.capgemini.com\/wp-content\/uploads\/2023\/05\/6a.jpg?w=500&amp;quality=70\" srcset=\"https:\/\/www.capgemini.com\/wp-content\/uploads\/2023\/05\/6a.jpg?w=500&amp;quality=70 1x, https:\/\/www.capgemini.com\/wp-content\/uploads\/2023\/05\/6a.jpg?w=1000&amp;quality=70 2x\" class=\"box-img\" alt=\"\" style=\"object-fit:cover;object-position:50% 50%\" loading=\"lazy\"\/><\/div><h3 class=\"titleWithoutLink_learnMore\">Legal<\/h3><\/a><\/div><\/div><div class=\"box-inner\"><\/div><\/div><div class=\"col-md-4\"><div class=\"box\"><div class=\"box-wrapper\"><a class=\"box-title\" href=\"https:\/\/www.capgemini.com\/br-pt\/carreira\/caminhos-para-carreira\/profissoes\/gestao-de-risco-empresarial\/\" target=\"\" aria-label=\"Gest\u00e3o de Risco Empresarial\" rel=\"noopener noreferrer\"><div class=\"box-img-wrapper\"><img decoding=\"async\" src=\"https:\/\/www.capgemini.com\/wp-content\/uploads\/2023\/05\/3a.jpg?w=500&amp;quality=70\" srcset=\"https:\/\/www.capgemini.com\/wp-content\/uploads\/2023\/05\/3a.jpg?w=500&amp;quality=70 1x, https:\/\/www.capgemini.com\/wp-content\/uploads\/2023\/05\/3a.jpg?w=1000&amp;quality=70 2x\" class=\"box-img\" alt=\"\" style=\"object-fit:cover;object-position:50% 50%\" loading=\"lazy\"\/><\/div><h3 class=\"titleWithoutLink_learnMore\">Gest\u00e3o de Risco Empresarial<\/h3><\/a><\/div><\/div><div class=\"box-inner\"><\/div><\/div><div class=\"col-md-4\"><div class=\"box\"><div class=\"box-wrapper\"><a class=\"box-title\" href=\"https:\/\/www.capgemini.com\/br-pt\/carreira\/caminhos-para-carreira\/profissoes\/gestao-comercial-e-de-contratos\/\" target=\"\" aria-label=\"Gest\u00e3o Comercial e de Contratos\" rel=\"noopener noreferrer\"><div class=\"box-img-wrapper\"><img decoding=\"async\" src=\"https:\/\/www.capgemini.com\/wp-content\/uploads\/2023\/05\/5a.jpg?w=500&amp;quality=70\" srcset=\"https:\/\/www.capgemini.com\/wp-content\/uploads\/2023\/05\/5a.jpg?w=500&amp;quality=70 1x, https:\/\/www.capgemini.com\/wp-content\/uploads\/2023\/05\/5a.jpg?w=1000&amp;quality=70 2x\" class=\"box-img\" alt=\"\" style=\"object-fit:cover;object-position:50% 50%\" loading=\"lazy\"\/><\/div><h3 class=\"titleWithoutLink_learnMore\">Gest\u00e3o Comercial e de Contratos<\/h3><\/a><\/div><\/div><div class=\"box-inner\"><\/div><\/div><\/div><\/div><\/section>\n","protected":false},"excerpt":{"rendered":"<p>Explore as nossas oportunidades de apoio administrativo.<\/p>\n","protected":false},"author":81,"featured_media":646965,"parent":646153,"menu_order":0,"comment_status":"closed","ping_status":"closed","template":"","meta":{"cg_dt_proposed_to":[],"cg_seo_hreflang_relations":"[]","cg_seo_canonical_relation":"","cg_seo_hreflang_x_default_relation":"{\"uuid\":\"f1ba0e1e-966f-4fdf-acd8-2f6526b1afb5\",\"blogId\":\"1\",\"domain\":\"www.capgemini.com\",\"sitePath\":\"\/\",\"postLink\":\"https:\/\/www.capgemini.com\/careers\/career-paths\/professions\/admin-support\/\",\"postId\":888093,\"isSaved\":true,\"isCrossLink\":false,\"hasCrossLink\":false,\"isEnabled\":true}","cg_dt_approved_content":true,"cg_dt_mandatory_content":false,"cg_dt_notes":"","cg_dg_source_changed":false,"cg_dt_link_disabled":false,"_yoast_wpseo_primary_brand":"","footnotes":"","featured_focal_points":"","partner_card_description":"","gsap_animation":0},"brand":[],"partner_type":[],"service":[],"industry":[],"partners":[],"page-type":[35],"content-group":[],"class_list":["post-646964","page","type-page","status-publish","has-post-thumbnail","hentry","page-type-careers"],"yoast_head":"<!-- This site is optimized with the Yoast SEO Premium plugin v22.8 (Yoast SEO v22.8) - https:\/\/yoast.com\/wordpress\/plugins\/seo\/ -->\n<title>Suporte administrativo - Capgemini Brasil<\/title>\n<meta name=\"description\" content=\"Explore as fun\u00e7\u00f5es do suporte administrativo e como ele garante a efici\u00eancia nas equipes de trabalho. Comece hoje!\" \/>\n<meta name=\"robots\" content=\"index, follow, max-snippet:-1, max-image-preview:large, max-video-preview:-1\" \/>\n<link rel=\"canonical\" href=\"https:\/\/www.capgemini.com\/br-pt\/carreira\/caminhos-para-carreira\/profissoes\/suporte-administrativo\/\" \/>\n<meta property=\"og:locale\" content=\"pt_BR\" \/>\n<meta property=\"og:type\" content=\"article\" \/>\n<meta property=\"og:title\" content=\"Suporte administrativo\" \/>\n<meta property=\"og:description\" content=\"Explore as fun\u00e7\u00f5es do suporte administrativo e como ele garante a efici\u00eancia nas equipes de trabalho. Comece hoje!\" \/>\n<meta property=\"og:url\" content=\"https:\/\/www.capgemini.com\/br-pt\/carreira\/caminhos-para-carreira\/profissoes\/suporte-administrativo\/\" \/>\n<meta property=\"og:site_name\" content=\"Capgemini Brasil\" \/>\n<meta property=\"article:modified_time\" content=\"2026-04-02T18:48:32+00:00\" \/>\n<meta property=\"og:image\" content=\"https:\/\/www.capgemini.com\/br-pt\/wp-content\/uploads\/sites\/12\/2025\/10\/New-Web-preview-global.jpg\" \/>\n\t<meta property=\"og:image:width\" content=\"1200\" \/>\n\t<meta property=\"og:image:height\" content=\"627\" \/>\n\t<meta property=\"og:image:type\" content=\"image\/jpeg\" \/>\n<meta name=\"twitter:card\" content=\"summary_large_image\" \/>\n<meta name=\"twitter:label1\" content=\"Est. reading time\" \/>\n\t<meta name=\"twitter:data1\" content=\"2 minutes\" \/>\n<script type=\"application\/ld+json\" class=\"yoast-schema-graph\">{\"@context\":\"https:\/\/schema.org\",\"@graph\":[{\"@type\":\"WebPage\",\"@id\":\"https:\/\/www.capgemini.com\/br-pt\/carreira\/caminhos-para-carreira\/profissoes\/suporte-administrativo\/\",\"url\":\"https:\/\/www.capgemini.com\/br-pt\/carreira\/caminhos-para-carreira\/profissoes\/suporte-administrativo\/\",\"name\":\"Suporte administrativo - Capgemini Brasil\",\"isPartOf\":{\"@id\":\"https:\/\/www.capgemini.com\/br-pt\/#website\"},\"primaryImageOfPage\":{\"@id\":\"https:\/\/www.capgemini.com\/br-pt\/carreira\/caminhos-para-carreira\/profissoes\/suporte-administrativo\/#primaryimage\"},\"image\":{\"@id\":\"https:\/\/www.capgemini.com\/br-pt\/carreira\/caminhos-para-carreira\/profissoes\/suporte-administrativo\/#primaryimage\"},\"thumbnailUrl\":\"https:\/\/www.capgemini.com\/br-pt\/wp-content\/uploads\/sites\/12\/2023\/04\/2a-1.jpg\",\"datePublished\":\"2026-04-02T18:40:32+00:00\",\"dateModified\":\"2026-04-02T18:48:32+00:00\",\"description\":\"Explore as fun\u00e7\u00f5es do suporte administrativo e como ele garante a efici\u00eancia nas equipes de trabalho. Comece hoje!\",\"breadcrumb\":{\"@id\":\"https:\/\/www.capgemini.com\/br-pt\/carreira\/caminhos-para-carreira\/profissoes\/suporte-administrativo\/#breadcrumb\"},\"inLanguage\":\"pt-BR\",\"potentialAction\":[{\"@type\":\"ReadAction\",\"target\":[\"https:\/\/www.capgemini.com\/br-pt\/carreira\/caminhos-para-carreira\/profissoes\/suporte-administrativo\/\"]}]},{\"@type\":\"ImageObject\",\"inLanguage\":\"pt-BR\",\"@id\":\"https:\/\/www.capgemini.com\/br-pt\/carreira\/caminhos-para-carreira\/profissoes\/suporte-administrativo\/#primaryimage\",\"url\":\"https:\/\/www.capgemini.com\/br-pt\/wp-content\/uploads\/sites\/12\/2023\/04\/2a-1.jpg\",\"contentUrl\":\"https:\/\/www.capgemini.com\/br-pt\/wp-content\/uploads\/sites\/12\/2023\/04\/2a-1.jpg\",\"width\":2880,\"height\":1800,\"caption\":\"profession-administration support-banner\"},{\"@type\":\"BreadcrumbList\",\"@id\":\"https:\/\/www.capgemini.com\/br-pt\/carreira\/caminhos-para-carreira\/profissoes\/suporte-administrativo\/#breadcrumb\",\"itemListElement\":[{\"@type\":\"ListItem\",\"position\":1,\"name\":\"Home\",\"item\":\"https:\/\/www.capgemini.com\/br-pt\/\"},{\"@type\":\"ListItem\",\"position\":2,\"name\":\"Carreira\",\"item\":\"https:\/\/www.capgemini.com\/br-pt\/carreira\/\"},{\"@type\":\"ListItem\",\"position\":3,\"name\":\"Caminhos para carreira\",\"item\":\"https:\/\/www.capgemini.com\/br-pt\/carreira\/caminhos-para-carreira\/\"},{\"@type\":\"ListItem\",\"position\":4,\"name\":\"Nossas profiss\u00f5es\",\"item\":\"https:\/\/www.capgemini.com\/br-pt\/carreira\/caminhos-para-carreira\/profissoes\/\"},{\"@type\":\"ListItem\",\"position\":5,\"name\":\"Suporte administrativo\"}]},{\"@type\":\"WebSite\",\"@id\":\"https:\/\/www.capgemini.com\/br-pt\/#website\",\"url\":\"https:\/\/www.capgemini.com\/br-pt\/\",\"name\":\"Capgemini Brasil\",\"description\":\"Capgemini\",\"potentialAction\":[{\"@type\":\"SearchAction\",\"target\":{\"@type\":\"EntryPoint\",\"urlTemplate\":\"https:\/\/www.capgemini.com\/br-pt\/?s={search_term_string}\"},\"query-input\":\"required name=search_term_string\"}],\"inLanguage\":\"pt-BR\"}]}<\/script>\n<!-- \/ Yoast SEO Premium plugin. -->","yoast_head_json":{"title":"Suporte administrativo - Capgemini Brasil","description":"Explore as fun\u00e7\u00f5es do suporte administrativo e como ele garante a efici\u00eancia nas equipes de trabalho. Comece hoje!","robots":{"index":"index","follow":"follow","max-snippet":"max-snippet:-1","max-image-preview":"max-image-preview:large","max-video-preview":"max-video-preview:-1"},"canonical":"https:\/\/www.capgemini.com\/br-pt\/carreira\/caminhos-para-carreira\/profissoes\/suporte-administrativo\/","og_locale":"pt_BR","og_type":"article","og_title":"Suporte administrativo","og_description":"Explore as fun\u00e7\u00f5es do suporte administrativo e como ele garante a efici\u00eancia nas equipes de trabalho. Comece hoje!","og_url":"https:\/\/www.capgemini.com\/br-pt\/carreira\/caminhos-para-carreira\/profissoes\/suporte-administrativo\/","og_site_name":"Capgemini Brasil","article_modified_time":"2026-04-02T18:48:32+00:00","og_image":[{"width":1200,"height":627,"url":"https:\/\/www.capgemini.com\/br-pt\/wp-content\/uploads\/sites\/12\/2025\/10\/New-Web-preview-global.jpg","type":"image\/jpeg"}],"twitter_card":"summary_large_image","twitter_misc":{"Est. reading time":"2 minutes"},"schema":{"@context":"https:\/\/schema.org","@graph":[{"@type":"WebPage","@id":"https:\/\/www.capgemini.com\/br-pt\/carreira\/caminhos-para-carreira\/profissoes\/suporte-administrativo\/","url":"https:\/\/www.capgemini.com\/br-pt\/carreira\/caminhos-para-carreira\/profissoes\/suporte-administrativo\/","name":"Suporte administrativo - Capgemini Brasil","isPartOf":{"@id":"https:\/\/www.capgemini.com\/br-pt\/#website"},"primaryImageOfPage":{"@id":"https:\/\/www.capgemini.com\/br-pt\/carreira\/caminhos-para-carreira\/profissoes\/suporte-administrativo\/#primaryimage"},"image":{"@id":"https:\/\/www.capgemini.com\/br-pt\/carreira\/caminhos-para-carreira\/profissoes\/suporte-administrativo\/#primaryimage"},"thumbnailUrl":"https:\/\/www.capgemini.com\/br-pt\/wp-content\/uploads\/sites\/12\/2023\/04\/2a-1.jpg","datePublished":"2026-04-02T18:40:32+00:00","dateModified":"2026-04-02T18:48:32+00:00","description":"Explore as fun\u00e7\u00f5es do suporte administrativo e como ele garante a efici\u00eancia nas equipes de trabalho. Comece hoje!","breadcrumb":{"@id":"https:\/\/www.capgemini.com\/br-pt\/carreira\/caminhos-para-carreira\/profissoes\/suporte-administrativo\/#breadcrumb"},"inLanguage":"pt-BR","potentialAction":[{"@type":"ReadAction","target":["https:\/\/www.capgemini.com\/br-pt\/carreira\/caminhos-para-carreira\/profissoes\/suporte-administrativo\/"]}]},{"@type":"ImageObject","inLanguage":"pt-BR","@id":"https:\/\/www.capgemini.com\/br-pt\/carreira\/caminhos-para-carreira\/profissoes\/suporte-administrativo\/#primaryimage","url":"https:\/\/www.capgemini.com\/br-pt\/wp-content\/uploads\/sites\/12\/2023\/04\/2a-1.jpg","contentUrl":"https:\/\/www.capgemini.com\/br-pt\/wp-content\/uploads\/sites\/12\/2023\/04\/2a-1.jpg","width":2880,"height":1800,"caption":"profession-administration support-banner"},{"@type":"BreadcrumbList","@id":"https:\/\/www.capgemini.com\/br-pt\/carreira\/caminhos-para-carreira\/profissoes\/suporte-administrativo\/#breadcrumb","itemListElement":[{"@type":"ListItem","position":1,"name":"Home","item":"https:\/\/www.capgemini.com\/br-pt\/"},{"@type":"ListItem","position":2,"name":"Carreira","item":"https:\/\/www.capgemini.com\/br-pt\/carreira\/"},{"@type":"ListItem","position":3,"name":"Caminhos para carreira","item":"https:\/\/www.capgemini.com\/br-pt\/carreira\/caminhos-para-carreira\/"},{"@type":"ListItem","position":4,"name":"Nossas profiss\u00f5es","item":"https:\/\/www.capgemini.com\/br-pt\/carreira\/caminhos-para-carreira\/profissoes\/"},{"@type":"ListItem","position":5,"name":"Suporte administrativo"}]},{"@type":"WebSite","@id":"https:\/\/www.capgemini.com\/br-pt\/#website","url":"https:\/\/www.capgemini.com\/br-pt\/","name":"Capgemini Brasil","description":"Capgemini","potentialAction":[{"@type":"SearchAction","target":{"@type":"EntryPoint","urlTemplate":"https:\/\/www.capgemini.com\/br-pt\/?s={search_term_string}"},"query-input":"required name=search_term_string"}],"inLanguage":"pt-BR"}]}},"brand_term":[],"parsely":{"version":"1.1.0","canonical_url":"https:\/\/capgemini.com\/br-pt\/carreira\/caminhos-para-carreira\/profissoes\/suporte-administrativo\/","smart_links":{"inbound":0,"outbound":0},"traffic_boost_suggestions_count":0,"meta":{"@context":"https:\/\/schema.org","@type":"WebPage","headline":"Suporte administrativo","url":"https:\/\/www.capgemini.com\/br-pt\/carreira\/caminhos-para-carreira\/profissoes\/suporte-administrativo\/","mainEntityOfPage":{"@type":"WebPage","@id":"https:\/\/www.capgemini.com\/br-pt\/carreira\/caminhos-para-carreira\/profissoes\/suporte-administrativo\/"},"thumbnailUrl":"https:\/\/www.capgemini.com\/br-pt\/wp-content\/uploads\/sites\/12\/2023\/04\/2a-1.jpg?w=150&h=150&crop=1","image":{"@type":"ImageObject","url":"https:\/\/www.capgemini.com\/br-pt\/wp-content\/uploads\/sites\/12\/2023\/04\/2a-1.jpg"},"articleSection":"Uncategorized","author":[],"creator":[],"publisher":{"@type":"Organization","name":"Capgemini Brasil","logo":""},"keywords":[],"dateCreated":"2026-04-02T18:40:32Z","datePublished":"2026-04-02T18:40:32Z","dateModified":"2026-04-02T18:48:32Z"},"rendered":"<meta name=\"parsely-title\" content=\"Suporte administrativo\" \/>\n<meta name=\"parsely-link\" content=\"https:\/\/www.capgemini.com\/br-pt\/carreira\/caminhos-para-carreira\/profissoes\/suporte-administrativo\/\" \/>\n<meta name=\"parsely-type\" content=\"index\" \/>\n<meta name=\"parsely-image-url\" content=\"https:\/\/www.capgemini.com\/br-pt\/wp-content\/uploads\/sites\/12\/2023\/04\/2a-1.jpg?w=150&amp;h=150&amp;crop=1\" \/>\n<meta name=\"parsely-pub-date\" content=\"2026-04-02T18:40:32Z\" \/>\n<meta name=\"parsely-section\" content=\"Uncategorized\" \/>","tracker_url":"https:\/\/cdn.parsely.com\/keys\/capgemini.com\/p.js"},"archive_status":false,"featured_image_src":"https:\/\/www.capgemini.com\/br-pt\/wp-content\/uploads\/sites\/12\/2023\/04\/2a-1.jpg","featured_image_alt":"profession-administration support-banner","distributor_meta":false,"distributor_terms":false,"distributor_media":false,"distributor_original_site_name":"Capgemini Brasil","distributor_original_site_url":"https:\/\/www.capgemini.com\/br-pt","push-errors":false,"_links":{"self":[{"href":"https:\/\/www.capgemini.com\/br-pt\/wp-json\/wp\/v2\/pages\/646964","targetHints":{"allow":["GET"]}}],"collection":[{"href":"https:\/\/www.capgemini.com\/br-pt\/wp-json\/wp\/v2\/pages"}],"about":[{"href":"https:\/\/www.capgemini.com\/br-pt\/wp-json\/wp\/v2\/types\/page"}],"author":[{"embeddable":true,"href":"https:\/\/www.capgemini.com\/br-pt\/wp-json\/wp\/v2\/users\/81"}],"replies":[{"embeddable":true,"href":"https:\/\/www.capgemini.com\/br-pt\/wp-json\/wp\/v2\/comments?post=646964"}],"version-history":[{"count":7,"href":"https:\/\/www.capgemini.com\/br-pt\/wp-json\/wp\/v2\/pages\/646964\/revisions"}],"predecessor-version":[{"id":647124,"href":"https:\/\/www.capgemini.com\/br-pt\/wp-json\/wp\/v2\/pages\/646964\/revisions\/647124"}],"up":[{"embeddable":true,"href":"https:\/\/www.capgemini.com\/br-pt\/wp-json\/wp\/v2\/pages\/646153"}],"wp:featuredmedia":[{"embeddable":true,"href":"https:\/\/www.capgemini.com\/br-pt\/wp-json\/wp\/v2\/media\/646965"}],"wp:attachment":[{"href":"https:\/\/www.capgemini.com\/br-pt\/wp-json\/wp\/v2\/media?parent=646964"}],"wp:term":[{"taxonomy":"brand","embeddable":true,"href":"https:\/\/www.capgemini.com\/br-pt\/wp-json\/wp\/v2\/brand?post=646964"},{"taxonomy":"partner_type","embeddable":true,"href":"https:\/\/www.capgemini.com\/br-pt\/wp-json\/wp\/v2\/partner_type?post=646964"},{"taxonomy":"service","embeddable":true,"href":"https:\/\/www.capgemini.com\/br-pt\/wp-json\/wp\/v2\/service?post=646964"},{"taxonomy":"industry","embeddable":true,"href":"https:\/\/www.capgemini.com\/br-pt\/wp-json\/wp\/v2\/industry?post=646964"},{"taxonomy":"partners","embeddable":true,"href":"https:\/\/www.capgemini.com\/br-pt\/wp-json\/wp\/v2\/partners?post=646964"},{"taxonomy":"page-type","embeddable":true,"href":"https:\/\/www.capgemini.com\/br-pt\/wp-json\/wp\/v2\/page-type?post=646964"},{"taxonomy":"content-group","embeddable":true,"href":"https:\/\/www.capgemini.com\/br-pt\/wp-json\/wp\/v2\/content-group?post=646964"}],"curies":[{"name":"wp","href":"https:\/\/api.w.org\/{rel}","templated":true}]}}