{"id":646950,"date":"2026-04-02T17:55:49","date_gmt":"2026-04-02T17:55:49","guid":{"rendered":"https:\/\/www.capgemini.com\/br-pt\/?page_id=646950&#038;preview_id=646950"},"modified":"2026-04-02T17:55:52","modified_gmt":"2026-04-02T17:55:52","slug":"gestao-comercial-e-de-contratos","status":"publish","type":"page","link":"https:\/\/www.capgemini.com\/br-pt\/carreira\/caminhos-para-carreira\/profissoes\/gestao-comercial-e-de-contratos\/","title":{"rendered":"Gest\u00e3o comercial e de contratos"},"content":{"rendered":"\n<div class=\"wp-block-cg-blocks-hero-picture-card undefined  heroPictureCard\"><div class=\"heroPictureCardBgs\"><picture><source srcset=\"https:\/\/www.capgemini.com\/wp-content\/uploads\/2023\/05\/5a.jpg?w=2880&amp;quality=70 1x, https:\/\/www.capgemini.com\/wp-content\/uploads\/2023\/05\/5a.jpg?w=2880&amp;quality=70 2x\" media=\"(min-width: 1500px)\"\/><source srcset=\"https:\/\/www.capgemini.com\/wp-content\/uploads\/2023\/05\/5a.jpg?w=1440&amp;quality=70 1x, https:\/\/www.capgemini.com\/wp-content\/uploads\/2023\/05\/5a.jpg?w=2880&amp;quality=70 2x\" media=\"(min-width: 992px)\"\/><source srcset=\"https:\/\/www.capgemini.com\/wp-content\/uploads\/2023\/05\/5a.jpg?w=1024&amp;quality=70 1x, https:\/\/www.capgemini.com\/wp-content\/uploads\/2023\/05\/5a.jpg?w=1024&amp;quality=70 2x\" media=\"(min-width: 768px)\"\/><source srcset=\"https:\/\/www.capgemini.com\/wp-content\/uploads\/2023\/05\/5a.jpg?w=768&amp;quality=70 1x, https:\/\/www.capgemini.com\/wp-content\/uploads\/2023\/05\/5a.jpg?w=768&amp;quality=70 2x\" media=\"(min-width: 0)\"\/><img decoding=\"async\" src=\"https:\/\/www.capgemini.com\/wp-content\/uploads\/2023\/05\/5a.jpg\" class=\"desktopImage\" alt=\"\" style=\"object-fit:cover;object-position:54% 15%\" loading=\"eager\"\/><\/picture><picture><source srcset=\"https:\/\/www.capgemini.com\/wp-content\/uploads\/2023\/05\/5a.jpg?w=2880&amp;quality=70 1x, https:\/\/www.capgemini.com\/wp-content\/uploads\/2023\/05\/5a.jpg?w=2880&amp;quality=70 2x\" media=\"(min-width: 1500px)\"\/><source srcset=\"https:\/\/www.capgemini.com\/wp-content\/uploads\/2023\/05\/5a.jpg?w=1440&amp;quality=70 1x, https:\/\/www.capgemini.com\/wp-content\/uploads\/2023\/05\/5a.jpg?w=2880&amp;quality=70 2x\" media=\"(min-width: 992px)\"\/><source srcset=\"https:\/\/www.capgemini.com\/wp-content\/uploads\/2023\/05\/5a.jpg?w=1024&amp;quality=70 1x, https:\/\/www.capgemini.com\/wp-content\/uploads\/2023\/05\/5a.jpg?w=1024&amp;quality=70 2x\" media=\"(min-width: 768px)\"\/><source srcset=\"https:\/\/www.capgemini.com\/wp-content\/uploads\/2023\/05\/5a.jpg?w=768&amp;quality=70 1x, https:\/\/www.capgemini.com\/wp-content\/uploads\/2023\/05\/5a.jpg?w=768&amp;quality=70 2x\" media=\"(min-width: 0)\"\/><img decoding=\"async\" src=\"https:\/\/www.capgemini.com\/wp-content\/uploads\/2023\/05\/5a.jpg\" class=\"mobileImage\" alt=\"\" style=\"object-fit:cover;object-position:54% 15%\" loading=\"eager\"\/><\/picture><\/div><div class=\"heroPictureCardHeaderShape\"><\/div><div class=\"container\"><div class=\"row\"><div class=\"col-md-8 col-lg-6\"><div class=\"heroPictureCardBox\"><div class=\"heroPictureCardBoxTitle\"><h1 data-maxlength=\"144\">Gest\u00e3o comercial e de contratos<\/h1><\/div><\/div><\/div><\/div><\/div><div class=\"small-device\"><div class=\"brandLogoWrapper\"> <\/div><\/div><\/div>\n\n\n\n<section class=\"wp-block-cg-blocks-intro-para undefined section section--intro\"><div class=\"intro-para\"><div class=\"container\"><div class=\"row\"><div class=\"col-12 col-md-2\"><nav class=\"article-social\"><ul class=\"social-nav\"><li class=\"ip-order-fb\"><a href=\"https:\/\/www.facebook.com\/sharer\/sharer.php?u=https:\/\/www.capgemini.com\/careers\/career-paths\/professions\/commercial-and-contract-management\/\" target=\"_blank\" rel=\"noopener noreferrer\" title=\"abre em uma nova janela\"><i aria-hidden=\"true\" class=\"icon-fb\"><\/i><span class=\"sr-only\">Facebook<\/span><\/a><\/li><li class=\"ip-order-li\"><a href=\"https:\/\/www.linkedin.com\/shareArticle?url=https:\/\/www.capgemini.com\/careers\/career-paths\/professions\/commercial-and-contract-management\/\" target=\"_blank\" rel=\"noopener noreferrer\" title=\"abre em uma nova janela\"><i aria-hidden=\"true\" class=\"icon-li\"><\/i><span class=\"sr-only\">Linkedin<\/span><\/a><\/li><\/ul><\/nav><\/div><div class=\"col-12 col-md-8\"><h2 class=\"intro-para-title\">Explore fun\u00e7\u00f5es em gest\u00e3o comercial e de contratos.<\/h2><p class=\"intro-para-content\">Com expertise em gest\u00e3o comercial e de contratos (CCM), voc\u00ea utilizar\u00e1 suas habilidades para moldar e gerenciar contratos a fim de impulsionar resultados empresariais bem-sucedidos. Em propostas, voc\u00ea ser\u00e1 um membro chave da equipe negociando contratos que sejam gerenci\u00e1veis e lucrativos. Em compromissos, voc\u00ea trabalhar\u00e1 com a equipe de contas para garantir a conformidade com os termos e condi\u00e7\u00f5es do contrato, al\u00e9m de impulsionar o crescimento e o desempenho financeiro da conta. Voc\u00ea ser\u00e1 respons\u00e1vel por desenvolver e manter relacionamentos com os clientes e, com uma compreens\u00e3o profunda do neg\u00f3cio da Capgemini, ajudar\u00e1 a impulsionar contratos bem-sucedidos.<br><br><strong>Dentro dessa profiss\u00e3o, voc\u00ea poderia assumir fun\u00e7\u00f5es como:<\/strong><\/p><ul class=\"box-list\"><li>servi\u00e7os industrializados de CCM<\/li><li>Parceiro de neg\u00f3cios CCM.<\/li><\/ul><\/div><\/div><\/div><\/div><\/section>\n\n\n\n<section class=\"wp-block-cg-blocks-call-to-action undefined is-style-cg-purple call-to-action-block\"><div class=\"container\"><div class=\"call-to-action-block-content-wrapper has-description\"><div class=\"text-wrapper has-description\"> <p class=\"description\" data-maxlength=\"210\">Voc\u00ea est\u00e1 pronto para enfrentar o desafio? Encontre a oportunidade que combina com voc\u00ea.<\/p><\/div><div class=\"button-wrapper has-description\"><a class=\"cta-btn action-valid\" href=\"https:\/\/www.capgemini.com\/br-pt\/carreira\/\" target=\"\" rel=\"noopener noreferrer\" aria-label=\"Buscar empregos sobre \" title=\"Opens in a new window\" data-maxlength=\"24\" tabindex=\"0\"> Buscar empregos <\/a><\/div><\/div><\/div><\/section>\n\n\n\n<section class=\"wp-block-cg-blocks-learn-more updated-new-sample-amal learnMoreBlock\"><div class=\"container\"><div class=\"row\"><div class=\"content-title col-12 col-md-8\"><h2 class=\"learnmore-heading\">As pessoas tamb\u00e9m visualizaram<\/h2><\/div><\/div><div class=\"row\"><div class=\"col-md-4\"><div class=\"box\"><div class=\"box-wrapper\"><a class=\"box-title\" href=\"https:\/\/www.capgemini.com\/careers\/career-paths\/professions\/admin-support\/\" target=\"\" aria-label=\"Suporte Administrativo\" rel=\"noopener noreferrer\"><div class=\"box-img-wrapper\"><img decoding=\"async\" src=\"https:\/\/www.capgemini.com\/wp-content\/uploads\/2023\/05\/2a-1.jpg?w=500&amp;quality=70\" srcset=\"https:\/\/www.capgemini.com\/wp-content\/uploads\/2023\/05\/2a-1.jpg?w=500&amp;quality=70 1x, https:\/\/www.capgemini.com\/wp-content\/uploads\/2023\/05\/2a-1.jpg?w=1000&amp;quality=70 2x\" class=\"box-img\" alt=\"\" style=\"object-fit:cover;object-position:50% 50%\" loading=\"lazy\"\/><\/div><h3 class=\"titleWithoutLink_learnMore\">Suporte Administrativo<\/h3><\/a><\/div><\/div><div class=\"box-inner\"><\/div><\/div><div class=\"col-md-4\"><div class=\"box\"><div class=\"box-wrapper\"><a class=\"box-title\" href=\"https:\/\/www.capgemini.com\/br-pt\/carreira\/caminhos-para-carreira\/profissoes\/gestao-de-risco-empresarial\/\" target=\"\" aria-label=\"Gest\u00e3o de Risco Empresarial\" rel=\"noopener noreferrer\"><div class=\"box-img-wrapper\"><img decoding=\"async\" src=\"https:\/\/www.capgemini.com\/wp-content\/uploads\/2023\/05\/3a.jpg?w=500&amp;quality=70\" srcset=\"https:\/\/www.capgemini.com\/wp-content\/uploads\/2023\/05\/3a.jpg?w=500&amp;quality=70 1x, https:\/\/www.capgemini.com\/wp-content\/uploads\/2023\/05\/3a.jpg?w=1000&amp;quality=70 2x\" class=\"box-img\" alt=\"\" style=\"object-fit:cover;object-position:50% 50%\" loading=\"lazy\"\/><\/div><h3 class=\"titleWithoutLink_learnMore\">Gest\u00e3o de Risco Empresarial<\/h3><\/a><\/div><\/div><div class=\"box-inner\"><\/div><\/div><div class=\"col-md-4\"><div class=\"box\"><div class=\"box-wrapper\"><a class=\"box-title\" href=\"https:\/\/www.capgemini.com\/careers\/career-paths\/professions\/legal\/\" target=\"\" aria-label=\"Legal\" rel=\"noopener noreferrer\"><div class=\"box-img-wrapper\"><img decoding=\"async\" src=\"https:\/\/www.capgemini.com\/wp-content\/uploads\/2023\/05\/6a.jpg?w=500&amp;quality=70\" srcset=\"https:\/\/www.capgemini.com\/wp-content\/uploads\/2023\/05\/6a.jpg?w=500&amp;quality=70 1x, https:\/\/www.capgemini.com\/wp-content\/uploads\/2023\/05\/6a.jpg?w=1000&amp;quality=70 2x\" class=\"box-img\" alt=\"\" style=\"object-fit:cover;object-position:50% 50%\" loading=\"lazy\"\/><\/div><h3 class=\"titleWithoutLink_learnMore\">Legal<\/h3><\/a><\/div><\/div><div class=\"box-inner\"><\/div><\/div><\/div><\/div><\/section>\n","protected":false},"excerpt":{"rendered":"<p>Explore oportunidades em gest\u00e3o comercial e de contratos.<\/p>\n","protected":false},"author":81,"featured_media":646951,"parent":646153,"menu_order":0,"comment_status":"closed","ping_status":"closed","template":"","meta":{"cg_dt_proposed_to":[],"cg_seo_hreflang_relations":"[]","cg_seo_canonical_relation":"","cg_seo_hreflang_x_default_relation":"{\"uuid\":\"94e5de73-6cda-4262-8861-6163efb03902\",\"blogId\":\"1\",\"domain\":\"www.capgemini.com\",\"sitePath\":\"\/\",\"postLink\":\"https:\/\/www.capgemini.com\/careers\/career-paths\/professions\/commercial-and-contract-management\/\",\"postId\":898163,\"isSaved\":true,\"isCrossLink\":false,\"hasCrossLink\":false,\"isEnabled\":true}","cg_dt_approved_content":true,"cg_dt_mandatory_content":false,"cg_dt_notes":"","cg_dg_source_changed":false,"cg_dt_link_disabled":false,"_yoast_wpseo_primary_brand":"","footnotes":"","featured_focal_points":"","partner_card_description":"","gsap_animation":0},"brand":[],"partner_type":[],"service":[],"industry":[],"partners":[],"page-type":[35],"content-group":[],"class_list":["post-646950","page","type-page","status-publish","has-post-thumbnail","hentry","page-type-careers"],"yoast_head":"<!-- This site is optimized with the Yoast SEO Premium plugin v22.8 (Yoast SEO v22.8) - https:\/\/yoast.com\/wordpress\/plugins\/seo\/ -->\n<title>Gest\u00e3o comercial e de contratos - Capgemini Brasil<\/title>\n<meta name=\"description\" content=\"Prepare-se para desafios em gest\u00e3o comercial e de contratos e encontre oportunidades que se alinhem com suas compet\u00eancias.\" \/>\n<meta name=\"robots\" content=\"index, follow, max-snippet:-1, max-image-preview:large, max-video-preview:-1\" \/>\n<link rel=\"canonical\" href=\"https:\/\/www.capgemini.com\/br-pt\/carreira\/caminhos-para-carreira\/profissoes\/gestao-comercial-e-de-contratos\/\" \/>\n<meta property=\"og:locale\" content=\"pt_BR\" \/>\n<meta property=\"og:type\" content=\"article\" \/>\n<meta property=\"og:title\" content=\"Gest\u00e3o comercial e de contratos\" \/>\n<meta property=\"og:description\" content=\"Prepare-se para desafios em gest\u00e3o comercial e de contratos e encontre oportunidades que se alinhem com suas compet\u00eancias.\" \/>\n<meta property=\"og:url\" content=\"https:\/\/www.capgemini.com\/br-pt\/carreira\/caminhos-para-carreira\/profissoes\/gestao-comercial-e-de-contratos\/\" \/>\n<meta property=\"og:site_name\" content=\"Capgemini Brasil\" \/>\n<meta property=\"article:modified_time\" content=\"2026-04-02T17:55:52+00:00\" \/>\n<meta property=\"og:image\" content=\"https:\/\/www.capgemini.com\/br-pt\/wp-content\/uploads\/sites\/12\/2025\/10\/New-Web-preview-global.jpg\" \/>\n\t<meta property=\"og:image:width\" content=\"1200\" \/>\n\t<meta property=\"og:image:height\" content=\"627\" \/>\n\t<meta property=\"og:image:type\" content=\"image\/jpeg\" \/>\n<meta name=\"twitter:card\" content=\"summary_large_image\" \/>\n<meta name=\"twitter:label1\" content=\"Est. reading time\" \/>\n\t<meta name=\"twitter:data1\" content=\"3 minutes\" \/>\n<script type=\"application\/ld+json\" class=\"yoast-schema-graph\">{\"@context\":\"https:\/\/schema.org\",\"@graph\":[{\"@type\":\"WebPage\",\"@id\":\"https:\/\/www.capgemini.com\/br-pt\/carreira\/caminhos-para-carreira\/profissoes\/gestao-comercial-e-de-contratos\/\",\"url\":\"https:\/\/www.capgemini.com\/br-pt\/carreira\/caminhos-para-carreira\/profissoes\/gestao-comercial-e-de-contratos\/\",\"name\":\"Gest\u00e3o comercial e de contratos - Capgemini Brasil\",\"isPartOf\":{\"@id\":\"https:\/\/www.capgemini.com\/br-pt\/#website\"},\"primaryImageOfPage\":{\"@id\":\"https:\/\/www.capgemini.com\/br-pt\/carreira\/caminhos-para-carreira\/profissoes\/gestao-comercial-e-de-contratos\/#primaryimage\"},\"image\":{\"@id\":\"https:\/\/www.capgemini.com\/br-pt\/carreira\/caminhos-para-carreira\/profissoes\/gestao-comercial-e-de-contratos\/#primaryimage\"},\"thumbnailUrl\":\"https:\/\/www.capgemini.com\/br-pt\/wp-content\/uploads\/sites\/12\/2023\/05\/5a.jpg\",\"datePublished\":\"2026-04-02T17:55:49+00:00\",\"dateModified\":\"2026-04-02T17:55:52+00:00\",\"description\":\"Prepare-se para desafios em gest\u00e3o comercial e de contratos e encontre oportunidades que se alinhem com suas compet\u00eancias.\",\"breadcrumb\":{\"@id\":\"https:\/\/www.capgemini.com\/br-pt\/carreira\/caminhos-para-carreira\/profissoes\/gestao-comercial-e-de-contratos\/#breadcrumb\"},\"inLanguage\":\"pt-BR\",\"potentialAction\":[{\"@type\":\"ReadAction\",\"target\":[\"https:\/\/www.capgemini.com\/br-pt\/carreira\/caminhos-para-carreira\/profissoes\/gestao-comercial-e-de-contratos\/\"]}]},{\"@type\":\"ImageObject\",\"inLanguage\":\"pt-BR\",\"@id\":\"https:\/\/www.capgemini.com\/br-pt\/carreira\/caminhos-para-carreira\/profissoes\/gestao-comercial-e-de-contratos\/#primaryimage\",\"url\":\"https:\/\/www.capgemini.com\/br-pt\/wp-content\/uploads\/sites\/12\/2023\/05\/5a.jpg\",\"contentUrl\":\"https:\/\/www.capgemini.com\/br-pt\/wp-content\/uploads\/sites\/12\/2023\/05\/5a.jpg\",\"width\":2880,\"height\":1800,\"caption\":\"profession - commercial management - banner\"},{\"@type\":\"BreadcrumbList\",\"@id\":\"https:\/\/www.capgemini.com\/br-pt\/carreira\/caminhos-para-carreira\/profissoes\/gestao-comercial-e-de-contratos\/#breadcrumb\",\"itemListElement\":[{\"@type\":\"ListItem\",\"position\":1,\"name\":\"Home\",\"item\":\"https:\/\/www.capgemini.com\/br-pt\/\"},{\"@type\":\"ListItem\",\"position\":2,\"name\":\"Carreira\",\"item\":\"https:\/\/www.capgemini.com\/br-pt\/carreira\/\"},{\"@type\":\"ListItem\",\"position\":3,\"name\":\"Caminhos para carreira\",\"item\":\"https:\/\/www.capgemini.com\/br-pt\/carreira\/caminhos-para-carreira\/\"},{\"@type\":\"ListItem\",\"position\":4,\"name\":\"Nossas profiss\u00f5es\",\"item\":\"https:\/\/www.capgemini.com\/br-pt\/carreira\/caminhos-para-carreira\/profissoes\/\"},{\"@type\":\"ListItem\",\"position\":5,\"name\":\"Gest\u00e3o comercial e de contratos\"}]},{\"@type\":\"WebSite\",\"@id\":\"https:\/\/www.capgemini.com\/br-pt\/#website\",\"url\":\"https:\/\/www.capgemini.com\/br-pt\/\",\"name\":\"Capgemini Brasil\",\"description\":\"Capgemini\",\"potentialAction\":[{\"@type\":\"SearchAction\",\"target\":{\"@type\":\"EntryPoint\",\"urlTemplate\":\"https:\/\/www.capgemini.com\/br-pt\/?s={search_term_string}\"},\"query-input\":\"required name=search_term_string\"}],\"inLanguage\":\"pt-BR\"}]}<\/script>\n<!-- \/ Yoast SEO Premium plugin. -->","yoast_head_json":{"title":"Gest\u00e3o comercial e de contratos - Capgemini Brasil","description":"Prepare-se para desafios em gest\u00e3o comercial e de contratos e encontre oportunidades que se alinhem com suas compet\u00eancias.","robots":{"index":"index","follow":"follow","max-snippet":"max-snippet:-1","max-image-preview":"max-image-preview:large","max-video-preview":"max-video-preview:-1"},"canonical":"https:\/\/www.capgemini.com\/br-pt\/carreira\/caminhos-para-carreira\/profissoes\/gestao-comercial-e-de-contratos\/","og_locale":"pt_BR","og_type":"article","og_title":"Gest\u00e3o comercial e de contratos","og_description":"Prepare-se para desafios em gest\u00e3o comercial e de contratos e encontre oportunidades que se alinhem com suas compet\u00eancias.","og_url":"https:\/\/www.capgemini.com\/br-pt\/carreira\/caminhos-para-carreira\/profissoes\/gestao-comercial-e-de-contratos\/","og_site_name":"Capgemini Brasil","article_modified_time":"2026-04-02T17:55:52+00:00","og_image":[{"width":1200,"height":627,"url":"https:\/\/www.capgemini.com\/br-pt\/wp-content\/uploads\/sites\/12\/2025\/10\/New-Web-preview-global.jpg","type":"image\/jpeg"}],"twitter_card":"summary_large_image","twitter_misc":{"Est. reading time":"3 minutes"},"schema":{"@context":"https:\/\/schema.org","@graph":[{"@type":"WebPage","@id":"https:\/\/www.capgemini.com\/br-pt\/carreira\/caminhos-para-carreira\/profissoes\/gestao-comercial-e-de-contratos\/","url":"https:\/\/www.capgemini.com\/br-pt\/carreira\/caminhos-para-carreira\/profissoes\/gestao-comercial-e-de-contratos\/","name":"Gest\u00e3o comercial e de contratos - Capgemini Brasil","isPartOf":{"@id":"https:\/\/www.capgemini.com\/br-pt\/#website"},"primaryImageOfPage":{"@id":"https:\/\/www.capgemini.com\/br-pt\/carreira\/caminhos-para-carreira\/profissoes\/gestao-comercial-e-de-contratos\/#primaryimage"},"image":{"@id":"https:\/\/www.capgemini.com\/br-pt\/carreira\/caminhos-para-carreira\/profissoes\/gestao-comercial-e-de-contratos\/#primaryimage"},"thumbnailUrl":"https:\/\/www.capgemini.com\/br-pt\/wp-content\/uploads\/sites\/12\/2023\/05\/5a.jpg","datePublished":"2026-04-02T17:55:49+00:00","dateModified":"2026-04-02T17:55:52+00:00","description":"Prepare-se para desafios em gest\u00e3o comercial e de contratos e encontre oportunidades que se alinhem com suas compet\u00eancias.","breadcrumb":{"@id":"https:\/\/www.capgemini.com\/br-pt\/carreira\/caminhos-para-carreira\/profissoes\/gestao-comercial-e-de-contratos\/#breadcrumb"},"inLanguage":"pt-BR","potentialAction":[{"@type":"ReadAction","target":["https:\/\/www.capgemini.com\/br-pt\/carreira\/caminhos-para-carreira\/profissoes\/gestao-comercial-e-de-contratos\/"]}]},{"@type":"ImageObject","inLanguage":"pt-BR","@id":"https:\/\/www.capgemini.com\/br-pt\/carreira\/caminhos-para-carreira\/profissoes\/gestao-comercial-e-de-contratos\/#primaryimage","url":"https:\/\/www.capgemini.com\/br-pt\/wp-content\/uploads\/sites\/12\/2023\/05\/5a.jpg","contentUrl":"https:\/\/www.capgemini.com\/br-pt\/wp-content\/uploads\/sites\/12\/2023\/05\/5a.jpg","width":2880,"height":1800,"caption":"profession - commercial management - banner"},{"@type":"BreadcrumbList","@id":"https:\/\/www.capgemini.com\/br-pt\/carreira\/caminhos-para-carreira\/profissoes\/gestao-comercial-e-de-contratos\/#breadcrumb","itemListElement":[{"@type":"ListItem","position":1,"name":"Home","item":"https:\/\/www.capgemini.com\/br-pt\/"},{"@type":"ListItem","position":2,"name":"Carreira","item":"https:\/\/www.capgemini.com\/br-pt\/carreira\/"},{"@type":"ListItem","position":3,"name":"Caminhos para carreira","item":"https:\/\/www.capgemini.com\/br-pt\/carreira\/caminhos-para-carreira\/"},{"@type":"ListItem","position":4,"name":"Nossas profiss\u00f5es","item":"https:\/\/www.capgemini.com\/br-pt\/carreira\/caminhos-para-carreira\/profissoes\/"},{"@type":"ListItem","position":5,"name":"Gest\u00e3o comercial e de contratos"}]},{"@type":"WebSite","@id":"https:\/\/www.capgemini.com\/br-pt\/#website","url":"https:\/\/www.capgemini.com\/br-pt\/","name":"Capgemini Brasil","description":"Capgemini","potentialAction":[{"@type":"SearchAction","target":{"@type":"EntryPoint","urlTemplate":"https:\/\/www.capgemini.com\/br-pt\/?s={search_term_string}"},"query-input":"required name=search_term_string"}],"inLanguage":"pt-BR"}]}},"brand_term":[],"parsely":{"version":"1.1.0","canonical_url":"https:\/\/capgemini.com\/br-pt\/carreira\/caminhos-para-carreira\/profissoes\/gestao-comercial-e-de-contratos\/","smart_links":{"inbound":0,"outbound":0},"traffic_boost_suggestions_count":0,"meta":{"@context":"https:\/\/schema.org","@type":"WebPage","headline":"Gest\u00e3o comercial e de contratos","url":"https:\/\/www.capgemini.com\/br-pt\/carreira\/caminhos-para-carreira\/profissoes\/gestao-comercial-e-de-contratos\/","mainEntityOfPage":{"@type":"WebPage","@id":"https:\/\/www.capgemini.com\/br-pt\/carreira\/caminhos-para-carreira\/profissoes\/gestao-comercial-e-de-contratos\/"},"thumbnailUrl":"https:\/\/www.capgemini.com\/br-pt\/wp-content\/uploads\/sites\/12\/2023\/05\/5a.jpg?w=150&h=150&crop=1","image":{"@type":"ImageObject","url":"https:\/\/www.capgemini.com\/br-pt\/wp-content\/uploads\/sites\/12\/2023\/05\/5a.jpg"},"articleSection":"Uncategorized","author":[],"creator":[],"publisher":{"@type":"Organization","name":"Capgemini Brasil","logo":""},"keywords":[],"dateCreated":"2026-04-02T17:55:49Z","datePublished":"2026-04-02T17:55:49Z","dateModified":"2026-04-02T17:55:52Z"},"rendered":"<meta name=\"parsely-title\" content=\"Gest\u00e3o comercial e de contratos\" \/>\n<meta name=\"parsely-link\" content=\"https:\/\/www.capgemini.com\/br-pt\/carreira\/caminhos-para-carreira\/profissoes\/gestao-comercial-e-de-contratos\/\" \/>\n<meta name=\"parsely-type\" content=\"index\" \/>\n<meta name=\"parsely-image-url\" content=\"https:\/\/www.capgemini.com\/br-pt\/wp-content\/uploads\/sites\/12\/2023\/05\/5a.jpg?w=150&amp;h=150&amp;crop=1\" \/>\n<meta name=\"parsely-pub-date\" content=\"2026-04-02T17:55:49Z\" \/>\n<meta name=\"parsely-section\" content=\"Uncategorized\" \/>","tracker_url":"https:\/\/cdn.parsely.com\/keys\/capgemini.com\/p.js"},"archive_status":false,"featured_image_src":"https:\/\/www.capgemini.com\/br-pt\/wp-content\/uploads\/sites\/12\/2023\/05\/5a.jpg","featured_image_alt":"profession - commercial management - banner","distributor_meta":false,"distributor_terms":false,"distributor_media":false,"distributor_original_site_name":"Capgemini Brasil","distributor_original_site_url":"https:\/\/www.capgemini.com\/br-pt","push-errors":false,"_links":{"self":[{"href":"https:\/\/www.capgemini.com\/br-pt\/wp-json\/wp\/v2\/pages\/646950","targetHints":{"allow":["GET"]}}],"collection":[{"href":"https:\/\/www.capgemini.com\/br-pt\/wp-json\/wp\/v2\/pages"}],"about":[{"href":"https:\/\/www.capgemini.com\/br-pt\/wp-json\/wp\/v2\/types\/page"}],"author":[{"embeddable":true,"href":"https:\/\/www.capgemini.com\/br-pt\/wp-json\/wp\/v2\/users\/81"}],"replies":[{"embeddable":true,"href":"https:\/\/www.capgemini.com\/br-pt\/wp-json\/wp\/v2\/comments?post=646950"}],"version-history":[{"count":4,"href":"https:\/\/www.capgemini.com\/br-pt\/wp-json\/wp\/v2\/pages\/646950\/revisions"}],"predecessor-version":[{"id":647061,"href":"https:\/\/www.capgemini.com\/br-pt\/wp-json\/wp\/v2\/pages\/646950\/revisions\/647061"}],"up":[{"embeddable":true,"href":"https:\/\/www.capgemini.com\/br-pt\/wp-json\/wp\/v2\/pages\/646153"}],"wp:featuredmedia":[{"embeddable":true,"href":"https:\/\/www.capgemini.com\/br-pt\/wp-json\/wp\/v2\/media\/646951"}],"wp:attachment":[{"href":"https:\/\/www.capgemini.com\/br-pt\/wp-json\/wp\/v2\/media?parent=646950"}],"wp:term":[{"taxonomy":"brand","embeddable":true,"href":"https:\/\/www.capgemini.com\/br-pt\/wp-json\/wp\/v2\/brand?post=646950"},{"taxonomy":"partner_type","embeddable":true,"href":"https:\/\/www.capgemini.com\/br-pt\/wp-json\/wp\/v2\/partner_type?post=646950"},{"taxonomy":"service","embeddable":true,"href":"https:\/\/www.capgemini.com\/br-pt\/wp-json\/wp\/v2\/service?post=646950"},{"taxonomy":"industry","embeddable":true,"href":"https:\/\/www.capgemini.com\/br-pt\/wp-json\/wp\/v2\/industry?post=646950"},{"taxonomy":"partners","embeddable":true,"href":"https:\/\/www.capgemini.com\/br-pt\/wp-json\/wp\/v2\/partners?post=646950"},{"taxonomy":"page-type","embeddable":true,"href":"https:\/\/www.capgemini.com\/br-pt\/wp-json\/wp\/v2\/page-type?post=646950"},{"taxonomy":"content-group","embeddable":true,"href":"https:\/\/www.capgemini.com\/br-pt\/wp-json\/wp\/v2\/content-group?post=646950"}],"curies":[{"name":"wp","href":"https:\/\/api.w.org\/{rel}","templated":true}]}}