{"id":646942,"date":"2026-04-02T16:14:37","date_gmt":"2026-04-02T16:14:37","guid":{"rendered":"https:\/\/www.capgemini.com\/br-pt\/?page_id=646942&#038;preview_id=646942"},"modified":"2026-04-02T16:14:41","modified_gmt":"2026-04-02T16:14:41","slug":"gestao-de-portfolio-e-produto","status":"publish","type":"page","link":"https:\/\/www.capgemini.com\/br-pt\/carreira\/caminhos-para-carreira\/profissoes\/gestao-de-portfolio-e-produto\/","title":{"rendered":"Gest\u00e3o de portf\u00f3lio e produto"},"content":{"rendered":"\n<div class=\"wp-block-cg-blocks-hero-picture-card undefined  heroPictureCard\"><div class=\"heroPictureCardBgs\"><picture><source srcset=\"https:\/\/www.capgemini.com\/wp-content\/uploads\/2023\/05\/2b-1.jpg?w=2880&amp;quality=70 1x, https:\/\/www.capgemini.com\/wp-content\/uploads\/2023\/05\/2b-1.jpg?w=2880&amp;quality=70 2x\" media=\"(min-width: 1500px)\"\/><source srcset=\"https:\/\/www.capgemini.com\/wp-content\/uploads\/2023\/05\/2b-1.jpg?w=1440&amp;quality=70 1x, https:\/\/www.capgemini.com\/wp-content\/uploads\/2023\/05\/2b-1.jpg?w=2880&amp;quality=70 2x\" media=\"(min-width: 992px)\"\/><source srcset=\"https:\/\/www.capgemini.com\/wp-content\/uploads\/2023\/05\/2b-1.jpg?w=1024&amp;quality=70 1x, https:\/\/www.capgemini.com\/wp-content\/uploads\/2023\/05\/2b-1.jpg?w=1024&amp;quality=70 2x\" media=\"(min-width: 768px)\"\/><source srcset=\"https:\/\/www.capgemini.com\/wp-content\/uploads\/2023\/05\/2b-1.jpg?w=768&amp;quality=70 1x, https:\/\/www.capgemini.com\/wp-content\/uploads\/2023\/05\/2b-1.jpg?w=768&amp;quality=70 2x\" media=\"(min-width: 0)\"\/><img decoding=\"async\" src=\"https:\/\/www.capgemini.com\/wp-content\/uploads\/2023\/05\/2b-1.jpg\" class=\"desktopImage\" alt=\"\" style=\"object-fit:cover;object-position:44% 27%\" loading=\"eager\"\/><\/picture><picture><source srcset=\"https:\/\/www.capgemini.com\/wp-content\/uploads\/2023\/05\/2b-1.jpg?w=2880&amp;quality=70 1x, https:\/\/www.capgemini.com\/wp-content\/uploads\/2023\/05\/2b-1.jpg?w=2880&amp;quality=70 2x\" media=\"(min-width: 1500px)\"\/><source srcset=\"https:\/\/www.capgemini.com\/wp-content\/uploads\/2023\/05\/2b-1.jpg?w=1440&amp;quality=70 1x, https:\/\/www.capgemini.com\/wp-content\/uploads\/2023\/05\/2b-1.jpg?w=2880&amp;quality=70 2x\" media=\"(min-width: 992px)\"\/><source srcset=\"https:\/\/www.capgemini.com\/wp-content\/uploads\/2023\/05\/2b-1.jpg?w=1024&amp;quality=70 1x, https:\/\/www.capgemini.com\/wp-content\/uploads\/2023\/05\/2b-1.jpg?w=1024&amp;quality=70 2x\" media=\"(min-width: 768px)\"\/><source srcset=\"https:\/\/www.capgemini.com\/wp-content\/uploads\/2023\/05\/2b-1.jpg?w=768&amp;quality=70 1x, https:\/\/www.capgemini.com\/wp-content\/uploads\/2023\/05\/2b-1.jpg?w=768&amp;quality=70 2x\" media=\"(min-width: 0)\"\/><img decoding=\"async\" src=\"https:\/\/www.capgemini.com\/wp-content\/uploads\/2023\/05\/2b-1.jpg\" class=\"mobileImage\" alt=\"\" style=\"object-fit:cover;object-position:44% 27%\" loading=\"eager\"\/><\/picture><\/div><div class=\"heroPictureCardHeaderShape\"><\/div><div class=\"container\"><div class=\"row\"><div class=\"col-md-8 col-lg-6\"><div class=\"heroPictureCardBox\"><div class=\"heroPictureCardBoxTitle\"><h1 data-maxlength=\"144\">Gest\u00e3o de portf\u00f3lio e produto<\/h1><\/div><\/div><\/div><\/div><\/div><div class=\"small-device\"><div class=\"brandLogoWrapper\"> <\/div><\/div><\/div>\n\n\n\n<section class=\"wp-block-cg-blocks-group undefined section section--article-content\"><div class=\"article-main-content\"><div class=\"container\"><div class=\"grid-container\"><div class=\"col-12 col-md-2\"><nav class=\"article-social\"><ul class=\"social-nav\"><li class=\"ip-order-fb\"><a href=\"https:\/\/www.facebook.com\/sharer\/sharer.php?u=https:\/\/www.capgemini.com\/careers\/career-paths\/professions\/portfolio-and-product-management\/\" target=\"_blank\" rel=\"noopener noreferrer\" title=\"opens in a new window\"><i aria-hidden=\"true\" class=\"icon-fb\"><\/i><span class=\"sr-only\">Facebook<\/span><\/a><\/li><li class=\"ip-order-tw\"><a href=\"https:\/\/twitter.com\/intent\/tweet?url=https:\/\/www.capgemini.com\/careers\/career-paths\/professions\/portfolio-and-product-management\/&amp;text=Portfolio%20and%20product%20management\" target=\"_blank\" rel=\"noopener noreferrer\" title=\"opens in a new window\"><i aria-hidden=\"true\" class=\"icon-tw\"><\/i><span class=\"sr-only\">Twitter<\/span><\/a><\/li><li class=\"ip-order-li\"><a href=\"https:\/\/www.linkedin.com\/shareArticle?url=https:\/\/www.capgemini.com\/careers\/career-paths\/professions\/portfolio-and-product-management\/&amp;text=Portfolio%20and%20product%20management\" target=\"_blank\" rel=\"noopener noreferrer\" title=\"opens in a new window\"><i aria-hidden=\"true\" class=\"icon-li\"><\/i><span class=\"sr-only\">Linkedin<\/span><\/a><\/li><\/ul><\/nav><\/div><div><div class=\"article-text article-quote-text\">\n<h3 class=\"wp-block-heading\" id=\"h-liberte-seu-potencial-na-gestao-de-portfolio-e-produto\">Liberte seu potencial na gest\u00e3o de portf\u00f3lio e produto.<\/h3>\n\n\n\n<p>Como gerente de produto, voc\u00ea liderar\u00e1 a cria\u00e7\u00e3o de produtos desej\u00e1veis, vi\u00e1veis \u200b\u200be sustent\u00e1veis, equilibrando cuidadosamente as necessidades dos clientes, da empresa e das equipes de design e desenvolvimento ao longo de todo o ciclo de vida do produto no mercado.<\/p>\n\n\n\n<p>Com sua expertise em identificar e definir requisitos de produto, voc\u00ea guiar\u00e1 a constru\u00e7\u00e3o de solu\u00e7\u00f5es inovadoras que superam as expectativas. Sua vis\u00e3o estrat\u00e9gica e abordagem colaborativa permitir\u00e3o uma coordena\u00e7\u00e3o perfeita entre as partes interessadas, garantindo um equil\u00edbrio harmonioso entre a satisfa\u00e7\u00e3o do cliente, os objetivos de neg\u00f3cios e a viabilidade t\u00e9cnica. Junte-se a n\u00f3s e esteja na vanguarda da cria\u00e7\u00e3o de produtos impactantes que fazem a diferen\u00e7a.<\/p>\n<\/div><\/div><\/div><\/div><\/div><\/section>\n\n\n\n<section class=\"wp-block-cg-blocks-call-to-action undefined is-style-cg-purple call-to-action-block\"><div class=\"container\"><div class=\"call-to-action-block-content-wrapper has-description\"><div class=\"text-wrapper has-description\"> <p class=\"description\" data-maxlength=\"210\">Voc\u00ea est\u00e1 pronto para encarar o desafio? Encontre a oportunidade ideal para voc\u00ea.<\/p><\/div><div class=\"button-wrapper has-description\"><a class=\"cta-btn action-valid\" href=\"https:\/\/www.capgemini.com\/br-pt\/carreira\/\" target=\"\" rel=\"noopener noreferrer\" aria-label=\"Procurar emprego sobre \" title=\"Opens in a new window\" data-maxlength=\"24\" tabindex=\"0\"> Procurar emprego <\/a><\/div><\/div><\/div><\/section>\n\n\n\n<section class=\"wp-block-cg-blocks-learn-more updated-new-sample-amal learnMoreBlock\"><div class=\"container\"><div class=\"row\"><div class=\"content-title col-12 col-md-8\"><h2 class=\"learnmore-heading\">People also viewed<\/h2><\/div><\/div><div class=\"row\"><div class=\"col-md-4\"><div class=\"box\"><div class=\"box-wrapper\"><a class=\"box-title\" href=\"https:\/\/www.capgemini.com\/careers\/career-paths\/professions\/business-analysis\/\" target=\"\" aria-label=\"An\u00e1lise de Neg\u00f3cios\" rel=\"noopener noreferrer\"><div class=\"box-img-wrapper\"><img decoding=\"async\" src=\"https:\/\/www.capgemini.com\/wp-content\/uploads\/2023\/05\/10a-1.jpg?w=500&amp;quality=70\" srcset=\"https:\/\/www.capgemini.com\/wp-content\/uploads\/2023\/05\/10a-1.jpg?w=500&amp;quality=70 1x, https:\/\/www.capgemini.com\/wp-content\/uploads\/2023\/05\/10a-1.jpg?w=1000&amp;quality=70 2x\" class=\"box-img\" alt=\"\" style=\"object-fit:cover;object-position:50% 50%\" loading=\"lazy\"\/><\/div><h3 class=\"titleWithoutLink_learnMore\">An\u00e1lise de Neg\u00f3cios<\/h3><\/a><\/div><\/div><div class=\"box-inner\"><\/div><\/div><div class=\"col-md-4\"><div class=\"box\"><div class=\"box-wrapper\"><a class=\"box-title\" href=\"https:\/\/www.capgemini.com\/careers\/career-paths\/professions\/creative-design\" target=\"\" aria-label=\"Design criativo\" rel=\"noopener noreferrer\"><div class=\"box-img-wrapper\"><img decoding=\"async\" src=\"https:\/\/www.capgemini.com\/wp-content\/uploads\/2023\/05\/12b.jpg?w=500&amp;quality=70\" srcset=\"https:\/\/www.capgemini.com\/wp-content\/uploads\/2023\/05\/12b.jpg?w=500&amp;quality=70 1x, https:\/\/www.capgemini.com\/wp-content\/uploads\/2023\/05\/12b.jpg?w=1000&amp;quality=70 2x\" class=\"box-img\" alt=\"\" style=\"object-fit:cover;object-position:50% 50%\" loading=\"lazy\"\/><\/div><h3 class=\"titleWithoutLink_learnMore\">Design criativo<\/h3><\/a><\/div><\/div><div class=\"box-inner\"><\/div><\/div><div class=\"col-md-4\"><div class=\"box\"><div class=\"box-wrapper\"><a class=\"box-title\" href=\"https:\/\/www.capgemini.com\/careers\/career-paths\/professions\/delivery-excellence\" target=\"\" aria-label=\"Excel\u00eancia na Entrega\" rel=\"noopener noreferrer\"><div class=\"box-img-wrapper\"><img decoding=\"async\" src=\"https:\/\/www.capgemini.com\/wp-content\/uploads\/2023\/05\/MicrosoftTeams-image-35.jpg?w=500&amp;quality=70\" srcset=\"https:\/\/www.capgemini.com\/wp-content\/uploads\/2023\/05\/MicrosoftTeams-image-35.jpg?w=500&amp;quality=70 1x, https:\/\/www.capgemini.com\/wp-content\/uploads\/2023\/05\/MicrosoftTeams-image-35.jpg?w=1000&amp;quality=70 2x\" class=\"box-img\" alt=\"\" style=\"object-fit:cover;object-position:50% 50%\" loading=\"lazy\"\/><\/div><h3 class=\"titleWithoutLink_learnMore\">Excel\u00eancia na Entrega<\/h3><\/a><\/div><\/div><div class=\"box-inner\"><\/div><\/div><\/div><\/div><\/section>\n","protected":false},"excerpt":{"rendered":"<p>Junte-se a n\u00f3s para aprender sobre gest\u00e3o de portf\u00f3lio e produto.<\/p>\n","protected":false},"author":81,"featured_media":646943,"parent":646153,"menu_order":0,"comment_status":"closed","ping_status":"closed","template":"","meta":{"cg_dt_proposed_to":[],"cg_seo_hreflang_relations":"[]","cg_seo_canonical_relation":"","cg_seo_hreflang_x_default_relation":"{\"uuid\":\"a5c32fc0-7de0-4d81-8184-8d326f87f72b\",\"blogId\":\"1\",\"domain\":\"www.capgemini.com\",\"sitePath\":\"\/\",\"postLink\":\"https:\/\/www.capgemini.com\/careers\/career-paths\/professions\/portfolio-and-product-management\/\",\"postId\":934826,\"isSaved\":true,\"isCrossLink\":false,\"hasCrossLink\":false,\"isEnabled\":true}","cg_dt_approved_content":true,"cg_dt_mandatory_content":false,"cg_dt_notes":"","cg_dg_source_changed":false,"cg_dt_link_disabled":false,"_yoast_wpseo_primary_brand":"","footnotes":"","featured_focal_points":"","partner_card_description":"","gsap_animation":0},"brand":[],"partner_type":[],"service":[],"industry":[],"partners":[],"page-type":[35],"content-group":[],"class_list":["post-646942","page","type-page","status-publish","has-post-thumbnail","hentry","page-type-careers"],"yoast_head":"<!-- This site is optimized with the Yoast SEO Premium plugin v22.8 (Yoast SEO v22.8) - https:\/\/yoast.com\/wordpress\/plugins\/seo\/ -->\n<title>Gest\u00e3o de portf\u00f3lio e produto - Capgemini Brasil<\/title>\n<meta name=\"description\" content=\"Junte-se a n\u00f3s para aprender sobre gest\u00e3o de portf\u00f3lio e produto e enfrente os desafios na cria\u00e7\u00e3o de produtos eficazes.\" \/>\n<meta name=\"robots\" content=\"index, follow, max-snippet:-1, max-image-preview:large, max-video-preview:-1\" \/>\n<link rel=\"canonical\" href=\"https:\/\/www.capgemini.com\/br-pt\/carreira\/caminhos-para-carreira\/profissoes\/gestao-de-portfolio-e-produto\/\" \/>\n<meta property=\"og:locale\" content=\"pt_BR\" \/>\n<meta property=\"og:type\" content=\"article\" \/>\n<meta property=\"og:title\" content=\"Gest\u00e3o de portf\u00f3lio e produto\" \/>\n<meta property=\"og:description\" content=\"Junte-se a n\u00f3s para aprender sobre gest\u00e3o de portf\u00f3lio e produto e enfrente os desafios na cria\u00e7\u00e3o de produtos eficazes.\" \/>\n<meta property=\"og:url\" content=\"https:\/\/www.capgemini.com\/br-pt\/carreira\/caminhos-para-carreira\/profissoes\/gestao-de-portfolio-e-produto\/\" \/>\n<meta property=\"og:site_name\" content=\"Capgemini Brasil\" \/>\n<meta property=\"article:modified_time\" content=\"2026-04-02T16:14:41+00:00\" \/>\n<meta property=\"og:image\" content=\"https:\/\/www.capgemini.com\/br-pt\/wp-content\/uploads\/sites\/12\/2025\/10\/New-Web-preview-global.jpg\" \/>\n\t<meta property=\"og:image:width\" content=\"1200\" \/>\n\t<meta property=\"og:image:height\" content=\"627\" \/>\n\t<meta property=\"og:image:type\" content=\"image\/jpeg\" \/>\n<meta name=\"twitter:card\" content=\"summary_large_image\" \/>\n<meta name=\"twitter:label1\" content=\"Est. reading time\" \/>\n\t<meta name=\"twitter:data1\" content=\"3 minutes\" \/>\n<script type=\"application\/ld+json\" class=\"yoast-schema-graph\">{\"@context\":\"https:\/\/schema.org\",\"@graph\":[{\"@type\":\"WebPage\",\"@id\":\"https:\/\/www.capgemini.com\/br-pt\/carreira\/caminhos-para-carreira\/profissoes\/gestao-de-portfolio-e-produto\/\",\"url\":\"https:\/\/www.capgemini.com\/br-pt\/carreira\/caminhos-para-carreira\/profissoes\/gestao-de-portfolio-e-produto\/\",\"name\":\"Gest\u00e3o de portf\u00f3lio e produto - Capgemini Brasil\",\"isPartOf\":{\"@id\":\"https:\/\/www.capgemini.com\/br-pt\/#website\"},\"primaryImageOfPage\":{\"@id\":\"https:\/\/www.capgemini.com\/br-pt\/carreira\/caminhos-para-carreira\/profissoes\/gestao-de-portfolio-e-produto\/#primaryimage\"},\"image\":{\"@id\":\"https:\/\/www.capgemini.com\/br-pt\/carreira\/caminhos-para-carreira\/profissoes\/gestao-de-portfolio-e-produto\/#primaryimage\"},\"thumbnailUrl\":\"https:\/\/www.capgemini.com\/br-pt\/wp-content\/uploads\/sites\/12\/2023\/07\/2b-1.jpg\",\"datePublished\":\"2026-04-02T16:14:37+00:00\",\"dateModified\":\"2026-04-02T16:14:41+00:00\",\"description\":\"Junte-se a n\u00f3s para aprender sobre gest\u00e3o de portf\u00f3lio e produto e enfrente os desafios na cria\u00e7\u00e3o de produtos eficazes.\",\"breadcrumb\":{\"@id\":\"https:\/\/www.capgemini.com\/br-pt\/carreira\/caminhos-para-carreira\/profissoes\/gestao-de-portfolio-e-produto\/#breadcrumb\"},\"inLanguage\":\"pt-BR\",\"potentialAction\":[{\"@type\":\"ReadAction\",\"target\":[\"https:\/\/www.capgemini.com\/br-pt\/carreira\/caminhos-para-carreira\/profissoes\/gestao-de-portfolio-e-produto\/\"]}]},{\"@type\":\"ImageObject\",\"inLanguage\":\"pt-BR\",\"@id\":\"https:\/\/www.capgemini.com\/br-pt\/carreira\/caminhos-para-carreira\/profissoes\/gestao-de-portfolio-e-produto\/#primaryimage\",\"url\":\"https:\/\/www.capgemini.com\/br-pt\/wp-content\/uploads\/sites\/12\/2023\/07\/2b-1.jpg\",\"contentUrl\":\"https:\/\/www.capgemini.com\/br-pt\/wp-content\/uploads\/sites\/12\/2023\/07\/2b-1.jpg\",\"width\":2880,\"height\":1800,\"caption\":\"profession - portfolio management - banner\"},{\"@type\":\"BreadcrumbList\",\"@id\":\"https:\/\/www.capgemini.com\/br-pt\/carreira\/caminhos-para-carreira\/profissoes\/gestao-de-portfolio-e-produto\/#breadcrumb\",\"itemListElement\":[{\"@type\":\"ListItem\",\"position\":1,\"name\":\"Home\",\"item\":\"https:\/\/www.capgemini.com\/br-pt\/\"},{\"@type\":\"ListItem\",\"position\":2,\"name\":\"Carreira\",\"item\":\"https:\/\/www.capgemini.com\/br-pt\/carreira\/\"},{\"@type\":\"ListItem\",\"position\":3,\"name\":\"Caminhos para carreira\",\"item\":\"https:\/\/www.capgemini.com\/br-pt\/carreira\/caminhos-para-carreira\/\"},{\"@type\":\"ListItem\",\"position\":4,\"name\":\"Nossas profiss\u00f5es\",\"item\":\"https:\/\/www.capgemini.com\/br-pt\/carreira\/caminhos-para-carreira\/profissoes\/\"},{\"@type\":\"ListItem\",\"position\":5,\"name\":\"Gest\u00e3o de portf\u00f3lio e produto\"}]},{\"@type\":\"WebSite\",\"@id\":\"https:\/\/www.capgemini.com\/br-pt\/#website\",\"url\":\"https:\/\/www.capgemini.com\/br-pt\/\",\"name\":\"Capgemini Brasil\",\"description\":\"Capgemini\",\"potentialAction\":[{\"@type\":\"SearchAction\",\"target\":{\"@type\":\"EntryPoint\",\"urlTemplate\":\"https:\/\/www.capgemini.com\/br-pt\/?s={search_term_string}\"},\"query-input\":\"required name=search_term_string\"}],\"inLanguage\":\"pt-BR\"}]}<\/script>\n<!-- \/ Yoast SEO Premium plugin. -->","yoast_head_json":{"title":"Gest\u00e3o de portf\u00f3lio e produto - Capgemini Brasil","description":"Junte-se a n\u00f3s para aprender sobre gest\u00e3o de portf\u00f3lio e produto e enfrente os desafios na cria\u00e7\u00e3o de produtos eficazes.","robots":{"index":"index","follow":"follow","max-snippet":"max-snippet:-1","max-image-preview":"max-image-preview:large","max-video-preview":"max-video-preview:-1"},"canonical":"https:\/\/www.capgemini.com\/br-pt\/carreira\/caminhos-para-carreira\/profissoes\/gestao-de-portfolio-e-produto\/","og_locale":"pt_BR","og_type":"article","og_title":"Gest\u00e3o de portf\u00f3lio e produto","og_description":"Junte-se a n\u00f3s para aprender sobre gest\u00e3o de portf\u00f3lio e produto e enfrente os desafios na cria\u00e7\u00e3o de produtos eficazes.","og_url":"https:\/\/www.capgemini.com\/br-pt\/carreira\/caminhos-para-carreira\/profissoes\/gestao-de-portfolio-e-produto\/","og_site_name":"Capgemini Brasil","article_modified_time":"2026-04-02T16:14:41+00:00","og_image":[{"width":1200,"height":627,"url":"https:\/\/www.capgemini.com\/br-pt\/wp-content\/uploads\/sites\/12\/2025\/10\/New-Web-preview-global.jpg","type":"image\/jpeg"}],"twitter_card":"summary_large_image","twitter_misc":{"Est. reading time":"3 minutes"},"schema":{"@context":"https:\/\/schema.org","@graph":[{"@type":"WebPage","@id":"https:\/\/www.capgemini.com\/br-pt\/carreira\/caminhos-para-carreira\/profissoes\/gestao-de-portfolio-e-produto\/","url":"https:\/\/www.capgemini.com\/br-pt\/carreira\/caminhos-para-carreira\/profissoes\/gestao-de-portfolio-e-produto\/","name":"Gest\u00e3o de portf\u00f3lio e produto - Capgemini Brasil","isPartOf":{"@id":"https:\/\/www.capgemini.com\/br-pt\/#website"},"primaryImageOfPage":{"@id":"https:\/\/www.capgemini.com\/br-pt\/carreira\/caminhos-para-carreira\/profissoes\/gestao-de-portfolio-e-produto\/#primaryimage"},"image":{"@id":"https:\/\/www.capgemini.com\/br-pt\/carreira\/caminhos-para-carreira\/profissoes\/gestao-de-portfolio-e-produto\/#primaryimage"},"thumbnailUrl":"https:\/\/www.capgemini.com\/br-pt\/wp-content\/uploads\/sites\/12\/2023\/07\/2b-1.jpg","datePublished":"2026-04-02T16:14:37+00:00","dateModified":"2026-04-02T16:14:41+00:00","description":"Junte-se a n\u00f3s para aprender sobre gest\u00e3o de portf\u00f3lio e produto e enfrente os desafios na cria\u00e7\u00e3o de produtos eficazes.","breadcrumb":{"@id":"https:\/\/www.capgemini.com\/br-pt\/carreira\/caminhos-para-carreira\/profissoes\/gestao-de-portfolio-e-produto\/#breadcrumb"},"inLanguage":"pt-BR","potentialAction":[{"@type":"ReadAction","target":["https:\/\/www.capgemini.com\/br-pt\/carreira\/caminhos-para-carreira\/profissoes\/gestao-de-portfolio-e-produto\/"]}]},{"@type":"ImageObject","inLanguage":"pt-BR","@id":"https:\/\/www.capgemini.com\/br-pt\/carreira\/caminhos-para-carreira\/profissoes\/gestao-de-portfolio-e-produto\/#primaryimage","url":"https:\/\/www.capgemini.com\/br-pt\/wp-content\/uploads\/sites\/12\/2023\/07\/2b-1.jpg","contentUrl":"https:\/\/www.capgemini.com\/br-pt\/wp-content\/uploads\/sites\/12\/2023\/07\/2b-1.jpg","width":2880,"height":1800,"caption":"profession - portfolio management - banner"},{"@type":"BreadcrumbList","@id":"https:\/\/www.capgemini.com\/br-pt\/carreira\/caminhos-para-carreira\/profissoes\/gestao-de-portfolio-e-produto\/#breadcrumb","itemListElement":[{"@type":"ListItem","position":1,"name":"Home","item":"https:\/\/www.capgemini.com\/br-pt\/"},{"@type":"ListItem","position":2,"name":"Carreira","item":"https:\/\/www.capgemini.com\/br-pt\/carreira\/"},{"@type":"ListItem","position":3,"name":"Caminhos para carreira","item":"https:\/\/www.capgemini.com\/br-pt\/carreira\/caminhos-para-carreira\/"},{"@type":"ListItem","position":4,"name":"Nossas profiss\u00f5es","item":"https:\/\/www.capgemini.com\/br-pt\/carreira\/caminhos-para-carreira\/profissoes\/"},{"@type":"ListItem","position":5,"name":"Gest\u00e3o de portf\u00f3lio e produto"}]},{"@type":"WebSite","@id":"https:\/\/www.capgemini.com\/br-pt\/#website","url":"https:\/\/www.capgemini.com\/br-pt\/","name":"Capgemini Brasil","description":"Capgemini","potentialAction":[{"@type":"SearchAction","target":{"@type":"EntryPoint","urlTemplate":"https:\/\/www.capgemini.com\/br-pt\/?s={search_term_string}"},"query-input":"required name=search_term_string"}],"inLanguage":"pt-BR"}]}},"brand_term":[],"parsely":{"version":"1.1.0","canonical_url":"https:\/\/capgemini.com\/br-pt\/carreira\/caminhos-para-carreira\/profissoes\/gestao-de-portfolio-e-produto\/","smart_links":{"inbound":0,"outbound":0},"traffic_boost_suggestions_count":0,"meta":{"@context":"https:\/\/schema.org","@type":"WebPage","headline":"Gest\u00e3o de portf\u00f3lio e produto","url":"https:\/\/www.capgemini.com\/br-pt\/carreira\/caminhos-para-carreira\/profissoes\/gestao-de-portfolio-e-produto\/","mainEntityOfPage":{"@type":"WebPage","@id":"https:\/\/www.capgemini.com\/br-pt\/carreira\/caminhos-para-carreira\/profissoes\/gestao-de-portfolio-e-produto\/"},"thumbnailUrl":"https:\/\/www.capgemini.com\/br-pt\/wp-content\/uploads\/sites\/12\/2023\/07\/2b-1.jpg?w=150&h=150&crop=1","image":{"@type":"ImageObject","url":"https:\/\/www.capgemini.com\/br-pt\/wp-content\/uploads\/sites\/12\/2023\/07\/2b-1.jpg"},"articleSection":"Uncategorized","author":[],"creator":[],"publisher":{"@type":"Organization","name":"Capgemini Brasil","logo":""},"keywords":[],"dateCreated":"2026-04-02T16:14:37Z","datePublished":"2026-04-02T16:14:37Z","dateModified":"2026-04-02T16:14:41Z"},"rendered":"<meta name=\"parsely-title\" content=\"Gest\u00e3o de portf\u00f3lio e produto\" \/>\n<meta name=\"parsely-link\" content=\"https:\/\/www.capgemini.com\/br-pt\/carreira\/caminhos-para-carreira\/profissoes\/gestao-de-portfolio-e-produto\/\" \/>\n<meta name=\"parsely-type\" content=\"index\" \/>\n<meta name=\"parsely-image-url\" content=\"https:\/\/www.capgemini.com\/br-pt\/wp-content\/uploads\/sites\/12\/2023\/07\/2b-1.jpg?w=150&amp;h=150&amp;crop=1\" \/>\n<meta name=\"parsely-pub-date\" content=\"2026-04-02T16:14:37Z\" \/>\n<meta name=\"parsely-section\" content=\"Uncategorized\" \/>","tracker_url":"https:\/\/cdn.parsely.com\/keys\/capgemini.com\/p.js"},"archive_status":false,"featured_image_src":"https:\/\/www.capgemini.com\/br-pt\/wp-content\/uploads\/sites\/12\/2023\/07\/2b-1.jpg","featured_image_alt":"profession - portfolio management - banner","distributor_meta":false,"distributor_terms":false,"distributor_media":false,"distributor_original_site_name":"Capgemini Brasil","distributor_original_site_url":"https:\/\/www.capgemini.com\/br-pt","push-errors":false,"_links":{"self":[{"href":"https:\/\/www.capgemini.com\/br-pt\/wp-json\/wp\/v2\/pages\/646942","targetHints":{"allow":["GET"]}}],"collection":[{"href":"https:\/\/www.capgemini.com\/br-pt\/wp-json\/wp\/v2\/pages"}],"about":[{"href":"https:\/\/www.capgemini.com\/br-pt\/wp-json\/wp\/v2\/types\/page"}],"author":[{"embeddable":true,"href":"https:\/\/www.capgemini.com\/br-pt\/wp-json\/wp\/v2\/users\/81"}],"replies":[{"embeddable":true,"href":"https:\/\/www.capgemini.com\/br-pt\/wp-json\/wp\/v2\/comments?post=646942"}],"version-history":[{"count":1,"href":"https:\/\/www.capgemini.com\/br-pt\/wp-json\/wp\/v2\/pages\/646942\/revisions"}],"predecessor-version":[{"id":647018,"href":"https:\/\/www.capgemini.com\/br-pt\/wp-json\/wp\/v2\/pages\/646942\/revisions\/647018"}],"up":[{"embeddable":true,"href":"https:\/\/www.capgemini.com\/br-pt\/wp-json\/wp\/v2\/pages\/646153"}],"wp:featuredmedia":[{"embeddable":true,"href":"https:\/\/www.capgemini.com\/br-pt\/wp-json\/wp\/v2\/media\/646943"}],"wp:attachment":[{"href":"https:\/\/www.capgemini.com\/br-pt\/wp-json\/wp\/v2\/media?parent=646942"}],"wp:term":[{"taxonomy":"brand","embeddable":true,"href":"https:\/\/www.capgemini.com\/br-pt\/wp-json\/wp\/v2\/brand?post=646942"},{"taxonomy":"partner_type","embeddable":true,"href":"https:\/\/www.capgemini.com\/br-pt\/wp-json\/wp\/v2\/partner_type?post=646942"},{"taxonomy":"service","embeddable":true,"href":"https:\/\/www.capgemini.com\/br-pt\/wp-json\/wp\/v2\/service?post=646942"},{"taxonomy":"industry","embeddable":true,"href":"https:\/\/www.capgemini.com\/br-pt\/wp-json\/wp\/v2\/industry?post=646942"},{"taxonomy":"partners","embeddable":true,"href":"https:\/\/www.capgemini.com\/br-pt\/wp-json\/wp\/v2\/partners?post=646942"},{"taxonomy":"page-type","embeddable":true,"href":"https:\/\/www.capgemini.com\/br-pt\/wp-json\/wp\/v2\/page-type?post=646942"},{"taxonomy":"content-group","embeddable":true,"href":"https:\/\/www.capgemini.com\/br-pt\/wp-json\/wp\/v2\/content-group?post=646942"}],"curies":[{"name":"wp","href":"https:\/\/api.w.org\/{rel}","templated":true}]}}