{"id":642706,"date":"2025-08-07T15:40:26","date_gmt":"2025-08-07T15:40:26","guid":{"rendered":"https:\/\/www.capgemini.com\/br-pt\/?page_id=642706"},"modified":"2025-11-14T17:01:03","modified_gmt":"2025-11-14T17:01:03","slug":"seguro-talks-com-bb-seguros","status":"publish","type":"page","link":"https:\/\/www.capgemini.com\/br-pt\/seguro-talks-com-bb-seguros\/","title":{"rendered":"Seguro Talks com BB Seguros"},"content":{"rendered":"\n<div class=\"wp-block-cg-blocks-hero-picture-card undefined is-style-default  heroPictureCard\"><div class=\"heroPictureCardBgs\"><picture><source srcset=\"https:\/\/www.capgemini.com\/br-pt\/wp-content\/uploads\/sites\/12\/2025\/06\/seguro-talk2.png?w=2880&amp;quality=70 1x, https:\/\/www.capgemini.com\/br-pt\/wp-content\/uploads\/sites\/12\/2025\/06\/seguro-talk2.png?w=2880&amp;quality=70 2x\" media=\"(min-width: 1500px)\"\/><source srcset=\"https:\/\/www.capgemini.com\/br-pt\/wp-content\/uploads\/sites\/12\/2025\/06\/seguro-talk2.png?w=1440&amp;quality=70 1x, https:\/\/www.capgemini.com\/br-pt\/wp-content\/uploads\/sites\/12\/2025\/06\/seguro-talk2.png?w=2880&amp;quality=70 2x\" media=\"(min-width: 992px)\"\/><source srcset=\"https:\/\/www.capgemini.com\/br-pt\/wp-content\/uploads\/sites\/12\/2025\/06\/seguro-talk2.png?w=1024&amp;quality=70 1x, https:\/\/www.capgemini.com\/br-pt\/wp-content\/uploads\/sites\/12\/2025\/06\/seguro-talk2.png?w=1024&amp;quality=70 2x\" media=\"(min-width: 768px)\"\/><source srcset=\"https:\/\/www.capgemini.com\/br-pt\/wp-content\/uploads\/sites\/12\/2025\/06\/seguro-talk2.png?w=768&amp;quality=70 1x, https:\/\/www.capgemini.com\/br-pt\/wp-content\/uploads\/sites\/12\/2025\/06\/seguro-talk2.png?w=768&amp;quality=70 2x\" media=\"(min-width: 0)\"\/><img decoding=\"async\" src=\"https:\/\/www.capgemini.com\/br-pt\/wp-content\/uploads\/sites\/12\/2025\/06\/seguro-talk2.png\" class=\"desktopImage\" alt=\"\" style=\"object-fit:cover;object-position:28.999999999999996% 100%\" loading=\"eager\"\/><\/picture><picture><source srcset=\"https:\/\/www.capgemini.com\/br-pt\/wp-content\/uploads\/sites\/12\/2025\/06\/seguro-talk2.png?w=2880&amp;quality=70 1x, https:\/\/www.capgemini.com\/br-pt\/wp-content\/uploads\/sites\/12\/2025\/06\/seguro-talk2.png?w=2880&amp;quality=70 2x\" media=\"(min-width: 1500px)\"\/><source srcset=\"https:\/\/www.capgemini.com\/br-pt\/wp-content\/uploads\/sites\/12\/2025\/06\/seguro-talk2.png?w=1440&amp;quality=70 1x, https:\/\/www.capgemini.com\/br-pt\/wp-content\/uploads\/sites\/12\/2025\/06\/seguro-talk2.png?w=2880&amp;quality=70 2x\" media=\"(min-width: 992px)\"\/><source srcset=\"https:\/\/www.capgemini.com\/br-pt\/wp-content\/uploads\/sites\/12\/2025\/06\/seguro-talk2.png?w=1024&amp;quality=70 1x, https:\/\/www.capgemini.com\/br-pt\/wp-content\/uploads\/sites\/12\/2025\/06\/seguro-talk2.png?w=1024&amp;quality=70 2x\" media=\"(min-width: 768px)\"\/><source srcset=\"https:\/\/www.capgemini.com\/br-pt\/wp-content\/uploads\/sites\/12\/2025\/06\/seguro-talk2.png?w=768&amp;quality=70 1x, https:\/\/www.capgemini.com\/br-pt\/wp-content\/uploads\/sites\/12\/2025\/06\/seguro-talk2.png?w=768&amp;quality=70 2x\" media=\"(min-width: 0)\"\/><img decoding=\"async\" src=\"https:\/\/www.capgemini.com\/br-pt\/wp-content\/uploads\/sites\/12\/2025\/06\/seguro-talk2.png\" class=\"mobileImage\" alt=\"\" style=\"object-fit:cover;object-position:28.999999999999996% 100%\" loading=\"eager\"\/><\/picture><\/div><div class=\"heroPictureCardHeaderShape\"><\/div><div class=\"container\"><div class=\"row\"><div class=\"col-md-8 col-lg-6\"><div class=\"heroPictureCardBox\"><div class=\"heroPictureCardBoxTitle\"><h1 data-maxlength=\"144\">Seguro Talks,<br>by Capgemini Brasil<\/h1><\/div><\/div><\/div><\/div><\/div><div class=\"small-device\"><div class=\"brandLogoWrapper\"> <\/div><\/div><\/div>\n\n\n\n<section class=\"wp-block-cg-blocks-group undefined section section--article-content\"><div class=\"article-main-content\"><div class=\"container\"><div class=\"row\"><div class=\"col-12 col-md-1\"><nav class=\"article-social\"><ul class=\"social-nav\"><li class=\"ip-order-fb\"><a href=\"https:\/\/www.facebook.com\/sharer\/sharer.php?u=https:\/\/www.capgemini.com\/br-pt\/?post_type=research-and-insight&amp;p=1540\" target=\"_blank\" rel=\"noopener noreferrer\" title=\"opens in a new window\"><i aria-hidden=\"true\" class=\"icon-fb\"><\/i><span class=\"sr-only\">Facebook<\/span><\/a><\/li><li class=\"ip-order-tw\"><a href=\"https:\/\/twitter.com\/intent\/tweet?url=https:\/\/www.capgemini.com\/br-pt\/?post_type=research-and-insight&amp;p=1540&amp;text=Podcast%20%E2%80%93%20Capgemini%20Tech%20Talk\" target=\"_blank\" rel=\"noopener noreferrer\" title=\"opens in a new window\"><i aria-hidden=\"true\" class=\"icon-tw\"><\/i><span class=\"sr-only\">Twitter<\/span><\/a><\/li><li class=\"ip-order-li\"><a href=\"https:\/\/www.linkedin.com\/sharing\/share-offsite\/?url=https:\/\/www.capgemini.com\/br-pt\/?post_type=research-and-insight&amp;p=1540&amp;text=Podcast%20%E2%80%93%20Capgemini%20Tech%20Talk\" target=\"_blank\" rel=\"noopener noreferrer\" title=\"opens in a new window\"><i aria-hidden=\"true\" class=\"icon-li\"><\/i><span class=\"sr-only\">Linkedin<\/span><\/a><\/li><\/ul><\/nav><\/div><div class=\"col-12 col-md-11 col-lg-10\"><div class=\"article-text article-quote-text\">\n<h2 class=\"wp-block-heading\" id=\"h-a-serie-de-videocasts-seguro-talks-e-uma-producao-capgemini-brasil-que-tem-o-objetivo-de-promover-conversas-relevantes-a-respeito-do-presente-e-do-futuro-do-mercado-de-seguros-no-pais\">A s\u00e9rie de v\u00eddeocasts Seguro Talks \u00e9 uma produ\u00e7\u00e3o Capgemini Brasil, que tem o objetivo de promover conversas relevantes a respeito do presente e do futuro do mercado de seguros no Pa\u00eds.<\/h2>\n\n\n\n<p>A cada epis\u00f3dio, o time de Seguros da Capgemini recebe executivos e especialistas do setor para debater tend\u00eancias, desafios, oportunidades e transforma\u00e7\u00f5es que impactam o ecossistema de seguros no Brasil e no mundo.<\/p>\n\n\n\n<p>Desta vez, os epis\u00f3dios #4 e #5 t\u00eam como entrevistado Bruno Alves, Diretor de Tecnologia, Portf\u00f3lio, Solu\u00e7\u00f5es Digitais e Analytics da BB Seguros, para discutir os resultados do World Life Insurance Report 2025, publicado pelo Capgemini Research Institute. O relat\u00f3rio, que entrevistou mais de 6 mil clientes de seguro de vida em 18 pa\u00edses e mais de 200 executivos da \u00e1rea de 16 mercados, contou com a participa\u00e7\u00e3o de Alves em seu comit\u00ea executivo.<\/p>\n\n\n\n<h2 class=\"wp-block-heading\" id=\"h-seguro-talks-episodio-4\"><strong>SEGURO TALKS | EPIS\u00d3DIO #4<\/strong><\/h2>\n\n\n\n<h4 class=\"wp-block-heading\" id=\"h-tema-produtos-e-experiencias-de-vida-e-previdencia-em-2025\">Tema: Produtos e experi\u00eancias de Vida e Previd\u00eancia em 2025 <\/h4>\n\n\n\n<p>Convidado: Bruno Alves, Diretor de Tecnologia, Portf\u00f3lio, Solu\u00e7\u00f5es Digitais e Analytics da BB Seguros<\/p>\n\n\n\n<p><br>No epis\u00f3dio #4, Gustavo Lean\u00e7a, Diretor de Solu\u00e7\u00f5es para Seguros na Capgemini, e Andre Sussumi, Diretor Executivo para Seguros na Capgemini, convidam Bruno Alves para refletir sobre os principais dados trazidos pelo estudo World Life Insurance Report 2025, produzido pela Capgemini. Em pauta, o n\u00edvel de maturidade dos Seguros de Vida no Brasil e as conclus\u00f5es dos clientes a respeito do processo de Customer Experience e as tecnologias que vem sendo utilizadas.<\/p>\n\n\n\n<figure class=\"wp-block-video\"><video controls src=\"https:\/\/exid.com.br\/capgemini\/podcastsegurotalks_ep4.mp4\" playsinline><\/video><\/figure>\n\n\n\n<figure class=\"wp-block-embed is-type-rich is-provider-spotify wp-block-embed-spotify wp-embed-aspect-21-9 wp-has-aspect-ratio\"><div class=\"wp-block-embed__wrapper\">\n<iframe title=\"Spotify Embed: Seguro Talks | Ep #4 - Produtos e experi\u00eancias de Vida e Previd\u00eancia em 2025\" style=\"border-radius: 12px\" width=\"100%\" height=\"152\" frameborder=\"0\" allowfullscreen allow=\"autoplay; clipboard-write; encrypted-media; fullscreen; picture-in-picture\" loading=\"lazy\" src=\"https:\/\/open.spotify.com\/embed\/episode\/4HvmvGeQOeZqo5iONc83ta?si=erCLta_RTs2ohBU8kyzsJQ&#038;utm_source=oembed\"><\/iframe>\n<\/div><\/figure>\n\n\n\n<h2 class=\"wp-block-heading\" id=\"h-seguro-talks-episodio-5\"><strong>SEGURO TALKS | EPIS\u00d3DIO #<\/strong>5<\/h2>\n\n\n\n<h4 class=\"wp-block-heading\" id=\"h-tema-previsoes-sobre-onboarding-autoatendimento-e-sinistros-em-2025\"><strong>Tema: Previs\u00f5es sobre Onboarding, Autoatendimento e Sinistros em 2025<br><\/strong><\/h4>\n\n\n\n<p>Convidado: Bruno Alves, Diretor de Tecnologia, Portf\u00f3lio, Solu\u00e7\u00f5es Digitais e Analytics da BB Seguros<\/p>\n\n\n\n<p>Neste epis\u00f3dio #5, Lean\u00e7a e Sussumi voltam a questionar Bruno Alves sobre suas percep\u00e7\u00f5es a respeito do World Life Insurance Report 2025, especialmente sobre os temas de onboarding de clientes, autoatendimento e processos de sinistros. Alves destaca a import\u00e2ncia da comunica\u00e7\u00e3o transparante, de avalia\u00e7\u00f5es de risco r\u00e1pidas e de intelig\u00eancia nos dados dos clientes.<\/p>\n\n\n\n<figure class=\"wp-block-video\"><video controls poster=\"https:\/\/www.capgemini.com\/br-pt\/wp-content\/uploads\/sites\/12\/2025\/06\/seguro-talks.png\" preload=\"auto\" src=\"https:\/\/exid.com.br\/capgemini\/podcastsegurotalks_ep5.mp4\" playsinline><\/video><\/figure>\n\n\n\n<figure class=\"wp-block-embed is-type-rich is-provider-spotify wp-block-embed-spotify wp-embed-aspect-21-9 wp-has-aspect-ratio\"><div class=\"wp-block-embed__wrapper\">\n<iframe title=\"Spotify Embed: Seguro Talks | Ep #5 - Previs\u00f5es sobre Onboarding, Autoatendimento e Sinistros em 2025\" style=\"border-radius: 12px\" width=\"100%\" height=\"152\" frameborder=\"0\" allowfullscreen allow=\"autoplay; clipboard-write; encrypted-media; fullscreen; picture-in-picture\" loading=\"lazy\" src=\"https:\/\/open.spotify.com\/embed\/episode\/77u1V90fGD0ZGzYHM7p1p9?si=PN8bjLtMQs-X2pA_L2-Zyw&#038;utm_source=oembed\"><\/iframe>\n<\/div><\/figure>\n\n\n\n<h2 class=\"wp-block-heading\" id=\"h-fiquem-ligados-para-novos-episodios-nbsp\"><strong>Fiquem ligados para novos epis\u00f3dios!&nbsp;<\/strong><\/h2>\n\n\n\n<section class=\"wp-block-cg-blocks-learn-more updated-new-sample-amal learnMoreBlock\"><div class=\"container\"><div class=\"content-title\"><h2 class=\"learnmore-heading\">Ou\u00e7a e se inscreva<\/h2><\/div><div class=\"row\"><div class=\"col-md-4\"><div class=\"box\"><div class=\"box-wrapper\"><a class=\"box-title\" href=\"https:\/\/www.capgemini.com\/br-pt\/seguro-talks-bradesco-seguros\/\" target=\"\" aria-label=\"Seguro Talks com Bradesco Seguros\" rel=\"noopener noreferrer\"><div class=\"box-img-wrapper\"><img decoding=\"async\" src=\"https:\/\/www.capgemini.com\/br-pt\/wp-content\/uploads\/sites\/12\/2025\/06\/seguro-talks.png?w=500&amp;quality=70\" srcset=\"https:\/\/www.capgemini.com\/br-pt\/wp-content\/uploads\/sites\/12\/2025\/06\/seguro-talks.png?w=500&amp;quality=70 1x, https:\/\/www.capgemini.com\/br-pt\/wp-content\/uploads\/sites\/12\/2025\/06\/seguro-talks.png?w=1000&amp;quality=70 2x\" class=\"box-img\" alt=\"seguro talks hero\" style=\"object-fit:cover;object-position:50% 50%\" loading=\"lazy\"\/><\/div><h3 class=\"titleWithoutLink_learnMore\">Seguro Talks com Bradesco Seguros<\/h3><\/a><\/div><\/div><div class=\"box-inner\"><p class=\"box-desc\">Este epis\u00f3dio t\u00eam como entrevistado \u00a0Alexandre Faller, Superintendente S\u00eanior na TI Holding da Bradesco Seguros, para discutir as transforma\u00e7\u00f5es recentes que t\u00eam acometido o mercado de seguros mundial e localmente, como  comunica\u00e7\u00e3o omnichanell e hiperpersonalizada e o uso cada vez mais massivo de IA nas opera\u00e7\u00f5es.<\/p><\/div><\/div><div class=\"col-md-4\"><div class=\"box\"><div class=\"box-wrapper\"><a class=\"box-title\" href=\"https:\/\/www.capgemini.com\/br-pt\/seguro-talks-cnseg\/\" target=\"\" aria-label=\"Seguro Talks com CNseg\" rel=\"noopener noreferrer\"><div class=\"box-img-wrapper\"><img decoding=\"async\" src=\"https:\/\/www.capgemini.com\/br-pt\/wp-content\/uploads\/sites\/12\/2025\/06\/seguro-talks.png?w=500&amp;quality=70\" srcset=\"https:\/\/www.capgemini.com\/br-pt\/wp-content\/uploads\/sites\/12\/2025\/06\/seguro-talks.png?w=500&amp;quality=70 1x, https:\/\/www.capgemini.com\/br-pt\/wp-content\/uploads\/sites\/12\/2025\/06\/seguro-talks.png?w=1000&amp;quality=70 2x\" class=\"box-img\" alt=\"seguro talks hero\" style=\"object-fit:cover;object-position:50% 50%\" loading=\"lazy\"\/><\/div><h3 class=\"titleWithoutLink_learnMore\">Seguro Talks com CNseg<\/h3><\/a><\/div><\/div><div class=\"box-inner\"><p class=\"box-desc\">Neste epis\u00f3dio nossa convidada \u00e9 a Confedera\u00e7\u00e3o Nacional das Seguradoras (CNseg).<\/p><\/div><\/div><div class=\"col-md-4\"><div class=\"box\"><div class=\"box-wrapper\"><a class=\"box-title\" href=\"https:\/\/www.capgemini.com\/br-pt\/insights\/biblioteca-de-pesquisas\/alice-no-mundo-tech\/\" target=\"\" aria-label=\"Podcast - Alice no mundo tech\" rel=\"noopener noreferrer\"><div class=\"box-img-wrapper\"><img decoding=\"async\" src=\"https:\/\/www.capgemini.com\/br-pt\/wp-content\/uploads\/sites\/12\/2024\/01\/alice-img.png?w=500&amp;quality=70\" srcset=\"https:\/\/www.capgemini.com\/br-pt\/wp-content\/uploads\/sites\/12\/2024\/01\/alice-img.png?w=500&amp;quality=70 1x, https:\/\/www.capgemini.com\/br-pt\/wp-content\/uploads\/sites\/12\/2024\/01\/alice-img.png?w=1000&amp;quality=70 2x\" class=\"box-img\" alt=\"Alice-podcast-hero-card\" style=\"object-fit:cover;object-position:50% 50%\" loading=\"lazy\"\/><\/div><h3 class=\"titleWithoutLink_learnMore\">Podcast &#8211; Alice no mundo tech<\/h3><\/a><\/div><\/div><div class=\"box-inner\"><p class=\"box-desc\">Podcast da Capgemini, com o apoio da ServiceNow sobre os desafios da transforma\u00e7\u00e3o digital e inova\u00e7\u00e3o conversando com especialistas do mercado.<\/p><\/div><\/div><div class=\"col-md-4\"><div class=\"box\"><div class=\"box-wrapper\"><a class=\"box-title\" href=\"https:\/\/www.capgemini.com\/br-pt\/podcasts-da-capgemini-brasil\/\" target=\"\" aria-label=\"Muito al\u00e9m do buzz\" rel=\"noopener noreferrer\"><div class=\"box-img-wrapper\"><img decoding=\"async\" src=\"https:\/\/www.capgemini.com\/br-pt\/wp-content\/uploads\/sites\/12\/2024\/01\/hero-card-muito-alem-do-buzz.png?w=500&amp;quality=70\" srcset=\"https:\/\/www.capgemini.com\/br-pt\/wp-content\/uploads\/sites\/12\/2024\/01\/hero-card-muito-alem-do-buzz.png?w=500&amp;quality=70 1x, https:\/\/www.capgemini.com\/br-pt\/wp-content\/uploads\/sites\/12\/2024\/01\/hero-card-muito-alem-do-buzz.png?w=1000&amp;quality=70 2x\" class=\"box-img\" alt=\"hero-card-muito-alem-do-buzz\" style=\"object-fit:cover;object-position:50% 50%\" loading=\"lazy\"\/><\/div><h3 class=\"titleWithoutLink_learnMore\">Muito al\u00e9m do buzz<\/h3><\/a><\/div><\/div><div class=\"box-inner\"><p class=\"box-desc\">Podcast da Capgemini Brasil, um espa\u00e7o para trocar informa\u00e7\u00f5es, falar sobre curiosidades, pol\u00eamicas, e todos os desafios do mundo da tecnologia.<\/p><\/div><\/div><\/div><\/div><\/section>\n<\/div><\/div><\/div><\/div><\/div><\/section>\n","protected":false},"excerpt":{"rendered":"<p>Participe do Seguro Talks e conhe\u00e7a os desafios do setor com especialistas  da Capgemini e clientes convidados.<\/p>\n","protected":false},"author":588,"featured_media":0,"parent":0,"menu_order":0,"comment_status":"closed","ping_status":"closed","template":"","meta":{"cg_dt_proposed_to":[],"cg_seo_hreflang_relations":"[]","cg_seo_canonical_relation":"","cg_seo_hreflang_x_default_relation":"","cg_dt_approved_content":true,"cg_dt_mandatory_content":false,"cg_dt_notes":"","cg_dg_source_changed":false,"cg_dt_link_disabled":false,"_yoast_wpseo_primary_brand":"80","footnotes":"","featured_focal_points":"","partner_card_description":"","gsap_animation":0},"brand":[80],"partner_type":[],"service":[],"industry":[51],"partners":[],"page-type":[39],"content-group":[],"class_list":["post-642706","page","type-page","status-publish","hentry","brand-capgemini","industry-insurance","page-type-industry"],"yoast_head":"<!-- This site is optimized with the Yoast SEO Premium plugin v22.8 (Yoast SEO v22.8) - https:\/\/yoast.com\/wordpress\/plugins\/seo\/ -->\n<title>Seguro Talks com BB Seguros - Capgemini Brasil<\/title>\n<meta name=\"description\" content=\"Participe do Seguro Talks e conhe\u00e7a os desafios do setor com especialistas da Capgemini e clientes convidados.\" \/>\n<meta name=\"robots\" content=\"index, follow, max-snippet:-1, max-image-preview:large, max-video-preview:-1\" \/>\n<link rel=\"canonical\" href=\"https:\/\/www.capgemini.com\/br-pt\/seguro-talks-com-bb-seguros\/\" \/>\n<meta property=\"og:locale\" content=\"pt_BR\" \/>\n<meta property=\"og:type\" content=\"article\" \/>\n<meta property=\"og:title\" content=\"Seguro Talks com BB Seguros\" \/>\n<meta property=\"og:description\" content=\"Participe do Seguro Talks e conhe\u00e7a os desafios do setor com especialistas da Capgemini e clientes convidados.\" \/>\n<meta property=\"og:url\" content=\"https:\/\/www.capgemini.com\/br-pt\/seguro-talks-com-bb-seguros\/\" \/>\n<meta property=\"og:site_name\" content=\"Capgemini Brasil\" \/>\n<meta property=\"article:modified_time\" content=\"2025-11-14T17:01:03+00:00\" \/>\n<meta property=\"og:image\" content=\"https:\/\/www.capgemini.com\/br-pt\/wp-content\/uploads\/sites\/12\/2025\/06\/seguro-talk2.png\" \/>\n<meta name=\"twitter:card\" content=\"summary_large_image\" \/>\n<meta name=\"twitter:label1\" content=\"Est. reading time\" \/>\n\t<meta name=\"twitter:data1\" content=\"4 minutes\" \/>\n<script type=\"application\/ld+json\" class=\"yoast-schema-graph\">{\"@context\":\"https:\/\/schema.org\",\"@graph\":[{\"@type\":\"WebPage\",\"@id\":\"https:\/\/www.capgemini.com\/br-pt\/seguro-talks-com-bb-seguros\/\",\"url\":\"https:\/\/www.capgemini.com\/br-pt\/seguro-talks-com-bb-seguros\/\",\"name\":\"Seguro Talks com BB Seguros - Capgemini Brasil\",\"isPartOf\":{\"@id\":\"https:\/\/www.capgemini.com\/br-pt\/#website\"},\"primaryImageOfPage\":{\"@id\":\"https:\/\/www.capgemini.com\/br-pt\/seguro-talks-com-bb-seguros\/#primaryimage\"},\"image\":{\"@id\":\"https:\/\/www.capgemini.com\/br-pt\/seguro-talks-com-bb-seguros\/#primaryimage\"},\"thumbnailUrl\":\"https:\/\/www.capgemini.com\/br-pt\/wp-content\/uploads\/sites\/12\/2025\/06\/seguro-talk2.png\",\"datePublished\":\"2025-08-07T15:40:26+00:00\",\"dateModified\":\"2025-11-14T17:01:03+00:00\",\"description\":\"Participe do Seguro Talks e conhe\u00e7a os desafios do setor com especialistas da Capgemini e clientes convidados.\",\"breadcrumb\":{\"@id\":\"https:\/\/www.capgemini.com\/br-pt\/seguro-talks-com-bb-seguros\/#breadcrumb\"},\"inLanguage\":\"pt-BR\",\"potentialAction\":[{\"@type\":\"ReadAction\",\"target\":[\"https:\/\/www.capgemini.com\/br-pt\/seguro-talks-com-bb-seguros\/\"]}]},{\"@type\":\"ImageObject\",\"inLanguage\":\"pt-BR\",\"@id\":\"https:\/\/www.capgemini.com\/br-pt\/seguro-talks-com-bb-seguros\/#primaryimage\",\"url\":\"https:\/\/www.capgemini.com\/br-pt\/wp-content\/uploads\/sites\/12\/2025\/06\/seguro-talk2.png\",\"contentUrl\":\"https:\/\/www.capgemini.com\/br-pt\/wp-content\/uploads\/sites\/12\/2025\/06\/seguro-talk2.png\",\"width\":1918,\"height\":1078},{\"@type\":\"BreadcrumbList\",\"@id\":\"https:\/\/www.capgemini.com\/br-pt\/seguro-talks-com-bb-seguros\/#breadcrumb\",\"itemListElement\":[{\"@type\":\"ListItem\",\"position\":1,\"name\":\"Home\",\"item\":\"https:\/\/www.capgemini.com\/br-pt\/\"},{\"@type\":\"ListItem\",\"position\":2,\"name\":\"Seguro Talks com BB Seguros\"}]},{\"@type\":\"WebSite\",\"@id\":\"https:\/\/www.capgemini.com\/br-pt\/#website\",\"url\":\"https:\/\/www.capgemini.com\/br-pt\/\",\"name\":\"Capgemini Brasil\",\"description\":\"Capgemini\",\"potentialAction\":[{\"@type\":\"SearchAction\",\"target\":{\"@type\":\"EntryPoint\",\"urlTemplate\":\"https:\/\/www.capgemini.com\/br-pt\/?s={search_term_string}\"},\"query-input\":\"required name=search_term_string\"}],\"inLanguage\":\"pt-BR\"}]}<\/script>\n<!-- \/ Yoast SEO Premium plugin. -->","yoast_head_json":{"title":"Seguro Talks com BB Seguros - Capgemini Brasil","description":"Participe do Seguro Talks e conhe\u00e7a os desafios do setor com especialistas da Capgemini e clientes convidados.","robots":{"index":"index","follow":"follow","max-snippet":"max-snippet:-1","max-image-preview":"max-image-preview:large","max-video-preview":"max-video-preview:-1"},"canonical":"https:\/\/www.capgemini.com\/br-pt\/seguro-talks-com-bb-seguros\/","og_locale":"pt_BR","og_type":"article","og_title":"Seguro Talks com BB Seguros","og_description":"Participe do Seguro Talks e conhe\u00e7a os desafios do setor com especialistas da Capgemini e clientes convidados.","og_url":"https:\/\/www.capgemini.com\/br-pt\/seguro-talks-com-bb-seguros\/","og_site_name":"Capgemini Brasil","article_modified_time":"2025-11-14T17:01:03+00:00","og_image":[{"url":"https:\/\/www.capgemini.com\/br-pt\/wp-content\/uploads\/sites\/12\/2025\/06\/seguro-talk2.png"}],"twitter_card":"summary_large_image","twitter_misc":{"Est. reading time":"4 minutes"},"schema":{"@context":"https:\/\/schema.org","@graph":[{"@type":"WebPage","@id":"https:\/\/www.capgemini.com\/br-pt\/seguro-talks-com-bb-seguros\/","url":"https:\/\/www.capgemini.com\/br-pt\/seguro-talks-com-bb-seguros\/","name":"Seguro Talks com BB Seguros - Capgemini Brasil","isPartOf":{"@id":"https:\/\/www.capgemini.com\/br-pt\/#website"},"primaryImageOfPage":{"@id":"https:\/\/www.capgemini.com\/br-pt\/seguro-talks-com-bb-seguros\/#primaryimage"},"image":{"@id":"https:\/\/www.capgemini.com\/br-pt\/seguro-talks-com-bb-seguros\/#primaryimage"},"thumbnailUrl":"https:\/\/www.capgemini.com\/br-pt\/wp-content\/uploads\/sites\/12\/2025\/06\/seguro-talk2.png","datePublished":"2025-08-07T15:40:26+00:00","dateModified":"2025-11-14T17:01:03+00:00","description":"Participe do Seguro Talks e conhe\u00e7a os desafios do setor com especialistas da Capgemini e clientes convidados.","breadcrumb":{"@id":"https:\/\/www.capgemini.com\/br-pt\/seguro-talks-com-bb-seguros\/#breadcrumb"},"inLanguage":"pt-BR","potentialAction":[{"@type":"ReadAction","target":["https:\/\/www.capgemini.com\/br-pt\/seguro-talks-com-bb-seguros\/"]}]},{"@type":"ImageObject","inLanguage":"pt-BR","@id":"https:\/\/www.capgemini.com\/br-pt\/seguro-talks-com-bb-seguros\/#primaryimage","url":"https:\/\/www.capgemini.com\/br-pt\/wp-content\/uploads\/sites\/12\/2025\/06\/seguro-talk2.png","contentUrl":"https:\/\/www.capgemini.com\/br-pt\/wp-content\/uploads\/sites\/12\/2025\/06\/seguro-talk2.png","width":1918,"height":1078},{"@type":"BreadcrumbList","@id":"https:\/\/www.capgemini.com\/br-pt\/seguro-talks-com-bb-seguros\/#breadcrumb","itemListElement":[{"@type":"ListItem","position":1,"name":"Home","item":"https:\/\/www.capgemini.com\/br-pt\/"},{"@type":"ListItem","position":2,"name":"Seguro Talks com BB Seguros"}]},{"@type":"WebSite","@id":"https:\/\/www.capgemini.com\/br-pt\/#website","url":"https:\/\/www.capgemini.com\/br-pt\/","name":"Capgemini Brasil","description":"Capgemini","potentialAction":[{"@type":"SearchAction","target":{"@type":"EntryPoint","urlTemplate":"https:\/\/www.capgemini.com\/br-pt\/?s={search_term_string}"},"query-input":"required name=search_term_string"}],"inLanguage":"pt-BR"}]}},"brand_term":[{"id":80,"slug":"capgemini"}],"parsely":{"version":"1.1.0","canonical_url":"https:\/\/capgemini.com\/br-pt\/seguro-talks-com-bb-seguros\/","smart_links":{"inbound":0,"outbound":0},"traffic_boost_suggestions_count":0,"meta":{"@context":"https:\/\/schema.org","@type":"WebPage","headline":"Seguro Talks com BB Seguros","url":"https:\/\/www.capgemini.com\/br-pt\/seguro-talks-com-bb-seguros\/","mainEntityOfPage":{"@type":"WebPage","@id":"https:\/\/www.capgemini.com\/br-pt\/seguro-talks-com-bb-seguros\/"},"thumbnailUrl":"","image":{"@type":"ImageObject","url":""},"articleSection":"Uncategorized","author":[],"creator":[],"publisher":{"@type":"Organization","name":"Capgemini Brasil","logo":""},"keywords":[],"dateCreated":"2025-08-07T15:40:26Z","datePublished":"2025-08-07T15:40:26Z","dateModified":"2025-11-14T17:01:03Z"},"rendered":"<meta name=\"parsely-title\" content=\"Seguro Talks com BB Seguros\" \/>\n<meta name=\"parsely-link\" content=\"https:\/\/www.capgemini.com\/br-pt\/seguro-talks-com-bb-seguros\/\" \/>\n<meta name=\"parsely-type\" content=\"index\" \/>\n<meta name=\"parsely-pub-date\" content=\"2025-08-07T15:40:26Z\" \/>\n<meta name=\"parsely-section\" content=\"Uncategorized\" \/>","tracker_url":"https:\/\/cdn.parsely.com\/keys\/capgemini.com\/p.js"},"archive_status":false,"featured_image_src":"https:\/\/www.capgemini.com\/br-pt\/wp-content\/themes\/capgemini2025\/assets\/images\/mockup.png","featured_image_alt":false,"distributor_meta":false,"distributor_terms":false,"distributor_media":false,"distributor_original_site_name":"Capgemini Brasil","distributor_original_site_url":"https:\/\/www.capgemini.com\/br-pt","push-errors":false,"_links":{"self":[{"href":"https:\/\/www.capgemini.com\/br-pt\/wp-json\/wp\/v2\/pages\/642706","targetHints":{"allow":["GET"]}}],"collection":[{"href":"https:\/\/www.capgemini.com\/br-pt\/wp-json\/wp\/v2\/pages"}],"about":[{"href":"https:\/\/www.capgemini.com\/br-pt\/wp-json\/wp\/v2\/types\/page"}],"author":[{"embeddable":true,"href":"https:\/\/www.capgemini.com\/br-pt\/wp-json\/wp\/v2\/users\/588"}],"replies":[{"embeddable":true,"href":"https:\/\/www.capgemini.com\/br-pt\/wp-json\/wp\/v2\/comments?post=642706"}],"version-history":[{"count":20,"href":"https:\/\/www.capgemini.com\/br-pt\/wp-json\/wp\/v2\/pages\/642706\/revisions"}],"predecessor-version":[{"id":644397,"href":"https:\/\/www.capgemini.com\/br-pt\/wp-json\/wp\/v2\/pages\/642706\/revisions\/644397"}],"wp:attachment":[{"href":"https:\/\/www.capgemini.com\/br-pt\/wp-json\/wp\/v2\/media?parent=642706"}],"wp:term":[{"taxonomy":"brand","embeddable":true,"href":"https:\/\/www.capgemini.com\/br-pt\/wp-json\/wp\/v2\/brand?post=642706"},{"taxonomy":"partner_type","embeddable":true,"href":"https:\/\/www.capgemini.com\/br-pt\/wp-json\/wp\/v2\/partner_type?post=642706"},{"taxonomy":"service","embeddable":true,"href":"https:\/\/www.capgemini.com\/br-pt\/wp-json\/wp\/v2\/service?post=642706"},{"taxonomy":"industry","embeddable":true,"href":"https:\/\/www.capgemini.com\/br-pt\/wp-json\/wp\/v2\/industry?post=642706"},{"taxonomy":"partners","embeddable":true,"href":"https:\/\/www.capgemini.com\/br-pt\/wp-json\/wp\/v2\/partners?post=642706"},{"taxonomy":"page-type","embeddable":true,"href":"https:\/\/www.capgemini.com\/br-pt\/wp-json\/wp\/v2\/page-type?post=642706"},{"taxonomy":"content-group","embeddable":true,"href":"https:\/\/www.capgemini.com\/br-pt\/wp-json\/wp\/v2\/content-group?post=642706"}],"curies":[{"name":"wp","href":"https:\/\/api.w.org\/{rel}","templated":true}]}}