{"id":641720,"date":"2025-06-03T19:24:56","date_gmt":"2025-06-03T19:24:56","guid":{"rendered":"https:\/\/www.capgemini.com\/br-pt\/?page_id=641720"},"modified":"2025-06-05T01:41:27","modified_gmt":"2025-06-05T01:41:27","slug":"conheca-nosso-tunel-temporal-uma-experiencia-capgemini-no-febraban-tech-2025","status":"publish","type":"page","link":"https:\/\/www.capgemini.com\/br-pt\/conheca-nosso-tunel-temporal-uma-experiencia-capgemini-no-febraban-tech-2025\/","title":{"rendered":"Conhe\u00e7a nosso T\u00fanel Temporal, uma experi\u00eancia Capgemini no Febraban Tech 2025"},"content":{"rendered":"\n<p><\/p>\n\n\n\n<p><\/p>\n\n\n\n<p><\/p>\n\n\n\n<p><\/p>\n\n\n\n<p><\/p>\n\n\n\n<p><\/p>\n\n\n\n<p><\/p>\n\n\n\n<p><\/p>\n\n\n\n<div class=\"wp-block-columns is-layout-flex wp-container-core-columns-is-layout-28f84493 wp-block-columns-is-layout-flex\">\n<div class=\"wp-block-column is-layout-flow wp-block-column-is-layout-flow\"><\/div>\n<\/div>\n\n\n\n<p><\/p>\n\n\n\n<p><\/p>\n\n\n\n<p><\/p>\n\n\n\n<p><\/p>\n\n\n\n<p><\/p>\n\n\n\n<p><\/p>\n\n\n\n<p><\/p>\n\n\n\n<p><\/p>\n\n\n\n<p><\/p>\n\n\n\n<div style=\"height:100px\" aria-hidden=\"true\" class=\"wp-block-spacer\"><\/div>\n\n\n\n<p><\/p>\n\n\n\n<p><\/p>\n\n\n\n<p><\/p>\n\n\n\n<p><\/p>\n\n\n\n<div class=\"wp-block-columns is-layout-flex wp-container-core-columns-is-layout-28f84493 wp-block-columns-is-layout-flex\">\n<div class=\"wp-block-column is-layout-flow wp-block-column-is-layout-flow\" style=\"flex-basis:25%\"><\/div>\n\n\n\n<div class=\"wp-block-column is-layout-flow wp-block-column-is-layout-flow\" style=\"flex-basis:50%\">\n<p style=\"font-size:31px\"><strong>Conhe\u00e7a nosso T\u00fanel Temporal, uma experi\u00eancia Capgemini no Febraban Tech 2025<\/strong><\/p>\n<\/div>\n\n\n\n<div class=\"wp-block-column is-layout-flow wp-block-column-is-layout-flow\" style=\"flex-basis:25%\"><\/div>\n<\/div>\n\n\n\n<div class=\"wp-block-columns is-layout-flex wp-container-core-columns-is-layout-28f84493 wp-block-columns-is-layout-flex\">\n<div class=\"wp-block-column is-layout-flow wp-block-column-is-layout-flow\">\n<div class=\"wp-block-columns is-layout-flex wp-container-core-columns-is-layout-28f84493 wp-block-columns-is-layout-flex\">\n<div class=\"wp-block-column is-layout-flow wp-block-column-is-layout-flow\" style=\"flex-basis:25%\"><\/div>\n\n\n\n<div class=\"wp-block-column is-layout-flow wp-block-column-is-layout-flow\" style=\"flex-basis:50%\">\n<figure class=\"wp-block-video\"><video height=\"1080\" style=\"aspect-ratio: 1440 \/ 1080;\" width=\"1440\" autoplay controls loop poster=\"https:\/\/www.capgemini.com\/br-pt\/wp-content\/uploads\/sites\/12\/2025\/06\/play-convite-especial-Febrabran-site.png\" src=\"https:\/\/www.capgemini.com\/br-pt\/wp-content\/uploads\/sites\/12\/2025\/06\/0603-12.mp4\" playsinline><\/video><\/figure>\n<\/div>\n\n\n\n<div class=\"wp-block-column is-layout-flow wp-block-column-is-layout-flow\" style=\"flex-basis:25%\"><\/div>\n<\/div>\n<\/div>\n<\/div>\n\n\n\n<div class=\"wp-block-columns is-layout-flex wp-container-core-columns-is-layout-28f84493 wp-block-columns-is-layout-flex\">\n<div class=\"wp-block-column is-layout-flow wp-block-column-is-layout-flow\" style=\"flex-basis:25%\"><\/div>\n\n\n\n<div class=\"wp-block-column is-layout-flow wp-block-column-is-layout-flow\" style=\"flex-basis:50%\">\n\t\t<div class=\"mf_forms__container \">\n\t\t\t\t\t\t\t\t<form id=\"mf_form_641741_895452211\" class=\"mf_form__form row needs-validation\" action=\"\" method=\"post\" enctype=\"multipart\/form-data\" data-nosnippet>\n\n\t\t\t\t<div class=\"mf-field-wrapper form-floating col-sm-12\"><h6>Vamos discutir futuros poss\u00edveis para o setor financeiro? Como prometemos, a Capgemini possibilita que voc\u00ea tenha o futuro que deseja. Mas como? Com uma experi\u00eancia \u00fanica no Febraban Tech 2025: Futuros Presentes, um t\u00fanel temporal com 25 elementos especulativos que te ajudam a pensar os futuros das institui\u00e7\u00f5es financeiras. <\/h6><\/div><div class=\"mf-field-wrapper  col-sm-12\">\n\t\t<label for=\"_mf_635278_7434_3784852048\" class=\"form-label\">\n\t\t\tMarque uma agenda e participe de uma apresenta\u00e7\u00e3o exclusiva!  \t\t<\/label>\n\n\t\t\n\t\t<div class=\"checkbox-controls checkboxrequired\">\n\n\t\t\t\n\t\t\t\t<div class=\"form-check\">\n\n\t\t\t\t\t<input class=\"form-check-input\" type=\"checkbox\"\n\t\t\t\t\t\tname=\"_mf_635278_7434[]\"\n\t\t\t\t\t\tid=\"_mf_635278_7434_0_3784852048\"\n\t\t\t\t\t\tvalue=\"Dia 10\"\n\t\t\t\t\t\t\t\t\t\t\t\trequired\t\t\t\t\t>\n\n\t\t\t\t\t<label class=\"form-check-label\" for=\"_mf_635278_7434_0_3784852048\">\n\t\t\t\t\t\tDia 10\t\t\t\t\t<\/label>\n\n\t\t\t\t<\/div>\n\n\t\t\t\t\n\t\t\t\t<div class=\"form-check\">\n\n\t\t\t\t\t<input class=\"form-check-input\" type=\"checkbox\"\n\t\t\t\t\t\tname=\"_mf_635278_7434[]\"\n\t\t\t\t\t\tid=\"_mf_635278_7434_1_3784852048\"\n\t\t\t\t\t\tvalue=\"Dia 11\"\n\t\t\t\t\t\t\t\t\t\t\t\trequired\t\t\t\t\t>\n\n\t\t\t\t\t<label class=\"form-check-label\" for=\"_mf_635278_7434_1_3784852048\">\n\t\t\t\t\t\tDia 10\t\t\t\t\t<\/label>\n\n\t\t\t\t<\/div>\n\n\t\t\t\t\n\t\t\t\t<div class=\"form-check\">\n\n\t\t\t\t\t<input class=\"form-check-input\" type=\"checkbox\"\n\t\t\t\t\t\tname=\"_mf_635278_7434[]\"\n\t\t\t\t\t\tid=\"_mf_635278_7434_2_3784852048\"\n\t\t\t\t\t\tvalue=\"Dia 12\"\n\t\t\t\t\t\t\t\t\t\t\t\trequired\t\t\t\t\t>\n\n\t\t\t\t\t<label class=\"form-check-label\" for=\"_mf_635278_7434_2_3784852048\">\n\t\t\t\t\t\tDia 12\t\t\t\t\t<\/label>\n\n\t\t\t\t<\/div>\n\n\t\t\t\t\n\t\t<\/div>\n\n\t\t<div class=\"invalid-feedback-frm\" role=\"alert\">Informa\u00e7\u00e3o inv\u00e1lida<\/div><\/div><div class=\"mf-field-wrapper form-floating col-sm-12\"><input type=\"text\" class=\"form-control\" id=\"_mf_641741_914_3133051655\" name=\"_mf_641741_914\" placeholder=\"Qual o melhor hor\u00e1rio?\" required \/><label for=\"_mf_641741_914_3133051655\" class=\"form-label\">Qual o melhor hor\u00e1rio? <span class=\"star-required\">*<\/span><\/label><div class=\"invalid-feedback-frm\" role=\"alert\">Qual o melhor hor\u00e1rio? n\u00e3o \u00e9 v\u00e1lido.<\/div><\/div><div class=\"mf-field-wrapper form-floating col-sm-12\"><input type=\"text\" class=\"form-control\" id=\"_mf_627823_1120_1426324629\" name=\"_mf_627823_1120\" placeholder=\"Qual o seu nome?\" required \/><label for=\"_mf_627823_1120_1426324629\" class=\"form-label\">Qual o seu nome? <span class=\"star-required\">*<\/span><\/label><div class=\"invalid-feedback-frm\" role=\"alert\">Informa\u00e7\u00e3o inv\u00e1lida<\/div><\/div><div class=\"mf-field-wrapper form-floating col-sm-12\"><input type=\"email\" class=\"form-control\" id=\"_mf_627823_4723_2487905548\" name=\"_mf_627823_4723\" placeholder=\"Qual o seu e-mail corporativo?\" required \/><label for=\"_mf_627823_4723_2487905548\" class=\"form-label\">Qual o seu e-mail corporativo? <span class=\"star-required\">*<\/span><\/label><div class=\"invalid-feedback-frm\" role=\"alert\">Informa\u00e7\u00e3o inv\u00e1lida<\/div><\/div><div class=\"mf-field-wrapper form-floating col-sm-12\"><input type=\"text\" class=\"form-control\" id=\"_mf_635278_4908_938657157\" name=\"_mf_635278_4908\" placeholder=\"Qual o seu cargo?\" required \/><label for=\"_mf_635278_4908_938657157\" class=\"form-label\">Qual o seu cargo? <span class=\"star-required\">*<\/span><\/label><div class=\"invalid-feedback-frm\" role=\"alert\">Informa\u00e7\u00e3o inv\u00e1lida<\/div><\/div><div class=\"mf-field-wrapper form-floating col-sm-12\"><input type=\"text\" pattern=\"^[0-9\\-\\+\\s]+$\"  class=\"form-control\" id=\"_mf_627823_3462_1578356581\" name=\"_mf_627823_3462\" oninput=\"validateInput(this)\" maxlength=\"14\" placeholder=\"Qual o seu telefone de contato com DDD?\" required \/><label for=\"_mf_627823_3462_1578356581\" class=\"form-label\">Qual o seu telefone de contato com DDD? <span class=\"star-required\">*<\/span><\/label><div class=\"invalid-feedback-frm\" role=\"alert\">Informa\u00e7\u00e3o inv\u00e1lida<\/div><\/div><div class=\"mf-field-wrapper form-floating col-sm-12\"><input type=\"text\" class=\"form-control\" id=\"_mf_627823_80_3373396124\" name=\"_mf_627823_80\" placeholder=\"Qual  a sua empresa?\" required \/><label for=\"_mf_627823_80_3373396124\" class=\"form-label\">Qual  a sua empresa? <span class=\"star-required\">*<\/span><\/label><div class=\"invalid-feedback-frm\" role=\"alert\">Informa\u00e7\u00e3o inv\u00e1lida<\/div><\/div>\t\t\t<div class=\"mf_field mf_field--hidden \">\n\t\t\t\t<label for=\"_mf_627823_1109_3499476285\">Page title\t\t\t\t\t<\/label>\n\t\t\t\t<input type=\"hidden\" id=\"_mf_627823_1109_3499476285\" class=\"mf_field__input empty\" name=\"_mf_627823_1109\" data-validate=\"text\" value=\"Conhe\u00e7a nosso T\u00fanel Temporal, uma experi\u00eancia Capgemini no Febraban Tech 2025\"  \/>\n\t\t\t<\/div>\n\t\t\t\t\t<div class=\"mf_field mf_field--hidden \">\n\t\t\t\t<label for=\"_mf_627823_3270_2161282624\">Page URL\t\t\t\t\t<\/label>\n\t\t\t\t<input\n\t\t\t\t\ttype=\"hidden\"\n\t\t\t\t\tid=\"_mf_627823_3270_2161282624\"\n\t\t\t\t\tclass=\"mf_field__input empty\"\n\t\t\t\t\tname=\"_mf_627823_3270\"\n\t\t\t\t\tdata-validate=\"text\"\n\t\t\t\t\tvalue=\"https:\/\/www.capgemini.com\/br-pt\/conheca-nosso-tunel-temporal-uma-experiencia-capgemini-no-febraban-tech-2025\/\"\n\t\t\t\t\t\t\t\t\t\/>\n\t\t\t<\/div>\n\t\t<div class=\"mf-field-wrapper form-floating col-sm-12\"><h6>Localiza\u00e7\u00e3o: Primeiro andar, em cima da \u00e1rea de credenciamento, no Mezanino do Expo Transam\u00e9rica. <\/h6><\/div>\t\t\t<div class=\"mf_field mf_field--recaptcha\">\n\t\t\t\t<div class=\"g-recaptcha\" data-sitekey=\"6Lc3OpIUAAAAADY4ErEHF0HF6Tr7vuknduDU-fbl\"><\/div>\n\t\t\t<\/div>\n\t\t\t\n\t\t\t<div class=\"mf_field mf_field--submit\" >\n\t\t\t\t<div class=\"slide-button-background button-background\">\n\t\t\t\t\t<label for=\"slider-submit-_mf_627823_7823\" class=\"slide-text\">\n\t\t\t\t\t\tArraste para enviar\t\t\t\t\t<\/label>\n\t\t\t\t\t<input\n\t\t\t\t\t\tid=\"slider-submit-_mf_627823_7823\"\n\t\t\t\t\t\ttype=\"range\"\n\t\t\t\t\t\tclass=\"mf_field__input slider-frm-btn\"\n\t\t\t\t\t\trel=\"_mf_627823_7823\"\n\t\t\t\t\t\tmin=\"0\"\n\t\t\t\t\t\tmax=\"100\"\n\t\t\t\t\t\tvalue=\"0\"\n\t\t\t\t\t\taria-label=\"Slide to submit\"\n\t\t\t\t\t\taria-describedby=\"slide-instruction-_mf_627823_7823\"\n\t\t\t\t\t\taria-valuenow=\"0\"\n\t\t\t\t\t\taria-valuemin=\"0\"\n\t\t\t\t\t\taria-valuemax=\"100\"\n\t\t\t\t\t\taria-orientation=\"horizontal\"\n\t\t\t\t\t\trole=\"slider\"\n\t\t\t\t\t\ttabindex=\"0\"\n\t\t\t\t\t\/>\n\t\t\t\t\t<!-- Icon element for Firefox (doesn't support ::before\/::after on inputs) -->\n\t\t\t\t\t<span class=\"slider-icon\" aria-hidden=\"true\"><\/span>\n\t\t\t\t\t<span id=\"slide-instruction-_mf_627823_7823\" class=\"sr-only\">\n\t\t\t\t\t\tUse right arrow keys to slide, or drag right with your finger. When you reach 100 percent, the form is submitted.\t\t\t\t\t<\/span>\n\t\t\t\t\t<!-- Mobile-only submit button fallback -->\n\t\t\t\t\t<button type=\"submit\" class=\"mf-mobile-submit-btn\" disabled>\n\t\t\t\t\t\t<span class=\"sr-only\">If you use a screen reader or VoiceOver, double-tap this button to submit the form.<\/span>\n\t\t\t\t\t\tArraste para enviar\t\t\t\t\t<\/button>\n\t\t\t\t<\/div>\n\t\t\t\t<input type=\"hidden\" name=\"submit_btn_txt\" class=\"submit_btn_txt\" value=\"Arraste para enviar\"\/>\n\t\t\t\t<input type=\"hidden\" name=\"submitted_state_txt\" class=\"submitted_state_txt\" value=\"Submitted\"\/>\n\t\t\t<\/div>\n\t\t\t\t\t\t<input type=\"hidden\" name=\"form_id\" data-validate=\"number\" class=\"mf_form__id\" value=\"641741\" \/>\n\t\t\t\t<input type=\"hidden\" name=\"form_title\" class=\"mf_form__title\" value=\"evento-febraban-tech-2025\" \/>\n\t\t\t\t<input type=\"hidden\" name=\"wp_rest_nonce\" class=\"mf_form__wp_rest_nonce\" value=\"d0863da568\" \/>\n\n\t\t\t\t<input type=\"hidden\" name=\"mf_form_conditional_logic\" class=\"mf_form__title conditional_logic\" value=\"\" \/>\n\t\t\t\t\n\t\t\t\t<input type=\"hidden\" name=\"mf_form_fields_country_dpo_field\" class=\"mf_form__title conditional_logic mf_form_fields_country_dpo_field\" value=\"\" \/>\n\n\t\t\t\t<!-- Anti-spam field -->\n\t\t\t\t<input type=\"text\" \n\t\t\t\t\tname=\"website_url\" \n\t\t\t\t\tclass=\"mf_field__url\" \n\t\t\t\t\tautocomplete=\"off\"\n\t\t\t\t\ttabindex=\"-1\"\n\t\t\t\t\taria-hidden=\"true\"\n\t\t\t\t\tstyle=\"position:absolute;left:-9999px;width:1px;height:1px;opacity:0;pointer-events:none;\" \n\t\t\t\t\/>\n\t\t\t<\/form>\n\n\t\t\t<div class=\"mf_form__success\" tabindex=\"0\" role=\"alert\">\n\t\t\t\tObrigado por participar!<br>Nosso time entrar\u00e1 em contato para passar mais detalhes.<br><br><br><\/p>\n\t\t\t<\/div>\n\t\t\t<div class=\"mf_form__errors\">\n\t\t\t\t<p>Lamentamos, o envio do formul\u00e1rio falhou. Por favor, tente novamente.<\/p>\n\t\t\t<\/div>\n\t\t\t\t<\/div>\n\n\t\t<script>\n\t\t\twindow.MF_CONFIG641741 = {\"641741\":{\"errors\":{\"_mf_635278_7434\":\"Informa\\u00e7\\u00e3o inv\\u00e1lida\",\"_mf_627823_1120\":\"Informa\\u00e7\\u00e3o inv\\u00e1lida\",\"_mf_627823_4723\":\"Informa\\u00e7\\u00e3o inv\\u00e1lida\",\"_mf_635278_4908\":\"Informa\\u00e7\\u00e3o inv\\u00e1lida\",\"_mf_627823_3462\":\"Informa\\u00e7\\u00e3o inv\\u00e1lida\",\"_mf_627823_80\":\"Informa\\u00e7\\u00e3o inv\\u00e1lida\"},\"redirect\":\"\"}};\n\t\t<\/script>\n\t\n<\/div>\n\n\n\n<div class=\"wp-block-column is-layout-flow wp-block-column-is-layout-flow\" style=\"flex-basis:25%\"><\/div>\n<\/div>\n\n\n\n<p><\/p>\n","protected":false},"excerpt":{"rendered":"<p>Conhe\u00e7a nosso T\u00fanel Temporal, uma experi\u00eancia Capgemini no Febraban Tech 2025<\/p>\n","protected":false},"author":588,"featured_media":641721,"parent":0,"menu_order":0,"comment_status":"closed","ping_status":"closed","template":"","meta":{"cg_dt_proposed_to":[],"cg_seo_hreflang_relations":"[]","cg_seo_canonical_relation":"","cg_seo_hreflang_x_default_relation":"","cg_dt_approved_content":true,"cg_dt_mandatory_content":false,"cg_dt_notes":"","cg_dg_source_changed":false,"cg_dt_link_disabled":false,"_yoast_wpseo_primary_brand":"","footnotes":"","featured_focal_points":"{\"x\":0.51,\"y\":0.49}","partner_card_description":"","gsap_animation":0},"brand":[],"partner_type":[],"service":[],"industry":[],"partners":[],"page-type":[],"content-group":[],"class_list":["post-641720","page","type-page","status-publish","has-post-thumbnail","hentry"],"yoast_head":"<!-- This site is optimized with the Yoast SEO Premium plugin v22.8 (Yoast SEO v22.8) - https:\/\/yoast.com\/wordpress\/plugins\/seo\/ -->\n<title>Conhe\u00e7a nosso T\u00fanel Temporal, uma experi\u00eancia Capgemini no Febraban Tech 2025 - Capgemini Brasil<\/title>\n<meta name=\"robots\" content=\"index, follow, max-snippet:-1, max-image-preview:large, max-video-preview:-1\" \/>\n<link rel=\"canonical\" href=\"https:\/\/www.capgemini.com\/br-pt\/conheca-nosso-tunel-temporal-uma-experiencia-capgemini-no-febraban-tech-2025\/\" \/>\n<meta property=\"og:locale\" content=\"pt_BR\" \/>\n<meta property=\"og:type\" content=\"article\" \/>\n<meta property=\"og:title\" content=\"Conhe\u00e7a nosso T\u00fanel Temporal, uma experi\u00eancia Capgemini no Febraban Tech 2025\" \/>\n<meta property=\"og:description\" content=\"Conhe\u00e7a nosso T\u00fanel Temporal, uma experi\u00eancia Capgemini no Febraban Tech 2025\" \/>\n<meta property=\"og:url\" content=\"https:\/\/www.capgemini.com\/br-pt\/conheca-nosso-tunel-temporal-uma-experiencia-capgemini-no-febraban-tech-2025\/\" \/>\n<meta property=\"og:site_name\" content=\"Capgemini Brasil\" \/>\n<meta property=\"article:modified_time\" content=\"2025-06-05T01:41:27+00:00\" \/>\n<meta property=\"og:image\" content=\"https:\/\/www.capgemini.com\/br-pt\/wp-content\/uploads\/sites\/12\/2025\/06\/Imagem-Capgemini-Febraban-2025-meets-v2.png\" \/>\n\t<meta property=\"og:image:width\" content=\"1920\" \/>\n\t<meta property=\"og:image:height\" content=\"1080\" \/>\n\t<meta property=\"og:image:type\" content=\"image\/png\" \/>\n<meta name=\"twitter:card\" content=\"summary_large_image\" \/>\n<meta name=\"twitter:label1\" content=\"Est. reading time\" \/>\n\t<meta name=\"twitter:data1\" content=\"1 minute\" \/>\n<script type=\"application\/ld+json\" class=\"yoast-schema-graph\">{\"@context\":\"https:\/\/schema.org\",\"@graph\":[{\"@type\":\"WebPage\",\"@id\":\"https:\/\/www.capgemini.com\/br-pt\/conheca-nosso-tunel-temporal-uma-experiencia-capgemini-no-febraban-tech-2025\/\",\"url\":\"https:\/\/www.capgemini.com\/br-pt\/conheca-nosso-tunel-temporal-uma-experiencia-capgemini-no-febraban-tech-2025\/\",\"name\":\"Conhe\u00e7a nosso T\u00fanel Temporal, uma experi\u00eancia Capgemini no Febraban Tech 2025 - Capgemini Brasil\",\"isPartOf\":{\"@id\":\"https:\/\/www.capgemini.com\/br-pt\/#website\"},\"primaryImageOfPage\":{\"@id\":\"https:\/\/www.capgemini.com\/br-pt\/conheca-nosso-tunel-temporal-uma-experiencia-capgemini-no-febraban-tech-2025\/#primaryimage\"},\"image\":{\"@id\":\"https:\/\/www.capgemini.com\/br-pt\/conheca-nosso-tunel-temporal-uma-experiencia-capgemini-no-febraban-tech-2025\/#primaryimage\"},\"thumbnailUrl\":\"https:\/\/www.capgemini.com\/br-pt\/wp-content\/uploads\/sites\/12\/2025\/06\/Imagem-Capgemini-Febraban-2025-meets-v2.png\",\"datePublished\":\"2025-06-03T19:24:56+00:00\",\"dateModified\":\"2025-06-05T01:41:27+00:00\",\"breadcrumb\":{\"@id\":\"https:\/\/www.capgemini.com\/br-pt\/conheca-nosso-tunel-temporal-uma-experiencia-capgemini-no-febraban-tech-2025\/#breadcrumb\"},\"inLanguage\":\"pt-BR\",\"potentialAction\":[{\"@type\":\"ReadAction\",\"target\":[\"https:\/\/www.capgemini.com\/br-pt\/conheca-nosso-tunel-temporal-uma-experiencia-capgemini-no-febraban-tech-2025\/\"]}]},{\"@type\":\"ImageObject\",\"inLanguage\":\"pt-BR\",\"@id\":\"https:\/\/www.capgemini.com\/br-pt\/conheca-nosso-tunel-temporal-uma-experiencia-capgemini-no-febraban-tech-2025\/#primaryimage\",\"url\":\"https:\/\/www.capgemini.com\/br-pt\/wp-content\/uploads\/sites\/12\/2025\/06\/Imagem-Capgemini-Febraban-2025-meets-v2.png\",\"contentUrl\":\"https:\/\/www.capgemini.com\/br-pt\/wp-content\/uploads\/sites\/12\/2025\/06\/Imagem-Capgemini-Febraban-2025-meets-v2.png\",\"width\":1920,\"height\":1080},{\"@type\":\"BreadcrumbList\",\"@id\":\"https:\/\/www.capgemini.com\/br-pt\/conheca-nosso-tunel-temporal-uma-experiencia-capgemini-no-febraban-tech-2025\/#breadcrumb\",\"itemListElement\":[{\"@type\":\"ListItem\",\"position\":1,\"name\":\"Home\",\"item\":\"https:\/\/www.capgemini.com\/br-pt\/\"},{\"@type\":\"ListItem\",\"position\":2,\"name\":\"Conhe\u00e7a nosso T\u00fanel Temporal, uma experi\u00eancia Capgemini no Febraban Tech 2025\"}]},{\"@type\":\"WebSite\",\"@id\":\"https:\/\/www.capgemini.com\/br-pt\/#website\",\"url\":\"https:\/\/www.capgemini.com\/br-pt\/\",\"name\":\"Capgemini Brasil\",\"description\":\"Capgemini\",\"potentialAction\":[{\"@type\":\"SearchAction\",\"target\":{\"@type\":\"EntryPoint\",\"urlTemplate\":\"https:\/\/www.capgemini.com\/br-pt\/?s={search_term_string}\"},\"query-input\":\"required name=search_term_string\"}],\"inLanguage\":\"pt-BR\"}]}<\/script>\n<!-- \/ Yoast SEO Premium plugin. -->","yoast_head_json":{"title":"Conhe\u00e7a nosso T\u00fanel Temporal, uma experi\u00eancia Capgemini no Febraban Tech 2025 - Capgemini Brasil","robots":{"index":"index","follow":"follow","max-snippet":"max-snippet:-1","max-image-preview":"max-image-preview:large","max-video-preview":"max-video-preview:-1"},"canonical":"https:\/\/www.capgemini.com\/br-pt\/conheca-nosso-tunel-temporal-uma-experiencia-capgemini-no-febraban-tech-2025\/","og_locale":"pt_BR","og_type":"article","og_title":"Conhe\u00e7a nosso T\u00fanel Temporal, uma experi\u00eancia Capgemini no Febraban Tech 2025","og_description":"Conhe\u00e7a nosso T\u00fanel Temporal, uma experi\u00eancia Capgemini no Febraban Tech 2025","og_url":"https:\/\/www.capgemini.com\/br-pt\/conheca-nosso-tunel-temporal-uma-experiencia-capgemini-no-febraban-tech-2025\/","og_site_name":"Capgemini Brasil","article_modified_time":"2025-06-05T01:41:27+00:00","og_image":[{"width":1920,"height":1080,"url":"https:\/\/www.capgemini.com\/br-pt\/wp-content\/uploads\/sites\/12\/2025\/06\/Imagem-Capgemini-Febraban-2025-meets-v2.png","type":"image\/png"}],"twitter_card":"summary_large_image","twitter_misc":{"Est. reading time":"1 minute"},"schema":{"@context":"https:\/\/schema.org","@graph":[{"@type":"WebPage","@id":"https:\/\/www.capgemini.com\/br-pt\/conheca-nosso-tunel-temporal-uma-experiencia-capgemini-no-febraban-tech-2025\/","url":"https:\/\/www.capgemini.com\/br-pt\/conheca-nosso-tunel-temporal-uma-experiencia-capgemini-no-febraban-tech-2025\/","name":"Conhe\u00e7a nosso T\u00fanel Temporal, uma experi\u00eancia Capgemini no Febraban Tech 2025 - Capgemini Brasil","isPartOf":{"@id":"https:\/\/www.capgemini.com\/br-pt\/#website"},"primaryImageOfPage":{"@id":"https:\/\/www.capgemini.com\/br-pt\/conheca-nosso-tunel-temporal-uma-experiencia-capgemini-no-febraban-tech-2025\/#primaryimage"},"image":{"@id":"https:\/\/www.capgemini.com\/br-pt\/conheca-nosso-tunel-temporal-uma-experiencia-capgemini-no-febraban-tech-2025\/#primaryimage"},"thumbnailUrl":"https:\/\/www.capgemini.com\/br-pt\/wp-content\/uploads\/sites\/12\/2025\/06\/Imagem-Capgemini-Febraban-2025-meets-v2.png","datePublished":"2025-06-03T19:24:56+00:00","dateModified":"2025-06-05T01:41:27+00:00","breadcrumb":{"@id":"https:\/\/www.capgemini.com\/br-pt\/conheca-nosso-tunel-temporal-uma-experiencia-capgemini-no-febraban-tech-2025\/#breadcrumb"},"inLanguage":"pt-BR","potentialAction":[{"@type":"ReadAction","target":["https:\/\/www.capgemini.com\/br-pt\/conheca-nosso-tunel-temporal-uma-experiencia-capgemini-no-febraban-tech-2025\/"]}]},{"@type":"ImageObject","inLanguage":"pt-BR","@id":"https:\/\/www.capgemini.com\/br-pt\/conheca-nosso-tunel-temporal-uma-experiencia-capgemini-no-febraban-tech-2025\/#primaryimage","url":"https:\/\/www.capgemini.com\/br-pt\/wp-content\/uploads\/sites\/12\/2025\/06\/Imagem-Capgemini-Febraban-2025-meets-v2.png","contentUrl":"https:\/\/www.capgemini.com\/br-pt\/wp-content\/uploads\/sites\/12\/2025\/06\/Imagem-Capgemini-Febraban-2025-meets-v2.png","width":1920,"height":1080},{"@type":"BreadcrumbList","@id":"https:\/\/www.capgemini.com\/br-pt\/conheca-nosso-tunel-temporal-uma-experiencia-capgemini-no-febraban-tech-2025\/#breadcrumb","itemListElement":[{"@type":"ListItem","position":1,"name":"Home","item":"https:\/\/www.capgemini.com\/br-pt\/"},{"@type":"ListItem","position":2,"name":"Conhe\u00e7a nosso T\u00fanel Temporal, uma experi\u00eancia Capgemini no Febraban Tech 2025"}]},{"@type":"WebSite","@id":"https:\/\/www.capgemini.com\/br-pt\/#website","url":"https:\/\/www.capgemini.com\/br-pt\/","name":"Capgemini Brasil","description":"Capgemini","potentialAction":[{"@type":"SearchAction","target":{"@type":"EntryPoint","urlTemplate":"https:\/\/www.capgemini.com\/br-pt\/?s={search_term_string}"},"query-input":"required name=search_term_string"}],"inLanguage":"pt-BR"}]}},"brand_term":[],"parsely":{"version":"1.1.0","canonical_url":"https:\/\/capgemini.com\/br-pt\/conheca-nosso-tunel-temporal-uma-experiencia-capgemini-no-febraban-tech-2025\/","smart_links":{"inbound":0,"outbound":0},"traffic_boost_suggestions_count":0,"meta":{"@context":"https:\/\/schema.org","@type":"WebPage","headline":"Conhe\u00e7a nosso T\u00fanel Temporal, uma experi\u00eancia Capgemini no Febraban Tech 2025","url":"https:\/\/www.capgemini.com\/br-pt\/conheca-nosso-tunel-temporal-uma-experiencia-capgemini-no-febraban-tech-2025\/","mainEntityOfPage":{"@type":"WebPage","@id":"https:\/\/www.capgemini.com\/br-pt\/conheca-nosso-tunel-temporal-uma-experiencia-capgemini-no-febraban-tech-2025\/"},"thumbnailUrl":"https:\/\/www.capgemini.com\/br-pt\/wp-content\/uploads\/sites\/12\/2025\/06\/Imagem-Capgemini-Febraban-2025-meets-v2.png?w=150&h=150&crop=1","image":{"@type":"ImageObject","url":"https:\/\/www.capgemini.com\/br-pt\/wp-content\/uploads\/sites\/12\/2025\/06\/Imagem-Capgemini-Febraban-2025-meets-v2.png"},"articleSection":"Uncategorized","author":[],"creator":[],"publisher":{"@type":"Organization","name":"Capgemini Brasil","logo":""},"keywords":[],"dateCreated":"2025-06-03T19:24:56Z","datePublished":"2025-06-03T19:24:56Z","dateModified":"2025-06-05T01:41:27Z"},"rendered":"<meta name=\"parsely-title\" content=\"Conhe\u00e7a nosso T\u00fanel Temporal, uma experi\u00eancia Capgemini no Febraban Tech 2025\" \/>\n<meta name=\"parsely-link\" content=\"https:\/\/www.capgemini.com\/br-pt\/conheca-nosso-tunel-temporal-uma-experiencia-capgemini-no-febraban-tech-2025\/\" \/>\n<meta name=\"parsely-type\" content=\"index\" \/>\n<meta name=\"parsely-image-url\" content=\"https:\/\/www.capgemini.com\/br-pt\/wp-content\/uploads\/sites\/12\/2025\/06\/Imagem-Capgemini-Febraban-2025-meets-v2.png?w=150&amp;h=150&amp;crop=1\" \/>\n<meta name=\"parsely-pub-date\" content=\"2025-06-03T19:24:56Z\" \/>\n<meta name=\"parsely-section\" content=\"Uncategorized\" \/>","tracker_url":"https:\/\/cdn.parsely.com\/keys\/capgemini.com\/p.js"},"archive_status":false,"featured_image_src":"https:\/\/www.capgemini.com\/br-pt\/wp-content\/uploads\/sites\/12\/2025\/06\/Imagem-Capgemini-Febraban-2025-meets-v2.png","featured_image_alt":"","distributor_meta":false,"distributor_terms":false,"distributor_media":false,"distributor_original_site_name":"Capgemini Brasil","distributor_original_site_url":"https:\/\/www.capgemini.com\/br-pt","push-errors":false,"_links":{"self":[{"href":"https:\/\/www.capgemini.com\/br-pt\/wp-json\/wp\/v2\/pages\/641720","targetHints":{"allow":["GET"]}}],"collection":[{"href":"https:\/\/www.capgemini.com\/br-pt\/wp-json\/wp\/v2\/pages"}],"about":[{"href":"https:\/\/www.capgemini.com\/br-pt\/wp-json\/wp\/v2\/types\/page"}],"author":[{"embeddable":true,"href":"https:\/\/www.capgemini.com\/br-pt\/wp-json\/wp\/v2\/users\/588"}],"replies":[{"embeddable":true,"href":"https:\/\/www.capgemini.com\/br-pt\/wp-json\/wp\/v2\/comments?post=641720"}],"version-history":[{"count":14,"href":"https:\/\/www.capgemini.com\/br-pt\/wp-json\/wp\/v2\/pages\/641720\/revisions"}],"predecessor-version":[{"id":641817,"href":"https:\/\/www.capgemini.com\/br-pt\/wp-json\/wp\/v2\/pages\/641720\/revisions\/641817"}],"wp:featuredmedia":[{"embeddable":true,"href":"https:\/\/www.capgemini.com\/br-pt\/wp-json\/wp\/v2\/media\/641721"}],"wp:attachment":[{"href":"https:\/\/www.capgemini.com\/br-pt\/wp-json\/wp\/v2\/media?parent=641720"}],"wp:term":[{"taxonomy":"brand","embeddable":true,"href":"https:\/\/www.capgemini.com\/br-pt\/wp-json\/wp\/v2\/brand?post=641720"},{"taxonomy":"partner_type","embeddable":true,"href":"https:\/\/www.capgemini.com\/br-pt\/wp-json\/wp\/v2\/partner_type?post=641720"},{"taxonomy":"service","embeddable":true,"href":"https:\/\/www.capgemini.com\/br-pt\/wp-json\/wp\/v2\/service?post=641720"},{"taxonomy":"industry","embeddable":true,"href":"https:\/\/www.capgemini.com\/br-pt\/wp-json\/wp\/v2\/industry?post=641720"},{"taxonomy":"partners","embeddable":true,"href":"https:\/\/www.capgemini.com\/br-pt\/wp-json\/wp\/v2\/partners?post=641720"},{"taxonomy":"page-type","embeddable":true,"href":"https:\/\/www.capgemini.com\/br-pt\/wp-json\/wp\/v2\/page-type?post=641720"},{"taxonomy":"content-group","embeddable":true,"href":"https:\/\/www.capgemini.com\/br-pt\/wp-json\/wp\/v2\/content-group?post=641720"}],"curies":[{"name":"wp","href":"https:\/\/api.w.org\/{rel}","templated":true}]}}