{"id":633818,"date":"2024-02-29T00:47:51","date_gmt":"2024-02-29T00:47:51","guid":{"rendered":"https:\/\/www.capgemini.com\/br-pt\/?page_id=633818&#038;preview_id=633818"},"modified":"2025-03-26T03:12:41","modified_gmt":"2025-03-26T03:12:41","slug":"eventos","status":"publish","type":"page","link":"https:\/\/www.capgemini.com\/br-pt\/noticias\/eventos\/","title":{"rendered":"Eventos"},"content":{"rendered":"\n<div class=\"wp-block-cg-blocks-hero-picture-card undefined  heroPictureCard heroPictureCardLogTitle\"><div class=\"heroPictureCardBgs\"><picture><source srcset=\"https:\/\/www.capgemini.com\/br-pt\/wp-content\/uploads\/sites\/12\/2022\/02\/Capgemini_Events.jpg?w=2880&amp;quality=70 1x, https:\/\/www.capgemini.com\/br-pt\/wp-content\/uploads\/sites\/12\/2022\/02\/Capgemini_Events.jpg?w=2880&amp;quality=70 2x\" media=\"(min-width: 1500px)\"\/><source srcset=\"https:\/\/www.capgemini.com\/br-pt\/wp-content\/uploads\/sites\/12\/2022\/02\/Capgemini_Events.jpg?w=1440&amp;quality=70 1x, https:\/\/www.capgemini.com\/br-pt\/wp-content\/uploads\/sites\/12\/2022\/02\/Capgemini_Events.jpg?w=2880&amp;quality=70 2x\" media=\"(min-width: 992px)\"\/><source srcset=\"https:\/\/www.capgemini.com\/br-pt\/wp-content\/uploads\/sites\/12\/2022\/02\/Capgemini_Events.jpg?w=1024&amp;quality=70 1x, https:\/\/www.capgemini.com\/br-pt\/wp-content\/uploads\/sites\/12\/2022\/02\/Capgemini_Events.jpg?w=1024&amp;quality=70 2x\" media=\"(min-width: 768px)\"\/><source srcset=\"https:\/\/www.capgemini.com\/br-pt\/wp-content\/uploads\/sites\/12\/2022\/02\/Capgemini_Events.jpg?w=768&amp;quality=70 1x, https:\/\/www.capgemini.com\/br-pt\/wp-content\/uploads\/sites\/12\/2022\/02\/Capgemini_Events.jpg?w=768&amp;quality=70 2x\" media=\"(min-width: 0)\"\/><img decoding=\"async\" src=\"https:\/\/www.capgemini.com\/br-pt\/wp-content\/uploads\/sites\/12\/2022\/02\/Capgemini_Events.jpg\" class=\"desktopImage\" alt=\"\" style=\"object-fit:cover;object-position:50% 50%\" loading=\"eager\"\/><\/picture><picture><source srcset=\"https:\/\/www.capgemini.com\/br-pt\/wp-content\/uploads\/sites\/12\/2022\/02\/Capgemini_Events.jpg?w=2880&amp;quality=70 1x, https:\/\/www.capgemini.com\/br-pt\/wp-content\/uploads\/sites\/12\/2022\/02\/Capgemini_Events.jpg?w=2880&amp;quality=70 2x\" media=\"(min-width: 1500px)\"\/><source srcset=\"https:\/\/www.capgemini.com\/br-pt\/wp-content\/uploads\/sites\/12\/2022\/02\/Capgemini_Events.jpg?w=1440&amp;quality=70 1x, https:\/\/www.capgemini.com\/br-pt\/wp-content\/uploads\/sites\/12\/2022\/02\/Capgemini_Events.jpg?w=2880&amp;quality=70 2x\" media=\"(min-width: 992px)\"\/><source srcset=\"https:\/\/www.capgemini.com\/br-pt\/wp-content\/uploads\/sites\/12\/2022\/02\/Capgemini_Events.jpg?w=1024&amp;quality=70 1x, https:\/\/www.capgemini.com\/br-pt\/wp-content\/uploads\/sites\/12\/2022\/02\/Capgemini_Events.jpg?w=1024&amp;quality=70 2x\" media=\"(min-width: 768px)\"\/><source srcset=\"https:\/\/www.capgemini.com\/br-pt\/wp-content\/uploads\/sites\/12\/2022\/02\/Capgemini_Events.jpg?w=768&amp;quality=70 1x, https:\/\/www.capgemini.com\/br-pt\/wp-content\/uploads\/sites\/12\/2022\/02\/Capgemini_Events.jpg?w=768&amp;quality=70 2x\" media=\"(min-width: 0)\"\/><img decoding=\"async\" src=\"https:\/\/www.capgemini.com\/br-pt\/wp-content\/uploads\/sites\/12\/2022\/02\/Capgemini_Events.jpg\" class=\"mobileImage\" alt=\"\" style=\"object-fit:cover;object-position:50% 50%\" loading=\"eager\"\/><\/picture><\/div><div class=\"heroPictureCardHeaderShape\"><\/div><div class=\"container\"><div class=\"row\"><div class=\"col-md-10 col-lg-10 LongTitle\"><div class=\"heroPictureCardBox\"><div class=\"heroPictureCardBoxTitle\"><h1 data-maxlength=\"144\">Eventos  <\/h1><\/div><\/div><\/div><\/div><\/div><div class=\"small-device\"><div class=\"logoWrapperLongTitle\"> <\/div><\/div><\/div>\n\n\n\n<section class=\"wp-block-cg-blocks-intro-para undefined section section--intro\"><div class=\"intro-para\"><div class=\"container\"><div class=\"row\"><div class=\"col-12 col-md-11 col-lg-10\"><h2 class=\"intro-para-title\"> <\/h2><\/div><\/div><\/div><\/div><\/section>\n\n\n<section class=\"section--publications section--press-news section--events-listing archive-pages eventPage\">\n\n\t<div class=\"container\">\n\n\t\t<div class=\"filters filters--vertical\" data-max=\"10\">\n\n\t\t\t<div class=\"archive-search\">\n\n\t<form class=\"form--oneliner js-search-form search search-icon\" action=\"\" method=\"get\"  >\n\n\t\t<div class=\"form-block\">\n\n\t\t\t<input type=\"text\" name=\"search\" aria-label=\"Enter search text\" id=\"pr_form_subbmit\" alt=\"Pesquisar\"\n\t\t\t       class=\"archive_phrase_search noeffect-input archive-search-input\" placeholder=\"Digite para pesquisar...\">\n\n\t\t\t<div class=\"search-icon\"><\/div>\n\n\t\t\t<button class=\"search-button archive-search-button\">Pesquisar<\/button>\n\n\t\t<\/div>\n\n\t<\/form>\n\n<\/div>\n\n\n\t\t\t<!-- filterStart -->\n\t\t\t<div class=\"filter-container\">\n\n\t\t\t\t<div class=\"filters-selects-label\" tabindex=\"0\" role=\"button\" aria-pressed=\"false\" aria-expanded=\"false\">\n\t\t\t\t\t<span class=\"d-none d-md-inline\">Filtros<\/span>\n\t\t\t\t\t<span class=\"d-inline d-md-none\">Filtrar resultados<\/span>\n\t\t\t\t<\/div>\n\n\t\t\t\t<div class=\"filters-selects-list filter-negative-margin\">\n\t\t\t\t\t<!-- filterDropdownLocationStart -->\n\t\t\t\t\t<div class=\"filters-selects-box\">\n\t\t\t\t\t\t<label for=\"select_event_locations\">\n\t\t\t\t\t\t\t<select\n\t\t\t\t\t\t\t\tplaceholder=\"City\"\n\t\t\t\t\t\t\t\tclass=\"js-filter js-with-select2\"\n\t\t\t\t\t\t\t\tname=\"event-location\"\n\t\t\t\t\t\t\t\tid=\"select_event_locations\"\n\t\t\t\t\t\t\t\tmultiple\n\t\t\t\t\t\t\t\tdata-filter-select=\"0\"\n\t\t\t\t\t\t\t>\n\t\t\t\t\t\t\t\t\n\t\t\t\t\t\t\t<\/select>\n\t\t\t\t\t\t<\/label>\n\t\t\t\t\t<\/div>\n\t\t\t\t\t<!-- filterDropdownLocationEnd -->\n\t\t\t\t<\/div>\n\n\t\t\t\t<div class=\"filters-tags-wrapper\">\n\t\t\t\t\t<div class=\"filters-tags-list\"><\/div>\n\t\t\t\t\t<button class=\"filters-clear\" id=\"clearDates\">Limpar tudo<\/button>\n\t\t\t\t<\/div>\n\n\t\t\t<\/div>\n\t\t\t<!-- filterEnd -->\n\n\t\t\t<div class=\"filter-container filter-data\">\n\n\t\t\t\t<a\n\t\t\t\t\tclass=\"js-event-filter more2 upcomingEventBtn event-button\"\n\t\t\t\t\thref=\"?events=upcoming\"\n\t\t\t\t\tdata-value=\"upcoming\"\n\t\t\t\t>\n\t\t\t\t\tPr\u00f3ximos Eventos\n\t\t\t\t<\/a>\n\n\t\t\t\t<a\n\t\t\t\t\tclass=\"js-event-filter more2 pastEventBtn event-button\"\n\t\t\t\t\thref=\"?events=past\"\n\t\t\t\t\tdata-value=\"past\"\n\t\t\t\t>\n\t\t\t\t\tEventos Passados\n\t\t\t\t<\/a>\n\n\t\t\t\t<!-- filterBusinessStart --><!-- filterBusinessEnd -->\n\n\t\t\t\t<!-- filterCareerStart --><!-- filterCareerEnd -->\n\n\t\t\t<\/div>\n\n\n\t\t\t<!-- Single Event REST Template -->\n\t\t\t<script id=\"search_result_item_template\" type=\"text\/template\">\n\n\t\t\t\t<div class=\"box box--event filter-box\">\n\n\t\t\t\t\t<a href={{ url }}>\n\n\t\t\t\t\t\t<div class=\"box-inner-dateTimeInfo event-box-inner event-box-inner-{{ eventtype }}\">\n\n\n\t\t\t\t\t\t\t<!-- date divided for particular sections -->\n\t\t\t\t\t\t\t<span class=\"month\">{{ eventblocktitle }}<\/span>\n\t\t\t\t\t\t\t<span class=\"month\">{{ month }} {{ day }}<\/span>\n\t\t\t\t\t\t\t<span class=\"year\">{{ year }}<\/span>\n\t\t\t\t\t\t\t<span class=\"time\">{{ hour }} {{ eventtimezone }}<\/span>\n\n\n\n\t\t\t\t\t\t<\/div>\n\n\t\t\t\t\t<\/a>\n\n\t\t\t\t\t<div class=\"box-inner\">\n\t\t\t\t\t\t<span class=\"box-tag\">{{ eventtype }}<\/span>\n\t\t\t\t\t\t<a class=\"box-title\" href={{ url }}><h3 class=\"archive-blogs-subtitle\">{{ title }}<\/h3><\/a>\n\t\t\t\t\t\t{{ banner }}\n\t\t\t\t\t\t<div class=\"box-date\">\n\t\t\t\t\t\t\t<span>{{ location }}<\/span>\n\t\t\t\t\t\t<\/div>\n\t\t\t\t\t<\/div>\n\n\t\t\t\t\t<div class=\"box-right {{ eventclass }}\">\n\n\t\t\t\t\t\t{{ addtocalmarkup }}\n\n\t\t\t\t\t\t<div class=\"registerBtnWrapper\">\n\t\t\t\t\t\t\t<a href=\"{{ url }}\" class=\"event-register\">Registrar<\/a>\n\t\t\t\t\t\t<\/div>\n\n\t\t\t\t\t<\/div>\n\n\t\t\t\t<\/div>\n\n\t\t\t<\/script>\n\n\t\t\t<div class=\"filters-content filters-content-archive\" data-type=\"event\"><\/div>\n\n\t\t\t<h3 class=\"js-no-results\">Nenhum resultado corresponde \u00e0 sua pesquisa<\/h3>\n\n\t\t\t<div class=\"filters-bottom\">\n\t\t\t\t<a class=\"filters-more\" href=\"#\" id=\"pr_filters_more\">Carregar mais<\/a>\n\t\t\t<\/div>\n\n\t\t<\/div><!-- \/.filters -->\n\n\t<\/div><!-- \/.container -->\n\n<\/section>\n","protected":false},"excerpt":{"rendered":"<p>Conhe\u00e7a os eventos desenvolvidos pela Capgemini Brasil e detalhes como localidade, hor\u00e1rio e descri\u00e7\u00e3o dos eventos.<\/p>\n","protected":false},"author":122,"featured_media":633819,"parent":628543,"menu_order":0,"comment_status":"closed","ping_status":"closed","template":"","meta":{"cg_dt_proposed_to":[],"cg_seo_hreflang_relations":"[{\"uuid\":\"5b950a55-1e67-4688-8f4e-263e3da28edf\",\"blogId\":\"5\",\"domain\":\"www.capgemini.com\",\"sitePath\":\"\/gb-en\/\",\"postLink\":\"https:\/\/www.capgemini.com\/gb-en\/news\/events\/\",\"postId\":556448,\"isSaved\":true,\"isCrossLink\":true,\"hasCrossLink\":false},{\"uuid\":\"55b45675-b4ab-4c78-b048-5085aeef2872\",\"blogId\":\"1\",\"domain\":\"www.capgemini.com\",\"sitePath\":\"\/\",\"postLink\":\"https:\/\/www.capgemini.com\/news\/events\/\",\"postId\":650115,\"isSaved\":true,\"isCrossLink\":true,\"hasCrossLink\":false},{\"uuid\":\"22d9019d-353e-401e-81b1-6350bfe2f649\",\"blogId\":\"18\",\"domain\":\"www.capgemini.com\",\"sitePath\":\"\/in-en\/\",\"postLink\":\"https:\/\/www.capgemini.com\/in-en\/news\/events\/\",\"postId\":975208,\"isSaved\":true,\"isCrossLink\":true,\"hasCrossLink\":false},{\"uuid\":\"b4eb22d1-6399-4ec0-baa4-e93b22765ce3\",\"blogId\":\"30\",\"domain\":\"www.capgemini.com\",\"sitePath\":\"\/us-en\/\",\"postLink\":\"https:\/\/www.capgemini.com\/us-en\/news\/events\/\",\"postId\":584393,\"isSaved\":true,\"isCrossLink\":true,\"hasCrossLink\":false},{\"uuid\":\"0cb4098c-2c34-4bdb-9843-292e315ed33e\",\"blogId\":\"28\",\"domain\":\"www.capgemini.com\",\"sitePath\":\"\/mx-es\/\",\"postLink\":\"https:\/\/www.capgemini.com\/mx-es\/news\/events\/\",\"postId\":5457,\"isSaved\":true,\"isCrossLink\":true,\"hasCrossLink\":false},{\"uuid\":\"0748bcbe-fa52-478a-b220-9fab45295c85\",\"blogId\":\"20\",\"domain\":\"www.capgemini.com\",\"sitePath\":\"\/se-en\/\",\"postLink\":\"https:\/\/www.capgemini.com\/se-en\/news\/events\/\",\"postId\":127966,\"isSaved\":true,\"isCrossLink\":true,\"hasCrossLink\":false},{\"uuid\":\"5831ee5f-3a0d-42fd-8244-31fa5fb906d7\",\"blogId\":\"19\",\"domain\":\"www.capgemini.com\",\"sitePath\":\"\/nl-nl\/\",\"postLink\":\"https:\/\/www.capgemini.com\/nl-nl\/nieuws\/evenementen\/\",\"postId\":700411,\"isSaved\":true,\"isCrossLink\":true,\"hasCrossLink\":false},{\"uuid\":\"cbfeda36-9af2-4b13-9bdb-8358e394ac38\",\"blogId\":\"22\",\"domain\":\"www.capgemini.com\",\"sitePath\":\"\/jp-jp\/\",\"postLink\":\"https:\/\/www.capgemini.com\/jp-jp\/news\/events\/\",\"postId\":506305,\"isSaved\":true,\"isCrossLink\":true,\"hasCrossLink\":false},{\"uuid\":\"1226a5dc-d97a-47c4-8625-b9b9132c0fc0\",\"blogId\":\"13\",\"domain\":\"www.capgemini.com\",\"sitePath\":\"\/cn-zh\/\",\"postLink\":\"https:\/\/www.capgemini.com\/cn-zh\/news\/events\/\",\"postId\":630185,\"isSaved\":true,\"isCrossLink\":true,\"hasCrossLink\":false},{\"uuid\":\"25bb7122-cdfb-4107-826d-4ab64a1c32ab\",\"blogId\":\"12\",\"domain\":\"www.capgemini.com\",\"sitePath\":\"\/br-pt\/\",\"postLink\":\"https:\/\/www.capgemini.com\/br-pt\/noticias\/eventos\/\",\"postId\":633818,\"isSaved\":true,\"isCrossLink\":true,\"hasCrossLink\":false}]","cg_seo_canonical_relation":"","cg_seo_hreflang_x_default_relation":"{\"uuid\":\"24d5bbb4-d1df-4f7a-906d-f0f35fc66747\",\"blogId\":\"\",\"domain\":\"\",\"sitePath\":\"\",\"postLink\":\"\",\"postId\":null,\"isSaved\":true,\"isCrossLink\":false,\"hasCrossLink\":false}","cg_dt_approved_content":true,"cg_dt_mandatory_content":false,"cg_dt_notes":"","cg_dg_source_changed":true,"cg_dt_link_disabled":false,"_yoast_wpseo_primary_brand":"80","footnotes":"","featured_focal_points":"","partner_card_description":"","gsap_animation":0},"brand":[80],"partner_type":[],"service":[],"industry":[],"partners":[],"page-type":[],"content-group":[],"class_list":["post-633818","page","type-page","status-publish","has-post-thumbnail","hentry","brand-capgemini"],"yoast_head":"<!-- This site is optimized with the Yoast SEO Premium plugin v22.8 (Yoast SEO v22.8) - https:\/\/yoast.com\/wordpress\/plugins\/seo\/ -->\n<title>Nossos eventos | Capgemini Brasil<\/title>\n<meta name=\"description\" content=\"Conhe\u00e7a os eventos desenvolvidos pela Capgemini Brasil e detalhes como localidade, hor\u00e1rio e descri\u00e7\u00e3o dos eventos.\" \/>\n<meta name=\"robots\" content=\"index, follow, max-snippet:-1, max-image-preview:large, max-video-preview:-1\" \/>\n<link rel=\"canonical\" href=\"https:\/\/www.capgemini.com\/br-pt\/noticias\/eventos\/\" \/>\n<meta property=\"og:locale\" content=\"pt_BR\" \/>\n<meta property=\"og:type\" content=\"article\" \/>\n<meta property=\"og:title\" content=\"Eventos\" \/>\n<meta property=\"og:description\" content=\"Conhe\u00e7a os eventos desenvolvidos pela Capgemini Brasil e detalhes como localidade, hor\u00e1rio e descri\u00e7\u00e3o dos eventos.\" \/>\n<meta property=\"og:url\" content=\"https:\/\/www.capgemini.com\/br-pt\/noticias\/eventos\/\" \/>\n<meta property=\"og:site_name\" content=\"Capgemini Brasil\" \/>\n<meta property=\"article:modified_time\" content=\"2025-03-26T03:12:41+00:00\" \/>\n<meta property=\"og:image\" content=\"https:\/\/www.capgemini.com\/br-pt\/wp-content\/uploads\/sites\/12\/2022\/02\/Capgemini_Events.jpg\" \/>\n\t<meta property=\"og:image:width\" content=\"2880\" \/>\n\t<meta property=\"og:image:height\" content=\"1800\" \/>\n\t<meta property=\"og:image:type\" content=\"image\/jpeg\" \/>\n<meta name=\"twitter:card\" content=\"summary_large_image\" \/>\n<meta name=\"twitter:label1\" content=\"Est. reading time\" \/>\n\t<meta name=\"twitter:data1\" content=\"1 minute\" \/>\n<script type=\"application\/ld+json\" class=\"yoast-schema-graph\">{\"@context\":\"https:\/\/schema.org\",\"@graph\":[{\"@type\":\"WebPage\",\"@id\":\"https:\/\/www.capgemini.com\/br-pt\/noticias\/eventos\/\",\"url\":\"https:\/\/www.capgemini.com\/br-pt\/noticias\/eventos\/\",\"name\":\"Nossos eventos | Capgemini Brasil\",\"isPartOf\":{\"@id\":\"https:\/\/www.capgemini.com\/br-pt\/#website\"},\"primaryImageOfPage\":{\"@id\":\"https:\/\/www.capgemini.com\/br-pt\/noticias\/eventos\/#primaryimage\"},\"image\":{\"@id\":\"https:\/\/www.capgemini.com\/br-pt\/noticias\/eventos\/#primaryimage\"},\"thumbnailUrl\":\"https:\/\/www.capgemini.com\/br-pt\/wp-content\/uploads\/sites\/12\/2022\/02\/Capgemini_Events.jpg\",\"datePublished\":\"2024-02-29T00:47:51+00:00\",\"dateModified\":\"2025-03-26T03:12:41+00:00\",\"description\":\"Conhe\u00e7a os eventos desenvolvidos pela Capgemini Brasil e detalhes como localidade, hor\u00e1rio e descri\u00e7\u00e3o dos eventos.\",\"breadcrumb\":{\"@id\":\"https:\/\/www.capgemini.com\/br-pt\/noticias\/eventos\/#breadcrumb\"},\"inLanguage\":\"pt-BR\",\"potentialAction\":[{\"@type\":\"ReadAction\",\"target\":[\"https:\/\/www.capgemini.com\/br-pt\/noticias\/eventos\/\"]}]},{\"@type\":\"ImageObject\",\"inLanguage\":\"pt-BR\",\"@id\":\"https:\/\/www.capgemini.com\/br-pt\/noticias\/eventos\/#primaryimage\",\"url\":\"https:\/\/www.capgemini.com\/br-pt\/wp-content\/uploads\/sites\/12\/2022\/02\/Capgemini_Events.jpg\",\"contentUrl\":\"https:\/\/www.capgemini.com\/br-pt\/wp-content\/uploads\/sites\/12\/2022\/02\/Capgemini_Events.jpg\",\"width\":2880,\"height\":1800,\"caption\":\"Eventos Capgemini Brasil\"},{\"@type\":\"BreadcrumbList\",\"@id\":\"https:\/\/www.capgemini.com\/br-pt\/noticias\/eventos\/#breadcrumb\",\"itemListElement\":[{\"@type\":\"ListItem\",\"position\":1,\"name\":\"Home\",\"item\":\"https:\/\/www.capgemini.com\/br-pt\/\"},{\"@type\":\"ListItem\",\"position\":2,\"name\":\"Not\u00edcias\",\"item\":\"https:\/\/www.capgemini.com\/br-pt\/noticias\/\"},{\"@type\":\"ListItem\",\"position\":3,\"name\":\"Eventos\"}]},{\"@type\":\"WebSite\",\"@id\":\"https:\/\/www.capgemini.com\/br-pt\/#website\",\"url\":\"https:\/\/www.capgemini.com\/br-pt\/\",\"name\":\"Capgemini Brasil\",\"description\":\"Capgemini\",\"potentialAction\":[{\"@type\":\"SearchAction\",\"target\":{\"@type\":\"EntryPoint\",\"urlTemplate\":\"https:\/\/www.capgemini.com\/br-pt\/?s={search_term_string}\"},\"query-input\":\"required name=search_term_string\"}],\"inLanguage\":\"pt-BR\"}]}<\/script>\n<!-- \/ Yoast SEO Premium plugin. -->","yoast_head_json":{"title":"Nossos eventos | Capgemini Brasil","description":"Conhe\u00e7a os eventos desenvolvidos pela Capgemini Brasil e detalhes como localidade, hor\u00e1rio e descri\u00e7\u00e3o dos eventos.","robots":{"index":"index","follow":"follow","max-snippet":"max-snippet:-1","max-image-preview":"max-image-preview:large","max-video-preview":"max-video-preview:-1"},"canonical":"https:\/\/www.capgemini.com\/br-pt\/noticias\/eventos\/","og_locale":"pt_BR","og_type":"article","og_title":"Eventos","og_description":"Conhe\u00e7a os eventos desenvolvidos pela Capgemini Brasil e detalhes como localidade, hor\u00e1rio e descri\u00e7\u00e3o dos eventos.","og_url":"https:\/\/www.capgemini.com\/br-pt\/noticias\/eventos\/","og_site_name":"Capgemini Brasil","article_modified_time":"2025-03-26T03:12:41+00:00","og_image":[{"width":2880,"height":1800,"url":"https:\/\/www.capgemini.com\/br-pt\/wp-content\/uploads\/sites\/12\/2022\/02\/Capgemini_Events.jpg","type":"image\/jpeg"}],"twitter_card":"summary_large_image","twitter_misc":{"Est. reading time":"1 minute"},"schema":{"@context":"https:\/\/schema.org","@graph":[{"@type":"WebPage","@id":"https:\/\/www.capgemini.com\/br-pt\/noticias\/eventos\/","url":"https:\/\/www.capgemini.com\/br-pt\/noticias\/eventos\/","name":"Nossos eventos | Capgemini Brasil","isPartOf":{"@id":"https:\/\/www.capgemini.com\/br-pt\/#website"},"primaryImageOfPage":{"@id":"https:\/\/www.capgemini.com\/br-pt\/noticias\/eventos\/#primaryimage"},"image":{"@id":"https:\/\/www.capgemini.com\/br-pt\/noticias\/eventos\/#primaryimage"},"thumbnailUrl":"https:\/\/www.capgemini.com\/br-pt\/wp-content\/uploads\/sites\/12\/2022\/02\/Capgemini_Events.jpg","datePublished":"2024-02-29T00:47:51+00:00","dateModified":"2025-03-26T03:12:41+00:00","description":"Conhe\u00e7a os eventos desenvolvidos pela Capgemini Brasil e detalhes como localidade, hor\u00e1rio e descri\u00e7\u00e3o dos eventos.","breadcrumb":{"@id":"https:\/\/www.capgemini.com\/br-pt\/noticias\/eventos\/#breadcrumb"},"inLanguage":"pt-BR","potentialAction":[{"@type":"ReadAction","target":["https:\/\/www.capgemini.com\/br-pt\/noticias\/eventos\/"]}]},{"@type":"ImageObject","inLanguage":"pt-BR","@id":"https:\/\/www.capgemini.com\/br-pt\/noticias\/eventos\/#primaryimage","url":"https:\/\/www.capgemini.com\/br-pt\/wp-content\/uploads\/sites\/12\/2022\/02\/Capgemini_Events.jpg","contentUrl":"https:\/\/www.capgemini.com\/br-pt\/wp-content\/uploads\/sites\/12\/2022\/02\/Capgemini_Events.jpg","width":2880,"height":1800,"caption":"Eventos Capgemini Brasil"},{"@type":"BreadcrumbList","@id":"https:\/\/www.capgemini.com\/br-pt\/noticias\/eventos\/#breadcrumb","itemListElement":[{"@type":"ListItem","position":1,"name":"Home","item":"https:\/\/www.capgemini.com\/br-pt\/"},{"@type":"ListItem","position":2,"name":"Not\u00edcias","item":"https:\/\/www.capgemini.com\/br-pt\/noticias\/"},{"@type":"ListItem","position":3,"name":"Eventos"}]},{"@type":"WebSite","@id":"https:\/\/www.capgemini.com\/br-pt\/#website","url":"https:\/\/www.capgemini.com\/br-pt\/","name":"Capgemini Brasil","description":"Capgemini","potentialAction":[{"@type":"SearchAction","target":{"@type":"EntryPoint","urlTemplate":"https:\/\/www.capgemini.com\/br-pt\/?s={search_term_string}"},"query-input":"required name=search_term_string"}],"inLanguage":"pt-BR"}]}},"brand_term":[{"id":80,"slug":"capgemini"}],"parsely":{"version":"1.1.0","canonical_url":"https:\/\/capgemini.com\/br-pt\/noticias\/eventos\/","smart_links":{"inbound":0,"outbound":0},"traffic_boost_suggestions_count":0,"meta":{"@context":"https:\/\/schema.org","@type":"WebPage","headline":"Eventos","url":"https:\/\/www.capgemini.com\/br-pt\/noticias\/eventos\/","mainEntityOfPage":{"@type":"WebPage","@id":"https:\/\/www.capgemini.com\/br-pt\/noticias\/eventos\/"},"thumbnailUrl":"https:\/\/www.capgemini.com\/br-pt\/wp-content\/uploads\/sites\/12\/2022\/02\/Capgemini_Events.jpg?w=150&h=150&crop=1","image":{"@type":"ImageObject","url":"https:\/\/www.capgemini.com\/br-pt\/wp-content\/uploads\/sites\/12\/2022\/02\/Capgemini_Events.jpg"},"articleSection":"Uncategorized","author":[],"creator":[],"publisher":{"@type":"Organization","name":"Capgemini Brasil","logo":""},"keywords":[],"dateCreated":"2024-02-29T00:47:51Z","datePublished":"2024-02-29T00:47:51Z","dateModified":"2025-03-26T03:12:41Z"},"rendered":"<meta name=\"parsely-title\" content=\"Eventos\" \/>\n<meta name=\"parsely-link\" content=\"https:\/\/www.capgemini.com\/br-pt\/noticias\/eventos\/\" \/>\n<meta name=\"parsely-type\" content=\"index\" \/>\n<meta name=\"parsely-image-url\" content=\"https:\/\/www.capgemini.com\/br-pt\/wp-content\/uploads\/sites\/12\/2022\/02\/Capgemini_Events.jpg?w=150&amp;h=150&amp;crop=1\" \/>\n<meta name=\"parsely-pub-date\" content=\"2024-02-29T00:47:51Z\" \/>\n<meta name=\"parsely-section\" content=\"Uncategorized\" \/>","tracker_url":"https:\/\/cdn.parsely.com\/keys\/capgemini.com\/p.js"},"archive_status":false,"featured_image_src":"https:\/\/www.capgemini.com\/br-pt\/wp-content\/uploads\/sites\/12\/2022\/02\/Capgemini_Events.jpg","featured_image_alt":"Eventos Capgemini Brasil","distributor_meta":false,"distributor_terms":false,"distributor_media":false,"distributor_original_site_name":"Capgemini Brasil","distributor_original_site_url":"https:\/\/www.capgemini.com\/br-pt","push-errors":false,"_links":{"self":[{"href":"https:\/\/www.capgemini.com\/br-pt\/wp-json\/wp\/v2\/pages\/633818","targetHints":{"allow":["GET"]}}],"collection":[{"href":"https:\/\/www.capgemini.com\/br-pt\/wp-json\/wp\/v2\/pages"}],"about":[{"href":"https:\/\/www.capgemini.com\/br-pt\/wp-json\/wp\/v2\/types\/page"}],"author":[{"embeddable":true,"href":"https:\/\/www.capgemini.com\/br-pt\/wp-json\/wp\/v2\/users\/122"}],"replies":[{"embeddable":true,"href":"https:\/\/www.capgemini.com\/br-pt\/wp-json\/wp\/v2\/comments?post=633818"}],"version-history":[{"count":7,"href":"https:\/\/www.capgemini.com\/br-pt\/wp-json\/wp\/v2\/pages\/633818\/revisions"}],"predecessor-version":[{"id":640127,"href":"https:\/\/www.capgemini.com\/br-pt\/wp-json\/wp\/v2\/pages\/633818\/revisions\/640127"}],"up":[{"embeddable":true,"href":"https:\/\/www.capgemini.com\/br-pt\/wp-json\/wp\/v2\/pages\/628543"}],"wp:featuredmedia":[{"embeddable":true,"href":"https:\/\/www.capgemini.com\/br-pt\/wp-json\/wp\/v2\/media\/633819"}],"wp:attachment":[{"href":"https:\/\/www.capgemini.com\/br-pt\/wp-json\/wp\/v2\/media?parent=633818"}],"wp:term":[{"taxonomy":"brand","embeddable":true,"href":"https:\/\/www.capgemini.com\/br-pt\/wp-json\/wp\/v2\/brand?post=633818"},{"taxonomy":"partner_type","embeddable":true,"href":"https:\/\/www.capgemini.com\/br-pt\/wp-json\/wp\/v2\/partner_type?post=633818"},{"taxonomy":"service","embeddable":true,"href":"https:\/\/www.capgemini.com\/br-pt\/wp-json\/wp\/v2\/service?post=633818"},{"taxonomy":"industry","embeddable":true,"href":"https:\/\/www.capgemini.com\/br-pt\/wp-json\/wp\/v2\/industry?post=633818"},{"taxonomy":"partners","embeddable":true,"href":"https:\/\/www.capgemini.com\/br-pt\/wp-json\/wp\/v2\/partners?post=633818"},{"taxonomy":"page-type","embeddable":true,"href":"https:\/\/www.capgemini.com\/br-pt\/wp-json\/wp\/v2\/page-type?post=633818"},{"taxonomy":"content-group","embeddable":true,"href":"https:\/\/www.capgemini.com\/br-pt\/wp-json\/wp\/v2\/content-group?post=633818"}],"curies":[{"name":"wp","href":"https:\/\/api.w.org\/{rel}","templated":true}]}}