{"id":632403,"date":"2024-01-15T16:14:02","date_gmt":"2024-01-15T16:14:02","guid":{"rendered":"https:\/\/www.capgemini.com\/br-pt\/?page_id=632403"},"modified":"2025-11-14T17:08:25","modified_gmt":"2025-11-14T17:08:25","slug":"podcasts-da-capgemini-brasil","status":"publish","type":"page","link":"https:\/\/www.capgemini.com\/br-pt\/podcasts-da-capgemini-brasil\/","title":{"rendered":"Podcasts Capgemini Brasil"},"content":{"rendered":"\n<div class=\"wp-block-cg-blocks-hero-picture-card undefined  heroPictureCard\"><div class=\"heroPictureCardBgs\"><picture><source srcset=\"https:\/\/www.capgemini.com\/br-pt\/wp-content\/uploads\/sites\/12\/2024\/01\/hero-podcasts-capgemini-brasil.png?w=2880&amp;quality=70 1x, https:\/\/www.capgemini.com\/br-pt\/wp-content\/uploads\/sites\/12\/2024\/01\/hero-podcasts-capgemini-brasil.png?w=2880&amp;quality=70 2x\" media=\"(min-width: 1500px)\"\/><source srcset=\"https:\/\/www.capgemini.com\/br-pt\/wp-content\/uploads\/sites\/12\/2024\/01\/hero-podcasts-capgemini-brasil.png?w=1440&amp;quality=70 1x, https:\/\/www.capgemini.com\/br-pt\/wp-content\/uploads\/sites\/12\/2024\/01\/hero-podcasts-capgemini-brasil.png?w=2880&amp;quality=70 2x\" media=\"(min-width: 992px)\"\/><source srcset=\"https:\/\/www.capgemini.com\/br-pt\/wp-content\/uploads\/sites\/12\/2024\/01\/hero-podcasts-capgemini-brasil.png?w=1024&amp;quality=70 1x, https:\/\/www.capgemini.com\/br-pt\/wp-content\/uploads\/sites\/12\/2024\/01\/hero-podcasts-capgemini-brasil.png?w=1024&amp;quality=70 2x\" media=\"(min-width: 768px)\"\/><source srcset=\"https:\/\/www.capgemini.com\/br-pt\/wp-content\/uploads\/sites\/12\/2024\/01\/hero-podcasts-capgemini-brasil.png?w=768&amp;quality=70 1x, https:\/\/www.capgemini.com\/br-pt\/wp-content\/uploads\/sites\/12\/2024\/01\/hero-podcasts-capgemini-brasil.png?w=768&amp;quality=70 2x\" media=\"(min-width: 0)\"\/><img decoding=\"async\" src=\"https:\/\/www.capgemini.com\/br-pt\/wp-content\/uploads\/sites\/12\/2024\/01\/hero-podcasts-capgemini-brasil.png\" class=\"desktopImage\" alt=\"hero-podcasts-capgemini-brasil\" style=\"object-fit:cover;object-position:37% 44%\" loading=\"eager\"\/><\/picture><picture><source srcset=\"https:\/\/www.capgemini.com\/br-pt\/wp-content\/uploads\/sites\/12\/2024\/01\/hero-podcasts-capgemini-brasil.png?w=2880&amp;quality=70 1x, https:\/\/www.capgemini.com\/br-pt\/wp-content\/uploads\/sites\/12\/2024\/01\/hero-podcasts-capgemini-brasil.png?w=2880&amp;quality=70 2x\" media=\"(min-width: 1500px)\"\/><source srcset=\"https:\/\/www.capgemini.com\/br-pt\/wp-content\/uploads\/sites\/12\/2024\/01\/hero-podcasts-capgemini-brasil.png?w=1440&amp;quality=70 1x, https:\/\/www.capgemini.com\/br-pt\/wp-content\/uploads\/sites\/12\/2024\/01\/hero-podcasts-capgemini-brasil.png?w=2880&amp;quality=70 2x\" media=\"(min-width: 992px)\"\/><source srcset=\"https:\/\/www.capgemini.com\/br-pt\/wp-content\/uploads\/sites\/12\/2024\/01\/hero-podcasts-capgemini-brasil.png?w=1024&amp;quality=70 1x, https:\/\/www.capgemini.com\/br-pt\/wp-content\/uploads\/sites\/12\/2024\/01\/hero-podcasts-capgemini-brasil.png?w=1024&amp;quality=70 2x\" media=\"(min-width: 768px)\"\/><source srcset=\"https:\/\/www.capgemini.com\/br-pt\/wp-content\/uploads\/sites\/12\/2024\/01\/hero-podcasts-capgemini-brasil.png?w=768&amp;quality=70 1x, https:\/\/www.capgemini.com\/br-pt\/wp-content\/uploads\/sites\/12\/2024\/01\/hero-podcasts-capgemini-brasil.png?w=768&amp;quality=70 2x\" media=\"(min-width: 0)\"\/><img decoding=\"async\" src=\"https:\/\/www.capgemini.com\/br-pt\/wp-content\/uploads\/sites\/12\/2024\/01\/hero-podcasts-capgemini-brasil.png\" class=\"mobileImage\" alt=\"hero-podcasts-capgemini-brasil\" style=\"object-fit:cover;object-position:37% 44%\" loading=\"eager\"\/><\/picture><\/div><div class=\"heroPictureCardHeaderShape\"><\/div><div class=\"container\"><div class=\"row\"><div class=\"col-md-8 col-lg-6\"><div class=\"heroPictureCardBox\"><div class=\"heroPictureCardBoxTitle\"><h1 data-maxlength=\"144\">Podcasts<\/h1><\/div><\/div><\/div><\/div><\/div><div class=\"small-device\"><div class=\"brandLogoWrapper\"> <\/div><\/div><\/div>\n\n\n\n<section class=\"wp-block-cg-blocks-group undefined section section--article-content\"><div class=\"article-main-content\"><div class=\"container\"><div class=\"row\"><div class=\"col-12 col-md-11 col-lg-10 offset-md-1 offset-lg-1\"><div class=\"article-text article-quote-text\">\n<h2 class=\"wp-block-heading\" id=\"h-oi-este-e-o-podcast-da-capgemini-brasil-um-espaco-para-trocar-informacoes-falar-sobre-curiosidades-polemicas-e-todos-os-desafios-do-mundo-da-tecnologia-e-pra-enriquecer-a-discussao-alem-dos-nossos-especialistas-vamos-trazer-sempre-convidados-mais-que-especiais\" style=\"font-style:normal;font-weight:300\">Oi! Este \u00e9 o Podcast da Capgemini Brasil, um espa\u00e7o para trocar informa\u00e7\u00f5es, falar sobre curiosidades, pol\u00eamicas, e todos os desafios do mundo da tecnologia. E, pra enriquecer a discuss\u00e3o, al\u00e9m dos nossos especialistas, vamos trazer sempre convidados mais que especiais.<\/h2>\n\n\n\n<h2 class=\"wp-block-heading\" id=\"h-vem-com-a-gente\" style=\"font-style:normal;font-weight:100\">Vem com a gente!<\/h2>\n\n\n\n<h2 class=\"wp-block-heading\" id=\"h-\" style=\"font-size:35px\"><\/h2>\n\n\n\n<section class=\"wp-block-cg-blocks-learn-more updated-new-sample-amal learnMoreBlock\"><div class=\"container\"><div class=\"content-title\"><h2 class=\"learnmore-heading\">Ou\u00e7a e se inscreva<\/h2><\/div><div class=\"row\"><div class=\"col-md-4\"><div class=\"box\"><div class=\"box-wrapper\"><a class=\"box-title\" href=\"https:\/\/www.capgemini.com\/br-pt\/seguro-talks-com-bb-seguros\/\" target=\"\" aria-label=\"Seguro Talks com BB Seguros\" rel=\"noopener noreferrer\"><div class=\"box-img-wrapper\"><img decoding=\"async\" src=\"https:\/\/www.capgemini.com\/br-pt\/wp-content\/uploads\/sites\/12\/2025\/06\/seguro-talks.png?w=500&amp;quality=70\" srcset=\"https:\/\/www.capgemini.com\/br-pt\/wp-content\/uploads\/sites\/12\/2025\/06\/seguro-talks.png?w=500&amp;quality=70 1x, https:\/\/www.capgemini.com\/br-pt\/wp-content\/uploads\/sites\/12\/2025\/06\/seguro-talks.png?w=1000&amp;quality=70 2x\" class=\"box-img\" alt=\"seguro talks hero\" style=\"object-fit:cover;object-position:50% 50%\" loading=\"lazy\"\/><\/div><h3 class=\"titleWithoutLink_learnMore\">Seguro Talks com BB Seguros<\/h3><\/a><\/div><\/div><div class=\"box-inner\"><p class=\"box-desc\">Este  epis\u00f3dio t\u00eam como entrevistado Bruno Alves, Diretor de Tecnologia, Portf\u00f3lio, Solu\u00e7\u00f5es Digitais e Analytics da BB Seguros, para discutir os resultados do World Life Insurance Report 2025, publicado pelo Capgemini Research Institute.\u00a0<\/p><\/div><\/div><div class=\"col-md-4\"><div class=\"box\"><div class=\"box-wrapper\"><a class=\"box-title\" href=\"https:\/\/www.capgemini.com\/br-pt\/seguro-talks-bradesco-seguros\/\" target=\"\" aria-label=\"Seguro Talks com Bradesco Seguros\" rel=\"noopener noreferrer\"><div class=\"box-img-wrapper\"><img decoding=\"async\" src=\"https:\/\/www.capgemini.com\/br-pt\/wp-content\/uploads\/sites\/12\/2025\/06\/seguro-talks.png?w=500&amp;quality=70\" srcset=\"https:\/\/www.capgemini.com\/br-pt\/wp-content\/uploads\/sites\/12\/2025\/06\/seguro-talks.png?w=500&amp;quality=70 1x, https:\/\/www.capgemini.com\/br-pt\/wp-content\/uploads\/sites\/12\/2025\/06\/seguro-talks.png?w=1000&amp;quality=70 2x\" class=\"box-img\" alt=\"seguro talks hero\" style=\"object-fit:cover;object-position:50% 50%\" loading=\"lazy\"\/><\/div><h3 class=\"titleWithoutLink_learnMore\">Seguro Talks com Bradesco Seguros<\/h3><\/a><\/div><\/div><div class=\"box-inner\"><p class=\"box-desc\">Este epis\u00f3dio t\u00eam como entrevistado \u00a0Alexandre Faller, Superintendente S\u00eanior na TI Holding da Bradesco Seguros, para discutir as transforma\u00e7\u00f5es recentes que t\u00eam acometido o mercado de seguros mundial e localmente, como  comunica\u00e7\u00e3o omnichanell e hiperpersonalizada e o uso cada vez mais massivo de IA nas opera\u00e7\u00f5es.<\/p><\/div><\/div><div class=\"col-md-4\"><div class=\"box\"><div class=\"box-wrapper\"><a class=\"box-title\" href=\"https:\/\/www.capgemini.com\/br-pt\/seguro-talks-cnseg\/\" target=\"\" aria-label=\"Seguro Talks com CNseg\" rel=\"noopener noreferrer\"><div class=\"box-img-wrapper\"><img decoding=\"async\" src=\"https:\/\/www.capgemini.com\/br-pt\/wp-content\/uploads\/sites\/12\/2025\/06\/seguro-talks.png?w=500&amp;quality=70\" srcset=\"https:\/\/www.capgemini.com\/br-pt\/wp-content\/uploads\/sites\/12\/2025\/06\/seguro-talks.png?w=500&amp;quality=70 1x, https:\/\/www.capgemini.com\/br-pt\/wp-content\/uploads\/sites\/12\/2025\/06\/seguro-talks.png?w=1000&amp;quality=70 2x\" class=\"box-img\" alt=\"seguro talks hero\" style=\"object-fit:cover;object-position:50% 50%\" loading=\"lazy\"\/><\/div><h3 class=\"titleWithoutLink_learnMore\">Seguro Talks com CNseg<\/h3><\/a><\/div><\/div><div class=\"box-inner\"><p class=\"box-desc\">Neste epis\u00f3dio nossa convidada \u00e9 a Confedera\u00e7\u00e3o Nacional das Seguradoras (CNseg).<\/p><\/div><\/div><div class=\"col-md-4\"><div class=\"box\"><div class=\"box-wrapper\"><a class=\"box-title\" href=\"https:\/\/www.capgemini.com\/br-pt\/insights\/biblioteca-de-pesquisas\/alice-no-mundo-tech\/\" target=\"\" aria-label=\"Podcast - Alice no mundo tech\" rel=\"noopener noreferrer\"><div class=\"box-img-wrapper\"><img decoding=\"async\" src=\"https:\/\/www.capgemini.com\/br-pt\/wp-content\/uploads\/sites\/12\/2024\/01\/alice-img.png?w=500&amp;quality=70\" srcset=\"https:\/\/www.capgemini.com\/br-pt\/wp-content\/uploads\/sites\/12\/2024\/01\/alice-img.png?w=500&amp;quality=70 1x, https:\/\/www.capgemini.com\/br-pt\/wp-content\/uploads\/sites\/12\/2024\/01\/alice-img.png?w=1000&amp;quality=70 2x\" class=\"box-img\" alt=\"Alice-podcast-hero-card\" style=\"object-fit:cover;object-position:50% 50%\" loading=\"lazy\"\/><\/div><h3 class=\"titleWithoutLink_learnMore\">Podcast &#8211; Alice no mundo tech<\/h3><\/a><\/div><\/div><div class=\"box-inner\"><p class=\"box-desc\">Podcast da Capgemini, com o apoio da ServiceNow sobre os desafios da transforma\u00e7\u00e3o digital e inova\u00e7\u00e3o conversando com especialistas do mercado.<\/p><\/div><\/div><\/div><\/div><\/section>\n<\/div><\/div><\/div><\/div><\/div><\/section>\n","protected":false},"excerpt":{"rendered":"<p>Podcasts da Capgemini Brasil, um espa\u00e7o para trocar informa\u00e7\u00f5es, falar sobre curiosidades, pol\u00eamicas, e todos os desafios do mundo da tecnologia.<\/p>\n","protected":false},"author":588,"featured_media":632524,"parent":0,"menu_order":0,"comment_status":"closed","ping_status":"closed","template":"","meta":{"cg_dt_proposed_to":[],"cg_seo_hreflang_relations":"[]","cg_seo_canonical_relation":"","cg_seo_hreflang_x_default_relation":"{\"uuid\":\"6b46907d-8df4-4dc8-8a92-166de44a531c\",\"blogId\":\"\",\"domain\":\"\",\"sitePath\":\"\",\"postLink\":\"\",\"postId\":null,\"isSaved\":true,\"isCrossLink\":false,\"hasCrossLink\":false}","cg_dt_approved_content":true,"cg_dt_mandatory_content":false,"cg_dt_notes":"","cg_dg_source_changed":false,"cg_dt_link_disabled":false,"_yoast_wpseo_primary_brand":"80","footnotes":"","featured_focal_points":"","partner_card_description":"","gsap_animation":0},"brand":[80],"partner_type":[],"service":[],"industry":[],"partners":[],"page-type":[],"content-group":[],"class_list":["post-632403","page","type-page","status-publish","has-post-thumbnail","hentry","brand-capgemini"],"yoast_head":"<!-- This site is optimized with the Yoast SEO Premium plugin v22.8 (Yoast SEO v22.8) - https:\/\/yoast.com\/wordpress\/plugins\/seo\/ -->\n<title>Podcasts Capgemini Brasil - Capgemini Brasil<\/title>\n<meta name=\"description\" content=\"Podcast da Capgemini Brasil, um espa\u00e7o para trocar informa\u00e7\u00f5es, falar sobre curiosidades, pol\u00eamicas, e todos os desafios do mundo da tecnologia.\" \/>\n<meta name=\"robots\" content=\"index, follow, max-snippet:-1, max-image-preview:large, max-video-preview:-1\" \/>\n<link rel=\"canonical\" href=\"https:\/\/www.capgemini.com\/br-pt\/podcasts-da-capgemini-brasil\/\" \/>\n<meta property=\"og:locale\" content=\"pt_BR\" \/>\n<meta property=\"og:type\" content=\"article\" \/>\n<meta property=\"og:title\" content=\"Podcasts Capgemini Brasil\" \/>\n<meta property=\"og:description\" content=\"Podcast da Capgemini Brasil, um espa\u00e7o para trocar informa\u00e7\u00f5es, falar sobre curiosidades, pol\u00eamicas, e todos os desafios do mundo da tecnologia.\" \/>\n<meta property=\"og:url\" content=\"https:\/\/www.capgemini.com\/br-pt\/podcasts-da-capgemini-brasil\/\" \/>\n<meta property=\"og:site_name\" content=\"Capgemini Brasil\" \/>\n<meta property=\"article:modified_time\" content=\"2025-11-14T17:08:25+00:00\" \/>\n<meta property=\"og:image\" content=\"https:\/\/www.capgemini.com\/br-pt\/wp-content\/uploads\/sites\/12\/2024\/01\/hero-card-muito-alem-do-buzz.png\" \/>\n\t<meta property=\"og:image:width\" content=\"306\" \/>\n\t<meta property=\"og:image:height\" content=\"418\" \/>\n\t<meta property=\"og:image:type\" content=\"image\/png\" \/>\n<meta name=\"twitter:card\" content=\"summary_large_image\" \/>\n<meta name=\"twitter:label1\" content=\"Est. reading time\" \/>\n\t<meta name=\"twitter:data1\" content=\"3 minutes\" \/>\n<script type=\"application\/ld+json\" class=\"yoast-schema-graph\">{\"@context\":\"https:\/\/schema.org\",\"@graph\":[{\"@type\":\"WebPage\",\"@id\":\"https:\/\/www.capgemini.com\/br-pt\/podcasts-da-capgemini-brasil\/\",\"url\":\"https:\/\/www.capgemini.com\/br-pt\/podcasts-da-capgemini-brasil\/\",\"name\":\"Podcasts Capgemini Brasil - Capgemini Brasil\",\"isPartOf\":{\"@id\":\"https:\/\/www.capgemini.com\/br-pt\/#website\"},\"primaryImageOfPage\":{\"@id\":\"https:\/\/www.capgemini.com\/br-pt\/podcasts-da-capgemini-brasil\/#primaryimage\"},\"image\":{\"@id\":\"https:\/\/www.capgemini.com\/br-pt\/podcasts-da-capgemini-brasil\/#primaryimage\"},\"thumbnailUrl\":\"https:\/\/www.capgemini.com\/br-pt\/wp-content\/uploads\/sites\/12\/2024\/01\/hero-card-muito-alem-do-buzz.png\",\"datePublished\":\"2024-01-15T16:14:02+00:00\",\"dateModified\":\"2025-11-14T17:08:25+00:00\",\"description\":\"Podcast da Capgemini Brasil, um espa\u00e7o para trocar informa\u00e7\u00f5es, falar sobre curiosidades, pol\u00eamicas, e todos os desafios do mundo da tecnologia.\",\"breadcrumb\":{\"@id\":\"https:\/\/www.capgemini.com\/br-pt\/podcasts-da-capgemini-brasil\/#breadcrumb\"},\"inLanguage\":\"pt-BR\",\"potentialAction\":[{\"@type\":\"ReadAction\",\"target\":[\"https:\/\/www.capgemini.com\/br-pt\/podcasts-da-capgemini-brasil\/\"]}]},{\"@type\":\"ImageObject\",\"inLanguage\":\"pt-BR\",\"@id\":\"https:\/\/www.capgemini.com\/br-pt\/podcasts-da-capgemini-brasil\/#primaryimage\",\"url\":\"https:\/\/www.capgemini.com\/br-pt\/wp-content\/uploads\/sites\/12\/2024\/01\/hero-card-muito-alem-do-buzz.png\",\"contentUrl\":\"https:\/\/www.capgemini.com\/br-pt\/wp-content\/uploads\/sites\/12\/2024\/01\/hero-card-muito-alem-do-buzz.png\",\"width\":306,\"height\":418,\"caption\":\"hero-card-muito-alem-do-buzz\"},{\"@type\":\"BreadcrumbList\",\"@id\":\"https:\/\/www.capgemini.com\/br-pt\/podcasts-da-capgemini-brasil\/#breadcrumb\",\"itemListElement\":[{\"@type\":\"ListItem\",\"position\":1,\"name\":\"Home\",\"item\":\"https:\/\/www.capgemini.com\/br-pt\/\"},{\"@type\":\"ListItem\",\"position\":2,\"name\":\"Podcasts Capgemini Brasil\"}]},{\"@type\":\"WebSite\",\"@id\":\"https:\/\/www.capgemini.com\/br-pt\/#website\",\"url\":\"https:\/\/www.capgemini.com\/br-pt\/\",\"name\":\"Capgemini Brasil\",\"description\":\"Capgemini\",\"potentialAction\":[{\"@type\":\"SearchAction\",\"target\":{\"@type\":\"EntryPoint\",\"urlTemplate\":\"https:\/\/www.capgemini.com\/br-pt\/?s={search_term_string}\"},\"query-input\":\"required name=search_term_string\"}],\"inLanguage\":\"pt-BR\"}]}<\/script>\n<!-- \/ Yoast SEO Premium plugin. -->","yoast_head_json":{"title":"Podcasts Capgemini Brasil - Capgemini Brasil","description":"Podcast da Capgemini Brasil, um espa\u00e7o para trocar informa\u00e7\u00f5es, falar sobre curiosidades, pol\u00eamicas, e todos os desafios do mundo da tecnologia.","robots":{"index":"index","follow":"follow","max-snippet":"max-snippet:-1","max-image-preview":"max-image-preview:large","max-video-preview":"max-video-preview:-1"},"canonical":"https:\/\/www.capgemini.com\/br-pt\/podcasts-da-capgemini-brasil\/","og_locale":"pt_BR","og_type":"article","og_title":"Podcasts Capgemini Brasil","og_description":"Podcast da Capgemini Brasil, um espa\u00e7o para trocar informa\u00e7\u00f5es, falar sobre curiosidades, pol\u00eamicas, e todos os desafios do mundo da tecnologia.","og_url":"https:\/\/www.capgemini.com\/br-pt\/podcasts-da-capgemini-brasil\/","og_site_name":"Capgemini Brasil","article_modified_time":"2025-11-14T17:08:25+00:00","og_image":[{"width":306,"height":418,"url":"https:\/\/www.capgemini.com\/br-pt\/wp-content\/uploads\/sites\/12\/2024\/01\/hero-card-muito-alem-do-buzz.png","type":"image\/png"}],"twitter_card":"summary_large_image","twitter_misc":{"Est. reading time":"3 minutes"},"schema":{"@context":"https:\/\/schema.org","@graph":[{"@type":"WebPage","@id":"https:\/\/www.capgemini.com\/br-pt\/podcasts-da-capgemini-brasil\/","url":"https:\/\/www.capgemini.com\/br-pt\/podcasts-da-capgemini-brasil\/","name":"Podcasts Capgemini Brasil - Capgemini Brasil","isPartOf":{"@id":"https:\/\/www.capgemini.com\/br-pt\/#website"},"primaryImageOfPage":{"@id":"https:\/\/www.capgemini.com\/br-pt\/podcasts-da-capgemini-brasil\/#primaryimage"},"image":{"@id":"https:\/\/www.capgemini.com\/br-pt\/podcasts-da-capgemini-brasil\/#primaryimage"},"thumbnailUrl":"https:\/\/www.capgemini.com\/br-pt\/wp-content\/uploads\/sites\/12\/2024\/01\/hero-card-muito-alem-do-buzz.png","datePublished":"2024-01-15T16:14:02+00:00","dateModified":"2025-11-14T17:08:25+00:00","description":"Podcast da Capgemini Brasil, um espa\u00e7o para trocar informa\u00e7\u00f5es, falar sobre curiosidades, pol\u00eamicas, e todos os desafios do mundo da tecnologia.","breadcrumb":{"@id":"https:\/\/www.capgemini.com\/br-pt\/podcasts-da-capgemini-brasil\/#breadcrumb"},"inLanguage":"pt-BR","potentialAction":[{"@type":"ReadAction","target":["https:\/\/www.capgemini.com\/br-pt\/podcasts-da-capgemini-brasil\/"]}]},{"@type":"ImageObject","inLanguage":"pt-BR","@id":"https:\/\/www.capgemini.com\/br-pt\/podcasts-da-capgemini-brasil\/#primaryimage","url":"https:\/\/www.capgemini.com\/br-pt\/wp-content\/uploads\/sites\/12\/2024\/01\/hero-card-muito-alem-do-buzz.png","contentUrl":"https:\/\/www.capgemini.com\/br-pt\/wp-content\/uploads\/sites\/12\/2024\/01\/hero-card-muito-alem-do-buzz.png","width":306,"height":418,"caption":"hero-card-muito-alem-do-buzz"},{"@type":"BreadcrumbList","@id":"https:\/\/www.capgemini.com\/br-pt\/podcasts-da-capgemini-brasil\/#breadcrumb","itemListElement":[{"@type":"ListItem","position":1,"name":"Home","item":"https:\/\/www.capgemini.com\/br-pt\/"},{"@type":"ListItem","position":2,"name":"Podcasts Capgemini Brasil"}]},{"@type":"WebSite","@id":"https:\/\/www.capgemini.com\/br-pt\/#website","url":"https:\/\/www.capgemini.com\/br-pt\/","name":"Capgemini Brasil","description":"Capgemini","potentialAction":[{"@type":"SearchAction","target":{"@type":"EntryPoint","urlTemplate":"https:\/\/www.capgemini.com\/br-pt\/?s={search_term_string}"},"query-input":"required name=search_term_string"}],"inLanguage":"pt-BR"}]}},"brand_term":[{"id":80,"slug":"capgemini"}],"parsely":{"version":"1.1.0","canonical_url":"https:\/\/capgemini.com\/br-pt\/podcasts-da-capgemini-brasil\/","smart_links":{"inbound":0,"outbound":0},"traffic_boost_suggestions_count":0,"meta":{"@context":"https:\/\/schema.org","@type":"WebPage","headline":"Podcasts Capgemini Brasil","url":"https:\/\/www.capgemini.com\/br-pt\/podcasts-da-capgemini-brasil\/","mainEntityOfPage":{"@type":"WebPage","@id":"https:\/\/www.capgemini.com\/br-pt\/podcasts-da-capgemini-brasil\/"},"thumbnailUrl":"https:\/\/www.capgemini.com\/br-pt\/wp-content\/uploads\/sites\/12\/2024\/01\/hero-card-muito-alem-do-buzz.png?w=150&h=150&crop=1","image":{"@type":"ImageObject","url":"https:\/\/www.capgemini.com\/br-pt\/wp-content\/uploads\/sites\/12\/2024\/01\/hero-card-muito-alem-do-buzz.png"},"articleSection":"Uncategorized","author":[],"creator":[],"publisher":{"@type":"Organization","name":"Capgemini Brasil","logo":""},"keywords":[],"dateCreated":"2024-01-15T16:14:02Z","datePublished":"2024-01-15T16:14:02Z","dateModified":"2025-11-14T17:08:25Z"},"rendered":"<meta name=\"parsely-title\" content=\"Podcasts Capgemini Brasil\" \/>\n<meta name=\"parsely-link\" content=\"https:\/\/www.capgemini.com\/br-pt\/podcasts-da-capgemini-brasil\/\" \/>\n<meta name=\"parsely-type\" content=\"index\" \/>\n<meta name=\"parsely-image-url\" content=\"https:\/\/www.capgemini.com\/br-pt\/wp-content\/uploads\/sites\/12\/2024\/01\/hero-card-muito-alem-do-buzz.png?w=150&amp;h=150&amp;crop=1\" \/>\n<meta name=\"parsely-pub-date\" content=\"2024-01-15T16:14:02Z\" \/>\n<meta name=\"parsely-section\" content=\"Uncategorized\" \/>","tracker_url":"https:\/\/cdn.parsely.com\/keys\/capgemini.com\/p.js"},"archive_status":false,"featured_image_src":"https:\/\/www.capgemini.com\/br-pt\/wp-content\/uploads\/sites\/12\/2024\/01\/hero-card-muito-alem-do-buzz.png","featured_image_alt":"hero-card-muito-alem-do-buzz","distributor_meta":false,"distributor_terms":false,"distributor_media":false,"distributor_original_site_name":"Capgemini Brasil","distributor_original_site_url":"https:\/\/www.capgemini.com\/br-pt","push-errors":false,"_links":{"self":[{"href":"https:\/\/www.capgemini.com\/br-pt\/wp-json\/wp\/v2\/pages\/632403","targetHints":{"allow":["GET"]}}],"collection":[{"href":"https:\/\/www.capgemini.com\/br-pt\/wp-json\/wp\/v2\/pages"}],"about":[{"href":"https:\/\/www.capgemini.com\/br-pt\/wp-json\/wp\/v2\/types\/page"}],"author":[{"embeddable":true,"href":"https:\/\/www.capgemini.com\/br-pt\/wp-json\/wp\/v2\/users\/588"}],"replies":[{"embeddable":true,"href":"https:\/\/www.capgemini.com\/br-pt\/wp-json\/wp\/v2\/comments?post=632403"}],"version-history":[{"count":19,"href":"https:\/\/www.capgemini.com\/br-pt\/wp-json\/wp\/v2\/pages\/632403\/revisions"}],"predecessor-version":[{"id":644402,"href":"https:\/\/www.capgemini.com\/br-pt\/wp-json\/wp\/v2\/pages\/632403\/revisions\/644402"}],"wp:featuredmedia":[{"embeddable":true,"href":"https:\/\/www.capgemini.com\/br-pt\/wp-json\/wp\/v2\/media\/632524"}],"wp:attachment":[{"href":"https:\/\/www.capgemini.com\/br-pt\/wp-json\/wp\/v2\/media?parent=632403"}],"wp:term":[{"taxonomy":"brand","embeddable":true,"href":"https:\/\/www.capgemini.com\/br-pt\/wp-json\/wp\/v2\/brand?post=632403"},{"taxonomy":"partner_type","embeddable":true,"href":"https:\/\/www.capgemini.com\/br-pt\/wp-json\/wp\/v2\/partner_type?post=632403"},{"taxonomy":"service","embeddable":true,"href":"https:\/\/www.capgemini.com\/br-pt\/wp-json\/wp\/v2\/service?post=632403"},{"taxonomy":"industry","embeddable":true,"href":"https:\/\/www.capgemini.com\/br-pt\/wp-json\/wp\/v2\/industry?post=632403"},{"taxonomy":"partners","embeddable":true,"href":"https:\/\/www.capgemini.com\/br-pt\/wp-json\/wp\/v2\/partners?post=632403"},{"taxonomy":"page-type","embeddable":true,"href":"https:\/\/www.capgemini.com\/br-pt\/wp-json\/wp\/v2\/page-type?post=632403"},{"taxonomy":"content-group","embeddable":true,"href":"https:\/\/www.capgemini.com\/br-pt\/wp-json\/wp\/v2\/content-group?post=632403"}],"curies":[{"name":"wp","href":"https:\/\/api.w.org\/{rel}","templated":true}]}}