{"id":630356,"date":"2023-11-06T13:40:17","date_gmt":"2023-11-06T13:40:17","guid":{"rendered":"https:\/\/www.capgemini.com\/br-pt\/?page_id=630356"},"modified":"2025-10-28T11:12:18","modified_gmt":"2025-10-28T11:12:18","slug":"busca-de-vagas","status":"publish","type":"page","link":"https:\/\/www.capgemini.com\/br-pt\/carreira\/busca-de-vagas\/","title":{"rendered":"Busca de vagas"},"content":{"rendered":"<div id=\"search\" class=\"react-jobs-archive\"><\/div>\n\n\n\n<section class=\"wp-block-cg-blocks-social-media undefined is-style-cg-purple social-media-block\"><div class=\"container\"><div class=\"social-media-block-content-wrapper\"><h3>Conecte-se com nossas redes sociais<\/h3><ul><li><a href=\"https:\/\/www.facebook.com\/Capgemini\/\" target=\"_blank\" rel=\"noopener\" title=\"opens in a new window\"><i aria-hidden=\"true\" aria-label=\"Facebook\" class=\"icon-fb\"><\/i><span class=\"sr-only\">Facebook<\/span><\/a><\/li><li><a href=\"https:\/\/twitter.com\/Capgemini\" target=\"_blank\" rel=\"noopener\" title=\"opens in a new window\"><i aria-hidden=\"true\" aria-label=\"Linkedin\" class=\"icon-tw\"><\/i><span class=\"sr-only\">Linkedin<\/span><\/a><\/li><li><a href=\"https:\/\/www.linkedin.com\/company\/capgemini\/\" target=\"_blank\" rel=\"noopener\" title=\"opens in a new window\"><i aria-hidden=\"true\" aria-label=\"Linkedin\" class=\"icon-li\"><\/i><span class=\"sr-only\">Linkedin<\/span><\/a><\/li><li><a href=\"https:\/\/www.youtube.com\/user\/capgeminimedia\" target=\"_blank\" rel=\"noopener\" title=\"opens in a new window\"><i aria-hidden=\"true\" aria-label=\"Youtube\" class=\"icon-yt\"><\/i><span class=\"sr-only\">Youtube<\/span><\/a><\/li><li><a href=\"https:\/\/www.instagram.com\/capgeminibr\/\" target=\"_blank\" rel=\"noopener\" title=\"opens in a new window\"><i aria-hidden=\"true\" aria-label=\"Instagram\" class=\"icon-in\"><\/i><span class=\"sr-only\">Instagram<\/span><\/a><\/li><\/ul><\/div><\/div><\/section>\n","protected":false},"excerpt":{"rendered":"<p>Est\u00e1 pronto para aplicar seu conhecimento e experi\u00eancia a novos desafios empolgantes? Do aprendizado \u00e0 lideran\u00e7a, esta \u00e9 sua chance de levar sua carreira ao pr\u00f3ximo n\u00edvel. Pesquise e candidate-se a uma vaga hoje.<\/p>\n","protected":false},"author":58,"featured_media":1969,"parent":0,"menu_order":0,"comment_status":"closed","ping_status":"closed","template":"","meta":{"cg_dt_proposed_to":[],"cg_seo_hreflang_relations":"[]","cg_seo_canonical_relation":"","cg_seo_hreflang_x_default_relation":"{\"uuid\":\"ee0469d7-2050-4d7e-94ea-426cd6eb5033\",\"blogId\":\"\",\"domain\":\"\",\"sitePath\":\"\",\"postLink\":\"\",\"postId\":null,\"isSaved\":true,\"isCrossLink\":false,\"hasCrossLink\":false}","cg_dt_approved_content":true,"cg_dt_mandatory_content":false,"cg_dt_notes":"","cg_dg_source_changed":false,"cg_dt_link_disabled":false,"_yoast_wpseo_primary_brand":"","footnotes":"","featured_focal_points":"","partner_card_description":"","gsap_animation":0},"brand":[],"partner_type":[],"service":[],"industry":[],"partners":[],"page-type":[],"content-group":[],"class_list":["post-630356","page","type-page","status-publish","has-post-thumbnail","hentry"],"yoast_head":"<!-- This site is optimized with the Yoast SEO Premium plugin v22.8 (Yoast SEO v22.8) - https:\/\/yoast.com\/wordpress\/plugins\/seo\/ -->\n<title>Busca de vagas - Capgemini Brasil<\/title>\n<meta name=\"description\" content=\"Pronto para aplicar seu conhecimento e experi\u00eancia a novos desafios? O futuro que voc\u00ea deseja est\u00e1 na nossa ferramenta de busca de vagas.\" \/>\n<meta name=\"robots\" content=\"index, follow, max-snippet:-1, max-image-preview:large, max-video-preview:-1\" \/>\n<link rel=\"canonical\" href=\"https:\/\/www.capgemini.com\/br-pt\/carreira\/busca-de-vagas\/\" \/>\n<meta property=\"og:locale\" content=\"pt_BR\" \/>\n<meta property=\"og:type\" content=\"article\" \/>\n<meta property=\"og:title\" content=\"Busca de vagas\" \/>\n<meta property=\"og:description\" content=\"Pronto para aplicar seu conhecimento e experi\u00eancia a novos desafios? O futuro que voc\u00ea deseja est\u00e1 na nossa ferramenta de busca de vagas.\" \/>\n<meta property=\"og:url\" content=\"https:\/\/www.capgemini.com\/br-pt\/carreira\/busca-de-vagas\/\" \/>\n<meta property=\"og:site_name\" content=\"Capgemini Brasil\" \/>\n<meta property=\"article:modified_time\" content=\"2025-10-28T11:12:18+00:00\" \/>\n<meta property=\"og:image\" content=\"https:\/\/www.capgemini.com\/br-pt\/wp-content\/uploads\/sites\/12\/2023\/05\/cg-logo.webp\" \/>\n\t<meta property=\"og:image:width\" content=\"330\" \/>\n\t<meta property=\"og:image:height\" content=\"304\" \/>\n\t<meta property=\"og:image:type\" content=\"image\/webp\" \/>\n<meta name=\"twitter:card\" content=\"summary_large_image\" \/>\n<meta name=\"twitter:label1\" content=\"Est. reading time\" \/>\n\t<meta name=\"twitter:data1\" content=\"1 minute\" \/>\n<script type=\"application\/ld+json\" class=\"yoast-schema-graph\">{\"@context\":\"https:\/\/schema.org\",\"@graph\":[{\"@type\":\"WebPage\",\"@id\":\"https:\/\/www.capgemini.com\/br-pt\/carreira\/busca-de-vagas\/\",\"url\":\"https:\/\/www.capgemini.com\/br-pt\/carreira\/busca-de-vagas\/\",\"name\":\"Busca de vagas - Capgemini Brasil\",\"isPartOf\":{\"@id\":\"https:\/\/www.capgemini.com\/br-pt\/#website\"},\"primaryImageOfPage\":{\"@id\":\"https:\/\/www.capgemini.com\/br-pt\/carreira\/busca-de-vagas\/#primaryimage\"},\"image\":{\"@id\":\"https:\/\/www.capgemini.com\/br-pt\/carreira\/busca-de-vagas\/#primaryimage\"},\"thumbnailUrl\":\"https:\/\/www.capgemini.com\/br-pt\/wp-content\/uploads\/sites\/12\/2023\/05\/cg-logo.webp\",\"datePublished\":\"2023-11-06T13:40:17+00:00\",\"dateModified\":\"2025-10-28T11:12:18+00:00\",\"description\":\"Pronto para aplicar seu conhecimento e experi\u00eancia a novos desafios? O futuro que voc\u00ea deseja est\u00e1 na nossa ferramenta de busca de vagas.\",\"breadcrumb\":{\"@id\":\"https:\/\/www.capgemini.com\/br-pt\/carreira\/busca-de-vagas\/#breadcrumb\"},\"inLanguage\":\"pt-BR\",\"potentialAction\":[{\"@type\":\"ReadAction\",\"target\":[\"https:\/\/www.capgemini.com\/br-pt\/carreira\/busca-de-vagas\/\"]}]},{\"@type\":\"ImageObject\",\"inLanguage\":\"pt-BR\",\"@id\":\"https:\/\/www.capgemini.com\/br-pt\/carreira\/busca-de-vagas\/#primaryimage\",\"url\":\"https:\/\/www.capgemini.com\/br-pt\/wp-content\/uploads\/sites\/12\/2023\/05\/cg-logo.webp\",\"contentUrl\":\"https:\/\/www.capgemini.com\/br-pt\/wp-content\/uploads\/sites\/12\/2023\/05\/cg-logo.webp\",\"width\":330,\"height\":304},{\"@type\":\"BreadcrumbList\",\"@id\":\"https:\/\/www.capgemini.com\/br-pt\/carreira\/busca-de-vagas\/#breadcrumb\",\"itemListElement\":[{\"@type\":\"ListItem\",\"position\":1,\"name\":\"Home\",\"item\":\"https:\/\/www.capgemini.com\/br-pt\/\"},{\"@type\":\"ListItem\",\"position\":2,\"name\":\"Busca de vagas\"}]},{\"@type\":\"WebSite\",\"@id\":\"https:\/\/www.capgemini.com\/br-pt\/#website\",\"url\":\"https:\/\/www.capgemini.com\/br-pt\/\",\"name\":\"Capgemini Brasil\",\"description\":\"Capgemini\",\"potentialAction\":[{\"@type\":\"SearchAction\",\"target\":{\"@type\":\"EntryPoint\",\"urlTemplate\":\"https:\/\/www.capgemini.com\/br-pt\/?s={search_term_string}\"},\"query-input\":\"required name=search_term_string\"}],\"inLanguage\":\"pt-BR\"}]}<\/script>\n<!-- \/ Yoast SEO Premium plugin. -->","yoast_head_json":{"title":"Busca de vagas - Capgemini Brasil","description":"Pronto para aplicar seu conhecimento e experi\u00eancia a novos desafios? O futuro que voc\u00ea deseja est\u00e1 na nossa ferramenta de busca de vagas.","robots":{"index":"index","follow":"follow","max-snippet":"max-snippet:-1","max-image-preview":"max-image-preview:large","max-video-preview":"max-video-preview:-1"},"canonical":"https:\/\/www.capgemini.com\/br-pt\/carreira\/busca-de-vagas\/","og_locale":"pt_BR","og_type":"article","og_title":"Busca de vagas","og_description":"Pronto para aplicar seu conhecimento e experi\u00eancia a novos desafios? O futuro que voc\u00ea deseja est\u00e1 na nossa ferramenta de busca de vagas.","og_url":"https:\/\/www.capgemini.com\/br-pt\/carreira\/busca-de-vagas\/","og_site_name":"Capgemini Brasil","article_modified_time":"2025-10-28T11:12:18+00:00","og_image":[{"width":330,"height":304,"url":"https:\/\/www.capgemini.com\/br-pt\/wp-content\/uploads\/sites\/12\/2023\/05\/cg-logo.webp","type":"image\/webp"}],"twitter_card":"summary_large_image","twitter_misc":{"Est. reading time":"1 minute"},"schema":{"@context":"https:\/\/schema.org","@graph":[{"@type":"WebPage","@id":"https:\/\/www.capgemini.com\/br-pt\/carreira\/busca-de-vagas\/","url":"https:\/\/www.capgemini.com\/br-pt\/carreira\/busca-de-vagas\/","name":"Busca de vagas - Capgemini Brasil","isPartOf":{"@id":"https:\/\/www.capgemini.com\/br-pt\/#website"},"primaryImageOfPage":{"@id":"https:\/\/www.capgemini.com\/br-pt\/carreira\/busca-de-vagas\/#primaryimage"},"image":{"@id":"https:\/\/www.capgemini.com\/br-pt\/carreira\/busca-de-vagas\/#primaryimage"},"thumbnailUrl":"https:\/\/www.capgemini.com\/br-pt\/wp-content\/uploads\/sites\/12\/2023\/05\/cg-logo.webp","datePublished":"2023-11-06T13:40:17+00:00","dateModified":"2025-10-28T11:12:18+00:00","description":"Pronto para aplicar seu conhecimento e experi\u00eancia a novos desafios? O futuro que voc\u00ea deseja est\u00e1 na nossa ferramenta de busca de vagas.","breadcrumb":{"@id":"https:\/\/www.capgemini.com\/br-pt\/carreira\/busca-de-vagas\/#breadcrumb"},"inLanguage":"pt-BR","potentialAction":[{"@type":"ReadAction","target":["https:\/\/www.capgemini.com\/br-pt\/carreira\/busca-de-vagas\/"]}]},{"@type":"ImageObject","inLanguage":"pt-BR","@id":"https:\/\/www.capgemini.com\/br-pt\/carreira\/busca-de-vagas\/#primaryimage","url":"https:\/\/www.capgemini.com\/br-pt\/wp-content\/uploads\/sites\/12\/2023\/05\/cg-logo.webp","contentUrl":"https:\/\/www.capgemini.com\/br-pt\/wp-content\/uploads\/sites\/12\/2023\/05\/cg-logo.webp","width":330,"height":304},{"@type":"BreadcrumbList","@id":"https:\/\/www.capgemini.com\/br-pt\/carreira\/busca-de-vagas\/#breadcrumb","itemListElement":[{"@type":"ListItem","position":1,"name":"Home","item":"https:\/\/www.capgemini.com\/br-pt\/"},{"@type":"ListItem","position":2,"name":"Busca de vagas"}]},{"@type":"WebSite","@id":"https:\/\/www.capgemini.com\/br-pt\/#website","url":"https:\/\/www.capgemini.com\/br-pt\/","name":"Capgemini Brasil","description":"Capgemini","potentialAction":[{"@type":"SearchAction","target":{"@type":"EntryPoint","urlTemplate":"https:\/\/www.capgemini.com\/br-pt\/?s={search_term_string}"},"query-input":"required name=search_term_string"}],"inLanguage":"pt-BR"}]}},"brand_term":[],"parsely":{"version":"1.1.0","canonical_url":"https:\/\/capgemini.com\/br-pt\/carreira\/busca-de-vagas\/","smart_links":{"inbound":0,"outbound":0},"traffic_boost_suggestions_count":0,"meta":{"@context":"https:\/\/schema.org","@type":"WebPage","headline":"Busca de vagas","url":"https:\/\/www.capgemini.com\/br-pt\/carreira\/busca-de-vagas\/","mainEntityOfPage":{"@type":"WebPage","@id":"https:\/\/www.capgemini.com\/br-pt\/carreira\/busca-de-vagas\/"},"thumbnailUrl":"https:\/\/www.capgemini.com\/br-pt\/wp-content\/uploads\/sites\/12\/2023\/05\/cg-logo.webp?w=150&h=150&crop=1","image":{"@type":"ImageObject","url":"https:\/\/www.capgemini.com\/br-pt\/wp-content\/uploads\/sites\/12\/2023\/05\/cg-logo.webp"},"articleSection":"Uncategorized","author":[],"creator":[],"publisher":{"@type":"Organization","name":"Capgemini Brasil","logo":""},"keywords":[],"dateCreated":"2023-11-06T13:40:17Z","datePublished":"2023-11-06T13:40:17Z","dateModified":"2025-10-28T11:12:18Z"},"rendered":"<meta name=\"parsely-title\" content=\"Busca de vagas\" \/>\n<meta name=\"parsely-link\" content=\"https:\/\/www.capgemini.com\/br-pt\/carreira\/busca-de-vagas\/\" \/>\n<meta name=\"parsely-type\" content=\"index\" \/>\n<meta name=\"parsely-image-url\" content=\"https:\/\/www.capgemini.com\/br-pt\/wp-content\/uploads\/sites\/12\/2023\/05\/cg-logo.webp?w=150&amp;h=150&amp;crop=1\" \/>\n<meta name=\"parsely-pub-date\" content=\"2023-11-06T13:40:17Z\" \/>\n<meta name=\"parsely-section\" content=\"Uncategorized\" \/>","tracker_url":"https:\/\/cdn.parsely.com\/keys\/capgemini.com\/p.js"},"archive_status":false,"featured_image_src":"https:\/\/www.capgemini.com\/br-pt\/wp-content\/uploads\/sites\/12\/2023\/05\/cg-logo.webp","featured_image_alt":"","distributor_meta":false,"distributor_terms":false,"distributor_media":false,"distributor_original_site_name":"Capgemini Brasil","distributor_original_site_url":"https:\/\/www.capgemini.com\/br-pt","push-errors":false,"_links":{"self":[{"href":"https:\/\/www.capgemini.com\/br-pt\/wp-json\/wp\/v2\/pages\/630356","targetHints":{"allow":["GET"]}}],"collection":[{"href":"https:\/\/www.capgemini.com\/br-pt\/wp-json\/wp\/v2\/pages"}],"about":[{"href":"https:\/\/www.capgemini.com\/br-pt\/wp-json\/wp\/v2\/types\/page"}],"author":[{"embeddable":true,"href":"https:\/\/www.capgemini.com\/br-pt\/wp-json\/wp\/v2\/users\/58"}],"replies":[{"embeddable":true,"href":"https:\/\/www.capgemini.com\/br-pt\/wp-json\/wp\/v2\/comments?post=630356"}],"version-history":[{"count":6,"href":"https:\/\/www.capgemini.com\/br-pt\/wp-json\/wp\/v2\/pages\/630356\/revisions"}],"predecessor-version":[{"id":643775,"href":"https:\/\/www.capgemini.com\/br-pt\/wp-json\/wp\/v2\/pages\/630356\/revisions\/643775"}],"wp:featuredmedia":[{"embeddable":true,"href":"https:\/\/www.capgemini.com\/br-pt\/wp-json\/wp\/v2\/media\/1969"}],"wp:attachment":[{"href":"https:\/\/www.capgemini.com\/br-pt\/wp-json\/wp\/v2\/media?parent=630356"}],"wp:term":[{"taxonomy":"brand","embeddable":true,"href":"https:\/\/www.capgemini.com\/br-pt\/wp-json\/wp\/v2\/brand?post=630356"},{"taxonomy":"partner_type","embeddable":true,"href":"https:\/\/www.capgemini.com\/br-pt\/wp-json\/wp\/v2\/partner_type?post=630356"},{"taxonomy":"service","embeddable":true,"href":"https:\/\/www.capgemini.com\/br-pt\/wp-json\/wp\/v2\/service?post=630356"},{"taxonomy":"industry","embeddable":true,"href":"https:\/\/www.capgemini.com\/br-pt\/wp-json\/wp\/v2\/industry?post=630356"},{"taxonomy":"partners","embeddable":true,"href":"https:\/\/www.capgemini.com\/br-pt\/wp-json\/wp\/v2\/partners?post=630356"},{"taxonomy":"page-type","embeddable":true,"href":"https:\/\/www.capgemini.com\/br-pt\/wp-json\/wp\/v2\/page-type?post=630356"},{"taxonomy":"content-group","embeddable":true,"href":"https:\/\/www.capgemini.com\/br-pt\/wp-json\/wp\/v2\/content-group?post=630356"}],"curies":[{"name":"wp","href":"https:\/\/api.w.org\/{rel}","templated":true}]}}