{"id":630312,"date":"2023-11-06T11:25:09","date_gmt":"2023-11-06T11:25:09","guid":{"rendered":"https:\/\/www.capgemini.com\/br-pt\/?page_id=630312&#038;preview_id=630312"},"modified":"2025-03-26T03:17:10","modified_gmt":"2025-03-26T03:17:10","slug":"perspectivas-dos-especialistas","status":"publish","type":"page","link":"https:\/\/www.capgemini.com\/br-pt\/insights\/perspectivas-dos-especialistas\/","title":{"rendered":"Perspectivas dos especialistas"},"content":{"rendered":"\n<div class=\"wp-block-cg-blocks-hero-picture-card undefined  heroPictureCard heroPictureCardLogTitle is-style-default\"><div class=\"heroPictureCardBgs\"><picture><source srcset=\"https:\/\/www.capgemini.com\/wp-content\/uploads\/2021\/08\/Capgemini_Expert-perspectives_Blogs-e1628236749950.jpg?w=2880&amp;quality=70 1x, https:\/\/www.capgemini.com\/wp-content\/uploads\/2021\/08\/Capgemini_Expert-perspectives_Blogs-e1628236749950.jpg?w=2880&amp;quality=70 2x\" media=\"(min-width: 1500px)\"\/><source srcset=\"https:\/\/www.capgemini.com\/wp-content\/uploads\/2021\/08\/Capgemini_Expert-perspectives_Blogs-e1628236749950.jpg?w=1440&amp;quality=70 1x, https:\/\/www.capgemini.com\/wp-content\/uploads\/2021\/08\/Capgemini_Expert-perspectives_Blogs-e1628236749950.jpg?w=2880&amp;quality=70 2x\" media=\"(min-width: 992px)\"\/><source srcset=\"https:\/\/www.capgemini.com\/wp-content\/uploads\/2021\/08\/Capgemini_Expert-perspectives_Blogs-e1628236749950.jpg?w=1024&amp;quality=70 1x, https:\/\/www.capgemini.com\/wp-content\/uploads\/2021\/08\/Capgemini_Expert-perspectives_Blogs-e1628236749950.jpg?w=1024&amp;quality=70 2x\" media=\"(min-width: 768px)\"\/><source srcset=\"https:\/\/www.capgemini.com\/wp-content\/uploads\/2021\/08\/Capgemini_Expert-perspectives_Blogs-e1628236749950.jpg?w=768&amp;quality=70 1x, https:\/\/www.capgemini.com\/wp-content\/uploads\/2021\/08\/Capgemini_Expert-perspectives_Blogs-e1628236749950.jpg?w=768&amp;quality=70 2x\" media=\"(min-width: 0)\"\/><img decoding=\"async\" src=\"https:\/\/www.capgemini.com\/wp-content\/uploads\/2021\/08\/Capgemini_Expert-perspectives_Blogs-e1628236749950.jpg\" class=\"desktopImage\" alt=\"\" style=\"object-fit:cover;object-position:67% 26%\" loading=\"eager\"\/><\/picture><picture><source srcset=\"https:\/\/www.capgemini.com\/wp-content\/uploads\/2021\/08\/Capgemini_Expert-perspectives_Blogs-e1628236749950.jpg?w=2880&amp;quality=70 1x, https:\/\/www.capgemini.com\/wp-content\/uploads\/2021\/08\/Capgemini_Expert-perspectives_Blogs-e1628236749950.jpg?w=2880&amp;quality=70 2x\" media=\"(min-width: 1500px)\"\/><source srcset=\"https:\/\/www.capgemini.com\/wp-content\/uploads\/2021\/08\/Capgemini_Expert-perspectives_Blogs-e1628236749950.jpg?w=1440&amp;quality=70 1x, https:\/\/www.capgemini.com\/wp-content\/uploads\/2021\/08\/Capgemini_Expert-perspectives_Blogs-e1628236749950.jpg?w=2880&amp;quality=70 2x\" media=\"(min-width: 992px)\"\/><source srcset=\"https:\/\/www.capgemini.com\/wp-content\/uploads\/2021\/08\/Capgemini_Expert-perspectives_Blogs-e1628236749950.jpg?w=1024&amp;quality=70 1x, https:\/\/www.capgemini.com\/wp-content\/uploads\/2021\/08\/Capgemini_Expert-perspectives_Blogs-e1628236749950.jpg?w=1024&amp;quality=70 2x\" media=\"(min-width: 768px)\"\/><source srcset=\"https:\/\/www.capgemini.com\/wp-content\/uploads\/2021\/08\/Capgemini_Expert-perspectives_Blogs-e1628236749950.jpg?w=768&amp;quality=70 1x, https:\/\/www.capgemini.com\/wp-content\/uploads\/2021\/08\/Capgemini_Expert-perspectives_Blogs-e1628236749950.jpg?w=768&amp;quality=70 2x\" media=\"(min-width: 0)\"\/><img decoding=\"async\" src=\"https:\/\/www.capgemini.com\/wp-content\/uploads\/2021\/08\/Capgemini_Expert-perspectives_Blogs-e1628236749950.jpg\" class=\"mobileImage\" alt=\"\" style=\"object-fit:cover;object-position:67% 26%\" loading=\"eager\"\/><\/picture><\/div><div class=\"heroPictureCardHeaderShape\"><\/div><div class=\"container\"><div class=\"row\"><div class=\"col-md-10 col-lg-10 LongTitle\"><div class=\"heroPictureCardBox\"><div class=\"heroPictureCardBoxTitle\"><h1 data-maxlength=\"144\">Perspectivas dos especialistas<\/h1><\/div><\/div><\/div><\/div><\/div><div class=\"small-device\"><div class=\"logoWrapperLongTitle\"> <\/div><\/div><\/div>\n\n\n\n<section class=\"wp-block-cg-blocks-intro-para undefined section section--intro\"><div class=\"intro-para\"><div class=\"container\"><div class=\"row\"><div class=\"col-12 col-md-11 col-lg-10\"><h2 class=\"intro-para-title\">Explore uma s\u00e9rie de perspectivas dos especialistas da Capgemini sobre t\u00f3picos importantes para os neg\u00f3cios, para a tecnologia e sociedade.<\/h2><\/div><\/div><\/div><\/div><\/section>\n\n\n<section class=\"section--publications section--insights-content archive-pages archive-ExpertPerspective-Page\">\n  <div class=\"container\">\n    <div class=\"content-title\">\n      <h2 class=\"archive-heading\"><\/h2>\n    <\/div>\n\n    <div class=\"filters filters--vertical\" data-max=\"10\">\n      <div class=\"archive-search\">\n      <form class=\"form--oneliner js-search-form search search-icon\" action=\"\" method=\"get\"  >\n        <div class=\"form-block\">\n          <input type=\"text\" aria-label=\"Enter search text\"  type=\"submit\" name=\"search\" id=\"pr_form_subbmit\" alt=\"Pesquisar\"\n            class=\"archive_phrase_search noeffect-input archive-search-input\" placeholder=\"Digite para pesquisar...\">\n          <div class=\"search-icon\"> <\/div>\n          <button class=\"search-button archive-search-button\">Pesquisar<\/button>\n        <\/div>\n\n      <\/form>\n    <\/div>\n  <!-- filterStart --><!-- filterEnd -->\n    <!-- Single Research & Insight Template -->\n      <script id=\"search_result_item_template\" type=\"text\/template\">\n        <div class=\"box box--event filter-box\">\n          \t{{ featuredimagewithanchor }}\n          <div class=\"box-inner\">\n            <span class=\"box-tag\">{{ type }}<\/span>\n            <a class=\"box-title\" href=\"{{ url }}\"><h3 class=\"archive-blogs-subtitle\">{{ title }}<\/h3><\/a>\n            <a class=\"box-author link-author\" href=\"{{ authorurl }}\">\n              <div class=\"box-author-img\">\n                <img decoding=\"async\" src=\"{{ personimage }}\" alt=\"{{ personimagealt }}\"  class=\"light\" loading=\"lazy\">\n                <img decoding=\"async\" src=\"{{ personimagewhite }}\" alt=\"{{ personimagealt }}\" class=\"dark\" loading=\"lazy\">                \n              <\/div>\n              <div class=\"box-author-inner\">\n                <span class=\"box-author-name\">  {{ personname }}<\/span>\n                <span class=\"box-date\"><span>{{ date }}<\/span><\/span>\n              <\/div>\n            <\/a>\n          <\/div>\n          <div class=\"box-right archive-blog-expert\">\n            <a href=\"{{ url }}\" class=\"cta-link\" aria-label=\"Read more about {{ title }}\">Leia mais<\/a>\n            <a href=\"{{ fileurl }}\" class=\"link-download\">\n              <span>File size: {{ filesize }}<\/span>\n              <span>File type: {{ filetype }}<\/span>\n            <\/a>\n            {{ brandimg }}\n             {{ brandimgwhite }}\n          <\/div>\n        <\/div>\n      <\/script>\n\n      <div class=\"filters-content filters-content-archive\" data-type=\"blog\">\n      <\/div>\n\n      <h3 class=\"js-no-results\">Nenhum resultado corresponde \u00e0 sua pesquisa<\/h3>\n\n      <div class=\"filters-bottom\">\n        <a class=\"filters-more\" href=\"#\" id=\"pr_filters_more\" aria-label=\"Show more\" >Mostrar mais 10 blogs<\/a>\n      <\/div>\n\n    <\/div>\n  <\/div>\n<\/section>\n\n","protected":false},"excerpt":{"rendered":"<p> Explore uma s\u00e9rie de perspectivas dos especialistas da Capgemini, sobre t\u00f3picos importantes para os neg\u00f3cios, para a tecnologia e sociedade.<\/p>\n","protected":false},"author":122,"featured_media":633846,"parent":634009,"menu_order":2,"comment_status":"closed","ping_status":"closed","template":"","meta":{"cg_dt_proposed_to":[],"cg_seo_hreflang_relations":"[{\"uuid\":\"d11d2d35-4d93-4b4e-8f7e-2775a5465e8e\",\"blogId\":\"1\",\"domain\":\"www.capgemini.com\",\"sitePath\":\"\/\",\"postLink\":\"https:\/\/www.capgemini.com\/insights\/expert-perspectives\/\",\"postId\":650289,\"isSaved\":false,\"isCrossLink\":true,\"hasCrossLink\":false,\"hreflang\":\"\",\"link\":\"\"},{\"uuid\":\"2290b0bd-c94d-4cc4-8e30-2865989ef1e9\",\"blogId\":\"30\",\"domain\":\"www.capgemini.com\",\"sitePath\":\"\/us-en\/\",\"postLink\":\"https:\/\/www.capgemini.com\/us-en\/insights\/expert-perspectives\/\",\"postId\":566743,\"isSaved\":false,\"isCrossLink\":true,\"hasCrossLink\":false,\"hreflang\":\"\",\"link\":\"\"},{\"uuid\":\"66d4dadc-79d5-43c8-a584-49c0565bf4ae\",\"blogId\":\"18\",\"domain\":\"www.capgemini.com\",\"sitePath\":\"\/in-en\/\",\"postLink\":\"https:\/\/www.capgemini.com\/in-en\/insights\/expert-perspectives\/\",\"postId\":974892,\"isSaved\":false,\"isCrossLink\":true,\"hasCrossLink\":false,\"hreflang\":\"\",\"link\":\"\"},{\"uuid\":\"da55097d-2366-420c-987a-1d7dfbae6eed\",\"blogId\":\"5\",\"domain\":\"www.capgemini.com\",\"sitePath\":\"\/gb-en\/\",\"postLink\":\"https:\/\/www.capgemini.com\/gb-en\/insights\/expert-perspectives\/\",\"postId\":556210,\"isSaved\":false,\"isCrossLink\":true,\"hasCrossLink\":false,\"hreflang\":\"\",\"link\":\"\"},{\"uuid\":\"4810d235-89f3-4470-ab93-b053eda1d274\",\"blogId\":\"28\",\"domain\":\"www.capgemini.com\",\"sitePath\":\"\/mx-es\/\",\"postLink\":\"https:\/\/www.capgemini.com\/mx-es\/insights\/expert-perspectives\/\",\"postId\":5449,\"isSaved\":false,\"isCrossLink\":true,\"hasCrossLink\":false,\"hreflang\":\"\",\"link\":\"\"},{\"uuid\":\"5ad62446-f478-4c8b-b780-396160b7c2cb\",\"blogId\":\"19\",\"domain\":\"www.capgemini.com\",\"sitePath\":\"\/nl-nl\/\",\"postLink\":\"https:\/\/www.capgemini.com\/nl-nl\/expertise\/expert-perspectives\/\",\"postId\":700429,\"isSaved\":false,\"isCrossLink\":true,\"hasCrossLink\":false,\"hreflang\":\"\",\"link\":\"\"},{\"uuid\":\"1ea0c037-996f-4998-8e30-336fa6979cbe\",\"blogId\":\"27\",\"domain\":\"www.capgemini.com\",\"sitePath\":\"\/pl-pl\/\",\"postLink\":\"https:\/\/www.capgemini.com\/pl-pl\/insights\/blogi-eksperckie\/\",\"postId\":703858,\"isSaved\":false,\"isCrossLink\":true,\"hasCrossLink\":false,\"hreflang\":\"\",\"link\":\"\"},{\"uuid\":\"7442fef6-8062-4bf2-8111-f8ed9abacba4\",\"blogId\":\"40\",\"domain\":\"www.capgemini.com\",\"sitePath\":\"\/gu-en\/\",\"postLink\":\"https:\/\/www.capgemini.com\/gu-en\/insights\/expert-perspectives\/\",\"postId\":629129,\"isSaved\":false,\"isCrossLink\":true,\"hasCrossLink\":false,\"hreflang\":\"\",\"link\":\"\"},{\"uuid\":\"6fcc154d-cdaf-40ef-9640-e3048c556b88\",\"blogId\":\"13\",\"domain\":\"www.capgemini.com\",\"sitePath\":\"\/cn-zh\/\",\"postLink\":\"https:\/\/www.capgemini.com\/cn-zh\/insights\/expert-perspectives\/\",\"postId\":630194,\"isSaved\":false,\"isCrossLink\":true,\"hasCrossLink\":false,\"hreflang\":\"\",\"link\":\"\"},{\"uuid\":\"600915e9-6cfc-4415-8e52-44ed27152ad5\",\"blogId\":\"12\",\"domain\":\"www.capgemini.com\",\"sitePath\":\"\/br-pt\/\",\"postLink\":\"https:\/\/www.capgemini.com\/br-pt\/insights\/perspectivas-dos-especialistas\/\",\"postId\":630312,\"isSaved\":false,\"isCrossLink\":true,\"hasCrossLink\":false,\"hreflang\":\"\",\"link\":\"\"},{\"uuid\":\"4d8e54f2-35f2-47c5-9d96-95280b6bcea5\",\"blogId\":\"22\",\"domain\":\"www.capgemini.com\",\"sitePath\":\"\/jp-jp\/\",\"postLink\":\"https:\/\/www.capgemini.com\/jp-jp\/insights\/expert-perspectives\/\",\"postId\":525211,\"isSaved\":false,\"isCrossLink\":true,\"hasCrossLink\":false,\"hreflang\":\"\",\"link\":\"\"},{\"uuid\":\"76c1fb87-2dd2-4e50-a1b2-b8bbc269eac4\",\"blogId\":\"45\",\"domain\":\"www.capgemini.com\",\"sitePath\":\"\/ma-en\/\",\"postLink\":\"https:\/\/www.capgemini.com\/ma-en\/expert-perspectives\/\",\"postId\":629732,\"isSaved\":false,\"isCrossLink\":true,\"hasCrossLink\":false,\"hreflang\":\"\",\"link\":\"\"}]","cg_seo_canonical_relation":"","cg_seo_hreflang_x_default_relation":"{\"uuid\":\"710068c6-b39d-4ad5-acb8-c12d74efdde8\",\"blogId\":\"\",\"domain\":\"\",\"sitePath\":\"\",\"postLink\":\"\",\"postId\":null,\"isSaved\":true,\"isCrossLink\":false,\"hasCrossLink\":false}","cg_dt_approved_content":true,"cg_dt_mandatory_content":false,"cg_dt_notes":"","cg_dg_source_changed":true,"cg_dt_link_disabled":false,"_yoast_wpseo_primary_brand":"80","footnotes":"","featured_focal_points":"","partner_card_description":"","gsap_animation":0},"brand":[80],"partner_type":[],"service":[],"industry":[],"partners":[],"page-type":[],"content-group":[],"class_list":["post-630312","page","type-page","status-publish","has-post-thumbnail","hentry","brand-capgemini"],"yoast_head":"<!-- This site is optimized with the Yoast SEO Premium plugin v22.8 (Yoast SEO v22.8) - https:\/\/yoast.com\/wordpress\/plugins\/seo\/ -->\n<title>Perspectivas dos especialistas - Capgemini<\/title>\n<meta name=\"description\" content=\"Explore uma s\u00e9rie de perspectivas dos especialistas da Capgemini, sobre t\u00f3picos importantes para os neg\u00f3cios, para a tecnologia e sociedade.\" \/>\n<meta name=\"robots\" content=\"index, follow, max-snippet:-1, max-image-preview:large, max-video-preview:-1\" \/>\n<link rel=\"canonical\" href=\"https:\/\/www.capgemini.com\/br-pt\/insights\/perspectivas-dos-especialistas\/\" \/>\n<meta property=\"og:locale\" content=\"pt_BR\" \/>\n<meta property=\"og:type\" content=\"article\" \/>\n<meta property=\"og:title\" content=\"Perspectivas dos especialistas\" \/>\n<meta property=\"og:description\" content=\"Explore uma s\u00e9rie de perspectivas dos especialistas da Capgemini, sobre t\u00f3picos importantes para os neg\u00f3cios, para a tecnologia e sociedade.\" \/>\n<meta property=\"og:url\" content=\"https:\/\/www.capgemini.com\/br-pt\/insights\/perspectivas-dos-especialistas\/\" \/>\n<meta property=\"og:site_name\" content=\"Capgemini Brasil\" \/>\n<meta property=\"article:modified_time\" content=\"2025-03-26T03:17:10+00:00\" \/>\n<meta property=\"og:image\" content=\"https:\/\/www.capgemini.com\/br-pt\/wp-content\/uploads\/sites\/12\/2024\/02\/Capgemini_Expert-perspectives_Blogs-e16282367499501.jpg\" \/>\n\t<meta property=\"og:image:width\" content=\"768\" \/>\n\t<meta property=\"og:image:height\" content=\"480\" \/>\n\t<meta property=\"og:image:type\" content=\"image\/jpeg\" \/>\n<meta name=\"twitter:card\" content=\"summary_large_image\" \/>\n<meta name=\"twitter:label1\" content=\"Est. reading time\" \/>\n\t<meta name=\"twitter:data1\" content=\"1 minute\" \/>\n<script type=\"application\/ld+json\" class=\"yoast-schema-graph\">{\"@context\":\"https:\/\/schema.org\",\"@graph\":[{\"@type\":\"WebPage\",\"@id\":\"https:\/\/www.capgemini.com\/br-pt\/insights\/perspectivas-dos-especialistas\/\",\"url\":\"https:\/\/www.capgemini.com\/br-pt\/insights\/perspectivas-dos-especialistas\/\",\"name\":\"Perspectivas dos especialistas - Capgemini\",\"isPartOf\":{\"@id\":\"https:\/\/www.capgemini.com\/br-pt\/#website\"},\"primaryImageOfPage\":{\"@id\":\"https:\/\/www.capgemini.com\/br-pt\/insights\/perspectivas-dos-especialistas\/#primaryimage\"},\"image\":{\"@id\":\"https:\/\/www.capgemini.com\/br-pt\/insights\/perspectivas-dos-especialistas\/#primaryimage\"},\"thumbnailUrl\":\"https:\/\/www.capgemini.com\/br-pt\/wp-content\/uploads\/sites\/12\/2024\/02\/Capgemini_Expert-perspectives_Blogs-e16282367499501.jpg\",\"datePublished\":\"2023-11-06T11:25:09+00:00\",\"dateModified\":\"2025-03-26T03:17:10+00:00\",\"description\":\"Explore uma s\u00e9rie de perspectivas dos especialistas da Capgemini, sobre t\u00f3picos importantes para os neg\u00f3cios, para a tecnologia e sociedade.\",\"breadcrumb\":{\"@id\":\"https:\/\/www.capgemini.com\/br-pt\/insights\/perspectivas-dos-especialistas\/#breadcrumb\"},\"inLanguage\":\"pt-BR\",\"potentialAction\":[{\"@type\":\"ReadAction\",\"target\":[\"https:\/\/www.capgemini.com\/br-pt\/insights\/perspectivas-dos-especialistas\/\"]}]},{\"@type\":\"ImageObject\",\"inLanguage\":\"pt-BR\",\"@id\":\"https:\/\/www.capgemini.com\/br-pt\/insights\/perspectivas-dos-especialistas\/#primaryimage\",\"url\":\"https:\/\/www.capgemini.com\/br-pt\/wp-content\/uploads\/sites\/12\/2024\/02\/Capgemini_Expert-perspectives_Blogs-e16282367499501.jpg\",\"contentUrl\":\"https:\/\/www.capgemini.com\/br-pt\/wp-content\/uploads\/sites\/12\/2024\/02\/Capgemini_Expert-perspectives_Blogs-e16282367499501.jpg\",\"width\":768,\"height\":480,\"caption\":\"Perspectiva dos experts hero card\"},{\"@type\":\"BreadcrumbList\",\"@id\":\"https:\/\/www.capgemini.com\/br-pt\/insights\/perspectivas-dos-especialistas\/#breadcrumb\",\"itemListElement\":[{\"@type\":\"ListItem\",\"position\":1,\"name\":\"Home\",\"item\":\"https:\/\/www.capgemini.com\/br-pt\/\"},{\"@type\":\"ListItem\",\"position\":2,\"name\":\"Insights\",\"item\":\"https:\/\/www.capgemini.com\/br-pt\/insights\/\"},{\"@type\":\"ListItem\",\"position\":3,\"name\":\"Perspectivas dos especialistas\"}]},{\"@type\":\"WebSite\",\"@id\":\"https:\/\/www.capgemini.com\/br-pt\/#website\",\"url\":\"https:\/\/www.capgemini.com\/br-pt\/\",\"name\":\"Capgemini Brasil\",\"description\":\"Capgemini\",\"potentialAction\":[{\"@type\":\"SearchAction\",\"target\":{\"@type\":\"EntryPoint\",\"urlTemplate\":\"https:\/\/www.capgemini.com\/br-pt\/?s={search_term_string}\"},\"query-input\":\"required name=search_term_string\"}],\"inLanguage\":\"pt-BR\"}]}<\/script>\n<!-- \/ Yoast SEO Premium plugin. -->","yoast_head_json":{"title":"Perspectivas dos especialistas - Capgemini","description":"Explore uma s\u00e9rie de perspectivas dos especialistas da Capgemini, sobre t\u00f3picos importantes para os neg\u00f3cios, para a tecnologia e sociedade.","robots":{"index":"index","follow":"follow","max-snippet":"max-snippet:-1","max-image-preview":"max-image-preview:large","max-video-preview":"max-video-preview:-1"},"canonical":"https:\/\/www.capgemini.com\/br-pt\/insights\/perspectivas-dos-especialistas\/","og_locale":"pt_BR","og_type":"article","og_title":"Perspectivas dos especialistas","og_description":"Explore uma s\u00e9rie de perspectivas dos especialistas da Capgemini, sobre t\u00f3picos importantes para os neg\u00f3cios, para a tecnologia e sociedade.","og_url":"https:\/\/www.capgemini.com\/br-pt\/insights\/perspectivas-dos-especialistas\/","og_site_name":"Capgemini Brasil","article_modified_time":"2025-03-26T03:17:10+00:00","og_image":[{"width":768,"height":480,"url":"https:\/\/www.capgemini.com\/br-pt\/wp-content\/uploads\/sites\/12\/2024\/02\/Capgemini_Expert-perspectives_Blogs-e16282367499501.jpg","type":"image\/jpeg"}],"twitter_card":"summary_large_image","twitter_misc":{"Est. reading time":"1 minute"},"schema":{"@context":"https:\/\/schema.org","@graph":[{"@type":"WebPage","@id":"https:\/\/www.capgemini.com\/br-pt\/insights\/perspectivas-dos-especialistas\/","url":"https:\/\/www.capgemini.com\/br-pt\/insights\/perspectivas-dos-especialistas\/","name":"Perspectivas dos especialistas - Capgemini","isPartOf":{"@id":"https:\/\/www.capgemini.com\/br-pt\/#website"},"primaryImageOfPage":{"@id":"https:\/\/www.capgemini.com\/br-pt\/insights\/perspectivas-dos-especialistas\/#primaryimage"},"image":{"@id":"https:\/\/www.capgemini.com\/br-pt\/insights\/perspectivas-dos-especialistas\/#primaryimage"},"thumbnailUrl":"https:\/\/www.capgemini.com\/br-pt\/wp-content\/uploads\/sites\/12\/2024\/02\/Capgemini_Expert-perspectives_Blogs-e16282367499501.jpg","datePublished":"2023-11-06T11:25:09+00:00","dateModified":"2025-03-26T03:17:10+00:00","description":"Explore uma s\u00e9rie de perspectivas dos especialistas da Capgemini, sobre t\u00f3picos importantes para os neg\u00f3cios, para a tecnologia e sociedade.","breadcrumb":{"@id":"https:\/\/www.capgemini.com\/br-pt\/insights\/perspectivas-dos-especialistas\/#breadcrumb"},"inLanguage":"pt-BR","potentialAction":[{"@type":"ReadAction","target":["https:\/\/www.capgemini.com\/br-pt\/insights\/perspectivas-dos-especialistas\/"]}]},{"@type":"ImageObject","inLanguage":"pt-BR","@id":"https:\/\/www.capgemini.com\/br-pt\/insights\/perspectivas-dos-especialistas\/#primaryimage","url":"https:\/\/www.capgemini.com\/br-pt\/wp-content\/uploads\/sites\/12\/2024\/02\/Capgemini_Expert-perspectives_Blogs-e16282367499501.jpg","contentUrl":"https:\/\/www.capgemini.com\/br-pt\/wp-content\/uploads\/sites\/12\/2024\/02\/Capgemini_Expert-perspectives_Blogs-e16282367499501.jpg","width":768,"height":480,"caption":"Perspectiva dos experts hero card"},{"@type":"BreadcrumbList","@id":"https:\/\/www.capgemini.com\/br-pt\/insights\/perspectivas-dos-especialistas\/#breadcrumb","itemListElement":[{"@type":"ListItem","position":1,"name":"Home","item":"https:\/\/www.capgemini.com\/br-pt\/"},{"@type":"ListItem","position":2,"name":"Insights","item":"https:\/\/www.capgemini.com\/br-pt\/insights\/"},{"@type":"ListItem","position":3,"name":"Perspectivas dos especialistas"}]},{"@type":"WebSite","@id":"https:\/\/www.capgemini.com\/br-pt\/#website","url":"https:\/\/www.capgemini.com\/br-pt\/","name":"Capgemini Brasil","description":"Capgemini","potentialAction":[{"@type":"SearchAction","target":{"@type":"EntryPoint","urlTemplate":"https:\/\/www.capgemini.com\/br-pt\/?s={search_term_string}"},"query-input":"required name=search_term_string"}],"inLanguage":"pt-BR"}]}},"brand_term":[{"id":80,"slug":"capgemini"}],"parsely":{"version":"1.1.0","canonical_url":"https:\/\/capgemini.com\/br-pt\/insights\/perspectivas-dos-especialistas\/","smart_links":{"inbound":0,"outbound":0},"traffic_boost_suggestions_count":0,"meta":{"@context":"https:\/\/schema.org","@type":"WebPage","headline":"Perspectivas dos especialistas","url":"https:\/\/www.capgemini.com\/br-pt\/insights\/perspectivas-dos-especialistas\/","mainEntityOfPage":{"@type":"WebPage","@id":"https:\/\/www.capgemini.com\/br-pt\/insights\/perspectivas-dos-especialistas\/"},"thumbnailUrl":"https:\/\/www.capgemini.com\/br-pt\/wp-content\/uploads\/sites\/12\/2024\/02\/Capgemini_Expert-perspectives_Blogs-e16282367499501.jpg?w=150&h=150&crop=1","image":{"@type":"ImageObject","url":"https:\/\/www.capgemini.com\/br-pt\/wp-content\/uploads\/sites\/12\/2024\/02\/Capgemini_Expert-perspectives_Blogs-e16282367499501.jpg"},"articleSection":"Uncategorized","author":[],"creator":[],"publisher":{"@type":"Organization","name":"Capgemini Brasil","logo":""},"keywords":[],"dateCreated":"2023-11-06T11:25:09Z","datePublished":"2023-11-06T11:25:09Z","dateModified":"2025-03-26T03:17:10Z"},"rendered":"<meta name=\"parsely-title\" content=\"Perspectivas dos especialistas\" \/>\n<meta name=\"parsely-link\" content=\"https:\/\/www.capgemini.com\/br-pt\/insights\/perspectivas-dos-especialistas\/\" \/>\n<meta name=\"parsely-type\" content=\"index\" \/>\n<meta name=\"parsely-image-url\" content=\"https:\/\/www.capgemini.com\/br-pt\/wp-content\/uploads\/sites\/12\/2024\/02\/Capgemini_Expert-perspectives_Blogs-e16282367499501.jpg?w=150&amp;h=150&amp;crop=1\" \/>\n<meta name=\"parsely-pub-date\" content=\"2023-11-06T11:25:09Z\" \/>\n<meta name=\"parsely-section\" content=\"Uncategorized\" \/>","tracker_url":"https:\/\/cdn.parsely.com\/keys\/capgemini.com\/p.js"},"archive_status":false,"featured_image_src":"https:\/\/www.capgemini.com\/br-pt\/wp-content\/uploads\/sites\/12\/2024\/02\/Capgemini_Expert-perspectives_Blogs-e16282367499501.jpg","featured_image_alt":"Perspectiva dos experts hero card","distributor_meta":false,"distributor_terms":false,"distributor_media":false,"distributor_original_site_name":"Capgemini Brasil","distributor_original_site_url":"https:\/\/www.capgemini.com\/br-pt","push-errors":false,"_links":{"self":[{"href":"https:\/\/www.capgemini.com\/br-pt\/wp-json\/wp\/v2\/pages\/630312","targetHints":{"allow":["GET"]}}],"collection":[{"href":"https:\/\/www.capgemini.com\/br-pt\/wp-json\/wp\/v2\/pages"}],"about":[{"href":"https:\/\/www.capgemini.com\/br-pt\/wp-json\/wp\/v2\/types\/page"}],"author":[{"embeddable":true,"href":"https:\/\/www.capgemini.com\/br-pt\/wp-json\/wp\/v2\/users\/122"}],"replies":[{"embeddable":true,"href":"https:\/\/www.capgemini.com\/br-pt\/wp-json\/wp\/v2\/comments?post=630312"}],"version-history":[{"count":11,"href":"https:\/\/www.capgemini.com\/br-pt\/wp-json\/wp\/v2\/pages\/630312\/revisions"}],"predecessor-version":[{"id":640148,"href":"https:\/\/www.capgemini.com\/br-pt\/wp-json\/wp\/v2\/pages\/630312\/revisions\/640148"}],"up":[{"embeddable":true,"href":"https:\/\/www.capgemini.com\/br-pt\/wp-json\/wp\/v2\/pages\/634009"}],"wp:featuredmedia":[{"embeddable":true,"href":"https:\/\/www.capgemini.com\/br-pt\/wp-json\/wp\/v2\/media\/633846"}],"wp:attachment":[{"href":"https:\/\/www.capgemini.com\/br-pt\/wp-json\/wp\/v2\/media?parent=630312"}],"wp:term":[{"taxonomy":"brand","embeddable":true,"href":"https:\/\/www.capgemini.com\/br-pt\/wp-json\/wp\/v2\/brand?post=630312"},{"taxonomy":"partner_type","embeddable":true,"href":"https:\/\/www.capgemini.com\/br-pt\/wp-json\/wp\/v2\/partner_type?post=630312"},{"taxonomy":"service","embeddable":true,"href":"https:\/\/www.capgemini.com\/br-pt\/wp-json\/wp\/v2\/service?post=630312"},{"taxonomy":"industry","embeddable":true,"href":"https:\/\/www.capgemini.com\/br-pt\/wp-json\/wp\/v2\/industry?post=630312"},{"taxonomy":"partners","embeddable":true,"href":"https:\/\/www.capgemini.com\/br-pt\/wp-json\/wp\/v2\/partners?post=630312"},{"taxonomy":"page-type","embeddable":true,"href":"https:\/\/www.capgemini.com\/br-pt\/wp-json\/wp\/v2\/page-type?post=630312"},{"taxonomy":"content-group","embeddable":true,"href":"https:\/\/www.capgemini.com\/br-pt\/wp-json\/wp\/v2\/content-group?post=630312"}],"curies":[{"name":"wp","href":"https:\/\/api.w.org\/{rel}","templated":true}]}}