{"id":630012,"date":"2023-10-30T20:04:04","date_gmt":"2023-10-30T20:04:04","guid":{"rendered":"https:\/\/www.capgemini.com\/br-pt\/?page_id=630012"},"modified":"2026-01-30T00:01:31","modified_gmt":"2026-01-30T00:01:31","slug":"politica-de-seguranca-da-informacao","status":"publish","type":"page","link":"https:\/\/www.capgemini.com\/br-pt\/sobre-nos\/politica-de-seguranca-da-informacao\/","title":{"rendered":"Pol\u00edtica de seguran\u00e7a da informa\u00e7\u00e3o"},"content":{"rendered":"\n<header class=\"wp-block-cg-blocks-hero-reusable header header--sub2 header--sub2b header--insights1  \"><div class=\"header-bgs\"><\/div><div class=\"heroPictureCardHeaderShape\"><\/div><div class=\"container\"><div class=\"row\"><div class=\"col-md-10 offset-md-1\"><div class=\"box\"><div class=\"box-title\"><h1 data-maxlength=\"34\">Pol\u00edtica de seguran\u00e7a da informa\u00e7\u00e3o<\/h1><\/div><div class=\"inner-row-insight download-btn\"><div class=\"col-md-3 brandLogo\"><img decoding=\"async\" loading=\"lazy\" src=\"\/wp-content\/themes\/capgemini2025\/assets\/images\/-white.svg\" alt=\"\" class=\"dark\"\/><img decoding=\"async\" loading=\"lazy\" src=\"\/wp-content\/themes\/capgemini2025\/assets\/images\/-white.svg\" alt=\"\" class=\"light\"\/><\/div><\/div><\/div><\/div><\/div><\/div><\/header>\n\n\n\n<section class=\"wp-block-cg-blocks-group undefined section section--article-content\"><div class=\"article-main-content\"><div class=\"container\"><div class=\"row\"><div class=\"col-12 col-md-11 col-lg-10 offset-md-1 offset-lg-1\"><div class=\"article-text article-quote-text\">\n<p><strong><em>A Capgemini Brasil est\u00e1 comprometida em prestar servi\u00e7os de TI orientados por princ\u00edpios de qualidade, colabora\u00e7\u00e3o, melhoria cont\u00ednua, bem como cumprir&nbsp; todos os requisitos legais aplic\u00e1veis de seguran\u00e7a da informa\u00e7\u00e3o, buscando sempre a m\u00e1xima satisfa\u00e7\u00e3o dos nossos clientes, para os quais a seguran\u00e7a da informa\u00e7\u00e3o, a continuidade do servi\u00e7o e o tratamento adequado dos riscos s\u00e3o nossa prioridade.<\/em><\/strong><\/p>\n\n\n\n<p>Esta pol\u00edtica est\u00e1 baseada nos seguintes princ\u00edpios:<\/p>\n\n\n\n<ul class=\"wp-block-list\">\n<li><strong>Confidencialidade:<\/strong>\u00a0Garantia de que o acesso \u00e0 informa\u00e7\u00e3o \u00e9 restrito a pessoas autorizadas.<\/li>\n\n\n\n<li><strong>Integridade:<\/strong>\u00a0Salvaguarda da exatid\u00e3o e completeza da informa\u00e7\u00e3o e dos m\u00e9todos de processamento.<\/li>\n\n\n\n<li><strong>Disponibilidade:<\/strong>\u00a0Garantia de que os usu\u00e1rios autorizados obtenham acesso \u00e0 informa\u00e7\u00e3o e aos ativos necess\u00e1rios sempre que for preciso.<\/li>\n<\/ul>\n\n\n\n<h2 class=\"wp-block-heading\" id=\"h-diretrizes-gerais\"><strong>Diretrizes Gerais<\/strong><\/h2>\n\n\n\n<ul class=\"wp-block-list\">\n<li>A seguran\u00e7a da informa\u00e7\u00e3o deve estar alinhada aos objetivos e estrat\u00e9gias de neg\u00f3cios da empresa, portanto \u00e9 assunto estrat\u00e9gico na Capgemini Brasil.<\/li>\n\n\n\n<li>A seguran\u00e7a da informa\u00e7\u00e3o deve ser praticada em concord\u00e2ncia com os valores e \u00e9tica estabelecidos pelo Grupo Capgemini.<\/li>\n\n\n\n<li>A alta dire\u00e7\u00e3o da empresa est\u00e1 comprometida e apoia as metas e princ\u00edpios de seguran\u00e7a da informa\u00e7\u00e3o.<\/li>\n\n\n\n<li>A seguran\u00e7a da informa\u00e7\u00e3o \u00e9 responsabilidade e faz parte das atribui\u00e7\u00f5es de trabalho e deve ser atendida por todos os empregados e provedores externos e clientes da empresa. Estes devem proteger as informa\u00e7\u00f5es da empresa contra acesso, modifica\u00e7\u00e3o, destrui\u00e7\u00e3o ou divulga\u00e7\u00e3o n\u00e3o autorizados.<\/li>\n\n\n\n<li>Todos os empregados, provedores externos e clientes da Capgemini Brasil devem assegurar que os Ativos e Ativos de Informa\u00e7\u00e3o colocados \u00e0 sua disposi\u00e7\u00e3o sejam utilizados apenas para as finalidades aprovadas pela empresa.<\/li>\n\n\n\n<li>Seguran\u00e7a na Capgemini Brasil est\u00e1 condicionada \u00e0 exist\u00eancia de riscos e aos custos dos mecanismos de prote\u00e7\u00e3o face ao valor do Ativo de Informa\u00e7\u00e3o protegido.<\/li>\n\n\n\n<li>Os pap\u00e9is e responsabilidades est\u00e3o estabelecidos no Sistema de Gest\u00e3o da Seguran\u00e7a da Informa\u00e7\u00e3o e devem ser cumpridos conforme l\u00e1 definidos.<\/li>\n\n\n\n<li>Os l\u00edderes e Gestores devem ter uma postura exemplar em rela\u00e7\u00e3o a seguran\u00e7a da informa\u00e7\u00e3o, servindo como modelo de conduta para os empregados sob sua gest\u00e3o.<\/li>\n\n\n\n<li>Durante e ap\u00f3s a contrata\u00e7\u00e3o, a \u00e1rea de recursos humanos deve assegurar que todos os empregados tenham ci\u00eancia das pol\u00edticas e procedimentos sobre a seguran\u00e7a da informa\u00e7\u00e3o, atrav\u00e9s da realiza\u00e7\u00e3o dos treinamentos mandat\u00f3rios.<\/li>\n\n\n\n<li>O departamento jur\u00eddico deve garantir que todos os contratos de trabalho, contratos com clientes e fornecedores tenham as cl\u00e1usulas de confidencialidade, propriedade intelectual, classifica\u00e7\u00e3o e prote\u00e7\u00e3o da informa\u00e7\u00e3o, conforme estabelecido nas pol\u00edticas e procedimento da Capgemini Brasil.<\/li>\n\n\n\n<li>O CISO deve estabelecer os processos e procedimentos alinhados ao neg\u00f3cio e aprovados pelas partes interessadas do n\u00edvel C, bem como as defini\u00e7\u00f5es das pol\u00edticas de seguran\u00e7a da informa\u00e7\u00e3o, assegurando a integridade dos ativos de informa\u00e7\u00e3o da Capgemini Brasil, alinhados \u00e0 estrat\u00e9gia de Ciberseguran\u00e7a do grupo, conforme descrito abaixo:<\/li>\n<\/ul>\n\n\n\n<ul class=\"wp-block-list\">\n<li>Conter e reduzir os principais riscos cibern\u00e9ticos que possam afetar o neg\u00f3cio da empresa;<\/li>\n\n\n\n<li>Minimizar as fraquezas humanas e t\u00e9cnicas;<\/li>\n\n\n\n<li>Cumprir obriga\u00e7\u00f5es contratuais em termos de seguran\u00e7a e privacidade de dados;<\/li>\n\n\n\n<li>Demonstrar a exist\u00eancia dos controles de seguran\u00e7a e seu funcionamento adequado para a Alta Dire\u00e7\u00e3o, clientes, acionistas e \u00f3rg\u00e3os reguladores.<\/li>\n<\/ul>\n\n\n\n<ul class=\"wp-block-list\">\n<li>Todos os empregados da Capgemini Brasil devem ter conhecimento das pol\u00edticas e procedimentos da seguran\u00e7a da informa\u00e7\u00e3o, bem como agir de acordo com as diretrizes estabelecidas nas pol\u00edticas da empresa.<\/li>\n\n\n\n<li>A sistem\u00e1tica de auditorias independentes em seguran\u00e7a da informa\u00e7\u00e3o deve ser estruturada para ser realizada anualmente (contado a partir da publica\u00e7\u00e3o desta pol\u00edtica), por empresa ou \u00f3rg\u00e3o certificado em ISO\/IEC 27001, com foco em Compliance e Controles de Seguran\u00e7a da Informa\u00e7\u00e3o, nos termos da ISO\/IEC 27001.<\/li>\n\n\n\n<li>A continuidade dos servi\u00e7os \u00e9 guiada pelo processo de continuidade de neg\u00f3cios da empresa, no qual os requisitos para a seguran\u00e7a da informa\u00e7\u00e3o e continuidade em situa\u00e7\u00f5es adversas s\u00e3o estabelecidos. O Group IT mant\u00e9m um plano de continuidade dos servi\u00e7os em caso de falhas dos servi\u00e7os prestados a organiza\u00e7\u00e3o.<\/li>\n\n\n\n<li>Uma preocupa\u00e7\u00e3o da organiza\u00e7\u00e3o com a seguran\u00e7a da informa\u00e7\u00e3o est\u00e1 ligada aos incidentes de seguran\u00e7a da informa\u00e7\u00e3o que possam vir a ocorrer e gerar impacto na confidencialidade, integridade e disponibilidade dos neg\u00f3cios da empresa.\u00a0 Alguns exemplos deste tipo de incidentes s\u00e3o:<\/li>\n<\/ul>\n\n\n\n<ul class=\"wp-block-list\">\n<li>Acesso n\u00e3o autorizado a sites, sistemas, servi\u00e7os e dados;<\/li>\n\n\n\n<li>Roubo ou perda de ativos f\u00edsicos, como notebooks, celulares, smartphones, tablets, pen drives, HDs externos, impressoras etc.;<\/li>\n\n\n\n<li>Roubo ou perda de arquivos l\u00f3gicos, como informa\u00e7\u00f5es, dados, sistemas, servi\u00e7os e documentos impressos;<\/li>\n\n\n\n<li>Danos a ativos f\u00edsicos ou l\u00f3gicos em decorr\u00eancia de desastres ambientais como inc\u00eandios, enchentes, derramamentos qu\u00edmicos etc.;<\/li>\n\n\n\n<li>Suspeita de roubo de informa\u00e7\u00f5es corporativas (sigilosas ou n\u00e3o).<\/li>\n<\/ul>\n\n\n\n<p><strong>Escopo<\/strong>&nbsp;<strong>NBR ISO\/IEC 27001:2022<\/strong><\/p>\n\n\n\n<ul class=\"wp-block-list\">\n<li>\u201cApplication and Infrastructure Services\u201d em Alphaville\u00a0e\u00a0Araraquara<\/li>\n<\/ul>\n\n\n\n<p>O&nbsp;<strong>Sistema de Gest\u00e3o de Seguran\u00e7a da Informa\u00e7\u00e3o&nbsp;(SGSI)<\/strong>&nbsp;da Capgemini \u00e9 operacionalizado por meio das localidades:<\/p>\n\n\n\n<ul class=\"wp-block-list\">\n<li><strong>Matriz Capgemini \u2013 Unidade Alphaville<\/strong><\/li>\n<\/ul>\n\n\n\n<p>Alameda Graja\u00fa, 60, 14\u00b0andar<\/p>\n\n\n\n<p>Alphaville \u2013 Barueri \u2013 SP<\/p>\n\n\n\n<p>CEP: 06454-050<\/p>\n\n\n\n<ul class=\"wp-block-list\">\n<li><strong>Unidade Araraquara<\/strong><\/li>\n<\/ul>\n\n\n\n<p>Avenida S\u00e3o Paulo, 1000, 2 \u00b0andar<\/p>\n\n\n\n<p>Centro \u2013 Araraquara \u2013 SP<\/p>\n\n\n\n<p>CEP: 14801-060<\/p>\n<\/div><\/div><\/div><\/div><\/div><\/section>\n","protected":false},"excerpt":{"rendered":"<p>Conhe\u00e7a a Pol\u00edtica de Seguran\u00e7a da Informa\u00e7\u00e3o da Capgemini do Brasil.<\/p>\n","protected":false},"author":588,"featured_media":0,"parent":629039,"menu_order":0,"comment_status":"closed","ping_status":"closed","template":"","meta":{"cg_dt_proposed_to":[],"cg_seo_hreflang_relations":"[]","cg_seo_canonical_relation":"","cg_seo_hreflang_x_default_relation":"{\"uuid\":\"8edbc50a-51c4-40e0-b769-8801380f6f40\",\"blogId\":\"\",\"domain\":\"\",\"sitePath\":\"\",\"postLink\":\"\",\"postId\":null,\"isSaved\":true,\"isCrossLink\":false,\"hasCrossLink\":false}","cg_dt_approved_content":true,"cg_dt_mandatory_content":false,"cg_dt_notes":"","cg_dg_source_changed":false,"cg_dt_link_disabled":false,"_yoast_wpseo_primary_brand":"80","footnotes":"","featured_focal_points":"","partner_card_description":"Conhe\u00e7a a Pol\u00edtica de Seguran\u00e7a da Informa\u00e7\u00e3o da Capgemini do Brasil.","gsap_animation":0},"brand":[80],"partner_type":[],"service":[],"industry":[],"partners":[],"page-type":[68],"content-group":[],"class_list":["post-630012","page","type-page","status-publish","hentry","brand-capgemini","page-type-about-us"],"yoast_head":"<!-- This site is optimized with the Yoast SEO Premium plugin v22.8 (Yoast SEO v22.8) - https:\/\/yoast.com\/wordpress\/plugins\/seo\/ -->\n<title>Pol\u00edtica de seguran\u00e7a da informa\u00e7\u00e3o - Capgemini Brasil<\/title>\n<meta name=\"description\" content=\"Conhe\u00e7a a Pol\u00edtica de Seguran\u00e7a da Informa\u00e7\u00e3o da Capgemini do Brasil.\" \/>\n<meta name=\"robots\" content=\"index, follow, max-snippet:-1, max-image-preview:large, max-video-preview:-1\" \/>\n<link rel=\"canonical\" href=\"https:\/\/www.capgemini.com\/br-pt\/sobre-nos\/politica-de-seguranca-da-informacao\/\" \/>\n<meta property=\"og:locale\" content=\"pt_BR\" \/>\n<meta property=\"og:type\" content=\"article\" \/>\n<meta property=\"og:title\" content=\"Pol\u00edtica de seguran\u00e7a da informa\u00e7\u00e3o\" \/>\n<meta property=\"og:description\" content=\"Conhe\u00e7a a Pol\u00edtica de Seguran\u00e7a da Informa\u00e7\u00e3o da Capgemini do Brasil.\" \/>\n<meta property=\"og:url\" content=\"https:\/\/www.capgemini.com\/br-pt\/sobre-nos\/politica-de-seguranca-da-informacao\/\" \/>\n<meta property=\"og:site_name\" content=\"Capgemini Brasil\" \/>\n<meta property=\"article:modified_time\" content=\"2026-01-30T00:01:31+00:00\" \/>\n<meta property=\"og:image\" content=\"https:\/\/www.capgemini.com\/br-pt\/wp-content\/uploads\/sites\/12\/2025\/10\/New-Web-preview-global.jpg\" \/>\n\t<meta property=\"og:image:width\" content=\"1200\" \/>\n\t<meta property=\"og:image:height\" content=\"627\" \/>\n\t<meta property=\"og:image:type\" content=\"image\/jpeg\" \/>\n<meta name=\"twitter:card\" content=\"summary_large_image\" \/>\n<meta name=\"twitter:label1\" content=\"Est. reading time\" \/>\n\t<meta name=\"twitter:data1\" content=\"5 minutes\" \/>\n<script type=\"application\/ld+json\" class=\"yoast-schema-graph\">{\"@context\":\"https:\/\/schema.org\",\"@graph\":[{\"@type\":\"WebPage\",\"@id\":\"https:\/\/www.capgemini.com\/br-pt\/sobre-nos\/politica-de-seguranca-da-informacao\/\",\"url\":\"https:\/\/www.capgemini.com\/br-pt\/sobre-nos\/politica-de-seguranca-da-informacao\/\",\"name\":\"Pol\u00edtica de seguran\u00e7a da informa\u00e7\u00e3o - Capgemini Brasil\",\"isPartOf\":{\"@id\":\"https:\/\/www.capgemini.com\/br-pt\/#website\"},\"datePublished\":\"2023-10-30T20:04:04+00:00\",\"dateModified\":\"2026-01-30T00:01:31+00:00\",\"description\":\"Conhe\u00e7a a Pol\u00edtica de Seguran\u00e7a da Informa\u00e7\u00e3o da Capgemini do Brasil.\",\"breadcrumb\":{\"@id\":\"https:\/\/www.capgemini.com\/br-pt\/sobre-nos\/politica-de-seguranca-da-informacao\/#breadcrumb\"},\"inLanguage\":\"pt-BR\",\"potentialAction\":[{\"@type\":\"ReadAction\",\"target\":[\"https:\/\/www.capgemini.com\/br-pt\/sobre-nos\/politica-de-seguranca-da-informacao\/\"]}]},{\"@type\":\"BreadcrumbList\",\"@id\":\"https:\/\/www.capgemini.com\/br-pt\/sobre-nos\/politica-de-seguranca-da-informacao\/#breadcrumb\",\"itemListElement\":[{\"@type\":\"ListItem\",\"position\":1,\"name\":\"Home\",\"item\":\"https:\/\/www.capgemini.com\/br-pt\/\"},{\"@type\":\"ListItem\",\"position\":2,\"name\":\"Sobre n\u00f3s\",\"item\":\"https:\/\/www.capgemini.com\/br-pt\/sobre-nos\/\"},{\"@type\":\"ListItem\",\"position\":3,\"name\":\"Pol\u00edtica de seguran\u00e7a da informa\u00e7\u00e3o\"}]},{\"@type\":\"WebSite\",\"@id\":\"https:\/\/www.capgemini.com\/br-pt\/#website\",\"url\":\"https:\/\/www.capgemini.com\/br-pt\/\",\"name\":\"Capgemini Brasil\",\"description\":\"Capgemini\",\"potentialAction\":[{\"@type\":\"SearchAction\",\"target\":{\"@type\":\"EntryPoint\",\"urlTemplate\":\"https:\/\/www.capgemini.com\/br-pt\/?s={search_term_string}\"},\"query-input\":\"required name=search_term_string\"}],\"inLanguage\":\"pt-BR\"}]}<\/script>\n<!-- \/ Yoast SEO Premium plugin. -->","yoast_head_json":{"title":"Pol\u00edtica de seguran\u00e7a da informa\u00e7\u00e3o - Capgemini Brasil","description":"Conhe\u00e7a a Pol\u00edtica de Seguran\u00e7a da Informa\u00e7\u00e3o da Capgemini do Brasil.","robots":{"index":"index","follow":"follow","max-snippet":"max-snippet:-1","max-image-preview":"max-image-preview:large","max-video-preview":"max-video-preview:-1"},"canonical":"https:\/\/www.capgemini.com\/br-pt\/sobre-nos\/politica-de-seguranca-da-informacao\/","og_locale":"pt_BR","og_type":"article","og_title":"Pol\u00edtica de seguran\u00e7a da informa\u00e7\u00e3o","og_description":"Conhe\u00e7a a Pol\u00edtica de Seguran\u00e7a da Informa\u00e7\u00e3o da Capgemini do Brasil.","og_url":"https:\/\/www.capgemini.com\/br-pt\/sobre-nos\/politica-de-seguranca-da-informacao\/","og_site_name":"Capgemini Brasil","article_modified_time":"2026-01-30T00:01:31+00:00","og_image":[{"width":1200,"height":627,"url":"https:\/\/www.capgemini.com\/br-pt\/wp-content\/uploads\/sites\/12\/2025\/10\/New-Web-preview-global.jpg","type":"image\/jpeg"}],"twitter_card":"summary_large_image","twitter_misc":{"Est. reading time":"5 minutes"},"schema":{"@context":"https:\/\/schema.org","@graph":[{"@type":"WebPage","@id":"https:\/\/www.capgemini.com\/br-pt\/sobre-nos\/politica-de-seguranca-da-informacao\/","url":"https:\/\/www.capgemini.com\/br-pt\/sobre-nos\/politica-de-seguranca-da-informacao\/","name":"Pol\u00edtica de seguran\u00e7a da informa\u00e7\u00e3o - Capgemini Brasil","isPartOf":{"@id":"https:\/\/www.capgemini.com\/br-pt\/#website"},"datePublished":"2023-10-30T20:04:04+00:00","dateModified":"2026-01-30T00:01:31+00:00","description":"Conhe\u00e7a a Pol\u00edtica de Seguran\u00e7a da Informa\u00e7\u00e3o da Capgemini do Brasil.","breadcrumb":{"@id":"https:\/\/www.capgemini.com\/br-pt\/sobre-nos\/politica-de-seguranca-da-informacao\/#breadcrumb"},"inLanguage":"pt-BR","potentialAction":[{"@type":"ReadAction","target":["https:\/\/www.capgemini.com\/br-pt\/sobre-nos\/politica-de-seguranca-da-informacao\/"]}]},{"@type":"BreadcrumbList","@id":"https:\/\/www.capgemini.com\/br-pt\/sobre-nos\/politica-de-seguranca-da-informacao\/#breadcrumb","itemListElement":[{"@type":"ListItem","position":1,"name":"Home","item":"https:\/\/www.capgemini.com\/br-pt\/"},{"@type":"ListItem","position":2,"name":"Sobre n\u00f3s","item":"https:\/\/www.capgemini.com\/br-pt\/sobre-nos\/"},{"@type":"ListItem","position":3,"name":"Pol\u00edtica de seguran\u00e7a da informa\u00e7\u00e3o"}]},{"@type":"WebSite","@id":"https:\/\/www.capgemini.com\/br-pt\/#website","url":"https:\/\/www.capgemini.com\/br-pt\/","name":"Capgemini Brasil","description":"Capgemini","potentialAction":[{"@type":"SearchAction","target":{"@type":"EntryPoint","urlTemplate":"https:\/\/www.capgemini.com\/br-pt\/?s={search_term_string}"},"query-input":"required name=search_term_string"}],"inLanguage":"pt-BR"}]}},"brand_term":[{"id":80,"slug":"capgemini"}],"parsely":{"version":"1.1.0","canonical_url":"https:\/\/capgemini.com\/br-pt\/sobre-nos\/politica-de-seguranca-da-informacao\/","smart_links":{"inbound":0,"outbound":0},"traffic_boost_suggestions_count":0,"meta":{"@context":"https:\/\/schema.org","@type":"WebPage","headline":"Pol\u00edtica de seguran\u00e7a da informa\u00e7\u00e3o","url":"https:\/\/www.capgemini.com\/br-pt\/sobre-nos\/politica-de-seguranca-da-informacao\/","mainEntityOfPage":{"@type":"WebPage","@id":"https:\/\/www.capgemini.com\/br-pt\/sobre-nos\/politica-de-seguranca-da-informacao\/"},"thumbnailUrl":"","image":{"@type":"ImageObject","url":""},"articleSection":"Uncategorized","author":[],"creator":[],"publisher":{"@type":"Organization","name":"Capgemini Brasil","logo":""},"keywords":[],"dateCreated":"2023-10-30T20:04:04Z","datePublished":"2023-10-30T20:04:04Z","dateModified":"2026-01-30T00:01:31Z"},"rendered":"<meta name=\"parsely-title\" content=\"Pol\u00edtica de seguran\u00e7a da informa\u00e7\u00e3o\" \/>\n<meta name=\"parsely-link\" content=\"https:\/\/www.capgemini.com\/br-pt\/sobre-nos\/politica-de-seguranca-da-informacao\/\" \/>\n<meta name=\"parsely-type\" content=\"index\" \/>\n<meta name=\"parsely-pub-date\" content=\"2023-10-30T20:04:04Z\" \/>\n<meta name=\"parsely-section\" content=\"Uncategorized\" \/>","tracker_url":"https:\/\/cdn.parsely.com\/keys\/capgemini.com\/p.js"},"archive_status":false,"featured_image_src":"https:\/\/www.capgemini.com\/br-pt\/wp-content\/themes\/capgemini2025\/assets\/images\/mockup.png","featured_image_alt":false,"distributor_meta":false,"distributor_terms":false,"distributor_media":false,"distributor_original_site_name":"Capgemini Brasil","distributor_original_site_url":"https:\/\/www.capgemini.com\/br-pt","push-errors":false,"_links":{"self":[{"href":"https:\/\/www.capgemini.com\/br-pt\/wp-json\/wp\/v2\/pages\/630012","targetHints":{"allow":["GET"]}}],"collection":[{"href":"https:\/\/www.capgemini.com\/br-pt\/wp-json\/wp\/v2\/pages"}],"about":[{"href":"https:\/\/www.capgemini.com\/br-pt\/wp-json\/wp\/v2\/types\/page"}],"author":[{"embeddable":true,"href":"https:\/\/www.capgemini.com\/br-pt\/wp-json\/wp\/v2\/users\/588"}],"replies":[{"embeddable":true,"href":"https:\/\/www.capgemini.com\/br-pt\/wp-json\/wp\/v2\/comments?post=630012"}],"version-history":[{"count":9,"href":"https:\/\/www.capgemini.com\/br-pt\/wp-json\/wp\/v2\/pages\/630012\/revisions"}],"predecessor-version":[{"id":645794,"href":"https:\/\/www.capgemini.com\/br-pt\/wp-json\/wp\/v2\/pages\/630012\/revisions\/645794"}],"up":[{"embeddable":true,"href":"https:\/\/www.capgemini.com\/br-pt\/wp-json\/wp\/v2\/pages\/629039"}],"wp:attachment":[{"href":"https:\/\/www.capgemini.com\/br-pt\/wp-json\/wp\/v2\/media?parent=630012"}],"wp:term":[{"taxonomy":"brand","embeddable":true,"href":"https:\/\/www.capgemini.com\/br-pt\/wp-json\/wp\/v2\/brand?post=630012"},{"taxonomy":"partner_type","embeddable":true,"href":"https:\/\/www.capgemini.com\/br-pt\/wp-json\/wp\/v2\/partner_type?post=630012"},{"taxonomy":"service","embeddable":true,"href":"https:\/\/www.capgemini.com\/br-pt\/wp-json\/wp\/v2\/service?post=630012"},{"taxonomy":"industry","embeddable":true,"href":"https:\/\/www.capgemini.com\/br-pt\/wp-json\/wp\/v2\/industry?post=630012"},{"taxonomy":"partners","embeddable":true,"href":"https:\/\/www.capgemini.com\/br-pt\/wp-json\/wp\/v2\/partners?post=630012"},{"taxonomy":"page-type","embeddable":true,"href":"https:\/\/www.capgemini.com\/br-pt\/wp-json\/wp\/v2\/page-type?post=630012"},{"taxonomy":"content-group","embeddable":true,"href":"https:\/\/www.capgemini.com\/br-pt\/wp-json\/wp\/v2\/content-group?post=630012"}],"curies":[{"name":"wp","href":"https:\/\/api.w.org\/{rel}","templated":true}]}}