{"id":630008,"date":"2023-10-30T19:58:38","date_gmt":"2023-10-30T19:58:38","guid":{"rendered":"https:\/\/www.capgemini.com\/br-pt\/?page_id=630008"},"modified":"2025-05-26T15:17:07","modified_gmt":"2025-05-26T15:17:07","slug":"politica-ambiental","status":"publish","type":"page","link":"https:\/\/www.capgemini.com\/br-pt\/sobre-nos\/politica-ambiental\/","title":{"rendered":"Pol\u00edtica ambiental"},"content":{"rendered":"\n<header class=\"wp-block-cg-blocks-hero-reusable header header--sub2 header--sub2b header--insights1  \"><div class=\"header-bgs\"><\/div><div class=\"heroPictureCardHeaderShape\"><\/div><div class=\"container\"><div class=\"row\"><div class=\"col-md-10 offset-md-1\"><div class=\"box\"><div class=\"box-title\"><h1 data-maxlength=\"34\">Pol\u00edtica ambiental<\/h1><\/div><div class=\"inner-row-insight download-btn\"><\/div><\/div><\/div><\/div><\/div><\/header>\n\n\n\n<section class=\"wp-block-cg-blocks-group undefined section section--article-content\"><div class=\"article-main-content\"><div class=\"container\"><div class=\"row\"><div class=\"col-12 col-md-11 col-lg-10 offset-md-1 offset-lg-1\"><div class=\"article-text article-quote-text\">\n<h3 class=\"wp-block-heading\" id=\"h-declaracao-de-politica-ambiental\"><strong>Declara\u00e7\u00e3o de Pol\u00edtica Ambiental<\/strong><\/h3>\n\n\n\n<p>&nbsp;A Capgemini \u00e9 uma parceira global de transforma\u00e7\u00e3o de neg\u00f3cios e tecnologia, ajudando as organiza\u00e7\u00f5es a acelerar sua dupla transi\u00e7\u00e3o para um mundo digital e sustent\u00e1vel. Nossas atividades comerciais s\u00e3o realizadas a partir de nossos pr\u00f3prios sites, sites de clientes e outros locais remotos (incluindo as resid\u00eancias dos funcion\u00e1rios).&nbsp;<\/p>\n\n\n\n<p>Esta declara\u00e7\u00e3o de pol\u00edtica se aplica a todos os sites a partir dos quais a Capgemini opera, todos os funcion\u00e1rios e fornecedores e alian\u00e7as contratadas pela Capgemini.&nbsp;<\/p>\n\n\n\n<p>Reconhecemos que nossas atividades comerciais t\u00eam impactos e oportunidades para o meio ambiente e estamos comprometidos em melhorar continuamente nosso desempenho ambiental em rela\u00e7\u00e3o a objetivos e metas relevantes (baseados na ci\u00eancia, quando poss\u00edvel) e em trabalhar com nossos clientes para impulsionar a transi\u00e7\u00e3o para um futuro sustent\u00e1vel e <em>net zero<\/em>.&nbsp;<\/p>\n\n\n\n<p>Estamos comprometidos em treinar nossos funcion\u00e1rios sobre os impactos de seu trabalho no meio ambiente, capacitando-os a fazer escolhas mais sustent\u00e1veis. Consultaremos regularmente as principais partes interessadas (particularmente funcion\u00e1rios, clientes e fornecedores) sobre quest\u00f5es ambientais e garantiremos que nosso programa ambiental seja responsivo aos seus <em>feedbacks.<\/em>&nbsp;<\/p>\n\n\n\n<p>Estamos comprometidos em cumprir nossas obriga\u00e7\u00f5es de conformidade relacionadas aos impactos ambientais de nossas opera\u00e7\u00f5es e \u00e0 prote\u00e7\u00e3o do meio ambiente, incluindo a preven\u00e7\u00e3o da polui\u00e7\u00e3o por meio da ado\u00e7\u00e3o de controles apropriados. Em todas as nossas opera\u00e7\u00f5es diretas e cadeia de valor, trabalhamos juntos como uma Capgemini para identificar, avaliar e gerenciar nossos riscos e oportunidades ambientais das seguintes maneiras:&nbsp;<\/p>\n\n\n\n<p>1. Gest\u00e3o de nossos riscos clim\u00e1ticos, tanto f\u00edsicos quanto de transi\u00e7\u00e3o, para nos permitir nos preparar para as mudan\u00e7as clim\u00e1ticas por meio de planejamento de resili\u00eancia adequado, bem como a\u00e7\u00f5es de mitiga\u00e7\u00e3o e adapta\u00e7\u00e3o.&nbsp;<\/p>\n\n\n\n<p>2. Desenvolvimento e implanta\u00e7\u00e3o de um plano de transi\u00e7\u00e3o clim\u00e1tica que nos permita atingir <em>Net Zero<\/em> at\u00e9 2040. Isso ser\u00e1 alcan\u00e7ado reduzindo nossas emiss\u00f5es totais de gases de efeito estufa (GEE) em 90% at\u00e9 2040, juntamente com o investimento em solu\u00e7\u00f5es clim\u00e1ticas e naturais. Paralelamente, trabalharemos para melhorar continuamente nossa abordagem para medir nossas emiss\u00f5es de GEE, particularmente as emiss\u00f5es de escopo 3.&nbsp;<\/p>\n\n\n\n<p>3. Por meio da transforma\u00e7\u00e3o digital, monitoraremos e otimizaremos o uso de energia em nossas instala\u00e7\u00f5es, aumentaremos a efici\u00eancia energ\u00e9tica e implementaremos iniciativas de economia de energia para reduzir o consumo de energia do Grupo. Apoiaremos a transi\u00e7\u00e3o do Grupo para energia renov\u00e1vel e ajudaremos a reduzir as emiss\u00f5es de GEE associadas.&nbsp;<\/p>\n\n\n\n<p>4. Aumentar nosso investimento em solu\u00e7\u00f5es clim\u00e1ticas e naturais em um n\u00edvel compat\u00edvel com nossas emiss\u00f5es totais de GEE, com investimento em projetos que reduzam e removam carbono al\u00e9m de nossa cadeia de valor e tenham benef\u00edcios ambientais e sociais mais amplos.&nbsp;<\/p>\n\n\n\n<p>5. Implementar iniciativas para reduzir as emiss\u00f5es de GEE relacionadas a viagens, ao mesmo tempo em que apoiamos nossas necessidades de neg\u00f3cios e as expectativas dos clientes. Tamb\u00e9m consideraremos, quando relevante, os impactos ambientais da distribui\u00e7\u00e3o e log\u00edstica.&nbsp;<\/p>\n\n\n\n<p>6. Incorporar a circularidade em nossas opera\u00e7\u00f5es e cadeia de suprimentos, sempre que poss\u00edvel, adotando uma mentalidade sustent\u00e1vel em nossa abordagem \u00e0s necessidades de neg\u00f3cios e gest\u00e3o de demandas, bem como reduzindo nossa gera\u00e7\u00e3o total de res\u00edduos por funcion\u00e1rio e trabalhando em dire\u00e7\u00e3o ao zero desperd\u00edcio. Na medida do poss\u00edvel, faremos a transi\u00e7\u00e3o do uso de recursos virgens para recursos reciclados, sustent\u00e1veis e renov\u00e1veis em produtos e servi\u00e7os adquiridos.&nbsp;<\/p>\n\n\n\n<p>7. Gerenciar de forma sustent\u00e1vel o uso da \u00e1gua e tomar medidas para reduzir o consumo de \u00e1gua, principalmente em \u00e1reas de estresse h\u00eddrico e risco h\u00eddrico. Na medida do poss\u00edvel, implementaremos iniciativas de efici\u00eancia h\u00eddrica para reduzir a demanda de \u00e1gua doce, reduzindo, reutilizando e reciclando \u00e1gua.&nbsp;<\/p>\n\n\n\n<p>8. Compreender nossas depend\u00eancias e impactos na natureza, particularmente para nossos locais em \u00e1reas de risco \u00e0 biodiversidade ou perto de \u00e1reas sens\u00edveis \u00e0 biodiversidade e, quando poss\u00edvel, iniciativas positivas para a natureza ser\u00e3o implementadas para ajudar a deter a perda da natureza e contribuir para a recupera\u00e7\u00e3o da natureza a longo prazo.&nbsp;<\/p>\n\n\n\n<p>9. Colaborar com nossos principais fornecedores e parceiros de neg\u00f3cios no fornecimento de produtos e servi\u00e7os que nos ajudem a atingir os objetivos ambientais do nosso Grupo, particularmente em rela\u00e7\u00e3o \u00e0s emiss\u00f5es de carbono, redu\u00e7\u00e3o do consumo de energia e \u00e1gua, redu\u00e7\u00e3o do impacto na biodiversidade e minimiza\u00e7\u00e3o de res\u00edduos, adotando os princ\u00edpios da circularidade.&nbsp;<\/p>\n\n\n\n<p>10. Por meio de nosso trabalho com os clientes, pretendemos ajudar as organiza\u00e7\u00f5es a acelerar sua dupla transi\u00e7\u00e3o para um mundo digital e sustent\u00e1vel.&nbsp;<\/p>\n\n\n\n<p>Al\u00e9m disso, o Grupo tem a responsabilidade de realizar um processo de <em>due diligence<\/em> ambiental para fus\u00f5es e aquisi\u00e7\u00f5es significativas para avaliar os impactos ambientais, desempenho e riscos ambientais potenciais.&nbsp;<\/p>\n\n\n\n<p>Gerenciamos a implementa\u00e7\u00e3o desta pol\u00edtica por meio de iniciativas e monitoramento relevantes, sustentados por nosso sistema global de gest\u00e3o ambiental (SGA), certificado pelas normas ISO 14001:2015.&nbsp;<\/p>\n\n\n\n<p>O desempenho em rela\u00e7\u00e3o aos principais objetivos e metas ser\u00e1 revisado regularmente por nosso Conselho <em>Net Zero<\/em> e publicado anualmente em nosso Relat\u00f3rio Financeiro Anual e em quaisquer Relat\u00f3rios de Sustentabilidade Ambiental associados. Nosso SGA est\u00e1 integrado \u00e0 nossa estrutura de governan\u00e7a de sustentabilidade e <em>Net Zero<\/em> e inclui um processo de verifica\u00e7\u00e3o e garantia de terceiros. Esta Pol\u00edtica Ambiental ser\u00e1 revisada pelo menos uma vez por ano.&nbsp;<\/p>\n\n\n\n<p>&nbsp;<strong>Adriana Gomes Guimar\u00e3es Oestreich&nbsp;<\/strong><\/p>\n\n\n\n<p>Presidente do Conselho de Sustentabilidade da Capgemini Am\u00e9rica Latina Sul<\/p>\n\n\n\n<p>&nbsp;<strong>Vers\u00e3o: 1.6 Data: 29\/04\/2025<\/strong><\/p>\n<\/div><\/div><\/div><\/div><\/div><\/section>\n","protected":false},"excerpt":{"rendered":"","protected":false},"author":588,"featured_media":0,"parent":629039,"menu_order":0,"comment_status":"closed","ping_status":"closed","template":"","meta":{"cg_dt_proposed_to":[],"cg_seo_hreflang_relations":"[]","cg_seo_canonical_relation":"","cg_seo_hreflang_x_default_relation":"{\"uuid\":\"5aac724d-c41c-4a5d-a0d2-3f77a776ce3f\",\"blogId\":\"\",\"domain\":\"\",\"sitePath\":\"\",\"postLink\":\"\",\"postId\":null,\"isSaved\":true,\"isCrossLink\":false,\"hasCrossLink\":false}","cg_dt_approved_content":true,"cg_dt_mandatory_content":false,"cg_dt_notes":"","cg_dg_source_changed":false,"cg_dt_link_disabled":false,"_yoast_wpseo_primary_brand":"","footnotes":"","featured_focal_points":"","partner_card_description":"","gsap_animation":0},"brand":[],"partner_type":[],"service":[],"industry":[],"partners":[],"page-type":[],"content-group":[],"class_list":["post-630008","page","type-page","status-publish","hentry"],"yoast_head":"<!-- This site is optimized with the Yoast SEO Premium plugin v22.8 (Yoast SEO v22.8) - https:\/\/yoast.com\/wordpress\/plugins\/seo\/ -->\n<title>Pol\u00edtica ambiental - Capgemini Brasil<\/title>\n<meta name=\"description\" content=\"Conhe\u00e7a mais sobre a Pol\u00edtica ambiental da Capgemini Brasil.\" \/>\n<meta name=\"robots\" content=\"index, follow, max-snippet:-1, max-image-preview:large, max-video-preview:-1\" \/>\n<link rel=\"canonical\" href=\"https:\/\/www.capgemini.com\/br-pt\/sobre-nos\/politica-ambiental\/\" \/>\n<meta property=\"og:locale\" content=\"pt_BR\" \/>\n<meta property=\"og:type\" content=\"article\" \/>\n<meta property=\"og:title\" content=\"Pol\u00edtica ambiental\" \/>\n<meta property=\"og:description\" content=\"Conhe\u00e7a mais sobre a Pol\u00edtica ambiental da Capgemini Brasil.\" \/>\n<meta property=\"og:url\" content=\"https:\/\/www.capgemini.com\/br-pt\/sobre-nos\/politica-ambiental\/\" \/>\n<meta property=\"og:site_name\" content=\"Capgemini Brasil\" \/>\n<meta property=\"article:modified_time\" content=\"2025-05-26T15:17:07+00:00\" \/>\n<meta property=\"og:image\" content=\"https:\/\/www.capgemini.com\/br-pt\/wp-content\/uploads\/sites\/12\/2025\/10\/New-Web-preview-global.jpg\" \/>\n\t<meta property=\"og:image:width\" content=\"1200\" \/>\n\t<meta property=\"og:image:height\" content=\"627\" \/>\n\t<meta property=\"og:image:type\" content=\"image\/jpeg\" \/>\n<meta name=\"twitter:card\" content=\"summary_large_image\" \/>\n<meta name=\"twitter:label1\" content=\"Est. reading time\" \/>\n\t<meta name=\"twitter:data1\" content=\"5 minutes\" \/>\n<script type=\"application\/ld+json\" class=\"yoast-schema-graph\">{\"@context\":\"https:\/\/schema.org\",\"@graph\":[{\"@type\":\"WebPage\",\"@id\":\"https:\/\/www.capgemini.com\/br-pt\/sobre-nos\/politica-ambiental\/\",\"url\":\"https:\/\/www.capgemini.com\/br-pt\/sobre-nos\/politica-ambiental\/\",\"name\":\"Pol\u00edtica ambiental - Capgemini Brasil\",\"isPartOf\":{\"@id\":\"https:\/\/www.capgemini.com\/br-pt\/#website\"},\"datePublished\":\"2023-10-30T19:58:38+00:00\",\"dateModified\":\"2025-05-26T15:17:07+00:00\",\"description\":\"Conhe\u00e7a mais sobre a Pol\u00edtica ambiental da Capgemini Brasil.\",\"breadcrumb\":{\"@id\":\"https:\/\/www.capgemini.com\/br-pt\/sobre-nos\/politica-ambiental\/#breadcrumb\"},\"inLanguage\":\"pt-BR\",\"potentialAction\":[{\"@type\":\"ReadAction\",\"target\":[\"https:\/\/www.capgemini.com\/br-pt\/sobre-nos\/politica-ambiental\/\"]}]},{\"@type\":\"BreadcrumbList\",\"@id\":\"https:\/\/www.capgemini.com\/br-pt\/sobre-nos\/politica-ambiental\/#breadcrumb\",\"itemListElement\":[{\"@type\":\"ListItem\",\"position\":1,\"name\":\"Home\",\"item\":\"https:\/\/www.capgemini.com\/br-pt\/\"},{\"@type\":\"ListItem\",\"position\":2,\"name\":\"Sobre n\u00f3s\",\"item\":\"https:\/\/www.capgemini.com\/br-pt\/sobre-nos\/\"},{\"@type\":\"ListItem\",\"position\":3,\"name\":\"Pol\u00edtica ambiental\"}]},{\"@type\":\"WebSite\",\"@id\":\"https:\/\/www.capgemini.com\/br-pt\/#website\",\"url\":\"https:\/\/www.capgemini.com\/br-pt\/\",\"name\":\"Capgemini Brasil\",\"description\":\"Capgemini\",\"potentialAction\":[{\"@type\":\"SearchAction\",\"target\":{\"@type\":\"EntryPoint\",\"urlTemplate\":\"https:\/\/www.capgemini.com\/br-pt\/?s={search_term_string}\"},\"query-input\":\"required name=search_term_string\"}],\"inLanguage\":\"pt-BR\"}]}<\/script>\n<!-- \/ Yoast SEO Premium plugin. -->","yoast_head_json":{"title":"Pol\u00edtica ambiental - Capgemini Brasil","description":"Conhe\u00e7a mais sobre a Pol\u00edtica ambiental da Capgemini Brasil.","robots":{"index":"index","follow":"follow","max-snippet":"max-snippet:-1","max-image-preview":"max-image-preview:large","max-video-preview":"max-video-preview:-1"},"canonical":"https:\/\/www.capgemini.com\/br-pt\/sobre-nos\/politica-ambiental\/","og_locale":"pt_BR","og_type":"article","og_title":"Pol\u00edtica ambiental","og_description":"Conhe\u00e7a mais sobre a Pol\u00edtica ambiental da Capgemini Brasil.","og_url":"https:\/\/www.capgemini.com\/br-pt\/sobre-nos\/politica-ambiental\/","og_site_name":"Capgemini Brasil","article_modified_time":"2025-05-26T15:17:07+00:00","og_image":[{"width":1200,"height":627,"url":"https:\/\/www.capgemini.com\/br-pt\/wp-content\/uploads\/sites\/12\/2025\/10\/New-Web-preview-global.jpg","type":"image\/jpeg"}],"twitter_card":"summary_large_image","twitter_misc":{"Est. reading time":"5 minutes"},"schema":{"@context":"https:\/\/schema.org","@graph":[{"@type":"WebPage","@id":"https:\/\/www.capgemini.com\/br-pt\/sobre-nos\/politica-ambiental\/","url":"https:\/\/www.capgemini.com\/br-pt\/sobre-nos\/politica-ambiental\/","name":"Pol\u00edtica ambiental - Capgemini Brasil","isPartOf":{"@id":"https:\/\/www.capgemini.com\/br-pt\/#website"},"datePublished":"2023-10-30T19:58:38+00:00","dateModified":"2025-05-26T15:17:07+00:00","description":"Conhe\u00e7a mais sobre a Pol\u00edtica ambiental da Capgemini Brasil.","breadcrumb":{"@id":"https:\/\/www.capgemini.com\/br-pt\/sobre-nos\/politica-ambiental\/#breadcrumb"},"inLanguage":"pt-BR","potentialAction":[{"@type":"ReadAction","target":["https:\/\/www.capgemini.com\/br-pt\/sobre-nos\/politica-ambiental\/"]}]},{"@type":"BreadcrumbList","@id":"https:\/\/www.capgemini.com\/br-pt\/sobre-nos\/politica-ambiental\/#breadcrumb","itemListElement":[{"@type":"ListItem","position":1,"name":"Home","item":"https:\/\/www.capgemini.com\/br-pt\/"},{"@type":"ListItem","position":2,"name":"Sobre n\u00f3s","item":"https:\/\/www.capgemini.com\/br-pt\/sobre-nos\/"},{"@type":"ListItem","position":3,"name":"Pol\u00edtica ambiental"}]},{"@type":"WebSite","@id":"https:\/\/www.capgemini.com\/br-pt\/#website","url":"https:\/\/www.capgemini.com\/br-pt\/","name":"Capgemini Brasil","description":"Capgemini","potentialAction":[{"@type":"SearchAction","target":{"@type":"EntryPoint","urlTemplate":"https:\/\/www.capgemini.com\/br-pt\/?s={search_term_string}"},"query-input":"required name=search_term_string"}],"inLanguage":"pt-BR"}]}},"brand_term":[],"parsely":{"version":"1.1.0","canonical_url":"https:\/\/capgemini.com\/br-pt\/sobre-nos\/politica-ambiental\/","smart_links":{"inbound":0,"outbound":0},"traffic_boost_suggestions_count":0,"meta":{"@context":"https:\/\/schema.org","@type":"WebPage","headline":"Pol\u00edtica ambiental","url":"https:\/\/www.capgemini.com\/br-pt\/sobre-nos\/politica-ambiental\/","mainEntityOfPage":{"@type":"WebPage","@id":"https:\/\/www.capgemini.com\/br-pt\/sobre-nos\/politica-ambiental\/"},"thumbnailUrl":"","image":{"@type":"ImageObject","url":""},"articleSection":"Uncategorized","author":[],"creator":[],"publisher":{"@type":"Organization","name":"Capgemini Brasil","logo":""},"keywords":[],"dateCreated":"2023-10-30T19:58:38Z","datePublished":"2023-10-30T19:58:38Z","dateModified":"2025-05-26T15:17:07Z"},"rendered":"<meta name=\"parsely-title\" content=\"Pol\u00edtica ambiental\" \/>\n<meta name=\"parsely-link\" content=\"https:\/\/www.capgemini.com\/br-pt\/sobre-nos\/politica-ambiental\/\" \/>\n<meta name=\"parsely-type\" content=\"index\" \/>\n<meta name=\"parsely-pub-date\" content=\"2023-10-30T19:58:38Z\" \/>\n<meta name=\"parsely-section\" content=\"Uncategorized\" \/>","tracker_url":"https:\/\/cdn.parsely.com\/keys\/capgemini.com\/p.js"},"archive_status":false,"featured_image_src":"https:\/\/www.capgemini.com\/br-pt\/wp-content\/themes\/capgemini2025\/assets\/images\/mockup.png","featured_image_alt":false,"distributor_meta":false,"distributor_terms":false,"distributor_media":false,"distributor_original_site_name":"Capgemini Brasil","distributor_original_site_url":"https:\/\/www.capgemini.com\/br-pt","push-errors":false,"_links":{"self":[{"href":"https:\/\/www.capgemini.com\/br-pt\/wp-json\/wp\/v2\/pages\/630008","targetHints":{"allow":["GET"]}}],"collection":[{"href":"https:\/\/www.capgemini.com\/br-pt\/wp-json\/wp\/v2\/pages"}],"about":[{"href":"https:\/\/www.capgemini.com\/br-pt\/wp-json\/wp\/v2\/types\/page"}],"author":[{"embeddable":true,"href":"https:\/\/www.capgemini.com\/br-pt\/wp-json\/wp\/v2\/users\/588"}],"replies":[{"embeddable":true,"href":"https:\/\/www.capgemini.com\/br-pt\/wp-json\/wp\/v2\/comments?post=630008"}],"version-history":[{"count":8,"href":"https:\/\/www.capgemini.com\/br-pt\/wp-json\/wp\/v2\/pages\/630008\/revisions"}],"predecessor-version":[{"id":641331,"href":"https:\/\/www.capgemini.com\/br-pt\/wp-json\/wp\/v2\/pages\/630008\/revisions\/641331"}],"up":[{"embeddable":true,"href":"https:\/\/www.capgemini.com\/br-pt\/wp-json\/wp\/v2\/pages\/629039"}],"wp:attachment":[{"href":"https:\/\/www.capgemini.com\/br-pt\/wp-json\/wp\/v2\/media?parent=630008"}],"wp:term":[{"taxonomy":"brand","embeddable":true,"href":"https:\/\/www.capgemini.com\/br-pt\/wp-json\/wp\/v2\/brand?post=630008"},{"taxonomy":"partner_type","embeddable":true,"href":"https:\/\/www.capgemini.com\/br-pt\/wp-json\/wp\/v2\/partner_type?post=630008"},{"taxonomy":"service","embeddable":true,"href":"https:\/\/www.capgemini.com\/br-pt\/wp-json\/wp\/v2\/service?post=630008"},{"taxonomy":"industry","embeddable":true,"href":"https:\/\/www.capgemini.com\/br-pt\/wp-json\/wp\/v2\/industry?post=630008"},{"taxonomy":"partners","embeddable":true,"href":"https:\/\/www.capgemini.com\/br-pt\/wp-json\/wp\/v2\/partners?post=630008"},{"taxonomy":"page-type","embeddable":true,"href":"https:\/\/www.capgemini.com\/br-pt\/wp-json\/wp\/v2\/page-type?post=630008"},{"taxonomy":"content-group","embeddable":true,"href":"https:\/\/www.capgemini.com\/br-pt\/wp-json\/wp\/v2\/content-group?post=630008"}],"curies":[{"name":"wp","href":"https:\/\/api.w.org\/{rel}","templated":true}]}}