{"id":629359,"date":"2023-10-24T16:14:26","date_gmt":"2023-10-24T16:14:26","guid":{"rendered":"https:\/\/www.capgemini.com\/br-pt\/?page_id=629359"},"modified":"2025-03-26T03:21:06","modified_gmt":"2025-03-26T03:21:06","slug":"configuracoes-de-cookies","status":"publish","type":"page","link":"https:\/\/www.capgemini.com\/br-pt\/configuracoes-de-cookies\/","title":{"rendered":"Configura\u00e7\u00f5es de cookies"},"content":{"rendered":"\n<header class=\"wp-block-cg-blocks-hero-reusable is-style-blue-line header header--sub2 header--sub2b header--insights1  \"><div class=\"header-bgs\"><\/div><div class=\"heroPictureCardHeaderShape\"><\/div><div class=\"container\"><div class=\"row\"><div class=\"col-md-10 offset-md-1\"><div class=\"box\"><div class=\"box-title\"><h1 data-maxlength=\"34\">Configura\u00e7\u00f5es de cookies<\/h1><\/div><div class=\"inner-row-insight download-btn\"><\/div><\/div><\/div><\/div><\/div><\/header>\n\n\n\n<section class=\"wp-block-cg-blocks-group undefined section section--article-content\"><div class=\"article-main-content\"><div class=\"container\"><div class=\"row\"><div class=\"col-12 col-md-11 col-lg-10 offset-md-1 offset-lg-1\"><div class=\"article-text article-quote-text\">\n<h2>Consulte esta p\u00e1gina se quiser configurar<u><a onclick=\"truste.eu &amp;&amp; truste.eu.clickListener()\" href=\"#\"> suas prefer\u00eancias de cookies<\/a><\/u> com o apoio das informa\u00e7\u00f5es mencionadas abaixo.<\/h2>\n<br>\n\n\n\n<h4 class=\"wp-block-heading\" id=\"h-o-que-e-um-cookie\">O que \u00e9 um cookie?<\/h4>\n\n\n\n<p>Um cookie \u00e9 um pequeno arquivo de texto que \u00e9 baixado no seu dispositivo quando voc\u00ea acessa um site.<\/p>\n\n\n\n<h4 class=\"wp-block-heading\" id=\"h-o-que-os-cookies-fazem\">O que os cookies fazem?<\/h4>\n\n\n\n<p>Ele permite que o site reconhe\u00e7a seu dispositivo e armazene algumas informa\u00e7\u00f5es sobre suas prefer\u00eancias ou a\u00e7\u00f5es anteriores para fazer com que os sites funcionem ou funcionem de forma mais eficiente, bem como para fornecer informa\u00e7\u00f5es aos propriet\u00e1rios do site. Em resumo, os cookies nos ajudam a proporcionar uma boa experi\u00eancia quando voc\u00ea navega em nosso site e tamb\u00e9m nos permitem aprimor\u00e1-lo.<\/p>\n\n\n\n<h4 class=\"wp-block-heading\" id=\"h-todos-os-cookies-sao-iguais\">Todos os cookies s\u00e3o iguais?<\/h4>\n\n\n\n<p>N\u00e3o exatamente.<\/p>\n\n\n\n<p>Os cookies podem ser diferentes dependendo de sua dura\u00e7\u00e3o ou de sua origem.<\/p>\n\n\n\n<p>1. H\u00e1 dois tipos de dura\u00e7\u00e3o para os cookies:<\/p>\n\n\n\n<ul class=\"wp-block-list\">\n<li>Cookies de sess\u00e3o que s\u00e3o tempor\u00e1rios e s\u00f3 ser\u00e3o armazenados na mem\u00f3ria do navegador enquanto ele estiver aberto. Assim que o navegador for fechado, o cookie ser\u00e1 removido de seu hist\u00f3rico.<\/li>\n\n\n\n<li>Cookies persistentes, que t\u00eam uma data de validade anexada a eles. Esses cookies n\u00e3o s\u00e3o removidos quando o navegador \u00e9 fechado, mas s\u00e3o removidos depois que a data de validade \u00e9 atingida. Essas dura\u00e7\u00f5es s\u00e3o definidas de acordo com a finalidade dos cookies. Voc\u00ea tamb\u00e9m pode excluir manualmente esses cookies.<\/li>\n<\/ul>\n\n\n\n<p>2. Os cookies podem se originar de diferentes fontes:<\/p>\n\n\n\n<ul class=\"wp-block-list\">\n<li>Os cookies prim\u00e1rios s\u00e3o criados pelo site que voc\u00ea est\u00e1 visitando.<\/li>\n\n\n\n<li>Os cookies de terceiros s\u00e3o criados por fornecedores terceirizados e colocados pelo propriet\u00e1rio do site para diferentes finalidades.<\/li>\n<\/ul>\n\n\n\n<p>Voc\u00ea pode encontrar mais informa\u00e7\u00f5es sobre cookies, incluindo como ver quais cookies foram definidos em seu dispositivo e como gerenci\u00e1-los e exclu\u00ed-los, em www.aboutcookies.org e www.youronlinechoices.eu.<\/p>\n\n\n\n<h4 class=\"wp-block-heading\" id=\"h-web-beacons\">Web beacons<\/h4>\n\n\n\n<p>Web beacons (tamb\u00e9m conhecidos como internet tags, pixel tags e clear GIFs) s\u00e3o imagens gr\u00e1ficas transparentes colocadas em um site. Os web beacons s\u00e3o usados em combina\u00e7\u00e3o com cookies para considerar as a\u00e7\u00f5es dos visitantes de nosso site. Podemos usar beacons para obter informa\u00e7\u00f5es como o endere\u00e7o IP da m\u00e1quina que baixou a p\u00e1gina na qual o beacon aparece ou o URL da p\u00e1gina na qual o beacon aparece, o hor\u00e1rio em que a p\u00e1gina foi consultada e a vers\u00e3o do navegador usada para visitar a p\u00e1gina.<\/p>\n\n\n\n<h4 class=\"wp-block-heading\" id=\"h-enderecos-ip-e-urls\">Endere\u00e7os IP e URLs<\/h4>\n\n\n\n<p>Um endere\u00e7o IP \u00e9 um identificador exclusivo que determinados dispositivos usam para se identificar e se comunicar pela Internet. Quando voc\u00ea visita nosso site, podemos visualizar o endere\u00e7o IP do dispositivo usado para se conectar \u00e0 Internet por meio dos web beacons mencionados acima. Essas informa\u00e7\u00f5es s\u00e3o usadas para determinar a localiza\u00e7\u00e3o f\u00edsica geral do dispositivo. Podemos usar essas informa\u00e7\u00f5es para alterar a forma como apresentamos nossos sites para aprimorar sua visita.<\/p>\n\n\n\n<p>Um URL (uniform resource locator) \u00e9 um identificador ou endere\u00e7o exclusivo para cada recurso na Internet. Por exemplo, \u00e9 o endere\u00e7o da p\u00e1gina da Web que voc\u00ea est\u00e1 visitando. Usaremos essas informa\u00e7\u00f5es para ver quais p\u00e1ginas s\u00e3o visitadas e a maneira como voc\u00ea navega em nosso site.<\/p>\n\n\n\n<h4 class=\"wp-block-heading\" id=\"h-como-faco-para-alterar-minhas-configuracoes-de-cookies\">Como fa\u00e7o para alterar minhas configura\u00e7\u00f5es de cookies?<\/h4>\n\n\n\n<p>A Capgemini respeita seu direito \u00e0 privacidade; portanto, voc\u00ea pode optar por n\u00e3o consentir com o uso de alguns tipos de cookies nesta p\u00e1gina.<\/p>\n\n\n\n<p>Clique nos t\u00edtulos das diferentes categorias para saber mais e alterar nossas configura\u00e7\u00f5es padr\u00e3o. No entanto, o bloqueio de alguns tipos de cookies pode afetar sua experi\u00eancia com o site e os servi\u00e7os que podemos oferecer.<\/p>\n\n\n\n<p>Recomendamos que voc\u00ea deixe os cookies ativos para aproveitar ao m\u00e1ximo a experi\u00eancia em nosso site. Esteja ciente de que optar por n\u00e3o ativar determinados tipos de cookies pode afetar sua experi\u00eancia no site e a disponibilidade de alguns servi\u00e7os.<\/p>\n\n\n\n<p>Como alternativa, a maioria dos navegadores da Web permite algum controle da maioria dos cookies por meio das configura\u00e7\u00f5es do navegador. Para saber mais sobre cookies, inclusive como ver quais cookies foram definidos, visite www.aboutcookies.org ou www.allaboutcookies.org.<\/p>\n\n\n\n<p>Saiba como gerenciar cookies em navegadores populares:<\/p>\n\n\n\n<p><a href=\"https:\/\/support.google.com\/accounts\/answer\/61416?co=GENIE.Platform%3DDesktop&amp;hl=en\">Google Chrome<\/a><br><a href=\"https:\/\/privacy.microsoft.com\/en-us\/windows-10-microsoft-edge-and-privacy\">Microsoft Edge<\/a><br><a href=\"https:\/\/support.mozilla.org\/en-US\/kb\/enhanced-tracking-protection-firefox-desktop?redirectlocale=en-US&amp;redirectslug=enable-and-disable-cookies-website-preferences\">Mozilla Firefox<\/a><br><a href=\"https:\/\/support.microsoft.com\/en-gb\/help\/17442\/windows-internet-explorer-delete-manage-cookies\">Microsoft Internet Explorer<\/a><br><a href=\"https:\/\/help.opera.com\/en\/latest\/web-preferences\/\">Opera<\/a><br><a href=\"https:\/\/support.apple.com\/en-gb\/safari\">Apple Safari<\/a><\/p>\n\n\n\n<p><br>Para obter informa\u00e7\u00f5es relacionadas a outros navegadores, visite o site do desenvolvedor do navegador.<\/p>\n\n\n\n<p>Para optar pelo n\u00e3o rastreamento pelo Google Analytics em todos os sites, visite&nbsp;<a href=\"http:\/\/tools.google.com\/dlpage\/gaoptout\">http:\/\/tools.google.com\/dlpage\/gaoptout<\/a>.<\/p>\n\n\n\n<h4 class=\"wp-block-heading\" id=\"h-que-tipos-de-cookies-usamos\">Que tipos de cookies usamos?<\/h4>\n\n\n\n<iframe loading=\"lazy\" src=\"https:\/\/tracker-detail-page.trustarc.com\/#\/?domain=4043&amp;category=0&amp;locale=pt\" width=\"1000\" height=\"800\"><\/iframe>\n\n\n\n<div style=\"height:53px\" aria-hidden=\"true\" class=\"wp-block-spacer\"><\/div>\n\n\n\n<p><strong>Men\u00e7\u00e3o de exclus\u00e3o volunt\u00e1ria para a Pol\u00edtica de Cookies:<\/strong><\/p>\n\n\n\n<p>A Capgemini utiliza cookies de medi\u00e7\u00e3o de p\u00fablico, isentos de consentimento, conforme recomendado pela Commission Nationale de l&#8217;Informatique et des Libert\u00e9s. Esses cookies s\u00e3o assimilados e listados na categoria &#8220;Cookies Necess\u00e1rios&#8221; devido ao seu comportamento semelhante. Esses cookies n\u00e3o possibilitam sua identifica\u00e7\u00e3o, pois as informa\u00e7\u00f5es s\u00e3o anonimizadas, mas a Capgemini oferece a possibilidade de desativ\u00e1-los.<br><br><span style=\"font-size: 1rem; letter-spacing: 0.4px;\"><\/span><\/p>\n\n\n        <div class=\"mt-3\">\n<!--            Javascript onchange event is added inside GTM Container-->\n            <input checked=\"checked\" id=\"piano-essential-consent\" type=\"checkbox\">\n            <label for=\"piano-essential-consent\">\n                Por favor, desmarque esta caixa se desejar desativar os cookies de medi\u00e7\u00e3o de p\u00fablico isentos de consentimento.            <\/label>\n        <\/div>\n\n\n\n\n<div style=\"height:53px\" aria-hidden=\"true\" class=\"wp-block-spacer\"><\/div>\n\n\n\n<h4 class=\"wp-block-heading\" id=\"h-entre-em-contato-conosco\">Entre em contato conosco<\/h4>\n\n\n\n<p>Se tiver alguma d\u00favida em rela\u00e7\u00e3o a este aviso ou ao nosso uso de cookies, entre em contato conosco em: dpocapgemini.global@capgemini.com<\/p>\n\n\n\n<p>Voc\u00ea pode saber mais sobre como a Capgemini processa seus Dados Pessoais consultando nossa Pol\u00edtica de Privacidade<\/p>\n<\/div><\/div><\/div><\/div><\/div><\/section>\n","protected":false},"excerpt":{"rendered":"","protected":false},"author":35,"featured_media":0,"parent":0,"menu_order":0,"comment_status":"closed","ping_status":"closed","template":"","meta":{"cg_dt_proposed_to":[],"cg_seo_hreflang_relations":"[]","cg_seo_canonical_relation":"","cg_seo_hreflang_x_default_relation":"{\"uuid\":\"a3bd0eb8-c34a-495f-92f4-e123b8bb4dca\",\"blogId\":\"\",\"domain\":\"\",\"sitePath\":\"\",\"postLink\":\"\",\"postId\":null,\"isSaved\":true,\"isCrossLink\":false,\"hasCrossLink\":false}","cg_dt_approved_content":true,"cg_dt_mandatory_content":false,"cg_dt_notes":"","cg_dg_source_changed":false,"cg_dt_link_disabled":false,"_yoast_wpseo_primary_brand":"","footnotes":"","featured_focal_points":"","partner_card_description":"","gsap_animation":0},"brand":[],"partner_type":[],"service":[],"industry":[],"partners":[],"page-type":[],"content-group":[],"class_list":["post-629359","page","type-page","status-publish","hentry"],"yoast_head":"<!-- This site is optimized with the Yoast SEO Premium plugin v22.8 (Yoast SEO v22.8) - https:\/\/yoast.com\/wordpress\/plugins\/seo\/ -->\n<title>Configura\u00e7\u00f5es de cookies - Capgemini Brasil<\/title>\n<meta name=\"description\" content=\"Entenda e gerencie suas prefer\u00eancias e configura\u00e7\u00f5es de cookies no site da Capgemini para uma navega\u00e7\u00e3o personalizada e segura.\" \/>\n<meta name=\"robots\" content=\"index, follow, max-snippet:-1, max-image-preview:large, max-video-preview:-1\" \/>\n<link rel=\"canonical\" href=\"https:\/\/www.capgemini.com\/br-pt\/configuracoes-de-cookies\/\" \/>\n<meta property=\"og:locale\" content=\"pt_BR\" \/>\n<meta property=\"og:type\" content=\"article\" \/>\n<meta property=\"og:title\" content=\"Configura\u00e7\u00f5es de cookies\" \/>\n<meta property=\"og:description\" content=\"Entenda e gerencie suas prefer\u00eancias e configura\u00e7\u00f5es de cookies no site da Capgemini para uma navega\u00e7\u00e3o personalizada e segura.\" \/>\n<meta property=\"og:url\" content=\"https:\/\/www.capgemini.com\/br-pt\/configuracoes-de-cookies\/\" \/>\n<meta property=\"og:site_name\" content=\"Capgemini Brasil\" \/>\n<meta property=\"article:modified_time\" content=\"2025-03-26T03:21:06+00:00\" \/>\n<meta property=\"og:image\" content=\"https:\/\/www.capgemini.com\/br-pt\/wp-content\/uploads\/sites\/12\/2025\/10\/New-Web-preview-global.jpg\" \/>\n\t<meta property=\"og:image:width\" content=\"1200\" \/>\n\t<meta property=\"og:image:height\" content=\"627\" \/>\n\t<meta property=\"og:image:type\" content=\"image\/jpeg\" \/>\n<meta name=\"twitter:card\" content=\"summary_large_image\" \/>\n<meta name=\"twitter:label1\" content=\"Est. reading time\" \/>\n\t<meta name=\"twitter:data1\" content=\"5 minutes\" \/>\n<script type=\"application\/ld+json\" class=\"yoast-schema-graph\">{\"@context\":\"https:\/\/schema.org\",\"@graph\":[{\"@type\":\"WebPage\",\"@id\":\"https:\/\/www.capgemini.com\/br-pt\/configuracoes-de-cookies\/\",\"url\":\"https:\/\/www.capgemini.com\/br-pt\/configuracoes-de-cookies\/\",\"name\":\"Configura\u00e7\u00f5es de cookies - Capgemini Brasil\",\"isPartOf\":{\"@id\":\"https:\/\/www.capgemini.com\/br-pt\/#website\"},\"datePublished\":\"2023-10-24T16:14:26+00:00\",\"dateModified\":\"2025-03-26T03:21:06+00:00\",\"description\":\"Entenda e gerencie suas prefer\u00eancias e configura\u00e7\u00f5es de cookies no site da Capgemini para uma navega\u00e7\u00e3o personalizada e segura.\",\"breadcrumb\":{\"@id\":\"https:\/\/www.capgemini.com\/br-pt\/configuracoes-de-cookies\/#breadcrumb\"},\"inLanguage\":\"pt-BR\",\"potentialAction\":[{\"@type\":\"ReadAction\",\"target\":[\"https:\/\/www.capgemini.com\/br-pt\/configuracoes-de-cookies\/\"]}]},{\"@type\":\"BreadcrumbList\",\"@id\":\"https:\/\/www.capgemini.com\/br-pt\/configuracoes-de-cookies\/#breadcrumb\",\"itemListElement\":[{\"@type\":\"ListItem\",\"position\":1,\"name\":\"Home\",\"item\":\"https:\/\/www.capgemini.com\/br-pt\/\"},{\"@type\":\"ListItem\",\"position\":2,\"name\":\"Configura\u00e7\u00f5es de cookies\"}]},{\"@type\":\"WebSite\",\"@id\":\"https:\/\/www.capgemini.com\/br-pt\/#website\",\"url\":\"https:\/\/www.capgemini.com\/br-pt\/\",\"name\":\"Capgemini Brasil\",\"description\":\"Capgemini\",\"potentialAction\":[{\"@type\":\"SearchAction\",\"target\":{\"@type\":\"EntryPoint\",\"urlTemplate\":\"https:\/\/www.capgemini.com\/br-pt\/?s={search_term_string}\"},\"query-input\":\"required name=search_term_string\"}],\"inLanguage\":\"pt-BR\"}]}<\/script>\n<!-- \/ Yoast SEO Premium plugin. -->","yoast_head_json":{"title":"Configura\u00e7\u00f5es de cookies - Capgemini Brasil","description":"Entenda e gerencie suas prefer\u00eancias e configura\u00e7\u00f5es de cookies no site da Capgemini para uma navega\u00e7\u00e3o personalizada e segura.","robots":{"index":"index","follow":"follow","max-snippet":"max-snippet:-1","max-image-preview":"max-image-preview:large","max-video-preview":"max-video-preview:-1"},"canonical":"https:\/\/www.capgemini.com\/br-pt\/configuracoes-de-cookies\/","og_locale":"pt_BR","og_type":"article","og_title":"Configura\u00e7\u00f5es de cookies","og_description":"Entenda e gerencie suas prefer\u00eancias e configura\u00e7\u00f5es de cookies no site da Capgemini para uma navega\u00e7\u00e3o personalizada e segura.","og_url":"https:\/\/www.capgemini.com\/br-pt\/configuracoes-de-cookies\/","og_site_name":"Capgemini Brasil","article_modified_time":"2025-03-26T03:21:06+00:00","og_image":[{"width":1200,"height":627,"url":"https:\/\/www.capgemini.com\/br-pt\/wp-content\/uploads\/sites\/12\/2025\/10\/New-Web-preview-global.jpg","type":"image\/jpeg"}],"twitter_card":"summary_large_image","twitter_misc":{"Est. reading time":"5 minutes"},"schema":{"@context":"https:\/\/schema.org","@graph":[{"@type":"WebPage","@id":"https:\/\/www.capgemini.com\/br-pt\/configuracoes-de-cookies\/","url":"https:\/\/www.capgemini.com\/br-pt\/configuracoes-de-cookies\/","name":"Configura\u00e7\u00f5es de cookies - Capgemini Brasil","isPartOf":{"@id":"https:\/\/www.capgemini.com\/br-pt\/#website"},"datePublished":"2023-10-24T16:14:26+00:00","dateModified":"2025-03-26T03:21:06+00:00","description":"Entenda e gerencie suas prefer\u00eancias e configura\u00e7\u00f5es de cookies no site da Capgemini para uma navega\u00e7\u00e3o personalizada e segura.","breadcrumb":{"@id":"https:\/\/www.capgemini.com\/br-pt\/configuracoes-de-cookies\/#breadcrumb"},"inLanguage":"pt-BR","potentialAction":[{"@type":"ReadAction","target":["https:\/\/www.capgemini.com\/br-pt\/configuracoes-de-cookies\/"]}]},{"@type":"BreadcrumbList","@id":"https:\/\/www.capgemini.com\/br-pt\/configuracoes-de-cookies\/#breadcrumb","itemListElement":[{"@type":"ListItem","position":1,"name":"Home","item":"https:\/\/www.capgemini.com\/br-pt\/"},{"@type":"ListItem","position":2,"name":"Configura\u00e7\u00f5es de cookies"}]},{"@type":"WebSite","@id":"https:\/\/www.capgemini.com\/br-pt\/#website","url":"https:\/\/www.capgemini.com\/br-pt\/","name":"Capgemini Brasil","description":"Capgemini","potentialAction":[{"@type":"SearchAction","target":{"@type":"EntryPoint","urlTemplate":"https:\/\/www.capgemini.com\/br-pt\/?s={search_term_string}"},"query-input":"required name=search_term_string"}],"inLanguage":"pt-BR"}]}},"brand_term":[],"parsely":{"version":"1.1.0","canonical_url":"https:\/\/capgemini.com\/br-pt\/configuracoes-de-cookies\/","smart_links":{"inbound":0,"outbound":0},"traffic_boost_suggestions_count":0,"meta":{"@context":"https:\/\/schema.org","@type":"WebPage","headline":"Configura\u00e7\u00f5es de cookies","url":"https:\/\/www.capgemini.com\/br-pt\/configuracoes-de-cookies\/","mainEntityOfPage":{"@type":"WebPage","@id":"https:\/\/www.capgemini.com\/br-pt\/configuracoes-de-cookies\/"},"thumbnailUrl":"","image":{"@type":"ImageObject","url":""},"articleSection":"Uncategorized","author":[],"creator":[],"publisher":{"@type":"Organization","name":"Capgemini Brasil","logo":""},"keywords":[],"dateCreated":"2023-10-24T16:14:26Z","datePublished":"2023-10-24T16:14:26Z","dateModified":"2025-03-26T03:21:06Z"},"rendered":"<meta name=\"parsely-title\" content=\"Configura\u00e7\u00f5es de cookies\" \/>\n<meta name=\"parsely-link\" content=\"https:\/\/www.capgemini.com\/br-pt\/configuracoes-de-cookies\/\" \/>\n<meta name=\"parsely-type\" content=\"index\" \/>\n<meta name=\"parsely-pub-date\" content=\"2023-10-24T16:14:26Z\" \/>\n<meta name=\"parsely-section\" content=\"Uncategorized\" \/>","tracker_url":"https:\/\/cdn.parsely.com\/keys\/capgemini.com\/p.js"},"archive_status":false,"featured_image_src":"https:\/\/www.capgemini.com\/br-pt\/wp-content\/themes\/capgemini2025\/assets\/images\/mockup.png","featured_image_alt":false,"distributor_meta":false,"distributor_terms":false,"distributor_media":false,"distributor_original_site_name":"Capgemini Brasil","distributor_original_site_url":"https:\/\/www.capgemini.com\/br-pt","push-errors":false,"_links":{"self":[{"href":"https:\/\/www.capgemini.com\/br-pt\/wp-json\/wp\/v2\/pages\/629359","targetHints":{"allow":["GET"]}}],"collection":[{"href":"https:\/\/www.capgemini.com\/br-pt\/wp-json\/wp\/v2\/pages"}],"about":[{"href":"https:\/\/www.capgemini.com\/br-pt\/wp-json\/wp\/v2\/types\/page"}],"author":[{"embeddable":true,"href":"https:\/\/www.capgemini.com\/br-pt\/wp-json\/wp\/v2\/users\/35"}],"replies":[{"embeddable":true,"href":"https:\/\/www.capgemini.com\/br-pt\/wp-json\/wp\/v2\/comments?post=629359"}],"version-history":[{"count":14,"href":"https:\/\/www.capgemini.com\/br-pt\/wp-json\/wp\/v2\/pages\/629359\/revisions"}],"predecessor-version":[{"id":640160,"href":"https:\/\/www.capgemini.com\/br-pt\/wp-json\/wp\/v2\/pages\/629359\/revisions\/640160"}],"wp:attachment":[{"href":"https:\/\/www.capgemini.com\/br-pt\/wp-json\/wp\/v2\/media?parent=629359"}],"wp:term":[{"taxonomy":"brand","embeddable":true,"href":"https:\/\/www.capgemini.com\/br-pt\/wp-json\/wp\/v2\/brand?post=629359"},{"taxonomy":"partner_type","embeddable":true,"href":"https:\/\/www.capgemini.com\/br-pt\/wp-json\/wp\/v2\/partner_type?post=629359"},{"taxonomy":"service","embeddable":true,"href":"https:\/\/www.capgemini.com\/br-pt\/wp-json\/wp\/v2\/service?post=629359"},{"taxonomy":"industry","embeddable":true,"href":"https:\/\/www.capgemini.com\/br-pt\/wp-json\/wp\/v2\/industry?post=629359"},{"taxonomy":"partners","embeddable":true,"href":"https:\/\/www.capgemini.com\/br-pt\/wp-json\/wp\/v2\/partners?post=629359"},{"taxonomy":"page-type","embeddable":true,"href":"https:\/\/www.capgemini.com\/br-pt\/wp-json\/wp\/v2\/page-type?post=629359"},{"taxonomy":"content-group","embeddable":true,"href":"https:\/\/www.capgemini.com\/br-pt\/wp-json\/wp\/v2\/content-group?post=629359"}],"curies":[{"name":"wp","href":"https:\/\/api.w.org\/{rel}","templated":true}]}}