{"id":628570,"date":"2023-10-23T17:57:34","date_gmt":"2023-10-23T17:57:34","guid":{"rendered":"https:\/\/www.capgemini.com\/br-pt\/?page_id=628570&#038;preview_id=628570"},"modified":"2025-12-04T12:42:53","modified_gmt":"2025-12-04T12:42:53","slug":"cloud-com-aws","status":"publish","type":"page","link":"https:\/\/www.capgemini.com\/br-pt\/solutions\/cloud-com-aws\/","title":{"rendered":"Cloud com AWS"},"content":{"rendered":"\n<header class=\"wp-block-cg-blocks-hero-reusable header heroReusable  \"><div class=\"header-bgs\"><picture><source srcset=\"https:\/\/www.capgemini.com\/wp-content\/uploads\/2022\/03\/Capgemini_Cloud-with_AWS.jpg?w=2880&amp;quality=70 1x, https:\/\/www.capgemini.com\/wp-content\/uploads\/2022\/03\/Capgemini_Cloud-with_AWS.jpg?w=2880&amp;quality=70 2x\" media=\"(min-width: 1500px)\"\/><source srcset=\"https:\/\/www.capgemini.com\/wp-content\/uploads\/2022\/03\/Capgemini_Cloud-with_AWS.jpg?w=1440&amp;quality=70 1x, https:\/\/www.capgemini.com\/wp-content\/uploads\/2022\/03\/Capgemini_Cloud-with_AWS.jpg?w=2880&amp;quality=70 2x\" media=\"(min-width: 992px)\"\/><source srcset=\"https:\/\/www.capgemini.com\/wp-content\/uploads\/2022\/03\/Capgemini_Cloud-with_AWS.jpg?w=1024&amp;quality=70 1x, https:\/\/www.capgemini.com\/wp-content\/uploads\/2022\/03\/Capgemini_Cloud-with_AWS.jpg?w=1024&amp;quality=70 2x\" media=\"(min-width: 768px)\"\/><source srcset=\"https:\/\/www.capgemini.com\/wp-content\/uploads\/2022\/03\/Capgemini_Cloud-with_AWS.jpg?w=768&amp;quality=70 1x, https:\/\/www.capgemini.com\/wp-content\/uploads\/2022\/03\/Capgemini_Cloud-with_AWS.jpg?w=768&amp;quality=70 2x\" media=\"(min-width: 0)\"\/><img decoding=\"async\" src=\"https:\/\/www.capgemini.com\/wp-content\/uploads\/2022\/03\/Capgemini_Cloud-with_AWS.jpg\" class=\"header-img header-img-d\" alt=\"\" style=\"object-fit:cover;object-position:50% 81%\" loading=\"eager\"\/><\/picture><\/div><div class=\"heroPictureCardHeaderShape\"><\/div><div class=\"container\"><div class=\"row\"><div class=\"col-md-12\"><div class=\"box\"><div class=\"boxTagWrapper\"><div class=\"tagInfo\"><div><span class=\"box-tag\">Solu\u00e7\u00e3o<\/span><\/div><\/div><\/div><div class=\"box-title\"><h1 data-maxlength=\"34\">Cloud com AWS<\/h1><\/div><div class=\"inner-row-insight download-btn\"><\/div><\/div><\/div><\/div><\/div><\/header>\n\n\n\n<section class=\"wp-block-cg-blocks-intro-para undefined section section--intro\"><div class=\"intro-para\"><div class=\"container\"><div class=\"row\"><div class=\"col-12 col-md-1\"><nav class=\"article-social\"><ul class=\"social-nav\"><li class=\"ip-order-fb\"><a href=\"https:\/\/www.facebook.com\/sharer\/sharer.php?u=https:\/\/www.capgemini.com\/br-pt\/solutions\/cloud-com-aws\/\" target=\"_blank\" rel=\"noopener noreferrer\" title=\"opens in a new window\"><i aria-hidden=\"true\" class=\"icon-fb\"><\/i><span class=\"sr-only\">Facebook<\/span><\/a><\/li><li class=\"ip-order-li\"><a href=\"https:\/\/www.linkedin.com\/sharing\/share-offsite\/?url=https:\/\/www.capgemini.com\/br-pt\/solutions\/cloud-com-aws\/\" target=\"_blank\" rel=\"noopener noreferrer\" title=\"opens in a new window\"><i aria-hidden=\"true\" class=\"icon-li\"><\/i><span class=\"sr-only\">Linkedin<\/span><\/a><\/li><\/ul><\/nav><\/div><div class=\"col-12 col-md-11 col-lg-10\"><h2 class=\"intro-para-title\">Da estrat\u00e9gia \u00e0s migra\u00e7\u00f5es e \u00e0 moderniza\u00e7\u00e3o de aplicativos, transformamos seus neg\u00f3cios e otimizamos seu investimento na nuvem da AWS. Para isso, a Capgemini e a AWS, juntas, fornecem a experi\u00eancia em integra\u00e7\u00e3o necess\u00e1ria para criar o m\u00e1ximo de valor.<\/h2><p class=\"intro-para-content\">Uma empresa t\u00e3o exclusiva como a sua requer uma estrat\u00e9gia de nuvem igualmente exclusiva, \u00e1gil, econ\u00f4mica e sustent\u00e1vel. A migra\u00e7\u00e3o de um sistema legado para a nuvem \u00e9 apenas o come\u00e7o. <br><br>A profunda experi\u00eancia da Capgemini na plataforma de nuvem da AWS pode ajudar voc\u00ea a enxergar al\u00e9m desse projeto de migra\u00e7\u00e3o inicial.<br><br>Nossa miss\u00e3o \u00e9 ajudar voc\u00ea a extrair valor de sua estrat\u00e9gia de transforma\u00e7\u00e3o digital. Essa estrat\u00e9gia pode envolver o desenvolvimento de aplicativos nativos da nuvem, a moderniza\u00e7\u00e3o de aplicativos ou a infus\u00e3o de IA &#8211; permitindo que voc\u00ea tome decis\u00f5es informadas e orientadas por dados para melhorar seus processos de neg\u00f3cios e seu desempenho.<\/p><\/div><\/div><\/div><\/div><\/section>\n\n\n\n<section class=\"wp-block-cg-blocks-how-we-do-it section section--howwedoit block-howwedoit\"><div class=\"container\"><div><div class=\"content-title\"><h2 data-maxlength=\"72\" class=\"expandable-heading-tag\">O que fazemos<\/h2><\/div><p><\/p><\/div><div class=\"section-content\">\n<div class=\"wp-block-cg-blocks-card-howwedoit expanders\"><div class=\"box card-regulated-agreements card-howwedoit\"><div class=\"expander-box filter-box tag-active \"><div class=\"expander-title\" tabindex=\"0\" role=\"button\" aria-pressed=\"false\" aria-expanded=\"false\"><h3 class=\"expander-heading-title\">Migra\u00e7\u00e3o de cargas de trabalho para a nuvem<\/h3><\/div><div class=\"expander-content\"><p>Nossa metodologia industrializada e robusta para a migra\u00e7\u00e3o de cargas de trabalho para a nuvem proporciona um r\u00e1pido retorno do investimento. Asseguramos que a arquitetura de nuvem e o padr\u00e3o de migra\u00e7\u00e3o estejam alinhados \u00e0s suas ambi\u00e7\u00f5es de nuvem, enquanto os m\u00e9todos industriais, as ferramentas e a automa\u00e7\u00e3o promovem uma migra\u00e7\u00e3o de alta qualidade e econ\u00f4mica.<\/p><div class=\"bg-color video-align-right\"><div class=\"container\"><div class=\"row video-align-left\"><div class=\"col-md-12\"><div class=\"video-align-left row box box--4 box--mini\"><div class=\"col-md-3\"><\/div><div class=\"col-md-8 box-img-wrapper\"><div class=\"video-box\"><\/div><\/div><\/div><\/div><\/div><\/div><\/div><div class=\"content-more\"><\/div><\/div><\/div><\/div><\/div>\n\n\n\n<div class=\"wp-block-cg-blocks-card-howwedoit expanders\"><div class=\"box card-regulated-agreements card-howwedoit\"><div class=\"expander-box filter-box tag-active \"><div class=\"expander-title\" tabindex=\"0\" role=\"button\" aria-pressed=\"false\" aria-expanded=\"false\"><h3 class=\"expander-heading-title\">Migra\u00e7\u00e3o SAP no AWS<\/h3><\/div><div class=\"expander-content\"><p>A Capgemini desenvolveu uma biblioteca exclusiva de microsservi\u00e7os otimizados chamada Digital Cloud Platform (DCP). A DCP inclui um conjunto de ofertas e aceleradores prontos para a migra\u00e7\u00e3o do SAP para o AWS, que eliminar\u00e3o as suposi\u00e7\u00f5es e a complexidade de sua jornada na nuvem.<\/p><div class=\"bg-color video-align-right\"><div class=\"container\"><div class=\"row video-align-left\"><div class=\"col-md-12\"><div class=\"video-align-left row box box--4 box--mini\"><div class=\"col-md-3\"><\/div><div class=\"col-md-8 box-img-wrapper\"><div class=\"video-box\"><\/div><\/div><\/div><\/div><\/div><\/div><\/div><div class=\"content-more\"><\/div><\/div><\/div><\/div><\/div>\n\n\n\n<div class=\"wp-block-cg-blocks-card-howwedoit expanders\"><div class=\"box card-regulated-agreements card-howwedoit\"><div class=\"expander-box filter-box tag-active \"><div class=\"expander-title\" tabindex=\"0\" role=\"button\" aria-pressed=\"false\" aria-expanded=\"false\"><h3 class=\"expander-heading-title\">Gerenciamento de portf\u00f3lio de aplicativos econ\u00f4micos (eAPM) no AWS<\/h3><\/div><div class=\"expander-content\"><p>Assuma o controle da sua jornada de mudan\u00e7a para o AWS. Ao integrar o cat\u00e1logo de pre\u00e7os da AWS, o eAPM garante a sua migra\u00e7\u00e3o para a AWS fornecendo um plano de projeto juntamente com um caso de neg\u00f3cios baseado em fatos, incluindo o custo de execu\u00e7\u00e3o desejado e um relat\u00f3rio personalizado de avalia\u00e7\u00e3o p\u00f3s-nuvem para uma migra\u00e7\u00e3o acelerada.<\/p><div class=\"bg-color video-align-right\"><div class=\"container\"><div class=\"row video-align-left\"><div class=\"col-md-12\"><div class=\"video-align-left row box box--4 box--mini\"><div class=\"col-md-3\"><\/div><div class=\"col-md-8 box-img-wrapper\"><div class=\"video-box\"><\/div><\/div><\/div><\/div><\/div><\/div><\/div><div class=\"content-more\"><\/div><\/div><\/div><\/div><\/div>\n\n\n\n<div class=\"wp-block-cg-blocks-card-howwedoit expanders\"><div class=\"box card-regulated-agreements card-howwedoit\"><div class=\"expander-box filter-box tag-active \"><div class=\"expander-title\" tabindex=\"0\" role=\"button\" aria-pressed=\"false\" aria-expanded=\"false\"><h3 class=\"expander-heading-title\">Migra\u00e7\u00e3o de dados<\/h3><\/div><div class=\"expander-content\"><p>Integramos processos, ferramentas e solu\u00e7\u00f5es inovadores para ajud\u00e1-lo a garantir que sua migra\u00e7\u00e3o de dados seja realizada de forma r\u00e1pida e eficaz. Usamos nossa f\u00e1brica de migra\u00e7\u00e3o de dados industrializada para combinar a migra\u00e7\u00e3o de dados com uma estrat\u00e9gia de arquivamento eficaz.<\/p><div class=\"bg-color video-align-right\"><div class=\"container\"><div class=\"row video-align-left\"><div class=\"col-md-12\"><div class=\"video-align-left row box box--4 box--mini\"><div class=\"col-md-3\"><\/div><div class=\"col-md-8 box-img-wrapper\"><div class=\"video-box\"><\/div><\/div><\/div><\/div><\/div><\/div><\/div><div class=\"content-more\"><\/div><\/div><\/div><\/div><\/div>\n<\/div><\/div><\/section>\n","protected":false},"excerpt":{"rendered":"","protected":false},"author":151,"featured_media":0,"parent":0,"menu_order":0,"comment_status":"closed","ping_status":"closed","template":"","meta":{"cg_dt_proposed_to":[],"cg_seo_hreflang_relations":"[]","cg_seo_canonical_relation":"","cg_seo_hreflang_x_default_relation":"{\"uuid\":\"5b257a57-a2a4-43b8-b4fb-a599d4c6d5c9\",\"blogId\":\"\",\"domain\":\"\",\"sitePath\":\"\",\"postLink\":\"\",\"postId\":null,\"isSaved\":true,\"isCrossLink\":false,\"hasCrossLink\":false}","cg_dt_approved_content":true,"cg_dt_mandatory_content":false,"cg_dt_notes":"","cg_dg_source_changed":true,"cg_dt_link_disabled":false,"_yoast_wpseo_primary_brand":"","footnotes":"","featured_focal_points":"","partner_card_description":"","gsap_animation":0},"brand":[],"partner_type":[],"service":[49],"industry":[],"partners":[],"page-type":[64],"content-group":[],"class_list":["post-628570","page","type-page","status-publish","hentry","service-cloud","page-type-solucoes"],"yoast_head":"<!-- This site is optimized with the Yoast SEO Premium plugin v22.8 (Yoast SEO v22.8) - https:\/\/yoast.com\/wordpress\/plugins\/seo\/ -->\n<title>Cloud com AWS - Capgemini Brasil<\/title>\n<meta name=\"description\" content=\"Descubra como a parceria de Cloud entre a Capgemini e a AWS pode maximizar o valor da sua jornada para a nuvem, oferecendo expertise em integra\u00e7\u00e3o.\" \/>\n<meta name=\"robots\" content=\"index, follow, max-snippet:-1, max-image-preview:large, max-video-preview:-1\" \/>\n<link rel=\"canonical\" href=\"https:\/\/www.capgemini.com\/br-pt\/solutions\/cloud-com-aws\/\" \/>\n<meta property=\"og:locale\" content=\"pt_BR\" \/>\n<meta property=\"og:type\" content=\"article\" \/>\n<meta property=\"og:title\" content=\"Cloud com AWS\" \/>\n<meta property=\"og:description\" content=\"Descubra como a parceria de Cloud entre a Capgemini e a AWS pode maximizar o valor da sua jornada para a nuvem, oferecendo expertise em integra\u00e7\u00e3o.\" \/>\n<meta property=\"og:url\" content=\"https:\/\/www.capgemini.com\/br-pt\/solutions\/cloud-com-aws\/\" \/>\n<meta property=\"og:site_name\" content=\"Capgemini Brasil\" \/>\n<meta property=\"article:modified_time\" content=\"2025-12-04T12:42:53+00:00\" \/>\n<meta property=\"og:image\" content=\"https:\/\/www.capgemini.com\/wp-content\/uploads\/2022\/03\/Capgemini_Cloud-with_AWS.jpg\" \/>\n<meta name=\"twitter:card\" content=\"summary_large_image\" \/>\n<script type=\"application\/ld+json\" class=\"yoast-schema-graph\">{\"@context\":\"https:\/\/schema.org\",\"@graph\":[{\"@type\":\"WebPage\",\"@id\":\"https:\/\/www.capgemini.com\/br-pt\/solutions\/cloud-com-aws\/\",\"url\":\"https:\/\/www.capgemini.com\/br-pt\/solutions\/cloud-com-aws\/\",\"name\":\"Cloud com AWS - Capgemini Brasil\",\"isPartOf\":{\"@id\":\"https:\/\/www.capgemini.com\/br-pt\/#website\"},\"primaryImageOfPage\":{\"@id\":\"https:\/\/www.capgemini.com\/br-pt\/solutions\/cloud-com-aws\/#primaryimage\"},\"image\":{\"@id\":\"https:\/\/www.capgemini.com\/br-pt\/solutions\/cloud-com-aws\/#primaryimage\"},\"thumbnailUrl\":\"https:\/\/www.capgemini.com\/wp-content\/uploads\/2022\/03\/Capgemini_Cloud-with_AWS.jpg\",\"datePublished\":\"2023-10-23T17:57:34+00:00\",\"dateModified\":\"2025-12-04T12:42:53+00:00\",\"description\":\"Descubra como a parceria de Cloud entre a Capgemini e a AWS pode maximizar o valor da sua jornada para a nuvem, oferecendo expertise em integra\u00e7\u00e3o.\",\"breadcrumb\":{\"@id\":\"https:\/\/www.capgemini.com\/br-pt\/solutions\/cloud-com-aws\/#breadcrumb\"},\"inLanguage\":\"pt-BR\",\"potentialAction\":[{\"@type\":\"ReadAction\",\"target\":[\"https:\/\/www.capgemini.com\/br-pt\/solutions\/cloud-com-aws\/\"]}]},{\"@type\":\"ImageObject\",\"inLanguage\":\"pt-BR\",\"@id\":\"https:\/\/www.capgemini.com\/br-pt\/solutions\/cloud-com-aws\/#primaryimage\",\"url\":\"https:\/\/www.capgemini.com\/wp-content\/uploads\/2022\/03\/Capgemini_Cloud-with_AWS.jpg\",\"contentUrl\":\"https:\/\/www.capgemini.com\/wp-content\/uploads\/2022\/03\/Capgemini_Cloud-with_AWS.jpg\"},{\"@type\":\"BreadcrumbList\",\"@id\":\"https:\/\/www.capgemini.com\/br-pt\/solutions\/cloud-com-aws\/#breadcrumb\",\"itemListElement\":[{\"@type\":\"ListItem\",\"position\":1,\"name\":\"Home\",\"item\":\"https:\/\/www.capgemini.com\/br-pt\/\"},{\"@type\":\"ListItem\",\"position\":2,\"name\":\"Cloud com AWS\"}]},{\"@type\":\"WebSite\",\"@id\":\"https:\/\/www.capgemini.com\/br-pt\/#website\",\"url\":\"https:\/\/www.capgemini.com\/br-pt\/\",\"name\":\"Capgemini Brasil\",\"description\":\"Capgemini\",\"potentialAction\":[{\"@type\":\"SearchAction\",\"target\":{\"@type\":\"EntryPoint\",\"urlTemplate\":\"https:\/\/www.capgemini.com\/br-pt\/?s={search_term_string}\"},\"query-input\":\"required name=search_term_string\"}],\"inLanguage\":\"pt-BR\"}]}<\/script>\n<!-- \/ Yoast SEO Premium plugin. -->","yoast_head_json":{"title":"Cloud com AWS - Capgemini Brasil","description":"Descubra como a parceria de Cloud entre a Capgemini e a AWS pode maximizar o valor da sua jornada para a nuvem, oferecendo expertise em integra\u00e7\u00e3o.","robots":{"index":"index","follow":"follow","max-snippet":"max-snippet:-1","max-image-preview":"max-image-preview:large","max-video-preview":"max-video-preview:-1"},"canonical":"https:\/\/www.capgemini.com\/br-pt\/solutions\/cloud-com-aws\/","og_locale":"pt_BR","og_type":"article","og_title":"Cloud com AWS","og_description":"Descubra como a parceria de Cloud entre a Capgemini e a AWS pode maximizar o valor da sua jornada para a nuvem, oferecendo expertise em integra\u00e7\u00e3o.","og_url":"https:\/\/www.capgemini.com\/br-pt\/solutions\/cloud-com-aws\/","og_site_name":"Capgemini Brasil","article_modified_time":"2025-12-04T12:42:53+00:00","og_image":[{"url":"https:\/\/www.capgemini.com\/wp-content\/uploads\/2022\/03\/Capgemini_Cloud-with_AWS.jpg"}],"twitter_card":"summary_large_image","schema":{"@context":"https:\/\/schema.org","@graph":[{"@type":"WebPage","@id":"https:\/\/www.capgemini.com\/br-pt\/solutions\/cloud-com-aws\/","url":"https:\/\/www.capgemini.com\/br-pt\/solutions\/cloud-com-aws\/","name":"Cloud com AWS - Capgemini Brasil","isPartOf":{"@id":"https:\/\/www.capgemini.com\/br-pt\/#website"},"primaryImageOfPage":{"@id":"https:\/\/www.capgemini.com\/br-pt\/solutions\/cloud-com-aws\/#primaryimage"},"image":{"@id":"https:\/\/www.capgemini.com\/br-pt\/solutions\/cloud-com-aws\/#primaryimage"},"thumbnailUrl":"https:\/\/www.capgemini.com\/wp-content\/uploads\/2022\/03\/Capgemini_Cloud-with_AWS.jpg","datePublished":"2023-10-23T17:57:34+00:00","dateModified":"2025-12-04T12:42:53+00:00","description":"Descubra como a parceria de Cloud entre a Capgemini e a AWS pode maximizar o valor da sua jornada para a nuvem, oferecendo expertise em integra\u00e7\u00e3o.","breadcrumb":{"@id":"https:\/\/www.capgemini.com\/br-pt\/solutions\/cloud-com-aws\/#breadcrumb"},"inLanguage":"pt-BR","potentialAction":[{"@type":"ReadAction","target":["https:\/\/www.capgemini.com\/br-pt\/solutions\/cloud-com-aws\/"]}]},{"@type":"ImageObject","inLanguage":"pt-BR","@id":"https:\/\/www.capgemini.com\/br-pt\/solutions\/cloud-com-aws\/#primaryimage","url":"https:\/\/www.capgemini.com\/wp-content\/uploads\/2022\/03\/Capgemini_Cloud-with_AWS.jpg","contentUrl":"https:\/\/www.capgemini.com\/wp-content\/uploads\/2022\/03\/Capgemini_Cloud-with_AWS.jpg"},{"@type":"BreadcrumbList","@id":"https:\/\/www.capgemini.com\/br-pt\/solutions\/cloud-com-aws\/#breadcrumb","itemListElement":[{"@type":"ListItem","position":1,"name":"Home","item":"https:\/\/www.capgemini.com\/br-pt\/"},{"@type":"ListItem","position":2,"name":"Cloud com AWS"}]},{"@type":"WebSite","@id":"https:\/\/www.capgemini.com\/br-pt\/#website","url":"https:\/\/www.capgemini.com\/br-pt\/","name":"Capgemini Brasil","description":"Capgemini","potentialAction":[{"@type":"SearchAction","target":{"@type":"EntryPoint","urlTemplate":"https:\/\/www.capgemini.com\/br-pt\/?s={search_term_string}"},"query-input":"required name=search_term_string"}],"inLanguage":"pt-BR"}]}},"brand_term":[],"parsely":{"version":"1.1.0","canonical_url":"https:\/\/capgemini.com\/br-pt\/solutions\/cloud-com-aws\/","smart_links":{"inbound":0,"outbound":0},"traffic_boost_suggestions_count":0,"meta":{"@context":"https:\/\/schema.org","@type":"WebPage","headline":"Cloud com AWS","url":"https:\/\/www.capgemini.com\/br-pt\/solutions\/cloud-com-aws\/","mainEntityOfPage":{"@type":"WebPage","@id":"https:\/\/www.capgemini.com\/br-pt\/solutions\/cloud-com-aws\/"},"thumbnailUrl":"","image":{"@type":"ImageObject","url":""},"articleSection":"Uncategorized","author":[],"creator":[],"publisher":{"@type":"Organization","name":"Capgemini Brasil","logo":""},"keywords":[],"dateCreated":"2023-10-23T17:57:34Z","datePublished":"2023-10-23T17:57:34Z","dateModified":"2025-12-04T12:42:53Z"},"rendered":"<meta name=\"parsely-title\" content=\"Cloud com AWS\" \/>\n<meta name=\"parsely-link\" content=\"https:\/\/www.capgemini.com\/br-pt\/solutions\/cloud-com-aws\/\" \/>\n<meta name=\"parsely-type\" content=\"index\" \/>\n<meta name=\"parsely-pub-date\" content=\"2023-10-23T17:57:34Z\" \/>\n<meta name=\"parsely-section\" content=\"Uncategorized\" \/>","tracker_url":"https:\/\/cdn.parsely.com\/keys\/capgemini.com\/p.js"},"archive_status":false,"featured_image_src":"https:\/\/www.capgemini.com\/br-pt\/wp-content\/themes\/capgemini2025\/assets\/images\/mockup.png","featured_image_alt":false,"distributor_meta":false,"distributor_terms":false,"distributor_media":false,"distributor_original_site_name":"Capgemini Brasil","distributor_original_site_url":"https:\/\/www.capgemini.com\/br-pt","push-errors":false,"_links":{"self":[{"href":"https:\/\/www.capgemini.com\/br-pt\/wp-json\/wp\/v2\/pages\/628570","targetHints":{"allow":["GET"]}}],"collection":[{"href":"https:\/\/www.capgemini.com\/br-pt\/wp-json\/wp\/v2\/pages"}],"about":[{"href":"https:\/\/www.capgemini.com\/br-pt\/wp-json\/wp\/v2\/types\/page"}],"author":[{"embeddable":true,"href":"https:\/\/www.capgemini.com\/br-pt\/wp-json\/wp\/v2\/users\/151"}],"replies":[{"embeddable":true,"href":"https:\/\/www.capgemini.com\/br-pt\/wp-json\/wp\/v2\/comments?post=628570"}],"version-history":[{"count":10,"href":"https:\/\/www.capgemini.com\/br-pt\/wp-json\/wp\/v2\/pages\/628570\/revisions"}],"predecessor-version":[{"id":644775,"href":"https:\/\/www.capgemini.com\/br-pt\/wp-json\/wp\/v2\/pages\/628570\/revisions\/644775"}],"wp:attachment":[{"href":"https:\/\/www.capgemini.com\/br-pt\/wp-json\/wp\/v2\/media?parent=628570"}],"wp:term":[{"taxonomy":"brand","embeddable":true,"href":"https:\/\/www.capgemini.com\/br-pt\/wp-json\/wp\/v2\/brand?post=628570"},{"taxonomy":"partner_type","embeddable":true,"href":"https:\/\/www.capgemini.com\/br-pt\/wp-json\/wp\/v2\/partner_type?post=628570"},{"taxonomy":"service","embeddable":true,"href":"https:\/\/www.capgemini.com\/br-pt\/wp-json\/wp\/v2\/service?post=628570"},{"taxonomy":"industry","embeddable":true,"href":"https:\/\/www.capgemini.com\/br-pt\/wp-json\/wp\/v2\/industry?post=628570"},{"taxonomy":"partners","embeddable":true,"href":"https:\/\/www.capgemini.com\/br-pt\/wp-json\/wp\/v2\/partners?post=628570"},{"taxonomy":"page-type","embeddable":true,"href":"https:\/\/www.capgemini.com\/br-pt\/wp-json\/wp\/v2\/page-type?post=628570"},{"taxonomy":"content-group","embeddable":true,"href":"https:\/\/www.capgemini.com\/br-pt\/wp-json\/wp\/v2\/content-group?post=628570"}],"curies":[{"name":"wp","href":"https:\/\/api.w.org\/{rel}","templated":true}]}}