{"id":628550,"date":"2022-03-09T05:18:05","date_gmt":"2023-10-13T13:01:16","guid":{"rendered":"https:\/\/www.capgemini.com\/br-pt\/?page_id=628550&#038;preview_id=628550"},"modified":"2025-10-28T11:22:20","modified_gmt":"2025-10-28T11:22:20","slug":"manufatura","status":"publish","type":"page","link":"https:\/\/www.capgemini.com\/br-pt\/industrias\/manufatura\/","title":{"rendered":"Manufatura"},"content":{"rendered":"\n<div class=\"wp-block-cg-blocks-hero-picture-card undefined  heroPictureCard\"><div class=\"heroPictureCardBgs\"><picture><source srcset=\"https:\/\/www.capgemini.com\/wp-content\/uploads\/2021\/03\/Capgemini-Industries-hero-banner.jpg?w=2880&amp;quality=70 1x, https:\/\/www.capgemini.com\/wp-content\/uploads\/2021\/03\/Capgemini-Industries-hero-banner.jpg?w=2880&amp;quality=70 2x\" media=\"(min-width: 1500px)\"\/><source srcset=\"https:\/\/www.capgemini.com\/wp-content\/uploads\/2021\/03\/Capgemini-Industries-hero-banner.jpg?w=1440&amp;quality=70 1x, https:\/\/www.capgemini.com\/wp-content\/uploads\/2021\/03\/Capgemini-Industries-hero-banner.jpg?w=2880&amp;quality=70 2x\" media=\"(min-width: 992px)\"\/><source srcset=\"https:\/\/www.capgemini.com\/wp-content\/uploads\/2021\/03\/Capgemini-Industries-hero-banner.jpg?w=1024&amp;quality=70 1x, https:\/\/www.capgemini.com\/wp-content\/uploads\/2021\/03\/Capgemini-Industries-hero-banner.jpg?w=1024&amp;quality=70 2x\" media=\"(min-width: 768px)\"\/><source srcset=\"https:\/\/www.capgemini.com\/wp-content\/uploads\/2021\/03\/Capgemini-Industries-hero-banner.jpg?w=768&amp;quality=70 1x, https:\/\/www.capgemini.com\/wp-content\/uploads\/2021\/03\/Capgemini-Industries-hero-banner.jpg?w=768&amp;quality=70 2x\" media=\"(min-width: 0)\"\/><img decoding=\"async\" src=\"https:\/\/www.capgemini.com\/wp-content\/uploads\/2021\/03\/Capgemini-Industries-hero-banner.jpg\" class=\"desktopImage\" alt=\"\" style=\"object-fit:cover;object-position:50% 45%\" loading=\"eager\"\/><\/picture><picture><source srcset=\"https:\/\/www.capgemini.com\/wp-content\/uploads\/2021\/03\/Capgemini-Industries-hero-banner.jpg?w=2880&amp;quality=70 1x, https:\/\/www.capgemini.com\/wp-content\/uploads\/2021\/03\/Capgemini-Industries-hero-banner.jpg?w=2880&amp;quality=70 2x\" media=\"(min-width: 1500px)\"\/><source srcset=\"https:\/\/www.capgemini.com\/wp-content\/uploads\/2021\/03\/Capgemini-Industries-hero-banner.jpg?w=1440&amp;quality=70 1x, https:\/\/www.capgemini.com\/wp-content\/uploads\/2021\/03\/Capgemini-Industries-hero-banner.jpg?w=2880&amp;quality=70 2x\" media=\"(min-width: 992px)\"\/><source srcset=\"https:\/\/www.capgemini.com\/wp-content\/uploads\/2021\/03\/Capgemini-Industries-hero-banner.jpg?w=1024&amp;quality=70 1x, https:\/\/www.capgemini.com\/wp-content\/uploads\/2021\/03\/Capgemini-Industries-hero-banner.jpg?w=1024&amp;quality=70 2x\" media=\"(min-width: 768px)\"\/><source srcset=\"https:\/\/www.capgemini.com\/wp-content\/uploads\/2021\/03\/Capgemini-Industries-hero-banner.jpg?w=768&amp;quality=70 1x, https:\/\/www.capgemini.com\/wp-content\/uploads\/2021\/03\/Capgemini-Industries-hero-banner.jpg?w=768&amp;quality=70 2x\" media=\"(min-width: 0)\"\/><img decoding=\"async\" src=\"https:\/\/www.capgemini.com\/wp-content\/uploads\/2021\/03\/Capgemini-Industries-hero-banner.jpg\" class=\"mobileImage\" alt=\"\" style=\"object-fit:cover;object-position:50% 45%\" loading=\"eager\"\/><\/picture><\/div><div class=\"heroPictureCardHeaderShape\"><\/div><div class=\"container\"><div class=\"row\"><div class=\"col-md-8 col-lg-6\"><div class=\"heroPictureCardBox\"><div class=\"heroPictureCardBoxTitle\"><h1 data-maxlength=\"144\">Manufatura<\/h1><\/div><\/div><\/div><\/div><\/div><div class=\"small-device\"><div class=\"brandLogoWrapper\"> <\/div><\/div><\/div>\n\n\n\n<section class=\"wp-block-cg-blocks-intro-para undefined section section--intro\"><div class=\"intro-para\"><div class=\"container\"><div class=\"row\"><div class=\"col-12 col-md-1\"><nav class=\"article-social\"><ul class=\"social-nav\"><li class=\"ip-order-fb\"><a href=\"https:\/\/www.facebook.com\/sharer\/sharer.php?u=https:\/\/www.capgemini.com\/br-pt\/industrias\/manufatura\/\" target=\"_blank\" rel=\"noopener noreferrer\" title=\"opens in a new window\"><i aria-hidden=\"true\" class=\"icon-fb\"><\/i><span class=\"sr-only\">Facebook<\/span><\/a><\/li><li class=\"ip-order-li\"><a href=\"https:\/\/www.linkedin.com\/sharing\/share-offsite\/?url=https:\/\/www.capgemini.com\/br-pt\/industrias\/manufatura\/\" target=\"_blank\" rel=\"noopener noreferrer\" title=\"opens in a new window\"><i aria-hidden=\"true\" class=\"icon-li\"><\/i><span class=\"sr-only\">Linkedin<\/span><\/a><\/li><\/ul><\/nav><\/div><div class=\"col-12 col-md-11 col-lg-10\"><h2 class=\"intro-para-title\">Inteligente, orientado por insights e sustent\u00e1vel &#8211; uma nova era para a manufatura.<\/h2><p class=\"intro-para-content\">A nova era da manufatura chegou. Independentemente de sua organiza\u00e7\u00e3o estar focada em manufatura discreta ou de processos, os fabricantes precisam se adaptar rapidamente em resposta \u00e0s mudan\u00e7as nas demandas do mercado e \u00e0 inova\u00e7\u00e3o tecnol\u00f3gica, ao mesmo tempo em que equilibram opera\u00e7\u00f5es eficientes e sustent\u00e1veis.<br><br>Juntos, fazemos parcerias com nossos clientes para conectar a tecnologia digital com a engenharia de dispositivos, ve\u00edculos e equipamentos complexos, para desenvolver e oferecer uma experi\u00eancia de fabrica\u00e7\u00e3o mais inteligente para seus neg\u00f3cios.<\/p><\/div><\/div><\/div><\/div><\/section>\n\n\n\n<section class=\"wp-block-cg-blocks-learn-more updated-new-sample-amal learnMoreBlock\"><div class=\"container\"><div class=\"content-title\"><h2 class=\"learnmore-heading\">Nossas \u00e1reas de foco<\/h2><\/div><div class=\"content-title\"><p class=\"blockDesc\">Ajudamos nossos clientes do setor de manufatura a se adaptarem em um mundo em r\u00e1pida mudan\u00e7a com servi\u00e7os especializados nas seguintes \u00e1reas:<\/p><\/div><div class=\"row\"><div class=\"col-md-4\"><div class=\"box\"><div class=\"box-wrapper\"><a class=\"box-title\" href=\"\/industries\/aerospace-and-defense\/\" target=\"\" aria-label=\"Aeroespacial e defesa\" rel=\"noopener noreferrer\"><div class=\"box-img-wrapper\"><img decoding=\"async\" src=\"https:\/\/www.capgemini.com\/wp-content\/uploads\/2021\/09\/Capgemini_Client-stories_HELPING-A-GLOBAL-AEROSPACE-MANUFACTURER-TAKE-OFF.jpg?w=500&amp;quality=70\" srcset=\"https:\/\/www.capgemini.com\/wp-content\/uploads\/2021\/09\/Capgemini_Client-stories_HELPING-A-GLOBAL-AEROSPACE-MANUFACTURER-TAKE-OFF.jpg?w=500&amp;quality=70 1x, https:\/\/www.capgemini.com\/wp-content\/uploads\/2021\/09\/Capgemini_Client-stories_HELPING-A-GLOBAL-AEROSPACE-MANUFACTURER-TAKE-OFF.jpg?w=1000&amp;quality=70 2x\" class=\"box-img\" alt=\"\" style=\"object-fit:cover;object-position:50% 50%\" loading=\"lazy\"\/><\/div><h3 class=\"titleWithoutLink_learnMore\">Aeroespacial e defesa<\/h3><\/a><\/div><\/div><div class=\"box-inner\"><p class=\"box-desc\">Os setores aeroespacial e de defesa sofreram atrasos e, em alguns casos, foram significativamente prejudicados pela pandemia global. Com o retorno vari\u00e1vel e inconsistente das viagens a\u00e9reas na era p\u00f3s-pandemia, eles est\u00e3o se preparando para o futuro.<\/p><\/div><\/div><div class=\"col-md-4\"><div class=\"box\"><div class=\"box-wrapper\"><a class=\"box-title\" href=\"https:\/\/www.capgemini.com\/br-pt\/industrias\/automotivo\/\" target=\"\" aria-label=\"Automotivo\" rel=\"noopener noreferrer\"><div class=\"box-img-wrapper\"><img decoding=\"async\" src=\"https:\/\/www.capgemini.com\/wp-content\/uploads\/2020\/04\/Capgemini_Research_COVID-19-AND-THE-AUTOMOTIVE-CONSUMER.jpg?w=500&amp;quality=70\" srcset=\"https:\/\/www.capgemini.com\/wp-content\/uploads\/2020\/04\/Capgemini_Research_COVID-19-AND-THE-AUTOMOTIVE-CONSUMER.jpg?w=500&amp;quality=70 1x, https:\/\/www.capgemini.com\/wp-content\/uploads\/2020\/04\/Capgemini_Research_COVID-19-AND-THE-AUTOMOTIVE-CONSUMER.jpg?w=1000&amp;quality=70 2x\" class=\"box-img\" alt=\"\" style=\"object-fit:cover;object-position:50% 50%\" loading=\"lazy\"\/><\/div><h3 class=\"titleWithoutLink_learnMore\">Automotivo<\/h3><\/a><\/div><\/div><div class=\"box-inner\"><p class=\"box-desc\">As mudan\u00e7as no comportamento e nas expectativas dos clientes, as novas regulamenta\u00e7\u00f5es, a digitaliza\u00e7\u00e3o e a press\u00e3o da sociedade pela sustentabilidade introduziram uma s\u00e9rie de prioridades novas e, \u00e0s vezes, concorrentes para as empresas automotivas.<\/p><\/div><\/div><div class=\"col-md-4\"><div class=\"box\"><div class=\"box-wrapper\"><a class=\"box-title\" href=\"https:\/\/www.capgemini.com\/industries\/manufacturing\/semiconductor\/\" target=\"\" aria-label=\"Semiconductor\" rel=\"noopener noreferrer\"><div class=\"box-img-wrapper\"><img decoding=\"async\" src=\"https:\/\/www.capgemini.com\/wp-content\/uploads\/2022\/11\/Capgemini_Semiconductors.jpg?w=500&amp;quality=70\" srcset=\"https:\/\/www.capgemini.com\/wp-content\/uploads\/2022\/11\/Capgemini_Semiconductors.jpg?w=500&amp;quality=70 1x, https:\/\/www.capgemini.com\/wp-content\/uploads\/2022\/11\/Capgemini_Semiconductors.jpg?w=1000&amp;quality=70 2x\" class=\"box-img\" alt=\"\" style=\"object-fit:cover;object-position:50% 50%\" loading=\"lazy\"\/><\/div><h3 class=\"titleWithoutLink_learnMore\">Semiconductor<\/h3><\/a><\/div><\/div><div class=\"box-inner\"><p class=\"box-desc\">A Capgemini Engineering \u00e9 a l\u00edder global em servi\u00e7os de ER&amp;D de design de sil\u00edcio, aproveitando mais de 16 anos de experi\u00eancia no setor para ajudar as empresas de semicondutores a colocar os CIs no mercado.<\/p><\/div><\/div><div class=\"col-md-4\"><div class=\"box\"><div class=\"box-wrapper\"><a class=\"box-title\" href=\"\/br-pt\/industrias\/life-sciences\/\" target=\"\" aria-label=\"Life Sciences\" rel=\"noopener noreferrer\"><div class=\"box-img-wrapper\"><img decoding=\"async\" src=\"https:\/\/www.capgemini.com\/wp-content\/uploads\/2021\/01\/hero-life-d.png?w=500&amp;quality=70\" srcset=\"https:\/\/www.capgemini.com\/wp-content\/uploads\/2021\/01\/hero-life-d.png?w=500&amp;quality=70 1x, https:\/\/www.capgemini.com\/wp-content\/uploads\/2021\/01\/hero-life-d.png?w=1000&amp;quality=70 2x\" class=\"box-img\" alt=\"\" style=\"object-fit:cover;object-position:50% 50%\" loading=\"lazy\"\/><\/div><h3 class=\"titleWithoutLink_learnMore\">Life Sciences<\/h3><\/a><\/div><\/div><div class=\"box-inner\"><p class=\"box-desc\">As organiza\u00e7\u00f5es de ci\u00eancias biol\u00f3gicas enfrentam um desafio comum: acelerar o tempo de atendimento &#8211; exponencialmente e em escala. Para cumprir essa meta, o setor deve ir al\u00e9m da simples otimiza\u00e7\u00e3o de processos e de mudan\u00e7as incrementais e, em vez disso, adotar uma vis\u00e3o ousada do futuro.\u202f<\/p><\/div><\/div><div class=\"col-md-4\"><div class=\"box\"><div class=\"box-wrapper\"><a class=\"box-title\" href=\"\/br-pt\/industrias\/manufacturing\/manufatura-industrial\/\" target=\"\" aria-label=\"Manufatura industrial\" rel=\"noopener noreferrer\"><div class=\"box-img-wrapper\"><img decoding=\"async\" src=\"https:\/\/www.capgemini.com\/wp-content\/uploads\/2022\/10\/Capgemini_industrial-manufacturing.jpg?w=500&amp;quality=70\" srcset=\"https:\/\/www.capgemini.com\/wp-content\/uploads\/2022\/10\/Capgemini_industrial-manufacturing.jpg?w=500&amp;quality=70 1x, https:\/\/www.capgemini.com\/wp-content\/uploads\/2022\/10\/Capgemini_industrial-manufacturing.jpg?w=1000&amp;quality=70 2x\" class=\"box-img\" alt=\"\" style=\"object-fit:cover;object-position:50% 50%\" loading=\"lazy\"\/><\/div><h3 class=\"titleWithoutLink_learnMore\">Manufatura industrial<\/h3><\/a><\/div><\/div><div class=\"box-inner\"><p class=\"box-desc\">Estamos em uma posi\u00e7\u00e3o \u00fanica para apoiar o setor de manufatura industrial a se manter competitivo e inovador.<\/p><\/div><\/div><div class=\"col-md-4\"><div class=\"box\"><div class=\"box-wrapper\"><a class=\"box-title\" href=\"https:\/\/www.capgemini.com\/industries\/railway\/\" target=\"\" aria-label=\"Infraestrutura e transporte ferrovi\u00e1rio\" rel=\"noopener noreferrer\"><div class=\"box-img-wrapper\"><img decoding=\"async\" src=\"https:\/\/www.capgemini.com\/wp-content\/uploads\/2022\/04\/Capgemini_solutions_next-gen-railway-networks-1.jpg?w=500&amp;quality=70\" srcset=\"https:\/\/www.capgemini.com\/wp-content\/uploads\/2022\/04\/Capgemini_solutions_next-gen-railway-networks-1.jpg?w=500&amp;quality=70 1x, https:\/\/www.capgemini.com\/wp-content\/uploads\/2022\/04\/Capgemini_solutions_next-gen-railway-networks-1.jpg?w=1000&amp;quality=70 2x\" class=\"box-img\" alt=\"\" style=\"object-fit:cover;object-position:50% 50%\" loading=\"lazy\"\/><\/div><h3 class=\"titleWithoutLink_learnMore\">Infraestrutura e transporte ferrovi\u00e1rio<\/h3><\/a><\/div><\/div><div class=\"box-inner\"><p class=\"box-desc\">A r\u00e1pida urbaniza\u00e7\u00e3o combinada com as mudan\u00e7as para o transporte sustent\u00e1vel apontam para o aumento da demanda por transporte ferrovi\u00e1rio ligando os principais centros urbanos e alimentando as redes de transporte local multimodal.<\/p><\/div><\/div><\/div><\/div><\/section>\n","protected":false},"excerpt":{"rendered":"","protected":false},"author":118,"featured_media":0,"parent":628660,"menu_order":0,"comment_status":"closed","ping_status":"closed","template":"","meta":{"cg_dt_proposed_to":[],"cg_seo_hreflang_relations":"[{\"uuid\":\"960489ee-93a6-491d-a432-9da0ec232538\",\"blogId\":\"1\",\"domain\":\"www.capgemini.com\",\"sitePath\":\"\/\",\"postLink\":\"https:\/\/www.capgemini.com\/industries\/manufacturing\/\",\"postId\":656194,\"isSaved\":true,\"isCrossLink\":true,\"hasCrossLink\":false},{\"uuid\":\"72915c79-06d1-4448-8787-89eed62599d4\",\"blogId\":\"30\",\"domain\":\"www.capgemini.com\",\"sitePath\":\"\/us-en\/\",\"postLink\":\"https:\/\/www.capgemini.com\/us-en\/industries\/manufacturing\/\",\"postId\":566738,\"isSaved\":true,\"isCrossLink\":true,\"hasCrossLink\":false},{\"uuid\":\"98b57b17-8480-4612-a8b1-4564c88e4237\",\"blogId\":\"18\",\"domain\":\"www.capgemini.com\",\"sitePath\":\"\/in-en\/\",\"postLink\":\"https:\/\/www.capgemini.com\/in-en\/industries\/manufacturing\/\",\"postId\":974904,\"isSaved\":true,\"isCrossLink\":true,\"hasCrossLink\":false},{\"uuid\":\"6b24c7c8-2551-41cb-adfb-648532571c92\",\"blogId\":\"5\",\"domain\":\"www.capgemini.com\",\"sitePath\":\"\/gb-en\/\",\"postLink\":\"https:\/\/www.capgemini.com\/gb-en\/industries\/manufacturing\/\",\"postId\":556256,\"isSaved\":true,\"isCrossLink\":true,\"hasCrossLink\":false},{\"uuid\":\"ae2b5808-311f-4b90-aaaf-265b693a7959\",\"blogId\":\"26\",\"domain\":\"www.capgemini.com\",\"sitePath\":\"\/fi-en\/\",\"postLink\":\"https:\/\/www.capgemini.com\/fi-en\/industries\/manufacturing\/\",\"postId\":480510,\"isSaved\":true,\"isCrossLink\":true,\"hasCrossLink\":false},{\"uuid\":\"0f46f8d2-2a2d-448b-8e07-66b5a6534723\",\"blogId\":\"28\",\"domain\":\"www.capgemini.com\",\"sitePath\":\"\/mx-es\/\",\"postLink\":\"https:\/\/www.capgemini.com\/mx-es\/sectores\/manufacturing\/\",\"postId\":5446,\"isSaved\":true,\"isCrossLink\":true,\"hasCrossLink\":false},{\"uuid\":\"1ec7887b-688f-4a87-a0f7-84a27239d551\",\"blogId\":\"32\",\"domain\":\"www.capgemini.com\",\"sitePath\":\"\/hu-en\/\",\"postLink\":\"https:\/\/www.capgemini.com\/hu-en\/manufacturing\/\",\"postId\":482,\"isSaved\":true,\"isCrossLink\":true,\"hasCrossLink\":false},{\"uuid\":\"3ce39c48-c07b-4a46-b199-782577dbad7f\",\"blogId\":\"22\",\"domain\":\"www.capgemini.com\",\"sitePath\":\"\/jp-jp\/\",\"postLink\":\"https:\/\/www.capgemini.com\/jp-jp\/industries\/manufacturing\/\",\"postId\":507419,\"isSaved\":true,\"isCrossLink\":true,\"hasCrossLink\":false},{\"uuid\":\"7fa78be6-1a1e-46f9-bdeb-de5e1de72a84\",\"blogId\":\"13\",\"domain\":\"www.capgemini.com\",\"sitePath\":\"\/cn-zh\/\",\"postLink\":\"https:\/\/www.capgemini.com\/cn-zh\/industries\/manufacturing\/\",\"postId\":629694,\"isSaved\":true,\"isCrossLink\":true,\"hasCrossLink\":false},{\"uuid\":\"85a70436-6558-43f6-a20e-026cdc835dd2\",\"blogId\":\"12\",\"domain\":\"www.capgemini.com\",\"sitePath\":\"\/br-pt\/\",\"postLink\":\"https:\/\/www.capgemini.com\/br-pt\/industrias\/manufatura\/\",\"postId\":628550,\"isSaved\":true,\"isCrossLink\":true,\"hasCrossLink\":false}]","cg_seo_canonical_relation":"","cg_seo_hreflang_x_default_relation":"{\"uuid\":\"89f9b592-05ed-4b8c-ad5d-16c5dcaa65a6\",\"blogId\":\"\",\"domain\":\"\",\"sitePath\":\"\",\"postLink\":\"\",\"postId\":null,\"isSaved\":true,\"isCrossLink\":false,\"hasCrossLink\":false}","cg_dt_approved_content":true,"cg_dt_mandatory_content":false,"cg_dt_notes":"","cg_dg_source_changed":true,"cg_dt_link_disabled":false,"_yoast_wpseo_primary_brand":"","footnotes":"","featured_focal_points":"","partner_card_description":"","gsap_animation":0},"brand":[],"partner_type":[],"service":[],"industry":[],"partners":[],"page-type":[39],"content-group":[],"class_list":["post-628550","page","type-page","status-publish","hentry","page-type-industry"],"yoast_head":"<!-- This site is optimized with the Yoast SEO Premium plugin v22.8 (Yoast SEO v22.8) - https:\/\/yoast.com\/wordpress\/plugins\/seo\/ -->\n<title>Manufatura Inteligente e Sustent\u00e1vel<\/title>\n<meta name=\"description\" content=\"Avance na jornada de manufatura inteligente com solu\u00e7\u00f5es inovadoras e sustent\u00e1veis oferecidas pela Capgemini.\" \/>\n<meta name=\"robots\" content=\"index, follow, max-snippet:-1, max-image-preview:large, max-video-preview:-1\" \/>\n<link rel=\"canonical\" href=\"https:\/\/www.capgemini.com\/br-pt\/industrias\/manufatura\/\" \/>\n<meta property=\"og:locale\" content=\"pt_BR\" \/>\n<meta property=\"og:type\" content=\"article\" \/>\n<meta property=\"og:title\" content=\"Manufatura\" \/>\n<meta property=\"og:description\" content=\"Avance na jornada de manufatura inteligente com solu\u00e7\u00f5es inovadoras e sustent\u00e1veis oferecidas pela Capgemini.\" \/>\n<meta property=\"og:url\" content=\"https:\/\/www.capgemini.com\/br-pt\/industrias\/manufatura\/\" \/>\n<meta property=\"og:site_name\" content=\"Capgemini Brasil\" \/>\n<meta property=\"article:modified_time\" content=\"2025-10-28T11:22:20+00:00\" \/>\n<meta property=\"og:image\" content=\"https:\/\/www.capgemini.com\/wp-content\/uploads\/2021\/03\/Capgemini-Industries-hero-banner.jpg\" \/>\n<meta name=\"twitter:card\" content=\"summary_large_image\" \/>\n<meta name=\"twitter:label1\" content=\"Est. reading time\" \/>\n\t<meta name=\"twitter:data1\" content=\"4 minutes\" \/>\n<script type=\"application\/ld+json\" class=\"yoast-schema-graph\">{\"@context\":\"https:\/\/schema.org\",\"@graph\":[{\"@type\":\"WebPage\",\"@id\":\"https:\/\/www.capgemini.com\/br-pt\/industrias\/manufatura\/\",\"url\":\"https:\/\/www.capgemini.com\/br-pt\/industrias\/manufatura\/\",\"name\":\"Manufatura Inteligente e Sustent\u00e1vel\",\"isPartOf\":{\"@id\":\"https:\/\/www.capgemini.com\/br-pt\/#website\"},\"primaryImageOfPage\":{\"@id\":\"https:\/\/www.capgemini.com\/br-pt\/industrias\/manufatura\/#primaryimage\"},\"image\":{\"@id\":\"https:\/\/www.capgemini.com\/br-pt\/industrias\/manufatura\/#primaryimage\"},\"thumbnailUrl\":\"https:\/\/www.capgemini.com\/wp-content\/uploads\/2021\/03\/Capgemini-Industries-hero-banner.jpg\",\"datePublished\":\"2023-10-13T13:01:16+00:00\",\"dateModified\":\"2025-10-28T11:22:20+00:00\",\"description\":\"Avance na jornada de manufatura inteligente com solu\u00e7\u00f5es inovadoras e sustent\u00e1veis oferecidas pela Capgemini.\",\"breadcrumb\":{\"@id\":\"https:\/\/www.capgemini.com\/br-pt\/industrias\/manufatura\/#breadcrumb\"},\"inLanguage\":\"pt-BR\",\"potentialAction\":[{\"@type\":\"ReadAction\",\"target\":[\"https:\/\/www.capgemini.com\/br-pt\/industrias\/manufatura\/\"]}]},{\"@type\":\"ImageObject\",\"inLanguage\":\"pt-BR\",\"@id\":\"https:\/\/www.capgemini.com\/br-pt\/industrias\/manufatura\/#primaryimage\",\"url\":\"https:\/\/www.capgemini.com\/wp-content\/uploads\/2021\/03\/Capgemini-Industries-hero-banner.jpg\",\"contentUrl\":\"https:\/\/www.capgemini.com\/wp-content\/uploads\/2021\/03\/Capgemini-Industries-hero-banner.jpg\"},{\"@type\":\"BreadcrumbList\",\"@id\":\"https:\/\/www.capgemini.com\/br-pt\/industrias\/manufatura\/#breadcrumb\",\"itemListElement\":[{\"@type\":\"ListItem\",\"position\":1,\"name\":\"Home\",\"item\":\"https:\/\/www.capgemini.com\/br-pt\/\"},{\"@type\":\"ListItem\",\"position\":2,\"name\":\"Ind\u00fastrias\",\"item\":\"https:\/\/www.capgemini.com\/br-pt\/industrias\/\"},{\"@type\":\"ListItem\",\"position\":3,\"name\":\"Manufatura\"}]},{\"@type\":\"WebSite\",\"@id\":\"https:\/\/www.capgemini.com\/br-pt\/#website\",\"url\":\"https:\/\/www.capgemini.com\/br-pt\/\",\"name\":\"Capgemini Brasil\",\"description\":\"Capgemini\",\"potentialAction\":[{\"@type\":\"SearchAction\",\"target\":{\"@type\":\"EntryPoint\",\"urlTemplate\":\"https:\/\/www.capgemini.com\/br-pt\/?s={search_term_string}\"},\"query-input\":\"required name=search_term_string\"}],\"inLanguage\":\"pt-BR\"}]}<\/script>\n<!-- \/ Yoast SEO Premium plugin. -->","yoast_head_json":{"title":"Manufatura Inteligente e Sustent\u00e1vel","description":"Avance na jornada de manufatura inteligente com solu\u00e7\u00f5es inovadoras e sustent\u00e1veis oferecidas pela Capgemini.","robots":{"index":"index","follow":"follow","max-snippet":"max-snippet:-1","max-image-preview":"max-image-preview:large","max-video-preview":"max-video-preview:-1"},"canonical":"https:\/\/www.capgemini.com\/br-pt\/industrias\/manufatura\/","og_locale":"pt_BR","og_type":"article","og_title":"Manufatura","og_description":"Avance na jornada de manufatura inteligente com solu\u00e7\u00f5es inovadoras e sustent\u00e1veis oferecidas pela Capgemini.","og_url":"https:\/\/www.capgemini.com\/br-pt\/industrias\/manufatura\/","og_site_name":"Capgemini Brasil","article_modified_time":"2025-10-28T11:22:20+00:00","og_image":[{"url":"https:\/\/www.capgemini.com\/wp-content\/uploads\/2021\/03\/Capgemini-Industries-hero-banner.jpg"}],"twitter_card":"summary_large_image","twitter_misc":{"Est. reading time":"4 minutes"},"schema":{"@context":"https:\/\/schema.org","@graph":[{"@type":"WebPage","@id":"https:\/\/www.capgemini.com\/br-pt\/industrias\/manufatura\/","url":"https:\/\/www.capgemini.com\/br-pt\/industrias\/manufatura\/","name":"Manufatura Inteligente e Sustent\u00e1vel","isPartOf":{"@id":"https:\/\/www.capgemini.com\/br-pt\/#website"},"primaryImageOfPage":{"@id":"https:\/\/www.capgemini.com\/br-pt\/industrias\/manufatura\/#primaryimage"},"image":{"@id":"https:\/\/www.capgemini.com\/br-pt\/industrias\/manufatura\/#primaryimage"},"thumbnailUrl":"https:\/\/www.capgemini.com\/wp-content\/uploads\/2021\/03\/Capgemini-Industries-hero-banner.jpg","datePublished":"2023-10-13T13:01:16+00:00","dateModified":"2025-10-28T11:22:20+00:00","description":"Avance na jornada de manufatura inteligente com solu\u00e7\u00f5es inovadoras e sustent\u00e1veis oferecidas pela Capgemini.","breadcrumb":{"@id":"https:\/\/www.capgemini.com\/br-pt\/industrias\/manufatura\/#breadcrumb"},"inLanguage":"pt-BR","potentialAction":[{"@type":"ReadAction","target":["https:\/\/www.capgemini.com\/br-pt\/industrias\/manufatura\/"]}]},{"@type":"ImageObject","inLanguage":"pt-BR","@id":"https:\/\/www.capgemini.com\/br-pt\/industrias\/manufatura\/#primaryimage","url":"https:\/\/www.capgemini.com\/wp-content\/uploads\/2021\/03\/Capgemini-Industries-hero-banner.jpg","contentUrl":"https:\/\/www.capgemini.com\/wp-content\/uploads\/2021\/03\/Capgemini-Industries-hero-banner.jpg"},{"@type":"BreadcrumbList","@id":"https:\/\/www.capgemini.com\/br-pt\/industrias\/manufatura\/#breadcrumb","itemListElement":[{"@type":"ListItem","position":1,"name":"Home","item":"https:\/\/www.capgemini.com\/br-pt\/"},{"@type":"ListItem","position":2,"name":"Ind\u00fastrias","item":"https:\/\/www.capgemini.com\/br-pt\/industrias\/"},{"@type":"ListItem","position":3,"name":"Manufatura"}]},{"@type":"WebSite","@id":"https:\/\/www.capgemini.com\/br-pt\/#website","url":"https:\/\/www.capgemini.com\/br-pt\/","name":"Capgemini Brasil","description":"Capgemini","potentialAction":[{"@type":"SearchAction","target":{"@type":"EntryPoint","urlTemplate":"https:\/\/www.capgemini.com\/br-pt\/?s={search_term_string}"},"query-input":"required name=search_term_string"}],"inLanguage":"pt-BR"}]}},"brand_term":[],"parsely":{"version":"1.1.0","canonical_url":"https:\/\/capgemini.com\/br-pt\/industrias\/manufatura\/","smart_links":{"inbound":0,"outbound":0},"traffic_boost_suggestions_count":0,"meta":{"@context":"https:\/\/schema.org","@type":"WebPage","headline":"Manufatura","url":"https:\/\/www.capgemini.com\/br-pt\/industrias\/manufatura\/","mainEntityOfPage":{"@type":"WebPage","@id":"https:\/\/www.capgemini.com\/br-pt\/industrias\/manufatura\/"},"thumbnailUrl":"","image":{"@type":"ImageObject","url":""},"articleSection":"Uncategorized","author":[],"creator":[],"publisher":{"@type":"Organization","name":"Capgemini Brasil","logo":""},"keywords":[],"dateCreated":"2023-10-13T13:01:16Z","datePublished":"2023-10-13T13:01:16Z","dateModified":"2025-10-28T11:22:20Z"},"rendered":"<meta name=\"parsely-title\" content=\"Manufatura\" \/>\n<meta name=\"parsely-link\" content=\"https:\/\/www.capgemini.com\/br-pt\/industrias\/manufatura\/\" \/>\n<meta name=\"parsely-type\" content=\"index\" \/>\n<meta name=\"parsely-pub-date\" content=\"2023-10-13T13:01:16Z\" \/>\n<meta name=\"parsely-section\" content=\"Uncategorized\" \/>","tracker_url":"https:\/\/cdn.parsely.com\/keys\/capgemini.com\/p.js"},"archive_status":false,"featured_image_src":"https:\/\/www.capgemini.com\/br-pt\/wp-content\/themes\/capgemini2025\/assets\/images\/mockup.png","featured_image_alt":false,"distributor_meta":false,"distributor_terms":false,"distributor_media":false,"distributor_original_site_name":"Capgemini Brasil","distributor_original_site_url":"https:\/\/www.capgemini.com\/br-pt","push-errors":false,"_links":{"self":[{"href":"https:\/\/www.capgemini.com\/br-pt\/wp-json\/wp\/v2\/pages\/628550","targetHints":{"allow":["GET"]}}],"collection":[{"href":"https:\/\/www.capgemini.com\/br-pt\/wp-json\/wp\/v2\/pages"}],"about":[{"href":"https:\/\/www.capgemini.com\/br-pt\/wp-json\/wp\/v2\/types\/page"}],"author":[{"embeddable":true,"href":"https:\/\/www.capgemini.com\/br-pt\/wp-json\/wp\/v2\/users\/118"}],"replies":[{"embeddable":true,"href":"https:\/\/www.capgemini.com\/br-pt\/wp-json\/wp\/v2\/comments?post=628550"}],"version-history":[{"count":20,"href":"https:\/\/www.capgemini.com\/br-pt\/wp-json\/wp\/v2\/pages\/628550\/revisions"}],"predecessor-version":[{"id":643793,"href":"https:\/\/www.capgemini.com\/br-pt\/wp-json\/wp\/v2\/pages\/628550\/revisions\/643793"}],"up":[{"embeddable":true,"href":"https:\/\/www.capgemini.com\/br-pt\/wp-json\/wp\/v2\/pages\/628660"}],"wp:attachment":[{"href":"https:\/\/www.capgemini.com\/br-pt\/wp-json\/wp\/v2\/media?parent=628550"}],"wp:term":[{"taxonomy":"brand","embeddable":true,"href":"https:\/\/www.capgemini.com\/br-pt\/wp-json\/wp\/v2\/brand?post=628550"},{"taxonomy":"partner_type","embeddable":true,"href":"https:\/\/www.capgemini.com\/br-pt\/wp-json\/wp\/v2\/partner_type?post=628550"},{"taxonomy":"service","embeddable":true,"href":"https:\/\/www.capgemini.com\/br-pt\/wp-json\/wp\/v2\/service?post=628550"},{"taxonomy":"industry","embeddable":true,"href":"https:\/\/www.capgemini.com\/br-pt\/wp-json\/wp\/v2\/industry?post=628550"},{"taxonomy":"partners","embeddable":true,"href":"https:\/\/www.capgemini.com\/br-pt\/wp-json\/wp\/v2\/partners?post=628550"},{"taxonomy":"page-type","embeddable":true,"href":"https:\/\/www.capgemini.com\/br-pt\/wp-json\/wp\/v2\/page-type?post=628550"},{"taxonomy":"content-group","embeddable":true,"href":"https:\/\/www.capgemini.com\/br-pt\/wp-json\/wp\/v2\/content-group?post=628550"}],"curies":[{"name":"wp","href":"https:\/\/api.w.org\/{rel}","templated":true}]}}