{"id":629589,"date":"2023-02-07T10:39:43","date_gmt":"2023-02-07T10:39:43","guid":{"rendered":"https:\/\/www.capgemini.com\/at-de\/?page_id=629589"},"modified":"2026-02-05T14:16:09","modified_gmt":"2026-02-05T14:16:09","slug":"about-us","status":"publish","type":"page","link":"https:\/\/www.capgemini.com\/at-de\/about-us\/","title":{"rendered":"About us"},"content":{"rendered":"\n<div class=\"wp-block-cg-blocks-hero-picture-card undefined  heroPictureCard\"><div class=\"heroPictureCardBgs\"><picture><source srcset=\"https:\/\/www.capgemini.com\/at-de\/wp-content\/uploads\/sites\/11\/2024\/06\/GettyImages-1500055180.jpeg?w=2880&amp;quality=70 1x, https:\/\/www.capgemini.com\/at-de\/wp-content\/uploads\/sites\/11\/2024\/06\/GettyImages-1500055180.jpeg?w=2880&amp;quality=70 2x\" media=\"(min-width: 1500px)\"\/><source srcset=\"https:\/\/www.capgemini.com\/at-de\/wp-content\/uploads\/sites\/11\/2024\/06\/GettyImages-1500055180.jpeg?w=1440&amp;quality=70 1x, https:\/\/www.capgemini.com\/at-de\/wp-content\/uploads\/sites\/11\/2024\/06\/GettyImages-1500055180.jpeg?w=2880&amp;quality=70 2x\" media=\"(min-width: 992px)\"\/><source srcset=\"https:\/\/www.capgemini.com\/at-de\/wp-content\/uploads\/sites\/11\/2024\/06\/GettyImages-1500055180.jpeg?w=1024&amp;quality=70 1x, https:\/\/www.capgemini.com\/at-de\/wp-content\/uploads\/sites\/11\/2024\/06\/GettyImages-1500055180.jpeg?w=1024&amp;quality=70 2x\" media=\"(min-width: 768px)\"\/><source srcset=\"https:\/\/www.capgemini.com\/at-de\/wp-content\/uploads\/sites\/11\/2024\/06\/GettyImages-1500055180.jpeg?w=768&amp;quality=70 1x, https:\/\/www.capgemini.com\/at-de\/wp-content\/uploads\/sites\/11\/2024\/06\/GettyImages-1500055180.jpeg?w=768&amp;quality=70 2x\" media=\"(min-width: 0)\"\/><img decoding=\"async\" src=\"https:\/\/www.capgemini.com\/at-de\/wp-content\/uploads\/sites\/11\/2024\/06\/GettyImages-1500055180.jpeg\" class=\"desktopImage\" alt=\"\" style=\"object-fit:cover;object-position:49% 15%\" loading=\"eager\"\/><\/picture><picture><source srcset=\"https:\/\/www.capgemini.com\/at-de\/wp-content\/uploads\/sites\/11\/2024\/06\/GettyImages-1500055180.jpeg?w=2880&amp;quality=70 1x, https:\/\/www.capgemini.com\/at-de\/wp-content\/uploads\/sites\/11\/2024\/06\/GettyImages-1500055180.jpeg?w=2880&amp;quality=70 2x\" media=\"(min-width: 1500px)\"\/><source srcset=\"https:\/\/www.capgemini.com\/at-de\/wp-content\/uploads\/sites\/11\/2024\/06\/GettyImages-1500055180.jpeg?w=1440&amp;quality=70 1x, https:\/\/www.capgemini.com\/at-de\/wp-content\/uploads\/sites\/11\/2024\/06\/GettyImages-1500055180.jpeg?w=2880&amp;quality=70 2x\" media=\"(min-width: 992px)\"\/><source srcset=\"https:\/\/www.capgemini.com\/at-de\/wp-content\/uploads\/sites\/11\/2024\/06\/GettyImages-1500055180.jpeg?w=1024&amp;quality=70 1x, https:\/\/www.capgemini.com\/at-de\/wp-content\/uploads\/sites\/11\/2024\/06\/GettyImages-1500055180.jpeg?w=1024&amp;quality=70 2x\" media=\"(min-width: 768px)\"\/><source srcset=\"https:\/\/www.capgemini.com\/at-de\/wp-content\/uploads\/sites\/11\/2024\/06\/GettyImages-1500055180.jpeg?w=768&amp;quality=70 1x, https:\/\/www.capgemini.com\/at-de\/wp-content\/uploads\/sites\/11\/2024\/06\/GettyImages-1500055180.jpeg?w=768&amp;quality=70 2x\" media=\"(min-width: 0)\"\/><img decoding=\"async\" src=\"https:\/\/www.capgemini.com\/at-de\/wp-content\/uploads\/sites\/11\/2024\/06\/GettyImages-1500055180.jpeg\" class=\"mobileImage\" alt=\"\" style=\"object-fit:cover;object-position:49% 15%\" loading=\"eager\"\/><\/picture><\/div><div class=\"heroPictureCardHeaderShape\"><\/div><div class=\"container\"><div class=\"row\"><div class=\"col-md-8 col-lg-6\"><div class=\"heroPictureCardBox\"><div class=\"heroPictureCardBoxTitle\"><h1 data-maxlength=\"144\">About us<\/h1><\/div><\/div><\/div><\/div><\/div><div class=\"small-device\"><div class=\"brandLogoWrapper\"> <\/div><\/div><\/div>\n\n\n\n<section class=\"wp-block-cg-blocks-group undefined section section--article-content\"><div class=\"article-main-content\"><div class=\"container\"><div class=\"row\"><div class=\"col-12 col-md-1\"><nav class=\"article-social\"><ul class=\"social-nav\"><li class=\"ip-order-fb\"><a href=\"https:\/\/www.facebook.com\/sharer\/sharer.php?u=https:\/\/www.capgemini.com\/ch-en\/about-us\/\" target=\"_blank\" rel=\"noopener noreferrer\" title=\"opens in a new window\"><i aria-hidden=\"true\" class=\"icon-fb\"><\/i><span class=\"sr-only\">Facebook<\/span><\/a><\/li><li class=\"ip-order-tw\"><a href=\"https:\/\/twitter.com\/intent\/tweet?url=https:\/\/www.capgemini.com\/ch-en\/about-us\/&amp;text=About%20us\" target=\"_blank\" rel=\"noopener noreferrer\" title=\"opens in a new window\"><i aria-hidden=\"true\" class=\"icon-tw\"><\/i><span class=\"sr-only\">Twitter<\/span><\/a><\/li><li class=\"ip-order-li\"><a href=\"https:\/\/www.linkedin.com\/sharing\/share-offsite\/?url=https:\/\/www.capgemini.com\/ch-en\/about-us\/&amp;text=About%20us\" target=\"_blank\" rel=\"noopener noreferrer\" title=\"opens in a new window\"><i aria-hidden=\"true\" class=\"icon-li\"><\/i><span class=\"sr-only\">Linkedin<\/span><\/a><\/li><\/ul><\/nav><\/div><div class=\"col-12 col-md-11 col-lg-10\"><div class=\"article-text article-quote-text\">\n<h3 class=\"wp-block-heading\" id=\"h-capgemini-partners-with-companies-to-transform-and-manage-their-business-by-unlocking-the-value-of-technology\">Capgemini partners with companies to transform and manage their business by unlocking the value of technology.<\/h3>\n\n\n\n<p>As a leading strategic partner to companies around the world, we have leveraged technology to enable business transformation for more than 50 years. We address the entire breadth of business needs, from strategy and design to managing operations. To do this, we draw on deep industry expertise and a command of the fast evolving <span style=\"font-size: 1rem; letter-spacing: 0.4px;\">fields of cloud, data artificial intelligence, connectivity, software, digital engineering, and platforms.<\/span><\/p>\n<\/div><\/div><\/div><\/div><\/div><\/section>\n\n\n\n<section class=\"wp-block-cg-blocks-counter-para section counter-para-section\"><div class=\"container\"><div class=\"row\"><div class=\"article-text\"><div class=\"article-text\"><div class=\"content-title\"><h3>Global facts and numbers<\/h3><\/div><p><br><\/p><\/div><div class=\"statistics-list\"><div class=\"row\"><div class=\"statistic col-12 col-md-4 col-lg-3 offset-lg-1\"><div class=\"statistic-top\">\u20ac22.1B<\/div><span class=\"statistic-bottom\">revenue<\/span><\/div><div class=\"statistic col-12 col-md-4 col-lg-3 offset-lg-1\"><div class=\"statistic-top\">+420K<\/div><span class=\"statistic-bottom\">people<\/span><\/div><div class=\"statistic col-12 col-md-4 col-lg-3 offset-lg-1\"><div class=\"statistic-top\">50+<\/div><span class=\"statistic-bottom\">countries<\/span><\/div><\/div><\/div><\/div><\/div><\/div><\/section>\n\n\n\n\n\n<section class=\"wp-block-cg-blocks-wrapper-card-text-pic wrapperCardTextPic hero-bg-shape\"><div class=\"container\"><div class=\"content-title\"><h2 class=\"card-text-pic-heading\">Find your future<\/h2><\/div><div class=\"row\"><div class=\"col-md-12\"><\/div><\/div><\/div><\/section>\n\n\n\n<section class=\"section section--expert-slider wrapper-people-slider wp-block-cg-blocks-wrapper-people-slider undefined\"><div class=\"container\"><div class=\"content-title\"><h2 data-maxlength=\"34\" class=\"people-heading-title\">Our experts<\/h2><\/div><\/div><div class=\"slider slider-boxed\"><div class=\"container\"><div class=\"slider-window\"><div class=\"slider-list\">\t\t<div class=\"slide\">\n\t\t\t<div class=\"box\">\n\t\t\t\t<div class=\"row\">\n\t\t\t\t\t<div class=\"col-md-6 col-lg-4 box-img-wrapper\">\n\t\t\t\t\t\t<img decoding=\"async\" loading=\"lazy\" src=\"https:\/\/www.capgemini.com\/at-de\/wp-content\/uploads\/sites\/11\/2025\/02\/Capgemini-Martina-Sennebogen-web400x400.jpg\" alt=\"Martina Sennebogen\"\/>\n\t\t\t\t\t<\/div>\n\t\t\t\t\t<div class=\"col-md-6 col-lg-8 box-inner\">\n\t\t\t\t\t\t<div class=\"row title-social-media-header\">\n\t\t\t\t\t\t\t<div class=\"col-md-12 col-lg-6 mbl-social-icon\">\n\t\t\t\t\t\t\t\t<ul class=\"social-nav\">\n\t\t\t\t\t\t\t\t\t\t\t\t\t\t\t\t\t\t\t\t\t\t\t\t\t\t\t\t\t\t\t\t\t\t\t\t\t\t\t\t\t\t\t\t\t\t\t\t\t\t\t\t\t\t\t<li><a aria-label=\"Linkedin\" target=\"_blank\" title=\"Opens in a new window\" href=\"https:\/\/www.linkedin.com\/in\/martina-sennebogen-95369282\/?originalSubdomain=at\"><i aria-hidden=\"true\" class=\"icon-li\"><\/i><\/a><\/li>\n\t\t\t\t\t\t\t\t\t\t\t\t\t\t\t\t\t<\/ul>\n\t\t\t\t\t\t\t<\/div>\n\t\t\t\t\t\t\t<div class=\"col-md-12 col-lg-6 box-container\">\n\t\t\t\t\t\t\t\t<div class=\"box-title\">\n\t\t\t\t\t\t\t\t\t<h3 class=\"people-profile-title\">Martina Sennebogen<\/h3>\n\t\t\t\t\t\t\t\t<\/div>\n\t\t\t\t\t\t\t\t\t\t\t\t\t\t\t\t\t<span>CEO, Capgemini Austria<\/span>\n\t\t\t\t\t\t\t\t\t\t\t\t\t\t\t<\/div>\n\t\t\t\t\t\t\t<div class=\"col-md-12 col-lg-6 social-box-container dkt-social-icon\">\n\t\t\t\t\t\t\t\t<ul class=\"social-nav\">\n\t\t\t\t\t\t\t\t\t\t\t\t\t\t\t\t\t\t\t\t\t\t\t\t\t\t\t\t\t\t\t\t\t\t\t\t\t\t\t\t\t\t\t\t\t\t\t\t\t\t\t\t\t\t\t<li><a aria-label=\"Linkedin\" target=\"_blank\" title=\"Opens in a new window\" href=\"https:\/\/www.linkedin.com\/in\/martina-sennebogen-95369282\/?originalSubdomain=at\"><i aria-hidden=\"true\" class=\"icon-li\"><\/i><\/a><\/li>\n\t\t\t\t\t\t\t\t\t\t\t\t\t\t\t\t\t<\/ul>\n\t\t\t\t\t\t\t<\/div>\n\t\t\t\t\t\t<\/div>\n\t\t\t\t\t\t\t\t\t\t\t\t\t<div class=\"people-info\">&#8220;At Capgemini, we have a common goal: to unleash human potential through the use of technology &#8211; for an inclusive and sustainable future. Get the Future you want.&#8221;<\/div>\n\t\t\t\t\t\t\t\t\t\t\t<\/div>\n\t\t\t\t<\/div>\n\t\t\t<\/div>\n\t\t\t\t\t<\/div>\n\t\t<\/div><\/div><\/div><div class=\"slider-nav\"><button class=\"slider-prev inactive\" aria-label=\"Slider-previous\" tabindex=\"-1\"><\/button><ul class=\"slider-paginator\"><\/ul><button class=\"slider-next\" aria-label=\"Slider-next\"><\/button><\/div><\/div><\/section>\n","protected":false},"excerpt":{"rendered":"<p>Capgemini arbeitet mit Unternehmen zusammen, um ihr Gesch\u00e4ft zu transformieren und zu managen, indem sie den gr\u00f6\u00dftm\u00f6glichen Nutzen aus der Technologie ziehen.<\/p>\n","protected":false},"author":81,"featured_media":631891,"parent":0,"menu_order":0,"comment_status":"closed","ping_status":"closed","template":"","meta":{"cg_dt_proposed_to":[],"cg_seo_hreflang_relations":"[]","cg_seo_canonical_relation":"","cg_seo_hreflang_x_default_relation":"{\"uuid\":\"957de981-0786-4d88-8447-87c804de19bd\",\"blogId\":\"\",\"domain\":\"\",\"sitePath\":\"\",\"postLink\":\"\",\"postId\":null,\"isSaved\":true,\"isCrossLink\":false,\"hasCrossLink\":false}","cg_dt_approved_content":true,"cg_dt_mandatory_content":false,"cg_dt_notes":"","cg_dg_source_changed":false,"cg_dt_link_disabled":false,"_yoast_wpseo_primary_brand":"","footnotes":"","featured_focal_points":"{\"x\":0.5,\"y\":0.16}","partner_card_description":"","gsap_animation":0},"brand":[],"partner_type":[],"service":[],"industry":[],"partners":[],"page-type":[],"content-group":[],"class_list":["post-629589","page","type-page","status-publish","has-post-thumbnail","hentry"],"yoast_head":"<!-- This site is optimized with the Yoast SEO Premium plugin v22.8 (Yoast SEO v22.8) - https:\/\/yoast.com\/wordpress\/plugins\/seo\/ -->\n<title>About us - Capgemini Austria<\/title>\n<meta name=\"description\" content=\"As a leading strategic partner to companies around the world, we have leveraged technology to enable business transformation for 50+ years.\" \/>\n<meta name=\"robots\" content=\"index, follow, max-snippet:-1, max-image-preview:large, max-video-preview:-1\" \/>\n<link rel=\"canonical\" href=\"https:\/\/www.capgemini.com\/at-de\/about-us\/\" \/>\n<meta property=\"og:locale\" content=\"en_US\" \/>\n<meta property=\"og:type\" content=\"article\" \/>\n<meta property=\"og:title\" content=\"About us\" \/>\n<meta property=\"og:description\" content=\"As a leading strategic partner to companies around the world, we have leveraged technology to enable business transformation for 50+ years.\" \/>\n<meta property=\"og:url\" content=\"https:\/\/www.capgemini.com\/at-de\/about-us\/\" \/>\n<meta property=\"og:site_name\" content=\"Capgemini Austria\" \/>\n<meta property=\"article:modified_time\" content=\"2026-02-05T14:16:09+00:00\" \/>\n<meta property=\"og:image\" content=\"https:\/\/www.capgemini.com\/at-de\/wp-content\/uploads\/sites\/11\/2024\/06\/GettyImages-1500055180.jpeg\" \/>\n\t<meta property=\"og:image:width\" content=\"2294\" \/>\n\t<meta property=\"og:image:height\" content=\"1306\" \/>\n\t<meta property=\"og:image:type\" content=\"image\/jpeg\" \/>\n<meta name=\"twitter:card\" content=\"summary_large_image\" \/>\n<meta name=\"twitter:label1\" content=\"Est. reading time\" \/>\n\t<meta name=\"twitter:data1\" content=\"2 minutes\" \/>\n<script type=\"application\/ld+json\" class=\"yoast-schema-graph\">{\"@context\":\"https:\/\/schema.org\",\"@graph\":[{\"@type\":\"WebPage\",\"@id\":\"https:\/\/www.capgemini.com\/at-de\/about-us\/\",\"url\":\"https:\/\/www.capgemini.com\/at-de\/about-us\/\",\"name\":\"About us - Capgemini Austria\",\"isPartOf\":{\"@id\":\"https:\/\/www.capgemini.com\/at-de\/#website\"},\"primaryImageOfPage\":{\"@id\":\"https:\/\/www.capgemini.com\/at-de\/about-us\/#primaryimage\"},\"image\":{\"@id\":\"https:\/\/www.capgemini.com\/at-de\/about-us\/#primaryimage\"},\"thumbnailUrl\":\"https:\/\/www.capgemini.com\/at-de\/wp-content\/uploads\/sites\/11\/2024\/06\/GettyImages-1500055180.jpeg\",\"datePublished\":\"2023-02-07T10:39:43+00:00\",\"dateModified\":\"2026-02-05T14:16:09+00:00\",\"description\":\"As a leading strategic partner to companies around the world, we have leveraged technology to enable business transformation for 50+ years.\",\"breadcrumb\":{\"@id\":\"https:\/\/www.capgemini.com\/at-de\/about-us\/#breadcrumb\"},\"inLanguage\":\"en-US\",\"potentialAction\":[{\"@type\":\"ReadAction\",\"target\":[\"https:\/\/www.capgemini.com\/at-de\/about-us\/\"]}]},{\"@type\":\"ImageObject\",\"inLanguage\":\"en-US\",\"@id\":\"https:\/\/www.capgemini.com\/at-de\/about-us\/#primaryimage\",\"url\":\"https:\/\/www.capgemini.com\/at-de\/wp-content\/uploads\/sites\/11\/2024\/06\/GettyImages-1500055180.jpeg\",\"contentUrl\":\"https:\/\/www.capgemini.com\/at-de\/wp-content\/uploads\/sites\/11\/2024\/06\/GettyImages-1500055180.jpeg\",\"width\":2294,\"height\":1306,\"caption\":\"Shot of a group of colleagues using computer together at work. Four coworkers working on a computer in the office. Multi-ethnic creative team using computer in modern office. Young smiling business people cooperating while working on PC.\"},{\"@type\":\"BreadcrumbList\",\"@id\":\"https:\/\/www.capgemini.com\/at-de\/about-us\/#breadcrumb\",\"itemListElement\":[{\"@type\":\"ListItem\",\"position\":1,\"name\":\"Home\",\"item\":\"https:\/\/www.capgemini.com\/at-de\/\"},{\"@type\":\"ListItem\",\"position\":2,\"name\":\"About us\"}]},{\"@type\":\"WebSite\",\"@id\":\"https:\/\/www.capgemini.com\/at-de\/#website\",\"url\":\"https:\/\/www.capgemini.com\/at-de\/\",\"name\":\"Capgemini Austria\",\"description\":\"Capgemini\",\"potentialAction\":[{\"@type\":\"SearchAction\",\"target\":{\"@type\":\"EntryPoint\",\"urlTemplate\":\"https:\/\/www.capgemini.com\/at-de\/?s={search_term_string}\"},\"query-input\":\"required name=search_term_string\"}],\"inLanguage\":\"en-US\"}]}<\/script>\n<!-- \/ Yoast SEO Premium plugin. -->","yoast_head_json":{"title":"About us - Capgemini Austria","description":"As a leading strategic partner to companies around the world, we have leveraged technology to enable business transformation for 50+ years.","robots":{"index":"index","follow":"follow","max-snippet":"max-snippet:-1","max-image-preview":"max-image-preview:large","max-video-preview":"max-video-preview:-1"},"canonical":"https:\/\/www.capgemini.com\/at-de\/about-us\/","og_locale":"en_US","og_type":"article","og_title":"About us","og_description":"As a leading strategic partner to companies around the world, we have leveraged technology to enable business transformation for 50+ years.","og_url":"https:\/\/www.capgemini.com\/at-de\/about-us\/","og_site_name":"Capgemini Austria","article_modified_time":"2026-02-05T14:16:09+00:00","og_image":[{"width":2294,"height":1306,"url":"https:\/\/www.capgemini.com\/at-de\/wp-content\/uploads\/sites\/11\/2024\/06\/GettyImages-1500055180.jpeg","type":"image\/jpeg"}],"twitter_card":"summary_large_image","twitter_misc":{"Est. reading time":"2 minutes"},"schema":{"@context":"https:\/\/schema.org","@graph":[{"@type":"WebPage","@id":"https:\/\/www.capgemini.com\/at-de\/about-us\/","url":"https:\/\/www.capgemini.com\/at-de\/about-us\/","name":"About us - Capgemini Austria","isPartOf":{"@id":"https:\/\/www.capgemini.com\/at-de\/#website"},"primaryImageOfPage":{"@id":"https:\/\/www.capgemini.com\/at-de\/about-us\/#primaryimage"},"image":{"@id":"https:\/\/www.capgemini.com\/at-de\/about-us\/#primaryimage"},"thumbnailUrl":"https:\/\/www.capgemini.com\/at-de\/wp-content\/uploads\/sites\/11\/2024\/06\/GettyImages-1500055180.jpeg","datePublished":"2023-02-07T10:39:43+00:00","dateModified":"2026-02-05T14:16:09+00:00","description":"As a leading strategic partner to companies around the world, we have leveraged technology to enable business transformation for 50+ years.","breadcrumb":{"@id":"https:\/\/www.capgemini.com\/at-de\/about-us\/#breadcrumb"},"inLanguage":"en-US","potentialAction":[{"@type":"ReadAction","target":["https:\/\/www.capgemini.com\/at-de\/about-us\/"]}]},{"@type":"ImageObject","inLanguage":"en-US","@id":"https:\/\/www.capgemini.com\/at-de\/about-us\/#primaryimage","url":"https:\/\/www.capgemini.com\/at-de\/wp-content\/uploads\/sites\/11\/2024\/06\/GettyImages-1500055180.jpeg","contentUrl":"https:\/\/www.capgemini.com\/at-de\/wp-content\/uploads\/sites\/11\/2024\/06\/GettyImages-1500055180.jpeg","width":2294,"height":1306,"caption":"Shot of a group of colleagues using computer together at work. Four coworkers working on a computer in the office. Multi-ethnic creative team using computer in modern office. Young smiling business people cooperating while working on PC."},{"@type":"BreadcrumbList","@id":"https:\/\/www.capgemini.com\/at-de\/about-us\/#breadcrumb","itemListElement":[{"@type":"ListItem","position":1,"name":"Home","item":"https:\/\/www.capgemini.com\/at-de\/"},{"@type":"ListItem","position":2,"name":"About us"}]},{"@type":"WebSite","@id":"https:\/\/www.capgemini.com\/at-de\/#website","url":"https:\/\/www.capgemini.com\/at-de\/","name":"Capgemini Austria","description":"Capgemini","potentialAction":[{"@type":"SearchAction","target":{"@type":"EntryPoint","urlTemplate":"https:\/\/www.capgemini.com\/at-de\/?s={search_term_string}"},"query-input":"required name=search_term_string"}],"inLanguage":"en-US"}]}},"brand_term":[],"parsely":{"version":"1.1.0","canonical_url":"https:\/\/capgemini.com\/at-de\/about-us\/","smart_links":{"inbound":0,"outbound":0},"traffic_boost_suggestions_count":0,"meta":{"@context":"https:\/\/schema.org","@type":"WebPage","headline":"About us","url":"https:\/\/www.capgemini.com\/at-de\/about-us\/","mainEntityOfPage":{"@type":"WebPage","@id":"https:\/\/www.capgemini.com\/at-de\/about-us\/"},"thumbnailUrl":"https:\/\/www.capgemini.com\/at-de\/wp-content\/uploads\/sites\/11\/2024\/06\/GettyImages-1500055180.jpeg?w=150&h=150&crop=1","image":{"@type":"ImageObject","url":"https:\/\/www.capgemini.com\/at-de\/wp-content\/uploads\/sites\/11\/2024\/06\/GettyImages-1500055180.jpeg"},"articleSection":"Uncategorized","author":[],"creator":[],"publisher":{"@type":"Organization","name":"Capgemini Austria","logo":""},"keywords":[],"dateCreated":"2023-02-07T10:39:43Z","datePublished":"2023-02-07T10:39:43Z","dateModified":"2026-02-05T14:16:09Z"},"rendered":"<meta name=\"parsely-title\" content=\"About us\" \/>\n<meta name=\"parsely-link\" content=\"https:\/\/www.capgemini.com\/at-de\/about-us\/\" \/>\n<meta name=\"parsely-type\" content=\"index\" \/>\n<meta name=\"parsely-image-url\" content=\"https:\/\/www.capgemini.com\/at-de\/wp-content\/uploads\/sites\/11\/2024\/06\/GettyImages-1500055180.jpeg?w=150&amp;h=150&amp;crop=1\" \/>\n<meta name=\"parsely-pub-date\" content=\"2023-02-07T10:39:43Z\" \/>\n<meta name=\"parsely-section\" content=\"Uncategorized\" \/>","tracker_url":"https:\/\/cdn.parsely.com\/keys\/capgemini.com\/p.js"},"archive_status":false,"featured_image_src":"https:\/\/www.capgemini.com\/at-de\/wp-content\/uploads\/sites\/11\/2024\/06\/GettyImages-1500055180.jpeg","featured_image_alt":"","jetpack_sharing_enabled":true,"distributor_meta":false,"distributor_terms":false,"distributor_media":false,"distributor_original_site_name":"Capgemini Austria","distributor_original_site_url":"https:\/\/www.capgemini.com\/at-de","push-errors":false,"_links":{"self":[{"href":"https:\/\/www.capgemini.com\/at-de\/wp-json\/wp\/v2\/pages\/629589","targetHints":{"allow":["GET"]}}],"collection":[{"href":"https:\/\/www.capgemini.com\/at-de\/wp-json\/wp\/v2\/pages"}],"about":[{"href":"https:\/\/www.capgemini.com\/at-de\/wp-json\/wp\/v2\/types\/page"}],"author":[{"embeddable":true,"href":"https:\/\/www.capgemini.com\/at-de\/wp-json\/wp\/v2\/users\/81"}],"replies":[{"embeddable":true,"href":"https:\/\/www.capgemini.com\/at-de\/wp-json\/wp\/v2\/comments?post=629589"}],"version-history":[{"count":20,"href":"https:\/\/www.capgemini.com\/at-de\/wp-json\/wp\/v2\/pages\/629589\/revisions"}],"predecessor-version":[{"id":633823,"href":"https:\/\/www.capgemini.com\/at-de\/wp-json\/wp\/v2\/pages\/629589\/revisions\/633823"}],"wp:featuredmedia":[{"embeddable":true,"href":"https:\/\/www.capgemini.com\/at-de\/wp-json\/wp\/v2\/media\/631891"}],"wp:attachment":[{"href":"https:\/\/www.capgemini.com\/at-de\/wp-json\/wp\/v2\/media?parent=629589"}],"wp:term":[{"taxonomy":"brand","embeddable":true,"href":"https:\/\/www.capgemini.com\/at-de\/wp-json\/wp\/v2\/brand?post=629589"},{"taxonomy":"partner_type","embeddable":true,"href":"https:\/\/www.capgemini.com\/at-de\/wp-json\/wp\/v2\/partner_type?post=629589"},{"taxonomy":"service","embeddable":true,"href":"https:\/\/www.capgemini.com\/at-de\/wp-json\/wp\/v2\/service?post=629589"},{"taxonomy":"industry","embeddable":true,"href":"https:\/\/www.capgemini.com\/at-de\/wp-json\/wp\/v2\/industry?post=629589"},{"taxonomy":"partners","embeddable":true,"href":"https:\/\/www.capgemini.com\/at-de\/wp-json\/wp\/v2\/partners?post=629589"},{"taxonomy":"page-type","embeddable":true,"href":"https:\/\/www.capgemini.com\/at-de\/wp-json\/wp\/v2\/page-type?post=629589"},{"taxonomy":"content-group","embeddable":true,"href":"https:\/\/www.capgemini.com\/at-de\/wp-json\/wp\/v2\/content-group?post=629589"}],"curies":[{"name":"wp","href":"https:\/\/api.w.org\/{rel}","templated":true}]}}