{"id":5884,"date":"2022-11-18T09:24:07","date_gmt":"2022-11-18T09:24:07","guid":{"rendered":"https:\/\/www.capgemini.com\/?page_id=505049"},"modified":"2025-10-27T15:53:01","modified_gmt":"2025-10-27T15:53:01","slug":"inside-stories","status":"publish","type":"page","link":"https:\/\/www.capgemini.com\/ar-es\/news\/inside-stories\/","title":{"rendered":"Historias inspiradoras"},"content":{"rendered":"\n<div class=\"wp-block-cg-blocks-hero-bleed-banner\"><div class=\"hero-bleed-mp-banner wp-block-cg-blocks-hero-bleed-banner no-overlay  is-image has-card \" data-nav-menu-position=\"no-overlay\" data-nav-menu-text-color=\"black\" data-fp-desktop-x=\"0.5\" data-fp-desktop-y=\"0.5\" data-fp-tablet-x=\"0.5\" data-fp-tablet-y=\"0.5\" data-fp-mobile-x=\"0.5\" data-fp-mobile-y=\"0.5\" data-hero-bleed-attributes=\"\"><div class=\"hero-image d-block \"><picture><source srcset=\"https:\/\/www.capgemini.com\/wp-content\/uploads\/2021\/11\/Capgemini_Inside-Stories.jpg?w=2880&amp;quality=70 1x, https:\/\/www.capgemini.com\/wp-content\/uploads\/2021\/11\/Capgemini_Inside-Stories.jpg?w=2880&amp;quality=70 2x\" media=\"(min-width: 1500px)\"\/><source srcset=\"https:\/\/www.capgemini.com\/wp-content\/uploads\/2021\/11\/Capgemini_Inside-Stories.jpg?w=1440&amp;quality=70 1x, https:\/\/www.capgemini.com\/wp-content\/uploads\/2021\/11\/Capgemini_Inside-Stories.jpg?w=2880&amp;quality=70 2x\" media=\"(min-width: 992px)\"\/><img decoding=\"async\" width=\"100%\" height=\"100%\" src=\"https:\/\/www.capgemini.com\/wp-content\/uploads\/2021\/11\/Capgemini_Inside-Stories.jpg\" alt=\"Capgemini_Inside-Stories\"\/><\/picture><\/div><div class=\"header-line hero-bg-shape\"><\/div><div class=\"container\"><div class=\"row\"><div class=\"col-12 col-md-6 col-lg-6\"><div class=\"content-box-wrapper\"><div class=\"content-box is-short centralized\"><h1 class=\"title\">Historias inspiradoras<\/h1><\/div><\/div><\/div><\/div><\/div><\/div><\/div>\n\n\n\n<section class=\"wp-block-cg-blocks-intro-para undefined section section--intro\"><div class=\"intro-para\"><div class=\"container\"><div class=\"row\"><div class=\"col-12 col-md-11 col-lg-10\"><h2 class=\"intro-para-title\">Testimonios e historias personales que nos cuentan sobre c\u00f3mo estamos construyendo desde dentro de la compa\u00f1\u00eda un futuro mejor para nuestros colegas, clientes y comunidades.<\/h2><\/div><\/div><\/div><\/div><\/section>\n\n\n\n<div class=\"wp-block-stories-of-change-1-cg-block-stories-of-change-1\">\n\t<section class=\"section section--stories section--stories-content stories-page-list\">\n\n\t\t<div class=\"container\">\n\n\t\t\t<div class=\"filters filters--horizontal\" data-max=\"1000\">\n\n\t\t\t\t\t\t\t\t<div class=\"filters-content\">\n\t\t\t\t\t<div id=\"stories_container\" class=\"row\">\n\t\t\t\t\t\t\n\t\t<div class=\"col-sm-12 col-md-4 filter-box\" data-filter=\"future-shaping-projects\">\n\n\t\t\t<div class=\"box\">\n\n\t\t\t\t<div class=\"box-img-wrapper\">\n\t\t\t\t\t<img loading=\"lazy\" decoding=\"async\" width=\"360\" height=\"200\" src=\"https:\/\/www.capgemini.com\/ar-es\/wp-content\/uploads\/sites\/9\/2025\/08\/GettyImages-2077222669.jpg?w=360&amp;h=200&amp;crop=1\" class=\"box-img wp-post-image\" alt=\"\" \/>\t\t\t\t<\/div>\n\n\t\t\t\t<div class=\"box-inner\">\n\n\t\t\t\t\t<div class=\"box-inner__content\">\n\n\t\t\t\t\t\t<span class=\"box-tag\">Future-shaping projects<\/span>\n\n\t\t\t\t\t\t<a class=\"box-title\"\n\t\t\t\t\t\t\taria-label=\"Donde IA = Auto Innovaci\u00f3n\"\n\t\t\t\t\t\t\thref=\"https:\/\/www.capgemini.com\/ar-es\/news\/inside-stories\/donde-ia-auto-innovacion\/\">\n\n\t\t\t\t\t\t\t<h3>Donde IA = Auto Innovaci\u00f3n<\/h3>\n\n\t\t\t\t\t\t<\/a>\n\n\t\t\t\t\t<\/div>\n\n\t\t\t\t\t<p class=\"box-date\">ago. 22, 2025<\/p>\n\n\t\t\t\t<\/div>\n\n\t\t\t<\/div>\n\n\t\t<\/div>\n\n\t\t\n\t\t<div class=\"col-sm-12 col-md-4 filter-box\" data-filter=\"life-at-capgemini\">\n\n\t\t\t<div class=\"box\">\n\n\t\t\t\t<div class=\"box-img-wrapper\">\n\t\t\t\t\t<img loading=\"lazy\" decoding=\"async\" width=\"360\" height=\"200\" src=\"https:\/\/www.capgemini.com\/ar-es\/wp-content\/uploads\/sites\/9\/2025\/08\/Capgemini_Inside-Stories_digital-academies_image1.jpg?w=360&amp;h=200&amp;crop=1\" class=\"box-img wp-post-image\" alt=\"\" \/>\t\t\t\t<\/div>\n\n\t\t\t\t<div class=\"box-inner\">\n\n\t\t\t\t\t<div class=\"box-inner__content\">\n\n\t\t\t\t\t\t<span class=\"box-tag\">Life at Capgemini<\/span>\n\n\t\t\t\t\t\t<a class=\"box-title\"\n\t\t\t\t\t\t\taria-label=\"Nueva carrera, nueva t\u00fa\"\n\t\t\t\t\t\t\thref=\"https:\/\/www.capgemini.com\/ar-es\/news\/inside-stories\/nueva-carrera-nueva-tu\/\">\n\n\t\t\t\t\t\t\t<h3>Nueva carrera, nueva t\u00fa<\/h3>\n\n\t\t\t\t\t\t<\/a>\n\n\t\t\t\t\t<\/div>\n\n\t\t\t\t\t<p class=\"box-date\">ago. 22, 2025<\/p>\n\n\t\t\t\t<\/div>\n\n\t\t\t<\/div>\n\n\t\t<\/div>\n\n\t\t\n\t\t<div class=\"col-sm-12 col-md-4 filter-box\" data-filter=\"future-shaping-projects\">\n\n\t\t\t<div class=\"box\">\n\n\t\t\t\t<div class=\"box-img-wrapper\">\n\t\t\t\t\t<img loading=\"lazy\" decoding=\"async\" width=\"360\" height=\"200\" src=\"https:\/\/www.capgemini.com\/ar-es\/wp-content\/uploads\/sites\/9\/2025\/08\/3-e1740988693582_3931c4.jpg?w=360&amp;h=200&amp;crop=1\" class=\"box-img wp-post-image\" alt=\"\" \/>\t\t\t\t<\/div>\n\n\t\t\t\t<div class=\"box-inner\">\n\n\t\t\t\t\t<div class=\"box-inner__content\">\n\n\t\t\t\t\t\t<span class=\"box-tag\">Future-shaping projects<\/span>\n\n\t\t\t\t\t\t<a class=\"box-title\"\n\t\t\t\t\t\t\taria-label=\"Navega hacia el futuro\"\n\t\t\t\t\t\t\thref=\"https:\/\/www.capgemini.com\/ar-es\/news\/inside-stories\/navega-hacia-el-futuro\/\">\n\n\t\t\t\t\t\t\t<h3>Navega hacia el futuro<\/h3>\n\n\t\t\t\t\t\t<\/a>\n\n\t\t\t\t\t<\/div>\n\n\t\t\t\t\t<p class=\"box-date\">ago. 22, 2025<\/p>\n\n\t\t\t\t<\/div>\n\n\t\t\t<\/div>\n\n\t\t<\/div>\n\n\t\t\n\t\t<div class=\"col-sm-12 col-md-4 filter-box\" data-filter=\"life-at-capgemini\">\n\n\t\t\t<div class=\"box\">\n\n\t\t\t\t<div class=\"box-img-wrapper\">\n\t\t\t\t\t<img decoding=\"async\" class=\"box-img\" src=\"https:\/\/www.capgemini.com\/ar-es\/wp-content\/themes\/capgemini2025\/assets\/images\/mockup.png\" \/>\t\t\t\t<\/div>\n\n\t\t\t\t<div class=\"box-inner\">\n\n\t\t\t\t\t<div class=\"box-inner__content\">\n\n\t\t\t\t\t\t<span class=\"box-tag\">Life at Capgemini<\/span>\n\n\t\t\t\t\t\t<a class=\"box-title\"\n\t\t\t\t\t\t\taria-label=\"Listos para el kick-off\"\n\t\t\t\t\t\t\thref=\"https:\/\/www.capgemini.com\/ar-es\/news\/inside-stories\/listos-para-el-kick-off\/\">\n\n\t\t\t\t\t\t\t<h3>Listos para el kick-off<\/h3>\n\n\t\t\t\t\t\t<\/a>\n\n\t\t\t\t\t<\/div>\n\n\t\t\t\t\t<p class=\"box-date\">jun. 16, 2023<\/p>\n\n\t\t\t\t<\/div>\n\n\t\t\t<\/div>\n\n\t\t<\/div>\n\n\t\t\n\t\t<div class=\"col-sm-12 col-md-4 filter-box\" data-filter=\"diversity-and-inclusion\">\n\n\t\t\t<div class=\"box\">\n\n\t\t\t\t<div class=\"box-img-wrapper\">\n\t\t\t\t\t<img loading=\"lazy\" decoding=\"async\" width=\"360\" height=\"200\" src=\"https:\/\/www.capgemini.com\/ar-es\/wp-content\/uploads\/sites\/9\/2023\/03\/rugby2_hero-image.png?w=360&amp;h=200&amp;crop=1\" class=\"box-img wp-post-image\" alt=\"\" \/>\t\t\t\t<\/div>\n\n\t\t\t\t<div class=\"box-inner\">\n\n\t\t\t\t\t<div class=\"box-inner__content\">\n\n\t\t\t\t\t\t<span class=\"box-tag\">Diversity and inclusion<\/span>\n\n\t\t\t\t\t\t<a class=\"box-title\"\n\t\t\t\t\t\t\taria-label=\"Incrementa los estandares\"\n\t\t\t\t\t\t\thref=\"https:\/\/www.capgemini.com\/ar-es\/news\/inside-stories\/incrementa-los-estandares\/\">\n\n\t\t\t\t\t\t\t<h3>Incrementa los estandares<\/h3>\n\n\t\t\t\t\t\t<\/a>\n\n\t\t\t\t\t<\/div>\n\n\t\t\t\t\t<p class=\"box-date\">mar. 6, 2023<\/p>\n\n\t\t\t\t<\/div>\n\n\t\t\t<\/div>\n\n\t\t<\/div>\n\n\t\t\n\t\t<div class=\"col-sm-12 col-md-4 filter-box\" data-filter=\"diversity-and-inclusion\">\n\n\t\t\t<div class=\"box\">\n\n\t\t\t\t<div class=\"box-img-wrapper\">\n\t\t\t\t\t<img loading=\"lazy\" decoding=\"async\" width=\"360\" height=\"200\" src=\"https:\/\/www.capgemini.com\/ar-es\/wp-content\/uploads\/sites\/9\/2023\/03\/Capgemin_Inside-Stories_Women-in-rugby_Hero.jpg?w=360&amp;h=200&amp;crop=1\" class=\"box-img wp-post-image\" alt=\"\" \/>\t\t\t\t<\/div>\n\n\t\t\t\t<div class=\"box-inner\">\n\n\t\t\t\t\t<div class=\"box-inner__content\">\n\n\t\t\t\t\t\t<span class=\"box-tag\">Diversity and inclusion<\/span>\n\n\t\t\t\t\t\t<a class=\"box-title\"\n\t\t\t\t\t\t\taria-label=\"L\u00edderes del juego\"\n\t\t\t\t\t\t\thref=\"https:\/\/www.capgemini.com\/ar-es\/news\/inside-stories\/lideres-del-juego\/\">\n\n\t\t\t\t\t\t\t<h3>L\u00edderes del juego<\/h3>\n\n\t\t\t\t\t\t<\/a>\n\n\t\t\t\t\t<\/div>\n\n\t\t\t\t\t<p class=\"box-date\">mar. 6, 2023<\/p>\n\n\t\t\t\t<\/div>\n\n\t\t\t<\/div>\n\n\t\t<\/div>\n\n\t\t\n\t\t<div class=\"col-sm-12 col-md-4 filter-box\" data-filter=\"environment\">\n\n\t\t\t<div class=\"box\">\n\n\t\t\t\t<div class=\"box-img-wrapper\">\n\t\t\t\t\t<img loading=\"lazy\" decoding=\"async\" width=\"360\" height=\"200\" src=\"https:\/\/www.capgemini.com\/ar-es\/wp-content\/uploads\/sites\/9\/2021\/04\/Capgemini_Virtuous-cycle-1.jpg?w=360&amp;h=200&amp;crop=1\" class=\"box-img wp-post-image\" alt=\"\" \/>\t\t\t\t<\/div>\n\n\t\t\t\t<div class=\"box-inner\">\n\n\t\t\t\t\t<div class=\"box-inner__content\">\n\n\t\t\t\t\t\t<span class=\"box-tag\">Environment<\/span>\n\n\t\t\t\t\t\t<a class=\"box-title\"\n\t\t\t\t\t\t\taria-label=\"Ciclo virtuoso\"\n\t\t\t\t\t\t\thref=\"https:\/\/www.capgemini.com\/ar-es\/news\/inside-stories\/ciclo-virtuoso\/\">\n\n\t\t\t\t\t\t\t<h3>Ciclo virtuoso<\/h3>\n\n\t\t\t\t\t\t<\/a>\n\n\t\t\t\t\t<\/div>\n\n\t\t\t\t\t<p class=\"box-date\">mar. 3, 2023<\/p>\n\n\t\t\t\t<\/div>\n\n\t\t\t<\/div>\n\n\t\t<\/div>\n\n\t\t\n\t\t<div class=\"col-sm-12 col-md-4 filter-box\" data-filter=\"life-at-capgemini\">\n\n\t\t\t<div class=\"box\">\n\n\t\t\t\t<div class=\"box-img-wrapper\">\n\t\t\t\t\t<img loading=\"lazy\" decoding=\"async\" width=\"360\" height=\"200\" src=\"https:\/\/www.capgemini.com\/ar-es\/wp-content\/uploads\/sites\/9\/2021\/08\/Capgemini_Stories_Breaking-Boundaries-1.jpg?w=360&amp;h=200&amp;crop=1\" class=\"box-img wp-post-image\" alt=\"Breaking boundries\" \/>\t\t\t\t<\/div>\n\n\t\t\t\t<div class=\"box-inner\">\n\n\t\t\t\t\t<div class=\"box-inner__content\">\n\n\t\t\t\t\t\t<span class=\"box-tag\">Life at Capgemini<\/span>\n\n\t\t\t\t\t\t<a class=\"box-title\"\n\t\t\t\t\t\t\taria-label=\"Breaking boundaries\"\n\t\t\t\t\t\t\thref=\"https:\/\/www.capgemini.com\/ar-es\/news\/inside-stories\/breaking-boundaries\/\">\n\n\t\t\t\t\t\t\t<h3>Breaking boundaries<\/h3>\n\n\t\t\t\t\t\t<\/a>\n\n\t\t\t\t\t<\/div>\n\n\t\t\t\t\t<p class=\"box-date\">feb. 22, 2023<\/p>\n\n\t\t\t\t<\/div>\n\n\t\t\t<\/div>\n\n\t\t<\/div>\n\n\t\t\n\t\t<div class=\"col-sm-12 col-md-4 filter-box\" data-filter=\"future-shaping-projects\">\n\n\t\t\t<div class=\"box\">\n\n\t\t\t\t<div class=\"box-img-wrapper\">\n\t\t\t\t\t<img loading=\"lazy\" decoding=\"async\" width=\"360\" height=\"200\" src=\"https:\/\/www.capgemini.com\/ar-es\/wp-content\/uploads\/sites\/9\/2021\/11\/Capgemini_inside-stories_making-waves-1.jpg?w=360&amp;h=200&amp;crop=1\" class=\"box-img wp-post-image\" alt=\"\" \/>\t\t\t\t<\/div>\n\n\t\t\t\t<div class=\"box-inner\">\n\n\t\t\t\t\t<div class=\"box-inner__content\">\n\n\t\t\t\t\t\t<span class=\"box-tag\">Future-shaping projects<\/span>\n\n\t\t\t\t\t\t<a class=\"box-title\"\n\t\t\t\t\t\t\taria-label=\"Making waves\"\n\t\t\t\t\t\t\thref=\"https:\/\/www.capgemini.com\/ar-es\/news\/inside-stories\/making-waves\/\">\n\n\t\t\t\t\t\t\t<h3>Making waves<\/h3>\n\n\t\t\t\t\t\t<\/a>\n\n\t\t\t\t\t<\/div>\n\n\t\t\t\t\t<p class=\"box-date\">feb. 22, 2023<\/p>\n\n\t\t\t\t<\/div>\n\n\t\t\t<\/div>\n\n\t\t<\/div>\n\n\t\t\t\t\t\t\t<\/div>\n\n\t\t\t\t\t<div class=\"loadmore-button-wrapper\">\n\t\t\t\t\t\t<button id=\"stories_loadmore\" class=\"cg-button-link\">\n\t\t\t\t\t\t\tConocer m\u00e1s historias\t\t\t\t\t\t<\/button>\n\t\t\t\t\t<\/div>\n\t\t\t\t<\/div>\n\n\t\t\t<\/div>\n\n\t\t<\/div>\n\n\t<\/section>\n\t<script>\n\t\twindow.socData = {\n\t\t\tajaxURL: \"https:\/\/www.capgemini.com\/ar-es\/wp-admin\/admin-ajax.php\",\n\t\t\tnonce: \"579d73a941\"\n\t\t};\n\t<\/script>\n<\/div>\n\n\n","protected":false},"excerpt":{"rendered":"","protected":false},"author":12,"featured_media":12501,"parent":5882,"menu_order":4,"comment_status":"closed","ping_status":"closed","template":"","meta":{"cg_dt_proposed_to":[0],"cg_seo_hreflang_relations":"[]","cg_seo_canonical_relation":"","cg_seo_hreflang_x_default_relation":"{\"uuid\":\"eff9ca1f-ce9e-4539-8ccb-c199e77a9fa2\",\"blogId\":\"\",\"domain\":\"\",\"sitePath\":\"\",\"postLink\":\"\",\"postId\":null,\"isSaved\":true,\"isCrossLink\":false,\"hasCrossLink\":false}","cg_dt_approved_content":false,"cg_dt_mandatory_content":false,"cg_dt_notes":"","cg_dg_source_changed":false,"cg_dt_link_disabled":false,"_yoast_wpseo_primary_brand":"","footnotes":"","featured_focal_points":"","partner_card_description":"","gsap_animation":0},"brand":[],"partner_type":[],"service":[],"industry":[],"partners":[],"page-type":[],"content-group":[],"class_list":["post-5884","page","type-page","status-publish","has-post-thumbnail","hentry"],"yoast_head":"<!-- This site is optimized with the Yoast SEO Premium plugin v22.8 (Yoast SEO v22.8) - https:\/\/yoast.com\/wordpress\/plugins\/seo\/ -->\n<title>Historias internas - Stories From Across The Business | Capgemini<\/title>\n<meta name=\"description\" content=\"Testimonios e historias personales que nos cuentan sobre c\u00f3mo estamos construyendo desde dentro de la compa\u00f1\u00eda un futuro mejor para nuestros colegas, clientes y comunidades.\" \/>\n<meta name=\"robots\" content=\"index, follow, max-snippet:-1, max-image-preview:large, max-video-preview:-1\" \/>\n<link rel=\"canonical\" href=\"https:\/\/www.capgemini.com\/ar-es\/news\/inside-stories\/\" \/>\n<meta property=\"og:locale\" content=\"es_MX\" \/>\n<meta property=\"og:type\" content=\"article\" \/>\n<meta property=\"og:title\" content=\"Historias inspiradoras\" \/>\n<meta property=\"og:description\" content=\"Testimonios e historias personales que nos cuentan sobre c\u00f3mo estamos construyendo desde dentro de la compa\u00f1\u00eda un futuro mejor para nuestros colegas, clientes y comunidades.\" \/>\n<meta property=\"og:url\" content=\"https:\/\/www.capgemini.com\/ar-es\/news\/inside-stories\/\" \/>\n<meta property=\"og:site_name\" content=\"Capgemini Argentina\" \/>\n<meta property=\"article:modified_time\" content=\"2025-10-27T15:53:01+00:00\" \/>\n<meta property=\"og:image\" content=\"https:\/\/www.capgemini.com\/ar-es\/wp-content\/uploads\/sites\/9\/2020\/11\/Capgemini_stories_of_change-1.jpg\" \/>\n\t<meta property=\"og:image:width\" content=\"2880\" \/>\n\t<meta property=\"og:image:height\" content=\"1800\" \/>\n\t<meta property=\"og:image:type\" content=\"image\/jpeg\" \/>\n<meta name=\"twitter:card\" content=\"summary_large_image\" \/>\n<meta name=\"twitter:label1\" content=\"Est. reading time\" \/>\n\t<meta name=\"twitter:data1\" content=\"1 minute\" \/>\n<script type=\"application\/ld+json\" class=\"yoast-schema-graph\">{\"@context\":\"https:\/\/schema.org\",\"@graph\":[{\"@type\":\"WebPage\",\"@id\":\"https:\/\/www.capgemini.com\/ar-es\/news\/inside-stories\/\",\"url\":\"https:\/\/www.capgemini.com\/ar-es\/news\/inside-stories\/\",\"name\":\"Historias internas - Stories From Across The Business | Capgemini\",\"isPartOf\":{\"@id\":\"https:\/\/www.capgemini.com\/ar-es\/#website\"},\"primaryImageOfPage\":{\"@id\":\"https:\/\/www.capgemini.com\/ar-es\/news\/inside-stories\/#primaryimage\"},\"image\":{\"@id\":\"https:\/\/www.capgemini.com\/ar-es\/news\/inside-stories\/#primaryimage\"},\"thumbnailUrl\":\"https:\/\/www.capgemini.com\/ar-es\/wp-content\/uploads\/sites\/9\/2020\/11\/Capgemini_stories_of_change-1.jpg\",\"datePublished\":\"2022-11-18T09:24:07+00:00\",\"dateModified\":\"2025-10-27T15:53:01+00:00\",\"description\":\"Testimonios e historias personales que nos cuentan sobre c\u00f3mo estamos construyendo desde dentro de la compa\u00f1\u00eda un futuro mejor para nuestros colegas, clientes y comunidades.\",\"breadcrumb\":{\"@id\":\"https:\/\/www.capgemini.com\/ar-es\/news\/inside-stories\/#breadcrumb\"},\"inLanguage\":\"es-MX\",\"potentialAction\":[{\"@type\":\"ReadAction\",\"target\":[\"https:\/\/www.capgemini.com\/ar-es\/news\/inside-stories\/\"]}]},{\"@type\":\"ImageObject\",\"inLanguage\":\"es-MX\",\"@id\":\"https:\/\/www.capgemini.com\/ar-es\/news\/inside-stories\/#primaryimage\",\"url\":\"https:\/\/www.capgemini.com\/ar-es\/wp-content\/uploads\/sites\/9\/2020\/11\/Capgemini_stories_of_change-1.jpg\",\"contentUrl\":\"https:\/\/www.capgemini.com\/ar-es\/wp-content\/uploads\/sites\/9\/2020\/11\/Capgemini_stories_of_change-1.jpg\",\"width\":2880,\"height\":1800},{\"@type\":\"BreadcrumbList\",\"@id\":\"https:\/\/www.capgemini.com\/ar-es\/news\/inside-stories\/#breadcrumb\",\"itemListElement\":[{\"@type\":\"ListItem\",\"position\":1,\"name\":\"Home\",\"item\":\"https:\/\/www.capgemini.com\/ar-es\/\"},{\"@type\":\"ListItem\",\"position\":2,\"name\":\"News\",\"item\":\"https:\/\/www.capgemini.com\/ar-es\/news\/\"},{\"@type\":\"ListItem\",\"position\":3,\"name\":\"Historias inspiradoras\"}]},{\"@type\":\"WebSite\",\"@id\":\"https:\/\/www.capgemini.com\/ar-es\/#website\",\"url\":\"https:\/\/www.capgemini.com\/ar-es\/\",\"name\":\"Capgemini Argentina\",\"description\":\"Capgemini\",\"potentialAction\":[{\"@type\":\"SearchAction\",\"target\":{\"@type\":\"EntryPoint\",\"urlTemplate\":\"https:\/\/www.capgemini.com\/ar-es\/?s={search_term_string}\"},\"query-input\":\"required name=search_term_string\"}],\"inLanguage\":\"es-MX\"}]}<\/script>\n<!-- \/ Yoast SEO Premium plugin. -->","yoast_head_json":{"title":"Historias internas - Stories From Across The Business | Capgemini","description":"Testimonios e historias personales que nos cuentan sobre c\u00f3mo estamos construyendo desde dentro de la compa\u00f1\u00eda un futuro mejor para nuestros colegas, clientes y comunidades.","robots":{"index":"index","follow":"follow","max-snippet":"max-snippet:-1","max-image-preview":"max-image-preview:large","max-video-preview":"max-video-preview:-1"},"canonical":"https:\/\/www.capgemini.com\/ar-es\/news\/inside-stories\/","og_locale":"es_MX","og_type":"article","og_title":"Historias inspiradoras","og_description":"Testimonios e historias personales que nos cuentan sobre c\u00f3mo estamos construyendo desde dentro de la compa\u00f1\u00eda un futuro mejor para nuestros colegas, clientes y comunidades.","og_url":"https:\/\/www.capgemini.com\/ar-es\/news\/inside-stories\/","og_site_name":"Capgemini Argentina","article_modified_time":"2025-10-27T15:53:01+00:00","og_image":[{"width":2880,"height":1800,"url":"https:\/\/www.capgemini.com\/ar-es\/wp-content\/uploads\/sites\/9\/2020\/11\/Capgemini_stories_of_change-1.jpg","type":"image\/jpeg"}],"twitter_card":"summary_large_image","twitter_misc":{"Est. reading time":"1 minute"},"schema":{"@context":"https:\/\/schema.org","@graph":[{"@type":"WebPage","@id":"https:\/\/www.capgemini.com\/ar-es\/news\/inside-stories\/","url":"https:\/\/www.capgemini.com\/ar-es\/news\/inside-stories\/","name":"Historias internas - Stories From Across The Business | Capgemini","isPartOf":{"@id":"https:\/\/www.capgemini.com\/ar-es\/#website"},"primaryImageOfPage":{"@id":"https:\/\/www.capgemini.com\/ar-es\/news\/inside-stories\/#primaryimage"},"image":{"@id":"https:\/\/www.capgemini.com\/ar-es\/news\/inside-stories\/#primaryimage"},"thumbnailUrl":"https:\/\/www.capgemini.com\/ar-es\/wp-content\/uploads\/sites\/9\/2020\/11\/Capgemini_stories_of_change-1.jpg","datePublished":"2022-11-18T09:24:07+00:00","dateModified":"2025-10-27T15:53:01+00:00","description":"Testimonios e historias personales que nos cuentan sobre c\u00f3mo estamos construyendo desde dentro de la compa\u00f1\u00eda un futuro mejor para nuestros colegas, clientes y comunidades.","breadcrumb":{"@id":"https:\/\/www.capgemini.com\/ar-es\/news\/inside-stories\/#breadcrumb"},"inLanguage":"es-MX","potentialAction":[{"@type":"ReadAction","target":["https:\/\/www.capgemini.com\/ar-es\/news\/inside-stories\/"]}]},{"@type":"ImageObject","inLanguage":"es-MX","@id":"https:\/\/www.capgemini.com\/ar-es\/news\/inside-stories\/#primaryimage","url":"https:\/\/www.capgemini.com\/ar-es\/wp-content\/uploads\/sites\/9\/2020\/11\/Capgemini_stories_of_change-1.jpg","contentUrl":"https:\/\/www.capgemini.com\/ar-es\/wp-content\/uploads\/sites\/9\/2020\/11\/Capgemini_stories_of_change-1.jpg","width":2880,"height":1800},{"@type":"BreadcrumbList","@id":"https:\/\/www.capgemini.com\/ar-es\/news\/inside-stories\/#breadcrumb","itemListElement":[{"@type":"ListItem","position":1,"name":"Home","item":"https:\/\/www.capgemini.com\/ar-es\/"},{"@type":"ListItem","position":2,"name":"News","item":"https:\/\/www.capgemini.com\/ar-es\/news\/"},{"@type":"ListItem","position":3,"name":"Historias inspiradoras"}]},{"@type":"WebSite","@id":"https:\/\/www.capgemini.com\/ar-es\/#website","url":"https:\/\/www.capgemini.com\/ar-es\/","name":"Capgemini Argentina","description":"Capgemini","potentialAction":[{"@type":"SearchAction","target":{"@type":"EntryPoint","urlTemplate":"https:\/\/www.capgemini.com\/ar-es\/?s={search_term_string}"},"query-input":"required name=search_term_string"}],"inLanguage":"es-MX"}]}},"brand_term":[],"parsely":{"version":"1.1.0","canonical_url":"https:\/\/capgemini.com\/ar-es\/news\/inside-stories\/","smart_links":{"inbound":0,"outbound":0},"traffic_boost_suggestions_count":0,"meta":{"@context":"https:\/\/schema.org","@type":"WebPage","headline":"Historias inspiradoras","url":"https:\/\/www.capgemini.com\/ar-es\/news\/inside-stories\/","mainEntityOfPage":{"@type":"WebPage","@id":"https:\/\/www.capgemini.com\/ar-es\/news\/inside-stories\/"},"thumbnailUrl":"https:\/\/www.capgemini.com\/ar-es\/wp-content\/uploads\/sites\/9\/2020\/11\/Capgemini_stories_of_change-1.jpg?w=150&h=150&crop=1","image":{"@type":"ImageObject","url":"https:\/\/www.capgemini.com\/ar-es\/wp-content\/uploads\/sites\/9\/2020\/11\/Capgemini_stories_of_change-1.jpg"},"articleSection":"Uncategorized","author":[],"creator":[],"publisher":{"@type":"Organization","name":"Capgemini Argentina","logo":""},"keywords":[],"dateCreated":"2022-11-18T09:24:07Z","datePublished":"2022-11-18T09:24:07Z","dateModified":"2025-10-27T15:53:01Z"},"rendered":"<meta name=\"parsely-title\" content=\"Historias inspiradoras\" \/>\n<meta name=\"parsely-link\" content=\"https:\/\/www.capgemini.com\/ar-es\/news\/inside-stories\/\" \/>\n<meta name=\"parsely-type\" content=\"index\" \/>\n<meta name=\"parsely-image-url\" content=\"https:\/\/www.capgemini.com\/ar-es\/wp-content\/uploads\/sites\/9\/2020\/11\/Capgemini_stories_of_change-1.jpg?w=150&amp;h=150&amp;crop=1\" \/>\n<meta name=\"parsely-pub-date\" content=\"2022-11-18T09:24:07Z\" \/>\n<meta name=\"parsely-section\" content=\"Uncategorized\" \/>","tracker_url":"https:\/\/cdn.parsely.com\/keys\/capgemini.com\/p.js"},"archive_status":false,"featured_image_src":"https:\/\/www.capgemini.com\/ar-es\/wp-content\/uploads\/sites\/9\/2020\/11\/Capgemini_stories_of_change-1.jpg","featured_image_alt":"","jetpack_sharing_enabled":true,"distributor_meta":false,"distributor_terms":false,"distributor_media":false,"distributor_original_site_name":"Capgemini Argentina","distributor_original_site_url":"https:\/\/www.capgemini.com\/ar-es","push-errors":false,"_links":{"self":[{"href":"https:\/\/www.capgemini.com\/ar-es\/wp-json\/wp\/v2\/pages\/5884","targetHints":{"allow":["GET"]}}],"collection":[{"href":"https:\/\/www.capgemini.com\/ar-es\/wp-json\/wp\/v2\/pages"}],"about":[{"href":"https:\/\/www.capgemini.com\/ar-es\/wp-json\/wp\/v2\/types\/page"}],"author":[{"embeddable":true,"href":"https:\/\/www.capgemini.com\/ar-es\/wp-json\/wp\/v2\/users\/12"}],"replies":[{"embeddable":true,"href":"https:\/\/www.capgemini.com\/ar-es\/wp-json\/wp\/v2\/comments?post=5884"}],"version-history":[{"count":15,"href":"https:\/\/www.capgemini.com\/ar-es\/wp-json\/wp\/v2\/pages\/5884\/revisions"}],"predecessor-version":[{"id":520558,"href":"https:\/\/www.capgemini.com\/ar-es\/wp-json\/wp\/v2\/pages\/5884\/revisions\/520558"}],"up":[{"embeddable":true,"href":"https:\/\/www.capgemini.com\/ar-es\/wp-json\/wp\/v2\/pages\/5882"}],"wp:featuredmedia":[{"embeddable":true,"href":"https:\/\/www.capgemini.com\/ar-es\/wp-json\/wp\/v2\/media\/12501"}],"wp:attachment":[{"href":"https:\/\/www.capgemini.com\/ar-es\/wp-json\/wp\/v2\/media?parent=5884"}],"wp:term":[{"taxonomy":"brand","embeddable":true,"href":"https:\/\/www.capgemini.com\/ar-es\/wp-json\/wp\/v2\/brand?post=5884"},{"taxonomy":"partner_type","embeddable":true,"href":"https:\/\/www.capgemini.com\/ar-es\/wp-json\/wp\/v2\/partner_type?post=5884"},{"taxonomy":"service","embeddable":true,"href":"https:\/\/www.capgemini.com\/ar-es\/wp-json\/wp\/v2\/service?post=5884"},{"taxonomy":"industry","embeddable":true,"href":"https:\/\/www.capgemini.com\/ar-es\/wp-json\/wp\/v2\/industry?post=5884"},{"taxonomy":"partners","embeddable":true,"href":"https:\/\/www.capgemini.com\/ar-es\/wp-json\/wp\/v2\/partners?post=5884"},{"taxonomy":"page-type","embeddable":true,"href":"https:\/\/www.capgemini.com\/ar-es\/wp-json\/wp\/v2\/page-type?post=5884"},{"taxonomy":"content-group","embeddable":true,"href":"https:\/\/www.capgemini.com\/ar-es\/wp-json\/wp\/v2\/content-group?post=5884"}],"curies":[{"name":"wp","href":"https:\/\/api.w.org\/{rel}","templated":true}]}}