{"id":5835,"date":"2023-01-30T16:45:42","date_gmt":"2023-01-30T16:45:42","guid":{"rendered":"https:\/\/www.capgemini.com\/?page_id=514991"},"modified":"2025-03-28T04:56:57","modified_gmt":"2025-03-28T04:56:57","slug":"notificacion-de-vulnerabilidad-de-seguridad","status":"publish","type":"page","link":"https:\/\/www.capgemini.com\/ar-es\/notificacion-de-vulnerabilidad-de-seguridad\/","title":{"rendered":"Notificaci\u00f3n de vulnerabilidad de seguridad"},"content":{"rendered":"\n<div class=\"wp-block-cg-blocks-hero-picture-card undefined  heroPictureCard\"><div class=\"heroPictureCardBgs\"><picture><source srcset=\"https:\/\/www.capgemini.com\/wp-content\/uploads\/2021\/09\/Capgemini_Cybersecurity-Communities.jpg?w=2880&amp;quality=70 1x, https:\/\/www.capgemini.com\/wp-content\/uploads\/2021\/09\/Capgemini_Cybersecurity-Communities.jpg?w=2880&amp;quality=70 2x\" media=\"(min-width: 1500px)\"\/><source srcset=\"https:\/\/www.capgemini.com\/wp-content\/uploads\/2021\/09\/Capgemini_Cybersecurity-Communities.jpg?w=1440&amp;quality=70 1x, https:\/\/www.capgemini.com\/wp-content\/uploads\/2021\/09\/Capgemini_Cybersecurity-Communities.jpg?w=2880&amp;quality=70 2x\" media=\"(min-width: 992px)\"\/><source srcset=\"https:\/\/www.capgemini.com\/wp-content\/uploads\/2021\/09\/Capgemini_Cybersecurity-Communities.jpg?w=1024&amp;quality=70 1x, https:\/\/www.capgemini.com\/wp-content\/uploads\/2021\/09\/Capgemini_Cybersecurity-Communities.jpg?w=1024&amp;quality=70 2x\" media=\"(min-width: 768px)\"\/><source srcset=\"https:\/\/www.capgemini.com\/wp-content\/uploads\/2021\/09\/Capgemini_Cybersecurity-Communities.jpg?w=768&amp;quality=70 1x, https:\/\/www.capgemini.com\/wp-content\/uploads\/2021\/09\/Capgemini_Cybersecurity-Communities.jpg?w=768&amp;quality=70 2x\" media=\"(min-width: 0)\"\/><img decoding=\"async\" src=\"https:\/\/www.capgemini.com\/wp-content\/uploads\/2021\/09\/Capgemini_Cybersecurity-Communities.jpg\" class=\"desktopImage\" alt=\"\" style=\"object-fit:cover;object-position:67% 13%\" loading=\"eager\"\/><\/picture><picture><source srcset=\"https:\/\/www.capgemini.com\/wp-content\/uploads\/2021\/09\/Capgemini_Cybersecurity-Communities.jpg?w=2880&amp;quality=70 1x, https:\/\/www.capgemini.com\/wp-content\/uploads\/2021\/09\/Capgemini_Cybersecurity-Communities.jpg?w=2880&amp;quality=70 2x\" media=\"(min-width: 1500px)\"\/><source srcset=\"https:\/\/www.capgemini.com\/wp-content\/uploads\/2021\/09\/Capgemini_Cybersecurity-Communities.jpg?w=1440&amp;quality=70 1x, https:\/\/www.capgemini.com\/wp-content\/uploads\/2021\/09\/Capgemini_Cybersecurity-Communities.jpg?w=2880&amp;quality=70 2x\" media=\"(min-width: 992px)\"\/><source srcset=\"https:\/\/www.capgemini.com\/wp-content\/uploads\/2021\/09\/Capgemini_Cybersecurity-Communities.jpg?w=1024&amp;quality=70 1x, https:\/\/www.capgemini.com\/wp-content\/uploads\/2021\/09\/Capgemini_Cybersecurity-Communities.jpg?w=1024&amp;quality=70 2x\" media=\"(min-width: 768px)\"\/><source srcset=\"https:\/\/www.capgemini.com\/wp-content\/uploads\/2021\/09\/Capgemini_Cybersecurity-Communities.jpg?w=768&amp;quality=70 1x, https:\/\/www.capgemini.com\/wp-content\/uploads\/2021\/09\/Capgemini_Cybersecurity-Communities.jpg?w=768&amp;quality=70 2x\" media=\"(min-width: 0)\"\/><img decoding=\"async\" src=\"https:\/\/www.capgemini.com\/wp-content\/uploads\/2021\/09\/Capgemini_Cybersecurity-Communities.jpg\" class=\"mobileImage\" alt=\"\" style=\"object-fit:cover;object-position:67% 13%\" loading=\"eager\"\/><\/picture><\/div><div class=\"heroPictureCardHeaderShape\"><\/div><div class=\"container\"><div class=\"row\"><div class=\"col-md-8 col-lg-6\"><div class=\"heroPictureCardBox\"><div class=\"heroPictureCardBoxTitle\"><h1 data-maxlength=\"144\">Notificaci\u00f3n de vulnerabilidad de seguridad<\/h1><\/div><\/div><\/div><\/div><\/div><div class=\"small-device\"><div class=\"brandLogoWrapper\"> <\/div><\/div><\/div>\n\n\n\n<section class=\"wp-block-cg-blocks-group undefined section section--article-content\"><div class=\"article-main-content\"><div class=\"container\"><div class=\"row\"><div class=\"col-12 col-md-11 col-lg-10 offset-md-1 offset-lg-1\"><div class=\"article-text article-quote-text\">\n<h2 class=\"wp-block-heading\">Declaraci\u00f3n<\/h2>\n\n\n\n<p>La ciberseguridad es un aspecto crucial de Capgemini como organizaci\u00f3n. Estamos comprometidos a proteger a todos nuestros usuarios y clientes en todas partes.<\/p>\n\n\n\n<p>Capgemini apoya un enfoque transparente para la gesti\u00f3n de vulnerabilidades trabajando con la comunidad de seguridad en general.<\/p>\n\n\n\n<p>Capgemini cuenta con un equipo dedicado que supervisa de cerca la ciberseguridad de sus sistemas, servicios y productos. Paralelamente, nuestro Equipo de Ciberseguridad del Grupo ejecuta el proceso de gesti\u00f3n de vulnerabilidades externas del Grupo, que gestiona las actividades de recepci\u00f3n, evaluaci\u00f3n (investigaci\u00f3n) y coordinaci\u00f3n de respuesta.<\/p>\n\n\n\n<h3 class=\"wp-block-heading\" id=\"h-proceso-de-notificacion-de-divulgacion-de-vulnerabilidades\">Proceso de notificaci\u00f3n de divulgaci\u00f3n de vulnerabilidades<\/h3>\n\n\n\n<p><strong>C\u00f3mo notificar a Capgemini sobre un problema de seguridad<\/strong><\/p>\n\n\n\n<p>Si descubre una vulnerabilidad en nuestro sistema, servicios o producto, notif\u00edquenos lo antes posible enviando un correo electr\u00f3nico a: <a href=\"mailto:cert.global@capgemini.com\">cert.global@capgemini.com<\/a><\/p>\n\n\n\n<p>Por favor incluya, como m\u00ednimo, la siguiente informaci\u00f3n:<\/p>\n\n\n\n<ul class=\"wp-block-list\">\n<li>Sus datos de contacto (incluido el n\u00famero de tel\u00e9fono de contacto)<\/li>\n\n\n\n<li>Descripci\u00f3n detallada de la vulnerabilidad<\/li>\n\n\n\n<li>Tiempo y m\u00e9todo de su descubrimiento<\/li>\n\n\n\n<li>Especificaci\u00f3n del sistema, servicio o producto donde se ha descubierto la vulnerabilidad<\/li>\n\n\n\n<li>Cualquier otra informaci\u00f3n relacionada (muestras de c\u00f3digo, registros, capturas de pantalla, etc.)<\/li>\n<\/ul>\n\n\n\n<p><strong>Proceso de resoluci\u00f3n<\/strong><\/p>\n\n\n\n<p>Investigaremos cualquier problema de notificaci\u00f3n y emprenderemos todas las acciones y medidas necesarias para mitigar y\/o resolver el problema de notificaci\u00f3n.<\/p>\n\n\n\n<h4 class=\"wp-block-heading\" id=\"h-compromisos\">Compromisos<\/h4>\n\n\n\n<p>Al enviar una notificaci\u00f3n de vulnerabilidad, usted acepta: &#8211;<\/p>\n\n\n\n<ul class=\"wp-block-list\">\n<li>No divulgar o publicar la vulnerabilidad a otros antes de que se haya solucionado y antes de que expire un per\u00edodo de tiempo acordado mutuamente;<\/li>\n\n\n\n<li>No aprovechar la vulnerabilidad, modificar, descargar o eliminar cualquier registro o dato, o lanzar cualquier tipo de ataque basado en la vulnerabilidad;<\/li>\n\n\n\n<li>Cumplir con las leyes y reglamentos relacionados con su ubicaci\u00f3n;<\/li>\n\n\n\n<li>Cumplir con las leyes de protecci\u00f3n de datos aplicables, en particular al no divulgar los datos personales de un tercero sin ning\u00fan fundamento legal v\u00e1lido;<\/li>\n\n\n\n<li>Confirmar que los elementos contenidos en la notificaci\u00f3n que est\u00e1 enviando no infringen los derechos de propiedad intelectual de ning\u00fan tercero (es decir, no copi\u00f3 elementos disponibles en Internet, por ejemplo).<\/li>\n<\/ul>\n\n\n\n<p>Al enviar una notificaci\u00f3n de vulnerabilidad a Capgemini, usted acepta otorgar a Capgemini un derecho mundial e irrevocable para usarla, de forma gratuita y por un per\u00edodo de cincuenta a\u00f1os.<\/p>\n\n\n\n<p><strong>Tratamiento de sus datos personales<\/strong><\/p>\n\n\n\n<p>Al enviar su notificaci\u00f3n, comprende que Capgemini procesar\u00e1 sus datos personales. Dicho procesamiento se lleva a cabo de conformidad con las leyes de protecci\u00f3n de datos aplicables y, en cualquier caso, sus datos personales se procesar\u00e1n solo para dar seguimiento a su notificaci\u00f3n. Capgemini se compromete a no procesar sus datos personales para ning\u00fan otro prop\u00f3sito.<\/p>\n\n\n\n<p><strong>\u00bfCon qui\u00e9n compartimos sus datos personales?<\/strong><\/p>\n\n\n\n<p>Sus datos personales se compartir\u00e1n con terceros solo en la medida estrictamente necesaria, cuando Capgemini conf\u00ede en dicho tercero y haya celebrado acuerdos contractuales para garantizar que sus datos personales se procesen de manera segura y estricta de acuerdo con las instrucciones de Capgemini.<\/p>\n\n\n\n<p>Adem\u00e1s, las filiales de Capgemini o el tercero en cuesti\u00f3n pueden estar ubicados fuera del Espacio Econ\u00f3mico Europeo (&#8220;EEE&#8221;), lo que implica una transferencia de datos de sus datos personales.<\/p>\n\n\n\n<p>\u2192 Cuando dicha transferencia tenga lugar entre entidades de Capgemini, estar\u00e1 cubierta por las Normas Corporativas Vinculantes (&#8220;BCR&#8221;) de Capgemini. Para obtener m\u00e1s informaci\u00f3n sobre el BCR de Capgemini, haga clic en el siguiente enlace: <a href=\"https:\/\/www.capgemini.com\/wp-content\/uploads\/2017\/06\/Capgemini-Binding-Corporate-Rules.pdf\">https:\/\/www.capgemini.com\/wp-content\/uploads\/2017\/06\/Capgemini-Binding-Corporate-Rules.pdf<\/a>.<\/p>\n\n\n\n<p>\u2192 Cuando dicha transferencia tenga lugar entre Capgemini y el tercero externo, Capgemini y dicho tercero tienen Cl\u00e1usulas modelo de la UE aprobadas por la Comisi\u00f3n Europea, para garantizar la seguridad de los datos personales.<\/p>\n\n\n\n<p><strong>\u00bfCu\u00e1nto tiempo conserva Capgemini sus datos personales?<\/strong><\/p>\n\n\n\n<p>Capgemini no conservar\u00e1 sus datos personales durante m\u00e1s tiempo del necesario para los fines para los que fueron recopilados.<\/p>\n\n\n\n<p>Capgemini conservar\u00e1 sus datos personales durante tres (3) a\u00f1os a partir de la fecha de recopilaci\u00f3n.<\/p>\n\n\n\n<p><strong>\u00bfCu\u00e1les son sus derechos y c\u00f3mo ejercerlos?<\/strong><\/p>\n\n\n\n<p>Puede solicitar el acceso, la rectificaci\u00f3n o la supresi\u00f3n de sus datos personales. Tambi\u00e9n puede oponerse al tratamiento de sus datos personales, o solicitar su limitaci\u00f3n. Adem\u00e1s, puede solicitar la comunicaci\u00f3n de sus datos personales en un formato estructurado, de uso com\u00fan y lectura mec\u00e1nica.<\/p>\n\n\n\n<p>Si desea ejercer esos derechos, comun\u00edquese con nuestra Oficina Global de Protecci\u00f3n de Datos enviando un correo electr\u00f3nico a la siguiente direcci\u00f3n: <a href=\"mailto:dpocapgemini.global@capgemini.com\">dpocapgemini.global@capgemini.com<\/a>. En su caso, comunicaremos su solicitud y\/o queja al oficial de protecci\u00f3n de datos local correspondiente.<\/p>\n\n\n\n<p>Tenga en cuenta que tambi\u00e9n tiene derecho a presentar una queja ante una autoridad de protecci\u00f3n de datos o el tribunal de justicia competente.<\/p>\n<\/div><\/div><\/div><\/div><\/div><\/section>\n\n\n\n<p><\/p>\n","protected":false},"excerpt":{"rendered":"","protected":false},"author":310,"featured_media":0,"parent":0,"menu_order":0,"comment_status":"closed","ping_status":"closed","template":"","meta":{"cg_dt_proposed_to":[0],"cg_seo_hreflang_relations":"[]","cg_seo_canonical_relation":"","cg_seo_hreflang_x_default_relation":"","cg_dt_approved_content":false,"cg_dt_mandatory_content":false,"cg_dt_notes":"","cg_dg_source_changed":false,"cg_dt_link_disabled":false,"_yoast_wpseo_primary_brand":"","footnotes":"","featured_focal_points":"","partner_card_description":"","gsap_animation":0},"brand":[],"partner_type":[],"service":[],"industry":[],"partners":[],"page-type":[],"content-group":[],"class_list":["post-5835","page","type-page","status-publish","hentry"],"yoast_head":"<!-- This site is optimized with the Yoast SEO Premium plugin v22.8 (Yoast SEO v22.8) - https:\/\/yoast.com\/wordpress\/plugins\/seo\/ -->\n<title>Notificaci\u00f3n de vulnerabilidad de seguridad | Capgemini<\/title>\n<meta name=\"description\" content=\"Notificaci\u00f3n de vulnerabilidades de seguridad y protecci\u00f3n de datos\" \/>\n<meta name=\"robots\" content=\"index, follow, max-snippet:-1, max-image-preview:large, max-video-preview:-1\" \/>\n<link rel=\"canonical\" href=\"https:\/\/www.capgemini.com\/ar-es\/notificacion-de-vulnerabilidad-de-seguridad\/\" \/>\n<meta property=\"og:locale\" content=\"es_MX\" \/>\n<meta property=\"og:type\" content=\"article\" \/>\n<meta property=\"og:title\" content=\"Notificaci\u00f3n de vulnerabilidad de seguridad\" \/>\n<meta property=\"og:description\" content=\"Notificaci\u00f3n de vulnerabilidades de seguridad y protecci\u00f3n de datos\" \/>\n<meta property=\"og:url\" content=\"https:\/\/www.capgemini.com\/ar-es\/notificacion-de-vulnerabilidad-de-seguridad\/\" \/>\n<meta property=\"og:site_name\" content=\"Capgemini Argentina\" \/>\n<meta property=\"article:modified_time\" content=\"2025-03-28T04:56:57+00:00\" \/>\n<meta property=\"og:image\" content=\"https:\/\/www.capgemini.com\/wp-content\/uploads\/2021\/09\/Capgemini_Cybersecurity-Communities.jpg\" \/>\n<meta name=\"twitter:card\" content=\"summary_large_image\" \/>\n<script type=\"application\/ld+json\" class=\"yoast-schema-graph\">{\"@context\":\"https:\/\/schema.org\",\"@graph\":[{\"@type\":\"WebPage\",\"@id\":\"https:\/\/www.capgemini.com\/ar-es\/notificacion-de-vulnerabilidad-de-seguridad\/\",\"url\":\"https:\/\/www.capgemini.com\/ar-es\/notificacion-de-vulnerabilidad-de-seguridad\/\",\"name\":\"Notificaci\u00f3n de vulnerabilidad de seguridad | Capgemini\",\"isPartOf\":{\"@id\":\"https:\/\/www.capgemini.com\/ar-es\/#website\"},\"primaryImageOfPage\":{\"@id\":\"https:\/\/www.capgemini.com\/ar-es\/notificacion-de-vulnerabilidad-de-seguridad\/#primaryimage\"},\"image\":{\"@id\":\"https:\/\/www.capgemini.com\/ar-es\/notificacion-de-vulnerabilidad-de-seguridad\/#primaryimage\"},\"thumbnailUrl\":\"https:\/\/www.capgemini.com\/wp-content\/uploads\/2021\/09\/Capgemini_Cybersecurity-Communities.jpg\",\"datePublished\":\"2023-01-30T16:45:42+00:00\",\"dateModified\":\"2025-03-28T04:56:57+00:00\",\"description\":\"Notificaci\u00f3n de vulnerabilidades de seguridad y protecci\u00f3n de datos\",\"breadcrumb\":{\"@id\":\"https:\/\/www.capgemini.com\/ar-es\/notificacion-de-vulnerabilidad-de-seguridad\/#breadcrumb\"},\"inLanguage\":\"es-MX\",\"potentialAction\":[{\"@type\":\"ReadAction\",\"target\":[\"https:\/\/www.capgemini.com\/ar-es\/notificacion-de-vulnerabilidad-de-seguridad\/\"]}]},{\"@type\":\"ImageObject\",\"inLanguage\":\"es-MX\",\"@id\":\"https:\/\/www.capgemini.com\/ar-es\/notificacion-de-vulnerabilidad-de-seguridad\/#primaryimage\",\"url\":\"https:\/\/www.capgemini.com\/wp-content\/uploads\/2021\/09\/Capgemini_Cybersecurity-Communities.jpg\",\"contentUrl\":\"https:\/\/www.capgemini.com\/wp-content\/uploads\/2021\/09\/Capgemini_Cybersecurity-Communities.jpg\"},{\"@type\":\"BreadcrumbList\",\"@id\":\"https:\/\/www.capgemini.com\/ar-es\/notificacion-de-vulnerabilidad-de-seguridad\/#breadcrumb\",\"itemListElement\":[{\"@type\":\"ListItem\",\"position\":1,\"name\":\"Home\",\"item\":\"https:\/\/www.capgemini.com\/ar-es\/\"},{\"@type\":\"ListItem\",\"position\":2,\"name\":\"Notificaci\u00f3n de vulnerabilidad de seguridad\"}]},{\"@type\":\"WebSite\",\"@id\":\"https:\/\/www.capgemini.com\/ar-es\/#website\",\"url\":\"https:\/\/www.capgemini.com\/ar-es\/\",\"name\":\"Capgemini Argentina\",\"description\":\"Capgemini\",\"potentialAction\":[{\"@type\":\"SearchAction\",\"target\":{\"@type\":\"EntryPoint\",\"urlTemplate\":\"https:\/\/www.capgemini.com\/ar-es\/?s={search_term_string}\"},\"query-input\":\"required name=search_term_string\"}],\"inLanguage\":\"es-MX\"}]}<\/script>\n<!-- \/ Yoast SEO Premium plugin. -->","yoast_head_json":{"title":"Notificaci\u00f3n de vulnerabilidad de seguridad | Capgemini","description":"Notificaci\u00f3n de vulnerabilidades de seguridad y protecci\u00f3n de datos","robots":{"index":"index","follow":"follow","max-snippet":"max-snippet:-1","max-image-preview":"max-image-preview:large","max-video-preview":"max-video-preview:-1"},"canonical":"https:\/\/www.capgemini.com\/ar-es\/notificacion-de-vulnerabilidad-de-seguridad\/","og_locale":"es_MX","og_type":"article","og_title":"Notificaci\u00f3n de vulnerabilidad de seguridad","og_description":"Notificaci\u00f3n de vulnerabilidades de seguridad y protecci\u00f3n de datos","og_url":"https:\/\/www.capgemini.com\/ar-es\/notificacion-de-vulnerabilidad-de-seguridad\/","og_site_name":"Capgemini Argentina","article_modified_time":"2025-03-28T04:56:57+00:00","og_image":[{"url":"https:\/\/www.capgemini.com\/wp-content\/uploads\/2021\/09\/Capgemini_Cybersecurity-Communities.jpg"}],"twitter_card":"summary_large_image","schema":{"@context":"https:\/\/schema.org","@graph":[{"@type":"WebPage","@id":"https:\/\/www.capgemini.com\/ar-es\/notificacion-de-vulnerabilidad-de-seguridad\/","url":"https:\/\/www.capgemini.com\/ar-es\/notificacion-de-vulnerabilidad-de-seguridad\/","name":"Notificaci\u00f3n de vulnerabilidad de seguridad | Capgemini","isPartOf":{"@id":"https:\/\/www.capgemini.com\/ar-es\/#website"},"primaryImageOfPage":{"@id":"https:\/\/www.capgemini.com\/ar-es\/notificacion-de-vulnerabilidad-de-seguridad\/#primaryimage"},"image":{"@id":"https:\/\/www.capgemini.com\/ar-es\/notificacion-de-vulnerabilidad-de-seguridad\/#primaryimage"},"thumbnailUrl":"https:\/\/www.capgemini.com\/wp-content\/uploads\/2021\/09\/Capgemini_Cybersecurity-Communities.jpg","datePublished":"2023-01-30T16:45:42+00:00","dateModified":"2025-03-28T04:56:57+00:00","description":"Notificaci\u00f3n de vulnerabilidades de seguridad y protecci\u00f3n de datos","breadcrumb":{"@id":"https:\/\/www.capgemini.com\/ar-es\/notificacion-de-vulnerabilidad-de-seguridad\/#breadcrumb"},"inLanguage":"es-MX","potentialAction":[{"@type":"ReadAction","target":["https:\/\/www.capgemini.com\/ar-es\/notificacion-de-vulnerabilidad-de-seguridad\/"]}]},{"@type":"ImageObject","inLanguage":"es-MX","@id":"https:\/\/www.capgemini.com\/ar-es\/notificacion-de-vulnerabilidad-de-seguridad\/#primaryimage","url":"https:\/\/www.capgemini.com\/wp-content\/uploads\/2021\/09\/Capgemini_Cybersecurity-Communities.jpg","contentUrl":"https:\/\/www.capgemini.com\/wp-content\/uploads\/2021\/09\/Capgemini_Cybersecurity-Communities.jpg"},{"@type":"BreadcrumbList","@id":"https:\/\/www.capgemini.com\/ar-es\/notificacion-de-vulnerabilidad-de-seguridad\/#breadcrumb","itemListElement":[{"@type":"ListItem","position":1,"name":"Home","item":"https:\/\/www.capgemini.com\/ar-es\/"},{"@type":"ListItem","position":2,"name":"Notificaci\u00f3n de vulnerabilidad de seguridad"}]},{"@type":"WebSite","@id":"https:\/\/www.capgemini.com\/ar-es\/#website","url":"https:\/\/www.capgemini.com\/ar-es\/","name":"Capgemini Argentina","description":"Capgemini","potentialAction":[{"@type":"SearchAction","target":{"@type":"EntryPoint","urlTemplate":"https:\/\/www.capgemini.com\/ar-es\/?s={search_term_string}"},"query-input":"required name=search_term_string"}],"inLanguage":"es-MX"}]}},"brand_term":[],"parsely":{"version":"1.1.0","canonical_url":"https:\/\/capgemini.com\/ar-es\/notificacion-de-vulnerabilidad-de-seguridad\/","smart_links":{"inbound":0,"outbound":0},"traffic_boost_suggestions_count":0,"meta":{"@context":"https:\/\/schema.org","@type":"WebPage","headline":"Notificaci\u00f3n de vulnerabilidad de seguridad","url":"https:\/\/www.capgemini.com\/ar-es\/notificacion-de-vulnerabilidad-de-seguridad\/","mainEntityOfPage":{"@type":"WebPage","@id":"https:\/\/www.capgemini.com\/ar-es\/notificacion-de-vulnerabilidad-de-seguridad\/"},"thumbnailUrl":"","image":{"@type":"ImageObject","url":""},"articleSection":"Uncategorized","author":[],"creator":[],"publisher":{"@type":"Organization","name":"Capgemini Argentina","logo":""},"keywords":[],"dateCreated":"2023-01-30T16:45:42Z","datePublished":"2023-01-30T16:45:42Z","dateModified":"2025-03-28T04:56:57Z"},"rendered":"<meta name=\"parsely-title\" content=\"Notificaci\u00f3n de vulnerabilidad de seguridad\" \/>\n<meta name=\"parsely-link\" content=\"https:\/\/www.capgemini.com\/ar-es\/notificacion-de-vulnerabilidad-de-seguridad\/\" \/>\n<meta name=\"parsely-type\" content=\"index\" \/>\n<meta name=\"parsely-pub-date\" content=\"2023-01-30T16:45:42Z\" \/>\n<meta name=\"parsely-section\" content=\"Uncategorized\" \/>","tracker_url":"https:\/\/cdn.parsely.com\/keys\/capgemini.com\/p.js"},"archive_status":false,"featured_image_src":"https:\/\/www.capgemini.com\/ar-es\/wp-content\/themes\/capgemini2025\/assets\/images\/mockup.png","featured_image_alt":false,"jetpack_sharing_enabled":true,"distributor_meta":false,"distributor_terms":false,"distributor_media":false,"distributor_original_site_name":"Capgemini Argentina","distributor_original_site_url":"https:\/\/www.capgemini.com\/ar-es","push-errors":false,"_links":{"self":[{"href":"https:\/\/www.capgemini.com\/ar-es\/wp-json\/wp\/v2\/pages\/5835","targetHints":{"allow":["GET"]}}],"collection":[{"href":"https:\/\/www.capgemini.com\/ar-es\/wp-json\/wp\/v2\/pages"}],"about":[{"href":"https:\/\/www.capgemini.com\/ar-es\/wp-json\/wp\/v2\/types\/page"}],"author":[{"embeddable":true,"href":"https:\/\/www.capgemini.com\/ar-es\/wp-json\/wp\/v2\/users\/310"}],"replies":[{"embeddable":true,"href":"https:\/\/www.capgemini.com\/ar-es\/wp-json\/wp\/v2\/comments?post=5835"}],"version-history":[{"count":6,"href":"https:\/\/www.capgemini.com\/ar-es\/wp-json\/wp\/v2\/pages\/5835\/revisions"}],"predecessor-version":[{"id":515785,"href":"https:\/\/www.capgemini.com\/ar-es\/wp-json\/wp\/v2\/pages\/5835\/revisions\/515785"}],"wp:attachment":[{"href":"https:\/\/www.capgemini.com\/ar-es\/wp-json\/wp\/v2\/media?parent=5835"}],"wp:term":[{"taxonomy":"brand","embeddable":true,"href":"https:\/\/www.capgemini.com\/ar-es\/wp-json\/wp\/v2\/brand?post=5835"},{"taxonomy":"partner_type","embeddable":true,"href":"https:\/\/www.capgemini.com\/ar-es\/wp-json\/wp\/v2\/partner_type?post=5835"},{"taxonomy":"service","embeddable":true,"href":"https:\/\/www.capgemini.com\/ar-es\/wp-json\/wp\/v2\/service?post=5835"},{"taxonomy":"industry","embeddable":true,"href":"https:\/\/www.capgemini.com\/ar-es\/wp-json\/wp\/v2\/industry?post=5835"},{"taxonomy":"partners","embeddable":true,"href":"https:\/\/www.capgemini.com\/ar-es\/wp-json\/wp\/v2\/partners?post=5835"},{"taxonomy":"page-type","embeddable":true,"href":"https:\/\/www.capgemini.com\/ar-es\/wp-json\/wp\/v2\/page-type?post=5835"},{"taxonomy":"content-group","embeddable":true,"href":"https:\/\/www.capgemini.com\/ar-es\/wp-json\/wp\/v2\/content-group?post=5835"}],"curies":[{"name":"wp","href":"https:\/\/api.w.org\/{rel}","templated":true}]}}