{"id":5668,"date":"2022-12-23T13:53:57","date_gmt":"2022-12-23T13:53:57","guid":{"rendered":"https:\/\/www.capgemini.com\/?page_id=626794"},"modified":"2025-03-28T05:11:25","modified_gmt":"2025-03-28T05:11:25","slug":"plataforma-de-automatizacion-inteligente","status":"publish","type":"page","link":"https:\/\/www.capgemini.com\/ar-es\/solutions\/plataforma-de-automatizacion-inteligente\/","title":{"rendered":"Plataforma De Automatizaci\u00f3n Inteligente"},"content":{"rendered":"\n<header class=\"wp-block-cg-blocks-hero-reusable header heroReusable  \"><div class=\"header-bgs\"><picture><source srcset=\"https:\/\/www.capgemini.com\/wp-content\/uploads\/2022\/05\/Capgemini_Solution_Intelligent-Automation-Platform.jpg?w=2880&amp;quality=70 1x, https:\/\/www.capgemini.com\/wp-content\/uploads\/2022\/05\/Capgemini_Solution_Intelligent-Automation-Platform.jpg?w=2880&amp;quality=70 2x\" media=\"(min-width: 1500px)\"\/><source srcset=\"https:\/\/www.capgemini.com\/wp-content\/uploads\/2022\/05\/Capgemini_Solution_Intelligent-Automation-Platform.jpg?w=1440&amp;quality=70 1x, https:\/\/www.capgemini.com\/wp-content\/uploads\/2022\/05\/Capgemini_Solution_Intelligent-Automation-Platform.jpg?w=2880&amp;quality=70 2x\" media=\"(min-width: 992px)\"\/><source srcset=\"https:\/\/www.capgemini.com\/wp-content\/uploads\/2022\/05\/Capgemini_Solution_Intelligent-Automation-Platform.jpg?w=1024&amp;quality=70 1x, https:\/\/www.capgemini.com\/wp-content\/uploads\/2022\/05\/Capgemini_Solution_Intelligent-Automation-Platform.jpg?w=1024&amp;quality=70 2x\" media=\"(min-width: 768px)\"\/><source srcset=\"https:\/\/www.capgemini.com\/wp-content\/uploads\/2022\/05\/Capgemini_Solution_Intelligent-Automation-Platform.jpg?w=768&amp;quality=70 1x, https:\/\/www.capgemini.com\/wp-content\/uploads\/2022\/05\/Capgemini_Solution_Intelligent-Automation-Platform.jpg?w=768&amp;quality=70 2x\" media=\"(min-width: 0)\"\/><img decoding=\"async\" src=\"https:\/\/www.capgemini.com\/wp-content\/uploads\/2022\/05\/Capgemini_Solution_Intelligent-Automation-Platform.jpg\" class=\"header-img header-img-d\" alt=\"\" style=\"object-fit:cover;object-position:50% 50%\" loading=\"eager\"\/><\/picture><\/div><div class=\"heroPictureCardHeaderShape\"><\/div><div class=\"container\"><div class=\"row\"><div class=\"col-md-12\"><div class=\"box\"><div class=\"boxTagWrapper\"><div class=\"tagInfo\"><div><span class=\"box-tag\">Solution<\/span><\/div><\/div><\/div><div class=\"box-title\"><h1 data-maxlength=\"34\">Plataforma De Automatizaci\u00f3n Inteligente<\/h1><\/div><div class=\"inner-row-insight download-btn\"><div class=\"col-md-4 downloadFiles \"><a class=\"button-download--small\" type=\"download\" href=\"https:\/\/www.capgemini.com\/wp-content\/uploads\/2022\/05\/Capgeminis-Intelligent-Automation-Platform-Brochure.pdf\" target=\"_blank\" rel=\"noopener noreferrer\" title=\"abrir en una nueva ventana\"><span>Download our brochure<\/span><span class=\"type\">720 KB  pdf<\/span><\/a><\/div><div class=\"col-md-4 downloadFiles \"><a class=\"button-download--small\" type=\"download\" href=\"https:\/\/www.capgemini.com\/wp-content\/uploads\/2022\/05\/CIAP_Infographic-1.pdf\" target=\"_blank\" rel=\"noopener noreferrer\" title=\"abrir en una nueva ventana\"><span>Download infographic<\/span><span class=\"type\">2 MB  pdf<\/span><\/a><\/div><\/div><\/div><\/div><\/div><\/div><\/header>\n\n\n\n<section class=\"wp-block-cg-blocks-intro-para undefined section section--intro section--social-info\"><div class=\"intro-para\"><div class=\"container\"><div class=\"row\"><div class=\"col-12 col-md-1\"><nav class=\"article-social\"><ul class=\"social-nav\"><li class=\"ip-order-fb\"><a href=\"https:\/\/www.facebook.com\/sharer\/sharer.php?u=https:\/\/www.capgemini.com\/ar-es\/solutions\/plataforma-de-automatizacion-inteligente\/\" target=\"_blank\" rel=\"noopener noreferrer\" title=\"abrir en una nueva ventana\"><i aria-hidden=\"true\" class=\"icon-fb\"><\/i><span class=\"sr-only\">Facebook<\/span><\/a><\/li><li class=\"ip-order-li\"><a href=\"https:\/\/www.linkedin.com\/sharing\/share-offsite\/?url=https:\/\/www.capgemini.com\/ar-es\/solutions\/plataforma-de-automatizacion-inteligente\/\" target=\"_blank\" rel=\"noopener noreferrer\" title=\"abrir en una nueva ventana\"><i aria-hidden=\"true\" class=\"icon-li\"><\/i><span class=\"sr-only\">Linkedin<\/span><\/a><\/li><\/ul><\/nav><\/div><div class=\"col-12 col-md-11 col-lg-10\"><h2 class=\"intro-para-title\">La automatizaci\u00f3n inteligente puede ayudar a su empresa a #TransformToWin. \u00bfEst\u00e1s listo para abrazarlo?<\/h2><p class=\"intro-para-content\">El mundo de los negocios se est\u00e1 volviendo digital y la guerra del talento est\u00e1 en su apogeo. \u00bfC\u00f3mo puede redefinir su empresa para gestionar esta complejidad? Gracias a la automatizaci\u00f3n inteligente, potenciando sus talentos. <\/p><\/div><\/div><\/div><\/div><\/section>\n\n\n\n<section class=\"wp-block-cg-blocks-group undefined section section--article-content\"><div class=\"article-main-content\"><div class=\"container\"><div class=\"row\"><div class=\"col-12 col-md-11 col-lg-10 offset-md-1 offset-lg-1\"><div class=\"article-text article-quote-text\">\n<h3 class=\"wp-block-heading\" id=\"h-cuales-son-sus-desafios-como-cio-cto-cdo-cxo\">\u00bfCu\u00e1les son sus desaf\u00edos como CIO\/CTO\/CDO\/CXO?<\/h3>\n\n\n\n<p>El viaje puede estar lejos de ser f\u00e1cil cuando se trata de llegar a su destino esperado:<\/p>\n\n\n\n<div style=\"height:30px\" aria-hidden=\"true\" class=\"wp-block-spacer\"><\/div>\n\n\n\n<figure class=\"wp-block-image aligncenter size-large\"><img decoding=\"async\" src=\"https:\/\/www.capgemini.com\/wp-content\/uploads\/2022\/05\/Image-Intell-Auto-Platform.png?w=960\" alt=\"\" class=\"wp-image-709524\"\/><\/figure>\n\n\n\n<div style=\"height:30px\" aria-hidden=\"true\" class=\"wp-block-spacer\"><\/div>\n\n\n\n<ul class=\"wp-block-list\">\n<li>\u00bfFalta de visibilidad en los procesos comerciales y la TI subyacente?<\/li>\n\n\n\n<li>\u00bfAutomatizaci\u00f3n limitada o distribuida?<\/li>\n\n\n\n<li>\u00bfFalta de mecanismo para impulsar la cobertura de automatizaci\u00f3n?<\/li>\n\n\n\n<li>\u00bfGobierno de automatizaci\u00f3n y realizaci\u00f3n de valor?<\/li>\n\n\n\n<li>\u00bfManejabilidad de la automatizaci\u00f3n?<\/li>\n<\/ul>\n\n\n\n<p>En Capgemini constantemente innovamos y desarrollamos nuestras tecnolog\u00edas para avanzar hacia esta transformaci\u00f3n digital en medio de un mundo h\u00edbrido de trabajo y decisiones comerciales basadas en datos. Nuestro objetivo es empoderar a las empresas para que logren valor comercial y ROI con nuestros avances tecnol\u00f3gicos digitales intensificadas para lograr m\u00e1s; juntos, y lo hacemos con la plataforma de automatizaci\u00f3n inteligente de Capgemini.<\/p>\n\n\n\n<section class=\"wp-block-cg-blocks-intro-para-video section section--info-2cols section--insights section-video\"><div class=\"bg-color video-align-left\"><div class=\"container\"><div class=\"row video-align-right\"><div class=\"col-md-12\"><div class=\"video-align-right row box box--4 box--mini\"><div class=\"col-md-1\"><\/div><div class=\"col-md-8 box-img-wrapper\"><div class=\"video-box\"><div class=\"video-wrapper\"><iframe title=\"video section\" src=\"https:\/\/www.youtube.com\/embed\/Je0N31B-yMc\" frameborder=\"0\" rel=\"0\" allow=\"accelerometer; autoplay; encrypted-media; gyroscope; picture-in-picture\" allowfullscreen><\/iframe><\/div><\/div><\/div><div class=\"col-md-3\"><h4 data-maxlength=\"34\">automatizaci\u00f3n inteligente<\/h4><div class=\"video-info\"><p data-maxlength=\"68\"><\/p><\/div><\/div><div class=\"col-md-1\"><\/div><\/div><\/div><\/div><\/div><\/div><\/section>\n\n\n\n<h3 class=\"wp-block-heading\" id=\"h-que-es-la-plataforma-de-automatizacion-inteligente-de-capgemini\">\u00bfQu\u00e9 es la plataforma de automatizaci\u00f3n inteligente de Capgemini?<\/h3>\n\n\n\n<p>Los clientes buscan cada vez m\u00e1s compromisos de servicios inteligentes dentro de su negocio y TI para mejorar la experiencia del cliente, impulsar la eficiencia al aumentar las capacidades humanas e impulsar la escalabilidad. Ah\u00ed es donde entramos.<\/p>\n\n\n\n<p>La plataforma de automatizaci\u00f3n inteligente de Capgemini es una plataforma plug-and-play basada en conocimientos, dise\u00f1ada espec\u00edficamente, que permite la entrega efectiva de TI, servicios de aplicaciones y operaciones comerciales para proporcionar automatizaci\u00f3n inteligente en todo su potencial. Esto permite a las empresas obtener el m\u00e1ximo valor en todas sus operaciones, sin problemas y a escala.<\/p>\n\n\n\n<p>Basada en tecnolog\u00eda open source de \u00faltima generaci\u00f3n, la plataforma facilita la captura de eventos producidos por los sistemas operativos. Los sintetiza en informaci\u00f3n relevante para el negocio al generar una vista intuitiva para proporcionar un estado de salud en tiempo real de la operaci\u00f3n comercial del cliente.<\/p>\n\n\n\n<p>La plataforma recopila informaci\u00f3n empresarial para impulsar la mejora proactiva de los procesos. Esto tambi\u00e9n garantiza una integraci\u00f3n inteligente de los servicios comerciales y de aplicaciones, gracias a los casos de uso orientados a la acci\u00f3n espec\u00edficos del sector y de back-office que se aprovechan para proporcionar un mayor valor para su empresa.<\/p>\n\n\n\n<div style=\"height:30px\" aria-hidden=\"true\" class=\"wp-block-spacer\"><\/div>\n\n\n\n<blockquote class=\"wp-block-quote is-layout-flow wp-block-quote-is-layout-flow\">\n<p>\u201cLas empresas est\u00e1n mirando m\u00e1s all\u00e1 de RPA hacia la verdadera automatizaci\u00f3n inteligente al pensar en t\u00e9rminos de resultados comerciales\u201d.<\/p>\n<cite>Elena Christopher, HFS Research, \u201cEmpresas, escapen del casillero de RPA hoy para lograr la automatizaci\u00f3n de un extremo a otro, 31 de mayo de 2019<\/cite><\/blockquote>\n\n\n\n<div style=\"height:30px\" aria-hidden=\"true\" class=\"wp-block-spacer\"><\/div>\n\n\n\n<h3 class=\"wp-block-heading\" id=\"h-por-que-elegir-la-plataforma-de-automatizacion-inteligente-de-capgemini\">Por qu\u00e9 elegir la plataforma de automatizaci\u00f3n inteligente de Capgemini<\/h3>\n\n\n\n<p><em><strong>Rendimiento empresarial y eficiencia de TI: unificados.<\/strong><\/em><\/p>\n\n\n\n<p>La plataforma de automatizaci\u00f3n inteligente de Capgemini permite la excelencia operativa que mejora el tiempo de obtenci\u00f3n de resultados y la reducci\u00f3n de costos para impulsar su agenda digital. Tambi\u00e9n se alinea con sus prioridades comerciales y la din\u00e1mica del mercado, brind\u00e1ndole informaci\u00f3n procesable derivada de la experiencia de impulsar programas de automatizaci\u00f3n inteligente para m\u00e1s de 600 clientes en todo el mundo, y cuenta con el respaldo de m\u00e1s de 30 000 profesionales y expertos en automatizaci\u00f3n.<\/p>\n\n\n\n<div style=\"height:30px\" aria-hidden=\"true\" class=\"wp-block-spacer\"><\/div>\n\n\n\n<h3 class=\"wp-block-heading\" id=\"h-5-razones-por-las-que-elegir-la-plataforma-de-automatizacion-inteligente-de-capgemini\">5 razones por las que elegir la plataforma de automatizaci\u00f3n inteligente de Capgemini<\/h3>\n\n\n\n<p><br>Alineado con el negocio<strong>:&nbsp; nuestro repositorio de casos de uso de automatizaci\u00f3n espec\u00edficos de la industria permite soluciones que abordan necesidades espec\u00edficas de diferentes sectores de la industria.<\/strong><\/p>\n\n\n\n<p><strong>Innovaci\u00f3n integrada:<\/strong>&nbsp; obtenga lo mejor de las soluciones de Capgemini y de terceros para impulsar su innovaci\u00f3n.<\/p>\n\n\n\n<p><strong>Impulsado por conocimientos<\/strong>:&nbsp; la inteligencia de la plataforma se habilita a trav\u00e9s de su arquitectura de datos subyacente. Los datos granulares no personales capturados dentro de las unidades impulsan funcionalidades inteligentes clave.<\/p>\n\n\n\n<p><strong>Listo para lo digital:<\/strong>&nbsp; la plataforma proporciona un motor integrado unificado que sirve a la cartera completa de servicios de Capgemini, yendo m\u00e1s all\u00e1 de las eficiencias de procesos radicales para innovar y mejorar los ingresos para impulsar la excelencia comercial y de TI.<\/p>\n\n\n\n<p><strong>Entrega industrializada<\/strong>:&nbsp; impulsada por la nube, nuestra plataforma del mundo real infundida con IA lleva a su empresa de implementaciones limitadas a automatizaci\u00f3n inteligente a escala.<\/p>\n<\/div><\/div><\/div><\/div><\/div><\/section>\n\n\n\n<section class=\"wp-block-cg-blocks-group undefined section section--article-content\" id=\"quoteWrapper\"><div class=\"article-main-content\"><div class=\"container\"><div class=\"row\"><div class=\"col-12 col-md-11 col-lg-10 offset-md-1 offset-lg-1\"><div class=\"article-text article-quote-text\">\n\n<blockquote class=\"wp-block-quote is-layout-flow wp-block-quote-is-layout-flow\"><p><em>\u201cLa inteligencia artificial, el an\u00e1lisis y la automatizaci\u00f3n, al tiempo que ofrecen un valor comercial potencial transformador, necesitan un enfoque integrado en todos los datos, procesos y tecnolog\u00edas. Cuando se implementan en casos de uso aislados en niveles de automatizaci\u00f3n de tareas, no escalan ni brindan el impacto transformador esperado en los resultados del proceso de extremo a extremo\u201d.<\/em><\/p><cite><em>HFS Research, resuelva el desaf\u00edo de la escala de automatizaci\u00f3n con automatizaci\u00f3n integrada, Fersht, Snowdon, Gupta, Christopher, Bandopadhyay<\/em><\/cite><\/blockquote>\n\n<\/div><\/div><\/div><\/div><\/div><\/section>\n","protected":false},"excerpt":{"rendered":"","protected":false},"author":151,"featured_media":15128,"parent":5720,"menu_order":0,"comment_status":"closed","ping_status":"closed","template":"","meta":{"cg_dt_proposed_to":[0],"cg_seo_hreflang_relations":"[]","cg_seo_canonical_relation":"","cg_seo_hreflang_x_default_relation":"","cg_dt_approved_content":false,"cg_dt_mandatory_content":false,"cg_dt_notes":"","cg_dg_source_changed":false,"cg_dt_link_disabled":false,"_yoast_wpseo_primary_brand":"","footnotes":"","featured_focal_points":"","partner_card_description":"","gsap_animation":0},"brand":[],"partner_type":[],"service":[],"industry":[],"partners":[],"page-type":[167],"content-group":[],"class_list":["post-5668","page","type-page","status-publish","has-post-thumbnail","hentry","page-type-solutions"],"yoast_head":"<!-- This site is optimized with the Yoast SEO Premium plugin v22.8 (Yoast SEO v22.8) - https:\/\/yoast.com\/wordpress\/plugins\/seo\/ -->\n<title>Plataforma De Automatizaci\u00f3n Inteligente | Capgemini<\/title>\n<meta name=\"description\" content=\"La plataforma recopila informaci\u00f3n empresarial para impulsar la mejora proactiva de los procesos.\" \/>\n<meta name=\"robots\" content=\"index, follow, max-snippet:-1, max-image-preview:large, max-video-preview:-1\" \/>\n<link rel=\"canonical\" href=\"https:\/\/www.capgemini.com\/ar-es\/solutions\/plataforma-de-automatizacion-inteligente\/\" \/>\n<meta property=\"og:locale\" content=\"es_MX\" \/>\n<meta property=\"og:type\" content=\"article\" \/>\n<meta property=\"og:title\" content=\"Plataforma De Automatizaci\u00f3n Inteligente\" \/>\n<meta property=\"og:description\" content=\"La plataforma recopila informaci\u00f3n empresarial para impulsar la mejora proactiva de los procesos.\" \/>\n<meta property=\"og:url\" content=\"https:\/\/www.capgemini.com\/ar-es\/solutions\/plataforma-de-automatizacion-inteligente\/\" \/>\n<meta property=\"og:site_name\" content=\"Capgemini Argentina\" \/>\n<meta property=\"article:modified_time\" content=\"2025-03-28T05:11:25+00:00\" \/>\n<meta property=\"og:image\" content=\"https:\/\/www.capgemini.com\/ar-es\/wp-content\/uploads\/sites\/9\/2021\/09\/Capgemini_Solution_Intelligent-Automation-Platform-1.jpg\" \/>\n\t<meta property=\"og:image:width\" content=\"2880\" \/>\n\t<meta property=\"og:image:height\" content=\"1800\" \/>\n\t<meta property=\"og:image:type\" content=\"image\/jpeg\" \/>\n<meta name=\"twitter:card\" content=\"summary_large_image\" \/>\n<meta name=\"twitter:label1\" content=\"Est. reading time\" \/>\n\t<meta name=\"twitter:data1\" content=\"4 minutes\" \/>\n<script type=\"application\/ld+json\" class=\"yoast-schema-graph\">{\"@context\":\"https:\/\/schema.org\",\"@graph\":[{\"@type\":\"WebPage\",\"@id\":\"https:\/\/www.capgemini.com\/ar-es\/solutions\/plataforma-de-automatizacion-inteligente\/\",\"url\":\"https:\/\/www.capgemini.com\/ar-es\/solutions\/plataforma-de-automatizacion-inteligente\/\",\"name\":\"Plataforma De Automatizaci\u00f3n Inteligente | Capgemini\",\"isPartOf\":{\"@id\":\"https:\/\/www.capgemini.com\/ar-es\/#website\"},\"primaryImageOfPage\":{\"@id\":\"https:\/\/www.capgemini.com\/ar-es\/solutions\/plataforma-de-automatizacion-inteligente\/#primaryimage\"},\"image\":{\"@id\":\"https:\/\/www.capgemini.com\/ar-es\/solutions\/plataforma-de-automatizacion-inteligente\/#primaryimage\"},\"thumbnailUrl\":\"https:\/\/www.capgemini.com\/ar-es\/wp-content\/uploads\/sites\/9\/2021\/09\/Capgemini_Solution_Intelligent-Automation-Platform-1.jpg\",\"datePublished\":\"2022-12-23T13:53:57+00:00\",\"dateModified\":\"2025-03-28T05:11:25+00:00\",\"description\":\"La plataforma recopila informaci\u00f3n empresarial para impulsar la mejora proactiva de los procesos.\",\"breadcrumb\":{\"@id\":\"https:\/\/www.capgemini.com\/ar-es\/solutions\/plataforma-de-automatizacion-inteligente\/#breadcrumb\"},\"inLanguage\":\"es-MX\",\"potentialAction\":[{\"@type\":\"ReadAction\",\"target\":[\"https:\/\/www.capgemini.com\/ar-es\/solutions\/plataforma-de-automatizacion-inteligente\/\"]}]},{\"@type\":\"ImageObject\",\"inLanguage\":\"es-MX\",\"@id\":\"https:\/\/www.capgemini.com\/ar-es\/solutions\/plataforma-de-automatizacion-inteligente\/#primaryimage\",\"url\":\"https:\/\/www.capgemini.com\/ar-es\/wp-content\/uploads\/sites\/9\/2021\/09\/Capgemini_Solution_Intelligent-Automation-Platform-1.jpg\",\"contentUrl\":\"https:\/\/www.capgemini.com\/ar-es\/wp-content\/uploads\/sites\/9\/2021\/09\/Capgemini_Solution_Intelligent-Automation-Platform-1.jpg\",\"width\":2880,\"height\":1800},{\"@type\":\"BreadcrumbList\",\"@id\":\"https:\/\/www.capgemini.com\/ar-es\/solutions\/plataforma-de-automatizacion-inteligente\/#breadcrumb\",\"itemListElement\":[{\"@type\":\"ListItem\",\"position\":1,\"name\":\"Home\",\"item\":\"https:\/\/www.capgemini.com\/ar-es\/\"},{\"@type\":\"ListItem\",\"position\":2,\"name\":\"Solutions\",\"item\":\"https:\/\/www.capgemini.com\/ar-es\/?page_id=5720&preview_id=5720\"},{\"@type\":\"ListItem\",\"position\":3,\"name\":\"Plataforma De Automatizaci\u00f3n Inteligente\"}]},{\"@type\":\"WebSite\",\"@id\":\"https:\/\/www.capgemini.com\/ar-es\/#website\",\"url\":\"https:\/\/www.capgemini.com\/ar-es\/\",\"name\":\"Capgemini Argentina\",\"description\":\"Capgemini\",\"potentialAction\":[{\"@type\":\"SearchAction\",\"target\":{\"@type\":\"EntryPoint\",\"urlTemplate\":\"https:\/\/www.capgemini.com\/ar-es\/?s={search_term_string}\"},\"query-input\":\"required name=search_term_string\"}],\"inLanguage\":\"es-MX\"}]}<\/script>\n<!-- \/ Yoast SEO Premium plugin. -->","yoast_head_json":{"title":"Plataforma De Automatizaci\u00f3n Inteligente | Capgemini","description":"La plataforma recopila informaci\u00f3n empresarial para impulsar la mejora proactiva de los procesos.","robots":{"index":"index","follow":"follow","max-snippet":"max-snippet:-1","max-image-preview":"max-image-preview:large","max-video-preview":"max-video-preview:-1"},"canonical":"https:\/\/www.capgemini.com\/ar-es\/solutions\/plataforma-de-automatizacion-inteligente\/","og_locale":"es_MX","og_type":"article","og_title":"Plataforma De Automatizaci\u00f3n Inteligente","og_description":"La plataforma recopila informaci\u00f3n empresarial para impulsar la mejora proactiva de los procesos.","og_url":"https:\/\/www.capgemini.com\/ar-es\/solutions\/plataforma-de-automatizacion-inteligente\/","og_site_name":"Capgemini Argentina","article_modified_time":"2025-03-28T05:11:25+00:00","og_image":[{"width":2880,"height":1800,"url":"https:\/\/www.capgemini.com\/ar-es\/wp-content\/uploads\/sites\/9\/2021\/09\/Capgemini_Solution_Intelligent-Automation-Platform-1.jpg","type":"image\/jpeg"}],"twitter_card":"summary_large_image","twitter_misc":{"Est. reading time":"4 minutes"},"schema":{"@context":"https:\/\/schema.org","@graph":[{"@type":"WebPage","@id":"https:\/\/www.capgemini.com\/ar-es\/solutions\/plataforma-de-automatizacion-inteligente\/","url":"https:\/\/www.capgemini.com\/ar-es\/solutions\/plataforma-de-automatizacion-inteligente\/","name":"Plataforma De Automatizaci\u00f3n Inteligente | Capgemini","isPartOf":{"@id":"https:\/\/www.capgemini.com\/ar-es\/#website"},"primaryImageOfPage":{"@id":"https:\/\/www.capgemini.com\/ar-es\/solutions\/plataforma-de-automatizacion-inteligente\/#primaryimage"},"image":{"@id":"https:\/\/www.capgemini.com\/ar-es\/solutions\/plataforma-de-automatizacion-inteligente\/#primaryimage"},"thumbnailUrl":"https:\/\/www.capgemini.com\/ar-es\/wp-content\/uploads\/sites\/9\/2021\/09\/Capgemini_Solution_Intelligent-Automation-Platform-1.jpg","datePublished":"2022-12-23T13:53:57+00:00","dateModified":"2025-03-28T05:11:25+00:00","description":"La plataforma recopila informaci\u00f3n empresarial para impulsar la mejora proactiva de los procesos.","breadcrumb":{"@id":"https:\/\/www.capgemini.com\/ar-es\/solutions\/plataforma-de-automatizacion-inteligente\/#breadcrumb"},"inLanguage":"es-MX","potentialAction":[{"@type":"ReadAction","target":["https:\/\/www.capgemini.com\/ar-es\/solutions\/plataforma-de-automatizacion-inteligente\/"]}]},{"@type":"ImageObject","inLanguage":"es-MX","@id":"https:\/\/www.capgemini.com\/ar-es\/solutions\/plataforma-de-automatizacion-inteligente\/#primaryimage","url":"https:\/\/www.capgemini.com\/ar-es\/wp-content\/uploads\/sites\/9\/2021\/09\/Capgemini_Solution_Intelligent-Automation-Platform-1.jpg","contentUrl":"https:\/\/www.capgemini.com\/ar-es\/wp-content\/uploads\/sites\/9\/2021\/09\/Capgemini_Solution_Intelligent-Automation-Platform-1.jpg","width":2880,"height":1800},{"@type":"BreadcrumbList","@id":"https:\/\/www.capgemini.com\/ar-es\/solutions\/plataforma-de-automatizacion-inteligente\/#breadcrumb","itemListElement":[{"@type":"ListItem","position":1,"name":"Home","item":"https:\/\/www.capgemini.com\/ar-es\/"},{"@type":"ListItem","position":2,"name":"Solutions","item":"https:\/\/www.capgemini.com\/ar-es\/?page_id=5720&preview_id=5720"},{"@type":"ListItem","position":3,"name":"Plataforma De Automatizaci\u00f3n Inteligente"}]},{"@type":"WebSite","@id":"https:\/\/www.capgemini.com\/ar-es\/#website","url":"https:\/\/www.capgemini.com\/ar-es\/","name":"Capgemini Argentina","description":"Capgemini","potentialAction":[{"@type":"SearchAction","target":{"@type":"EntryPoint","urlTemplate":"https:\/\/www.capgemini.com\/ar-es\/?s={search_term_string}"},"query-input":"required name=search_term_string"}],"inLanguage":"es-MX"}]}},"brand_term":[],"parsely":{"version":"1.1.0","canonical_url":"https:\/\/capgemini.com\/ar-es\/solutions\/plataforma-de-automatizacion-inteligente\/","smart_links":{"inbound":0,"outbound":0},"traffic_boost_suggestions_count":0,"meta":{"@context":"https:\/\/schema.org","@type":"WebPage","headline":"Plataforma De Automatizaci\u00f3n Inteligente","url":"https:\/\/www.capgemini.com\/ar-es\/solutions\/plataforma-de-automatizacion-inteligente\/","mainEntityOfPage":{"@type":"WebPage","@id":"https:\/\/www.capgemini.com\/ar-es\/solutions\/plataforma-de-automatizacion-inteligente\/"},"thumbnailUrl":"https:\/\/www.capgemini.com\/ar-es\/wp-content\/uploads\/sites\/9\/2021\/09\/Capgemini_Solution_Intelligent-Automation-Platform-1.jpg?w=150&h=150&crop=1","image":{"@type":"ImageObject","url":"https:\/\/www.capgemini.com\/ar-es\/wp-content\/uploads\/sites\/9\/2021\/09\/Capgemini_Solution_Intelligent-Automation-Platform-1.jpg"},"articleSection":"Uncategorized","author":[],"creator":[],"publisher":{"@type":"Organization","name":"Capgemini Argentina","logo":""},"keywords":[],"dateCreated":"2022-12-23T13:53:57Z","datePublished":"2022-12-23T13:53:57Z","dateModified":"2025-03-28T05:11:25Z"},"rendered":"<meta name=\"parsely-title\" content=\"Plataforma De Automatizaci\u00f3n Inteligente\" \/>\n<meta name=\"parsely-link\" content=\"https:\/\/www.capgemini.com\/ar-es\/solutions\/plataforma-de-automatizacion-inteligente\/\" \/>\n<meta name=\"parsely-type\" content=\"index\" \/>\n<meta name=\"parsely-image-url\" content=\"https:\/\/www.capgemini.com\/ar-es\/wp-content\/uploads\/sites\/9\/2021\/09\/Capgemini_Solution_Intelligent-Automation-Platform-1.jpg?w=150&amp;h=150&amp;crop=1\" \/>\n<meta name=\"parsely-pub-date\" content=\"2022-12-23T13:53:57Z\" \/>\n<meta name=\"parsely-section\" content=\"Uncategorized\" \/>","tracker_url":"https:\/\/cdn.parsely.com\/keys\/capgemini.com\/p.js"},"archive_status":false,"featured_image_src":"https:\/\/www.capgemini.com\/ar-es\/wp-content\/uploads\/sites\/9\/2021\/09\/Capgemini_Solution_Intelligent-Automation-Platform-1.jpg","featured_image_alt":"","jetpack_sharing_enabled":true,"distributor_meta":false,"distributor_terms":false,"distributor_media":false,"distributor_original_site_name":"Capgemini Argentina","distributor_original_site_url":"https:\/\/www.capgemini.com\/ar-es","push-errors":false,"_links":{"self":[{"href":"https:\/\/www.capgemini.com\/ar-es\/wp-json\/wp\/v2\/pages\/5668","targetHints":{"allow":["GET"]}}],"collection":[{"href":"https:\/\/www.capgemini.com\/ar-es\/wp-json\/wp\/v2\/pages"}],"about":[{"href":"https:\/\/www.capgemini.com\/ar-es\/wp-json\/wp\/v2\/types\/page"}],"author":[{"embeddable":true,"href":"https:\/\/www.capgemini.com\/ar-es\/wp-json\/wp\/v2\/users\/151"}],"replies":[{"embeddable":true,"href":"https:\/\/www.capgemini.com\/ar-es\/wp-json\/wp\/v2\/comments?post=5668"}],"version-history":[{"count":8,"href":"https:\/\/www.capgemini.com\/ar-es\/wp-json\/wp\/v2\/pages\/5668\/revisions"}],"predecessor-version":[{"id":515824,"href":"https:\/\/www.capgemini.com\/ar-es\/wp-json\/wp\/v2\/pages\/5668\/revisions\/515824"}],"up":[{"embeddable":true,"href":"https:\/\/www.capgemini.com\/ar-es\/wp-json\/wp\/v2\/pages\/5720"}],"wp:featuredmedia":[{"embeddable":true,"href":"https:\/\/www.capgemini.com\/ar-es\/wp-json\/wp\/v2\/media\/15128"}],"wp:attachment":[{"href":"https:\/\/www.capgemini.com\/ar-es\/wp-json\/wp\/v2\/media?parent=5668"}],"wp:term":[{"taxonomy":"brand","embeddable":true,"href":"https:\/\/www.capgemini.com\/ar-es\/wp-json\/wp\/v2\/brand?post=5668"},{"taxonomy":"partner_type","embeddable":true,"href":"https:\/\/www.capgemini.com\/ar-es\/wp-json\/wp\/v2\/partner_type?post=5668"},{"taxonomy":"service","embeddable":true,"href":"https:\/\/www.capgemini.com\/ar-es\/wp-json\/wp\/v2\/service?post=5668"},{"taxonomy":"industry","embeddable":true,"href":"https:\/\/www.capgemini.com\/ar-es\/wp-json\/wp\/v2\/industry?post=5668"},{"taxonomy":"partners","embeddable":true,"href":"https:\/\/www.capgemini.com\/ar-es\/wp-json\/wp\/v2\/partners?post=5668"},{"taxonomy":"page-type","embeddable":true,"href":"https:\/\/www.capgemini.com\/ar-es\/wp-json\/wp\/v2\/page-type?post=5668"},{"taxonomy":"content-group","embeddable":true,"href":"https:\/\/www.capgemini.com\/ar-es\/wp-json\/wp\/v2\/content-group?post=5668"}],"curies":[{"name":"wp","href":"https:\/\/api.w.org\/{rel}","templated":true}]}}