{"id":5663,"date":"2022-12-14T06:14:42","date_gmt":"2022-12-14T06:14:42","guid":{"rendered":"https:\/\/www.capgemini.com\/?page_id=626859"},"modified":"2025-03-28T05:20:31","modified_gmt":"2025-03-28T05:20:31","slug":"agile-devops-de-admnext","status":"publish","type":"page","link":"https:\/\/www.capgemini.com\/ar-es\/solutions\/agile-devops-de-admnext\/","title":{"rendered":"Agile &#038; DevOps de Admnext"},"content":{"rendered":"\n<header class=\"wp-block-cg-blocks-hero-reusable header heroReusable  \"><div class=\"header-bgs\"><picture><source srcset=\"https:\/\/www.capgemini.com\/wp-content\/uploads\/2021\/11\/Capgemini_AN-INNOVATIVE-BUSINESS-FOCUSED-AGILE-DEVOPS-MODEL-FROM-ADMNEXT.jpg?w=2880&amp;quality=70 1x, https:\/\/www.capgemini.com\/wp-content\/uploads\/2021\/11\/Capgemini_AN-INNOVATIVE-BUSINESS-FOCUSED-AGILE-DEVOPS-MODEL-FROM-ADMNEXT.jpg?w=2880&amp;quality=70 2x\" media=\"(min-width: 1500px)\"\/><source srcset=\"https:\/\/www.capgemini.com\/wp-content\/uploads\/2021\/11\/Capgemini_AN-INNOVATIVE-BUSINESS-FOCUSED-AGILE-DEVOPS-MODEL-FROM-ADMNEXT.jpg?w=1440&amp;quality=70 1x, https:\/\/www.capgemini.com\/wp-content\/uploads\/2021\/11\/Capgemini_AN-INNOVATIVE-BUSINESS-FOCUSED-AGILE-DEVOPS-MODEL-FROM-ADMNEXT.jpg?w=2880&amp;quality=70 2x\" media=\"(min-width: 992px)\"\/><source srcset=\"https:\/\/www.capgemini.com\/wp-content\/uploads\/2021\/11\/Capgemini_AN-INNOVATIVE-BUSINESS-FOCUSED-AGILE-DEVOPS-MODEL-FROM-ADMNEXT.jpg?w=1024&amp;quality=70 1x, https:\/\/www.capgemini.com\/wp-content\/uploads\/2021\/11\/Capgemini_AN-INNOVATIVE-BUSINESS-FOCUSED-AGILE-DEVOPS-MODEL-FROM-ADMNEXT.jpg?w=1024&amp;quality=70 2x\" media=\"(min-width: 768px)\"\/><source srcset=\"https:\/\/www.capgemini.com\/wp-content\/uploads\/2021\/11\/Capgemini_AN-INNOVATIVE-BUSINESS-FOCUSED-AGILE-DEVOPS-MODEL-FROM-ADMNEXT.jpg?w=768&amp;quality=70 1x, https:\/\/www.capgemini.com\/wp-content\/uploads\/2021\/11\/Capgemini_AN-INNOVATIVE-BUSINESS-FOCUSED-AGILE-DEVOPS-MODEL-FROM-ADMNEXT.jpg?w=768&amp;quality=70 2x\" media=\"(min-width: 0)\"\/><img decoding=\"async\" src=\"https:\/\/www.capgemini.com\/wp-content\/uploads\/2021\/11\/Capgemini_AN-INNOVATIVE-BUSINESS-FOCUSED-AGILE-DEVOPS-MODEL-FROM-ADMNEXT.jpg\" class=\"header-img header-img-d\" alt=\"\" style=\"object-fit:cover;object-position:52% 36%\" loading=\"eager\"\/><\/picture><\/div><div class=\"heroPictureCardHeaderShape\"><\/div><div class=\"container\"><div class=\"row\"><div class=\"col-md-12\"><div class=\"box\"><div class=\"boxTagWrapper\"><div class=\"tagInfo\"><div><span class=\"box-tag\">Solution<\/span><\/div><\/div><\/div><div class=\"box-title\"><h1 data-maxlength=\"34\">Agile &amp; DevOps\u00a0 de Admnext , un modelo innovador enfocado en el negocio<\/h1><\/div><div class=\"inner-row-insight download-btn\"><div class=\"col-md-4 downloadFiles addPadding\"><a class=\"button-download--small\" type=\"download\" href=\"https:\/\/www.capgemini.com\/wp-content\/uploads\/2021\/09\/ADMnext-AgileDevOps-1.pdf\" target=\"_blank\" rel=\"noopener noreferrer\" title=\"abrir en una nueva ventana\"><span>Download Brochure<\/span><span class=\"type\">2 MB  pdf<\/span><\/a><\/div><\/div><\/div><\/div><\/div><\/div><\/header>\n\n\n\n<section class=\"wp-block-cg-blocks-intro-para undefined section section--intro\"><div class=\"intro-para\"><div class=\"container\"><div class=\"row\"><div class=\"col-12 col-md-1\"><nav class=\"article-social\"><ul class=\"social-nav\"><li class=\"ip-order-fb\"><a href=\"https:\/\/www.facebook.com\/sharer\/sharer.php?u=https:\/\/www.capgemini.com\/ar-es\/solutions\/agile-devops-de-admnext\/\" target=\"_blank\" rel=\"noopener noreferrer\" title=\"abrir en una nueva ventana\"><i aria-hidden=\"true\" class=\"icon-fb\"><\/i><span class=\"sr-only\">Facebook<\/span><\/a><\/li><li class=\"ip-order-tw\"><a href=\"https:\/\/twitter.com\/intent\/tweet?url=https:\/\/www.capgemini.com\/ar-es\/solutions\/agile-devops-de-admnext\/&amp;text=Agile &amp; DevOps de Admnext\" target=\"_blank\" rel=\"noopener noreferrer\" title=\"abrir en una nueva ventana\"><i aria-hidden=\"true\" class=\"icon-tw\"><\/i><span class=\"sr-only\">Twitter<\/span><\/a><\/li><li class=\"ip-order-li\"><a href=\"https:\/\/www.linkedin.com\/sharing\/share-offsite\/?url=https:\/\/www.capgemini.com\/ar-es\/solutions\/agile-devops-de-admnext\/&amp;text=Agile &amp; DevOps de Admnext\" target=\"_blank\" rel=\"noopener noreferrer\" title=\"abrir en una nueva ventana\"><i aria-hidden=\"true\" class=\"icon-li\"><\/i><span class=\"sr-only\">Linkedin<\/span><\/a><\/li><\/ul><\/nav><\/div><div class=\"col-12 col-md-11 col-lg-10\"><h2 class=\"intro-para-title\">Su plan para desarrollar ofertas transformadoras y centradas en el cliente en tiempos ca\u00f3ticos<\/h2><p class=\"intro-para-content\">Al responder eficazmente a las ramificaciones de la pandemia de COVID, muchas empresas han tenido que cambiar r\u00e1pidamente (y seguir cambiando) las formas de hacer llegar su oferta a los clientes.<br><br>La clave de este cambio son los esfuerzos innovadores de transformaci\u00f3n digital a gran velocidad, que adem\u00e1s son muy flexibles y permiten corregir r\u00e1pidamente el rumbo en mercados tumultuosos. Y es Agile &amp; DevOps lo que forma la base cultural y t\u00e9cnica en su capacidad para lograr esto.<\/p><\/div><\/div><\/div><\/div><\/section>\n\n\n\n<section class=\"wp-block-cg-blocks-group undefined section section--article-content\"><div class=\"article-main-content\"><div class=\"container\"><div class=\"row\"><div class=\"col-12 col-md-11 col-lg-10 offset-md-1 offset-lg-1\"><div class=\"article-text article-quote-text\">\n<h3 class=\"wp-block-heading\" id=\"h-desarrollar-nuevas-ofertas-y-productos-mas-rapidamente\">Desarrollar nuevas ofertas y productos m\u00e1s r\u00e1pidamente<\/h3>\n\n\n\n<p>Dentro de ADMnext, Capgemini siempre ha empleado un <a href=\"https:\/\/www.capgemini.com\/2019\/05\/are-you-suffering-from-devops-disorientation-a-business-focused-strategy-can-set-on-a-clear-path\/\">enfoque de Agile &amp; DevOps<\/a> totalmente centrado en los negocios de nuestros clientes y en los clientes a los que sirven. Esto significa Agile &amp; DevOps que est\u00e1 impulsado por el ROI y las estructuras centradas en el <a href=\"https:\/\/www.capgemini.com\/2019\/05\/heres-how-a-product-based-devops-approach-can-radically-transform-your-business\/\">cliente y basadas en el producto<\/a> que se alinean con sus objetivos de negocio.<\/p>\n\n\n\n<p>Ahora, a medida que avanzamos en estos tiempos de incertidumbre y continuos cambios r\u00e1pidos en los mercados, Capgemini ha refinado este enfoque a\u00fan m\u00e1s para ayudarle a innovar mejor con un modelo Agile &amp; DevOps, que le permite desarrollar ofertas y productos nuevos m\u00e1s r\u00e1pidamente.<\/p>\n\n\n\n<h2 class=\"wp-block-heading\" id=\"h-\"><\/h2>\n\n\n\n<h3 class=\"wp-block-heading\" id=\"h-agile-amp-devops-de-admnext-ofertas-innovadoras-y-centradas-en-el-negocio-y-priorizacion-de-caracteristicas-y-evolucion-de-productos-centrados-en-el-cliente\">Agile &amp; DevOps de ADMnext: ofertas innovadoras y centradas en el negocio y priorizaci\u00f3n de caracter\u00edsticas y evoluci\u00f3n de productos centrados en el cliente<\/h3>\n\n\n\n<p>Agile &amp; DevOps no es un estado final, sino un viaje que tiene hitos espec\u00edficos a lo largo del camino hacia la plena madurez. El modelo de transformaci\u00f3n Agile &amp; DevOps de Capgemini le gu\u00eda en este viaje a trav\u00e9s del desarrollo de ofertas centradas en el negocio y la priorizaci\u00f3n de caracter\u00edsticas centradas en el cliente y la evoluci\u00f3n del producto. Este modelo comprende cinco \u00e1reas de cambio clave y le permite:<\/p>\n\n\n\n<ul class=\"wp-block-list\">\n<li>Centrarse en su estrategia de TI mientras reacciona mejor a la crisis de COVID asegurando los compromisos de los ejecutivos, definiendo las victorias r\u00e1pidas y las mejoras incrementales, determinando una hoja de ruta para los cambios en las formas de trabajo y planificando el viaje para aumentar la madurez de Agile &amp; DevOps articulando las diversas puertas de las etapas y determinando su ROI<\/li>\n<\/ul>\n\n\n\n<ul class=\"wp-block-list\">\n<li>Pasar de un proyecto a un producto sin problemas a trav\u00e9s de la configuraci\u00f3n del negocio, el \u00e1rea de procesos, el canal de clientes o los impulsores del servicio empresarial<\/li>\n<\/ul>\n\n\n\n<ul class=\"wp-block-list\">\n<li>Redefinir su modelo operativo determinando sus objetivos tecnol\u00f3gicos y de producto<\/li>\n<\/ul>\n\n\n\n<ul class=\"wp-block-list\">\n<li>Establezca un m\u00e9todo de entrega, una arquitectura y una estructura de herramientas s\u00f3lidas para acortar los tiempos de desarrollo y automatizar la repetici\u00f3n de las actividades de desarrollo y de los desarrolladores<\/li>\n\n\n\n<li>Mida el rendimiento de forma proactiva con m\u00e9tricas din\u00e1micas que eval\u00faen el rendimiento del equipo, la calidad de la soluci\u00f3n, el valor empresarial entregado, la seguridad, la fiabilidad operativa, la motivaci\u00f3n y la confianza del equipo y la capacidad de innovaci\u00f3n.<\/li>\n<\/ul>\n\n\n\n<h2 class=\"wp-block-heading\" id=\"h-\"><\/h2>\n\n\n\n<h2 class=\"wp-block-heading\" id=\"h-mas-informacion\">M\u00e1s informaci\u00f3n<\/h2>\n\n\n\n<p>Para saber c\u00f3mo puede innovar mejor y desarrollar nuevas ofertas y productos m\u00e1s r\u00e1pidamente en estos tiempos turbulentos con Agile &amp; DevOps de ADMnext, descargue el folleto en la parte superior de esta p\u00e1gina.<\/p>\n<\/div><\/div><\/div><\/div><\/div><\/section>\n","protected":false},"excerpt":{"rendered":"","protected":false},"author":151,"featured_media":0,"parent":5720,"menu_order":0,"comment_status":"closed","ping_status":"closed","template":"","meta":{"cg_dt_proposed_to":[0],"cg_seo_hreflang_relations":"[]","cg_seo_canonical_relation":"","cg_seo_hreflang_x_default_relation":"{\"uuid\":\"3408c373-b44a-438d-af5f-5233e9414023\",\"blogId\":\"\",\"domain\":\"\",\"sitePath\":\"\",\"postLink\":\"\",\"postId\":null,\"isSaved\":false,\"isCrossLink\":false,\"hasCrossLink\":false}","cg_dt_approved_content":false,"cg_dt_mandatory_content":false,"cg_dt_notes":"","cg_dg_source_changed":false,"cg_dt_link_disabled":false,"_yoast_wpseo_primary_brand":"","footnotes":"","featured_focal_points":"","partner_card_description":"","gsap_animation":0},"brand":[],"partner_type":[],"service":[],"industry":[],"partners":[],"page-type":[167],"content-group":[],"class_list":["post-5663","page","type-page","status-publish","hentry","page-type-solutions"],"yoast_head":"<!-- This site is optimized with the Yoast SEO Premium plugin v22.8 (Yoast SEO v22.8) - https:\/\/yoast.com\/wordpress\/plugins\/seo\/ -->\n<title>Agile &amp; DevOps de Admnext , un modelo innovador enfocado en el negocio | Capgemini<\/title>\n<meta name=\"description\" content=\"Agile &amp; DevOps de Capgemini de ADMnext: ofertas innovadoras centradas en el negocio y priorizaci\u00f3n de caracter\u00edsticas y evoluci\u00f3n de productos centrados en el cliente\" \/>\n<meta name=\"robots\" content=\"index, follow, max-snippet:-1, max-image-preview:large, max-video-preview:-1\" \/>\n<link rel=\"canonical\" href=\"https:\/\/www.capgemini.com\/ar-es\/solutions\/agile-devops-de-admnext\/\" \/>\n<meta property=\"og:locale\" content=\"es_MX\" \/>\n<meta property=\"og:type\" content=\"article\" \/>\n<meta property=\"og:title\" content=\"Agile &amp; DevOps de Admnext\" \/>\n<meta property=\"og:description\" content=\"Agile &amp; DevOps de Capgemini de ADMnext: ofertas innovadoras centradas en el negocio y priorizaci\u00f3n de caracter\u00edsticas y evoluci\u00f3n de productos centrados en el cliente\" \/>\n<meta property=\"og:url\" content=\"https:\/\/www.capgemini.com\/ar-es\/solutions\/agile-devops-de-admnext\/\" \/>\n<meta property=\"og:site_name\" content=\"Capgemini Argentina\" \/>\n<meta property=\"article:modified_time\" content=\"2025-03-28T05:20:31+00:00\" \/>\n<meta property=\"og:image\" content=\"https:\/\/www.capgemini.com\/wp-content\/uploads\/2021\/11\/Capgemini_AN-INNOVATIVE-BUSINESS-FOCUSED-AGILE-DEVOPS-MODEL-FROM-ADMNEXT.jpg\" \/>\n<meta name=\"twitter:card\" content=\"summary_large_image\" \/>\n<script type=\"application\/ld+json\" class=\"yoast-schema-graph\">{\"@context\":\"https:\/\/schema.org\",\"@graph\":[{\"@type\":\"WebPage\",\"@id\":\"https:\/\/www.capgemini.com\/ar-es\/solutions\/agile-devops-de-admnext\/\",\"url\":\"https:\/\/www.capgemini.com\/ar-es\/solutions\/agile-devops-de-admnext\/\",\"name\":\"Agile & DevOps de Admnext , un modelo innovador enfocado en el negocio | Capgemini\",\"isPartOf\":{\"@id\":\"https:\/\/www.capgemini.com\/ar-es\/#website\"},\"primaryImageOfPage\":{\"@id\":\"https:\/\/www.capgemini.com\/ar-es\/solutions\/agile-devops-de-admnext\/#primaryimage\"},\"image\":{\"@id\":\"https:\/\/www.capgemini.com\/ar-es\/solutions\/agile-devops-de-admnext\/#primaryimage\"},\"thumbnailUrl\":\"https:\/\/www.capgemini.com\/wp-content\/uploads\/2021\/11\/Capgemini_AN-INNOVATIVE-BUSINESS-FOCUSED-AGILE-DEVOPS-MODEL-FROM-ADMNEXT.jpg\",\"datePublished\":\"2022-12-14T06:14:42+00:00\",\"dateModified\":\"2025-03-28T05:20:31+00:00\",\"description\":\"Agile & DevOps de Capgemini de ADMnext: ofertas innovadoras centradas en el negocio y priorizaci\u00f3n de caracter\u00edsticas y evoluci\u00f3n de productos centrados en el cliente\",\"breadcrumb\":{\"@id\":\"https:\/\/www.capgemini.com\/ar-es\/solutions\/agile-devops-de-admnext\/#breadcrumb\"},\"inLanguage\":\"es-MX\",\"potentialAction\":[{\"@type\":\"ReadAction\",\"target\":[\"https:\/\/www.capgemini.com\/ar-es\/solutions\/agile-devops-de-admnext\/\"]}]},{\"@type\":\"ImageObject\",\"inLanguage\":\"es-MX\",\"@id\":\"https:\/\/www.capgemini.com\/ar-es\/solutions\/agile-devops-de-admnext\/#primaryimage\",\"url\":\"https:\/\/www.capgemini.com\/wp-content\/uploads\/2021\/11\/Capgemini_AN-INNOVATIVE-BUSINESS-FOCUSED-AGILE-DEVOPS-MODEL-FROM-ADMNEXT.jpg\",\"contentUrl\":\"https:\/\/www.capgemini.com\/wp-content\/uploads\/2021\/11\/Capgemini_AN-INNOVATIVE-BUSINESS-FOCUSED-AGILE-DEVOPS-MODEL-FROM-ADMNEXT.jpg\"},{\"@type\":\"BreadcrumbList\",\"@id\":\"https:\/\/www.capgemini.com\/ar-es\/solutions\/agile-devops-de-admnext\/#breadcrumb\",\"itemListElement\":[{\"@type\":\"ListItem\",\"position\":1,\"name\":\"Home\",\"item\":\"https:\/\/www.capgemini.com\/ar-es\/\"},{\"@type\":\"ListItem\",\"position\":2,\"name\":\"Solutions\",\"item\":\"https:\/\/www.capgemini.com\/ar-es\/?page_id=5720&preview_id=5720\"},{\"@type\":\"ListItem\",\"position\":3,\"name\":\"Agile &#038; DevOps de Admnext\"}]},{\"@type\":\"WebSite\",\"@id\":\"https:\/\/www.capgemini.com\/ar-es\/#website\",\"url\":\"https:\/\/www.capgemini.com\/ar-es\/\",\"name\":\"Capgemini Argentina\",\"description\":\"Capgemini\",\"potentialAction\":[{\"@type\":\"SearchAction\",\"target\":{\"@type\":\"EntryPoint\",\"urlTemplate\":\"https:\/\/www.capgemini.com\/ar-es\/?s={search_term_string}\"},\"query-input\":\"required name=search_term_string\"}],\"inLanguage\":\"es-MX\"}]}<\/script>\n<!-- \/ Yoast SEO Premium plugin. -->","yoast_head_json":{"title":"Agile & DevOps de Admnext , un modelo innovador enfocado en el negocio | Capgemini","description":"Agile & DevOps de Capgemini de ADMnext: ofertas innovadoras centradas en el negocio y priorizaci\u00f3n de caracter\u00edsticas y evoluci\u00f3n de productos centrados en el cliente","robots":{"index":"index","follow":"follow","max-snippet":"max-snippet:-1","max-image-preview":"max-image-preview:large","max-video-preview":"max-video-preview:-1"},"canonical":"https:\/\/www.capgemini.com\/ar-es\/solutions\/agile-devops-de-admnext\/","og_locale":"es_MX","og_type":"article","og_title":"Agile & DevOps de Admnext","og_description":"Agile & DevOps de Capgemini de ADMnext: ofertas innovadoras centradas en el negocio y priorizaci\u00f3n de caracter\u00edsticas y evoluci\u00f3n de productos centrados en el cliente","og_url":"https:\/\/www.capgemini.com\/ar-es\/solutions\/agile-devops-de-admnext\/","og_site_name":"Capgemini Argentina","article_modified_time":"2025-03-28T05:20:31+00:00","og_image":[{"url":"https:\/\/www.capgemini.com\/wp-content\/uploads\/2021\/11\/Capgemini_AN-INNOVATIVE-BUSINESS-FOCUSED-AGILE-DEVOPS-MODEL-FROM-ADMNEXT.jpg"}],"twitter_card":"summary_large_image","schema":{"@context":"https:\/\/schema.org","@graph":[{"@type":"WebPage","@id":"https:\/\/www.capgemini.com\/ar-es\/solutions\/agile-devops-de-admnext\/","url":"https:\/\/www.capgemini.com\/ar-es\/solutions\/agile-devops-de-admnext\/","name":"Agile & DevOps de Admnext , un modelo innovador enfocado en el negocio | Capgemini","isPartOf":{"@id":"https:\/\/www.capgemini.com\/ar-es\/#website"},"primaryImageOfPage":{"@id":"https:\/\/www.capgemini.com\/ar-es\/solutions\/agile-devops-de-admnext\/#primaryimage"},"image":{"@id":"https:\/\/www.capgemini.com\/ar-es\/solutions\/agile-devops-de-admnext\/#primaryimage"},"thumbnailUrl":"https:\/\/www.capgemini.com\/wp-content\/uploads\/2021\/11\/Capgemini_AN-INNOVATIVE-BUSINESS-FOCUSED-AGILE-DEVOPS-MODEL-FROM-ADMNEXT.jpg","datePublished":"2022-12-14T06:14:42+00:00","dateModified":"2025-03-28T05:20:31+00:00","description":"Agile & DevOps de Capgemini de ADMnext: ofertas innovadoras centradas en el negocio y priorizaci\u00f3n de caracter\u00edsticas y evoluci\u00f3n de productos centrados en el cliente","breadcrumb":{"@id":"https:\/\/www.capgemini.com\/ar-es\/solutions\/agile-devops-de-admnext\/#breadcrumb"},"inLanguage":"es-MX","potentialAction":[{"@type":"ReadAction","target":["https:\/\/www.capgemini.com\/ar-es\/solutions\/agile-devops-de-admnext\/"]}]},{"@type":"ImageObject","inLanguage":"es-MX","@id":"https:\/\/www.capgemini.com\/ar-es\/solutions\/agile-devops-de-admnext\/#primaryimage","url":"https:\/\/www.capgemini.com\/wp-content\/uploads\/2021\/11\/Capgemini_AN-INNOVATIVE-BUSINESS-FOCUSED-AGILE-DEVOPS-MODEL-FROM-ADMNEXT.jpg","contentUrl":"https:\/\/www.capgemini.com\/wp-content\/uploads\/2021\/11\/Capgemini_AN-INNOVATIVE-BUSINESS-FOCUSED-AGILE-DEVOPS-MODEL-FROM-ADMNEXT.jpg"},{"@type":"BreadcrumbList","@id":"https:\/\/www.capgemini.com\/ar-es\/solutions\/agile-devops-de-admnext\/#breadcrumb","itemListElement":[{"@type":"ListItem","position":1,"name":"Home","item":"https:\/\/www.capgemini.com\/ar-es\/"},{"@type":"ListItem","position":2,"name":"Solutions","item":"https:\/\/www.capgemini.com\/ar-es\/?page_id=5720&preview_id=5720"},{"@type":"ListItem","position":3,"name":"Agile &#038; DevOps de Admnext"}]},{"@type":"WebSite","@id":"https:\/\/www.capgemini.com\/ar-es\/#website","url":"https:\/\/www.capgemini.com\/ar-es\/","name":"Capgemini Argentina","description":"Capgemini","potentialAction":[{"@type":"SearchAction","target":{"@type":"EntryPoint","urlTemplate":"https:\/\/www.capgemini.com\/ar-es\/?s={search_term_string}"},"query-input":"required name=search_term_string"}],"inLanguage":"es-MX"}]}},"brand_term":[],"parsely":{"version":"1.1.0","canonical_url":"https:\/\/capgemini.com\/ar-es\/solutions\/agile-devops-de-admnext\/","smart_links":{"inbound":0,"outbound":0},"traffic_boost_suggestions_count":0,"meta":{"@context":"https:\/\/schema.org","@type":"WebPage","headline":"Agile &#038; DevOps de Admnext","url":"https:\/\/www.capgemini.com\/ar-es\/solutions\/agile-devops-de-admnext\/","mainEntityOfPage":{"@type":"WebPage","@id":"https:\/\/www.capgemini.com\/ar-es\/solutions\/agile-devops-de-admnext\/"},"thumbnailUrl":"","image":{"@type":"ImageObject","url":""},"articleSection":"Uncategorized","author":[],"creator":[],"publisher":{"@type":"Organization","name":"Capgemini Argentina","logo":""},"keywords":[],"dateCreated":"2022-12-14T06:14:42Z","datePublished":"2022-12-14T06:14:42Z","dateModified":"2025-03-28T05:20:31Z"},"rendered":"<meta name=\"parsely-title\" content=\"Agile &#038; DevOps de Admnext\" \/>\n<meta name=\"parsely-link\" content=\"https:\/\/www.capgemini.com\/ar-es\/solutions\/agile-devops-de-admnext\/\" \/>\n<meta name=\"parsely-type\" content=\"index\" \/>\n<meta name=\"parsely-pub-date\" content=\"2022-12-14T06:14:42Z\" \/>\n<meta name=\"parsely-section\" content=\"Uncategorized\" \/>","tracker_url":"https:\/\/cdn.parsely.com\/keys\/capgemini.com\/p.js"},"archive_status":false,"featured_image_src":"https:\/\/www.capgemini.com\/ar-es\/wp-content\/themes\/capgemini2025\/assets\/images\/mockup.png","featured_image_alt":false,"jetpack_sharing_enabled":true,"distributor_meta":false,"distributor_terms":false,"distributor_media":false,"distributor_original_site_name":"Capgemini Argentina","distributor_original_site_url":"https:\/\/www.capgemini.com\/ar-es","push-errors":false,"_links":{"self":[{"href":"https:\/\/www.capgemini.com\/ar-es\/wp-json\/wp\/v2\/pages\/5663","targetHints":{"allow":["GET"]}}],"collection":[{"href":"https:\/\/www.capgemini.com\/ar-es\/wp-json\/wp\/v2\/pages"}],"about":[{"href":"https:\/\/www.capgemini.com\/ar-es\/wp-json\/wp\/v2\/types\/page"}],"author":[{"embeddable":true,"href":"https:\/\/www.capgemini.com\/ar-es\/wp-json\/wp\/v2\/users\/151"}],"replies":[{"embeddable":true,"href":"https:\/\/www.capgemini.com\/ar-es\/wp-json\/wp\/v2\/comments?post=5663"}],"version-history":[{"count":8,"href":"https:\/\/www.capgemini.com\/ar-es\/wp-json\/wp\/v2\/pages\/5663\/revisions"}],"predecessor-version":[{"id":515851,"href":"https:\/\/www.capgemini.com\/ar-es\/wp-json\/wp\/v2\/pages\/5663\/revisions\/515851"}],"up":[{"embeddable":true,"href":"https:\/\/www.capgemini.com\/ar-es\/wp-json\/wp\/v2\/pages\/5720"}],"wp:attachment":[{"href":"https:\/\/www.capgemini.com\/ar-es\/wp-json\/wp\/v2\/media?parent=5663"}],"wp:term":[{"taxonomy":"brand","embeddable":true,"href":"https:\/\/www.capgemini.com\/ar-es\/wp-json\/wp\/v2\/brand?post=5663"},{"taxonomy":"partner_type","embeddable":true,"href":"https:\/\/www.capgemini.com\/ar-es\/wp-json\/wp\/v2\/partner_type?post=5663"},{"taxonomy":"service","embeddable":true,"href":"https:\/\/www.capgemini.com\/ar-es\/wp-json\/wp\/v2\/service?post=5663"},{"taxonomy":"industry","embeddable":true,"href":"https:\/\/www.capgemini.com\/ar-es\/wp-json\/wp\/v2\/industry?post=5663"},{"taxonomy":"partners","embeddable":true,"href":"https:\/\/www.capgemini.com\/ar-es\/wp-json\/wp\/v2\/partners?post=5663"},{"taxonomy":"page-type","embeddable":true,"href":"https:\/\/www.capgemini.com\/ar-es\/wp-json\/wp\/v2\/page-type?post=5663"},{"taxonomy":"content-group","embeddable":true,"href":"https:\/\/www.capgemini.com\/ar-es\/wp-json\/wp\/v2\/content-group?post=5663"}],"curies":[{"name":"wp","href":"https:\/\/api.w.org\/{rel}","templated":true}]}}