{"id":5622,"date":"2023-02-01T03:20:14","date_gmt":"2023-02-01T03:20:14","guid":{"rendered":"https:\/\/www.capgemini.com\/?page_id=633589"},"modified":"2025-03-28T04:55:58","modified_gmt":"2025-03-28T04:55:58","slug":"perform-ia","status":"publish","type":"page","link":"https:\/\/www.capgemini.com\/ar-es\/solutions\/perform-ia\/","title":{"rendered":"Perform IA"},"content":{"rendered":"\n<header class=\"wp-block-cg-blocks-hero-reusable header heroReusable  \"><div class=\"header-bgs\"><\/div><div class=\"heroPictureCardHeaderShape\"><\/div><div class=\"container\"><div class=\"row\"><div class=\"col-md-12\"><div class=\"box\"><div class=\"boxTagWrapper\"><div class=\"tagInfo\"><div><span class=\"box-tag\">Solution<\/span><\/div><\/div><\/div><div class=\"box-title\"><h1 data-maxlength=\"34\">Perform IA<\/h1><\/div><div class=\"inner-row-insight download-btn\"><\/div><\/div><\/div><\/div><\/div><\/header>\n\n\n\n<section class=\"wp-block-cg-blocks-intro-para undefined section section--intro\"><div class=\"intro-para\"><div class=\"container\"><div class=\"row\"><div class=\"col-12 col-md-1\"><nav class=\"article-social\"><ul class=\"social-nav\"><li class=\"ip-order-fb\"><a href=\"https:\/\/www.facebook.com\/sharer\/sharer.php?u=https:\/\/www.capgemini.com\/ar-es\/solutions\/perform-ia\/\" target=\"_blank\" rel=\"noopener noreferrer\" title=\"abrir en una nueva ventana\"><i aria-hidden=\"true\" class=\"icon-fb\"><\/i><span class=\"sr-only\">Facebook<\/span><\/a><\/li><li class=\"ip-order-li\"><a href=\"https:\/\/www.linkedin.com\/sharing\/share-offsite\/?url=https:\/\/www.capgemini.com\/ar-es\/solutions\/perform-ia\/\" target=\"_blank\" rel=\"noopener noreferrer\" title=\"abrir en una nueva ventana\"><i aria-hidden=\"true\" class=\"icon-li\"><\/i><span class=\"sr-only\">Linkedin<\/span><\/a><\/li><\/ul><\/nav><\/div><div class=\"col-12 col-md-11 col-lg-10\"><h2 class=\"intro-para-title\">Activar datos. Aumentar la inteligencia. Amplifica los resultados.<\/h2><\/div><\/div><\/div><\/div><\/section>\n\n\n\n<section class=\"wp-block-cg-blocks-group undefined section section--article-content\"><div class=\"article-main-content\"><div class=\"container\"><div class=\"row\"><div class=\"col-12 col-md-11 col-lg-10 offset-md-1 offset-lg-1\"><div class=\"article-text article-quote-text\">\n<h2 class=\"wp-block-heading\" id=\"h-aproveche-el-poder-transformador-de-los-datos-y-la-ia-con-perform-ai\">Aproveche el poder transformador de los datos y la IA con Perform AI<\/h2>\n\n\n\n<p>La inteligencia artificial (IA) ha cruzado el umbral de los pilotos y ha entrado en un mercado m\u00e1s amplio. El 53% de las organizaciones han logrado escalar proyectos de IA en producci\u00f3n, pero solo el 13% en general ha implementado m\u00faltiples aplicaciones de IA en numerosos equipos, seg\u00fan los hallazgos del informe del Instituto de Investigaci\u00f3n de Capgemini: <a href=\"\/ar-es\/insights\/biblioteca-de-investigacion\/la-empresa-impulsada-por-ia\/\">The AI Powered Enterprise: Unlocking the potencial of AI at scale<\/a>.<\/p>\n\n\n\n<p>Perform AI, la cartera integral de servicios de inteligencia artificial y an\u00e1lisis de Capgemini, brinda a su organizaci\u00f3n la capacidad de aprovechar todo el poder transformador de los datos y la inteligencia artificial a escala. Al activar los datos y los conocimientos en el coraz\u00f3n de su negocio, en sus decisiones y acciones diarias, aumentar\u00e1 la inteligencia de su organizaci\u00f3n y amplificar\u00e1 los resultados comerciales que espera de Data &amp; AI.<\/p>\n\n\n\n<figure class=\"wp-block-embed is-type-video is-provider-youtube wp-block-embed-youtube wp-embed-aspect-16-9 wp-has-aspect-ratio\"><div class=\"wp-block-embed__wrapper\">\n<iframe loading=\"lazy\" title=\"How Capgemini\u2019s Perform AI uses data and AI to create trusted business outcomes\" width=\"960\" height=\"540\" src=\"https:\/\/www.youtube.com\/embed\/NyMIbq6T4HY?feature=oembed\" frameborder=\"0\" allow=\"accelerometer; autoplay; clipboard-write; encrypted-media; gyroscope; picture-in-picture; web-share\" allowfullscreen><\/iframe>\n<\/div><\/figure>\n\n\n\n<p><\/p>\n\n\n\n<h2 class=\"wp-block-heading\" id=\"h-datos-e-inteligencia-artificial-para-obtener-resultados-comerciales-confiables\"><strong>Datos e inteligencia artificial para obtener resultados comerciales confiables<\/strong><\/h2>\n\n\n\n<p>Las organizaciones l\u00edderes ya est\u00e1n aprovechando el poder transformador de los datos y la inteligencia artificial para dise\u00f1ar y lanzar nuevos productos, servicios y modelos comerciales, incluso creando nuevos mercados. Tambi\u00e9n est\u00e1n encontrando eficiencias, optimizando procesos y reduciendo costos, volvi\u00e9ndose m\u00e1s \u00e1giles para poder aprovechar nuevas oportunidades y desarrollando una mayor resiliencia ante crisis repentinas.<\/p>\n\n\n\n<p>Nuestros equipos tienen una trayectoria comprobada en la entrega de resultados comerciales tangibles a nivel mundial y a escala, en todas las industrias y sectores:<\/p>\n\n\n\n<figure class=\"wp-block-image aligncenter\"><a href=\"https:\/\/www.capgemini.com\/wp-content\/uploads\/2019\/01\/Business-Outcomes-infographic.jpg\" target=\"_blank\" rel=\"noreferrer noopener\"><img decoding=\"async\" src=\"https:\/\/www.capgemini.com\/wp-content\/uploads\/2019\/01\/Business-Outcomes-infographic-e1608039558348.png?w=960\" alt=\"\" class=\"wp-image-522386\"\/><\/a><\/figure>\n\n\n\n<p><strong><em>Haga clic en la imagen para ampliar<\/em><\/strong><\/p>\n\n\n\n<h2 class=\"wp-block-heading\" id=\"h-el-equipo-adecuado-para-escalar-datos-e-ia\"><strong>El equipo adecuado para escalar Datos e IA<\/strong><\/h2>\n\n\n\n<p>Con profesionales de datos e inteligencia artificial a escala, que trabajan para m\u00e1s de 800 clientes en todo el mundo, respaldados por centros de excelencia de inteligencia artificial en todas las regiones, las capacidades de Capgemini son inigualables.<\/p>\n\n\n\n<p>Mostramos a las organizaciones no solo lo transformadores que pueden ser los datos y la IA, sino que los entregamos en el coraz\u00f3n del negocio. Definimos la estrategia correcta teniendo en cuenta la industrializaci\u00f3n, la operacionalizaci\u00f3n y la escala. Nos aseguramos de que adopte el enfoque correcto para encontrar informaci\u00f3n procesable y confiable para sus equipos, as\u00ed como para incluirlos en el proceso de transformaci\u00f3n. Creamos las soluciones adecuadas para su negocio y las implementamos para maximizar su impacto positivo.<\/p>\n\n\n\n<figure class=\"wp-block-image aligncenter\"><a href=\"https:\/\/www.capgemini.com\/wp-content\/uploads\/2019\/01\/Perform-AI-framework-2021.png\" target=\"_blank\" rel=\"noreferrer noopener\"><img decoding=\"async\" src=\"https:\/\/www.capgemini.com\/wp-content\/uploads\/2019\/01\/Perform-AI-framework-2021.png?w=960\" alt=\"\" class=\"wp-image-634484\"\/><\/a><\/figure>\n\n\n\n<p><em><strong>Haga clic en la imagen para ampliar<\/strong><\/em><\/p>\n\n\n\n<p>Debido a que estamos convencidos del poder transformador de los datos y la IA para construir un futuro positivo para los humanos y la sociedad, nos asociamos con usted para aprovechar los datos y la IA de una manera \u00e9tica por dise\u00f1o y centrada en el ser humano. Trabajamos con sus equipos para desarrollar los datos correctos y el liderazgo, la mentalidad, la cultura y las formas de trabajar basados en IA que se ajusten a los valores de su organizaci\u00f3n. Obtenga m\u00e1s informaci\u00f3n en nuestro informe La IA y el dilema \u00e9tico: <a href=\"\/ar-es\/insights\/biblioteca-de-investigacion\/yo-y-el-enigma-etico\/\">c\u00f3mo las organizaciones pueden construir sistemas de IA \u00e9ticamente s\u00f3lidos y ganar confianza<\/a>.<\/p>\n\n\n\n<p>Lo ayudamos a equilibrar la excelencia operativa con la innovaci\u00f3n comercial para que sea resistente a las crisis actuales y futuras. Lo ayudamos a encontrar oportunidades para utilizar de manera proactiva los datos y la inteligencia artificial, logrando un impacto positivo en su negocio y en nuestra sociedad.<\/p>\n\n\n\n<p>Es hora de cambiar de marcha, escalar soluciones confiables de datos e inteligencia artificial y obtener el futuro que desea.<\/p>\n<\/div><\/div><\/div><\/div><\/div><\/section>\n","protected":false},"excerpt":{"rendered":"","protected":false},"author":151,"featured_media":0,"parent":0,"menu_order":0,"comment_status":"closed","ping_status":"closed","template":"","meta":{"cg_dt_proposed_to":[0],"cg_seo_hreflang_relations":"[]","cg_seo_canonical_relation":"","cg_seo_hreflang_x_default_relation":"","cg_dt_approved_content":false,"cg_dt_mandatory_content":false,"cg_dt_notes":"","cg_dg_source_changed":false,"cg_dt_link_disabled":false,"_yoast_wpseo_primary_brand":"","footnotes":"","featured_focal_points":"","partner_card_description":"","gsap_animation":0},"brand":[],"partner_type":[],"service":[],"industry":[],"partners":[],"page-type":[167],"content-group":[],"class_list":["post-5622","page","type-page","status-publish","hentry","page-type-solutions"],"yoast_head":"<!-- This site is optimized with the Yoast SEO Premium plugin v22.8 (Yoast SEO v22.8) - https:\/\/yoast.com\/wordpress\/plugins\/seo\/ -->\n<title>Perform IA | Capgemini<\/title>\n<meta name=\"description\" content=\"El 53% de las organizaciones han logrado escalar proyectos de IA en producci\u00f3n, pero solo el 13% en general ha implementado m\u00faltiples aplicaciones de IA en numerosos equipos.\" \/>\n<meta name=\"robots\" content=\"index, follow, max-snippet:-1, max-image-preview:large, max-video-preview:-1\" \/>\n<link rel=\"canonical\" href=\"https:\/\/www.capgemini.com\/ar-es\/solutions\/perform-ia\/\" \/>\n<meta property=\"og:locale\" content=\"es_MX\" \/>\n<meta property=\"og:type\" content=\"article\" \/>\n<meta property=\"og:title\" content=\"Perform IA\" \/>\n<meta property=\"og:description\" content=\"El 53% de las organizaciones han logrado escalar proyectos de IA en producci\u00f3n, pero solo el 13% en general ha implementado m\u00faltiples aplicaciones de IA en numerosos equipos.\" \/>\n<meta property=\"og:url\" content=\"https:\/\/www.capgemini.com\/ar-es\/solutions\/perform-ia\/\" \/>\n<meta property=\"og:site_name\" content=\"Capgemini Argentina\" \/>\n<meta property=\"article:modified_time\" content=\"2025-03-28T04:55:58+00:00\" \/>\n<meta property=\"og:image\" content=\"https:\/\/www.capgemini.com\/wp-content\/uploads\/2019\/01\/Business-Outcomes-infographic-e1608039558348.png?w=960\" \/>\n<meta name=\"twitter:card\" content=\"summary_large_image\" \/>\n<script type=\"application\/ld+json\" class=\"yoast-schema-graph\">{\"@context\":\"https:\/\/schema.org\",\"@graph\":[{\"@type\":\"WebPage\",\"@id\":\"https:\/\/www.capgemini.com\/ar-es\/solutions\/perform-ia\/\",\"url\":\"https:\/\/www.capgemini.com\/ar-es\/solutions\/perform-ia\/\",\"name\":\"Perform IA | Capgemini\",\"isPartOf\":{\"@id\":\"https:\/\/www.capgemini.com\/ar-es\/#website\"},\"primaryImageOfPage\":{\"@id\":\"https:\/\/www.capgemini.com\/ar-es\/solutions\/perform-ia\/#primaryimage\"},\"image\":{\"@id\":\"https:\/\/www.capgemini.com\/ar-es\/solutions\/perform-ia\/#primaryimage\"},\"thumbnailUrl\":\"https:\/\/www.capgemini.com\/wp-content\/uploads\/2019\/01\/Business-Outcomes-infographic-e1608039558348.png?w=960\",\"datePublished\":\"2023-02-01T03:20:14+00:00\",\"dateModified\":\"2025-03-28T04:55:58+00:00\",\"description\":\"El 53% de las organizaciones han logrado escalar proyectos de IA en producci\u00f3n, pero solo el 13% en general ha implementado m\u00faltiples aplicaciones de IA en numerosos equipos.\",\"breadcrumb\":{\"@id\":\"https:\/\/www.capgemini.com\/ar-es\/solutions\/perform-ia\/#breadcrumb\"},\"inLanguage\":\"es-MX\",\"potentialAction\":[{\"@type\":\"ReadAction\",\"target\":[\"https:\/\/www.capgemini.com\/ar-es\/solutions\/perform-ia\/\"]}]},{\"@type\":\"ImageObject\",\"inLanguage\":\"es-MX\",\"@id\":\"https:\/\/www.capgemini.com\/ar-es\/solutions\/perform-ia\/#primaryimage\",\"url\":\"https:\/\/www.capgemini.com\/wp-content\/uploads\/2019\/01\/Business-Outcomes-infographic-e1608039558348.png?w=960\",\"contentUrl\":\"https:\/\/www.capgemini.com\/wp-content\/uploads\/2019\/01\/Business-Outcomes-infographic-e1608039558348.png?w=960\"},{\"@type\":\"BreadcrumbList\",\"@id\":\"https:\/\/www.capgemini.com\/ar-es\/solutions\/perform-ia\/#breadcrumb\",\"itemListElement\":[{\"@type\":\"ListItem\",\"position\":1,\"name\":\"Home\",\"item\":\"https:\/\/www.capgemini.com\/ar-es\/\"},{\"@type\":\"ListItem\",\"position\":2,\"name\":\"Perform IA\"}]},{\"@type\":\"WebSite\",\"@id\":\"https:\/\/www.capgemini.com\/ar-es\/#website\",\"url\":\"https:\/\/www.capgemini.com\/ar-es\/\",\"name\":\"Capgemini Argentina\",\"description\":\"Capgemini\",\"potentialAction\":[{\"@type\":\"SearchAction\",\"target\":{\"@type\":\"EntryPoint\",\"urlTemplate\":\"https:\/\/www.capgemini.com\/ar-es\/?s={search_term_string}\"},\"query-input\":\"required name=search_term_string\"}],\"inLanguage\":\"es-MX\"}]}<\/script>\n<!-- \/ Yoast SEO Premium plugin. -->","yoast_head_json":{"title":"Perform IA | Capgemini","description":"El 53% de las organizaciones han logrado escalar proyectos de IA en producci\u00f3n, pero solo el 13% en general ha implementado m\u00faltiples aplicaciones de IA en numerosos equipos.","robots":{"index":"index","follow":"follow","max-snippet":"max-snippet:-1","max-image-preview":"max-image-preview:large","max-video-preview":"max-video-preview:-1"},"canonical":"https:\/\/www.capgemini.com\/ar-es\/solutions\/perform-ia\/","og_locale":"es_MX","og_type":"article","og_title":"Perform IA","og_description":"El 53% de las organizaciones han logrado escalar proyectos de IA en producci\u00f3n, pero solo el 13% en general ha implementado m\u00faltiples aplicaciones de IA en numerosos equipos.","og_url":"https:\/\/www.capgemini.com\/ar-es\/solutions\/perform-ia\/","og_site_name":"Capgemini Argentina","article_modified_time":"2025-03-28T04:55:58+00:00","og_image":[{"url":"https:\/\/www.capgemini.com\/wp-content\/uploads\/2019\/01\/Business-Outcomes-infographic-e1608039558348.png?w=960"}],"twitter_card":"summary_large_image","schema":{"@context":"https:\/\/schema.org","@graph":[{"@type":"WebPage","@id":"https:\/\/www.capgemini.com\/ar-es\/solutions\/perform-ia\/","url":"https:\/\/www.capgemini.com\/ar-es\/solutions\/perform-ia\/","name":"Perform IA | Capgemini","isPartOf":{"@id":"https:\/\/www.capgemini.com\/ar-es\/#website"},"primaryImageOfPage":{"@id":"https:\/\/www.capgemini.com\/ar-es\/solutions\/perform-ia\/#primaryimage"},"image":{"@id":"https:\/\/www.capgemini.com\/ar-es\/solutions\/perform-ia\/#primaryimage"},"thumbnailUrl":"https:\/\/www.capgemini.com\/wp-content\/uploads\/2019\/01\/Business-Outcomes-infographic-e1608039558348.png?w=960","datePublished":"2023-02-01T03:20:14+00:00","dateModified":"2025-03-28T04:55:58+00:00","description":"El 53% de las organizaciones han logrado escalar proyectos de IA en producci\u00f3n, pero solo el 13% en general ha implementado m\u00faltiples aplicaciones de IA en numerosos equipos.","breadcrumb":{"@id":"https:\/\/www.capgemini.com\/ar-es\/solutions\/perform-ia\/#breadcrumb"},"inLanguage":"es-MX","potentialAction":[{"@type":"ReadAction","target":["https:\/\/www.capgemini.com\/ar-es\/solutions\/perform-ia\/"]}]},{"@type":"ImageObject","inLanguage":"es-MX","@id":"https:\/\/www.capgemini.com\/ar-es\/solutions\/perform-ia\/#primaryimage","url":"https:\/\/www.capgemini.com\/wp-content\/uploads\/2019\/01\/Business-Outcomes-infographic-e1608039558348.png?w=960","contentUrl":"https:\/\/www.capgemini.com\/wp-content\/uploads\/2019\/01\/Business-Outcomes-infographic-e1608039558348.png?w=960"},{"@type":"BreadcrumbList","@id":"https:\/\/www.capgemini.com\/ar-es\/solutions\/perform-ia\/#breadcrumb","itemListElement":[{"@type":"ListItem","position":1,"name":"Home","item":"https:\/\/www.capgemini.com\/ar-es\/"},{"@type":"ListItem","position":2,"name":"Perform IA"}]},{"@type":"WebSite","@id":"https:\/\/www.capgemini.com\/ar-es\/#website","url":"https:\/\/www.capgemini.com\/ar-es\/","name":"Capgemini Argentina","description":"Capgemini","potentialAction":[{"@type":"SearchAction","target":{"@type":"EntryPoint","urlTemplate":"https:\/\/www.capgemini.com\/ar-es\/?s={search_term_string}"},"query-input":"required name=search_term_string"}],"inLanguage":"es-MX"}]}},"brand_term":[],"parsely":{"version":"1.1.0","canonical_url":"https:\/\/capgemini.com\/ar-es\/solutions\/perform-ia\/","smart_links":{"inbound":0,"outbound":0},"traffic_boost_suggestions_count":0,"meta":{"@context":"https:\/\/schema.org","@type":"WebPage","headline":"Perform IA","url":"https:\/\/www.capgemini.com\/ar-es\/solutions\/perform-ia\/","mainEntityOfPage":{"@type":"WebPage","@id":"https:\/\/www.capgemini.com\/ar-es\/solutions\/perform-ia\/"},"thumbnailUrl":"","image":{"@type":"ImageObject","url":""},"articleSection":"Uncategorized","author":[],"creator":[],"publisher":{"@type":"Organization","name":"Capgemini Argentina","logo":""},"keywords":[],"dateCreated":"2023-02-01T03:20:14Z","datePublished":"2023-02-01T03:20:14Z","dateModified":"2025-03-28T04:55:58Z"},"rendered":"<meta name=\"parsely-title\" content=\"Perform IA\" \/>\n<meta name=\"parsely-link\" content=\"https:\/\/www.capgemini.com\/ar-es\/solutions\/perform-ia\/\" \/>\n<meta name=\"parsely-type\" content=\"index\" \/>\n<meta name=\"parsely-pub-date\" content=\"2023-02-01T03:20:14Z\" \/>\n<meta name=\"parsely-section\" content=\"Uncategorized\" \/>","tracker_url":"https:\/\/cdn.parsely.com\/keys\/capgemini.com\/p.js"},"archive_status":false,"featured_image_src":"https:\/\/www.capgemini.com\/ar-es\/wp-content\/themes\/capgemini2025\/assets\/images\/mockup.png","featured_image_alt":false,"jetpack_sharing_enabled":true,"distributor_meta":false,"distributor_terms":false,"distributor_media":false,"distributor_original_site_name":"Capgemini Argentina","distributor_original_site_url":"https:\/\/www.capgemini.com\/ar-es","push-errors":false,"_links":{"self":[{"href":"https:\/\/www.capgemini.com\/ar-es\/wp-json\/wp\/v2\/pages\/5622","targetHints":{"allow":["GET"]}}],"collection":[{"href":"https:\/\/www.capgemini.com\/ar-es\/wp-json\/wp\/v2\/pages"}],"about":[{"href":"https:\/\/www.capgemini.com\/ar-es\/wp-json\/wp\/v2\/types\/page"}],"author":[{"embeddable":true,"href":"https:\/\/www.capgemini.com\/ar-es\/wp-json\/wp\/v2\/users\/151"}],"replies":[{"embeddable":true,"href":"https:\/\/www.capgemini.com\/ar-es\/wp-json\/wp\/v2\/comments?post=5622"}],"version-history":[{"count":5,"href":"https:\/\/www.capgemini.com\/ar-es\/wp-json\/wp\/v2\/pages\/5622\/revisions"}],"predecessor-version":[{"id":515782,"href":"https:\/\/www.capgemini.com\/ar-es\/wp-json\/wp\/v2\/pages\/5622\/revisions\/515782"}],"wp:attachment":[{"href":"https:\/\/www.capgemini.com\/ar-es\/wp-json\/wp\/v2\/media?parent=5622"}],"wp:term":[{"taxonomy":"brand","embeddable":true,"href":"https:\/\/www.capgemini.com\/ar-es\/wp-json\/wp\/v2\/brand?post=5622"},{"taxonomy":"partner_type","embeddable":true,"href":"https:\/\/www.capgemini.com\/ar-es\/wp-json\/wp\/v2\/partner_type?post=5622"},{"taxonomy":"service","embeddable":true,"href":"https:\/\/www.capgemini.com\/ar-es\/wp-json\/wp\/v2\/service?post=5622"},{"taxonomy":"industry","embeddable":true,"href":"https:\/\/www.capgemini.com\/ar-es\/wp-json\/wp\/v2\/industry?post=5622"},{"taxonomy":"partners","embeddable":true,"href":"https:\/\/www.capgemini.com\/ar-es\/wp-json\/wp\/v2\/partners?post=5622"},{"taxonomy":"page-type","embeddable":true,"href":"https:\/\/www.capgemini.com\/ar-es\/wp-json\/wp\/v2\/page-type?post=5622"},{"taxonomy":"content-group","embeddable":true,"href":"https:\/\/www.capgemini.com\/ar-es\/wp-json\/wp\/v2\/content-group?post=5622"}],"curies":[{"name":"wp","href":"https:\/\/api.w.org\/{rel}","templated":true}]}}