{"id":5620,"date":"2021-11-02T07:25:57","date_gmt":"2021-11-02T07:25:57","guid":{"rendered":"https:\/\/www.capgemini.com\/?page_id=633612"},"modified":"2025-03-28T06:41:28","modified_gmt":"2025-03-28T06:41:28","slug":"plataforma-en-la-nube-capgemini","status":"publish","type":"page","link":"https:\/\/www.capgemini.com\/ar-es\/solutions\/plataforma-en-la-nube-capgemini\/","title":{"rendered":"Plataforma en la Nube Capgemini"},"content":{"rendered":"\n<header class=\"wp-block-cg-blocks-hero-reusable header heroReusable  \"><div class=\"header-bgs\"><picture><source srcset=\"https:\/\/www.capgemini.com\/wp-content\/uploads\/2022\/05\/Capgemini_Solutions_Capgemini-Cloud-Platform.jpg?w=2880&amp;quality=70 1x, https:\/\/www.capgemini.com\/wp-content\/uploads\/2022\/05\/Capgemini_Solutions_Capgemini-Cloud-Platform.jpg?w=2880&amp;quality=70 2x\" media=\"(min-width: 1500px)\"\/><source srcset=\"https:\/\/www.capgemini.com\/wp-content\/uploads\/2022\/05\/Capgemini_Solutions_Capgemini-Cloud-Platform.jpg?w=1440&amp;quality=70 1x, https:\/\/www.capgemini.com\/wp-content\/uploads\/2022\/05\/Capgemini_Solutions_Capgemini-Cloud-Platform.jpg?w=2880&amp;quality=70 2x\" media=\"(min-width: 992px)\"\/><source srcset=\"https:\/\/www.capgemini.com\/wp-content\/uploads\/2022\/05\/Capgemini_Solutions_Capgemini-Cloud-Platform.jpg?w=1024&amp;quality=70 1x, https:\/\/www.capgemini.com\/wp-content\/uploads\/2022\/05\/Capgemini_Solutions_Capgemini-Cloud-Platform.jpg?w=1024&amp;quality=70 2x\" media=\"(min-width: 768px)\"\/><source srcset=\"https:\/\/www.capgemini.com\/wp-content\/uploads\/2022\/05\/Capgemini_Solutions_Capgemini-Cloud-Platform.jpg?w=768&amp;quality=70 1x, https:\/\/www.capgemini.com\/wp-content\/uploads\/2022\/05\/Capgemini_Solutions_Capgemini-Cloud-Platform.jpg?w=768&amp;quality=70 2x\" media=\"(min-width: 0)\"\/><img decoding=\"async\" src=\"https:\/\/www.capgemini.com\/wp-content\/uploads\/2022\/05\/Capgemini_Solutions_Capgemini-Cloud-Platform.jpg\" class=\"header-img header-img-d\" alt=\"\" style=\"object-fit:cover;object-position:50% 21%\" loading=\"eager\"\/><\/picture><\/div><div class=\"heroPictureCardHeaderShape\"><\/div><div class=\"container\"><div class=\"row\"><div class=\"col-md-12\"><div class=\"box\"><div class=\"boxTagWrapper\"><div class=\"tagInfo\"><div><span class=\"box-tag\">Solution<\/span><\/div><\/div><\/div><div class=\"box-title\"><h1 data-maxlength=\"34\">Plataforma en la Nube Capgemini<\/h1><\/div><div class=\"inner-row-insight download-btn\"><\/div><\/div><\/div><\/div><\/div><\/header>\n\n\n\n<section class=\"wp-block-cg-blocks-intro-para undefined section section--intro\"><div class=\"intro-para\"><div class=\"container\"><div class=\"row\"><div class=\"col-12 col-md-1\"><nav class=\"article-social\"><ul class=\"social-nav\"><li class=\"ip-order-fb\"><a href=\"https:\/\/www.facebook.com\/sharer\/sharer.php?u=https:\/\/www.capgemini.com\/ar-es\/solutions\/plataforma-en-la-nube-capgemini\/\" target=\"_blank\" rel=\"noopener noreferrer\" title=\"abrir en una nueva ventana\"><i aria-hidden=\"true\" class=\"icon-fb\"><\/i><span class=\"sr-only\">Facebook<\/span><\/a><\/li><li class=\"ip-order-tw\"><a href=\"https:\/\/twitter.com\/intent\/tweet?url=https:\/\/www.capgemini.com\/ar-es\/solutions\/plataforma-en-la-nube-capgemini\/&amp;text=Plataforma en la Nube Capgemini\" target=\"_blank\" rel=\"noopener noreferrer\" title=\"abrir en una nueva ventana\"><i aria-hidden=\"true\" class=\"icon-tw\"><\/i><span class=\"sr-only\">Twitter<\/span><\/a><\/li><li class=\"ip-order-li\"><a href=\"https:\/\/www.linkedin.com\/sharing\/share-offsite\/?url=https:\/\/www.capgemini.com\/ar-es\/solutions\/plataforma-en-la-nube-capgemini\/&amp;text=Plataforma en la Nube Capgemini\" target=\"_blank\" rel=\"noopener noreferrer\" title=\"abrir en una nueva ventana\"><i aria-hidden=\"true\" class=\"icon-li\"><\/i><span class=\"sr-only\">Linkedin<\/span><\/a><\/li><\/ul><\/nav><\/div><div class=\"col-12 col-md-11 col-lg-10\"><h2 class=\"intro-para-title\">Extraiga m\u00e1s valor de la nube<\/h2><p class=\"intro-para-content\"><strong>Capgemini Cloud Platform<\/strong> re\u00fane la tecnolog\u00eda, los procesos y la cultura adecuados para ayudar a las organizaciones de todos los tama\u00f1os a aprovechar la eficiencia y la agilidad de la nube. Es una cartera de servicios en la nube y aceleradores en una \u00fanica plataforma de gesti\u00f3n.<\/p><\/div><\/div><\/div><\/div><\/section>\n\n\n\n<section class=\"wp-block-cg-blocks-group undefined section section--article-content\"><div class=\"article-main-content\"><div class=\"container\"><div class=\"row\"><div class=\"col-12 col-md-11 col-lg-10 offset-md-1 offset-lg-1\"><div class=\"article-text article-quote-text\">\n<h2 class=\"wp-block-heading\" id=\"h-lleve-su-estrategia-de-nube-a-un-nivel-superior\"><strong>Lleve su estrategia de nube a un nivel superior.<\/strong><\/h2>\n\n\n\n<ul class=\"wp-block-list\">\n<li><strong>Plataforma en la nube lista para usar<\/strong>: una plataforma lista para usar, probada y comprobada.<\/li>\n\n\n\n<li><strong>Portal de usuario avanzado<\/strong>: una soluci\u00f3n \u00fanica e integrada con un conjunto completo de servicios empresariales en la nube para nuevas implementaciones r\u00e1pidas.<\/li>\n\n\n\n<li><strong>Automatizaci\u00f3n<\/strong>: sustituci\u00f3n de procesos manuales y repetitivos por tareas automatizadas.<\/li>\n\n\n\n<li><strong>Transparencia en la facturaci\u00f3n y el consumo<\/strong>: el panel de consumo y las actualizaciones diarias le brindan un control total sobre las recomendaciones de optimizaci\u00f3n de costos y gastos.<\/li>\n\n\n\n<li><strong>Aceleradores en la nube<\/strong>: soporte para el desarrollo r\u00e1pido de nuevos servicios innovadores a trav\u00e9s del aprovisionamiento autom\u00e1tico, la contenedorizaci\u00f3n, los microservicios, la integraci\u00f3n y otros aceleradores.<\/li>\n\n\n\n<li><strong>Modelo operativo de destino de la nube<\/strong>: una cultura que respalda un negocio en la nube y aprovecha al m\u00e1ximo las capacidades de la nube.<\/li>\n<\/ul>\n\n\n\n<h2 class=\"wp-block-heading\" id=\"h-cinco-bloques-de-servicios-infinitas-posibilidades\"><strong>Cinco bloques de servicios, infinitas posibilidades.<\/strong><\/h2>\n\n\n\n<p>Capgemini Cloud Platform cuenta con cinco unidades de servicios integrados que agregan una variedad de capacidades avanzadas. Los cuatro primeros facilitan la gesti\u00f3n de la carga de trabajo; el quinto acelera y estandariza la entrega y operaci\u00f3n de casos de uso de la nube.<\/p>\n\n\n\n<figure class=\"wp-block-image\"><img decoding=\"async\" src=\"https:\/\/www.capgemini.com\/wp-content\/uploads\/2018\/09\/TABLE1-01.jpg?w=960\" alt=\"Capgemini Cloud Platform: Service Blocks\" class=\"wp-image-383334\"\/><\/figure>\n\n\n\n<h2 class=\"wp-block-heading\" id=\"h-por-que-elegir-la-plataforma-en-la-nube-de-capgemini\"><strong>\u00bfPor qu\u00e9 elegir la plataforma en la nube de Capgemini?<\/strong><\/h2>\n\n\n\n<ul class=\"wp-block-list\">\n<li><strong>Libertad de elecci\u00f3n<\/strong>: opciones multinube, multiproveedor y multitecnolog\u00eda<\/li>\n\n\n\n<li><strong>Tiempos de reacci\u00f3n r\u00e1pidos<\/strong>: implemente con solo hacer clic en un bot\u00f3n y escale a pedido<\/li>\n\n\n\n<li><strong>Simplificaci\u00f3n<\/strong>: administraci\u00f3n desde un solo panel con automatizaci\u00f3n avanzada<\/li>\n\n\n\n<li><strong>Flexibilidad<\/strong>: adopte nuevas capacidades en la nube y escale sobre la marcha<\/li>\n\n\n\n<li><strong>Transparencia<\/strong>: obtenga visibilidad en tiempo real sobre el consumo, \u00a1sin sorpresas!<\/li>\n\n\n\n<li><strong>Innovaci\u00f3n<\/strong>: use la nube h\u00edbrida para acelerar la innovaci\u00f3n y el tiempo de comercializaci\u00f3n<\/li>\n\n\n\n<li><strong>Reducci\u00f3n de costos<\/strong>: se han logrado ahorros de costos de hasta un 77% a trav\u00e9s de la optimizaci\u00f3n<\/li>\n<\/ul>\n\n\n\n<p><strong>Niveles de servicio*<\/strong><\/p>\n\n\n\n<ul class=\"wp-block-list\">\n<li>Mesa de servicio: Gravedad 1 &lt;30 minutos para reaccionar y &lt;3 horas para resolver el 95% del tiempo<\/li>\n\n\n\n<li>Mesa de servicio: Severidad 2 &lt;60 minutos para reaccionar y &lt;8 horas para resolver el 95% del tiempo<\/li>\n\n\n\n<li>Mesa de servicio: Gravedad 3 &lt;8 horas para reaccionar y &lt;5 d\u00edas h\u00e1biles para resolver el 95% del tiempo<\/li>\n\n\n\n<li>Tiempos de respuesta de solicitud de servicio: &lt;8 horas (simple) o &lt;24 horas (complejo) 95% del tiempo<\/li>\n\n\n\n<li>Tiempo de respuesta de solicitud de cambio: 24 horas para iniciar discusiones de planificaci\u00f3n y presupuesto el 95% del tiempo<\/li>\n\n\n\n<li>An\u00e1lisis de la causa ra\u00edz: incidentes graves y de gravedad 1 que se entregar\u00e1n en 10 d\u00edas h\u00e1biles o 3 d\u00edas h\u00e1biles en escaladas el 95 % del tiempo<\/li>\n\n\n\n<li>La copia de seguridad de la infraestructura se iniciar\u00e1 seg\u00fan un cronograma acordado con una tasa de \u00e9xito del 99.9 % y cualquier falla se reiniciar\u00e1 el siguiente d\u00eda h\u00e1bil<\/li>\n\n\n\n<li>Supervisi\u00f3n de m\u00e1quinas virtuales: para estado de disponibilidad (99.9%), capacidad de memoria (95%), capacidad inform\u00e1tica (95%) y discos de almacenamiento asociados (90%)<\/li>\n\n\n\n<li>Supervisi\u00f3n antivirus: del estado del agente y detecci\u00f3n de malware una vez al d\u00eda.<\/li>\n<\/ul>\n\n\n\n<p>*Los SLA est\u00e1n sujetos a acuerdo y deben definirse por acuerdo.<\/p>\n<\/div><\/div><\/div><\/div><\/div><\/section>\n","protected":false},"excerpt":{"rendered":"","protected":false},"author":151,"featured_media":5621,"parent":5720,"menu_order":0,"comment_status":"closed","ping_status":"closed","template":"","meta":{"cg_dt_proposed_to":[0],"cg_seo_hreflang_relations":"[]","cg_seo_canonical_relation":"","cg_seo_hreflang_x_default_relation":"","cg_dt_approved_content":false,"cg_dt_mandatory_content":false,"cg_dt_notes":"","cg_dg_source_changed":false,"cg_dt_link_disabled":false,"_yoast_wpseo_primary_brand":"","footnotes":"","featured_focal_points":"","partner_card_description":"","gsap_animation":0},"brand":[],"partner_type":[],"service":[],"industry":[],"partners":[],"page-type":[167],"content-group":[],"class_list":["post-5620","page","type-page","status-publish","has-post-thumbnail","hentry","page-type-solutions"],"yoast_head":"<!-- This site is optimized with the Yoast SEO Premium plugin v22.8 (Yoast SEO v22.8) - https:\/\/yoast.com\/wordpress\/plugins\/seo\/ -->\n<title>Plataforma en la Nube Capgemini | Capgemini<\/title>\n<meta name=\"description\" content=\"Capgemini Cloud Platform re\u00fane la tecnolog\u00eda, los procesos y la cultura adecuados para ayudar a las organizaciones de todos los tama\u00f1os a aprovechar la eficiencia y la agilidad de la nube. Es una cartera de servicios en la nube y aceleradores en una \u00fanica plataforma de gesti\u00f3n.\" \/>\n<meta name=\"robots\" content=\"index, follow, max-snippet:-1, max-image-preview:large, max-video-preview:-1\" \/>\n<link rel=\"canonical\" href=\"https:\/\/www.capgemini.com\/ar-es\/solutions\/plataforma-en-la-nube-capgemini\/\" \/>\n<meta property=\"og:locale\" content=\"es_MX\" \/>\n<meta property=\"og:type\" content=\"article\" \/>\n<meta property=\"og:title\" content=\"Plataforma en la Nube Capgemini\" \/>\n<meta property=\"og:description\" content=\"Capgemini Cloud Platform re\u00fane la tecnolog\u00eda, los procesos y la cultura adecuados para ayudar a las organizaciones de todos los tama\u00f1os a aprovechar la eficiencia y la agilidad de la nube. Es una cartera de servicios en la nube y aceleradores en una \u00fanica plataforma de gesti\u00f3n.\" \/>\n<meta property=\"og:url\" content=\"https:\/\/www.capgemini.com\/ar-es\/solutions\/plataforma-en-la-nube-capgemini\/\" \/>\n<meta property=\"og:site_name\" content=\"Capgemini Argentina\" \/>\n<meta property=\"article:modified_time\" content=\"2025-03-28T06:41:28+00:00\" \/>\n<meta property=\"og:image\" content=\"https:\/\/www.capgemini.com\/ar-es\/wp-content\/uploads\/sites\/9\/2021\/11\/Capgemini_Solutions_Capgemini-Cloud-Platform.jpg\" \/>\n\t<meta property=\"og:image:width\" content=\"2880\" \/>\n\t<meta property=\"og:image:height\" content=\"1800\" \/>\n\t<meta property=\"og:image:type\" content=\"image\/jpeg\" \/>\n<meta name=\"twitter:card\" content=\"summary_large_image\" \/>\n<meta name=\"twitter:label1\" content=\"Est. reading time\" \/>\n\t<meta name=\"twitter:data1\" content=\"3 minutes\" \/>\n<script type=\"application\/ld+json\" class=\"yoast-schema-graph\">{\"@context\":\"https:\/\/schema.org\",\"@graph\":[{\"@type\":\"WebPage\",\"@id\":\"https:\/\/www.capgemini.com\/ar-es\/solutions\/plataforma-en-la-nube-capgemini\/\",\"url\":\"https:\/\/www.capgemini.com\/ar-es\/solutions\/plataforma-en-la-nube-capgemini\/\",\"name\":\"Plataforma en la Nube Capgemini | Capgemini\",\"isPartOf\":{\"@id\":\"https:\/\/www.capgemini.com\/ar-es\/#website\"},\"primaryImageOfPage\":{\"@id\":\"https:\/\/www.capgemini.com\/ar-es\/solutions\/plataforma-en-la-nube-capgemini\/#primaryimage\"},\"image\":{\"@id\":\"https:\/\/www.capgemini.com\/ar-es\/solutions\/plataforma-en-la-nube-capgemini\/#primaryimage\"},\"thumbnailUrl\":\"https:\/\/www.capgemini.com\/ar-es\/wp-content\/uploads\/sites\/9\/2021\/11\/Capgemini_Solutions_Capgemini-Cloud-Platform.jpg\",\"datePublished\":\"2021-11-02T07:25:57+00:00\",\"dateModified\":\"2025-03-28T06:41:28+00:00\",\"description\":\"Capgemini Cloud Platform re\u00fane la tecnolog\u00eda, los procesos y la cultura adecuados para ayudar a las organizaciones de todos los tama\u00f1os a aprovechar la eficiencia y la agilidad de la nube. Es una cartera de servicios en la nube y aceleradores en una \u00fanica plataforma de gesti\u00f3n.\",\"breadcrumb\":{\"@id\":\"https:\/\/www.capgemini.com\/ar-es\/solutions\/plataforma-en-la-nube-capgemini\/#breadcrumb\"},\"inLanguage\":\"es-MX\",\"potentialAction\":[{\"@type\":\"ReadAction\",\"target\":[\"https:\/\/www.capgemini.com\/ar-es\/solutions\/plataforma-en-la-nube-capgemini\/\"]}]},{\"@type\":\"ImageObject\",\"inLanguage\":\"es-MX\",\"@id\":\"https:\/\/www.capgemini.com\/ar-es\/solutions\/plataforma-en-la-nube-capgemini\/#primaryimage\",\"url\":\"https:\/\/www.capgemini.com\/ar-es\/wp-content\/uploads\/sites\/9\/2021\/11\/Capgemini_Solutions_Capgemini-Cloud-Platform.jpg\",\"contentUrl\":\"https:\/\/www.capgemini.com\/ar-es\/wp-content\/uploads\/sites\/9\/2021\/11\/Capgemini_Solutions_Capgemini-Cloud-Platform.jpg\",\"width\":2880,\"height\":1800},{\"@type\":\"BreadcrumbList\",\"@id\":\"https:\/\/www.capgemini.com\/ar-es\/solutions\/plataforma-en-la-nube-capgemini\/#breadcrumb\",\"itemListElement\":[{\"@type\":\"ListItem\",\"position\":1,\"name\":\"Home\",\"item\":\"https:\/\/www.capgemini.com\/ar-es\/\"},{\"@type\":\"ListItem\",\"position\":2,\"name\":\"Solutions\",\"item\":\"https:\/\/www.capgemini.com\/ar-es\/?page_id=5720&preview_id=5720\"},{\"@type\":\"ListItem\",\"position\":3,\"name\":\"Plataforma en la Nube Capgemini\"}]},{\"@type\":\"WebSite\",\"@id\":\"https:\/\/www.capgemini.com\/ar-es\/#website\",\"url\":\"https:\/\/www.capgemini.com\/ar-es\/\",\"name\":\"Capgemini Argentina\",\"description\":\"Capgemini\",\"potentialAction\":[{\"@type\":\"SearchAction\",\"target\":{\"@type\":\"EntryPoint\",\"urlTemplate\":\"https:\/\/www.capgemini.com\/ar-es\/?s={search_term_string}\"},\"query-input\":\"required name=search_term_string\"}],\"inLanguage\":\"es-MX\"}]}<\/script>\n<!-- \/ Yoast SEO Premium plugin. -->","yoast_head_json":{"title":"Plataforma en la Nube Capgemini | Capgemini","description":"Capgemini Cloud Platform re\u00fane la tecnolog\u00eda, los procesos y la cultura adecuados para ayudar a las organizaciones de todos los tama\u00f1os a aprovechar la eficiencia y la agilidad de la nube. Es una cartera de servicios en la nube y aceleradores en una \u00fanica plataforma de gesti\u00f3n.","robots":{"index":"index","follow":"follow","max-snippet":"max-snippet:-1","max-image-preview":"max-image-preview:large","max-video-preview":"max-video-preview:-1"},"canonical":"https:\/\/www.capgemini.com\/ar-es\/solutions\/plataforma-en-la-nube-capgemini\/","og_locale":"es_MX","og_type":"article","og_title":"Plataforma en la Nube Capgemini","og_description":"Capgemini Cloud Platform re\u00fane la tecnolog\u00eda, los procesos y la cultura adecuados para ayudar a las organizaciones de todos los tama\u00f1os a aprovechar la eficiencia y la agilidad de la nube. Es una cartera de servicios en la nube y aceleradores en una \u00fanica plataforma de gesti\u00f3n.","og_url":"https:\/\/www.capgemini.com\/ar-es\/solutions\/plataforma-en-la-nube-capgemini\/","og_site_name":"Capgemini Argentina","article_modified_time":"2025-03-28T06:41:28+00:00","og_image":[{"width":2880,"height":1800,"url":"https:\/\/www.capgemini.com\/ar-es\/wp-content\/uploads\/sites\/9\/2021\/11\/Capgemini_Solutions_Capgemini-Cloud-Platform.jpg","type":"image\/jpeg"}],"twitter_card":"summary_large_image","twitter_misc":{"Est. reading time":"3 minutes"},"schema":{"@context":"https:\/\/schema.org","@graph":[{"@type":"WebPage","@id":"https:\/\/www.capgemini.com\/ar-es\/solutions\/plataforma-en-la-nube-capgemini\/","url":"https:\/\/www.capgemini.com\/ar-es\/solutions\/plataforma-en-la-nube-capgemini\/","name":"Plataforma en la Nube Capgemini | Capgemini","isPartOf":{"@id":"https:\/\/www.capgemini.com\/ar-es\/#website"},"primaryImageOfPage":{"@id":"https:\/\/www.capgemini.com\/ar-es\/solutions\/plataforma-en-la-nube-capgemini\/#primaryimage"},"image":{"@id":"https:\/\/www.capgemini.com\/ar-es\/solutions\/plataforma-en-la-nube-capgemini\/#primaryimage"},"thumbnailUrl":"https:\/\/www.capgemini.com\/ar-es\/wp-content\/uploads\/sites\/9\/2021\/11\/Capgemini_Solutions_Capgemini-Cloud-Platform.jpg","datePublished":"2021-11-02T07:25:57+00:00","dateModified":"2025-03-28T06:41:28+00:00","description":"Capgemini Cloud Platform re\u00fane la tecnolog\u00eda, los procesos y la cultura adecuados para ayudar a las organizaciones de todos los tama\u00f1os a aprovechar la eficiencia y la agilidad de la nube. Es una cartera de servicios en la nube y aceleradores en una \u00fanica plataforma de gesti\u00f3n.","breadcrumb":{"@id":"https:\/\/www.capgemini.com\/ar-es\/solutions\/plataforma-en-la-nube-capgemini\/#breadcrumb"},"inLanguage":"es-MX","potentialAction":[{"@type":"ReadAction","target":["https:\/\/www.capgemini.com\/ar-es\/solutions\/plataforma-en-la-nube-capgemini\/"]}]},{"@type":"ImageObject","inLanguage":"es-MX","@id":"https:\/\/www.capgemini.com\/ar-es\/solutions\/plataforma-en-la-nube-capgemini\/#primaryimage","url":"https:\/\/www.capgemini.com\/ar-es\/wp-content\/uploads\/sites\/9\/2021\/11\/Capgemini_Solutions_Capgemini-Cloud-Platform.jpg","contentUrl":"https:\/\/www.capgemini.com\/ar-es\/wp-content\/uploads\/sites\/9\/2021\/11\/Capgemini_Solutions_Capgemini-Cloud-Platform.jpg","width":2880,"height":1800},{"@type":"BreadcrumbList","@id":"https:\/\/www.capgemini.com\/ar-es\/solutions\/plataforma-en-la-nube-capgemini\/#breadcrumb","itemListElement":[{"@type":"ListItem","position":1,"name":"Home","item":"https:\/\/www.capgemini.com\/ar-es\/"},{"@type":"ListItem","position":2,"name":"Solutions","item":"https:\/\/www.capgemini.com\/ar-es\/?page_id=5720&preview_id=5720"},{"@type":"ListItem","position":3,"name":"Plataforma en la Nube Capgemini"}]},{"@type":"WebSite","@id":"https:\/\/www.capgemini.com\/ar-es\/#website","url":"https:\/\/www.capgemini.com\/ar-es\/","name":"Capgemini Argentina","description":"Capgemini","potentialAction":[{"@type":"SearchAction","target":{"@type":"EntryPoint","urlTemplate":"https:\/\/www.capgemini.com\/ar-es\/?s={search_term_string}"},"query-input":"required name=search_term_string"}],"inLanguage":"es-MX"}]}},"brand_term":[],"parsely":{"version":"1.1.0","canonical_url":"https:\/\/capgemini.com\/ar-es\/solutions\/plataforma-en-la-nube-capgemini\/","smart_links":{"inbound":0,"outbound":0},"traffic_boost_suggestions_count":0,"meta":{"@context":"https:\/\/schema.org","@type":"WebPage","headline":"Plataforma en la Nube Capgemini","url":"https:\/\/www.capgemini.com\/ar-es\/solutions\/plataforma-en-la-nube-capgemini\/","mainEntityOfPage":{"@type":"WebPage","@id":"https:\/\/www.capgemini.com\/ar-es\/solutions\/plataforma-en-la-nube-capgemini\/"},"thumbnailUrl":"https:\/\/www.capgemini.com\/ar-es\/wp-content\/uploads\/sites\/9\/2021\/11\/Capgemini_Solutions_Capgemini-Cloud-Platform.jpg?w=150&h=150&crop=1","image":{"@type":"ImageObject","url":"https:\/\/www.capgemini.com\/ar-es\/wp-content\/uploads\/sites\/9\/2021\/11\/Capgemini_Solutions_Capgemini-Cloud-Platform.jpg"},"articleSection":"Uncategorized","author":[],"creator":[],"publisher":{"@type":"Organization","name":"Capgemini Argentina","logo":""},"keywords":[],"dateCreated":"2021-11-02T07:25:57Z","datePublished":"2021-11-02T07:25:57Z","dateModified":"2025-03-28T06:41:28Z"},"rendered":"<meta name=\"parsely-title\" content=\"Plataforma en la Nube Capgemini\" \/>\n<meta name=\"parsely-link\" content=\"https:\/\/www.capgemini.com\/ar-es\/solutions\/plataforma-en-la-nube-capgemini\/\" \/>\n<meta name=\"parsely-type\" content=\"index\" \/>\n<meta name=\"parsely-image-url\" content=\"https:\/\/www.capgemini.com\/ar-es\/wp-content\/uploads\/sites\/9\/2021\/11\/Capgemini_Solutions_Capgemini-Cloud-Platform.jpg?w=150&amp;h=150&amp;crop=1\" \/>\n<meta name=\"parsely-pub-date\" content=\"2021-11-02T07:25:57Z\" \/>\n<meta name=\"parsely-section\" content=\"Uncategorized\" \/>","tracker_url":"https:\/\/cdn.parsely.com\/keys\/capgemini.com\/p.js"},"archive_status":false,"featured_image_src":"https:\/\/www.capgemini.com\/ar-es\/wp-content\/uploads\/sites\/9\/2021\/11\/Capgemini_Solutions_Capgemini-Cloud-Platform.jpg","featured_image_alt":"","jetpack_sharing_enabled":true,"distributor_meta":false,"distributor_terms":false,"distributor_media":false,"distributor_original_site_name":"Capgemini Argentina","distributor_original_site_url":"https:\/\/www.capgemini.com\/ar-es","push-errors":false,"_links":{"self":[{"href":"https:\/\/www.capgemini.com\/ar-es\/wp-json\/wp\/v2\/pages\/5620","targetHints":{"allow":["GET"]}}],"collection":[{"href":"https:\/\/www.capgemini.com\/ar-es\/wp-json\/wp\/v2\/pages"}],"about":[{"href":"https:\/\/www.capgemini.com\/ar-es\/wp-json\/wp\/v2\/types\/page"}],"author":[{"embeddable":true,"href":"https:\/\/www.capgemini.com\/ar-es\/wp-json\/wp\/v2\/users\/151"}],"replies":[{"embeddable":true,"href":"https:\/\/www.capgemini.com\/ar-es\/wp-json\/wp\/v2\/comments?post=5620"}],"version-history":[{"count":4,"href":"https:\/\/www.capgemini.com\/ar-es\/wp-json\/wp\/v2\/pages\/5620\/revisions"}],"predecessor-version":[{"id":516050,"href":"https:\/\/www.capgemini.com\/ar-es\/wp-json\/wp\/v2\/pages\/5620\/revisions\/516050"}],"up":[{"embeddable":true,"href":"https:\/\/www.capgemini.com\/ar-es\/wp-json\/wp\/v2\/pages\/5720"}],"wp:featuredmedia":[{"embeddable":true,"href":"https:\/\/www.capgemini.com\/ar-es\/wp-json\/wp\/v2\/media\/5621"}],"wp:attachment":[{"href":"https:\/\/www.capgemini.com\/ar-es\/wp-json\/wp\/v2\/media?parent=5620"}],"wp:term":[{"taxonomy":"brand","embeddable":true,"href":"https:\/\/www.capgemini.com\/ar-es\/wp-json\/wp\/v2\/brand?post=5620"},{"taxonomy":"partner_type","embeddable":true,"href":"https:\/\/www.capgemini.com\/ar-es\/wp-json\/wp\/v2\/partner_type?post=5620"},{"taxonomy":"service","embeddable":true,"href":"https:\/\/www.capgemini.com\/ar-es\/wp-json\/wp\/v2\/service?post=5620"},{"taxonomy":"industry","embeddable":true,"href":"https:\/\/www.capgemini.com\/ar-es\/wp-json\/wp\/v2\/industry?post=5620"},{"taxonomy":"partners","embeddable":true,"href":"https:\/\/www.capgemini.com\/ar-es\/wp-json\/wp\/v2\/partners?post=5620"},{"taxonomy":"page-type","embeddable":true,"href":"https:\/\/www.capgemini.com\/ar-es\/wp-json\/wp\/v2\/page-type?post=5620"},{"taxonomy":"content-group","embeddable":true,"href":"https:\/\/www.capgemini.com\/ar-es\/wp-json\/wp\/v2\/content-group?post=5620"}],"curies":[{"name":"wp","href":"https:\/\/api.w.org\/{rel}","templated":true}]}}