{"id":5610,"date":"2021-11-17T10:49:39","date_gmt":"2021-11-17T10:49:39","guid":{"rendered":"https:\/\/www.capgemini.com\/?page_id=635297"},"modified":"2025-03-28T06:40:28","modified_gmt":"2025-03-28T06:40:28","slug":"nobel-partner","status":"publish","type":"page","link":"https:\/\/www.capgemini.com\/ar-es\/sobre-nosotros\/quienes-somos\/nobel-partner\/","title":{"rendered":"Nobel International Partner"},"content":{"rendered":"\n<div class=\"wp-block-cg-blocks-hero-picture-card undefined  heroPictureCard\"><div class=\"heroPictureCardBgs\"><picture><source srcset=\"https:\/\/www.capgemini.com\/wp-content\/uploads\/2021\/11\/Capgemini_About-Us_Nobel-Partner.jpg?w=2880&amp;quality=70 1x, https:\/\/www.capgemini.com\/wp-content\/uploads\/2021\/11\/Capgemini_About-Us_Nobel-Partner.jpg?w=2880&amp;quality=70 2x\" media=\"(min-width: 1500px)\"\/><source srcset=\"https:\/\/www.capgemini.com\/wp-content\/uploads\/2021\/11\/Capgemini_About-Us_Nobel-Partner.jpg?w=1440&amp;quality=70 1x, https:\/\/www.capgemini.com\/wp-content\/uploads\/2021\/11\/Capgemini_About-Us_Nobel-Partner.jpg?w=2880&amp;quality=70 2x\" media=\"(min-width: 992px)\"\/><source srcset=\"https:\/\/www.capgemini.com\/wp-content\/uploads\/2021\/11\/Capgemini_About-Us_Nobel-Partner.jpg?w=1024&amp;quality=70 1x, https:\/\/www.capgemini.com\/wp-content\/uploads\/2021\/11\/Capgemini_About-Us_Nobel-Partner.jpg?w=1024&amp;quality=70 2x\" media=\"(min-width: 768px)\"\/><source srcset=\"https:\/\/www.capgemini.com\/wp-content\/uploads\/2021\/11\/Capgemini_About-Us_Nobel-Partner.jpg?w=768&amp;quality=70 1x, https:\/\/www.capgemini.com\/wp-content\/uploads\/2021\/11\/Capgemini_About-Us_Nobel-Partner.jpg?w=768&amp;quality=70 2x\" media=\"(min-width: 0)\"\/><img decoding=\"async\" src=\"https:\/\/www.capgemini.com\/wp-content\/uploads\/2021\/11\/Capgemini_About-Us_Nobel-Partner.jpg\" class=\"desktopImage\" alt=\"\" style=\"object-fit:cover;object-position:50% 50%\" loading=\"eager\"\/><\/picture><picture><source srcset=\"https:\/\/www.capgemini.com\/wp-content\/uploads\/2021\/11\/Capgemini_About-Us_Nobel-Partner.jpg?w=2880&amp;quality=70 1x, https:\/\/www.capgemini.com\/wp-content\/uploads\/2021\/11\/Capgemini_About-Us_Nobel-Partner.jpg?w=2880&amp;quality=70 2x\" media=\"(min-width: 1500px)\"\/><source srcset=\"https:\/\/www.capgemini.com\/wp-content\/uploads\/2021\/11\/Capgemini_About-Us_Nobel-Partner.jpg?w=1440&amp;quality=70 1x, https:\/\/www.capgemini.com\/wp-content\/uploads\/2021\/11\/Capgemini_About-Us_Nobel-Partner.jpg?w=2880&amp;quality=70 2x\" media=\"(min-width: 992px)\"\/><source srcset=\"https:\/\/www.capgemini.com\/wp-content\/uploads\/2021\/11\/Capgemini_About-Us_Nobel-Partner.jpg?w=1024&amp;quality=70 1x, https:\/\/www.capgemini.com\/wp-content\/uploads\/2021\/11\/Capgemini_About-Us_Nobel-Partner.jpg?w=1024&amp;quality=70 2x\" media=\"(min-width: 768px)\"\/><source srcset=\"https:\/\/www.capgemini.com\/wp-content\/uploads\/2021\/11\/Capgemini_About-Us_Nobel-Partner.jpg?w=768&amp;quality=70 1x, https:\/\/www.capgemini.com\/wp-content\/uploads\/2021\/11\/Capgemini_About-Us_Nobel-Partner.jpg?w=768&amp;quality=70 2x\" media=\"(min-width: 0)\"\/><img decoding=\"async\" src=\"https:\/\/www.capgemini.com\/wp-content\/uploads\/2021\/11\/Capgemini_About-Us_Nobel-Partner.jpg\" class=\"mobileImage\" alt=\"\" style=\"object-fit:cover;object-position:50% 50%\" loading=\"eager\"\/><\/picture><\/div><div class=\"heroPictureCardHeaderShape\"><\/div><div class=\"container\"><div class=\"row\"><div class=\"col-md-8 col-lg-6\"><div class=\"heroPictureCardBox\"><div class=\"heroPictureCardBoxTitle\"><h1 data-maxlength=\"144\">Nobel International Partner<\/h1><\/div><\/div><\/div><\/div><\/div><div class=\"small-device\"><div class=\"brandLogoWrapper\"> <\/div><\/div><\/div>\n\n\n\n<figure class=\"wp-block-image aligncenter size-full is-resized\"><img decoding=\"async\" src=\"https:\/\/www.capgemini.com\/wp-content\/uploads\/2021\/12\/nobel-international-partner-Capgemini.png\" alt=\"\" class=\"wp-image-640227\" style=\"width:410px;height:93px\"\/><\/figure>\n\n\n\n<section class=\"wp-block-cg-blocks-intro-para undefined section section--intro\"><div class=\"intro-para\"><div class=\"container\"><div class=\"row\"><div class=\"col-12 col-md-1\"><nav class=\"article-social\"><ul class=\"social-nav\"><li class=\"ip-order-fb\"><a href=\"https:\/\/www.facebook.com\/sharer\/sharer.php?u=https:\/\/www.capgemini.com\/ar-es\/sobre-nosotros\/quienes-somos\/nobel-partner\/\" target=\"_blank\" rel=\"noopener noreferrer\" title=\"abrir en una nueva ventana\"><i aria-hidden=\"true\" class=\"icon-fb\"><\/i><span class=\"sr-only\">Facebook<\/span><\/a><\/li><li class=\"ip-order-li\"><a href=\"https:\/\/www.linkedin.com\/sharing\/share-offsite\/?url=https:\/\/www.capgemini.com\/ar-es\/sobre-nosotros\/quienes-somos\/nobel-partner\/\" target=\"_blank\" rel=\"noopener noreferrer\" title=\"abrir en una nueva ventana\"><i aria-hidden=\"true\" class=\"icon-li\"><\/i><span class=\"sr-only\">Linkedin<\/span><\/a><\/li><\/ul><\/nav><\/div><div class=\"col-12 col-md-11 col-lg-10\"><h2 class=\"intro-para-title\">Apoyando la innovaci\u00f3n y la ciencia para un futuro m\u00e1s sostenible.<\/h2><p class=\"intro-para-content\">Visi\u00f3n, dedicaci\u00f3n e innovaci\u00f3n: en Capgemini, creemos que las grandes mentes que se unen para encontrar soluciones y convertir las ideas en acci\u00f3n son la \u00fanica forma de abordar los desaf\u00edos actuales.<br><br><a href=\"https:\/\/www.nobelprize.org\/the-nobel-prize-organisation\/outreach-activities\/\">Nobel Prize Outreach<\/a> difunde el conocimiento sobre los logros otorgados por el Premio Nobel y estimula el inter\u00e9s en la ciencia, la literatura y la paz en l\u00ednea con la visi\u00f3n y el legado de Alfred Nobel de reconocer cada a\u00f1o a aquellos que \u201chan reportado un mayor beneficio a la humanidad\u201d.<br><br>Capgemini se enorgullece de ser un socio internacional Nobel y de apoyar la innovaci\u00f3n y la investigaci\u00f3n. Junto con Nobel Prize Outreach, nuestro objetivo es difundir el conocimiento y la excelencia a nivel mundial, inspirar a las mentes j\u00f3venes y construir un futuro m\u00e1s sostenible e inclusivo para todos.<\/p><\/div><\/div><\/div><\/div><\/section>\n\n\n\n<section class=\"wp-block-cg-blocks-intro-para-video section section--info-2cols section--insights section-video\"><div class=\"bg-color video-align-left\"><div class=\"container\"><div class=\"row video-align-right\"><div class=\"col-md-12\"><div class=\"video-align-right row box box--4 box--mini\"><div class=\"col-md-1\"><\/div><div class=\"col-md-8 box-img-wrapper\"><div class=\"video-box\"><div class=\"video-wrapper\"><iframe title=\"video-section\" src=\"https:\/\/www.youtube.com\/embed\/X4jk1gFHO5M\" frameborder=\"0\" rel=\"0\" allow=\"accelerometer; autoplay; encrypted-media; gyroscope; picture-in-picture\" allowfullscreen><\/iframe><\/div><\/div><\/div><div class=\"col-md-3\"><h3 class=\"Video-title\" data-maxlength=\"34\">Nobel International Partner<\/h3><div class=\"video-info\"><p data-maxlength=\"68\"><\/p><\/div><\/div><div class=\"col-md-1\"><\/div><\/div><\/div><\/div><\/div><\/div><\/section>\n\n\n\n<section class=\"wp-block-cg-blocks-group undefined section section--article-content\"><div class=\"article-main-content\"><div class=\"container\"><div class=\"row\"><div class=\"col-12 col-md-11 col-lg-10 offset-md-1 offset-lg-1\"><div class=\"article-text article-quote-text\">\n<p>Esta asociaci\u00f3n encarna el enfoque de Capgemini de apoyo a la educaci\u00f3n y contribuci\u00f3n al surgimiento de los l\u00edderes y talentos mundiales del ma\u00f1ana.<\/p>\n\n\n\n<p>Como socio internacional de Nobel, Capgemini aprovecha al m\u00e1ximo su profunda experiencia en innovaci\u00f3n y tecnolog\u00eda para respaldar el amplio programa de eventos de divulgaci\u00f3n en todo el mundo, que incluyen formatos presenciales y digitales.<\/p>\n\n\n\n<p>En particular, estos incluyen los Di\u00e1logos del Premio Nobel: eventos regulares que re\u00fanen al p\u00fablico a ganadores del Premio Nobel, acad\u00e9micos, estudiantes, inventores, tomadores de decisiones y otros grandes pensadores para discutir soluciones a algunos de los problemas m\u00e1s apremiantes del mundo.<\/p>\n\n\n\n<p>Estos eventos tienen como objetivo promover la toma de decisiones basada en hechos, estimular el di\u00e1logo e inspirar a estudiantes, investigadores y tomadores de decisiones en todo el mundo para ayudar a construir un futuro inclusivo y sostenible fomentado por la innovaci\u00f3n.<\/p>\n\n\n\n<h2 class=\"wp-block-heading\" id=\"h-\"><\/h2>\n\n\n\n<h3 class=\"wp-block-heading\" id=\"h-enero-de-2022-los-estudiantes-se-encuentran-con-el-premio-nobel\"><strong>Enero de 2022: los estudiantes se encuentran con el premio Nobel<\/strong><\/h3>\n\n\n\n<p>\u201cStudents meet Nobel Prize laureate\u201d es un formato de conversaci\u00f3n organizado por Nobel Prize Outreach, que re\u00fane a un grupo de 15 estudiantes de ciencias de pregrado y posgrado de todo el mundo para charlar con un premio Nobel sobre c\u00f3mo ser cient\u00edfico. <br><br>La \u00faltima edici\u00f3n se grab\u00f3 digitalmente a fines de enero de 2022. Cont\u00f3 con la participaci\u00f3n de Arthur B. McDonald, Premio Nobel de F\u00edsica 2015. Tres j\u00f3venes cient\u00edficos de Capgemini pudieron participar en este encuentro. Para m\u00e1s informaci\u00f3n sobre innovaci\u00f3n aqu\u00ed.<\/p>\n<\/div><\/div><\/div><\/div><\/div><\/section>\n\n\n\n<section class=\"wp-block-cg-blocks-intro-para-video section section--info-2cols section--insights section-video\"><div class=\"bg-color video-align-right\"><div class=\"container\"><div class=\"row video-align-left\"><div class=\"col-md-12\"><div class=\"video-align-left row box box--4 box--mini\"><div class=\"col-md-3\"><h4 data-maxlength=\"34\">Students meet Nobel Prize laureate<\/h4><div class=\"video-info\"><p data-maxlength=\"68\">Conversaci\u00f3n completa con Arthur McDonald disponible aqu\u00ed.<\/p><\/div><\/div><div class=\"col-md-8 box-img-wrapper\"><div class=\"video-box\"><div class=\"video-wrapper\"><iframe title=\"video section\" src=\"https:\/\/www.youtube.com\/embed\/iPQmFeU59dE\" frameborder=\"0\" rel=\"0\" allow=\"accelerometer; autoplay; encrypted-media; gyroscope; picture-in-picture\" allowfullscreen><\/iframe><\/div><\/div><\/div><div class=\"col-md-1\"><\/div><\/div><\/div><\/div><\/div><\/div><\/section>\n\n\n\n<section class=\"wp-block-cg-blocks-learn-more learnMoreBlock updated-new-sample-amal\"><div class=\"container\"><div class=\"content-title\"><h2 class=\"learnmore-heading\">Explorar Capgemini<\/h2><\/div><div class=\"row\"><div class=\"col-md-4\"><div class=\"box\"><div class=\"box-wrapper\"><a class=\"box-title\" href=\"\/ar-es\/sobre-nosotros\/quienes-somos\/ecosistema-de-innovacion\/\" target=\"\" aria-label=\"Ecosistema de innovaci\u00f3n\" rel=\"noopener noreferrer\"><div class=\"box-img-wrapper\"><img decoding=\"async\" src=\"https:\/\/www.capgemini.com\/wp-content\/uploads\/2022\/01\/Capgemini_Innovation-Ecosystem-1.jpg?w=500&amp;quality=70\" srcset=\"https:\/\/www.capgemini.com\/wp-content\/uploads\/2022\/01\/Capgemini_Innovation-Ecosystem-1.jpg?w=500&amp;quality=70 1x, https:\/\/www.capgemini.com\/wp-content\/uploads\/2022\/01\/Capgemini_Innovation-Ecosystem-1.jpg?w=1000&amp;quality=70 2x\" class=\"box-img\" alt=\"\" style=\"object-fit:cover;object-position:50% 50%\" loading=\"lazy\"\/><\/div><h3 class=\"titleWithoutLink_learnMore\">Ecosistema de innovaci\u00f3n<\/h3><\/a><\/div><\/div><div class=\"box-inner\"><\/div><\/div><div class=\"col-md-4\"><div class=\"box\"><div class=\"box-wrapper\"><a class=\"box-title\" href=\"\/ar-es\/sobre-nosotros\/csr\/sostenibilidad-ambiental\/\" target=\"\" aria-label=\"Sostenibilidad ambiental\" rel=\"noopener noreferrer\"><div class=\"box-img-wrapper\"><img decoding=\"async\" src=\"https:\/\/www.capgemini.com\/wp-content\/uploads\/2021\/06\/Capgemini_environment.jpg?w=500&amp;quality=70\" srcset=\"https:\/\/www.capgemini.com\/wp-content\/uploads\/2021\/06\/Capgemini_environment.jpg?w=500&amp;quality=70 1x, https:\/\/www.capgemini.com\/wp-content\/uploads\/2021\/06\/Capgemini_environment.jpg?w=1000&amp;quality=70 2x\" class=\"box-img\" alt=\"\" style=\"object-fit:cover;object-position:50% 50%\" loading=\"lazy\"\/><\/div><h3 class=\"titleWithoutLink_learnMore\">Sostenibilidad ambiental<\/h3><\/a><\/div><\/div><div class=\"box-inner\"><\/div><\/div><div class=\"col-md-4\"><div class=\"box\"><div class=\"box-wrapper\"><a class=\"box-title\" href=\"\/ar-es\/sobre-nosotros\/csr\/inclusion-digital\/\" target=\"\" aria-label=\"Inclusi\u00f3n digital\" rel=\"noopener noreferrer\"><div class=\"box-img-wrapper\"><img decoding=\"async\" src=\"https:\/\/www.capgemini.com\/wp-content\/uploads\/2021\/09\/Capgemini_Digital-Inclusion_India20190205_0124.jpg?w=500&amp;quality=70\" srcset=\"https:\/\/www.capgemini.com\/wp-content\/uploads\/2021\/09\/Capgemini_Digital-Inclusion_India20190205_0124.jpg?w=500&amp;quality=70 1x, https:\/\/www.capgemini.com\/wp-content\/uploads\/2021\/09\/Capgemini_Digital-Inclusion_India20190205_0124.jpg?w=1000&amp;quality=70 2x\" class=\"box-img\" alt=\"\" style=\"object-fit:cover;object-position:50% 50%\" loading=\"lazy\"\/><\/div><h3 class=\"titleWithoutLink_learnMore\">Inclusi\u00f3n digital<\/h3><\/a><\/div><\/div><div class=\"box-inner\"><\/div><\/div><\/div><\/div><\/section>\n","protected":false},"excerpt":{"rendered":"","protected":false},"author":121,"featured_media":0,"parent":5805,"menu_order":6,"comment_status":"closed","ping_status":"closed","template":"","meta":{"cg_dt_proposed_to":[0],"cg_seo_hreflang_relations":"[]","cg_seo_canonical_relation":"","cg_seo_hreflang_x_default_relation":"{\"uuid\":\"35d62c1c-7be0-47bd-8a30-026ca081d9b4\",\"blogId\":\"\",\"domain\":\"\",\"sitePath\":\"\",\"postLink\":\"\",\"postId\":null,\"isSaved\":false,\"isCrossLink\":false,\"hasCrossLink\":false}","cg_dt_approved_content":false,"cg_dt_mandatory_content":false,"cg_dt_notes":"","cg_dg_source_changed":false,"cg_dt_link_disabled":false,"_yoast_wpseo_primary_brand":"","footnotes":"","featured_focal_points":"","partner_card_description":"","gsap_animation":0},"brand":[],"partner_type":[],"service":[],"industry":[],"partners":[],"page-type":[168],"content-group":[],"class_list":["post-5610","page","type-page","status-publish","hentry","page-type-about-us"],"yoast_head":"<!-- This site is optimized with the Yoast SEO Premium plugin v22.8 (Yoast SEO v22.8) - https:\/\/yoast.com\/wordpress\/plugins\/seo\/ -->\n<title>Nobel International Partner | Capgemini<\/title>\n<meta name=\"description\" content=\"Capgemini junto con Nobel Prize Outreach, tiene como objetivo difundir el conocimiento y la excelencia a nivel mundial, inspirar a las mentes j\u00f3venes y construir un futuro m\u00e1s sostenible e inclusivo para todos.\" \/>\n<meta name=\"robots\" content=\"index, follow, max-snippet:-1, max-image-preview:large, max-video-preview:-1\" \/>\n<link rel=\"canonical\" href=\"https:\/\/www.capgemini.com\/ar-es\/sobre-nosotros\/quienes-somos\/nobel-partner\/\" \/>\n<meta property=\"og:locale\" content=\"es_MX\" \/>\n<meta property=\"og:type\" content=\"article\" \/>\n<meta property=\"og:title\" content=\"Nobel International Partner\" \/>\n<meta property=\"og:description\" content=\"Capgemini junto con Nobel Prize Outreach, tiene como objetivo difundir el conocimiento y la excelencia a nivel mundial, inspirar a las mentes j\u00f3venes y construir un futuro m\u00e1s sostenible e inclusivo para todos.\" \/>\n<meta property=\"og:url\" content=\"https:\/\/www.capgemini.com\/ar-es\/sobre-nosotros\/quienes-somos\/nobel-partner\/\" \/>\n<meta property=\"og:site_name\" content=\"Capgemini Argentina\" \/>\n<meta property=\"article:modified_time\" content=\"2025-03-28T06:40:28+00:00\" \/>\n<meta property=\"og:image\" content=\"https:\/\/www.capgemini.com\/wp-content\/uploads\/2021\/11\/Capgemini_About-Us_Nobel-Partner.jpg\" \/>\n<meta name=\"twitter:card\" content=\"summary_large_image\" \/>\n<meta name=\"twitter:label1\" content=\"Est. reading time\" \/>\n\t<meta name=\"twitter:data1\" content=\"4 minutes\" \/>\n<script type=\"application\/ld+json\" class=\"yoast-schema-graph\">{\"@context\":\"https:\/\/schema.org\",\"@graph\":[{\"@type\":\"WebPage\",\"@id\":\"https:\/\/www.capgemini.com\/ar-es\/sobre-nosotros\/quienes-somos\/nobel-partner\/\",\"url\":\"https:\/\/www.capgemini.com\/ar-es\/sobre-nosotros\/quienes-somos\/nobel-partner\/\",\"name\":\"Nobel International Partner | Capgemini\",\"isPartOf\":{\"@id\":\"https:\/\/www.capgemini.com\/ar-es\/#website\"},\"primaryImageOfPage\":{\"@id\":\"https:\/\/www.capgemini.com\/ar-es\/sobre-nosotros\/quienes-somos\/nobel-partner\/#primaryimage\"},\"image\":{\"@id\":\"https:\/\/www.capgemini.com\/ar-es\/sobre-nosotros\/quienes-somos\/nobel-partner\/#primaryimage\"},\"thumbnailUrl\":\"https:\/\/www.capgemini.com\/wp-content\/uploads\/2021\/11\/Capgemini_About-Us_Nobel-Partner.jpg\",\"datePublished\":\"2021-11-17T10:49:39+00:00\",\"dateModified\":\"2025-03-28T06:40:28+00:00\",\"description\":\"Capgemini junto con Nobel Prize Outreach, tiene como objetivo difundir el conocimiento y la excelencia a nivel mundial, inspirar a las mentes j\u00f3venes y construir un futuro m\u00e1s sostenible e inclusivo para todos.\",\"breadcrumb\":{\"@id\":\"https:\/\/www.capgemini.com\/ar-es\/sobre-nosotros\/quienes-somos\/nobel-partner\/#breadcrumb\"},\"inLanguage\":\"es-MX\",\"potentialAction\":[{\"@type\":\"ReadAction\",\"target\":[\"https:\/\/www.capgemini.com\/ar-es\/sobre-nosotros\/quienes-somos\/nobel-partner\/\"]}]},{\"@type\":\"ImageObject\",\"inLanguage\":\"es-MX\",\"@id\":\"https:\/\/www.capgemini.com\/ar-es\/sobre-nosotros\/quienes-somos\/nobel-partner\/#primaryimage\",\"url\":\"https:\/\/www.capgemini.com\/wp-content\/uploads\/2021\/11\/Capgemini_About-Us_Nobel-Partner.jpg\",\"contentUrl\":\"https:\/\/www.capgemini.com\/wp-content\/uploads\/2021\/11\/Capgemini_About-Us_Nobel-Partner.jpg\"},{\"@type\":\"BreadcrumbList\",\"@id\":\"https:\/\/www.capgemini.com\/ar-es\/sobre-nosotros\/quienes-somos\/nobel-partner\/#breadcrumb\",\"itemListElement\":[{\"@type\":\"ListItem\",\"position\":1,\"name\":\"Home\",\"item\":\"https:\/\/www.capgemini.com\/ar-es\/\"},{\"@type\":\"ListItem\",\"position\":2,\"name\":\"Sobre nosotros\",\"item\":\"https:\/\/www.capgemini.com\/ar-es\/sobre-nosotros\/\"},{\"@type\":\"ListItem\",\"position\":3,\"name\":\"Qui\u00e9nes somos\",\"item\":\"https:\/\/www.capgemini.com\/ar-es\/sobre-nosotros\/quienes-somos\/\"},{\"@type\":\"ListItem\",\"position\":4,\"name\":\"Nobel International Partner\"}]},{\"@type\":\"WebSite\",\"@id\":\"https:\/\/www.capgemini.com\/ar-es\/#website\",\"url\":\"https:\/\/www.capgemini.com\/ar-es\/\",\"name\":\"Capgemini Argentina\",\"description\":\"Capgemini\",\"potentialAction\":[{\"@type\":\"SearchAction\",\"target\":{\"@type\":\"EntryPoint\",\"urlTemplate\":\"https:\/\/www.capgemini.com\/ar-es\/?s={search_term_string}\"},\"query-input\":\"required name=search_term_string\"}],\"inLanguage\":\"es-MX\"}]}<\/script>\n<!-- \/ Yoast SEO Premium plugin. -->","yoast_head_json":{"title":"Nobel International Partner | Capgemini","description":"Capgemini junto con Nobel Prize Outreach, tiene como objetivo difundir el conocimiento y la excelencia a nivel mundial, inspirar a las mentes j\u00f3venes y construir un futuro m\u00e1s sostenible e inclusivo para todos.","robots":{"index":"index","follow":"follow","max-snippet":"max-snippet:-1","max-image-preview":"max-image-preview:large","max-video-preview":"max-video-preview:-1"},"canonical":"https:\/\/www.capgemini.com\/ar-es\/sobre-nosotros\/quienes-somos\/nobel-partner\/","og_locale":"es_MX","og_type":"article","og_title":"Nobel International Partner","og_description":"Capgemini junto con Nobel Prize Outreach, tiene como objetivo difundir el conocimiento y la excelencia a nivel mundial, inspirar a las mentes j\u00f3venes y construir un futuro m\u00e1s sostenible e inclusivo para todos.","og_url":"https:\/\/www.capgemini.com\/ar-es\/sobre-nosotros\/quienes-somos\/nobel-partner\/","og_site_name":"Capgemini Argentina","article_modified_time":"2025-03-28T06:40:28+00:00","og_image":[{"url":"https:\/\/www.capgemini.com\/wp-content\/uploads\/2021\/11\/Capgemini_About-Us_Nobel-Partner.jpg"}],"twitter_card":"summary_large_image","twitter_misc":{"Est. reading time":"4 minutes"},"schema":{"@context":"https:\/\/schema.org","@graph":[{"@type":"WebPage","@id":"https:\/\/www.capgemini.com\/ar-es\/sobre-nosotros\/quienes-somos\/nobel-partner\/","url":"https:\/\/www.capgemini.com\/ar-es\/sobre-nosotros\/quienes-somos\/nobel-partner\/","name":"Nobel International Partner | Capgemini","isPartOf":{"@id":"https:\/\/www.capgemini.com\/ar-es\/#website"},"primaryImageOfPage":{"@id":"https:\/\/www.capgemini.com\/ar-es\/sobre-nosotros\/quienes-somos\/nobel-partner\/#primaryimage"},"image":{"@id":"https:\/\/www.capgemini.com\/ar-es\/sobre-nosotros\/quienes-somos\/nobel-partner\/#primaryimage"},"thumbnailUrl":"https:\/\/www.capgemini.com\/wp-content\/uploads\/2021\/11\/Capgemini_About-Us_Nobel-Partner.jpg","datePublished":"2021-11-17T10:49:39+00:00","dateModified":"2025-03-28T06:40:28+00:00","description":"Capgemini junto con Nobel Prize Outreach, tiene como objetivo difundir el conocimiento y la excelencia a nivel mundial, inspirar a las mentes j\u00f3venes y construir un futuro m\u00e1s sostenible e inclusivo para todos.","breadcrumb":{"@id":"https:\/\/www.capgemini.com\/ar-es\/sobre-nosotros\/quienes-somos\/nobel-partner\/#breadcrumb"},"inLanguage":"es-MX","potentialAction":[{"@type":"ReadAction","target":["https:\/\/www.capgemini.com\/ar-es\/sobre-nosotros\/quienes-somos\/nobel-partner\/"]}]},{"@type":"ImageObject","inLanguage":"es-MX","@id":"https:\/\/www.capgemini.com\/ar-es\/sobre-nosotros\/quienes-somos\/nobel-partner\/#primaryimage","url":"https:\/\/www.capgemini.com\/wp-content\/uploads\/2021\/11\/Capgemini_About-Us_Nobel-Partner.jpg","contentUrl":"https:\/\/www.capgemini.com\/wp-content\/uploads\/2021\/11\/Capgemini_About-Us_Nobel-Partner.jpg"},{"@type":"BreadcrumbList","@id":"https:\/\/www.capgemini.com\/ar-es\/sobre-nosotros\/quienes-somos\/nobel-partner\/#breadcrumb","itemListElement":[{"@type":"ListItem","position":1,"name":"Home","item":"https:\/\/www.capgemini.com\/ar-es\/"},{"@type":"ListItem","position":2,"name":"Sobre nosotros","item":"https:\/\/www.capgemini.com\/ar-es\/sobre-nosotros\/"},{"@type":"ListItem","position":3,"name":"Qui\u00e9nes somos","item":"https:\/\/www.capgemini.com\/ar-es\/sobre-nosotros\/quienes-somos\/"},{"@type":"ListItem","position":4,"name":"Nobel International Partner"}]},{"@type":"WebSite","@id":"https:\/\/www.capgemini.com\/ar-es\/#website","url":"https:\/\/www.capgemini.com\/ar-es\/","name":"Capgemini Argentina","description":"Capgemini","potentialAction":[{"@type":"SearchAction","target":{"@type":"EntryPoint","urlTemplate":"https:\/\/www.capgemini.com\/ar-es\/?s={search_term_string}"},"query-input":"required name=search_term_string"}],"inLanguage":"es-MX"}]}},"brand_term":[],"parsely":{"version":"1.1.0","canonical_url":"https:\/\/capgemini.com\/ar-es\/sobre-nosotros\/quienes-somos\/nobel-partner\/","smart_links":{"inbound":0,"outbound":0},"traffic_boost_suggestions_count":0,"meta":{"@context":"https:\/\/schema.org","@type":"WebPage","headline":"Nobel International Partner","url":"https:\/\/www.capgemini.com\/ar-es\/sobre-nosotros\/quienes-somos\/nobel-partner\/","mainEntityOfPage":{"@type":"WebPage","@id":"https:\/\/www.capgemini.com\/ar-es\/sobre-nosotros\/quienes-somos\/nobel-partner\/"},"thumbnailUrl":"","image":{"@type":"ImageObject","url":""},"articleSection":"Uncategorized","author":[],"creator":[],"publisher":{"@type":"Organization","name":"Capgemini Argentina","logo":""},"keywords":[],"dateCreated":"2021-11-17T10:49:39Z","datePublished":"2021-11-17T10:49:39Z","dateModified":"2025-03-28T06:40:28Z"},"rendered":"<meta name=\"parsely-title\" content=\"Nobel International Partner\" \/>\n<meta name=\"parsely-link\" content=\"https:\/\/www.capgemini.com\/ar-es\/sobre-nosotros\/quienes-somos\/nobel-partner\/\" \/>\n<meta name=\"parsely-type\" content=\"index\" \/>\n<meta name=\"parsely-pub-date\" content=\"2021-11-17T10:49:39Z\" \/>\n<meta name=\"parsely-section\" content=\"Uncategorized\" \/>","tracker_url":"https:\/\/cdn.parsely.com\/keys\/capgemini.com\/p.js"},"archive_status":false,"featured_image_src":"https:\/\/www.capgemini.com\/ar-es\/wp-content\/themes\/capgemini2025\/assets\/images\/mockup.png","featured_image_alt":false,"jetpack_sharing_enabled":true,"distributor_meta":false,"distributor_terms":false,"distributor_media":false,"distributor_original_site_name":"Capgemini Argentina","distributor_original_site_url":"https:\/\/www.capgemini.com\/ar-es","push-errors":false,"_links":{"self":[{"href":"https:\/\/www.capgemini.com\/ar-es\/wp-json\/wp\/v2\/pages\/5610","targetHints":{"allow":["GET"]}}],"collection":[{"href":"https:\/\/www.capgemini.com\/ar-es\/wp-json\/wp\/v2\/pages"}],"about":[{"href":"https:\/\/www.capgemini.com\/ar-es\/wp-json\/wp\/v2\/types\/page"}],"author":[{"embeddable":true,"href":"https:\/\/www.capgemini.com\/ar-es\/wp-json\/wp\/v2\/users\/121"}],"replies":[{"embeddable":true,"href":"https:\/\/www.capgemini.com\/ar-es\/wp-json\/wp\/v2\/comments?post=5610"}],"version-history":[{"count":7,"href":"https:\/\/www.capgemini.com\/ar-es\/wp-json\/wp\/v2\/pages\/5610\/revisions"}],"predecessor-version":[{"id":516047,"href":"https:\/\/www.capgemini.com\/ar-es\/wp-json\/wp\/v2\/pages\/5610\/revisions\/516047"}],"up":[{"embeddable":true,"href":"https:\/\/www.capgemini.com\/ar-es\/wp-json\/wp\/v2\/pages\/5805"}],"wp:attachment":[{"href":"https:\/\/www.capgemini.com\/ar-es\/wp-json\/wp\/v2\/media?parent=5610"}],"wp:term":[{"taxonomy":"brand","embeddable":true,"href":"https:\/\/www.capgemini.com\/ar-es\/wp-json\/wp\/v2\/brand?post=5610"},{"taxonomy":"partner_type","embeddable":true,"href":"https:\/\/www.capgemini.com\/ar-es\/wp-json\/wp\/v2\/partner_type?post=5610"},{"taxonomy":"service","embeddable":true,"href":"https:\/\/www.capgemini.com\/ar-es\/wp-json\/wp\/v2\/service?post=5610"},{"taxonomy":"industry","embeddable":true,"href":"https:\/\/www.capgemini.com\/ar-es\/wp-json\/wp\/v2\/industry?post=5610"},{"taxonomy":"partners","embeddable":true,"href":"https:\/\/www.capgemini.com\/ar-es\/wp-json\/wp\/v2\/partners?post=5610"},{"taxonomy":"page-type","embeddable":true,"href":"https:\/\/www.capgemini.com\/ar-es\/wp-json\/wp\/v2\/page-type?post=5610"},{"taxonomy":"content-group","embeddable":true,"href":"https:\/\/www.capgemini.com\/ar-es\/wp-json\/wp\/v2\/content-group?post=5610"}],"curies":[{"name":"wp","href":"https:\/\/api.w.org\/{rel}","templated":true}]}}