{"id":5608,"date":"2021-11-19T12:07:15","date_gmt":"2021-11-19T12:07:15","guid":{"rendered":"https:\/\/www.capgemini.com\/?page_id=635726"},"modified":"2025-10-27T15:32:12","modified_gmt":"2025-10-27T15:32:12","slug":"customer-first","status":"publish","type":"page","link":"https:\/\/www.capgemini.com\/ar-es\/servicios\/customer-first\/","title":{"rendered":"Customer first"},"content":{"rendered":"\n<div class=\"wp-block-cg-blocks-hero-picture-card undefined  heroPictureCard\"><div class=\"heroPictureCardBgs\"><picture><source srcset=\"https:\/\/www.capgemini.com\/wp-content\/uploads\/2022\/05\/Capgemini_Services_Customer-First.jpg?w=2880&amp;quality=70 1x, https:\/\/www.capgemini.com\/wp-content\/uploads\/2022\/05\/Capgemini_Services_Customer-First.jpg?w=2880&amp;quality=70 2x\" media=\"(min-width: 1500px)\"\/><source srcset=\"https:\/\/www.capgemini.com\/wp-content\/uploads\/2022\/05\/Capgemini_Services_Customer-First.jpg?w=1440&amp;quality=70 1x, https:\/\/www.capgemini.com\/wp-content\/uploads\/2022\/05\/Capgemini_Services_Customer-First.jpg?w=2880&amp;quality=70 2x\" media=\"(min-width: 992px)\"\/><source srcset=\"https:\/\/www.capgemini.com\/wp-content\/uploads\/2022\/05\/Capgemini_Services_Customer-First.jpg?w=1024&amp;quality=70 1x, https:\/\/www.capgemini.com\/wp-content\/uploads\/2022\/05\/Capgemini_Services_Customer-First.jpg?w=1024&amp;quality=70 2x\" media=\"(min-width: 768px)\"\/><source srcset=\"https:\/\/www.capgemini.com\/wp-content\/uploads\/2022\/05\/Capgemini_Services_Customer-First.jpg?w=768&amp;quality=70 1x, https:\/\/www.capgemini.com\/wp-content\/uploads\/2022\/05\/Capgemini_Services_Customer-First.jpg?w=768&amp;quality=70 2x\" media=\"(min-width: 0)\"\/><img decoding=\"async\" src=\"https:\/\/www.capgemini.com\/wp-content\/uploads\/2022\/05\/Capgemini_Services_Customer-First.jpg\" class=\"desktopImage\" alt=\"\" style=\"object-fit:cover;object-position:53% 28.000000000000004%\" loading=\"eager\"\/><\/picture><picture><source srcset=\"https:\/\/www.capgemini.com\/wp-content\/uploads\/2022\/05\/Capgemini_Services_Customer-First.jpg?w=2880&amp;quality=70 1x, https:\/\/www.capgemini.com\/wp-content\/uploads\/2022\/05\/Capgemini_Services_Customer-First.jpg?w=2880&amp;quality=70 2x\" media=\"(min-width: 1500px)\"\/><source srcset=\"https:\/\/www.capgemini.com\/wp-content\/uploads\/2022\/05\/Capgemini_Services_Customer-First.jpg?w=1440&amp;quality=70 1x, https:\/\/www.capgemini.com\/wp-content\/uploads\/2022\/05\/Capgemini_Services_Customer-First.jpg?w=2880&amp;quality=70 2x\" media=\"(min-width: 992px)\"\/><source srcset=\"https:\/\/www.capgemini.com\/wp-content\/uploads\/2022\/05\/Capgemini_Services_Customer-First.jpg?w=1024&amp;quality=70 1x, https:\/\/www.capgemini.com\/wp-content\/uploads\/2022\/05\/Capgemini_Services_Customer-First.jpg?w=1024&amp;quality=70 2x\" media=\"(min-width: 768px)\"\/><source srcset=\"https:\/\/www.capgemini.com\/wp-content\/uploads\/2022\/05\/Capgemini_Services_Customer-First.jpg?w=768&amp;quality=70 1x, https:\/\/www.capgemini.com\/wp-content\/uploads\/2022\/05\/Capgemini_Services_Customer-First.jpg?w=768&amp;quality=70 2x\" media=\"(min-width: 0)\"\/><img decoding=\"async\" src=\"https:\/\/www.capgemini.com\/wp-content\/uploads\/2022\/05\/Capgemini_Services_Customer-First.jpg\" class=\"mobileImage\" alt=\"\" style=\"object-fit:cover;object-position:53% 28.000000000000004%\" loading=\"eager\"\/><\/picture><\/div><div class=\"heroPictureCardHeaderShape\"><\/div><div class=\"container\"><div class=\"row\"><div class=\"col-md-8 col-lg-6\"><div class=\"heroPictureCardBox\"><div class=\"heroPictureCardBoxTitle\"><h1 data-maxlength=\"144\">Customer first<\/h1><\/div><\/div><\/div><\/div><\/div><div class=\"small-device\"><div class=\"brandLogoWrapper\"> <\/div><\/div><\/div>\n\n\n\n<section class=\"wp-block-cg-blocks-intro-para undefined section section--intro\"><div class=\"intro-para\"><div class=\"container\"><div class=\"row\"><div class=\"col-12 col-md-1\"><nav class=\"article-social\"><ul class=\"social-nav\"><li class=\"ip-order-fb\"><a href=\"https:\/\/www.facebook.com\/sharer\/sharer.php?u=https:\/\/www.capgemini.com\/ar-es\/servicios\/customer-first\/\" target=\"_blank\" rel=\"noopener noreferrer\" title=\"opens in a new window\"><i aria-hidden=\"true\" class=\"icon-fb\"><\/i><span class=\"sr-only\">Facebook<\/span><\/a><\/li><li class=\"ip-order-li\"><a href=\"https:\/\/www.linkedin.com\/sharing\/share-offsite\/?url=https:\/\/www.capgemini.com\/ar-es\/servicios\/customer-first\/\" target=\"_blank\" rel=\"noopener noreferrer\" title=\"opens in a new window\"><i aria-hidden=\"true\" class=\"icon-li\"><\/i><span class=\"sr-only\">Linkedin<\/span><\/a><\/li><\/ul><\/nav><\/div><div class=\"col-12 col-md-11 col-lg-10\"><h2 class=\"intro-para-title\">Los clientes acuden a las marcas que aman: marcas que tienen un sentido de prop\u00f3sito, son innovadoras, atractivas y ponen a sus clientes en primer lugar.<\/h2><p class=\"intro-para-content\">Hoy en d\u00eda, los negocios son m\u00e1s personales, m\u00e1s impulsados por los datos y m\u00e1s relevantes que nunca. El \u00e9xito comienza con los clientes. Cuando se sabe lo que la gente quiere y necesita, se pueden identificar nuevas \u00e1reas de oportunidad y lanzar productos, servicios y experiencias que cambien el mercado para reinventar, atraer y crecer continuamente.<br><br>Inspiramos a los clientes para que tomen decisiones m\u00e1s audaces con creatividad, dise\u00f1o y an\u00e1lisis. Ayudamos a imaginar su futuro, a construir el caso de negocio y a articular el plan para llegar a \u00e9l. Reimaginando su estrategia de marketing, elevando la forma de vender e interactuar con los clientes y optimizando la informaci\u00f3n de los datos, orquestamos experiencias personalizadas y diferenciadoras a escala.<br><br>La innovaci\u00f3n y el dise\u00f1o centrado en el ser humano de <a href=\"http:\/\/www.frog.co\">frog, que forma parte de Capgemini Invent,<\/a> combinados con nuestra amplia experiencia con los clientes, los datos y la tecnolog\u00eda, ganan de forma \u00fanica los corazones y mueven los mercados.<\/p><\/div><\/div><\/div><\/div><\/section>\n\n\n\n<section class=\"wp-block-cg-blocks-wrapper-card-text-pic wrapperCardTextPic hero-bg-shape\"><div class=\"container\"><div class=\"content-title\"><h2 class=\"card-text-pic-heading\">Qu\u00e9 hacemos<\/h2><\/div><div class=\"row\"><div class=\"col-md-12\">\n<div class=\"wp-block-cg-blocks-card-text-pic-left row card-text-pic leftCard\"><div class=\"row card-text-pic leftCard\"><div class=\"col-md-12\"><div class=\"box--section\"><div class=\"box row-nobleed\"><div class=\"col-lg-5 col-md-12 box-img-wrapper \"><a href=\"\/ar-es\/servicios\/customer-first\/reinvencion-empresarial-continua\/\" aria-label=\"Read more about Reinvenci\u00f3n continua del negocio\" tabindex=\"-1\" target=\"\" rel=\"noopener noreferrer\" title=\"\"><picture><source srcset=\"https:\/\/www.capgemini.com\/wp-content\/uploads\/2022\/03\/Capgemini_Customer-First_Continuous-business-reinvention.jpg?w=1000&amp;quality=70 1x, https:\/\/www.capgemini.com\/wp-content\/uploads\/2022\/03\/Capgemini_Customer-First_Continuous-business-reinvention.jpg?w=1000&amp;quality=70 2x\" media=\"(min-width: 1500px)\"\/><source srcset=\"https:\/\/www.capgemini.com\/wp-content\/uploads\/2022\/03\/Capgemini_Customer-First_Continuous-business-reinvention.jpg?w=500&amp;quality=70 1x, https:\/\/www.capgemini.com\/wp-content\/uploads\/2022\/03\/Capgemini_Customer-First_Continuous-business-reinvention.jpg?w=1000&amp;quality=70 2x\" media=\"(min-width: 992px)\"\/><source srcset=\"https:\/\/www.capgemini.com\/wp-content\/uploads\/2022\/03\/Capgemini_Customer-First_Continuous-business-reinvention.jpg?w=768&amp;quality=70 1x, https:\/\/www.capgemini.com\/wp-content\/uploads\/2022\/03\/Capgemini_Customer-First_Continuous-business-reinvention.jpg?w=768&amp;quality=70 2x\" media=\"(min-width: 768px)\"\/><source srcset=\"https:\/\/www.capgemini.com\/wp-content\/uploads\/2022\/03\/Capgemini_Customer-First_Continuous-business-reinvention.jpg?w=556&amp;quality=70 1x, https:\/\/www.capgemini.com\/wp-content\/uploads\/2022\/03\/Capgemini_Customer-First_Continuous-business-reinvention.jpg?w=556&amp;quality=70 2x\" media=\"(min-width: 0)\"\/><img decoding=\"async\" src=\"https:\/\/www.capgemini.com\/wp-content\/uploads\/2022\/03\/Capgemini_Customer-First_Continuous-business-reinvention.jpg\" class=\"box-img\" alt=\"\" style=\"object-fit:cover;object-position:78% 33%\" loading=\"lazy\"\/><\/picture><\/a><\/div><div class=\"col-lg-8 col-md-12 box-inner \"><a href=\"\/ar-es\/servicios\/customer-first\/reinvencion-empresarial-continua\/\" aria-label=\"Reinvenci\u00f3n continua del negocio\" target=\"\" rel=\"noopener noreferrer\" title=\"\"><h3 class=\"titlewithLink\" data-maxlength=\"144\">Reinvenci\u00f3n continua del negocio<\/h3><\/a><p class=\"box-text\" data-maxlength=\"\">Llega un momento en que un nuevo participante en el mercado o los cambios en los gustos de los consumidores amenazan tu negocio principal. Y, en ese momento, ninguna inversi\u00f3n en la experiencia del cliente de tu negocio actual va a salvarte. Hay que hacer algo diferente, hay que desafiar el statu quo. Esa es la promesa y la premisa que subyace a la Reinvenci\u00f3n Empresarial Continua (Continuous Business Reinvention). Imagina. Act\u00faa. Escala. S\u00e9 audaz.<\/p><div class=\"box-bottom\"><a aria-label=\"Read more about Reinvenci\u00f3n continua del negocio\" class=\"more2\" data-maxlength=\"24\" href=\"\/ar-es\/servicios\/customer-first\/reinvencion-empresarial-continua\/\" target=\"\" rel=\"noopener noreferrer\" title=\"\">Explorar m\u00e1s<\/a><\/div><\/div><\/div><\/div><\/div><\/div><\/div>\n\n\n\n<div class=\"wp-block-cg-blocks-card-text-pic-right row card-text-pic rightCard\"><div class=\"row card-text-pic rightCard\"><div class=\"col-md-12\"><div class=\"box--section\"><div class=\"box  row-nobleed\"><div class=\"col-lg-8 col-md-12 box-inner\"><a href=\"\/ar-es\/servicios\/customer-first\/experiencia-del-cliente\/\" aria-label=\"Experiencia de cliente\" target=\"\" rel=\"noopener noreferrer\" title=\"\"><h4 class=\"titlewithLink\" data-maxlength=\"144\">Experiencia de cliente<\/h4><\/a><p class=\"box-text\" data-maxlength=\"\">Tu experiencia de cliente debe transformar la relaci\u00f3n que tienes con ellos y crear una confianza que proporcione un valor sostenible para ambas partes. Nos basamos en las emociones, la sensibilidad y la intuici\u00f3n para inventar nuevas experiencias. Basadas en un an\u00e1lisis riguroso y en tecnolog\u00edas de vanguardia, son tan personales como eficaces. Construyen relaciones, una interacci\u00f3n cada vez. A ti. A escala.<\/p><div class=\"box-bottom\"><a aria-label=\"Explorar m\u00e1s sobre Experiencia de cliente\" class=\"more2\" data-maxlength=\"24\" href=\"\/ar-es\/servicios\/customer-first\/experiencia-del-cliente\/\" target=\"\" rel=\"noopener noreferrer\" title=\"\">Explorar m\u00e1s<\/a><\/div><\/div><div class=\"col-lg-5 col-md-12 box-img-wrapper\"><a href=\"\/ar-es\/servicios\/customer-first\/experiencia-del-cliente\/\" aria-label=\"Explorar m\u00e1s sobre Experiencia de cliente\" target=\"\" rel=\"noopener noreferrer\" title=\"\"><picture><source srcset=\"https:\/\/www.capgemini.com\/wp-content\/uploads\/2022\/03\/Capgemini_Customer-First_customer_experience.jpg?w=1000&amp;quality=90 1x, https:\/\/www.capgemini.com\/wp-content\/uploads\/2022\/03\/Capgemini_Customer-First_customer_experience.jpg?w=1000&amp;quality=90 2x\" media=\"(min-width: 1500px)\"\/><source srcset=\"https:\/\/www.capgemini.com\/wp-content\/uploads\/2022\/03\/Capgemini_Customer-First_customer_experience.jpg?w=500&amp;quality=90 1x, https:\/\/www.capgemini.com\/wp-content\/uploads\/2022\/03\/Capgemini_Customer-First_customer_experience.jpg?w=1000&amp;quality=90 2x\" media=\"(min-width: 992px)\"\/><source srcset=\"https:\/\/www.capgemini.com\/wp-content\/uploads\/2022\/03\/Capgemini_Customer-First_customer_experience.jpg?w=768&amp;quality=90 1x, https:\/\/www.capgemini.com\/wp-content\/uploads\/2022\/03\/Capgemini_Customer-First_customer_experience.jpg?w=768&amp;quality=90 2x\" media=\"(min-width: 768px)\"\/><source srcset=\"https:\/\/www.capgemini.com\/wp-content\/uploads\/2022\/03\/Capgemini_Customer-First_customer_experience.jpg?w=556&amp;quality=90 1x, https:\/\/www.capgemini.com\/wp-content\/uploads\/2022\/03\/Capgemini_Customer-First_customer_experience.jpg?w=556&amp;quality=90 2x\" media=\"(min-width: 0)\"\/><img decoding=\"async\" src=\"https:\/\/www.capgemini.com\/wp-content\/uploads\/2022\/03\/Capgemini_Customer-First_customer_experience.jpg\" class=\"box-img\" alt=\"\" style=\"object-fit:cover;object-position:56.00000000000001% 26%\" loading=\"lazy\"\/><\/picture><\/a><\/div><\/div><\/div><\/div><\/div><\/div>\n<\/div><\/div><\/div><\/section>\n\n\n\n<section class=\"wp-block-cg-blocks-custom-quote undefined section-quote-layout\"><div class=\"quote-layout\"><div class=\"container\"><div class=\"row\"><div class=\"col-11 offset-1\"><p class=\"quote-title\">\u201cTRABAJANDO CON USTEDES, NOS ESFORZAMOS POR CAMBIAR DE OPINI\u00d3N, MOVER MERCADOS Y TOCAR CORAZONES\u201d.<\/p><p class=\"quote-layout-content\">Alex Smith-Bingham, l\u00edder de ofertas grupales para la experiencia del cliente<\/p><\/div><\/div><\/div><\/div><\/section>\n","protected":false},"excerpt":{"rendered":"","protected":false},"author":119,"featured_media":5609,"parent":5801,"menu_order":2,"comment_status":"closed","ping_status":"closed","template":"","meta":{"cg_dt_proposed_to":[0],"cg_seo_hreflang_relations":"[]","cg_seo_canonical_relation":"","cg_seo_hreflang_x_default_relation":"{\"uuid\":\"3d957825-8b64-4a7a-9641-a0c52346df31\",\"blogId\":\"1\",\"domain\":\"www.capgemini.com\",\"sitePath\":\"\/\",\"postLink\":\"https:\/\/www.capgemini.com\/services\/customer-first\/\",\"postId\":635726,\"isSaved\":false,\"isCrossLink\":false,\"hasCrossLink\":false,\"isEnabled\":true}","cg_dt_approved_content":false,"cg_dt_mandatory_content":false,"cg_dt_notes":"","cg_dg_source_changed":false,"cg_dt_link_disabled":false,"_yoast_wpseo_primary_brand":"","footnotes":"","featured_focal_points":"","partner_card_description":"","gsap_animation":0},"brand":[],"partner_type":[],"service":[100],"industry":[],"partners":[],"page-type":[183],"content-group":[],"class_list":["post-5608","page","type-page","status-publish","has-post-thumbnail","hentry","service-customer-experience","page-type-service"],"yoast_head":"<!-- This site is optimized with the Yoast SEO Premium plugin v22.8 (Yoast SEO v22.8) - https:\/\/yoast.com\/wordpress\/plugins\/seo\/ -->\n<title>Customer First Service - Providing Sustainable Value| Capgemini<\/title>\n<meta name=\"description\" content=\"Los clientes acuden a las marcas que aman: marcas que tienen un sentido de prop\u00f3sito, son innovadoras, atractivas y ponen a sus clientes en primer lugar.\" \/>\n<meta name=\"robots\" content=\"index, follow, max-snippet:-1, max-image-preview:large, max-video-preview:-1\" \/>\n<link rel=\"canonical\" href=\"https:\/\/www.capgemini.com\/ar-es\/servicios\/customer-first\/\" \/>\n<meta property=\"og:locale\" content=\"es_MX\" \/>\n<meta property=\"og:type\" content=\"article\" \/>\n<meta property=\"og:title\" content=\"Customer first\" \/>\n<meta property=\"og:description\" content=\"Los clientes acuden a las marcas que aman: marcas que tienen un sentido de prop\u00f3sito, son innovadoras, atractivas y ponen a sus clientes en primer lugar.\" \/>\n<meta property=\"og:url\" content=\"https:\/\/www.capgemini.com\/ar-es\/servicios\/customer-first\/\" \/>\n<meta property=\"og:site_name\" content=\"Capgemini Argentina\" \/>\n<meta property=\"article:modified_time\" content=\"2025-10-27T15:32:12+00:00\" \/>\n<meta property=\"og:image\" content=\"https:\/\/www.capgemini.com\/ar-es\/wp-content\/uploads\/sites\/9\/2021\/11\/Capgemini_Services-Customer-experience.jpg\" \/>\n\t<meta property=\"og:image:width\" content=\"2880\" \/>\n\t<meta property=\"og:image:height\" content=\"1800\" \/>\n\t<meta property=\"og:image:type\" content=\"image\/jpeg\" \/>\n<meta name=\"twitter:card\" content=\"summary_large_image\" \/>\n<meta name=\"twitter:label1\" content=\"Est. reading time\" \/>\n\t<meta name=\"twitter:data1\" content=\"3 minutes\" \/>\n<script type=\"application\/ld+json\" class=\"yoast-schema-graph\">{\"@context\":\"https:\/\/schema.org\",\"@graph\":[{\"@type\":\"WebPage\",\"@id\":\"https:\/\/www.capgemini.com\/ar-es\/servicios\/customer-first\/\",\"url\":\"https:\/\/www.capgemini.com\/ar-es\/servicios\/customer-first\/\",\"name\":\"Customer First Service - Providing Sustainable Value| Capgemini\",\"isPartOf\":{\"@id\":\"https:\/\/www.capgemini.com\/ar-es\/#website\"},\"primaryImageOfPage\":{\"@id\":\"https:\/\/www.capgemini.com\/ar-es\/servicios\/customer-first\/#primaryimage\"},\"image\":{\"@id\":\"https:\/\/www.capgemini.com\/ar-es\/servicios\/customer-first\/#primaryimage\"},\"thumbnailUrl\":\"https:\/\/www.capgemini.com\/ar-es\/wp-content\/uploads\/sites\/9\/2021\/11\/Capgemini_Services-Customer-experience.jpg\",\"datePublished\":\"2021-11-19T12:07:15+00:00\",\"dateModified\":\"2025-10-27T15:32:12+00:00\",\"description\":\"Los clientes acuden a las marcas que aman: marcas que tienen un sentido de prop\u00f3sito, son innovadoras, atractivas y ponen a sus clientes en primer lugar.\",\"breadcrumb\":{\"@id\":\"https:\/\/www.capgemini.com\/ar-es\/servicios\/customer-first\/#breadcrumb\"},\"inLanguage\":\"es-MX\",\"potentialAction\":[{\"@type\":\"ReadAction\",\"target\":[\"https:\/\/www.capgemini.com\/ar-es\/servicios\/customer-first\/\"]}]},{\"@type\":\"ImageObject\",\"inLanguage\":\"es-MX\",\"@id\":\"https:\/\/www.capgemini.com\/ar-es\/servicios\/customer-first\/#primaryimage\",\"url\":\"https:\/\/www.capgemini.com\/ar-es\/wp-content\/uploads\/sites\/9\/2021\/11\/Capgemini_Services-Customer-experience.jpg\",\"contentUrl\":\"https:\/\/www.capgemini.com\/ar-es\/wp-content\/uploads\/sites\/9\/2021\/11\/Capgemini_Services-Customer-experience.jpg\",\"width\":2880,\"height\":1800},{\"@type\":\"BreadcrumbList\",\"@id\":\"https:\/\/www.capgemini.com\/ar-es\/servicios\/customer-first\/#breadcrumb\",\"itemListElement\":[{\"@type\":\"ListItem\",\"position\":1,\"name\":\"Home\",\"item\":\"https:\/\/www.capgemini.com\/ar-es\/\"},{\"@type\":\"ListItem\",\"position\":2,\"name\":\"Servicios\",\"item\":\"https:\/\/www.capgemini.com\/ar-es\/servicios\/\"},{\"@type\":\"ListItem\",\"position\":3,\"name\":\"Customer first\"}]},{\"@type\":\"WebSite\",\"@id\":\"https:\/\/www.capgemini.com\/ar-es\/#website\",\"url\":\"https:\/\/www.capgemini.com\/ar-es\/\",\"name\":\"Capgemini Argentina\",\"description\":\"Capgemini\",\"potentialAction\":[{\"@type\":\"SearchAction\",\"target\":{\"@type\":\"EntryPoint\",\"urlTemplate\":\"https:\/\/www.capgemini.com\/ar-es\/?s={search_term_string}\"},\"query-input\":\"required name=search_term_string\"}],\"inLanguage\":\"es-MX\"}]}<\/script>\n<!-- \/ Yoast SEO Premium plugin. -->","yoast_head_json":{"title":"Customer First Service - Providing Sustainable Value| Capgemini","description":"Los clientes acuden a las marcas que aman: marcas que tienen un sentido de prop\u00f3sito, son innovadoras, atractivas y ponen a sus clientes en primer lugar.","robots":{"index":"index","follow":"follow","max-snippet":"max-snippet:-1","max-image-preview":"max-image-preview:large","max-video-preview":"max-video-preview:-1"},"canonical":"https:\/\/www.capgemini.com\/ar-es\/servicios\/customer-first\/","og_locale":"es_MX","og_type":"article","og_title":"Customer first","og_description":"Los clientes acuden a las marcas que aman: marcas que tienen un sentido de prop\u00f3sito, son innovadoras, atractivas y ponen a sus clientes en primer lugar.","og_url":"https:\/\/www.capgemini.com\/ar-es\/servicios\/customer-first\/","og_site_name":"Capgemini Argentina","article_modified_time":"2025-10-27T15:32:12+00:00","og_image":[{"width":2880,"height":1800,"url":"https:\/\/www.capgemini.com\/ar-es\/wp-content\/uploads\/sites\/9\/2021\/11\/Capgemini_Services-Customer-experience.jpg","type":"image\/jpeg"}],"twitter_card":"summary_large_image","twitter_misc":{"Est. reading time":"3 minutes"},"schema":{"@context":"https:\/\/schema.org","@graph":[{"@type":"WebPage","@id":"https:\/\/www.capgemini.com\/ar-es\/servicios\/customer-first\/","url":"https:\/\/www.capgemini.com\/ar-es\/servicios\/customer-first\/","name":"Customer First Service - Providing Sustainable Value| Capgemini","isPartOf":{"@id":"https:\/\/www.capgemini.com\/ar-es\/#website"},"primaryImageOfPage":{"@id":"https:\/\/www.capgemini.com\/ar-es\/servicios\/customer-first\/#primaryimage"},"image":{"@id":"https:\/\/www.capgemini.com\/ar-es\/servicios\/customer-first\/#primaryimage"},"thumbnailUrl":"https:\/\/www.capgemini.com\/ar-es\/wp-content\/uploads\/sites\/9\/2021\/11\/Capgemini_Services-Customer-experience.jpg","datePublished":"2021-11-19T12:07:15+00:00","dateModified":"2025-10-27T15:32:12+00:00","description":"Los clientes acuden a las marcas que aman: marcas que tienen un sentido de prop\u00f3sito, son innovadoras, atractivas y ponen a sus clientes en primer lugar.","breadcrumb":{"@id":"https:\/\/www.capgemini.com\/ar-es\/servicios\/customer-first\/#breadcrumb"},"inLanguage":"es-MX","potentialAction":[{"@type":"ReadAction","target":["https:\/\/www.capgemini.com\/ar-es\/servicios\/customer-first\/"]}]},{"@type":"ImageObject","inLanguage":"es-MX","@id":"https:\/\/www.capgemini.com\/ar-es\/servicios\/customer-first\/#primaryimage","url":"https:\/\/www.capgemini.com\/ar-es\/wp-content\/uploads\/sites\/9\/2021\/11\/Capgemini_Services-Customer-experience.jpg","contentUrl":"https:\/\/www.capgemini.com\/ar-es\/wp-content\/uploads\/sites\/9\/2021\/11\/Capgemini_Services-Customer-experience.jpg","width":2880,"height":1800},{"@type":"BreadcrumbList","@id":"https:\/\/www.capgemini.com\/ar-es\/servicios\/customer-first\/#breadcrumb","itemListElement":[{"@type":"ListItem","position":1,"name":"Home","item":"https:\/\/www.capgemini.com\/ar-es\/"},{"@type":"ListItem","position":2,"name":"Servicios","item":"https:\/\/www.capgemini.com\/ar-es\/servicios\/"},{"@type":"ListItem","position":3,"name":"Customer first"}]},{"@type":"WebSite","@id":"https:\/\/www.capgemini.com\/ar-es\/#website","url":"https:\/\/www.capgemini.com\/ar-es\/","name":"Capgemini Argentina","description":"Capgemini","potentialAction":[{"@type":"SearchAction","target":{"@type":"EntryPoint","urlTemplate":"https:\/\/www.capgemini.com\/ar-es\/?s={search_term_string}"},"query-input":"required name=search_term_string"}],"inLanguage":"es-MX"}]}},"brand_term":[],"parsely":{"version":"1.1.0","canonical_url":"https:\/\/capgemini.com\/ar-es\/servicios\/customer-first\/","smart_links":{"inbound":0,"outbound":0},"traffic_boost_suggestions_count":0,"meta":{"@context":"https:\/\/schema.org","@type":"WebPage","headline":"Customer first","url":"https:\/\/www.capgemini.com\/ar-es\/servicios\/customer-first\/","mainEntityOfPage":{"@type":"WebPage","@id":"https:\/\/www.capgemini.com\/ar-es\/servicios\/customer-first\/"},"thumbnailUrl":"https:\/\/www.capgemini.com\/ar-es\/wp-content\/uploads\/sites\/9\/2021\/11\/Capgemini_Services-Customer-experience.jpg?w=150&h=150&crop=1","image":{"@type":"ImageObject","url":"https:\/\/www.capgemini.com\/ar-es\/wp-content\/uploads\/sites\/9\/2021\/11\/Capgemini_Services-Customer-experience.jpg"},"articleSection":"Uncategorized","author":[],"creator":[],"publisher":{"@type":"Organization","name":"Capgemini Argentina","logo":""},"keywords":[],"dateCreated":"2021-11-19T12:07:15Z","datePublished":"2021-11-19T12:07:15Z","dateModified":"2025-10-27T15:32:12Z"},"rendered":"<meta name=\"parsely-title\" content=\"Customer first\" \/>\n<meta name=\"parsely-link\" content=\"https:\/\/www.capgemini.com\/ar-es\/servicios\/customer-first\/\" \/>\n<meta name=\"parsely-type\" content=\"index\" \/>\n<meta name=\"parsely-image-url\" content=\"https:\/\/www.capgemini.com\/ar-es\/wp-content\/uploads\/sites\/9\/2021\/11\/Capgemini_Services-Customer-experience.jpg?w=150&amp;h=150&amp;crop=1\" \/>\n<meta name=\"parsely-pub-date\" content=\"2021-11-19T12:07:15Z\" \/>\n<meta name=\"parsely-section\" content=\"Uncategorized\" \/>","tracker_url":"https:\/\/cdn.parsely.com\/keys\/capgemini.com\/p.js"},"archive_status":false,"featured_image_src":"https:\/\/www.capgemini.com\/ar-es\/wp-content\/uploads\/sites\/9\/2021\/11\/Capgemini_Services-Customer-experience.jpg","featured_image_alt":"","jetpack_sharing_enabled":true,"distributor_meta":false,"distributor_terms":false,"distributor_media":false,"distributor_original_site_name":"Capgemini Argentina","distributor_original_site_url":"https:\/\/www.capgemini.com\/ar-es","push-errors":false,"_links":{"self":[{"href":"https:\/\/www.capgemini.com\/ar-es\/wp-json\/wp\/v2\/pages\/5608","targetHints":{"allow":["GET"]}}],"collection":[{"href":"https:\/\/www.capgemini.com\/ar-es\/wp-json\/wp\/v2\/pages"}],"about":[{"href":"https:\/\/www.capgemini.com\/ar-es\/wp-json\/wp\/v2\/types\/page"}],"author":[{"embeddable":true,"href":"https:\/\/www.capgemini.com\/ar-es\/wp-json\/wp\/v2\/users\/119"}],"replies":[{"embeddable":true,"href":"https:\/\/www.capgemini.com\/ar-es\/wp-json\/wp\/v2\/comments?post=5608"}],"version-history":[{"count":12,"href":"https:\/\/www.capgemini.com\/ar-es\/wp-json\/wp\/v2\/pages\/5608\/revisions"}],"predecessor-version":[{"id":520535,"href":"https:\/\/www.capgemini.com\/ar-es\/wp-json\/wp\/v2\/pages\/5608\/revisions\/520535"}],"up":[{"embeddable":true,"href":"https:\/\/www.capgemini.com\/ar-es\/wp-json\/wp\/v2\/pages\/5801"}],"wp:featuredmedia":[{"embeddable":true,"href":"https:\/\/www.capgemini.com\/ar-es\/wp-json\/wp\/v2\/media\/5609"}],"wp:attachment":[{"href":"https:\/\/www.capgemini.com\/ar-es\/wp-json\/wp\/v2\/media?parent=5608"}],"wp:term":[{"taxonomy":"brand","embeddable":true,"href":"https:\/\/www.capgemini.com\/ar-es\/wp-json\/wp\/v2\/brand?post=5608"},{"taxonomy":"partner_type","embeddable":true,"href":"https:\/\/www.capgemini.com\/ar-es\/wp-json\/wp\/v2\/partner_type?post=5608"},{"taxonomy":"service","embeddable":true,"href":"https:\/\/www.capgemini.com\/ar-es\/wp-json\/wp\/v2\/service?post=5608"},{"taxonomy":"industry","embeddable":true,"href":"https:\/\/www.capgemini.com\/ar-es\/wp-json\/wp\/v2\/industry?post=5608"},{"taxonomy":"partners","embeddable":true,"href":"https:\/\/www.capgemini.com\/ar-es\/wp-json\/wp\/v2\/partners?post=5608"},{"taxonomy":"page-type","embeddable":true,"href":"https:\/\/www.capgemini.com\/ar-es\/wp-json\/wp\/v2\/page-type?post=5608"},{"taxonomy":"content-group","embeddable":true,"href":"https:\/\/www.capgemini.com\/ar-es\/wp-json\/wp\/v2\/content-group?post=5608"}],"curies":[{"name":"wp","href":"https:\/\/api.w.org\/{rel}","templated":true}]}}