{"id":5589,"date":"2021-12-07T08:57:23","date_gmt":"2021-12-07T08:57:23","guid":{"rendered":"https:\/\/www.capgemini.com\/?page_id=639119"},"modified":"2025-03-28T06:38:37","modified_gmt":"2025-03-28T06:38:37","slug":"codigo-de-etica","status":"publish","type":"page","link":"https:\/\/www.capgemini.com\/ar-es\/sobre-nosotros\/gestion-y-gobierno\/politicas\/codigo-de-etica\/","title":{"rendered":"C\u00f3digo de \u00e9tica"},"content":{"rendered":"\n<header class=\"wp-block-cg-blocks-hero-reusable is-style-blue-line header heroReusable  \"><div class=\"header-bgs\"><\/div><div class=\"heroPictureCardHeaderShape\"><\/div><div class=\"container\"><div class=\"row\"><div class=\"col-md-12\"><div class=\"box\"><div class=\"boxTagWrapper\"><div class=\"tagInfo\"><div><span class=\"box-tag\">Policy<\/span><\/div><\/div><\/div><div class=\"box-title\"><h1 data-maxlength=\"34\">C\u00f3digo de \u00e9tica<\/h1><\/div><div class=\"inner-row-insight download-btn\"><div class=\"col-md-4 downloadFiles addPadding\"><a class=\"button-download--small\" type=\"download\" href=\"https:\/\/www.capgemini.com\/wp-content\/uploads\/2021\/12\/Capgemini-CBE_2021_English-v3.2.pdf\" target=\"_blank\" rel=\"noopener noreferrer\" title=\"abrir en una nueva ventana\"><span>C\u00f3digo de descarga (ES)<\/span><span class=\"type\">1 MB  pdf<\/span><\/a><\/div><\/div><\/div><\/div><\/div><\/div><\/header>\n\n\n\n<section class=\"wp-block-cg-blocks-group undefined section section--article-content\"><div class=\"article-main-content\"><div class=\"container\"><div class=\"row\"><div class=\"col-12 col-md-11 col-lg-10 offset-md-1 offset-lg-1\"><div class=\"article-text article-quote-text\">\n<h3 class=\"wp-block-heading\" id=\"h-\"><\/h3>\n\n\n\n<p>Nuestro C\u00f3digo de \u00c9tica Empresarial presenta nuestros Valores, nuestros principios \u00e9ticos y comportamientos esperados en cinco \u00e1reas clave:<\/p>\n\n\n\n<ul class=\"wp-block-list\">\n<li>Un entorno de trabajo seguro e inclusivo<\/li>\n\n\n\n<li>Confianza en las relaciones comerciales.<\/li>\n\n\n\n<li>Seguridad e integridad de los activos de nuestro Grupo y de terceros<\/li>\n\n\n\n<li>Responsabilidad social corporativa<\/li>\n\n\n\n<li>Hablando de cultura<\/li>\n<\/ul>\n\n\n\n<p><\/p>\n\n\n\n<p><\/p>\n\n\n\n<p>Descargar nuestro C\u00f3digo de \u00c9tica Empresarial<\/p>\n\n\n\n<p><a href=\"https:\/\/www.capgemini.com\/wp-content\/uploads\/2021\/12\/Capgemini-CBE_2021_English-v3.2.pdf\" target=\"_blank\" rel=\"noreferrer noopener\">EN<\/a>&nbsp;|&nbsp;<a href=\"https:\/\/www.capgemini.com\/wp-content\/uploads\/2021\/12\/Capgemini-CBE_2021_Spanish-v3.2.pdf\" target=\"_blank\" rel=\"noreferrer noopener\">ES<\/a>&nbsp;| <a href=\"https:\/\/www.capgemini.com\/wp-content\/uploads\/2021\/12\/Capgemini-CBE_2021_German-v3.2.pdf\" target=\"_blank\" rel=\"noreferrer noopener\">DE<\/a> | <a href=\"https:\/\/www.capgemini.com\/wp-content\/uploads\/2021\/12\/Capgemini-CBE_2021_French-v3.2.pdf\" target=\"_blank\" rel=\"noreferrer noopener\">FR<\/a> | <a href=\"https:\/\/www.capgemini.com\/wp-content\/uploads\/2021\/12\/Capgemini-CBE_2021_Italian-v3.2.pdf\" target=\"_blank\" rel=\"noreferrer noopener\">IT<\/a> | <a href=\"https:\/\/www.capgemini.com\/wp-content\/uploads\/2021\/12\/Capgemini-CBE_2021_Japanese-v3.2.pdf\" target=\"_blank\" rel=\"noreferrer noopener\">JP<\/a> | <a href=\"https:\/\/www.capgemini.com\/wp-content\/uploads\/2021\/12\/Capgemini-CBE_2021_Polish-v3.2.pdf\" target=\"_blank\" rel=\"noreferrer noopener\">PL<\/a> | <a href=\"https:\/\/www.capgemini.com\/wp-content\/uploads\/2021\/12\/Capgemini-CBE_2021_Brazilian-v3.2.pdf\" target=\"_blank\" rel=\"noreferrer noopener\">PT<\/a> | <a href=\"https:\/\/www.capgemini.com\/wp-content\/uploads\/2021\/12\/Capgemini-CBE_2021_Russian-v3.2.pdf\" target=\"_blank\" rel=\"noreferrer noopener\">RU<\/a> |&nbsp;<a href=\"https:\/\/www.capgemini.com\/wp-content\/uploads\/2021\/12\/Capgemini-CBE_2021_Chinese-v3.2.pdf\" target=\"_blank\" rel=\"noreferrer noopener\">ZH<\/a>  <\/p>\n\n\n\n<p><\/p>\n\n\n\n<p><\/p>\n\n\n\n<p><\/p>\n<\/div><\/div><\/div><\/div><\/div><\/section>\n","protected":false},"excerpt":{"rendered":"","protected":false},"author":33,"featured_media":5590,"parent":5591,"menu_order":2,"comment_status":"closed","ping_status":"closed","template":"","meta":{"cg_dt_proposed_to":[0],"cg_seo_hreflang_relations":"[]","cg_seo_canonical_relation":"","cg_seo_hreflang_x_default_relation":"{\"uuid\":\"bdd8a5ba-8ec6-443c-9828-7c69ae2d9a36\",\"blogId\":\"\",\"domain\":\"\",\"sitePath\":\"\",\"postLink\":\"\",\"postId\":null,\"isSaved\":true,\"isCrossLink\":false,\"hasCrossLink\":false}","cg_dt_approved_content":false,"cg_dt_mandatory_content":false,"cg_dt_notes":"","cg_dg_source_changed":false,"cg_dt_link_disabled":false,"_yoast_wpseo_primary_brand":"","footnotes":"","featured_focal_points":"","partner_card_description":"","gsap_animation":0},"brand":[],"partner_type":[],"service":[],"industry":[],"partners":[],"page-type":[168],"content-group":[],"class_list":["post-5589","page","type-page","status-publish","has-post-thumbnail","hentry","page-type-about-us"],"yoast_head":"<!-- This site is optimized with the Yoast SEO Premium plugin v22.8 (Yoast SEO v22.8) - https:\/\/yoast.com\/wordpress\/plugins\/seo\/ -->\n<title>Our Code of Business Ethics | Management And Governance | Capgemini<\/title>\n<meta name=\"description\" content=\"Nuestro C\u00f3digo de \u00c9tica Empresarial presenta nuestros Valores, nuestros principios \u00e9ticos y comportamientos esperados en cinco \u00e1reas clave.\" \/>\n<meta name=\"robots\" content=\"index, follow, max-snippet:-1, max-image-preview:large, max-video-preview:-1\" \/>\n<link rel=\"canonical\" href=\"https:\/\/www.capgemini.com\/ar-es\/sobre-nosotros\/gestion-y-gobierno\/politicas\/codigo-de-etica\/\" \/>\n<meta property=\"og:locale\" content=\"es_MX\" \/>\n<meta property=\"og:type\" content=\"article\" \/>\n<meta property=\"og:title\" content=\"C\u00f3digo de \u00e9tica\" \/>\n<meta property=\"og:description\" content=\"Nuestro C\u00f3digo de \u00c9tica Empresarial presenta nuestros Valores, nuestros principios \u00e9ticos y comportamientos esperados en cinco \u00e1reas clave.\" \/>\n<meta property=\"og:url\" content=\"https:\/\/www.capgemini.com\/ar-es\/sobre-nosotros\/gestion-y-gobierno\/politicas\/codigo-de-etica\/\" \/>\n<meta property=\"og:site_name\" content=\"Capgemini Argentina\" \/>\n<meta property=\"article:modified_time\" content=\"2025-03-28T06:38:37+00:00\" \/>\n<meta property=\"og:image\" content=\"https:\/\/www.capgemini.com\/ar-es\/wp-content\/uploads\/sites\/9\/2021\/12\/Capgemini_LifeAt_meet-our-people.jpg\" \/>\n\t<meta property=\"og:image:width\" content=\"2880\" \/>\n\t<meta property=\"og:image:height\" content=\"1800\" \/>\n\t<meta property=\"og:image:type\" content=\"image\/jpeg\" \/>\n<meta name=\"twitter:card\" content=\"summary_large_image\" \/>\n<meta name=\"twitter:label1\" content=\"Est. reading time\" \/>\n\t<meta name=\"twitter:data1\" content=\"1 minute\" \/>\n<script type=\"application\/ld+json\" class=\"yoast-schema-graph\">{\"@context\":\"https:\/\/schema.org\",\"@graph\":[{\"@type\":\"WebPage\",\"@id\":\"https:\/\/www.capgemini.com\/ar-es\/sobre-nosotros\/gestion-y-gobierno\/politicas\/codigo-de-etica\/\",\"url\":\"https:\/\/www.capgemini.com\/ar-es\/sobre-nosotros\/gestion-y-gobierno\/politicas\/codigo-de-etica\/\",\"name\":\"Our Code of Business Ethics | Management And Governance | Capgemini\",\"isPartOf\":{\"@id\":\"https:\/\/www.capgemini.com\/ar-es\/#website\"},\"primaryImageOfPage\":{\"@id\":\"https:\/\/www.capgemini.com\/ar-es\/sobre-nosotros\/gestion-y-gobierno\/politicas\/codigo-de-etica\/#primaryimage\"},\"image\":{\"@id\":\"https:\/\/www.capgemini.com\/ar-es\/sobre-nosotros\/gestion-y-gobierno\/politicas\/codigo-de-etica\/#primaryimage\"},\"thumbnailUrl\":\"https:\/\/www.capgemini.com\/ar-es\/wp-content\/uploads\/sites\/9\/2021\/12\/Capgemini_LifeAt_meet-our-people.jpg\",\"datePublished\":\"2021-12-07T08:57:23+00:00\",\"dateModified\":\"2025-03-28T06:38:37+00:00\",\"description\":\"Nuestro C\u00f3digo de \u00c9tica Empresarial presenta nuestros Valores, nuestros principios \u00e9ticos y comportamientos esperados en cinco \u00e1reas clave.\",\"breadcrumb\":{\"@id\":\"https:\/\/www.capgemini.com\/ar-es\/sobre-nosotros\/gestion-y-gobierno\/politicas\/codigo-de-etica\/#breadcrumb\"},\"inLanguage\":\"es-MX\",\"potentialAction\":[{\"@type\":\"ReadAction\",\"target\":[\"https:\/\/www.capgemini.com\/ar-es\/sobre-nosotros\/gestion-y-gobierno\/politicas\/codigo-de-etica\/\"]}]},{\"@type\":\"ImageObject\",\"inLanguage\":\"es-MX\",\"@id\":\"https:\/\/www.capgemini.com\/ar-es\/sobre-nosotros\/gestion-y-gobierno\/politicas\/codigo-de-etica\/#primaryimage\",\"url\":\"https:\/\/www.capgemini.com\/ar-es\/wp-content\/uploads\/sites\/9\/2021\/12\/Capgemini_LifeAt_meet-our-people.jpg\",\"contentUrl\":\"https:\/\/www.capgemini.com\/ar-es\/wp-content\/uploads\/sites\/9\/2021\/12\/Capgemini_LifeAt_meet-our-people.jpg\",\"width\":2880,\"height\":1800},{\"@type\":\"BreadcrumbList\",\"@id\":\"https:\/\/www.capgemini.com\/ar-es\/sobre-nosotros\/gestion-y-gobierno\/politicas\/codigo-de-etica\/#breadcrumb\",\"itemListElement\":[{\"@type\":\"ListItem\",\"position\":1,\"name\":\"Home\",\"item\":\"https:\/\/www.capgemini.com\/ar-es\/\"},{\"@type\":\"ListItem\",\"position\":2,\"name\":\"Sobre nosotros\",\"item\":\"https:\/\/www.capgemini.com\/ar-es\/sobre-nosotros\/\"},{\"@type\":\"ListItem\",\"position\":3,\"name\":\"Gesti\u00f3n y gobierno\",\"item\":\"https:\/\/www.capgemini.com\/ar-es\/sobre-nosotros\/gestion-y-gobierno\/\"},{\"@type\":\"ListItem\",\"position\":4,\"name\":\"Pol\u00edticas\",\"item\":\"https:\/\/www.capgemini.com\/ar-es\/sobre-nosotros\/gestion-y-gobierno\/politicas\/\"},{\"@type\":\"ListItem\",\"position\":5,\"name\":\"C\u00f3digo de \u00e9tica\"}]},{\"@type\":\"WebSite\",\"@id\":\"https:\/\/www.capgemini.com\/ar-es\/#website\",\"url\":\"https:\/\/www.capgemini.com\/ar-es\/\",\"name\":\"Capgemini Argentina\",\"description\":\"Capgemini\",\"potentialAction\":[{\"@type\":\"SearchAction\",\"target\":{\"@type\":\"EntryPoint\",\"urlTemplate\":\"https:\/\/www.capgemini.com\/ar-es\/?s={search_term_string}\"},\"query-input\":\"required name=search_term_string\"}],\"inLanguage\":\"es-MX\"}]}<\/script>\n<!-- \/ Yoast SEO Premium plugin. -->","yoast_head_json":{"title":"Our Code of Business Ethics | Management And Governance | Capgemini","description":"Nuestro C\u00f3digo de \u00c9tica Empresarial presenta nuestros Valores, nuestros principios \u00e9ticos y comportamientos esperados en cinco \u00e1reas clave.","robots":{"index":"index","follow":"follow","max-snippet":"max-snippet:-1","max-image-preview":"max-image-preview:large","max-video-preview":"max-video-preview:-1"},"canonical":"https:\/\/www.capgemini.com\/ar-es\/sobre-nosotros\/gestion-y-gobierno\/politicas\/codigo-de-etica\/","og_locale":"es_MX","og_type":"article","og_title":"C\u00f3digo de \u00e9tica","og_description":"Nuestro C\u00f3digo de \u00c9tica Empresarial presenta nuestros Valores, nuestros principios \u00e9ticos y comportamientos esperados en cinco \u00e1reas clave.","og_url":"https:\/\/www.capgemini.com\/ar-es\/sobre-nosotros\/gestion-y-gobierno\/politicas\/codigo-de-etica\/","og_site_name":"Capgemini Argentina","article_modified_time":"2025-03-28T06:38:37+00:00","og_image":[{"width":2880,"height":1800,"url":"https:\/\/www.capgemini.com\/ar-es\/wp-content\/uploads\/sites\/9\/2021\/12\/Capgemini_LifeAt_meet-our-people.jpg","type":"image\/jpeg"}],"twitter_card":"summary_large_image","twitter_misc":{"Est. reading time":"1 minute"},"schema":{"@context":"https:\/\/schema.org","@graph":[{"@type":"WebPage","@id":"https:\/\/www.capgemini.com\/ar-es\/sobre-nosotros\/gestion-y-gobierno\/politicas\/codigo-de-etica\/","url":"https:\/\/www.capgemini.com\/ar-es\/sobre-nosotros\/gestion-y-gobierno\/politicas\/codigo-de-etica\/","name":"Our Code of Business Ethics | Management And Governance | Capgemini","isPartOf":{"@id":"https:\/\/www.capgemini.com\/ar-es\/#website"},"primaryImageOfPage":{"@id":"https:\/\/www.capgemini.com\/ar-es\/sobre-nosotros\/gestion-y-gobierno\/politicas\/codigo-de-etica\/#primaryimage"},"image":{"@id":"https:\/\/www.capgemini.com\/ar-es\/sobre-nosotros\/gestion-y-gobierno\/politicas\/codigo-de-etica\/#primaryimage"},"thumbnailUrl":"https:\/\/www.capgemini.com\/ar-es\/wp-content\/uploads\/sites\/9\/2021\/12\/Capgemini_LifeAt_meet-our-people.jpg","datePublished":"2021-12-07T08:57:23+00:00","dateModified":"2025-03-28T06:38:37+00:00","description":"Nuestro C\u00f3digo de \u00c9tica Empresarial presenta nuestros Valores, nuestros principios \u00e9ticos y comportamientos esperados en cinco \u00e1reas clave.","breadcrumb":{"@id":"https:\/\/www.capgemini.com\/ar-es\/sobre-nosotros\/gestion-y-gobierno\/politicas\/codigo-de-etica\/#breadcrumb"},"inLanguage":"es-MX","potentialAction":[{"@type":"ReadAction","target":["https:\/\/www.capgemini.com\/ar-es\/sobre-nosotros\/gestion-y-gobierno\/politicas\/codigo-de-etica\/"]}]},{"@type":"ImageObject","inLanguage":"es-MX","@id":"https:\/\/www.capgemini.com\/ar-es\/sobre-nosotros\/gestion-y-gobierno\/politicas\/codigo-de-etica\/#primaryimage","url":"https:\/\/www.capgemini.com\/ar-es\/wp-content\/uploads\/sites\/9\/2021\/12\/Capgemini_LifeAt_meet-our-people.jpg","contentUrl":"https:\/\/www.capgemini.com\/ar-es\/wp-content\/uploads\/sites\/9\/2021\/12\/Capgemini_LifeAt_meet-our-people.jpg","width":2880,"height":1800},{"@type":"BreadcrumbList","@id":"https:\/\/www.capgemini.com\/ar-es\/sobre-nosotros\/gestion-y-gobierno\/politicas\/codigo-de-etica\/#breadcrumb","itemListElement":[{"@type":"ListItem","position":1,"name":"Home","item":"https:\/\/www.capgemini.com\/ar-es\/"},{"@type":"ListItem","position":2,"name":"Sobre nosotros","item":"https:\/\/www.capgemini.com\/ar-es\/sobre-nosotros\/"},{"@type":"ListItem","position":3,"name":"Gesti\u00f3n y gobierno","item":"https:\/\/www.capgemini.com\/ar-es\/sobre-nosotros\/gestion-y-gobierno\/"},{"@type":"ListItem","position":4,"name":"Pol\u00edticas","item":"https:\/\/www.capgemini.com\/ar-es\/sobre-nosotros\/gestion-y-gobierno\/politicas\/"},{"@type":"ListItem","position":5,"name":"C\u00f3digo de \u00e9tica"}]},{"@type":"WebSite","@id":"https:\/\/www.capgemini.com\/ar-es\/#website","url":"https:\/\/www.capgemini.com\/ar-es\/","name":"Capgemini Argentina","description":"Capgemini","potentialAction":[{"@type":"SearchAction","target":{"@type":"EntryPoint","urlTemplate":"https:\/\/www.capgemini.com\/ar-es\/?s={search_term_string}"},"query-input":"required name=search_term_string"}],"inLanguage":"es-MX"}]}},"brand_term":[],"parsely":{"version":"1.1.0","canonical_url":"https:\/\/capgemini.com\/ar-es\/sobre-nosotros\/gestion-y-gobierno\/politicas\/codigo-de-etica\/","smart_links":{"inbound":0,"outbound":0},"traffic_boost_suggestions_count":0,"meta":{"@context":"https:\/\/schema.org","@type":"WebPage","headline":"C\u00f3digo de \u00e9tica","url":"https:\/\/www.capgemini.com\/ar-es\/sobre-nosotros\/gestion-y-gobierno\/politicas\/codigo-de-etica\/","mainEntityOfPage":{"@type":"WebPage","@id":"https:\/\/www.capgemini.com\/ar-es\/sobre-nosotros\/gestion-y-gobierno\/politicas\/codigo-de-etica\/"},"thumbnailUrl":"https:\/\/www.capgemini.com\/ar-es\/wp-content\/uploads\/sites\/9\/2021\/12\/Capgemini_LifeAt_meet-our-people.jpg?w=150&h=150&crop=1","image":{"@type":"ImageObject","url":"https:\/\/www.capgemini.com\/ar-es\/wp-content\/uploads\/sites\/9\/2021\/12\/Capgemini_LifeAt_meet-our-people.jpg"},"articleSection":"Uncategorized","author":[],"creator":[],"publisher":{"@type":"Organization","name":"Capgemini Argentina","logo":""},"keywords":[],"dateCreated":"2021-12-07T08:57:23Z","datePublished":"2021-12-07T08:57:23Z","dateModified":"2025-03-28T06:38:37Z"},"rendered":"<meta name=\"parsely-title\" content=\"C\u00f3digo de \u00e9tica\" \/>\n<meta name=\"parsely-link\" content=\"https:\/\/www.capgemini.com\/ar-es\/sobre-nosotros\/gestion-y-gobierno\/politicas\/codigo-de-etica\/\" \/>\n<meta name=\"parsely-type\" content=\"index\" \/>\n<meta name=\"parsely-image-url\" content=\"https:\/\/www.capgemini.com\/ar-es\/wp-content\/uploads\/sites\/9\/2021\/12\/Capgemini_LifeAt_meet-our-people.jpg?w=150&amp;h=150&amp;crop=1\" \/>\n<meta name=\"parsely-pub-date\" content=\"2021-12-07T08:57:23Z\" \/>\n<meta name=\"parsely-section\" content=\"Uncategorized\" \/>","tracker_url":"https:\/\/cdn.parsely.com\/keys\/capgemini.com\/p.js"},"archive_status":false,"featured_image_src":"https:\/\/www.capgemini.com\/ar-es\/wp-content\/uploads\/sites\/9\/2021\/12\/Capgemini_LifeAt_meet-our-people.jpg","featured_image_alt":"","jetpack_sharing_enabled":true,"distributor_meta":false,"distributor_terms":false,"distributor_media":false,"distributor_original_site_name":"Capgemini Argentina","distributor_original_site_url":"https:\/\/www.capgemini.com\/ar-es","push-errors":false,"_links":{"self":[{"href":"https:\/\/www.capgemini.com\/ar-es\/wp-json\/wp\/v2\/pages\/5589","targetHints":{"allow":["GET"]}}],"collection":[{"href":"https:\/\/www.capgemini.com\/ar-es\/wp-json\/wp\/v2\/pages"}],"about":[{"href":"https:\/\/www.capgemini.com\/ar-es\/wp-json\/wp\/v2\/types\/page"}],"author":[{"embeddable":true,"href":"https:\/\/www.capgemini.com\/ar-es\/wp-json\/wp\/v2\/users\/33"}],"replies":[{"embeddable":true,"href":"https:\/\/www.capgemini.com\/ar-es\/wp-json\/wp\/v2\/comments?post=5589"}],"version-history":[{"count":6,"href":"https:\/\/www.capgemini.com\/ar-es\/wp-json\/wp\/v2\/pages\/5589\/revisions"}],"predecessor-version":[{"id":516042,"href":"https:\/\/www.capgemini.com\/ar-es\/wp-json\/wp\/v2\/pages\/5589\/revisions\/516042"}],"up":[{"embeddable":true,"href":"https:\/\/www.capgemini.com\/ar-es\/wp-json\/wp\/v2\/pages\/5591"}],"wp:featuredmedia":[{"embeddable":true,"href":"https:\/\/www.capgemini.com\/ar-es\/wp-json\/wp\/v2\/media\/5590"}],"wp:attachment":[{"href":"https:\/\/www.capgemini.com\/ar-es\/wp-json\/wp\/v2\/media?parent=5589"}],"wp:term":[{"taxonomy":"brand","embeddable":true,"href":"https:\/\/www.capgemini.com\/ar-es\/wp-json\/wp\/v2\/brand?post=5589"},{"taxonomy":"partner_type","embeddable":true,"href":"https:\/\/www.capgemini.com\/ar-es\/wp-json\/wp\/v2\/partner_type?post=5589"},{"taxonomy":"service","embeddable":true,"href":"https:\/\/www.capgemini.com\/ar-es\/wp-json\/wp\/v2\/service?post=5589"},{"taxonomy":"industry","embeddable":true,"href":"https:\/\/www.capgemini.com\/ar-es\/wp-json\/wp\/v2\/industry?post=5589"},{"taxonomy":"partners","embeddable":true,"href":"https:\/\/www.capgemini.com\/ar-es\/wp-json\/wp\/v2\/partners?post=5589"},{"taxonomy":"page-type","embeddable":true,"href":"https:\/\/www.capgemini.com\/ar-es\/wp-json\/wp\/v2\/page-type?post=5589"},{"taxonomy":"content-group","embeddable":true,"href":"https:\/\/www.capgemini.com\/ar-es\/wp-json\/wp\/v2\/content-group?post=5589"}],"curies":[{"name":"wp","href":"https:\/\/api.w.org\/{rel}","templated":true}]}}