{"id":5588,"date":"2021-12-07T10:17:35","date_gmt":"2021-12-07T10:17:35","guid":{"rendered":"https:\/\/www.capgemini.com\/?page_id=639157"},"modified":"2025-03-28T06:38:19","modified_gmt":"2025-03-28T06:38:19","slug":"politica-speakup","status":"publish","type":"page","link":"https:\/\/www.capgemini.com\/ar-es\/sobre-nosotros\/gestion-y-gobierno\/politicas\/politica-speakup\/","title":{"rendered":"Pol\u00edtica speakup"},"content":{"rendered":"\n<header class=\"wp-block-cg-blocks-hero-reusable is-style-blue-line header heroReusable  \"><div class=\"header-bgs\"><\/div><div class=\"heroPictureCardHeaderShape\"><\/div><div class=\"container\"><div class=\"row\"><div class=\"col-md-12\"><div class=\"box\"><div class=\"boxTagWrapper\"><div class=\"tagInfo\"><div><span class=\"box-tag\">Policy<\/span><\/div><\/div><\/div><div class=\"box-title\"><h1 data-maxlength=\"34\"><a href=\"http:\/\/abc.com\">Pol\u00edtica speakup<\/a><\/h1><\/div><div class=\"inner-row-insight download-btn\"><div class=\"col-md-4 downloadFiles addPadding\"><a class=\"button-download--small\" type=\"download\" href=\"https:\/\/www.capgemini.com\/wp-content\/uploads\/2022\/01\/Capgemini_SpeakUpPolicy_English.pdf\" target=\"_blank\" rel=\"noopener noreferrer\" title=\"abrir en una nueva ventana\"><span>Descargar pol\u00edtica (ES)<\/span><span class=\"type\">236 KB  pdf<\/span><\/a><\/div><\/div><\/div><\/div><\/div><\/div><\/header>\n\n\n\n<section class=\"wp-block-cg-blocks-group undefined section section--article-content\"><div class=\"article-main-content\"><div class=\"container\"><div class=\"row\"><div class=\"col-12 col-md-11 col-lg-10 offset-md-1 offset-lg-1\"><div class=\"article-text article-quote-text\">\n<p>SpeakUp es una herramienta de asesoramiento, gesti\u00f3n de incidentes y generaci\u00f3n de informes sobre \u00e9tica basada en la web y por tel\u00e9fono, alojada por un proveedor de servicios independiente. Es administrado por nuestra funci\u00f3n de \u00c9tica del Grupo y respaldado por nuestra red global de Asesores Generales, Oficiales de \u00c9tica y Cumplimiento e investigadores de Recursos Humanos. <\/p>\n\n\n\n<p>Es voluntario, confidencial y permite el anonimato, excepto en pa\u00edses donde el anonimato no cumplir\u00eda con las leyes locales. Capgemini lo pone a disposici\u00f3n de los miembros de nuestro equipo, clientes, proveedores y socios comerciales.  <\/p>\n\n\n\n<div class=\"wp-block-buttons is-layout-flex wp-block-buttons-is-layout-flex\">\n<div class=\"wp-block-button is-style-outline is-style-outline--1\"><a class=\"wp-block-button__link wp-element-button\" href=\"https:\/\/app.convercent.com\/en-us\/LandingPage\/21bd0129-fee2-e611-80d9-000d3ab1117e\" target=\"_blank\" rel=\"noreferrer noopener\">Contacto SpeakUp<\/a><\/div>\n<\/div>\n<\/div><\/div><\/div><\/div><\/div><\/section>\n\n\n\n<section class=\"wp-block-cg-blocks-intro-para-video section section--info-2cols section--insights section-video is-style-cg-sapphire3\"><div class=\"bg-color video-align-left\"><div class=\"container\"><div class=\"row video-align-right\"><div class=\"col-md-12\"><div class=\"video-align-right row box box--4 box--mini\"><div class=\"col-md-1\"><\/div><div class=\"col-md-8 box-img-wrapper\"><div class=\"video-box\"><div class=\"video-wrapper\"><iframe title=\"video-section\" src=\"https:\/\/www.youtube.com\/embed\/B86vB6qSXi0\" frameborder=\"0\" rel=\"0\" allow=\"accelerometer; autoplay; encrypted-media; gyroscope; picture-in-picture\" allowfullscreen><\/iframe><\/div><\/div><\/div><div class=\"col-md-3\"><h3 class=\"Video-title\" data-maxlength=\"34\">Introducci\u00f3n a SpeakUp<\/h3><div class=\"video-info\"><p data-maxlength=\"68\">Forma para plantear inquietudes en el trabajo<\/p><\/div><\/div><div class=\"col-md-1\"><\/div><\/div><\/div><\/div><\/div><\/div><\/section>\n\n\n\n<section class=\"wp-block-cg-blocks-group undefined section section--article-content\"><div class=\"article-main-content\"><div class=\"container\"><div class=\"row\"><div class=\"col-12 col-md-11 col-lg-10 offset-md-1 offset-lg-1\"><div class=\"article-text article-quote-text\">\n<p>SpeakUp, nuestra l\u00ednea de ayuda sobre \u00e9tica basada en la web y por tel\u00e9fono las 24 horas, los 7 d\u00edas de la semana, se puede utilizar para informar inquietudes y solicitar asesoramiento u orientaci\u00f3n sobre acciones o comportamientos que:<\/p>\n\n\n\n<ul class=\"wp-block-list\">\n<li>No est\u00e1n alineados con nuestros <a href=\"\/ar-es\/sobre-nosotros\/quienes-somos\/valores-y-etica\/\">Valores<\/a> y aspiraciones \u00e9ticas, tal como se establece en <a href=\"\/ar-es\/sobre-nosotros\/quienes-somos\/our-values\/cultura-etica\/normas-de-conducta-para-proveedores\/\">nuestro C\u00f3digo de \u00c9tica empresarial<\/a> y las pautas relacionadas.<\/li>\n\n\n\n<li>No cumplen con las leyes, reglamentos y requisitos de cumplimiento interno aplicables.<\/li>\n\n\n\n<li>Pueden afectar significativamente los intereses vitales de Capgemini y sus afiliados.<\/li>\n<\/ul>\n\n\n\n<p>La pol\u00edtica SpeakUp est\u00e1 disponible en los siguientes idiomas:<\/p>\n\n\n\n<p><a href=\"https:\/\/www.capgemini.com\/wp-content\/uploads\/2022\/01\/Capgemini_SpeakUpPolicy_English.pdf\" target=\"_blank\" rel=\"noreferrer noopener\">EN<\/a>&nbsp;| <a href=\"https:\/\/www.capgemini.com\/wp-content\/uploads\/2022\/01\/Capgemini_SpeakUpPolicy_Arabic.pdf\" target=\"_blank\" rel=\"noreferrer noopener\">AR<\/a>&nbsp;|&nbsp;<a href=\"https:\/\/www.capgemini.com\/wp-content\/uploads\/2022\/01\/Capgemini_SpeakUpPolicy_Czech.pdf\" target=\"_blank\" rel=\"noreferrer noopener\">CZ<\/a>&nbsp;|&nbsp;<a href=\"https:\/\/www.capgemini.com\/wp-content\/uploads\/2022\/01\/Capgemini_SpeakUpPolicy_Dutch.pdf\" target=\"_blank\" rel=\"noreferrer noopener\">NL<\/a>&nbsp;|&nbsp;<a href=\"https:\/\/www.capgemini.com\/wp-content\/uploads\/2022\/01\/Capgemini_SpeakUpPolicy_Danish.pdf\" target=\"_blank\" rel=\"noreferrer noopener\">DA<\/a>&nbsp;|&nbsp;<a href=\"https:\/\/www.capgemini.com\/wp-content\/uploads\/2022\/01\/Capgemini_SpeakUpPolicy_EuropeanSpanish.pdf\" target=\"_blank\" rel=\"noreferrer noopener\">EU-ES<\/a>&nbsp;|&nbsp;<a href=\"https:\/\/www.capgemini.com\/wp-content\/uploads\/2022\/01\/Capgemini_SpeakUpPolicy_Finnish.pdf\" target=\"_blank\" rel=\"noreferrer noopener\">FI<\/a>&nbsp;|&nbsp;<a href=\"https:\/\/www.capgemini.com\/wp-content\/uploads\/2022\/01\/Capgemini_SpeakUpPolicy__French-1.pdf\" target=\"_blank\" rel=\"noreferrer noopener\">FR<\/a>&nbsp;|&nbsp;<a href=\"https:\/\/www.capgemini.com\/wp-content\/uploads\/2022\/01\/SpeakUp_Policy_FR-Maroc-v1.4-ABE_11102021.pdf\" target=\"_blank\" rel=\"noreferrer noopener\">FR-MA<\/a>&nbsp;|&nbsp;<a href=\"https:\/\/www.capgemini.com\/wp-content\/uploads\/2022\/01\/Capgemini_SpeakUpPolicy_German-1.pdf\" target=\"_blank\" rel=\"noreferrer noopener\">DE<\/a> |&nbsp;<a href=\"https:\/\/www.capgemini.com\/wp-content\/uploads\/2022\/01\/SpeakUp_Policy_English-for-Hungary-v1_20201103.pdf\" target=\"_blank\" rel=\"noreferrer noopener\">EN-HU<\/a>&nbsp;|&nbsp;<a href=\"https:\/\/www.capgemini.com\/wp-content\/uploads\/2022\/01\/SpeakUp_Policy_Hungarian-v1_20201103.pdf\" target=\"_blank\" rel=\"noreferrer noopener\">HU<\/a>&nbsp;|&nbsp;<a href=\"https:\/\/www.capgemini.com\/wp-content\/uploads\/2022\/01\/Capgemini_SpeakUpPolicy_Italian.pdf\" target=\"_blank\" rel=\"noreferrer noopener\">IT<\/a>&nbsp;|&nbsp;<a href=\"https:\/\/www.capgemini.com\/wp-content\/uploads\/2022\/01\/Capgemini_SpeakUpPolicy_Japanese.pdf\" target=\"_blank\" rel=\"noreferrer noopener\">JP<\/a>&nbsp;|&nbsp;<a href=\"https:\/\/www.capgemini.com\/wp-content\/uploads\/2022\/01\/Capgemini_SpeakUpPolicy_Norwegian.pdf\" target=\"_blank\" rel=\"noreferrer noopener\">NO<\/a>&nbsp;|&nbsp;<a href=\"https:\/\/www.capgemini.com\/wp-content\/uploads\/2022\/01\/Capgemini_SpeakUpPolicy_Polish.pdf\" target=\"_blank\" rel=\"noreferrer noopener\">PL<\/a>&nbsp;|&nbsp;<a href=\"https:\/\/www.capgemini.com\/wp-content\/uploads\/2022\/01\/Capgemini_SpeakUpPolicy_Portugese.pdf\" target=\"_blank\" rel=\"noreferrer noopener\">PO<\/a>&nbsp;|&nbsp;<a href=\"https:\/\/www.capgemini.com\/wp-content\/uploads\/2022\/01\/Capgemini_SpeakUpPolicy_Romanian.pdf\" target=\"_blank\" rel=\"noreferrer noopener\">RO<\/a>  |&nbsp;<a href=\"https:\/\/www.capgemini.com\/wp-content\/uploads\/2022\/01\/Capgemini_SpeakUpPolicy_SimplifiedChinese.pdf\" target=\"_blank\" rel=\"noreferrer noopener\">ZH<\/a>&nbsp;|&nbsp;<a href=\"https:\/\/www.capgemini.com\/wp-content\/uploads\/2022\/01\/Capgemini_SpeakUpPolicy_Slovak.pdf\" target=\"_blank\" rel=\"noreferrer noopener\">SL<\/a>&nbsp;|&nbsp;<a href=\"https:\/\/www.capgemini.com\/wp-content\/uploads\/2022\/01\/Capgemini_SpeakUpPolicy_Spanish.pdf\" target=\"_blank\" rel=\"noreferrer noopener\">ES<\/a>&nbsp;|&nbsp;<a href=\"https:\/\/www.capgemini.com\/wp-content\/uploads\/2022\/01\/Capgemini_SpeakUpPolicy_Swedish.pdf\" target=\"_blank\" rel=\"noreferrer noopener\">SE<\/a>&nbsp;|&nbsp;<a href=\"https:\/\/www.capgemini.com\/wp-content\/uploads\/2022\/01\/Capgemini_SpeakUpPolicy_Russian.pdf\" target=\"_blank\" rel=\"noreferrer noopener\">RU<\/a> | <a href=\"https:\/\/www.capgemini.com\/wp-content\/uploads\/2022\/01\/Capgemini_SpeakUpPolicy_Vietnamese.pdf\" target=\"_blank\" rel=\"noreferrer noopener\">VN<\/a> &nbsp;<\/p>\n<\/div><\/div><\/div><\/div><\/div><\/section>\n","protected":false},"excerpt":{"rendered":"","protected":false},"author":33,"featured_media":0,"parent":5591,"menu_order":6,"comment_status":"closed","ping_status":"closed","template":"","meta":{"cg_dt_proposed_to":[0],"cg_seo_hreflang_relations":"[]","cg_seo_canonical_relation":"","cg_seo_hreflang_x_default_relation":"","cg_dt_approved_content":false,"cg_dt_mandatory_content":false,"cg_dt_notes":"","cg_dg_source_changed":false,"cg_dt_link_disabled":false,"_yoast_wpseo_primary_brand":"","footnotes":"","featured_focal_points":"","partner_card_description":"","gsap_animation":0},"brand":[],"partner_type":[],"service":[],"industry":[],"partners":[],"page-type":[168],"content-group":[],"class_list":["post-5588","page","type-page","status-publish","hentry","page-type-about-us"],"yoast_head":"<!-- This site is optimized with the Yoast SEO Premium plugin v22.8 (Yoast SEO v22.8) - https:\/\/yoast.com\/wordpress\/plugins\/seo\/ -->\n<title>Pol\u00edtica speakup | Capgemini<\/title>\n<meta name=\"description\" content=\"SpeakUp es una herramienta de asesoramiento, gesti\u00f3n de incidentes y generaci\u00f3n de informes sobre \u00e9tica basada en la web y por tel\u00e9fono, alojada por un proveedor de servicios independiente.\" \/>\n<meta name=\"robots\" content=\"index, follow, max-snippet:-1, max-image-preview:large, max-video-preview:-1\" \/>\n<link rel=\"canonical\" href=\"https:\/\/www.capgemini.com\/ar-es\/sobre-nosotros\/gestion-y-gobierno\/politicas\/politica-speakup\/\" \/>\n<meta property=\"og:locale\" content=\"es_MX\" \/>\n<meta property=\"og:type\" content=\"article\" \/>\n<meta property=\"og:title\" content=\"Pol\u00edtica speakup\" \/>\n<meta property=\"og:description\" content=\"SpeakUp es una herramienta de asesoramiento, gesti\u00f3n de incidentes y generaci\u00f3n de informes sobre \u00e9tica basada en la web y por tel\u00e9fono, alojada por un proveedor de servicios independiente.\" \/>\n<meta property=\"og:url\" content=\"https:\/\/www.capgemini.com\/ar-es\/sobre-nosotros\/gestion-y-gobierno\/politicas\/politica-speakup\/\" \/>\n<meta property=\"og:site_name\" content=\"Capgemini Argentina\" \/>\n<meta property=\"article:modified_time\" content=\"2025-03-28T06:38:19+00:00\" \/>\n<meta property=\"og:image\" content=\"https:\/\/www.capgemini.com\/ar-es\/wp-content\/uploads\/sites\/9\/2025\/10\/New-Web-preview-global.jpg\" \/>\n\t<meta property=\"og:image:width\" content=\"1200\" \/>\n\t<meta property=\"og:image:height\" content=\"627\" \/>\n\t<meta property=\"og:image:type\" content=\"image\/jpeg\" \/>\n<meta name=\"twitter:card\" content=\"summary_large_image\" \/>\n<script type=\"application\/ld+json\" class=\"yoast-schema-graph\">{\"@context\":\"https:\/\/schema.org\",\"@graph\":[{\"@type\":\"WebPage\",\"@id\":\"https:\/\/www.capgemini.com\/ar-es\/sobre-nosotros\/gestion-y-gobierno\/politicas\/politica-speakup\/\",\"url\":\"https:\/\/www.capgemini.com\/ar-es\/sobre-nosotros\/gestion-y-gobierno\/politicas\/politica-speakup\/\",\"name\":\"Pol\u00edtica speakup | Capgemini\",\"isPartOf\":{\"@id\":\"https:\/\/www.capgemini.com\/ar-es\/#website\"},\"datePublished\":\"2021-12-07T10:17:35+00:00\",\"dateModified\":\"2025-03-28T06:38:19+00:00\",\"description\":\"SpeakUp es una herramienta de asesoramiento, gesti\u00f3n de incidentes y generaci\u00f3n de informes sobre \u00e9tica basada en la web y por tel\u00e9fono, alojada por un proveedor de servicios independiente.\",\"breadcrumb\":{\"@id\":\"https:\/\/www.capgemini.com\/ar-es\/sobre-nosotros\/gestion-y-gobierno\/politicas\/politica-speakup\/#breadcrumb\"},\"inLanguage\":\"es-MX\",\"potentialAction\":[{\"@type\":\"ReadAction\",\"target\":[\"https:\/\/www.capgemini.com\/ar-es\/sobre-nosotros\/gestion-y-gobierno\/politicas\/politica-speakup\/\"]}]},{\"@type\":\"BreadcrumbList\",\"@id\":\"https:\/\/www.capgemini.com\/ar-es\/sobre-nosotros\/gestion-y-gobierno\/politicas\/politica-speakup\/#breadcrumb\",\"itemListElement\":[{\"@type\":\"ListItem\",\"position\":1,\"name\":\"Home\",\"item\":\"https:\/\/www.capgemini.com\/ar-es\/\"},{\"@type\":\"ListItem\",\"position\":2,\"name\":\"Sobre nosotros\",\"item\":\"https:\/\/www.capgemini.com\/ar-es\/sobre-nosotros\/\"},{\"@type\":\"ListItem\",\"position\":3,\"name\":\"Gesti\u00f3n y gobierno\",\"item\":\"https:\/\/www.capgemini.com\/ar-es\/sobre-nosotros\/gestion-y-gobierno\/\"},{\"@type\":\"ListItem\",\"position\":4,\"name\":\"Pol\u00edticas\",\"item\":\"https:\/\/www.capgemini.com\/ar-es\/sobre-nosotros\/gestion-y-gobierno\/politicas\/\"},{\"@type\":\"ListItem\",\"position\":5,\"name\":\"Pol\u00edtica speakup\"}]},{\"@type\":\"WebSite\",\"@id\":\"https:\/\/www.capgemini.com\/ar-es\/#website\",\"url\":\"https:\/\/www.capgemini.com\/ar-es\/\",\"name\":\"Capgemini Argentina\",\"description\":\"Capgemini\",\"potentialAction\":[{\"@type\":\"SearchAction\",\"target\":{\"@type\":\"EntryPoint\",\"urlTemplate\":\"https:\/\/www.capgemini.com\/ar-es\/?s={search_term_string}\"},\"query-input\":\"required name=search_term_string\"}],\"inLanguage\":\"es-MX\"}]}<\/script>\n<!-- \/ Yoast SEO Premium plugin. -->","yoast_head_json":{"title":"Pol\u00edtica speakup | Capgemini","description":"SpeakUp es una herramienta de asesoramiento, gesti\u00f3n de incidentes y generaci\u00f3n de informes sobre \u00e9tica basada en la web y por tel\u00e9fono, alojada por un proveedor de servicios independiente.","robots":{"index":"index","follow":"follow","max-snippet":"max-snippet:-1","max-image-preview":"max-image-preview:large","max-video-preview":"max-video-preview:-1"},"canonical":"https:\/\/www.capgemini.com\/ar-es\/sobre-nosotros\/gestion-y-gobierno\/politicas\/politica-speakup\/","og_locale":"es_MX","og_type":"article","og_title":"Pol\u00edtica speakup","og_description":"SpeakUp es una herramienta de asesoramiento, gesti\u00f3n de incidentes y generaci\u00f3n de informes sobre \u00e9tica basada en la web y por tel\u00e9fono, alojada por un proveedor de servicios independiente.","og_url":"https:\/\/www.capgemini.com\/ar-es\/sobre-nosotros\/gestion-y-gobierno\/politicas\/politica-speakup\/","og_site_name":"Capgemini Argentina","article_modified_time":"2025-03-28T06:38:19+00:00","og_image":[{"width":1200,"height":627,"url":"https:\/\/www.capgemini.com\/ar-es\/wp-content\/uploads\/sites\/9\/2025\/10\/New-Web-preview-global.jpg","type":"image\/jpeg"}],"twitter_card":"summary_large_image","schema":{"@context":"https:\/\/schema.org","@graph":[{"@type":"WebPage","@id":"https:\/\/www.capgemini.com\/ar-es\/sobre-nosotros\/gestion-y-gobierno\/politicas\/politica-speakup\/","url":"https:\/\/www.capgemini.com\/ar-es\/sobre-nosotros\/gestion-y-gobierno\/politicas\/politica-speakup\/","name":"Pol\u00edtica speakup | Capgemini","isPartOf":{"@id":"https:\/\/www.capgemini.com\/ar-es\/#website"},"datePublished":"2021-12-07T10:17:35+00:00","dateModified":"2025-03-28T06:38:19+00:00","description":"SpeakUp es una herramienta de asesoramiento, gesti\u00f3n de incidentes y generaci\u00f3n de informes sobre \u00e9tica basada en la web y por tel\u00e9fono, alojada por un proveedor de servicios independiente.","breadcrumb":{"@id":"https:\/\/www.capgemini.com\/ar-es\/sobre-nosotros\/gestion-y-gobierno\/politicas\/politica-speakup\/#breadcrumb"},"inLanguage":"es-MX","potentialAction":[{"@type":"ReadAction","target":["https:\/\/www.capgemini.com\/ar-es\/sobre-nosotros\/gestion-y-gobierno\/politicas\/politica-speakup\/"]}]},{"@type":"BreadcrumbList","@id":"https:\/\/www.capgemini.com\/ar-es\/sobre-nosotros\/gestion-y-gobierno\/politicas\/politica-speakup\/#breadcrumb","itemListElement":[{"@type":"ListItem","position":1,"name":"Home","item":"https:\/\/www.capgemini.com\/ar-es\/"},{"@type":"ListItem","position":2,"name":"Sobre nosotros","item":"https:\/\/www.capgemini.com\/ar-es\/sobre-nosotros\/"},{"@type":"ListItem","position":3,"name":"Gesti\u00f3n y gobierno","item":"https:\/\/www.capgemini.com\/ar-es\/sobre-nosotros\/gestion-y-gobierno\/"},{"@type":"ListItem","position":4,"name":"Pol\u00edticas","item":"https:\/\/www.capgemini.com\/ar-es\/sobre-nosotros\/gestion-y-gobierno\/politicas\/"},{"@type":"ListItem","position":5,"name":"Pol\u00edtica speakup"}]},{"@type":"WebSite","@id":"https:\/\/www.capgemini.com\/ar-es\/#website","url":"https:\/\/www.capgemini.com\/ar-es\/","name":"Capgemini Argentina","description":"Capgemini","potentialAction":[{"@type":"SearchAction","target":{"@type":"EntryPoint","urlTemplate":"https:\/\/www.capgemini.com\/ar-es\/?s={search_term_string}"},"query-input":"required name=search_term_string"}],"inLanguage":"es-MX"}]}},"brand_term":[],"parsely":{"version":"1.1.0","canonical_url":"https:\/\/capgemini.com\/ar-es\/sobre-nosotros\/gestion-y-gobierno\/politicas\/politica-speakup\/","smart_links":{"inbound":0,"outbound":0},"traffic_boost_suggestions_count":0,"meta":{"@context":"https:\/\/schema.org","@type":"WebPage","headline":"Pol\u00edtica speakup","url":"https:\/\/www.capgemini.com\/ar-es\/sobre-nosotros\/gestion-y-gobierno\/politicas\/politica-speakup\/","mainEntityOfPage":{"@type":"WebPage","@id":"https:\/\/www.capgemini.com\/ar-es\/sobre-nosotros\/gestion-y-gobierno\/politicas\/politica-speakup\/"},"thumbnailUrl":"","image":{"@type":"ImageObject","url":""},"articleSection":"Uncategorized","author":[],"creator":[],"publisher":{"@type":"Organization","name":"Capgemini Argentina","logo":""},"keywords":[],"dateCreated":"2021-12-07T10:17:35Z","datePublished":"2021-12-07T10:17:35Z","dateModified":"2025-03-28T06:38:19Z"},"rendered":"<meta name=\"parsely-title\" content=\"Pol\u00edtica speakup\" \/>\n<meta name=\"parsely-link\" content=\"https:\/\/www.capgemini.com\/ar-es\/sobre-nosotros\/gestion-y-gobierno\/politicas\/politica-speakup\/\" \/>\n<meta name=\"parsely-type\" content=\"index\" \/>\n<meta name=\"parsely-pub-date\" content=\"2021-12-07T10:17:35Z\" \/>\n<meta name=\"parsely-section\" content=\"Uncategorized\" \/>","tracker_url":"https:\/\/cdn.parsely.com\/keys\/capgemini.com\/p.js"},"archive_status":false,"featured_image_src":"https:\/\/www.capgemini.com\/ar-es\/wp-content\/themes\/capgemini2025\/assets\/images\/mockup.png","featured_image_alt":false,"jetpack_sharing_enabled":true,"distributor_meta":false,"distributor_terms":false,"distributor_media":false,"distributor_original_site_name":"Capgemini Argentina","distributor_original_site_url":"https:\/\/www.capgemini.com\/ar-es","push-errors":false,"_links":{"self":[{"href":"https:\/\/www.capgemini.com\/ar-es\/wp-json\/wp\/v2\/pages\/5588","targetHints":{"allow":["GET"]}}],"collection":[{"href":"https:\/\/www.capgemini.com\/ar-es\/wp-json\/wp\/v2\/pages"}],"about":[{"href":"https:\/\/www.capgemini.com\/ar-es\/wp-json\/wp\/v2\/types\/page"}],"author":[{"embeddable":true,"href":"https:\/\/www.capgemini.com\/ar-es\/wp-json\/wp\/v2\/users\/33"}],"replies":[{"embeddable":true,"href":"https:\/\/www.capgemini.com\/ar-es\/wp-json\/wp\/v2\/comments?post=5588"}],"version-history":[{"count":5,"href":"https:\/\/www.capgemini.com\/ar-es\/wp-json\/wp\/v2\/pages\/5588\/revisions"}],"predecessor-version":[{"id":516041,"href":"https:\/\/www.capgemini.com\/ar-es\/wp-json\/wp\/v2\/pages\/5588\/revisions\/516041"}],"up":[{"embeddable":true,"href":"https:\/\/www.capgemini.com\/ar-es\/wp-json\/wp\/v2\/pages\/5591"}],"wp:attachment":[{"href":"https:\/\/www.capgemini.com\/ar-es\/wp-json\/wp\/v2\/media?parent=5588"}],"wp:term":[{"taxonomy":"brand","embeddable":true,"href":"https:\/\/www.capgemini.com\/ar-es\/wp-json\/wp\/v2\/brand?post=5588"},{"taxonomy":"partner_type","embeddable":true,"href":"https:\/\/www.capgemini.com\/ar-es\/wp-json\/wp\/v2\/partner_type?post=5588"},{"taxonomy":"service","embeddable":true,"href":"https:\/\/www.capgemini.com\/ar-es\/wp-json\/wp\/v2\/service?post=5588"},{"taxonomy":"industry","embeddable":true,"href":"https:\/\/www.capgemini.com\/ar-es\/wp-json\/wp\/v2\/industry?post=5588"},{"taxonomy":"partners","embeddable":true,"href":"https:\/\/www.capgemini.com\/ar-es\/wp-json\/wp\/v2\/partners?post=5588"},{"taxonomy":"page-type","embeddable":true,"href":"https:\/\/www.capgemini.com\/ar-es\/wp-json\/wp\/v2\/page-type?post=5588"},{"taxonomy":"content-group","embeddable":true,"href":"https:\/\/www.capgemini.com\/ar-es\/wp-json\/wp\/v2\/content-group?post=5588"}],"curies":[{"name":"wp","href":"https:\/\/api.w.org\/{rel}","templated":true}]}}