{"id":5587,"date":"2021-12-07T10:28:37","date_gmt":"2021-12-07T10:28:37","guid":{"rendered":"https:\/\/www.capgemini.com\/?page_id=639183"},"modified":"2025-03-28T06:38:02","modified_gmt":"2025-03-28T06:38:02","slug":"politica-anticorrupcion","status":"publish","type":"page","link":"https:\/\/www.capgemini.com\/ar-es\/sobre-nosotros\/gestion-y-gobierno\/policies\/politica-anticorrupcion\/","title":{"rendered":"Pol\u00edtica anticorrupci\u00f3n"},"content":{"rendered":"\n<header class=\"wp-block-cg-blocks-hero-reusable is-style-blue-line header heroReusable  \"><div class=\"header-bgs\"><\/div><div class=\"heroPictureCardHeaderShape\"><\/div><div class=\"container\"><div class=\"row\"><div class=\"col-md-12\"><div class=\"box\"><div class=\"boxTagWrapper\"><div class=\"tagInfo\"><div><span class=\"box-tag\">Pol\u00edtica<\/span><\/div><\/div><\/div><div class=\"box-title\"><h1 data-maxlength=\"34\">Pol\u00edtica anticorrupci\u00f3n<\/h1><\/div><div class=\"inner-row-insight download-btn\"><div class=\"col-md-4 downloadFiles addPadding\"><a class=\"button-download--small\" type=\"download\" href=\"https:\/\/www.capgemini.com\/wp-content\/uploads\/2021\/12\/210212_GACP_v3_English.pdf\" target=\"_blank\" rel=\"noopener noreferrer\" title=\"abrir en una nueva ventana\"><span>Descargar la pol\u00edtica<\/span><span class=\"type\">534 KB  pdf<\/span><\/a><\/div><\/div><\/div><\/div><\/div><\/div><\/header>\n\n\n\n<section class=\"wp-block-cg-blocks-group undefined section section--article-content\"><div class=\"article-main-content\"><div class=\"container\"><div class=\"row\"><div class=\"col-12 col-md-11 col-lg-10 offset-md-1 offset-lg-1\"><div class=\"article-text article-quote-text\">\n<h3 class=\"wp-block-heading\" id=\"h-como-empresa-responsable-y-etica-capgemini-tiene-tolerancia-cero-con-la-corrupcion\">Como empresa responsable y \u00e9tica, Capgemini tiene tolerancia cero con la corrupci\u00f3n.<\/h3>\n\n\n\n<p>Firmamos voluntariamente el Pacto Mundial de las Naciones Unidas en 2004, comprometi\u00e9ndonos a \u201ctrabajar contra la corrupci\u00f3n en todas sus formas, incluyendo la extorsi\u00f3n y el soborno\u201d. El Programa y la Pol\u00edtica de Cumplimiento Anticorrupci\u00f3n de nuestro Grupo son parte de este compromiso de mantener y promover est\u00e1ndares de primer nivel de integridad y confianza empresarial, dondequiera que operemos.&nbsp;<\/p>\n\n\n\n<h4 class=\"wp-block-heading\" id=\"h-programa-de-cumplimiento-anticorrupcion-del-grupo-nbsp\"><strong><strong>Programa de Cumplimiento Anticorrupci\u00f3n del Grupo<\/strong>&nbsp;<\/strong> <\/h4>\n\n\n\n<p>Para prevenir los riesgos de corrupci\u00f3n y soborno, Capgemini ha implementado un Programa de Cumplimiento Anticorrupci\u00f3n s\u00f3lido y actualizado peri\u00f3dicamente que se ha implementado en todo el Grupo a trav\u00e9s de una organizaci\u00f3n dedicada. Se basa en los siguientes pilares:<\/p>\n\n\n\n<ul class=\"wp-block-list\">\n<li>Compromiso de gesti\u00f3n<\/li>\n\n\n\n<li>Evaluaci\u00f3n de riesgos <\/li>\n\n\n\n<li>Gesti\u00f3n de riesgos&nbsp;<\/li>\n<\/ul>\n\n\n\n<p><\/p>\n\n\n\n<h4 class=\"wp-block-heading\" id=\"h-politica-anticorrupcion-del-grupo\"><strong>Pol\u00edtica Anticorrupci\u00f3n del Grupo<\/strong> <\/h4>\n\n\n\n<p>El Grupo ha establecido una serie de normas y pol\u00edticas claras que promueven la lucha contra la corrupci\u00f3n y el soborno. Si bien el <a href=\"\/ar-es\/sobre-nosotros\/quienes-somos\/our-values\/cultura-etica\/normas-de-conducta-para-proveedores\/\">C\u00f3digo de \u00e9tica empresarial del Grupo<\/a> establece claramente la tolerancia cero del Grupo ante la corrupci\u00f3n, la Pol\u00edtica anticorrupci\u00f3n del Grupo reafirma esta posici\u00f3n y va m\u00e1s all\u00e1. Presenta las principales pr\u00e1cticas corruptas e incluye ejemplos de situaciones de riesgo y c\u00f3mo evitarlas.<\/p>\n\n\n\n<p>Establece los requisitos que se aplican a todos los directores, ejecutivos y empleados de Capgemini en cualquier nivel del Grupo. Por otro lado, se espera que los terceros que interact\u00faen con una empresa del Grupo cumplan con los principios generales presentados. <\/p>\n\n\n\n<p>La pol\u00edtica presenta protocolos a seguir al ofrecer o recibir formaci\u00f3n, comidas, obsequios, viajes y alojamiento de terceros, tanto para el caso de personas privadas como para funcionarios p\u00fablicos. Tambi\u00e9n explica los riesgos y las normas relacionadas con los patrocinios, las donaciones ben\u00e9ficas, los agentes de ventas y los consultores, as\u00ed como el <em>lobbying<\/em>. Las violaciones de la pol\u00edtica son sancionables.&nbsp;<\/p>\n\n\n\n<p>Seguir las normas y reglamentos anticorrupci\u00f3n conduce a mejores negocios y genera confianza, lo que garantiza la sostenibilidad a largo plazo del crecimiento del Grupo. En un mundo cada vez m\u00e1s competitivo, la integridad se ha convertido en un activo valorado por nuestros clientes, socios comerciales, empleados y la sociedad en general.&nbsp;<\/p>\n\n\n\n<h5 class=\"wp-block-heading\" id=\"h-descarga-nuestras-politicas\">Descarga nuestras pol\u00edticas:<\/h5>\n\n\n\n<p><a href=\"https:\/\/www.capgemini.com\/wp-content\/uploads\/2022\/03\/210212_GACP_v3_English.pdf\" target=\"_blank\" rel=\"noreferrer noopener\">EN<\/a> | <a href=\"https:\/\/www.capgemini.com\/wp-content\/uploads\/2022\/03\/210225_GACP_v3_Arabic__Final_.pdf\" target=\"_blank\" rel=\"noreferrer noopener\">AR<\/a> | <a href=\"https:\/\/www.capgemini.com\/wp-content\/uploads\/2022\/03\/210218_GACP_v3_Simplified_Chinese.pdf\" target=\"_blank\" rel=\"noreferrer noopener\">CN(Sim)<\/a> | <a href=\"https:\/\/www.capgemini.com\/wp-content\/uploads\/2022\/03\/210215_GACP_v3_Traditional_Chinese.pdf\" target=\"_blank\" rel=\"noreferrer noopener\">CN(Trad)<\/a> | <a href=\"https:\/\/www.capgemini.com\/wp-content\/uploads\/2022\/03\/210216_GACP_v3_Czech.pdf\" target=\"_blank\" rel=\"noreferrer noopener\">CZ<\/a> | <a href=\"https:\/\/www.capgemini.com\/wp-content\/uploads\/2022\/03\/211228_GACP_v3_Dutch_.pdf\" target=\"_blank\" rel=\"noreferrer noopener\">NL<\/a> | <a href=\"https:\/\/www.capgemini.com\/wp-content\/uploads\/2022\/03\/210212_GACP_v3_French.pdf\" target=\"_blank\" rel=\"noreferrer noopener\">FR<\/a> | <a href=\"https:\/\/www.capgemini.com\/wp-content\/uploads\/2022\/03\/210212_GACP_v3_German.pdf\" target=\"_blank\" rel=\"noreferrer noopener\">DE<\/a> | <a href=\"https:\/\/www.capgemini.com\/wp-content\/uploads\/2022\/03\/210219_GACP_v3_Hungarian.pdf\" target=\"_blank\" rel=\"noreferrer noopener\">HU<\/a> | <a href=\"https:\/\/www.capgemini.com\/wp-content\/uploads\/2022\/03\/210215_GACP_v3_Italian.pdf\" target=\"_blank\" rel=\"noreferrer noopener\">IT<\/a> | <a href=\"https:\/\/www.capgemini.com\/wp-content\/uploads\/2022\/03\/210216_GACP_v3_Japanese.pdf\" target=\"_blank\" rel=\"noreferrer noopener\">JP<\/a> | <a href=\"https:\/\/www.capgemini.com\/wp-content\/uploads\/2022\/03\/210713_GACP_v3_Polish.pdf\" target=\"_blank\" rel=\"noreferrer noopener\">PL<\/a> | <a href=\"https:\/\/www.capgemini.com\/wp-content\/uploads\/2022\/03\/210224_GACP_v3_Portuguese__Final_.pdf\" target=\"_blank\" rel=\"noreferrer noopener\">PT<\/a> | <a href=\"https:\/\/www.capgemini.com\/wp-content\/uploads\/2022\/03\/210216_GACP_v3_Romanian.pdf\" target=\"_blank\" rel=\"noreferrer noopener\">RO<\/a> | <a href=\"https:\/\/www.capgemini.com\/wp-content\/uploads\/2022\/03\/210216_GACP_v3_Russian.pdf\" target=\"_blank\" rel=\"noreferrer noopener\">RU<\/a> | <a href=\"https:\/\/www.capgemini.com\/wp-content\/uploads\/2022\/03\/210216_GACP_v3_Spanish.pdf\" target=\"_blank\" rel=\"noreferrer noopener\">ES<\/a> | <a href=\"https:\/\/www.capgemini.com\/wp-content\/uploads\/2022\/03\/210215_GACP_v3_Vietnamese.pdf\" target=\"_blank\" rel=\"noreferrer noopener\">VN<\/a><s><br><br><\/s><\/p>\n\n\n\n<p><\/p>\n<\/div><\/div><\/div><\/div><\/div><\/section>\n\n\n\n<p><\/p>\n","protected":false},"excerpt":{"rendered":"","protected":false},"author":121,"featured_media":0,"parent":5591,"menu_order":1,"comment_status":"closed","ping_status":"closed","template":"","meta":{"cg_dt_proposed_to":[0],"cg_seo_hreflang_relations":"[]","cg_seo_canonical_relation":"","cg_seo_hreflang_x_default_relation":"{\"uuid\":\"2b5e0692-97c4-4026-92e2-f690a905b796\",\"blogId\":\"\",\"domain\":\"\",\"sitePath\":\"\",\"postLink\":\"\",\"postId\":null,\"isSaved\":true,\"isCrossLink\":false,\"hasCrossLink\":false}","cg_dt_approved_content":false,"cg_dt_mandatory_content":false,"cg_dt_notes":"","cg_dg_source_changed":false,"cg_dt_link_disabled":false,"_yoast_wpseo_primary_brand":"","footnotes":"","featured_focal_points":"","partner_card_description":"","gsap_animation":0},"brand":[],"partner_type":[],"service":[],"industry":[],"partners":[],"page-type":[168],"content-group":[],"class_list":["post-5587","page","type-page","status-publish","hentry","page-type-about-us"],"yoast_head":"<!-- This site is optimized with the Yoast SEO Premium plugin v22.8 (Yoast SEO v22.8) - https:\/\/yoast.com\/wordpress\/plugins\/seo\/ -->\n<title>Pol\u00edtica anticorrupci\u00f3n | Gestion y Gobierno | Capgemini<\/title>\n<meta name=\"description\" content=\"Como empresa responsable y \u00e9tica, Capgemini tiene tolerancia cero con la corrupci\u00f3n.\" \/>\n<meta name=\"robots\" content=\"index, follow, max-snippet:-1, max-image-preview:large, max-video-preview:-1\" \/>\n<link rel=\"canonical\" href=\"https:\/\/www.capgemini.com\/ar-es\/sobre-nosotros\/gestion-y-gobierno\/policies\/politica-anticorrupcion\/\" \/>\n<meta property=\"og:locale\" content=\"es_MX\" \/>\n<meta property=\"og:type\" content=\"article\" \/>\n<meta property=\"og:title\" content=\"Pol\u00edtica anticorrupci\u00f3n\" \/>\n<meta property=\"og:description\" content=\"Como empresa responsable y \u00e9tica, Capgemini tiene tolerancia cero con la corrupci\u00f3n.\" \/>\n<meta property=\"og:url\" content=\"https:\/\/www.capgemini.com\/ar-es\/sobre-nosotros\/gestion-y-gobierno\/policies\/politica-anticorrupcion\/\" \/>\n<meta property=\"og:site_name\" content=\"Capgemini Argentina\" \/>\n<meta property=\"article:modified_time\" content=\"2025-03-28T06:38:02+00:00\" \/>\n<meta property=\"og:image\" content=\"https:\/\/www.capgemini.com\/ar-es\/wp-content\/uploads\/sites\/9\/2025\/10\/New-Web-preview-global.jpg\" \/>\n\t<meta property=\"og:image:width\" content=\"1200\" \/>\n\t<meta property=\"og:image:height\" content=\"627\" \/>\n\t<meta property=\"og:image:type\" content=\"image\/jpeg\" \/>\n<meta name=\"twitter:card\" content=\"summary_large_image\" \/>\n<script type=\"application\/ld+json\" class=\"yoast-schema-graph\">{\"@context\":\"https:\/\/schema.org\",\"@graph\":[{\"@type\":\"WebPage\",\"@id\":\"https:\/\/www.capgemini.com\/ar-es\/sobre-nosotros\/gestion-y-gobierno\/policies\/politica-anticorrupcion\/\",\"url\":\"https:\/\/www.capgemini.com\/ar-es\/sobre-nosotros\/gestion-y-gobierno\/policies\/politica-anticorrupcion\/\",\"name\":\"Pol\u00edtica anticorrupci\u00f3n | Gestion y Gobierno | Capgemini\",\"isPartOf\":{\"@id\":\"https:\/\/www.capgemini.com\/ar-es\/#website\"},\"datePublished\":\"2021-12-07T10:28:37+00:00\",\"dateModified\":\"2025-03-28T06:38:02+00:00\",\"description\":\"Como empresa responsable y \u00e9tica, Capgemini tiene tolerancia cero con la corrupci\u00f3n.\",\"breadcrumb\":{\"@id\":\"https:\/\/www.capgemini.com\/ar-es\/sobre-nosotros\/gestion-y-gobierno\/policies\/politica-anticorrupcion\/#breadcrumb\"},\"inLanguage\":\"es-MX\",\"potentialAction\":[{\"@type\":\"ReadAction\",\"target\":[\"https:\/\/www.capgemini.com\/ar-es\/sobre-nosotros\/gestion-y-gobierno\/policies\/politica-anticorrupcion\/\"]}]},{\"@type\":\"BreadcrumbList\",\"@id\":\"https:\/\/www.capgemini.com\/ar-es\/sobre-nosotros\/gestion-y-gobierno\/policies\/politica-anticorrupcion\/#breadcrumb\",\"itemListElement\":[{\"@type\":\"ListItem\",\"position\":1,\"name\":\"Home\",\"item\":\"https:\/\/www.capgemini.com\/ar-es\/\"},{\"@type\":\"ListItem\",\"position\":2,\"name\":\"Sobre nosotros\",\"item\":\"https:\/\/www.capgemini.com\/ar-es\/sobre-nosotros\/\"},{\"@type\":\"ListItem\",\"position\":3,\"name\":\"Gesti\u00f3n y gobierno\",\"item\":\"https:\/\/www.capgemini.com\/ar-es\/sobre-nosotros\/gestion-y-gobierno\/\"},{\"@type\":\"ListItem\",\"position\":4,\"name\":\"Pol\u00edticas\",\"item\":\"https:\/\/www.capgemini.com\/ar-es\/sobre-nosotros\/gestion-y-gobierno\/politicas\/\"},{\"@type\":\"ListItem\",\"position\":5,\"name\":\"Pol\u00edtica anticorrupci\u00f3n\"}]},{\"@type\":\"WebSite\",\"@id\":\"https:\/\/www.capgemini.com\/ar-es\/#website\",\"url\":\"https:\/\/www.capgemini.com\/ar-es\/\",\"name\":\"Capgemini Argentina\",\"description\":\"Capgemini\",\"potentialAction\":[{\"@type\":\"SearchAction\",\"target\":{\"@type\":\"EntryPoint\",\"urlTemplate\":\"https:\/\/www.capgemini.com\/ar-es\/?s={search_term_string}\"},\"query-input\":\"required name=search_term_string\"}],\"inLanguage\":\"es-MX\"}]}<\/script>\n<!-- \/ Yoast SEO Premium plugin. -->","yoast_head_json":{"title":"Pol\u00edtica anticorrupci\u00f3n | Gestion y Gobierno | Capgemini","description":"Como empresa responsable y \u00e9tica, Capgemini tiene tolerancia cero con la corrupci\u00f3n.","robots":{"index":"index","follow":"follow","max-snippet":"max-snippet:-1","max-image-preview":"max-image-preview:large","max-video-preview":"max-video-preview:-1"},"canonical":"https:\/\/www.capgemini.com\/ar-es\/sobre-nosotros\/gestion-y-gobierno\/policies\/politica-anticorrupcion\/","og_locale":"es_MX","og_type":"article","og_title":"Pol\u00edtica anticorrupci\u00f3n","og_description":"Como empresa responsable y \u00e9tica, Capgemini tiene tolerancia cero con la corrupci\u00f3n.","og_url":"https:\/\/www.capgemini.com\/ar-es\/sobre-nosotros\/gestion-y-gobierno\/policies\/politica-anticorrupcion\/","og_site_name":"Capgemini Argentina","article_modified_time":"2025-03-28T06:38:02+00:00","og_image":[{"width":1200,"height":627,"url":"https:\/\/www.capgemini.com\/ar-es\/wp-content\/uploads\/sites\/9\/2025\/10\/New-Web-preview-global.jpg","type":"image\/jpeg"}],"twitter_card":"summary_large_image","schema":{"@context":"https:\/\/schema.org","@graph":[{"@type":"WebPage","@id":"https:\/\/www.capgemini.com\/ar-es\/sobre-nosotros\/gestion-y-gobierno\/policies\/politica-anticorrupcion\/","url":"https:\/\/www.capgemini.com\/ar-es\/sobre-nosotros\/gestion-y-gobierno\/policies\/politica-anticorrupcion\/","name":"Pol\u00edtica anticorrupci\u00f3n | Gestion y Gobierno | Capgemini","isPartOf":{"@id":"https:\/\/www.capgemini.com\/ar-es\/#website"},"datePublished":"2021-12-07T10:28:37+00:00","dateModified":"2025-03-28T06:38:02+00:00","description":"Como empresa responsable y \u00e9tica, Capgemini tiene tolerancia cero con la corrupci\u00f3n.","breadcrumb":{"@id":"https:\/\/www.capgemini.com\/ar-es\/sobre-nosotros\/gestion-y-gobierno\/policies\/politica-anticorrupcion\/#breadcrumb"},"inLanguage":"es-MX","potentialAction":[{"@type":"ReadAction","target":["https:\/\/www.capgemini.com\/ar-es\/sobre-nosotros\/gestion-y-gobierno\/policies\/politica-anticorrupcion\/"]}]},{"@type":"BreadcrumbList","@id":"https:\/\/www.capgemini.com\/ar-es\/sobre-nosotros\/gestion-y-gobierno\/policies\/politica-anticorrupcion\/#breadcrumb","itemListElement":[{"@type":"ListItem","position":1,"name":"Home","item":"https:\/\/www.capgemini.com\/ar-es\/"},{"@type":"ListItem","position":2,"name":"Sobre nosotros","item":"https:\/\/www.capgemini.com\/ar-es\/sobre-nosotros\/"},{"@type":"ListItem","position":3,"name":"Gesti\u00f3n y gobierno","item":"https:\/\/www.capgemini.com\/ar-es\/sobre-nosotros\/gestion-y-gobierno\/"},{"@type":"ListItem","position":4,"name":"Pol\u00edticas","item":"https:\/\/www.capgemini.com\/ar-es\/sobre-nosotros\/gestion-y-gobierno\/politicas\/"},{"@type":"ListItem","position":5,"name":"Pol\u00edtica anticorrupci\u00f3n"}]},{"@type":"WebSite","@id":"https:\/\/www.capgemini.com\/ar-es\/#website","url":"https:\/\/www.capgemini.com\/ar-es\/","name":"Capgemini Argentina","description":"Capgemini","potentialAction":[{"@type":"SearchAction","target":{"@type":"EntryPoint","urlTemplate":"https:\/\/www.capgemini.com\/ar-es\/?s={search_term_string}"},"query-input":"required name=search_term_string"}],"inLanguage":"es-MX"}]}},"brand_term":[],"parsely":{"version":"1.1.0","canonical_url":"https:\/\/capgemini.com\/ar-es\/sobre-nosotros\/gestion-y-gobierno\/policies\/politica-anticorrupcion\/","smart_links":{"inbound":0,"outbound":0},"traffic_boost_suggestions_count":0,"meta":{"@context":"https:\/\/schema.org","@type":"WebPage","headline":"Pol\u00edtica anticorrupci\u00f3n","url":"https:\/\/www.capgemini.com\/ar-es\/sobre-nosotros\/gestion-y-gobierno\/policies\/politica-anticorrupcion\/","mainEntityOfPage":{"@type":"WebPage","@id":"https:\/\/www.capgemini.com\/ar-es\/sobre-nosotros\/gestion-y-gobierno\/policies\/politica-anticorrupcion\/"},"thumbnailUrl":"","image":{"@type":"ImageObject","url":""},"articleSection":"Uncategorized","author":[],"creator":[],"publisher":{"@type":"Organization","name":"Capgemini Argentina","logo":""},"keywords":[],"dateCreated":"2021-12-07T10:28:37Z","datePublished":"2021-12-07T10:28:37Z","dateModified":"2025-03-28T06:38:02Z"},"rendered":"<meta name=\"parsely-title\" content=\"Pol\u00edtica anticorrupci\u00f3n\" \/>\n<meta name=\"parsely-link\" content=\"https:\/\/www.capgemini.com\/ar-es\/sobre-nosotros\/gestion-y-gobierno\/policies\/politica-anticorrupcion\/\" \/>\n<meta name=\"parsely-type\" content=\"index\" \/>\n<meta name=\"parsely-pub-date\" content=\"2021-12-07T10:28:37Z\" \/>\n<meta name=\"parsely-section\" content=\"Uncategorized\" \/>","tracker_url":"https:\/\/cdn.parsely.com\/keys\/capgemini.com\/p.js"},"archive_status":false,"featured_image_src":"https:\/\/www.capgemini.com\/ar-es\/wp-content\/themes\/capgemini2025\/assets\/images\/mockup.png","featured_image_alt":false,"jetpack_sharing_enabled":true,"distributor_meta":false,"distributor_terms":false,"distributor_media":false,"distributor_original_site_name":"Capgemini Argentina","distributor_original_site_url":"https:\/\/www.capgemini.com\/ar-es","push-errors":false,"_links":{"self":[{"href":"https:\/\/www.capgemini.com\/ar-es\/wp-json\/wp\/v2\/pages\/5587","targetHints":{"allow":["GET"]}}],"collection":[{"href":"https:\/\/www.capgemini.com\/ar-es\/wp-json\/wp\/v2\/pages"}],"about":[{"href":"https:\/\/www.capgemini.com\/ar-es\/wp-json\/wp\/v2\/types\/page"}],"author":[{"embeddable":true,"href":"https:\/\/www.capgemini.com\/ar-es\/wp-json\/wp\/v2\/users\/121"}],"replies":[{"embeddable":true,"href":"https:\/\/www.capgemini.com\/ar-es\/wp-json\/wp\/v2\/comments?post=5587"}],"version-history":[{"count":11,"href":"https:\/\/www.capgemini.com\/ar-es\/wp-json\/wp\/v2\/pages\/5587\/revisions"}],"predecessor-version":[{"id":516040,"href":"https:\/\/www.capgemini.com\/ar-es\/wp-json\/wp\/v2\/pages\/5587\/revisions\/516040"}],"up":[{"embeddable":true,"href":"https:\/\/www.capgemini.com\/ar-es\/wp-json\/wp\/v2\/pages\/5591"}],"wp:attachment":[{"href":"https:\/\/www.capgemini.com\/ar-es\/wp-json\/wp\/v2\/media?parent=5587"}],"wp:term":[{"taxonomy":"brand","embeddable":true,"href":"https:\/\/www.capgemini.com\/ar-es\/wp-json\/wp\/v2\/brand?post=5587"},{"taxonomy":"partner_type","embeddable":true,"href":"https:\/\/www.capgemini.com\/ar-es\/wp-json\/wp\/v2\/partner_type?post=5587"},{"taxonomy":"service","embeddable":true,"href":"https:\/\/www.capgemini.com\/ar-es\/wp-json\/wp\/v2\/service?post=5587"},{"taxonomy":"industry","embeddable":true,"href":"https:\/\/www.capgemini.com\/ar-es\/wp-json\/wp\/v2\/industry?post=5587"},{"taxonomy":"partners","embeddable":true,"href":"https:\/\/www.capgemini.com\/ar-es\/wp-json\/wp\/v2\/partners?post=5587"},{"taxonomy":"page-type","embeddable":true,"href":"https:\/\/www.capgemini.com\/ar-es\/wp-json\/wp\/v2\/page-type?post=5587"},{"taxonomy":"content-group","embeddable":true,"href":"https:\/\/www.capgemini.com\/ar-es\/wp-json\/wp\/v2\/content-group?post=5587"}],"curies":[{"name":"wp","href":"https:\/\/api.w.org\/{rel}","templated":true}]}}