{"id":5539,"date":"2023-01-06T04:40:10","date_gmt":"2023-01-06T04:40:10","guid":{"rendered":"https:\/\/www.capgemini.com\/?page_id=645736"},"modified":"2025-03-28T05:06:41","modified_gmt":"2025-03-28T05:06:41","slug":"890-por-capgemini","status":"publish","type":"page","link":"https:\/\/www.capgemini.com\/ar-es\/solutions\/890-por-capgemini\/","title":{"rendered":"890 por Capgemini"},"content":{"rendered":"\n<header class=\"wp-block-cg-blocks-hero-reusable is-style-blue-line header heroReusable  \"><div class=\"header-bgs\"><picture><source srcset=\"https:\/\/www.capgemini.com\/wp-content\/uploads\/2021\/12\/Capgemini_Data-andAI_890.jpg?w=2880&amp;quality=70 1x, https:\/\/www.capgemini.com\/wp-content\/uploads\/2021\/12\/Capgemini_Data-andAI_890.jpg?w=2880&amp;quality=70 2x\" media=\"(min-width: 1500px)\"\/><source srcset=\"https:\/\/www.capgemini.com\/wp-content\/uploads\/2021\/12\/Capgemini_Data-andAI_890.jpg?w=1440&amp;quality=70 1x, https:\/\/www.capgemini.com\/wp-content\/uploads\/2021\/12\/Capgemini_Data-andAI_890.jpg?w=2880&amp;quality=70 2x\" media=\"(min-width: 992px)\"\/><source srcset=\"https:\/\/www.capgemini.com\/wp-content\/uploads\/2021\/12\/Capgemini_Data-andAI_890.jpg?w=1024&amp;quality=70 1x, https:\/\/www.capgemini.com\/wp-content\/uploads\/2021\/12\/Capgemini_Data-andAI_890.jpg?w=1024&amp;quality=70 2x\" media=\"(min-width: 768px)\"\/><source srcset=\"https:\/\/www.capgemini.com\/wp-content\/uploads\/2021\/12\/Capgemini_Data-andAI_890.jpg?w=768&amp;quality=70 1x, https:\/\/www.capgemini.com\/wp-content\/uploads\/2021\/12\/Capgemini_Data-andAI_890.jpg?w=768&amp;quality=70 2x\" media=\"(min-width: 0)\"\/><img decoding=\"async\" src=\"https:\/\/www.capgemini.com\/wp-content\/uploads\/2021\/12\/Capgemini_Data-andAI_890.jpg\" class=\"header-img header-img-d\" alt=\"\" style=\"object-fit:cover;object-position:51% 32%\" loading=\"eager\"\/><\/picture><\/div><div class=\"heroPictureCardHeaderShape\"><\/div><div class=\"container\"><div class=\"row\"><div class=\"col-md-12\"><div class=\"box\"><div class=\"boxTagWrapper\"><div class=\"tagInfo\"><div><span class=\"box-tag\">Solution<\/span><\/div><\/div><\/div><div class=\"box-title\"><h1 data-maxlength=\"34\">890 por Capgemini<\/h1><\/div><div class=\"inner-row-insight download-btn\"><div class=\"col-md-4 downloadFiles addPadding\"><a class=\"button-download--small\" type=\"download\" href=\"https:\/\/www.capgemini.com\/wp-content\/uploads\/2022\/05\/890-by-Capgemini.pdf\" target=\"_blank\" rel=\"noopener noreferrer\" title=\"abrir en una nueva ventana\"><span>Download brochure<\/span><span class=\"type\">16 MB  pdf<\/span><\/a><\/div><\/div><\/div><\/div><\/div><\/div><\/header>\n\n\n\n<section class=\"wp-block-cg-blocks-intro-para undefined section section--intro\"><div class=\"intro-para\"><div class=\"container\"><div class=\"row\"><div class=\"col-12 col-md-1\"><nav class=\"article-social\"><ul class=\"social-nav\"><li class=\"ip-order-fb\"><a href=\"https:\/\/www.facebook.com\/sharer\/sharer.php?u=https:\/\/www.capgemini.com\/ar-es\/solutions\/890-por-capgemini\/\" target=\"_blank\" rel=\"noopener noreferrer\" title=\"abrir en una nueva ventana\"><i aria-hidden=\"true\" class=\"icon-fb\"><\/i><span class=\"sr-only\">Facebook<\/span><\/a><\/li><li class=\"ip-order-li\"><a href=\"https:\/\/www.linkedin.com\/sharing\/share-offsite\/?url=https:\/\/www.capgemini.com\/ar-es\/solutions\/890-por-capgemini\/\" target=\"_blank\" rel=\"noopener noreferrer\" title=\"abrir en una nueva ventana\"><i aria-hidden=\"true\" class=\"icon-li\"><\/i><span class=\"sr-only\">Linkedin<\/span><\/a><\/li><\/ul><\/nav><\/div><div class=\"col-12 col-md-11 col-lg-10\"><h2 class=\"intro-para-title\">Decisiones basadas en datos, entregadas con confianza.<\/h2><\/div><\/div><\/div><\/div><\/section>\n\n\n\n<section class=\"wp-block-cg-blocks-intro-para-video section section--info-2cols section--insights section-video\"><div class=\"bg-color video-align-left\"><div class=\"container\"><div class=\"row video-align-right\"><div class=\"col-md-12\"><div class=\"video-align-right row box box--4 box--mini\"><div class=\"col-md-1\"><\/div><div class=\"col-md-8 box-img-wrapper\"><div class=\"video-box\"><div class=\"video-wrapper\"><iframe title=\"video-section\" src=\"https:\/\/www.youtube.com\/embed\/L3I4YRUBmWc\" frameborder=\"0\" rel=\"0\" allow=\"accelerometer; autoplay; encrypted-media; gyroscope; picture-in-picture\" allowfullscreen><\/iframe><\/div><\/div><\/div><div class=\"col-md-3\"><h3 class=\"Video-title\" data-maxlength=\"34\">890 por Capgemini<\/h3><div class=\"video-info\"><p data-maxlength=\"68\">Decisiones basadas en datos entregadas con confianza.<\/p><\/div><\/div><div class=\"col-md-1\"><\/div><\/div><\/div><\/div><\/div><\/div><\/section>\n\n\n\n<section class=\"wp-block-cg-blocks-group undefined section section--article-content\"><div class=\"article-main-content\"><div class=\"container\"><div class=\"row\"><div class=\"col-12 col-md-11 col-lg-10 offset-md-1 offset-lg-1\"><div class=\"article-text article-quote-text\">\n<h4 class=\"wp-block-heading\" id=\"h-no-te-quedes-atras-reemplaza-el-misterio-por-maestria\">No te quedes atr\u00e1s, reemplaza el misterio por maestr\u00eda<\/h4>\n\n\n\n<p>Los datos tienen infinitas posibilidades: ahora es el momento de activar todo tu potencial. Conoce los datos que te ayudar\u00e1n a hacer mejores negocios. Aprovecha al m\u00e1ximo los datos. Deja que te informe &nbsp;para que puedas habilitar el cambio, acelerar la toma de decisiones, flexibilizar y crecer a escala, aumentar la eficiencia, automatizar procesos y crear productos que realmente conecten con sus clientes. Ah\u00ed es donde entra en juego 890 de Capgemini. M\u00edranos como habilitadores para tu dominio de los datos.<\/p>\n\n\n\n<div style=\"height:30px\" aria-hidden=\"true\" class=\"wp-block-spacer\"><\/div>\n\n\n\n<figure class=\"wp-block-image\"><img decoding=\"async\" src=\"https:\/\/www.capgemini.com\/wp-content\/uploads\/2019\/10\/Did-you-know_V1-1.png\" alt=\"\" class=\"wp-image-566430\"\/><\/figure>\n\n\n\n<h4 class=\"wp-block-heading\" id=\"h-descubre-lo-desconocido-desde-una-sola-interfaz\"><br>Descubre lo desconocido, desde una sola interfaz<\/h4>\n\n\n\n<p>890 de Capgemini es un activador de la anal\u00edtica de datos. Disponible en cualquier nube y con una sola interfaz, te pone al mando con todo listo para interactuar con el tipo de informaci\u00f3n que brinda resultados comerciales reales, a velocidad y escala.<\/p>\n\n\n\n<div style=\"height:30px\" aria-hidden=\"true\" class=\"wp-block-spacer\"><\/div>\n\n\n\n<h4 class=\"wp-block-heading\" id=\"h-para-dar-grandes-pasos-hacia-adelante-comienza-en-tierra-firme\">Para dar grandes pasos hacia adelante, comienza en tierra firme<\/h4>\n\n\n\n<p>La clave es encontrar los datos adecuados para ti de una forma f\u00e1cil y r\u00e1pidamente. Al combinar un extenso ecosistema de fuentes exclusivas, abiertas y espec\u00edficas de la industria con tus propios datos, podemos ayudarte a crear conocimientos espec\u00edficos que te permitan tomar decisiones clave con confianza. Confiable, robusto y seleccionado seg\u00fan sus necesidades, para que puedas estar m\u00e1s seguro de hacer avanzar tu negocio.<\/p>\n\n\n\n<div style=\"height:30px\" aria-hidden=\"true\" class=\"wp-block-spacer\"><\/div>\n\n\n\n<figure class=\"wp-block-image\"><img decoding=\"async\" src=\"https:\/\/www.capgemini.com\/wp-content\/uploads\/2019\/10\/890_Diagram_v4-web.png\" alt=\"Customer Data Analytics Platform for Business Decision Making - 890 by Capgemini\" class=\"wp-image-590066\"\/><\/figure>\n\n\n\n<div style=\"height:30px\" aria-hidden=\"true\" class=\"wp-block-spacer\"><\/div>\n\n\n\n<h4 class=\"wp-block-heading\" id=\"h-con-890-de-capgemini-la-confianza-conduce-a-resultados\">Con 890 de Capgemini, la confianza conduce a resultados<\/h4>\n\n\n\n<p>Tanto si est\u00e1s comenzando o que est\u00e1s camino de convertirse en un maestro de datos, avanzaremos y aceleraremos tu viaje impulsado por los datos. Un complemento simple con acceso a una multitud din\u00e1mica de intercambios personalizados para ti:<\/p>\n\n\n\n<p><strong><em>Intercambio de ideas<\/em><\/strong><\/p>\n\n\n\n<p>Combina conjuntos de datos confiables y seleccionados de un completo&nbsp;<br>ecosistema de proveedores de datos de terceros y datos internos para crear soluciones basadas en datos y generar conocimientos.<\/p>\n\n\n\n<p><strong><em>Intercambio de ideas&nbsp;<br><\/em><\/strong>Potencia el consumo de soluciones de an\u00e1lisis creadas por expertos que aprovechan los datos internos y externos para impulsar las decisiones comerciales.&nbsp;<\/p>\n\n\n\n<p><strong><em>Intercambio de resultados&nbsp;<\/em><\/strong><br>Facilita los resultados impulsados \u200b\u200bpor el impacto al equiparlo con poderosos servicios anal\u00edticos para mejorar<\/p>\n\n\n\n<div style=\"height:30px\" aria-hidden=\"true\" class=\"wp-block-spacer\"><\/div>\n\n\n\n<h4 class=\"wp-block-heading\" id=\"h-todos-emponderando\">Todos emponderando<\/h4>\n\n\n\n<p>Una interfaz. Una fuente confiable y agregada. Ofreciendo el poder del ahora para los usuarios de la organizaci\u00f3n basada en datos:<\/p>\n\n\n\n<h3 class=\"wp-block-heading has-text-align-center\" id=\"h-\"><img loading=\"lazy\" decoding=\"async\" width=\"960\" height=\"303\" src=\"https:\/\/www.capgemini.com\/wp-content\/uploads\/2019\/10\/icons.png\" alt=\"\"><\/h3>\n\n\n\n<div style=\"height:30px\" aria-hidden=\"true\" class=\"wp-block-spacer\"><\/div>\n\n\n\n<h4 class=\"wp-block-heading\" id=\"h-busca-su-ventaja-competitiva-la-velocidad-cuenta-la-confianza-tambien\">\u00bfBusca su ventaja competitiva? \u2013 La velocidad cuenta, la confianza tambi\u00e9n<\/h4>\n\n\n\n<p>Como era de esperar, estamos respaldados por una s\u00f3lida gobernanza, privacidad, seguridad y cumplimiento. Y como era de esperar, estamos respaldados por una s\u00f3lida gobernanza, privacidad, seguridad y cumplimiento. Y capaz de integrarse r\u00e1pidamente y sin problemas en su ecosistema digital y plataforma de datos existentes, activando datos confiables para avanzar y mantenerse a la vanguardia.<\/p>\n\n\n\n<div style=\"height:30px\" aria-hidden=\"true\" class=\"wp-block-spacer\"><\/div>\n\n\n\n<h4 class=\"wp-block-heading\" id=\"h-asi-que-preguntate-con-que-decision-comercial-podemos-ayudarte-hoy\">As\u00ed que preg\u00fantate, \u00bfcon qu\u00e9 decisi\u00f3n comercial podemos ayudarte hoy?<\/h4>\n<\/div><\/div><\/div><\/div><\/div><\/section>\n","protected":false},"excerpt":{"rendered":"","protected":false},"author":151,"featured_media":0,"parent":5720,"menu_order":0,"comment_status":"closed","ping_status":"closed","template":"","meta":{"cg_dt_proposed_to":[0],"cg_seo_hreflang_relations":"[]","cg_seo_canonical_relation":"","cg_seo_hreflang_x_default_relation":"","cg_dt_approved_content":false,"cg_dt_mandatory_content":false,"cg_dt_notes":"","cg_dg_source_changed":false,"cg_dt_link_disabled":false,"_yoast_wpseo_primary_brand":"","footnotes":"","featured_focal_points":"","partner_card_description":"","gsap_animation":0},"brand":[],"partner_type":[],"service":[],"industry":[],"partners":[],"page-type":[167],"content-group":[],"class_list":["post-5539","page","type-page","status-publish","hentry","page-type-solutions"],"yoast_head":"<!-- This site is optimized with the Yoast SEO Premium plugin v22.8 (Yoast SEO v22.8) - https:\/\/yoast.com\/wordpress\/plugins\/seo\/ -->\n<title>890 por Capgemini | Capgemini<\/title>\n<meta name=\"description\" content=\"Es el momento de activar todo tu potencial. Conoce los datos que te ayudar\u00e1n a hacer mejores negocios. Capgemini te ayuda a aprovechar al m\u00e1ximo los datos\" \/>\n<meta name=\"robots\" content=\"index, follow, max-snippet:-1, max-image-preview:large, max-video-preview:-1\" \/>\n<link rel=\"canonical\" href=\"https:\/\/www.capgemini.com\/ar-es\/solutions\/890-por-capgemini\/\" \/>\n<meta property=\"og:locale\" content=\"es_MX\" \/>\n<meta property=\"og:type\" content=\"article\" \/>\n<meta property=\"og:title\" content=\"890 por Capgemini\" \/>\n<meta property=\"og:description\" content=\"Es el momento de activar todo tu potencial. Conoce los datos que te ayudar\u00e1n a hacer mejores negocios. Capgemini te ayuda a aprovechar al m\u00e1ximo los datos\" \/>\n<meta property=\"og:url\" content=\"https:\/\/www.capgemini.com\/ar-es\/solutions\/890-por-capgemini\/\" \/>\n<meta property=\"og:site_name\" content=\"Capgemini Argentina\" \/>\n<meta property=\"article:modified_time\" content=\"2025-03-28T05:06:41+00:00\" \/>\n<meta property=\"og:image\" content=\"https:\/\/www.capgemini.com\/wp-content\/uploads\/2021\/12\/Capgemini_Data-andAI_890.jpg\" \/>\n<meta name=\"twitter:card\" content=\"summary_large_image\" \/>\n<meta name=\"twitter:label1\" content=\"Est. reading time\" \/>\n\t<meta name=\"twitter:data1\" content=\"3 minutes\" \/>\n<script type=\"application\/ld+json\" class=\"yoast-schema-graph\">{\"@context\":\"https:\/\/schema.org\",\"@graph\":[{\"@type\":\"WebPage\",\"@id\":\"https:\/\/www.capgemini.com\/ar-es\/solutions\/890-por-capgemini\/\",\"url\":\"https:\/\/www.capgemini.com\/ar-es\/solutions\/890-por-capgemini\/\",\"name\":\"890 por Capgemini | Capgemini\",\"isPartOf\":{\"@id\":\"https:\/\/www.capgemini.com\/ar-es\/#website\"},\"primaryImageOfPage\":{\"@id\":\"https:\/\/www.capgemini.com\/ar-es\/solutions\/890-por-capgemini\/#primaryimage\"},\"image\":{\"@id\":\"https:\/\/www.capgemini.com\/ar-es\/solutions\/890-por-capgemini\/#primaryimage\"},\"thumbnailUrl\":\"https:\/\/www.capgemini.com\/wp-content\/uploads\/2021\/12\/Capgemini_Data-andAI_890.jpg\",\"datePublished\":\"2023-01-06T04:40:10+00:00\",\"dateModified\":\"2025-03-28T05:06:41+00:00\",\"description\":\"Es el momento de activar todo tu potencial. Conoce los datos que te ayudar\u00e1n a hacer mejores negocios. Capgemini te ayuda a aprovechar al m\u00e1ximo los datos\",\"breadcrumb\":{\"@id\":\"https:\/\/www.capgemini.com\/ar-es\/solutions\/890-por-capgemini\/#breadcrumb\"},\"inLanguage\":\"es-MX\",\"potentialAction\":[{\"@type\":\"ReadAction\",\"target\":[\"https:\/\/www.capgemini.com\/ar-es\/solutions\/890-por-capgemini\/\"]}]},{\"@type\":\"ImageObject\",\"inLanguage\":\"es-MX\",\"@id\":\"https:\/\/www.capgemini.com\/ar-es\/solutions\/890-por-capgemini\/#primaryimage\",\"url\":\"https:\/\/www.capgemini.com\/wp-content\/uploads\/2021\/12\/Capgemini_Data-andAI_890.jpg\",\"contentUrl\":\"https:\/\/www.capgemini.com\/wp-content\/uploads\/2021\/12\/Capgemini_Data-andAI_890.jpg\"},{\"@type\":\"BreadcrumbList\",\"@id\":\"https:\/\/www.capgemini.com\/ar-es\/solutions\/890-por-capgemini\/#breadcrumb\",\"itemListElement\":[{\"@type\":\"ListItem\",\"position\":1,\"name\":\"Home\",\"item\":\"https:\/\/www.capgemini.com\/ar-es\/\"},{\"@type\":\"ListItem\",\"position\":2,\"name\":\"Solutions\",\"item\":\"https:\/\/www.capgemini.com\/ar-es\/?page_id=5720&preview_id=5720\"},{\"@type\":\"ListItem\",\"position\":3,\"name\":\"890 por Capgemini\"}]},{\"@type\":\"WebSite\",\"@id\":\"https:\/\/www.capgemini.com\/ar-es\/#website\",\"url\":\"https:\/\/www.capgemini.com\/ar-es\/\",\"name\":\"Capgemini Argentina\",\"description\":\"Capgemini\",\"potentialAction\":[{\"@type\":\"SearchAction\",\"target\":{\"@type\":\"EntryPoint\",\"urlTemplate\":\"https:\/\/www.capgemini.com\/ar-es\/?s={search_term_string}\"},\"query-input\":\"required name=search_term_string\"}],\"inLanguage\":\"es-MX\"}]}<\/script>\n<!-- \/ Yoast SEO Premium plugin. -->","yoast_head_json":{"title":"890 por Capgemini | Capgemini","description":"Es el momento de activar todo tu potencial. Conoce los datos que te ayudar\u00e1n a hacer mejores negocios. Capgemini te ayuda a aprovechar al m\u00e1ximo los datos","robots":{"index":"index","follow":"follow","max-snippet":"max-snippet:-1","max-image-preview":"max-image-preview:large","max-video-preview":"max-video-preview:-1"},"canonical":"https:\/\/www.capgemini.com\/ar-es\/solutions\/890-por-capgemini\/","og_locale":"es_MX","og_type":"article","og_title":"890 por Capgemini","og_description":"Es el momento de activar todo tu potencial. Conoce los datos que te ayudar\u00e1n a hacer mejores negocios. Capgemini te ayuda a aprovechar al m\u00e1ximo los datos","og_url":"https:\/\/www.capgemini.com\/ar-es\/solutions\/890-por-capgemini\/","og_site_name":"Capgemini Argentina","article_modified_time":"2025-03-28T05:06:41+00:00","og_image":[{"url":"https:\/\/www.capgemini.com\/wp-content\/uploads\/2021\/12\/Capgemini_Data-andAI_890.jpg"}],"twitter_card":"summary_large_image","twitter_misc":{"Est. reading time":"3 minutes"},"schema":{"@context":"https:\/\/schema.org","@graph":[{"@type":"WebPage","@id":"https:\/\/www.capgemini.com\/ar-es\/solutions\/890-por-capgemini\/","url":"https:\/\/www.capgemini.com\/ar-es\/solutions\/890-por-capgemini\/","name":"890 por Capgemini | Capgemini","isPartOf":{"@id":"https:\/\/www.capgemini.com\/ar-es\/#website"},"primaryImageOfPage":{"@id":"https:\/\/www.capgemini.com\/ar-es\/solutions\/890-por-capgemini\/#primaryimage"},"image":{"@id":"https:\/\/www.capgemini.com\/ar-es\/solutions\/890-por-capgemini\/#primaryimage"},"thumbnailUrl":"https:\/\/www.capgemini.com\/wp-content\/uploads\/2021\/12\/Capgemini_Data-andAI_890.jpg","datePublished":"2023-01-06T04:40:10+00:00","dateModified":"2025-03-28T05:06:41+00:00","description":"Es el momento de activar todo tu potencial. Conoce los datos que te ayudar\u00e1n a hacer mejores negocios. Capgemini te ayuda a aprovechar al m\u00e1ximo los datos","breadcrumb":{"@id":"https:\/\/www.capgemini.com\/ar-es\/solutions\/890-por-capgemini\/#breadcrumb"},"inLanguage":"es-MX","potentialAction":[{"@type":"ReadAction","target":["https:\/\/www.capgemini.com\/ar-es\/solutions\/890-por-capgemini\/"]}]},{"@type":"ImageObject","inLanguage":"es-MX","@id":"https:\/\/www.capgemini.com\/ar-es\/solutions\/890-por-capgemini\/#primaryimage","url":"https:\/\/www.capgemini.com\/wp-content\/uploads\/2021\/12\/Capgemini_Data-andAI_890.jpg","contentUrl":"https:\/\/www.capgemini.com\/wp-content\/uploads\/2021\/12\/Capgemini_Data-andAI_890.jpg"},{"@type":"BreadcrumbList","@id":"https:\/\/www.capgemini.com\/ar-es\/solutions\/890-por-capgemini\/#breadcrumb","itemListElement":[{"@type":"ListItem","position":1,"name":"Home","item":"https:\/\/www.capgemini.com\/ar-es\/"},{"@type":"ListItem","position":2,"name":"Solutions","item":"https:\/\/www.capgemini.com\/ar-es\/?page_id=5720&preview_id=5720"},{"@type":"ListItem","position":3,"name":"890 por Capgemini"}]},{"@type":"WebSite","@id":"https:\/\/www.capgemini.com\/ar-es\/#website","url":"https:\/\/www.capgemini.com\/ar-es\/","name":"Capgemini Argentina","description":"Capgemini","potentialAction":[{"@type":"SearchAction","target":{"@type":"EntryPoint","urlTemplate":"https:\/\/www.capgemini.com\/ar-es\/?s={search_term_string}"},"query-input":"required name=search_term_string"}],"inLanguage":"es-MX"}]}},"brand_term":[],"parsely":{"version":"1.1.0","canonical_url":"https:\/\/capgemini.com\/ar-es\/solutions\/890-por-capgemini\/","smart_links":{"inbound":0,"outbound":0},"traffic_boost_suggestions_count":0,"meta":{"@context":"https:\/\/schema.org","@type":"WebPage","headline":"890 por Capgemini","url":"https:\/\/www.capgemini.com\/ar-es\/solutions\/890-por-capgemini\/","mainEntityOfPage":{"@type":"WebPage","@id":"https:\/\/www.capgemini.com\/ar-es\/solutions\/890-por-capgemini\/"},"thumbnailUrl":"","image":{"@type":"ImageObject","url":""},"articleSection":"Uncategorized","author":[],"creator":[],"publisher":{"@type":"Organization","name":"Capgemini Argentina","logo":""},"keywords":[],"dateCreated":"2023-01-06T04:40:10Z","datePublished":"2023-01-06T04:40:10Z","dateModified":"2025-03-28T05:06:41Z"},"rendered":"<meta name=\"parsely-title\" content=\"890 por Capgemini\" \/>\n<meta name=\"parsely-link\" content=\"https:\/\/www.capgemini.com\/ar-es\/solutions\/890-por-capgemini\/\" \/>\n<meta name=\"parsely-type\" content=\"index\" \/>\n<meta name=\"parsely-pub-date\" content=\"2023-01-06T04:40:10Z\" \/>\n<meta name=\"parsely-section\" content=\"Uncategorized\" \/>","tracker_url":"https:\/\/cdn.parsely.com\/keys\/capgemini.com\/p.js"},"archive_status":false,"featured_image_src":"https:\/\/www.capgemini.com\/ar-es\/wp-content\/themes\/capgemini2025\/assets\/images\/mockup.png","featured_image_alt":false,"jetpack_sharing_enabled":true,"distributor_meta":false,"distributor_terms":false,"distributor_media":false,"distributor_original_site_name":"Capgemini Argentina","distributor_original_site_url":"https:\/\/www.capgemini.com\/ar-es","push-errors":false,"_links":{"self":[{"href":"https:\/\/www.capgemini.com\/ar-es\/wp-json\/wp\/v2\/pages\/5539","targetHints":{"allow":["GET"]}}],"collection":[{"href":"https:\/\/www.capgemini.com\/ar-es\/wp-json\/wp\/v2\/pages"}],"about":[{"href":"https:\/\/www.capgemini.com\/ar-es\/wp-json\/wp\/v2\/types\/page"}],"author":[{"embeddable":true,"href":"https:\/\/www.capgemini.com\/ar-es\/wp-json\/wp\/v2\/users\/151"}],"replies":[{"embeddable":true,"href":"https:\/\/www.capgemini.com\/ar-es\/wp-json\/wp\/v2\/comments?post=5539"}],"version-history":[{"count":7,"href":"https:\/\/www.capgemini.com\/ar-es\/wp-json\/wp\/v2\/pages\/5539\/revisions"}],"predecessor-version":[{"id":515811,"href":"https:\/\/www.capgemini.com\/ar-es\/wp-json\/wp\/v2\/pages\/5539\/revisions\/515811"}],"up":[{"embeddable":true,"href":"https:\/\/www.capgemini.com\/ar-es\/wp-json\/wp\/v2\/pages\/5720"}],"wp:attachment":[{"href":"https:\/\/www.capgemini.com\/ar-es\/wp-json\/wp\/v2\/media?parent=5539"}],"wp:term":[{"taxonomy":"brand","embeddable":true,"href":"https:\/\/www.capgemini.com\/ar-es\/wp-json\/wp\/v2\/brand?post=5539"},{"taxonomy":"partner_type","embeddable":true,"href":"https:\/\/www.capgemini.com\/ar-es\/wp-json\/wp\/v2\/partner_type?post=5539"},{"taxonomy":"service","embeddable":true,"href":"https:\/\/www.capgemini.com\/ar-es\/wp-json\/wp\/v2\/service?post=5539"},{"taxonomy":"industry","embeddable":true,"href":"https:\/\/www.capgemini.com\/ar-es\/wp-json\/wp\/v2\/industry?post=5539"},{"taxonomy":"partners","embeddable":true,"href":"https:\/\/www.capgemini.com\/ar-es\/wp-json\/wp\/v2\/partners?post=5539"},{"taxonomy":"page-type","embeddable":true,"href":"https:\/\/www.capgemini.com\/ar-es\/wp-json\/wp\/v2\/page-type?post=5539"},{"taxonomy":"content-group","embeddable":true,"href":"https:\/\/www.capgemini.com\/ar-es\/wp-json\/wp\/v2\/content-group?post=5539"}],"curies":[{"name":"wp","href":"https:\/\/api.w.org\/{rel}","templated":true}]}}