{"id":5526,"date":"2022-12-14T09:07:23","date_gmt":"2022-12-14T09:07:23","guid":{"rendered":"https:\/\/www.capgemini.com\/?page_id=646584"},"modified":"2025-03-28T05:20:14","modified_gmt":"2025-03-28T05:20:14","slug":"regulaciones-cumplimiento-y-calidad","status":"publish","type":"page","link":"https:\/\/www.capgemini.com\/ar-es\/solutions\/regulaciones-cumplimiento-y-calidad\/","title":{"rendered":"Regulaciones, cumplimiento y calidad"},"content":{"rendered":"\n<header class=\"wp-block-cg-blocks-hero-reusable header heroReusable  \"><div class=\"header-bgs\"><picture><source srcset=\"https:\/\/www.capgemini.com\/wp-content\/uploads\/2022\/04\/Capgemini_Solutions_Regulatory-Affairs-Compliance-and-Quality.jpg?w=2880&amp;quality=70 1x, https:\/\/www.capgemini.com\/wp-content\/uploads\/2022\/04\/Capgemini_Solutions_Regulatory-Affairs-Compliance-and-Quality.jpg?w=2880&amp;quality=70 2x\" media=\"(min-width: 1500px)\"\/><source srcset=\"https:\/\/www.capgemini.com\/wp-content\/uploads\/2022\/04\/Capgemini_Solutions_Regulatory-Affairs-Compliance-and-Quality.jpg?w=1440&amp;quality=70 1x, https:\/\/www.capgemini.com\/wp-content\/uploads\/2022\/04\/Capgemini_Solutions_Regulatory-Affairs-Compliance-and-Quality.jpg?w=2880&amp;quality=70 2x\" media=\"(min-width: 992px)\"\/><source srcset=\"https:\/\/www.capgemini.com\/wp-content\/uploads\/2022\/04\/Capgemini_Solutions_Regulatory-Affairs-Compliance-and-Quality.jpg?w=1024&amp;quality=70 1x, https:\/\/www.capgemini.com\/wp-content\/uploads\/2022\/04\/Capgemini_Solutions_Regulatory-Affairs-Compliance-and-Quality.jpg?w=1024&amp;quality=70 2x\" media=\"(min-width: 768px)\"\/><source srcset=\"https:\/\/www.capgemini.com\/wp-content\/uploads\/2022\/04\/Capgemini_Solutions_Regulatory-Affairs-Compliance-and-Quality.jpg?w=768&amp;quality=70 1x, https:\/\/www.capgemini.com\/wp-content\/uploads\/2022\/04\/Capgemini_Solutions_Regulatory-Affairs-Compliance-and-Quality.jpg?w=768&amp;quality=70 2x\" media=\"(min-width: 0)\"\/><img decoding=\"async\" src=\"https:\/\/www.capgemini.com\/wp-content\/uploads\/2022\/04\/Capgemini_Solutions_Regulatory-Affairs-Compliance-and-Quality.jpg\" class=\"header-img header-img-d\" alt=\"\" style=\"object-fit:cover;object-position:49% 72%\" loading=\"eager\"\/><\/picture><\/div><div class=\"heroPictureCardHeaderShape\"><\/div><div class=\"container\"><div class=\"row\"><div class=\"col-md-12\"><div class=\"box\"><div class=\"boxTagWrapper\"><div class=\"tagInfo\"><div><span class=\"box-tag\">Solution<\/span><\/div><\/div><\/div><div class=\"box-title\"><h1 data-maxlength=\"34\">Regulaciones, cumplimiento y calidad<\/h1><\/div><div class=\"inner-row-insight download-btn\"><\/div><\/div><\/div><\/div><\/div><\/header>\n\n\n\n<section class=\"wp-block-cg-blocks-intro-para undefined section section--intro\"><div class=\"intro-para\"><div class=\"container\"><div class=\"row\"><div class=\"col-12 col-md-1\"><nav class=\"article-social\"><ul class=\"social-nav\"><li class=\"ip-order-fb\"><a href=\"https:\/\/www.facebook.com\/sharer\/sharer.php?u=https:\/\/www.capgemini.com\/ar-es\/solutions\/regulaciones-cumplimiento-y-calidad\/\" target=\"_blank\" rel=\"noopener noreferrer\" title=\"abrir en una nueva ventana\"><i aria-hidden=\"true\" class=\"icon-fb\"><\/i><span class=\"sr-only\">Facebook<\/span><\/a><\/li><li class=\"ip-order-tw\"><a href=\"https:\/\/twitter.com\/intent\/tweet?url=https:\/\/www.capgemini.com\/ar-es\/solutions\/regulaciones-cumplimiento-y-calidad\/&amp;text=Regulaciones, cumplimiento y calidad\" target=\"_blank\" rel=\"noopener noreferrer\" title=\"abrir en una nueva ventana\"><i aria-hidden=\"true\" class=\"icon-tw\"><\/i><span class=\"sr-only\">Twitter<\/span><\/a><\/li><li class=\"ip-order-li\"><a href=\"https:\/\/www.linkedin.com\/sharing\/share-offsite\/?url=https:\/\/www.capgemini.com\/ar-es\/solutions\/regulaciones-cumplimiento-y-calidad\/&amp;text=Regulaciones, cumplimiento y calidad\" target=\"_blank\" rel=\"noopener noreferrer\" title=\"abrir en una nueva ventana\"><i aria-hidden=\"true\" class=\"icon-li\"><\/i><span class=\"sr-only\">Linkedin<\/span><\/a><\/li><\/ul><\/nav><\/div><div class=\"col-12 col-md-11 col-lg-10\"><h2 class=\"intro-para-title\">En todo el mundo la normativa es cada vez m\u00e1s compleja, pero las soluciones evolucionan a\u00fan m\u00e1s r\u00e1pido. Descubre c\u00f3mo nuestros servicios inteligentes de regulaci\u00f3n, cumplimiento y calidad pueden ayudarte a reducir los costes de cumplimiento al tiempo que garantizan los m\u00e1s altos est\u00e1ndares de seguridad y calidad.<\/h2><\/div><\/div><\/div><\/div><\/section>\n\n\n\n<section class=\"wp-block-cg-blocks-group undefined section section--article-content\"><div class=\"article-main-content\"><div class=\"container\"><div class=\"row\"><div class=\"col-12 col-md-11 col-lg-10 offset-md-1 offset-lg-1\"><div class=\"article-text article-quote-text\">\n<h2 class=\"wp-block-heading\" id=\"h-como-podemos-ayudarte\"><strong>C\u00f3mo podemos ayudarte<\/strong><\/h2>\n\n\n\n<p>La escala del compliance normativo en las ciencias de la vida hoy en d\u00eda es desalentadora y requiere un socio con experiencia en el cumplimiento normativo y un profundo conocimiento del sector.<\/p>\n\n\n\n<p>Nosotros somos ese socio. Apoyamos a los clientes con la estrategia de regulaci\u00f3n, la documentaci\u00f3n normativa, las auditor\u00edas, los an\u00e1lisis de deficiencias y las actividades de correcci\u00f3n, as\u00ed como la optimizaci\u00f3n del QMS, los servicios gestionados y el apoyo operativo de QA\/RA a escala.<\/p>\n\n\n\n<p>Nuestros servicios tienen tres vertientes:<\/p>\n\n\n\n<p><strong>Consultor\u00eda RCQ<\/strong><\/p>\n\n\n\n<p>Capgemini aporta los mejores servicios de consultor\u00eda para optimizar tus principales procesos de negocio. Trabajamos contigo desde el diagn\u00f3stico hasta la implementaci\u00f3n para aportar claridad, as\u00ed como para simplificar y acelerar el cumplimiento de las autoridades sanitarias internacionales (FDA, EMA) y las autoridades nacionales en materia de sistemas de calidad, productos de calidad y regulaci\u00f3n (GxP, CFR, ICH, ISO).<\/p>\n\n\n\n<p><strong>RCQ inteligente<\/strong><\/p>\n\n\n\n<p>Desde el dise\u00f1o de estrategias de digitalizaci\u00f3n de procesos hasta la implementaci\u00f3n de soluciones digitales l\u00edderes, te ayudamos a dominar tus actividades de cumplimiento normativo (compliance activities). Mejora el rendimiento, reduce el riesgo y acelera tus inversiones.<\/p>\n\n\n\n<p><strong>Servicios gestionados de RCQ<\/strong><\/p>\n\n\n\n<p>Transformamos y gestionamos complejos procesos normativos y de calidad, permiti\u00e9ndote centrarte en tus principales actividades. Llama a uno de nuestros expertos para compartir tus retos y preguntas, y perm\u00edtenos ayudarte a acelerar tu tiempo de atenci\u00f3n.<\/p>\n<\/div><\/div><\/div><\/div><\/div><\/section>\n","protected":false},"excerpt":{"rendered":"","protected":false},"author":151,"featured_media":0,"parent":5720,"menu_order":0,"comment_status":"closed","ping_status":"closed","template":"","meta":{"cg_dt_proposed_to":[0],"cg_seo_hreflang_relations":"[]","cg_seo_canonical_relation":"","cg_seo_hreflang_x_default_relation":"{\"uuid\":\"610268ef-454a-41d5-b138-5c6a7bce83f5\",\"blogId\":\"\",\"domain\":\"\",\"sitePath\":\"\",\"postLink\":\"\",\"postId\":null,\"isSaved\":false,\"isCrossLink\":false,\"hasCrossLink\":false}","cg_dt_approved_content":false,"cg_dt_mandatory_content":false,"cg_dt_notes":"","cg_dg_source_changed":false,"cg_dt_link_disabled":false,"_yoast_wpseo_primary_brand":"","footnotes":"","featured_focal_points":"","partner_card_description":"","gsap_animation":0},"brand":[],"partner_type":[],"service":[],"industry":[],"partners":[],"page-type":[167],"content-group":[],"class_list":["post-5526","page","type-page","status-publish","hentry","page-type-solutions"],"yoast_head":"<!-- This site is optimized with the Yoast SEO Premium plugin v22.8 (Yoast SEO v22.8) - https:\/\/yoast.com\/wordpress\/plugins\/seo\/ -->\n<title>Regulaciones, cumplimiento y calidad | Capgemini<\/title>\n<meta name=\"description\" content=\"En todo el mundo la normativa es cada vez m\u00e1s compleja, pero las soluciones evolucionan a\u00fan m\u00e1s r\u00e1pido.\" \/>\n<meta name=\"robots\" content=\"index, follow, max-snippet:-1, max-image-preview:large, max-video-preview:-1\" \/>\n<link rel=\"canonical\" href=\"https:\/\/www.capgemini.com\/ar-es\/solutions\/regulaciones-cumplimiento-y-calidad\/\" \/>\n<meta property=\"og:locale\" content=\"es_MX\" \/>\n<meta property=\"og:type\" content=\"article\" \/>\n<meta property=\"og:title\" content=\"Regulaciones, cumplimiento y calidad\" \/>\n<meta property=\"og:description\" content=\"En todo el mundo la normativa es cada vez m\u00e1s compleja, pero las soluciones evolucionan a\u00fan m\u00e1s r\u00e1pido.\" \/>\n<meta property=\"og:url\" content=\"https:\/\/www.capgemini.com\/ar-es\/solutions\/regulaciones-cumplimiento-y-calidad\/\" \/>\n<meta property=\"og:site_name\" content=\"Capgemini Argentina\" \/>\n<meta property=\"article:modified_time\" content=\"2025-03-28T05:20:14+00:00\" \/>\n<meta property=\"og:image\" content=\"https:\/\/www.capgemini.com\/wp-content\/uploads\/2022\/04\/Capgemini_Solutions_Regulatory-Affairs-Compliance-and-Quality.jpg\" \/>\n<meta name=\"twitter:card\" content=\"summary_large_image\" \/>\n<script type=\"application\/ld+json\" class=\"yoast-schema-graph\">{\"@context\":\"https:\/\/schema.org\",\"@graph\":[{\"@type\":\"WebPage\",\"@id\":\"https:\/\/www.capgemini.com\/ar-es\/solutions\/regulaciones-cumplimiento-y-calidad\/\",\"url\":\"https:\/\/www.capgemini.com\/ar-es\/solutions\/regulaciones-cumplimiento-y-calidad\/\",\"name\":\"Regulaciones, cumplimiento y calidad | Capgemini\",\"isPartOf\":{\"@id\":\"https:\/\/www.capgemini.com\/ar-es\/#website\"},\"primaryImageOfPage\":{\"@id\":\"https:\/\/www.capgemini.com\/ar-es\/solutions\/regulaciones-cumplimiento-y-calidad\/#primaryimage\"},\"image\":{\"@id\":\"https:\/\/www.capgemini.com\/ar-es\/solutions\/regulaciones-cumplimiento-y-calidad\/#primaryimage\"},\"thumbnailUrl\":\"https:\/\/www.capgemini.com\/wp-content\/uploads\/2022\/04\/Capgemini_Solutions_Regulatory-Affairs-Compliance-and-Quality.jpg\",\"datePublished\":\"2022-12-14T09:07:23+00:00\",\"dateModified\":\"2025-03-28T05:20:14+00:00\",\"description\":\"En todo el mundo la normativa es cada vez m\u00e1s compleja, pero las soluciones evolucionan a\u00fan m\u00e1s r\u00e1pido.\",\"breadcrumb\":{\"@id\":\"https:\/\/www.capgemini.com\/ar-es\/solutions\/regulaciones-cumplimiento-y-calidad\/#breadcrumb\"},\"inLanguage\":\"es-MX\",\"potentialAction\":[{\"@type\":\"ReadAction\",\"target\":[\"https:\/\/www.capgemini.com\/ar-es\/solutions\/regulaciones-cumplimiento-y-calidad\/\"]}]},{\"@type\":\"ImageObject\",\"inLanguage\":\"es-MX\",\"@id\":\"https:\/\/www.capgemini.com\/ar-es\/solutions\/regulaciones-cumplimiento-y-calidad\/#primaryimage\",\"url\":\"https:\/\/www.capgemini.com\/wp-content\/uploads\/2022\/04\/Capgemini_Solutions_Regulatory-Affairs-Compliance-and-Quality.jpg\",\"contentUrl\":\"https:\/\/www.capgemini.com\/wp-content\/uploads\/2022\/04\/Capgemini_Solutions_Regulatory-Affairs-Compliance-and-Quality.jpg\"},{\"@type\":\"BreadcrumbList\",\"@id\":\"https:\/\/www.capgemini.com\/ar-es\/solutions\/regulaciones-cumplimiento-y-calidad\/#breadcrumb\",\"itemListElement\":[{\"@type\":\"ListItem\",\"position\":1,\"name\":\"Home\",\"item\":\"https:\/\/www.capgemini.com\/ar-es\/\"},{\"@type\":\"ListItem\",\"position\":2,\"name\":\"Solutions\",\"item\":\"https:\/\/www.capgemini.com\/ar-es\/?page_id=5720&preview_id=5720\"},{\"@type\":\"ListItem\",\"position\":3,\"name\":\"Regulaciones, cumplimiento y calidad\"}]},{\"@type\":\"WebSite\",\"@id\":\"https:\/\/www.capgemini.com\/ar-es\/#website\",\"url\":\"https:\/\/www.capgemini.com\/ar-es\/\",\"name\":\"Capgemini Argentina\",\"description\":\"Capgemini\",\"potentialAction\":[{\"@type\":\"SearchAction\",\"target\":{\"@type\":\"EntryPoint\",\"urlTemplate\":\"https:\/\/www.capgemini.com\/ar-es\/?s={search_term_string}\"},\"query-input\":\"required name=search_term_string\"}],\"inLanguage\":\"es-MX\"}]}<\/script>\n<!-- \/ Yoast SEO Premium plugin. -->","yoast_head_json":{"title":"Regulaciones, cumplimiento y calidad | Capgemini","description":"En todo el mundo la normativa es cada vez m\u00e1s compleja, pero las soluciones evolucionan a\u00fan m\u00e1s r\u00e1pido.","robots":{"index":"index","follow":"follow","max-snippet":"max-snippet:-1","max-image-preview":"max-image-preview:large","max-video-preview":"max-video-preview:-1"},"canonical":"https:\/\/www.capgemini.com\/ar-es\/solutions\/regulaciones-cumplimiento-y-calidad\/","og_locale":"es_MX","og_type":"article","og_title":"Regulaciones, cumplimiento y calidad","og_description":"En todo el mundo la normativa es cada vez m\u00e1s compleja, pero las soluciones evolucionan a\u00fan m\u00e1s r\u00e1pido.","og_url":"https:\/\/www.capgemini.com\/ar-es\/solutions\/regulaciones-cumplimiento-y-calidad\/","og_site_name":"Capgemini Argentina","article_modified_time":"2025-03-28T05:20:14+00:00","og_image":[{"url":"https:\/\/www.capgemini.com\/wp-content\/uploads\/2022\/04\/Capgemini_Solutions_Regulatory-Affairs-Compliance-and-Quality.jpg"}],"twitter_card":"summary_large_image","schema":{"@context":"https:\/\/schema.org","@graph":[{"@type":"WebPage","@id":"https:\/\/www.capgemini.com\/ar-es\/solutions\/regulaciones-cumplimiento-y-calidad\/","url":"https:\/\/www.capgemini.com\/ar-es\/solutions\/regulaciones-cumplimiento-y-calidad\/","name":"Regulaciones, cumplimiento y calidad | Capgemini","isPartOf":{"@id":"https:\/\/www.capgemini.com\/ar-es\/#website"},"primaryImageOfPage":{"@id":"https:\/\/www.capgemini.com\/ar-es\/solutions\/regulaciones-cumplimiento-y-calidad\/#primaryimage"},"image":{"@id":"https:\/\/www.capgemini.com\/ar-es\/solutions\/regulaciones-cumplimiento-y-calidad\/#primaryimage"},"thumbnailUrl":"https:\/\/www.capgemini.com\/wp-content\/uploads\/2022\/04\/Capgemini_Solutions_Regulatory-Affairs-Compliance-and-Quality.jpg","datePublished":"2022-12-14T09:07:23+00:00","dateModified":"2025-03-28T05:20:14+00:00","description":"En todo el mundo la normativa es cada vez m\u00e1s compleja, pero las soluciones evolucionan a\u00fan m\u00e1s r\u00e1pido.","breadcrumb":{"@id":"https:\/\/www.capgemini.com\/ar-es\/solutions\/regulaciones-cumplimiento-y-calidad\/#breadcrumb"},"inLanguage":"es-MX","potentialAction":[{"@type":"ReadAction","target":["https:\/\/www.capgemini.com\/ar-es\/solutions\/regulaciones-cumplimiento-y-calidad\/"]}]},{"@type":"ImageObject","inLanguage":"es-MX","@id":"https:\/\/www.capgemini.com\/ar-es\/solutions\/regulaciones-cumplimiento-y-calidad\/#primaryimage","url":"https:\/\/www.capgemini.com\/wp-content\/uploads\/2022\/04\/Capgemini_Solutions_Regulatory-Affairs-Compliance-and-Quality.jpg","contentUrl":"https:\/\/www.capgemini.com\/wp-content\/uploads\/2022\/04\/Capgemini_Solutions_Regulatory-Affairs-Compliance-and-Quality.jpg"},{"@type":"BreadcrumbList","@id":"https:\/\/www.capgemini.com\/ar-es\/solutions\/regulaciones-cumplimiento-y-calidad\/#breadcrumb","itemListElement":[{"@type":"ListItem","position":1,"name":"Home","item":"https:\/\/www.capgemini.com\/ar-es\/"},{"@type":"ListItem","position":2,"name":"Solutions","item":"https:\/\/www.capgemini.com\/ar-es\/?page_id=5720&preview_id=5720"},{"@type":"ListItem","position":3,"name":"Regulaciones, cumplimiento y calidad"}]},{"@type":"WebSite","@id":"https:\/\/www.capgemini.com\/ar-es\/#website","url":"https:\/\/www.capgemini.com\/ar-es\/","name":"Capgemini Argentina","description":"Capgemini","potentialAction":[{"@type":"SearchAction","target":{"@type":"EntryPoint","urlTemplate":"https:\/\/www.capgemini.com\/ar-es\/?s={search_term_string}"},"query-input":"required name=search_term_string"}],"inLanguage":"es-MX"}]}},"brand_term":[],"parsely":{"version":"1.1.0","canonical_url":"https:\/\/capgemini.com\/ar-es\/solutions\/regulaciones-cumplimiento-y-calidad\/","smart_links":{"inbound":0,"outbound":0},"traffic_boost_suggestions_count":0,"meta":{"@context":"https:\/\/schema.org","@type":"WebPage","headline":"Regulaciones, cumplimiento y calidad","url":"https:\/\/www.capgemini.com\/ar-es\/solutions\/regulaciones-cumplimiento-y-calidad\/","mainEntityOfPage":{"@type":"WebPage","@id":"https:\/\/www.capgemini.com\/ar-es\/solutions\/regulaciones-cumplimiento-y-calidad\/"},"thumbnailUrl":"","image":{"@type":"ImageObject","url":""},"articleSection":"Uncategorized","author":[],"creator":[],"publisher":{"@type":"Organization","name":"Capgemini Argentina","logo":""},"keywords":[],"dateCreated":"2022-12-14T09:07:23Z","datePublished":"2022-12-14T09:07:23Z","dateModified":"2025-03-28T05:20:14Z"},"rendered":"<meta name=\"parsely-title\" content=\"Regulaciones, cumplimiento y calidad\" \/>\n<meta name=\"parsely-link\" content=\"https:\/\/www.capgemini.com\/ar-es\/solutions\/regulaciones-cumplimiento-y-calidad\/\" \/>\n<meta name=\"parsely-type\" content=\"index\" \/>\n<meta name=\"parsely-pub-date\" content=\"2022-12-14T09:07:23Z\" \/>\n<meta name=\"parsely-section\" content=\"Uncategorized\" \/>","tracker_url":"https:\/\/cdn.parsely.com\/keys\/capgemini.com\/p.js"},"archive_status":false,"featured_image_src":"https:\/\/www.capgemini.com\/ar-es\/wp-content\/themes\/capgemini2025\/assets\/images\/mockup.png","featured_image_alt":false,"jetpack_sharing_enabled":true,"distributor_meta":false,"distributor_terms":false,"distributor_media":false,"distributor_original_site_name":"Capgemini Argentina","distributor_original_site_url":"https:\/\/www.capgemini.com\/ar-es","push-errors":false,"_links":{"self":[{"href":"https:\/\/www.capgemini.com\/ar-es\/wp-json\/wp\/v2\/pages\/5526","targetHints":{"allow":["GET"]}}],"collection":[{"href":"https:\/\/www.capgemini.com\/ar-es\/wp-json\/wp\/v2\/pages"}],"about":[{"href":"https:\/\/www.capgemini.com\/ar-es\/wp-json\/wp\/v2\/types\/page"}],"author":[{"embeddable":true,"href":"https:\/\/www.capgemini.com\/ar-es\/wp-json\/wp\/v2\/users\/151"}],"replies":[{"embeddable":true,"href":"https:\/\/www.capgemini.com\/ar-es\/wp-json\/wp\/v2\/comments?post=5526"}],"version-history":[{"count":12,"href":"https:\/\/www.capgemini.com\/ar-es\/wp-json\/wp\/v2\/pages\/5526\/revisions"}],"predecessor-version":[{"id":515850,"href":"https:\/\/www.capgemini.com\/ar-es\/wp-json\/wp\/v2\/pages\/5526\/revisions\/515850"}],"up":[{"embeddable":true,"href":"https:\/\/www.capgemini.com\/ar-es\/wp-json\/wp\/v2\/pages\/5720"}],"wp:attachment":[{"href":"https:\/\/www.capgemini.com\/ar-es\/wp-json\/wp\/v2\/media?parent=5526"}],"wp:term":[{"taxonomy":"brand","embeddable":true,"href":"https:\/\/www.capgemini.com\/ar-es\/wp-json\/wp\/v2\/brand?post=5526"},{"taxonomy":"partner_type","embeddable":true,"href":"https:\/\/www.capgemini.com\/ar-es\/wp-json\/wp\/v2\/partner_type?post=5526"},{"taxonomy":"service","embeddable":true,"href":"https:\/\/www.capgemini.com\/ar-es\/wp-json\/wp\/v2\/service?post=5526"},{"taxonomy":"industry","embeddable":true,"href":"https:\/\/www.capgemini.com\/ar-es\/wp-json\/wp\/v2\/industry?post=5526"},{"taxonomy":"partners","embeddable":true,"href":"https:\/\/www.capgemini.com\/ar-es\/wp-json\/wp\/v2\/partners?post=5526"},{"taxonomy":"page-type","embeddable":true,"href":"https:\/\/www.capgemini.com\/ar-es\/wp-json\/wp\/v2\/page-type?post=5526"},{"taxonomy":"content-group","embeddable":true,"href":"https:\/\/www.capgemini.com\/ar-es\/wp-json\/wp\/v2\/content-group?post=5526"}],"curies":[{"name":"wp","href":"https:\/\/api.w.org\/{rel}","templated":true}]}}