{"id":5522,"date":"2022-11-15T04:52:57","date_gmt":"2022-11-15T04:52:57","guid":{"rendered":"https:\/\/www.capgemini.com\/?page_id=646807"},"modified":"2025-03-28T05:30:30","modified_gmt":"2025-03-28T05:30:30","slug":"sistemas-de-produccion-inteligente","status":"publish","type":"page","link":"https:\/\/www.capgemini.com\/ar-es\/solutions\/sistemas-de-produccion-inteligente\/","title":{"rendered":"Sistemas de producci\u00f3n inteligente"},"content":{"rendered":"\n<header class=\"wp-block-cg-blocks-hero-reusable header heroReusable  \"><div class=\"header-bgs\"><picture><source srcset=\"https:\/\/www.capgemini.com\/wp-content\/uploads\/2022\/06\/Capgemini_Solutions_Intelligent-Production-Systems.jpg?w=2880&amp;quality=70 1x, https:\/\/www.capgemini.com\/wp-content\/uploads\/2022\/06\/Capgemini_Solutions_Intelligent-Production-Systems.jpg?w=2880&amp;quality=70 2x\" media=\"(min-width: 1500px)\"\/><source srcset=\"https:\/\/www.capgemini.com\/wp-content\/uploads\/2022\/06\/Capgemini_Solutions_Intelligent-Production-Systems.jpg?w=1440&amp;quality=70 1x, https:\/\/www.capgemini.com\/wp-content\/uploads\/2022\/06\/Capgemini_Solutions_Intelligent-Production-Systems.jpg?w=2880&amp;quality=70 2x\" media=\"(min-width: 992px)\"\/><source srcset=\"https:\/\/www.capgemini.com\/wp-content\/uploads\/2022\/06\/Capgemini_Solutions_Intelligent-Production-Systems.jpg?w=1024&amp;quality=70 1x, https:\/\/www.capgemini.com\/wp-content\/uploads\/2022\/06\/Capgemini_Solutions_Intelligent-Production-Systems.jpg?w=1024&amp;quality=70 2x\" media=\"(min-width: 768px)\"\/><source srcset=\"https:\/\/www.capgemini.com\/wp-content\/uploads\/2022\/06\/Capgemini_Solutions_Intelligent-Production-Systems.jpg?w=768&amp;quality=70 1x, https:\/\/www.capgemini.com\/wp-content\/uploads\/2022\/06\/Capgemini_Solutions_Intelligent-Production-Systems.jpg?w=768&amp;quality=70 2x\" media=\"(min-width: 0)\"\/><img decoding=\"async\" src=\"https:\/\/www.capgemini.com\/wp-content\/uploads\/2022\/06\/Capgemini_Solutions_Intelligent-Production-Systems.jpg\" class=\"header-img header-img-d\" alt=\"\" style=\"object-fit:cover;object-position:50% 50%\" loading=\"eager\"\/><\/picture><\/div><div class=\"heroPictureCardHeaderShape\"><\/div><div class=\"container\"><div class=\"row\"><div class=\"col-md-12\"><div class=\"box\"><div class=\"boxTagWrapper\"><div class=\"tagInfo\"><div><span class=\"box-tag\">Solutions<\/span><\/div><\/div><\/div><div class=\"box-title\"><h1 data-maxlength=\"34\">Sistemas de producci\u00f3n inteligente <\/h1><\/div><div class=\"inner-row-insight download-btn\"><div class=\"col-md-4 downloadFiles addPadding\"><a class=\"button-download--small\" type=\"download\" href=\"https:\/\/www.capgemini.com\/wp-content\/uploads\/2022\/09\/PoV_eBR-1.pdf\" target=\"_blank\" rel=\"noopener noreferrer\" title=\"abrir en una nueva ventana\"><span>Download our Factory 4.0 point of view<\/span><span class=\"type\">5 MB  pdf<\/span><\/a><\/div><\/div><\/div><\/div><\/div><\/div><\/header>\n\n\n\n<section class=\"wp-block-cg-blocks-intro-para undefined section section--intro pt48\"><div class=\"intro-para\"><div class=\"container\"><div class=\"row\"><div class=\"col-12 col-md-1\"><nav class=\"article-social\"><ul class=\"social-nav\"><li class=\"ip-order-fb\"><a href=\"https:\/\/www.facebook.com\/sharer\/sharer.php?u=https:\/\/www.capgemini.com\/ar-es\/solutions\/sistemas-de-produccion-inteligente\/\" target=\"_blank\" rel=\"noopener noreferrer\" title=\"abrir en una nueva ventana\"><i aria-hidden=\"true\" class=\"icon-fb\"><\/i><span class=\"sr-only\">Facebook<\/span><\/a><\/li><li class=\"ip-order-li\"><a href=\"https:\/\/www.linkedin.com\/sharing\/share-offsite\/?url=https:\/\/www.capgemini.com\/ar-es\/solutions\/sistemas-de-produccion-inteligente\/\" target=\"_blank\" rel=\"noopener noreferrer\" title=\"abrir en una nueva ventana\"><i aria-hidden=\"true\" class=\"icon-li\"><\/i><span class=\"sr-only\">Linkedin<\/span><\/a><\/li><\/ul><\/nav><\/div><div class=\"col-12 col-md-11 col-lg-10\"><h2 class=\"intro-para-title\">Acorta la distancia entre el presente y el futuro que deseas con un sistema de producci\u00f3n inteligente.<\/h2><p class=\"intro-para-content\">Con nuestra experiencia en transformaci\u00f3n digital y operaciones de ciencias de la vida, estamos preparados para ayudarte a reducir la distancia entre tu situaci\u00f3n actual y el futuro que deseas.<\/p><\/div><\/div><\/div><\/div><\/section>\n\n\n\n<section class=\"wp-block-cg-blocks-group undefined section section--article-content\"><div class=\"article-main-content\"><div class=\"container\"><div class=\"row\"><div class=\"col-12 col-md-11 col-lg-10 offset-md-1 offset-lg-1\"><div class=\"article-text article-quote-text\">\n<p>Utilizando un framework Lean, nos asociamos contigo para permitir mejoras transformacionales en el escalado, transferencia y cuidado de los activos a lo largo de su ciclo de vida, as\u00ed como en la producci\u00f3n, liberaci\u00f3n y entrega segura, eficiente y confiable de las terapias para pacientes. Al hacerlo, ayudamos a garantizar la calidad y el cumplimiento, al tiempo que aprovechamos los enfoques core e innovadores para lograr un rendimiento innovador en todos los centros y \u00e1reas terap\u00e9uticas.<\/p>\n\n\n\n<p>Aportamos una combinaci\u00f3n de ofertas funcionales digitales y basadas en procesos en las \u00e1reas de:<\/p>\n\n\n\n<h4 class=\"wp-block-heading\" id=\"h-continuidad-digital\"><strong>Continuidad digital<\/strong><\/h4>\n\n\n\n<p>La continuidad digital es una combinaci\u00f3n de soluciones tecnol\u00f3gicas, procesos y funciones espec\u00edficas dentro de la organizaci\u00f3n que simplifican y organizan tu informaci\u00f3n en todas las operaciones y en todo el ciclo de vida del producto. Ofrece disponibilidad de datos y an\u00e1lisis en tiempo real, incluso cuando la tecnolog\u00eda sigue evolucionando con el tiempo. Digital Continuity promueve una transferencia t\u00e9cnica eficiente y a la primera, una gesti\u00f3n \u00e1gil del cambio y una optimizaci\u00f3n de los costes a lo largo del ciclo de vida.<\/p>\n\n\n\n<h4 class=\"wp-block-heading\"><strong>F\u00e1brica inteligente<\/strong><\/h4>\n\n\n\n<p>Smart Factory es la aplicaci\u00f3n directa de la Industria 4.0 a la producci\u00f3n biofarmac\u00e9utica, farmac\u00e9utica y de dispositivos m\u00e9dicos para proporcionar innovaciones m\u00e1s r\u00e1pidas y una mayor consistencia para los pacientes. Smart Factory tambi\u00e9n es crucial para mantener los modernos sistemas de calidad cGMP necesarios para facilitar la mejora continua. Proporciona avances en los lanzamientos, en el Right-First-Time, en el flujo end-to-end y en el coste de los productos vendidos.<\/p>\n\n\n\n<h4 class=\"wp-block-heading\"><strong>Garant\u00eda y control de calidad digital<\/strong><\/h4>\n\n\n\n<p>El aseguramiento y control de calidad digital es un enfoque paralelo a la Industria 4.0 adaptado espec\u00edficamente a los laboratorios de calidad y a los procesos de aseguramiento de la calidad que une los Laboratorios Lean y las t\u00e9cnicas de mejora continua, la arquitectura y la conectividad de los equipos de la Industria 4.0 y los casos de uso digital. Ofrece un flujo m\u00e1s fluido a trav\u00e9s de la Unidad de Calidad, lanzamiento y liberaci\u00f3n Right First Time y optimizaci\u00f3n del coste de la calidad.<\/p>\n\n\n\n<h4 class=\"wp-block-heading\"><strong>Cadena de suministro inteligente<\/strong><\/h4>\n\n\n\n<p>Intelligent Supply Chain es una alianza con nuestros clientes para evolucionar de las operaciones tradicionales de la cadena de suministro a las cadenas de suministro \u00e1giles y fiables que requiere la producci\u00f3n actual. Intelligent Supply Chain aprovecha la arquitectura modular y las tecnolog\u00edas digitales y en la nube para desplegar una capacidad adecuada en toda la cadena de valor de planificaci\u00f3n, fuente, fabricaci\u00f3n y entrega, centr\u00e1ndose en el ecosistema global, la experiencia del cliente, la resiliencia y la sostenibilidad. Ofrece un rendimiento innovador en el capital circulante, los niveles de servicio y las emisiones de CO<sub>2<\/sub>.<\/p>\n\n\n\n<p>Todo ello se basa en los fundamentos de la continuidad digital, lean \/ quality-by-design y las mejores pr\u00e1cticas de personas y cultura.<\/p>\n<\/div><\/div><\/div><\/div><\/div><\/section>\n\n\n\n\t\t<section\n\t\t\tclass=\"section section--lifeatcap-learning section--event-slider-careerInvent \">\n\n\t\t\t<div class=\"container\">\n\t\t\t\t<div class='career-invent-header'>\n\t\t\t\t\t\t\t\t\t\t\t\t\t\t<\/div>\n\t\t\t<\/div>\n\n\t\t\t<div class=\"slider slider-fader 48c74534-7b96-4201-9609-23fae2cb3aae\">\n\t\t\t\t\t\t\t\t<div\n\t\t\t\t\tclass=\"slider-list \">\n\t\t\t\t\t\t\t\t\t\t\t<div\n\t\t\t\t\t\t\tclass=\"slide active \">\n\t\t\t\t\t\t\t<div\n\t\t\t\t\t\t\t\tclass=\"slide-bg-wrapper wp-block-cg-blocks-career-invent is-style-sapphire2\">\n\t\t\t\t\t\t\t\t<div class=\"bgImagesection\">\n\t\t\t\t\t\t\t\t\t\t\t\t\t\t\t\t\t\t\t<div class=\"bgColor\"><\/div>\n\t\t\t\t\t\t\t\t\t\n\t\t\t\t\t\t\t\t\t<div class=\"container slide-info-wrapper\">\n\t\t\t\t\t\t\t\t\t\t<div class=\"row\">\n\t\t\t\t\t\t\t\t\t\t\t<div\n\t\t\t\t\t\t\t\t\t\t\t\tclass=\"col-md-6 col-sm-12 box-inner \">\n\t\t\t\t\t\t\t\t\t\t\t\t\t\t\t\t\t\t\t\t\t\t\t\t\t<div class=\"bgColor\"><\/div>\n\t\t\t\t\t\t\t\t\t\t\t\t\t\t\t\t\t\t\t\t\t\t\t\t\t\t\t\t\t\t\t\t\t\t\t\t\t<div\n\t\t\t\t\t\t\t\t\t\t\t\t\t\tclass=\"content-title \">\n\t\t\t\t\t\t\t\t\t\t\t\t\t\t<h3 class=\"explore-header\"\n\t\t\t\t\t\t\t\t\t\t\t\t\t\t\tdata-maxlength=\"68\"\n\t\t\t\t\t\t\t\t\t\t\t\t\t\t\ttitle=\"Habilitaci\u00f3n del sistema de producci\u00f3n inteligente del futuro.\">\n\t\t\t\t\t\t\t\t\t\t\t\t\t\t\tHabilitaci\u00f3n del sistema de producci\u00f3n inteligente del futuro.\t\t\t\t\t\t\t\t\t\t\t\t\t\t<\/h3>\n\t\t\t\t\t\t\t\t\t\t\t\t\t<\/div>\n\t\t\t\t\t\t\t\t\t\t\t\t\n\t\t\t\t\t\t\t\t\t\t\t\t\t\t\t\t\t\t\t\t\t\t\t\t\t\t\t\t\t\t\t\t\t\t\t\t\t\t\t<div\n\t\t\t\t\t\t\t\t\t\t\t\t\t\t\tclass=\"box-title \">\n\t\t\t\t\t\t\t\t\t\t\t\t\t\t\t<h4 data-maxlength=\"144\"\n\t\t\t\t\t\t\t\t\t\t\t\t\t\t\t\ttitle=\"Relaci\u00f3n simbi\u00f3tica entre la cadena de suministro, la fabricaci\u00f3n y la calidad.\"\n\t\t\t\t\t\t\t\t\t\t\t\t\t\t\t\tstyle=\"white-space: pre-wrap;\">\n\t\t\t\t\t\t\t\t\t\t\t\t\t\t\t\tRelaci\u00f3n simbi\u00f3tica entre la cadena de suministro, la fabricaci\u00f3n y la calidad.\t\t\t\t\t\t\t\t\t\t\t\t\t\t\t<\/h4>\n\t\t\t\t\t\t\t\t\t\t\t\t\t\t<\/div>\n\t\t\t\t\t\t\t\t\t\t\t\t\t\t\t\t\t\t\t\t\t\t\t\t\t\n\t\t\t\t\t\t\t\t\t\t\t\t\t\t\t\t\t\t\t\t\t\t\t\t\t<div >\n\t\t\t\t\t\t\t\t\t\t\t\t\t\t\t\t\t\t\t\t\t\t\t\t\t\t\t<\/div>\n\t\t\t\t\t\t\t\t\t\t\t\t\n\t\t\t\t\t\t\t\t\t\t\t\t\t\t\t\t\t\t\t\t\t\t\t\t\t\t\t\t\t\t\t\t\t\t\t\t\t\t\t<div class=\"btnDiv\"> <a class=\"more2\"\n\t\t\t\t\t\t\t\t\t\t\t\t\t\t\t\tdata-maxlength=\"24\"\n\t\t\t\t\t\t\t\t\t\t\t\t\t\t\t\taria-label=\"Leer punto de vista sobre Habilitaci\u00f3n del sistema de producci\u00f3n inteligente del futuro.\"\n\t\t\t\t\t\t\t\t\t\t\t\t\t\t\t\ttitle=\"Opens in new window\" tabindex=\"0\"\n\t\t\t\t\t\t\t\t\t\t\t\t\t\t\t\thref=\"https:\/\/www.capgemini.com\/insights\/research-library\/enabling-the-intelligent-production-system-of-the-future\/\"\n\t\t\t\t\t\t\t\t\t\t\t\t\t\t\t\ttarget=\"\">\n\t\t\t\t\t\t\t\t\t\t\t\t\t\t\t\tLeer punto de vista\t\t\t\t\t\t\t\t\t\t\t\t\t\t\t<\/a> <\/div>\n\t\t\t\t\t\t\t\t\t\t\t\t\t\t\t\t\t\t\t\t\t\t\t\t\t\n\n\n\t\t\t\t\t\t\t\t\t\t\t<\/div>\n\n\t\t\t\t\t\t\t\t\t\t\t<div class=\"col-md-6 col-sm-12 text-right box-img-wrapper escaper escaper-right\">\n\t\t\t\t\t\t\t\t\t\t\t\t\n\n\t\t\t\t\t\t\t\t\t\t\t\t<picture>\n\t\t\t\t\t\t\t\t\t\t\t\t\t<source\n\t\t\t\t\t\t\t\t\t\t\t\t\t\tsrcset=\"https:\/\/www.capgemini.com\/wp-content\/uploads\/2022\/09\/MicrosoftTeams-image-5.jpg?w=1200&amp;quality=90 1x, https:\/\/www.capgemini.com\/wp-content\/uploads\/2022\/09\/MicrosoftTeams-image-5.jpg?w=1200&amp;quality=90 2x\"\n\t\t\t\t\t\t\t\t\t\t\t\t\t\tmedia=\"(min-width: 1500px)\" \/>\n\t\t\t\t\t\t\t\t\t\t\t\t\t<source\n\t\t\t\t\t\t\t\t\t\t\t\t\t\tsrcset=\"https:\/\/www.capgemini.com\/wp-content\/uploads\/2022\/09\/MicrosoftTeams-image-5.jpg?w=600&amp;quality=90 1x, https:\/\/www.capgemini.com\/wp-content\/uploads\/2022\/09\/MicrosoftTeams-image-5.jpg?w=1200&amp;quality=90 2x\"\n\t\t\t\t\t\t\t\t\t\t\t\t\t\tmedia=\"(min-width: 992px)\" \/>\n\t\t\t\t\t\t\t\t\t\t\t\t\t<source\n\t\t\t\t\t\t\t\t\t\t\t\t\t\tsrcset=\"https:\/\/www.capgemini.com\/wp-content\/uploads\/2022\/09\/MicrosoftTeams-image-5.jpg?w=400&amp;quality=90 1x, https:\/\/www.capgemini.com\/wp-content\/uploads\/2022\/09\/MicrosoftTeams-image-5.jpg?w=800&amp;quality=90 2x\"\n\t\t\t\t\t\t\t\t\t\t\t\t\t\tmedia=\"(min-width: 768px)\" \/>\n\t\t\t\t\t\t\t\t\t\t\t\t\t<source\n\t\t\t\t\t\t\t\t\t\t\t\t\t\tsrcset=\"https:\/\/www.capgemini.com\/wp-content\/uploads\/2022\/09\/MicrosoftTeams-image-5.jpg?w=400&amp;quality=90 1x, https:\/\/www.capgemini.com\/wp-content\/uploads\/2022\/09\/MicrosoftTeams-image-5.jpg?w=800&amp;quality=90 2x\"\n\t\t\t\t\t\t\t\t\t\t\t\t\t\tmedia=\"(min-width: 0)\" \/>\n\n\n\t\t\t\t\t\t\t\t\t\t\t\t\t<img loading=\"lazy\" class=\"box-img\"\n\t\t\t\t\t\t\t\t\t\t\t\t\t\tsrc=\"https:\/\/www.capgemini.com\/wp-content\/uploads\/2022\/09\/MicrosoftTeams-image-5.jpg\"\n\t\t\t\t\t\t\t\t\t\t\t\t\t\tstyle=\"object-position: 55% 48%; object-fit: cover;\" alt=\"\" \/>\n\n\t\t\t\t\t\t\t\t\t\t\t\t<\/picture>\n\t\t\t\t\t\t\t\t\t\t\t\t<!-- <img decoding=\"async\" class=\"box-img\" src=\"\"\n\t\t\t\t\t\t\t\t\t\t\tstyle=\"\" alt=\"\"\n\t\t\t\t\t\t\t\t\t\t\/> -->\n\t\t\t\t\t\t\t\t\t\t\t<\/div>\n\t\t\t\t\t\t\t\t\t\t<\/div>\n\t\t\t\t\t\t\t\t\t<\/div>\n\t\t\t\t\t\t\t\t<\/div>\n\t\t\t\t\t\t\t\t<div class=\"\">\n\t\t\t\t\t\t\t\t<\/div>\n\t\t\t\t\t\t\t\t<div class=\"slide-reveal\"><\/div>\n\t\t\t\t\t\t\t<\/div>\n\t\t\t\t\t\t<\/div>\n\t\t\t\t\t\n\t\t\t\t<\/div>\n\n\t\t\t\t\n\t\t\t<\/div>\n\n\t\t<\/section>\n\n\t\t","protected":false},"excerpt":{"rendered":"","protected":false},"author":151,"featured_media":0,"parent":5720,"menu_order":0,"comment_status":"closed","ping_status":"closed","template":"","meta":{"cg_dt_proposed_to":[0],"cg_seo_hreflang_relations":"[]","cg_seo_canonical_relation":"","cg_seo_hreflang_x_default_relation":"{\"uuid\":\"f3c455b6-1790-4717-801b-f5329d6bb017\",\"blogId\":\"\",\"domain\":\"\",\"sitePath\":\"\",\"postLink\":\"\",\"postId\":null,\"isSaved\":true,\"isCrossLink\":false,\"hasCrossLink\":false}","cg_dt_approved_content":false,"cg_dt_mandatory_content":false,"cg_dt_notes":"","cg_dg_source_changed":false,"cg_dt_link_disabled":false,"_yoast_wpseo_primary_brand":"","footnotes":"","featured_focal_points":"","partner_card_description":"","gsap_animation":0},"brand":[],"partner_type":[],"service":[],"industry":[],"partners":[],"page-type":[167],"content-group":[],"class_list":["post-5522","page","type-page","status-publish","hentry","page-type-solutions"],"yoast_head":"<!-- This site is optimized with the Yoast SEO Premium plugin v22.8 (Yoast SEO v22.8) - https:\/\/yoast.com\/wordpress\/plugins\/seo\/ -->\n<title>Sistemas de producci\u00f3n inteligente - Capgemini Argentina<\/title>\n<meta name=\"description\" content=\"Mejoras transformacionales y cuidado de los activos a lo largo del ciclo de vida, la producci\u00f3n, liberaci\u00f3n y entrega de terapias para pacientes.\" \/>\n<meta name=\"robots\" content=\"index, follow, max-snippet:-1, max-image-preview:large, max-video-preview:-1\" \/>\n<link rel=\"canonical\" href=\"https:\/\/www.capgemini.com\/ar-es\/solutions\/sistemas-de-produccion-inteligente\/\" \/>\n<meta property=\"og:locale\" content=\"es_MX\" \/>\n<meta property=\"og:type\" content=\"article\" \/>\n<meta property=\"og:title\" content=\"Sistemas de producci\u00f3n inteligente\" \/>\n<meta property=\"og:description\" content=\"Mejoras transformacionales y cuidado de los activos a lo largo del ciclo de vida, la producci\u00f3n, liberaci\u00f3n y entrega de terapias para pacientes.\" \/>\n<meta property=\"og:url\" content=\"https:\/\/www.capgemini.com\/ar-es\/solutions\/sistemas-de-produccion-inteligente\/\" \/>\n<meta property=\"og:site_name\" content=\"Capgemini Argentina\" \/>\n<meta property=\"article:modified_time\" content=\"2025-03-28T05:30:30+00:00\" \/>\n<meta property=\"og:image\" content=\"https:\/\/www.capgemini.com\/wp-content\/uploads\/2022\/06\/Capgemini_Solutions_Intelligent-Production-Systems.jpg\" \/>\n<meta name=\"twitter:card\" content=\"summary_large_image\" \/>\n<script type=\"application\/ld+json\" class=\"yoast-schema-graph\">{\"@context\":\"https:\/\/schema.org\",\"@graph\":[{\"@type\":\"WebPage\",\"@id\":\"https:\/\/www.capgemini.com\/ar-es\/solutions\/sistemas-de-produccion-inteligente\/\",\"url\":\"https:\/\/www.capgemini.com\/ar-es\/solutions\/sistemas-de-produccion-inteligente\/\",\"name\":\"Sistemas de producci\u00f3n inteligente - Capgemini Argentina\",\"isPartOf\":{\"@id\":\"https:\/\/www.capgemini.com\/ar-es\/#website\"},\"primaryImageOfPage\":{\"@id\":\"https:\/\/www.capgemini.com\/ar-es\/solutions\/sistemas-de-produccion-inteligente\/#primaryimage\"},\"image\":{\"@id\":\"https:\/\/www.capgemini.com\/ar-es\/solutions\/sistemas-de-produccion-inteligente\/#primaryimage\"},\"thumbnailUrl\":\"https:\/\/www.capgemini.com\/wp-content\/uploads\/2022\/06\/Capgemini_Solutions_Intelligent-Production-Systems.jpg\",\"datePublished\":\"2022-11-15T04:52:57+00:00\",\"dateModified\":\"2025-03-28T05:30:30+00:00\",\"description\":\"Mejoras transformacionales y cuidado de los activos a lo largo del ciclo de vida, la producci\u00f3n, liberaci\u00f3n y entrega de terapias para pacientes.\",\"breadcrumb\":{\"@id\":\"https:\/\/www.capgemini.com\/ar-es\/solutions\/sistemas-de-produccion-inteligente\/#breadcrumb\"},\"inLanguage\":\"es-MX\",\"potentialAction\":[{\"@type\":\"ReadAction\",\"target\":[\"https:\/\/www.capgemini.com\/ar-es\/solutions\/sistemas-de-produccion-inteligente\/\"]}]},{\"@type\":\"ImageObject\",\"inLanguage\":\"es-MX\",\"@id\":\"https:\/\/www.capgemini.com\/ar-es\/solutions\/sistemas-de-produccion-inteligente\/#primaryimage\",\"url\":\"https:\/\/www.capgemini.com\/wp-content\/uploads\/2022\/06\/Capgemini_Solutions_Intelligent-Production-Systems.jpg\",\"contentUrl\":\"https:\/\/www.capgemini.com\/wp-content\/uploads\/2022\/06\/Capgemini_Solutions_Intelligent-Production-Systems.jpg\"},{\"@type\":\"BreadcrumbList\",\"@id\":\"https:\/\/www.capgemini.com\/ar-es\/solutions\/sistemas-de-produccion-inteligente\/#breadcrumb\",\"itemListElement\":[{\"@type\":\"ListItem\",\"position\":1,\"name\":\"Home\",\"item\":\"https:\/\/www.capgemini.com\/ar-es\/\"},{\"@type\":\"ListItem\",\"position\":2,\"name\":\"Solutions\",\"item\":\"https:\/\/www.capgemini.com\/ar-es\/?page_id=5720&preview_id=5720\"},{\"@type\":\"ListItem\",\"position\":3,\"name\":\"Sistemas de producci\u00f3n inteligente\"}]},{\"@type\":\"WebSite\",\"@id\":\"https:\/\/www.capgemini.com\/ar-es\/#website\",\"url\":\"https:\/\/www.capgemini.com\/ar-es\/\",\"name\":\"Capgemini Argentina\",\"description\":\"Capgemini\",\"potentialAction\":[{\"@type\":\"SearchAction\",\"target\":{\"@type\":\"EntryPoint\",\"urlTemplate\":\"https:\/\/www.capgemini.com\/ar-es\/?s={search_term_string}\"},\"query-input\":\"required name=search_term_string\"}],\"inLanguage\":\"es-MX\"}]}<\/script>\n<!-- \/ Yoast SEO Premium plugin. -->","yoast_head_json":{"title":"Sistemas de producci\u00f3n inteligente - Capgemini Argentina","description":"Mejoras transformacionales y cuidado de los activos a lo largo del ciclo de vida, la producci\u00f3n, liberaci\u00f3n y entrega de terapias para pacientes.","robots":{"index":"index","follow":"follow","max-snippet":"max-snippet:-1","max-image-preview":"max-image-preview:large","max-video-preview":"max-video-preview:-1"},"canonical":"https:\/\/www.capgemini.com\/ar-es\/solutions\/sistemas-de-produccion-inteligente\/","og_locale":"es_MX","og_type":"article","og_title":"Sistemas de producci\u00f3n inteligente","og_description":"Mejoras transformacionales y cuidado de los activos a lo largo del ciclo de vida, la producci\u00f3n, liberaci\u00f3n y entrega de terapias para pacientes.","og_url":"https:\/\/www.capgemini.com\/ar-es\/solutions\/sistemas-de-produccion-inteligente\/","og_site_name":"Capgemini Argentina","article_modified_time":"2025-03-28T05:30:30+00:00","og_image":[{"url":"https:\/\/www.capgemini.com\/wp-content\/uploads\/2022\/06\/Capgemini_Solutions_Intelligent-Production-Systems.jpg"}],"twitter_card":"summary_large_image","schema":{"@context":"https:\/\/schema.org","@graph":[{"@type":"WebPage","@id":"https:\/\/www.capgemini.com\/ar-es\/solutions\/sistemas-de-produccion-inteligente\/","url":"https:\/\/www.capgemini.com\/ar-es\/solutions\/sistemas-de-produccion-inteligente\/","name":"Sistemas de producci\u00f3n inteligente - Capgemini Argentina","isPartOf":{"@id":"https:\/\/www.capgemini.com\/ar-es\/#website"},"primaryImageOfPage":{"@id":"https:\/\/www.capgemini.com\/ar-es\/solutions\/sistemas-de-produccion-inteligente\/#primaryimage"},"image":{"@id":"https:\/\/www.capgemini.com\/ar-es\/solutions\/sistemas-de-produccion-inteligente\/#primaryimage"},"thumbnailUrl":"https:\/\/www.capgemini.com\/wp-content\/uploads\/2022\/06\/Capgemini_Solutions_Intelligent-Production-Systems.jpg","datePublished":"2022-11-15T04:52:57+00:00","dateModified":"2025-03-28T05:30:30+00:00","description":"Mejoras transformacionales y cuidado de los activos a lo largo del ciclo de vida, la producci\u00f3n, liberaci\u00f3n y entrega de terapias para pacientes.","breadcrumb":{"@id":"https:\/\/www.capgemini.com\/ar-es\/solutions\/sistemas-de-produccion-inteligente\/#breadcrumb"},"inLanguage":"es-MX","potentialAction":[{"@type":"ReadAction","target":["https:\/\/www.capgemini.com\/ar-es\/solutions\/sistemas-de-produccion-inteligente\/"]}]},{"@type":"ImageObject","inLanguage":"es-MX","@id":"https:\/\/www.capgemini.com\/ar-es\/solutions\/sistemas-de-produccion-inteligente\/#primaryimage","url":"https:\/\/www.capgemini.com\/wp-content\/uploads\/2022\/06\/Capgemini_Solutions_Intelligent-Production-Systems.jpg","contentUrl":"https:\/\/www.capgemini.com\/wp-content\/uploads\/2022\/06\/Capgemini_Solutions_Intelligent-Production-Systems.jpg"},{"@type":"BreadcrumbList","@id":"https:\/\/www.capgemini.com\/ar-es\/solutions\/sistemas-de-produccion-inteligente\/#breadcrumb","itemListElement":[{"@type":"ListItem","position":1,"name":"Home","item":"https:\/\/www.capgemini.com\/ar-es\/"},{"@type":"ListItem","position":2,"name":"Solutions","item":"https:\/\/www.capgemini.com\/ar-es\/?page_id=5720&preview_id=5720"},{"@type":"ListItem","position":3,"name":"Sistemas de producci\u00f3n inteligente"}]},{"@type":"WebSite","@id":"https:\/\/www.capgemini.com\/ar-es\/#website","url":"https:\/\/www.capgemini.com\/ar-es\/","name":"Capgemini Argentina","description":"Capgemini","potentialAction":[{"@type":"SearchAction","target":{"@type":"EntryPoint","urlTemplate":"https:\/\/www.capgemini.com\/ar-es\/?s={search_term_string}"},"query-input":"required name=search_term_string"}],"inLanguage":"es-MX"}]}},"brand_term":[],"parsely":{"version":"1.1.0","canonical_url":"https:\/\/capgemini.com\/ar-es\/solutions\/sistemas-de-produccion-inteligente\/","smart_links":{"inbound":0,"outbound":0},"traffic_boost_suggestions_count":0,"meta":{"@context":"https:\/\/schema.org","@type":"WebPage","headline":"Sistemas de producci\u00f3n inteligente","url":"https:\/\/www.capgemini.com\/ar-es\/solutions\/sistemas-de-produccion-inteligente\/","mainEntityOfPage":{"@type":"WebPage","@id":"https:\/\/www.capgemini.com\/ar-es\/solutions\/sistemas-de-produccion-inteligente\/"},"thumbnailUrl":"","image":{"@type":"ImageObject","url":""},"articleSection":"Uncategorized","author":[],"creator":[],"publisher":{"@type":"Organization","name":"Capgemini Argentina","logo":""},"keywords":[],"dateCreated":"2022-11-15T04:52:57Z","datePublished":"2022-11-15T04:52:57Z","dateModified":"2025-03-28T05:30:30Z"},"rendered":"<meta name=\"parsely-title\" content=\"Sistemas de producci\u00f3n inteligente\" \/>\n<meta name=\"parsely-link\" content=\"https:\/\/www.capgemini.com\/ar-es\/solutions\/sistemas-de-produccion-inteligente\/\" \/>\n<meta name=\"parsely-type\" content=\"index\" \/>\n<meta name=\"parsely-pub-date\" content=\"2022-11-15T04:52:57Z\" \/>\n<meta name=\"parsely-section\" content=\"Uncategorized\" \/>","tracker_url":"https:\/\/cdn.parsely.com\/keys\/capgemini.com\/p.js"},"archive_status":false,"featured_image_src":"https:\/\/www.capgemini.com\/ar-es\/wp-content\/themes\/capgemini2025\/assets\/images\/mockup.png","featured_image_alt":false,"jetpack_sharing_enabled":true,"distributor_meta":false,"distributor_terms":false,"distributor_media":false,"distributor_original_site_name":"Capgemini Argentina","distributor_original_site_url":"https:\/\/www.capgemini.com\/ar-es","push-errors":false,"_links":{"self":[{"href":"https:\/\/www.capgemini.com\/ar-es\/wp-json\/wp\/v2\/pages\/5522","targetHints":{"allow":["GET"]}}],"collection":[{"href":"https:\/\/www.capgemini.com\/ar-es\/wp-json\/wp\/v2\/pages"}],"about":[{"href":"https:\/\/www.capgemini.com\/ar-es\/wp-json\/wp\/v2\/types\/page"}],"author":[{"embeddable":true,"href":"https:\/\/www.capgemini.com\/ar-es\/wp-json\/wp\/v2\/users\/151"}],"replies":[{"embeddable":true,"href":"https:\/\/www.capgemini.com\/ar-es\/wp-json\/wp\/v2\/comments?post=5522"}],"version-history":[{"count":20,"href":"https:\/\/www.capgemini.com\/ar-es\/wp-json\/wp\/v2\/pages\/5522\/revisions"}],"predecessor-version":[{"id":515878,"href":"https:\/\/www.capgemini.com\/ar-es\/wp-json\/wp\/v2\/pages\/5522\/revisions\/515878"}],"up":[{"embeddable":true,"href":"https:\/\/www.capgemini.com\/ar-es\/wp-json\/wp\/v2\/pages\/5720"}],"wp:attachment":[{"href":"https:\/\/www.capgemini.com\/ar-es\/wp-json\/wp\/v2\/media?parent=5522"}],"wp:term":[{"taxonomy":"brand","embeddable":true,"href":"https:\/\/www.capgemini.com\/ar-es\/wp-json\/wp\/v2\/brand?post=5522"},{"taxonomy":"partner_type","embeddable":true,"href":"https:\/\/www.capgemini.com\/ar-es\/wp-json\/wp\/v2\/partner_type?post=5522"},{"taxonomy":"service","embeddable":true,"href":"https:\/\/www.capgemini.com\/ar-es\/wp-json\/wp\/v2\/service?post=5522"},{"taxonomy":"industry","embeddable":true,"href":"https:\/\/www.capgemini.com\/ar-es\/wp-json\/wp\/v2\/industry?post=5522"},{"taxonomy":"partners","embeddable":true,"href":"https:\/\/www.capgemini.com\/ar-es\/wp-json\/wp\/v2\/partners?post=5522"},{"taxonomy":"page-type","embeddable":true,"href":"https:\/\/www.capgemini.com\/ar-es\/wp-json\/wp\/v2\/page-type?post=5522"},{"taxonomy":"content-group","embeddable":true,"href":"https:\/\/www.capgemini.com\/ar-es\/wp-json\/wp\/v2\/content-group?post=5522"}],"curies":[{"name":"wp","href":"https:\/\/api.w.org\/{rel}","templated":true}]}}