{"id":5450,"date":"2022-02-10T07:36:02","date_gmt":"2022-02-10T07:36:02","guid":{"rendered":"https:\/\/www.capgemini.com\/?page_id=650284"},"modified":"2025-03-28T06:19:00","modified_gmt":"2025-03-28T06:19:00","slug":"biblioteca-de-investigacion","status":"publish","type":"page","link":"https:\/\/www.capgemini.com\/ar-es\/insights\/biblioteca-de-investigacion\/","title":{"rendered":"Biblioteca de investigaci\u00f3n"},"content":{"rendered":"\n<div class=\"wp-block-cg-blocks-hero-picture-card undefined  heroPictureCard\"><div class=\"heroPictureCardBgs\"><picture><source srcset=\"https:\/\/www.capgemini.com\/wp-content\/uploads\/2021\/08\/Capgemini_Research-and-Insights.jpg?w=2880&amp;quality=70 1x, https:\/\/www.capgemini.com\/wp-content\/uploads\/2021\/08\/Capgemini_Research-and-Insights.jpg?w=2880&amp;quality=70 2x\" media=\"(min-width: 1500px)\"\/><source srcset=\"https:\/\/www.capgemini.com\/wp-content\/uploads\/2021\/08\/Capgemini_Research-and-Insights.jpg?w=1440&amp;quality=70 1x, https:\/\/www.capgemini.com\/wp-content\/uploads\/2021\/08\/Capgemini_Research-and-Insights.jpg?w=2880&amp;quality=70 2x\" media=\"(min-width: 992px)\"\/><source srcset=\"https:\/\/www.capgemini.com\/wp-content\/uploads\/2021\/08\/Capgemini_Research-and-Insights.jpg?w=1024&amp;quality=70 1x, https:\/\/www.capgemini.com\/wp-content\/uploads\/2021\/08\/Capgemini_Research-and-Insights.jpg?w=1024&amp;quality=70 2x\" media=\"(min-width: 768px)\"\/><source srcset=\"https:\/\/www.capgemini.com\/wp-content\/uploads\/2021\/08\/Capgemini_Research-and-Insights.jpg?w=768&amp;quality=70 1x, https:\/\/www.capgemini.com\/wp-content\/uploads\/2021\/08\/Capgemini_Research-and-Insights.jpg?w=768&amp;quality=70 2x\" media=\"(min-width: 0)\"\/><img decoding=\"async\" src=\"https:\/\/www.capgemini.com\/wp-content\/uploads\/2021\/08\/Capgemini_Research-and-Insights.jpg\" class=\"desktopImage\" alt=\"\" style=\"object-fit:cover;object-position:50% 50%\" loading=\"eager\"\/><\/picture><picture><source srcset=\"https:\/\/www.capgemini.com\/wp-content\/uploads\/2021\/08\/Capgemini_Research-and-Insights.jpg?w=2880&amp;quality=70 1x, https:\/\/www.capgemini.com\/wp-content\/uploads\/2021\/08\/Capgemini_Research-and-Insights.jpg?w=2880&amp;quality=70 2x\" media=\"(min-width: 1500px)\"\/><source srcset=\"https:\/\/www.capgemini.com\/wp-content\/uploads\/2021\/08\/Capgemini_Research-and-Insights.jpg?w=1440&amp;quality=70 1x, https:\/\/www.capgemini.com\/wp-content\/uploads\/2021\/08\/Capgemini_Research-and-Insights.jpg?w=2880&amp;quality=70 2x\" media=\"(min-width: 992px)\"\/><source srcset=\"https:\/\/www.capgemini.com\/wp-content\/uploads\/2021\/08\/Capgemini_Research-and-Insights.jpg?w=1024&amp;quality=70 1x, https:\/\/www.capgemini.com\/wp-content\/uploads\/2021\/08\/Capgemini_Research-and-Insights.jpg?w=1024&amp;quality=70 2x\" media=\"(min-width: 768px)\"\/><source srcset=\"https:\/\/www.capgemini.com\/wp-content\/uploads\/2021\/08\/Capgemini_Research-and-Insights.jpg?w=768&amp;quality=70 1x, https:\/\/www.capgemini.com\/wp-content\/uploads\/2021\/08\/Capgemini_Research-and-Insights.jpg?w=768&amp;quality=70 2x\" media=\"(min-width: 0)\"\/><img decoding=\"async\" src=\"https:\/\/www.capgemini.com\/wp-content\/uploads\/2021\/08\/Capgemini_Research-and-Insights.jpg\" class=\"mobileImage\" alt=\"\" style=\"object-fit:cover;object-position:50% 50%\" loading=\"eager\"\/><\/picture><\/div><div class=\"heroPictureCardHeaderShape\"><\/div><div class=\"container\"><div class=\"row\"><div class=\"col-md-8 col-lg-6\"><div class=\"heroPictureCardBox\"><div class=\"heroPictureCardBoxTitle\"><h1 data-maxlength=\"144\">Biblioteca de investigaci\u00f3n<\/h1><\/div><\/div><\/div><\/div><\/div><div class=\"small-device\"><div class=\"brandLogoWrapper\"> <\/div><\/div><\/div>\n\n\n\n<section class=\"wp-block-cg-blocks-intro-para undefined section section--intro\"><div class=\"intro-para\"><div class=\"container\"><div class=\"row\"><div class=\"col-12 col-md-11 col-lg-10\"><h2 class=\"intro-para-title\">Investigaci\u00f3n y perspectivas de todo Capgemini, incluyendo informes y notas de investigaci\u00f3n del <a href=\"\/ar-es\/insights\/instituto-de-investigacion-capgemini\/\">Instituto de Investigaci\u00f3n de Capgemini<\/a>.<\/h2><\/div><\/div><\/div><\/div><\/section>\n\n\n<section class=\"section--publications section--insights-content archive-pages\">\n  <div class=\"container\">\n    <div class=\"content-title\">\n      <h2 class=\"archive-heading\">Search library<\/h2>\n    <\/div>\n\n    <div class=\"filters filters--vertical\" data-max=\"10\">\n\n        <div class=\"archive-search\">\n            <form class=\"form--oneliner js-search-form search search-icon\" action=\"\" method=\"get\"  >\n                <div class=\"form-block\">\n                    <input type=\"text\" aria-label=\"Enter search text\" type=\"submit\" name=\"search\" id=\"pr_form_subbmit\" alt=\"Buscar\"\n                           class=\"archive_phrase_search noeffect-input archive-search-input\" placeholder=\"Escribe para buscar...\">\n                    <div class=\"search-icon\"> <\/div>\n                    <button class=\"search-button archive-search-button\">Buscar<\/button>\n                <\/div>\n\n            <\/form>\n        <\/div>\n<!-- filterStart -->\n      <div class=\"filter-container\">\n          <div class=\"filters-selects-label\" tabindex=\"0\" role=\"button\" aria-pressed=\"false\" aria-expanded=\"false\">\n              <span class=\"d-none d-md-inline\">Filtros<\/span>\n              <span class=\"d-inline d-md-none\">Filtrar resultados<\/span>\n          <\/div>\n          \n          <div class=\"filters-selects-list\">\n\n                <!-- filterDropdownIndustryStart -->\n                    <div class=\"filters-selects-box\">\n                      <select aria-label=\"Sector dropdown\" placeholder=\"Sector\" class=\"js-filter js-with-select2\" name=\"industry\" id=\"select_ra_industry\" multiple data-filter-select=\"1\">\n                          <option value=\"aerospace-defense\">Aerospace &amp; defense<\/option><option value=\"automotive\">Automotive<\/option><option value=\"banking\">Banking<\/option><option value=\"banking-capital-markets\">Banking &amp; capital markets<\/option><option value=\"consumer-products\">Consumer products<\/option><option value=\"energy-utilities\">Energy &amp; utilities<\/option><option value=\"energy\">Energy &amp; utilities<\/option><option value=\"healthcare\">Healthcare<\/option><option value=\"high-tech\">High tech<\/option><option value=\"hospitality-travel\">Hospitality &amp; Travel<\/option><option value=\"insurance\">Insurance<\/option><option value=\"intelligent-industry\">Intelligent Industry<\/option><option value=\"life-sciences\">Life sciences<\/option><option value=\"manufacturing\">Manufacturing<\/option><option value=\"media-entertainment\">Media &amp; entertainment<\/option><option value=\"public-sector\">Public sector<\/option><option value=\"retail\">Retail<\/option><option value=\"telecoms\">Telecoms<\/option>\n                      <\/select>\n                    <\/div>\n                <!-- filterDropdownIndustryEnd -->\n\n                <!-- filterDropdownThemeStart -->\n                  <div class=\"filters-selects-box\">\n                      <select aria-label=\"Tema dropdown\" placeholder=\"Tema\" class=\"js-filter js-with-select2\" name=\"theme\" id=\"select_ra_topic\" multiple data-filter-select=\"2\">\n                          <option value=\"5g-and-edge\">5G and Edge<\/option><option value=\"automocion\">Automocion<\/option><option value=\"breakthrough-innovation\">Breakthrough innovation<\/option><option value=\"business-operations\">Business operations<\/option><option value=\"cloud\">Cloud<\/option><option value=\"customer-experience\">Customer experience<\/option><option value=\"customer-first\">Customer first<\/option><option value=\"cybersecurity\">Cybersecurity<\/option><option value=\"data-and-ai\">Data and AI<\/option><option value=\"datos-e-ia\">Datos e IA<\/option><option value=\"digital-core\">Digital core<\/option><option value=\"digital-inclusion\">Digital inclusion<\/option><option value=\"digital-transformation\">Digital transformation<\/option><option value=\"digital-workplace\">Digital workplace<\/option><option value=\"engineering\">Engineering<\/option><option value=\"enterprise-management\">Enterprise management<\/option><option value=\"esg\">ESG<\/option><option value=\"experiencia-del-cliente\">Experiencia del cliente<\/option><option value=\"financial-services\">Financial services<\/option><option value=\"gestion-de-empresas\">Gesti\u00f3n de empresas<\/option><option value=\"healthcare\">Healthcare<\/option><option value=\"industria-inteligente\">Industria inteligente<\/option><option value=\"innovacion\">Innovaci\u00f3n<\/option><option value=\"innovation\">Innovation<\/option><option value=\"intelligent-industry\">Intelligent industry<\/option><option value=\"mobility\">Mobility<\/option><option value=\"nube\">Nube<\/option><option value=\"public-sector\">Public sector<\/option><option value=\"quality-testing\">Quality &amp; testing<\/option><option value=\"reinventing-work\">Reinventing work<\/option><option value=\"sector-publico\">Sector publico<\/option><option value=\"smart-cities\">Smart cities<\/option><option value=\"supply-chain\">Supply chain<\/option><option value=\"sustainability\">Sustainability<\/option><option value=\"talent-and-people\">Talent and people<\/option><option value=\"talento-y-personas\">Talento y personas<\/option><option value=\"telco\">Telco<\/option><option value=\"wemo\">WEMO<\/option>\n                      <\/select>\n                  <\/div>\n                <!-- filterDropdownThemeEnd -->\n\n              <!-- filterDropdownTypeStart -->\n              <div class=\"filters-selects-box\">\n                  <select aria-label=\"Escribir dropdown\" placeholder=\"Escribir\" class=\"js-filter js-with-select2\" name=\"research-and-insight-type\" id=\"select_ra_type\" multiple data-filter-select=\"0\">\n                      <option value=\"analyst-view-point\">Analyst view point<\/option><option value=\"capgemini-research-institute\">Capgemini Research Institute<\/option><option value=\"conversations-for-tomorrow\">Conversations for tomorrow<\/option><option value=\"cri-report\">CRI report<\/option><option value=\"cri-research-note\">CRI research note<\/option><option value=\"financial-services-reports\">Financial Services reports<\/option><option value=\"innovation-nation\">Innovation nation<\/option><option value=\"podcast-episode\">Podcast episode<\/option><option value=\"podcast-series\">Podcast series<\/option><option value=\"point-of-view\">Point of view<\/option><option value=\"report\">Report<\/option><option value=\"research-brief\">Research brief<\/option><option value=\"solution\">Solution<\/option><option value=\"webinar\">Webinar<\/option>\n                  <\/select>\n              <\/div>\n              <!-- filterDropdownTypeEnd -->\n        \n             \n              <!-- filterDropdownYearStart --><!-- filterDropdownYearEnd -->\n\n                <!-- filterDropdownContentGroupStart --><!-- filterDropdownContentGroupEnd -->\n          <\/div>\n\n          <div class=\"filters-tags-wrapper\">\n              <div class=\"filters-tags-list\"><\/div>\n              <button class=\"filters-clear\">Borrar todo<\/button>\n          <\/div>\n      <\/div>\n<!-- filterEnd -->\n      <!-- Single Research & Insight Template -->\n      <script id=\"search_result_item_template\" type=\"text\/template\">\n        <div class=\"box box--event filter-box\">\n\n          {{ featuredimagewithanchor }}\n          <div class=\"box-inner\">\n            <span class=\"box-tag\">{{ theme }}<\/span>\n            <a class=\"box-title\" href=\"{{ url }}\"><h3 class=\"archive-blogs-subtitle\">{{ title }}<\/h3><\/a>\n            <a class=\"box-author link-author\" href=\"{{ authorurl }}\">\n              <div class=\"box-author-img\">\n                {{ authorimage }}\n              <\/div>\n              <div class=\"box-author-inner\">\n                <span class=\"box-author-name\">  {{ authorname }}<\/span>\n                <span class=\"box-date\"><span>{{ date }}<\/span><\/span>\n              <\/div>\n            <\/a>\n          <\/div>\n          <div class=\"box-right\">\n            <a href=\"{{ url }}\" class=\"cta-link\" aria-label=\"Read More about {{ title }}\">Leer m\u00e1s<\/a>\n            <a href=\"{{ fileurl }}\" class=\"link-download\">\n              <span>{{ filesize }}<\/span>\n              <span>{{ filetype }}<\/span>\n            <\/a>\n            {{ brandimg }}\n             {{ brandimgwhite }}\n          <\/div>\n        <\/div>\n      <\/script>\n\n      <div class=\"filters-content filters-content-archive\" data-type=\"research-and-insight\">\n      <\/div>\n\n      <h3 class=\"js-no-results\">No tenemos resultados para tu b\u00fasqueda<\/h3>\n\n      <div class=\"filters-bottom\">\n        <a class=\"filters-more\" href=\"#\" id=\"ra_filters_more\">Mostrar 10 informes m\u00e1s<\/a>\n      <\/div>\n\n    <\/div>\n  <\/div>\n<\/section>\n\n","protected":false},"excerpt":{"rendered":"","protected":false},"author":76,"featured_media":0,"parent":5834,"menu_order":4,"comment_status":"closed","ping_status":"closed","template":"","meta":{"cg_dt_proposed_to":[0],"cg_seo_hreflang_relations":"[]","cg_seo_canonical_relation":"","cg_seo_hreflang_x_default_relation":"{\"uuid\":\"c398cdd9-cfde-4464-9d3d-456524d432ce\",\"blogId\":\"\",\"domain\":\"\",\"sitePath\":\"\",\"postLink\":\"\",\"postId\":null,\"isSaved\":false,\"isCrossLink\":false,\"hasCrossLink\":false}","cg_dt_approved_content":false,"cg_dt_mandatory_content":false,"cg_dt_notes":"","cg_dg_source_changed":false,"cg_dt_link_disabled":false,"_yoast_wpseo_primary_brand":"","footnotes":"","featured_focal_points":"","partner_card_description":"","gsap_animation":0},"brand":[],"partner_type":[],"service":[],"industry":[],"partners":[],"page-type":[],"content-group":[],"class_list":["post-5450","page","type-page","status-publish","hentry"],"yoast_head":"<!-- This site is optimized with the Yoast SEO Premium plugin v22.8 (Yoast SEO v22.8) - https:\/\/yoast.com\/wordpress\/plugins\/seo\/ -->\n<title>Biblioteca de investigaci\u00f3n - Capgemini<\/title>\n<meta name=\"description\" content=\"Descubre nuestros informes y notas de investigaci\u00f3n del Instituto de Investigaci\u00f3n de Capgemini.\" \/>\n<meta name=\"robots\" content=\"index, follow, max-snippet:-1, max-image-preview:large, max-video-preview:-1\" \/>\n<link rel=\"canonical\" href=\"https:\/\/www.capgemini.com\/ar-es\/insights\/biblioteca-de-investigacion\/\" \/>\n<meta property=\"og:locale\" content=\"es_MX\" \/>\n<meta property=\"og:type\" content=\"article\" \/>\n<meta property=\"og:title\" content=\"Biblioteca de investigaci\u00f3n\" \/>\n<meta property=\"og:description\" content=\"Descubre nuestros informes y notas de investigaci\u00f3n del Instituto de Investigaci\u00f3n de Capgemini.\" \/>\n<meta property=\"og:url\" content=\"https:\/\/www.capgemini.com\/ar-es\/insights\/biblioteca-de-investigacion\/\" \/>\n<meta property=\"og:site_name\" content=\"Capgemini Argentina\" \/>\n<meta property=\"article:modified_time\" content=\"2025-03-28T06:19:00+00:00\" \/>\n<meta property=\"og:image\" content=\"https:\/\/www.capgemini.com\/wp-content\/uploads\/2021\/08\/Capgemini_Research-and-Insights.jpg\" \/>\n<meta name=\"twitter:card\" content=\"summary_large_image\" \/>\n<meta name=\"twitter:label1\" content=\"Est. reading time\" \/>\n\t<meta name=\"twitter:data1\" content=\"1 minute\" \/>\n<script type=\"application\/ld+json\" class=\"yoast-schema-graph\">{\"@context\":\"https:\/\/schema.org\",\"@graph\":[{\"@type\":\"WebPage\",\"@id\":\"https:\/\/www.capgemini.com\/ar-es\/insights\/biblioteca-de-investigacion\/\",\"url\":\"https:\/\/www.capgemini.com\/ar-es\/insights\/biblioteca-de-investigacion\/\",\"name\":\"Biblioteca de investigaci\u00f3n - Capgemini\",\"isPartOf\":{\"@id\":\"https:\/\/www.capgemini.com\/ar-es\/#website\"},\"primaryImageOfPage\":{\"@id\":\"https:\/\/www.capgemini.com\/ar-es\/insights\/biblioteca-de-investigacion\/#primaryimage\"},\"image\":{\"@id\":\"https:\/\/www.capgemini.com\/ar-es\/insights\/biblioteca-de-investigacion\/#primaryimage\"},\"thumbnailUrl\":\"https:\/\/www.capgemini.com\/wp-content\/uploads\/2021\/08\/Capgemini_Research-and-Insights.jpg\",\"datePublished\":\"2022-02-10T07:36:02+00:00\",\"dateModified\":\"2025-03-28T06:19:00+00:00\",\"description\":\"Descubre nuestros informes y notas de investigaci\u00f3n del Instituto de Investigaci\u00f3n de Capgemini.\",\"breadcrumb\":{\"@id\":\"https:\/\/www.capgemini.com\/ar-es\/insights\/biblioteca-de-investigacion\/#breadcrumb\"},\"inLanguage\":\"es-MX\",\"potentialAction\":[{\"@type\":\"ReadAction\",\"target\":[\"https:\/\/www.capgemini.com\/ar-es\/insights\/biblioteca-de-investigacion\/\"]}]},{\"@type\":\"ImageObject\",\"inLanguage\":\"es-MX\",\"@id\":\"https:\/\/www.capgemini.com\/ar-es\/insights\/biblioteca-de-investigacion\/#primaryimage\",\"url\":\"https:\/\/www.capgemini.com\/wp-content\/uploads\/2021\/08\/Capgemini_Research-and-Insights.jpg\",\"contentUrl\":\"https:\/\/www.capgemini.com\/wp-content\/uploads\/2021\/08\/Capgemini_Research-and-Insights.jpg\"},{\"@type\":\"BreadcrumbList\",\"@id\":\"https:\/\/www.capgemini.com\/ar-es\/insights\/biblioteca-de-investigacion\/#breadcrumb\",\"itemListElement\":[{\"@type\":\"ListItem\",\"position\":1,\"name\":\"Home\",\"item\":\"https:\/\/www.capgemini.com\/ar-es\/\"},{\"@type\":\"ListItem\",\"position\":2,\"name\":\"Investigaci\u00f3n\",\"item\":\"https:\/\/www.capgemini.com\/ar-es\/insights\/\"},{\"@type\":\"ListItem\",\"position\":3,\"name\":\"Biblioteca de investigaci\u00f3n\"}]},{\"@type\":\"WebSite\",\"@id\":\"https:\/\/www.capgemini.com\/ar-es\/#website\",\"url\":\"https:\/\/www.capgemini.com\/ar-es\/\",\"name\":\"Capgemini Argentina\",\"description\":\"Capgemini\",\"potentialAction\":[{\"@type\":\"SearchAction\",\"target\":{\"@type\":\"EntryPoint\",\"urlTemplate\":\"https:\/\/www.capgemini.com\/ar-es\/?s={search_term_string}\"},\"query-input\":\"required name=search_term_string\"}],\"inLanguage\":\"es-MX\"}]}<\/script>\n<!-- \/ Yoast SEO Premium plugin. -->","yoast_head_json":{"title":"Biblioteca de investigaci\u00f3n - Capgemini","description":"Descubre nuestros informes y notas de investigaci\u00f3n del Instituto de Investigaci\u00f3n de Capgemini.","robots":{"index":"index","follow":"follow","max-snippet":"max-snippet:-1","max-image-preview":"max-image-preview:large","max-video-preview":"max-video-preview:-1"},"canonical":"https:\/\/www.capgemini.com\/ar-es\/insights\/biblioteca-de-investigacion\/","og_locale":"es_MX","og_type":"article","og_title":"Biblioteca de investigaci\u00f3n","og_description":"Descubre nuestros informes y notas de investigaci\u00f3n del Instituto de Investigaci\u00f3n de Capgemini.","og_url":"https:\/\/www.capgemini.com\/ar-es\/insights\/biblioteca-de-investigacion\/","og_site_name":"Capgemini Argentina","article_modified_time":"2025-03-28T06:19:00+00:00","og_image":[{"url":"https:\/\/www.capgemini.com\/wp-content\/uploads\/2021\/08\/Capgemini_Research-and-Insights.jpg"}],"twitter_card":"summary_large_image","twitter_misc":{"Est. reading time":"1 minute"},"schema":{"@context":"https:\/\/schema.org","@graph":[{"@type":"WebPage","@id":"https:\/\/www.capgemini.com\/ar-es\/insights\/biblioteca-de-investigacion\/","url":"https:\/\/www.capgemini.com\/ar-es\/insights\/biblioteca-de-investigacion\/","name":"Biblioteca de investigaci\u00f3n - Capgemini","isPartOf":{"@id":"https:\/\/www.capgemini.com\/ar-es\/#website"},"primaryImageOfPage":{"@id":"https:\/\/www.capgemini.com\/ar-es\/insights\/biblioteca-de-investigacion\/#primaryimage"},"image":{"@id":"https:\/\/www.capgemini.com\/ar-es\/insights\/biblioteca-de-investigacion\/#primaryimage"},"thumbnailUrl":"https:\/\/www.capgemini.com\/wp-content\/uploads\/2021\/08\/Capgemini_Research-and-Insights.jpg","datePublished":"2022-02-10T07:36:02+00:00","dateModified":"2025-03-28T06:19:00+00:00","description":"Descubre nuestros informes y notas de investigaci\u00f3n del Instituto de Investigaci\u00f3n de Capgemini.","breadcrumb":{"@id":"https:\/\/www.capgemini.com\/ar-es\/insights\/biblioteca-de-investigacion\/#breadcrumb"},"inLanguage":"es-MX","potentialAction":[{"@type":"ReadAction","target":["https:\/\/www.capgemini.com\/ar-es\/insights\/biblioteca-de-investigacion\/"]}]},{"@type":"ImageObject","inLanguage":"es-MX","@id":"https:\/\/www.capgemini.com\/ar-es\/insights\/biblioteca-de-investigacion\/#primaryimage","url":"https:\/\/www.capgemini.com\/wp-content\/uploads\/2021\/08\/Capgemini_Research-and-Insights.jpg","contentUrl":"https:\/\/www.capgemini.com\/wp-content\/uploads\/2021\/08\/Capgemini_Research-and-Insights.jpg"},{"@type":"BreadcrumbList","@id":"https:\/\/www.capgemini.com\/ar-es\/insights\/biblioteca-de-investigacion\/#breadcrumb","itemListElement":[{"@type":"ListItem","position":1,"name":"Home","item":"https:\/\/www.capgemini.com\/ar-es\/"},{"@type":"ListItem","position":2,"name":"Investigaci\u00f3n","item":"https:\/\/www.capgemini.com\/ar-es\/insights\/"},{"@type":"ListItem","position":3,"name":"Biblioteca de investigaci\u00f3n"}]},{"@type":"WebSite","@id":"https:\/\/www.capgemini.com\/ar-es\/#website","url":"https:\/\/www.capgemini.com\/ar-es\/","name":"Capgemini Argentina","description":"Capgemini","potentialAction":[{"@type":"SearchAction","target":{"@type":"EntryPoint","urlTemplate":"https:\/\/www.capgemini.com\/ar-es\/?s={search_term_string}"},"query-input":"required name=search_term_string"}],"inLanguage":"es-MX"}]}},"brand_term":[],"parsely":{"version":"1.1.0","canonical_url":"https:\/\/capgemini.com\/ar-es\/insights\/biblioteca-de-investigacion\/","smart_links":{"inbound":0,"outbound":0},"traffic_boost_suggestions_count":0,"meta":{"@context":"https:\/\/schema.org","@type":"WebPage","headline":"Biblioteca de investigaci\u00f3n","url":"https:\/\/www.capgemini.com\/ar-es\/insights\/biblioteca-de-investigacion\/","mainEntityOfPage":{"@type":"WebPage","@id":"https:\/\/www.capgemini.com\/ar-es\/insights\/biblioteca-de-investigacion\/"},"thumbnailUrl":"","image":{"@type":"ImageObject","url":""},"articleSection":"Uncategorized","author":[],"creator":[],"publisher":{"@type":"Organization","name":"Capgemini Argentina","logo":""},"keywords":[],"dateCreated":"2022-02-10T07:36:02Z","datePublished":"2022-02-10T07:36:02Z","dateModified":"2025-03-28T06:19:00Z"},"rendered":"<meta name=\"parsely-title\" content=\"Biblioteca de investigaci\u00f3n\" \/>\n<meta name=\"parsely-link\" content=\"https:\/\/www.capgemini.com\/ar-es\/insights\/biblioteca-de-investigacion\/\" \/>\n<meta name=\"parsely-type\" content=\"index\" \/>\n<meta name=\"parsely-pub-date\" content=\"2022-02-10T07:36:02Z\" \/>\n<meta name=\"parsely-section\" content=\"Uncategorized\" \/>","tracker_url":"https:\/\/cdn.parsely.com\/keys\/capgemini.com\/p.js"},"archive_status":false,"featured_image_src":"https:\/\/www.capgemini.com\/ar-es\/wp-content\/themes\/capgemini2025\/assets\/images\/mockup.png","featured_image_alt":false,"jetpack_sharing_enabled":true,"distributor_meta":false,"distributor_terms":false,"distributor_media":false,"distributor_original_site_name":"Capgemini Argentina","distributor_original_site_url":"https:\/\/www.capgemini.com\/ar-es","push-errors":false,"_links":{"self":[{"href":"https:\/\/www.capgemini.com\/ar-es\/wp-json\/wp\/v2\/pages\/5450","targetHints":{"allow":["GET"]}}],"collection":[{"href":"https:\/\/www.capgemini.com\/ar-es\/wp-json\/wp\/v2\/pages"}],"about":[{"href":"https:\/\/www.capgemini.com\/ar-es\/wp-json\/wp\/v2\/types\/page"}],"author":[{"embeddable":true,"href":"https:\/\/www.capgemini.com\/ar-es\/wp-json\/wp\/v2\/users\/76"}],"replies":[{"embeddable":true,"href":"https:\/\/www.capgemini.com\/ar-es\/wp-json\/wp\/v2\/comments?post=5450"}],"version-history":[{"count":6,"href":"https:\/\/www.capgemini.com\/ar-es\/wp-json\/wp\/v2\/pages\/5450\/revisions"}],"predecessor-version":[{"id":515999,"href":"https:\/\/www.capgemini.com\/ar-es\/wp-json\/wp\/v2\/pages\/5450\/revisions\/515999"}],"up":[{"embeddable":true,"href":"https:\/\/www.capgemini.com\/ar-es\/wp-json\/wp\/v2\/pages\/5834"}],"wp:attachment":[{"href":"https:\/\/www.capgemini.com\/ar-es\/wp-json\/wp\/v2\/media?parent=5450"}],"wp:term":[{"taxonomy":"brand","embeddable":true,"href":"https:\/\/www.capgemini.com\/ar-es\/wp-json\/wp\/v2\/brand?post=5450"},{"taxonomy":"partner_type","embeddable":true,"href":"https:\/\/www.capgemini.com\/ar-es\/wp-json\/wp\/v2\/partner_type?post=5450"},{"taxonomy":"service","embeddable":true,"href":"https:\/\/www.capgemini.com\/ar-es\/wp-json\/wp\/v2\/service?post=5450"},{"taxonomy":"industry","embeddable":true,"href":"https:\/\/www.capgemini.com\/ar-es\/wp-json\/wp\/v2\/industry?post=5450"},{"taxonomy":"partners","embeddable":true,"href":"https:\/\/www.capgemini.com\/ar-es\/wp-json\/wp\/v2\/partners?post=5450"},{"taxonomy":"page-type","embeddable":true,"href":"https:\/\/www.capgemini.com\/ar-es\/wp-json\/wp\/v2\/page-type?post=5450"},{"taxonomy":"content-group","embeddable":true,"href":"https:\/\/www.capgemini.com\/ar-es\/wp-json\/wp\/v2\/content-group?post=5450"}],"curies":[{"name":"wp","href":"https:\/\/api.w.org\/{rel}","templated":true}]}}